{"id":56729,"date":"2022-04-28T11:26:42","date_gmt":"2022-04-28T11:26:42","guid":{"rendered":"https:\/\/www.accuratereviews.com\/?page_id=56729"},"modified":"2022-04-28T11:26:42","modified_gmt":"2022-04-28T11:26:42","slug":"staffschedulecare-recensione","status":"publish","type":"page","link":"https:\/\/www.accuratereviews.com\/it\/software-assistenza-persone\/staffschedulecare-recensione\/","title":{"rendered":"StaffScheduleCare"},"content":{"rendered":"<p class=\"h3 mb-1\"><strong>StaffScheduleCare<\/strong>\u00a0\u00e8 un <strong>software per assistenza alle persone<\/strong>, una soluzione di gestione della forza lavoro on-demand completamente integrata che si rivolge a strutture e a residenze di cura per anziani. Grazie alle sue funzionalit\u00e0 di programmazione, gestione del capitale umano, monitoraggio delle presenze e al servizio self-service per i dipendenti, questa piattaforma online ti permetter\u00e0 di risparmiare molto tempo.<br \/>\nL&#8217;approccio &#8220;customer led&#8221; di <strong>StaffScheduleCare<\/strong> \u00e8 improntato sulla progettazione e sullo sviluppo della migliore tecnologia di servizio e il miglior supporto clienti per offrire una soluzione di assistenza unica.<\/p>\n<h2>STAFFSCHEDULECARE &#8211; TUTORIAL<\/h2>\n<div id=\"fluid-wrapper-counter-1\" class=\"g1-fluid-wrapper \" style=\"width:686px;\">\n<div style=\"padding-bottom:56.268221574344%;\"><iframe loading=\"lazy\" title=\"StaffScheduleCare Enhanced Mobile App Basics\" width=\"686\" height=\"386\" src=\"https:\/\/www.youtube.com\/embed\/zxsE1CJbfDw?feature=oembed&amp;wmode=transparent&amp;autohide=1&amp;autoplay=0&amp;disablekb=0&amp;fs=1&amp;loop=0&amp;enablejsapi=1&amp;rel=0&amp;controls=2&amp;showinfo=0&amp;wmode=transparent&amp;autohide=2&amp;autoplay=0&amp;disablekb=0&amp;fs=1&amp;loop=0&amp;enablejsapi=1&amp;rel=0&amp;controls=2&amp;showinfo=1\" frameborder=\"0\" allow=\"accelerometer; autoplay; clipboard-write; encrypted-media; gyroscope; picture-in-picture\" allowfullscreen><\/iframe><\/div>\n<\/div>\n<h3>STAFFSCHEDULECARE &#8211; CARATTERISTICHE<\/h3>\n<ul>\n<li><strong>Programmazione<\/strong>: assicurati che la conformit\u00e0 sindacale sia rispettata con la creazione del calendario e la manutenzione giornaliera. Evita le lamentele con le chiamate automatiche, la messaggistica di massa e le liste di chiamata guidata<\/li>\n<li><strong>Tempo e presenze<\/strong>: calcola le ore pagate e non pagate che includono i premi di turno, (fine settimana\/in carica), il monitoraggio degli straordinari, l&#8217;anzianit\u00e0 del personale, le progressioni salariali e il monitoraggio dell&#8217;analisi delle presenze per l&#8217;assenteismo<\/li>\n<li><strong>Paghe canadesi<\/strong>: riduci il tempo e i costi associati alle buste paga. Ci assicuriamo che i tuoi dipendenti siano pagati con deposito diretto, il personale pu\u00f2 controllare le buste paga, ROE, T4 tutto online. Inoltre, paga le tue rimesse CRA attraverso SSC Payroll<\/li>\n<li><strong>Servizio self-service per i dipendenti<\/strong>: il personale pu\u00f2 controllare gli orari, i cartellini, i memo delle strutture, i saldi delle banche del tempo, cos\u00ec come richiedere tempo libero, richiedere uno scambio di turni o cambiare le loro preferenze di disponibilit\u00e0<\/li>\n<li><strong>Gestione del capitale umano<\/strong>: assicurati che le informazioni siano aggiornate. HCM include l&#8217;aiuto alla gestione del processo di onboarding, l&#8217;impostazione delle progressioni salariali e il monitoraggio delle banche del tempo. I manager avranno anche la possibilit\u00e0 di eseguire valutazioni delle prestazioni, monitorare la disciplina dei dipendenti, le licenze, le competenze e molto altro ancora.<\/li>\n<\/ul>\n<h4>LE RECENSIONI DEGLI UTENTI<\/h4>\n<p><strong>Dana D. &#8220;StaffScheduleCare \u00e8 un ottimo software completo&#8221;.<\/strong><br \/>\nCOMMENTI: non ho mai avuto alcun problema che SSC non sia stato in grado di risolvere rapidamente o mostrarmi l&#8217;errore<br \/>\nPRO: \u00e8 stato cos\u00ec facile da configurare e utilizzare. Quando hai un problema, il supporto clienti \u00e8 il migliore! Nessun&#8217;altra assistenza clienti che ho usato \u00e8 cos\u00ec veloce e disponibile. Sono sempre gentili e compassionevoli.<br \/>\nCONTRO: non ho avuto alcun problema con il software Rev5, ma ho appena iniziato ad usarlo.<\/p>\n<p><strong>Alfredo N. &#8220;Un buon sistema!&#8221;<\/strong><br \/>\nPRO: facile da usare per l&#8217;uso di pianificazione e l&#8217;inserimento di persone<br \/>\nCONTRO: generazione di report e passaggio da una cosa all&#8217;altra, non si possono aprire pi\u00f9 finestre alla volta<\/p>\n<p><strong>Paula B. &#8220;Utente moderato&#8221;<\/strong><br \/>\nCOMMENTI: buono, per la pianificazione, problemi a volte con l&#8217;ottenimento di cose da stampare, ad esempio i programmi principali per gli individui a volte un problema.<br \/>\nPRO: integrazione, non so&#8230; facile per la pianificazione, ma non per i report, la procedura guidata \u00e8 grande.<br \/>\nCONTRO: i report possono essere confusionari, cos\u00ec tante cose da &#8220;cliccare&#8221; per ottenere ci\u00f2 di cui si ha bisogno.<\/p>\n","protected":false},"excerpt":{"rendered":"<p>StaffScheduleCare\u00a0\u00e8 un software per assistenza alle persone, una soluzione di gestione della forza lavoro on-demand completamente integrata che si rivolge a strutture e a residenze di cura per anziani. Grazie alle sue funzionalit\u00e0 di programmazione, gestione del capitale umano, monitoraggio delle presenze e al servizio self-service per i dipendenti, questa piattaforma online ti permetter\u00e0 di risparmiare molto tempo.<\/p>\n","protected":false},"author":17,"featured_media":56730,"parent":56447,"menu_order":0,"comment_status":"open","ping_status":"closed","template":"g1_template_page_review_new.php","meta":{"_acf_changed":false,"cwp_meta_box_check":"No","cwp_rev_product_name":"","cwp_rev_product_image":"","wppr_links":[],"cwp_rev_price":"","wppr_options":[],"wppr_pros":[],"wppr_cons":[],"_monsterinsights_skip_tracking":false,"_monsterinsights_sitenote_active":false,"_monsterinsights_sitenote_note":"","_monsterinsights_sitenote_category":0,"footnotes":""},"categories":[12456],"tags":[12475,12478,12479,12494,12461],"features":[],"class_list":{"0":"post-56729","1":"page","2":"type-page","3":"status-publish","4":"has-post-thumbnail","6":"category-software-assistenza-persone-cat","7":"tag-assistenza-alla-persona","8":"tag-piattaforma-assistenza-alla-persona","9":"tag-programma-assistenza-alla-persona","10":"tag-software-assistenza-alle-persone","11":"tag-soluzione-per-assistenza-alle-persone"},"wppr_data":{"cwp_meta_box_check":"No"},"acf":[],"yoast_head":"<!-- This site is optimized with the Yoast SEO plugin v27.4 - https:\/\/yoast.com\/product\/yoast-seo-wordpress\/ -->\n<title>StaffScheduleCare: recensione software assistenza persone<\/title>\n<meta name=\"description\" content=\"StaffScheduleCare: recensione del software per assistenza alle persone, una soluzione di gestione della forza lavoro on-demand.\" \/>\n<meta name=\"robots\" content=\"index, follow, max-snippet:-1, max-image-preview:large, max-video-preview:-1\" \/>\n<link rel=\"canonical\" href=\"https:\/\/www.accuratereviews.com\/it\/software-assistenza-persone\/staffschedulecare-recensione\/\" \/>\n<meta property=\"og:locale\" content=\"it_IT\" \/>\n<meta property=\"og:type\" content=\"article\" \/>\n<meta property=\"og:title\" content=\"StaffScheduleCare: recensione software assistenza persone\" \/>\n<meta property=\"og:description\" content=\"StaffScheduleCare: recensione del software per assistenza alle persone, una soluzione di gestione della forza lavoro on-demand.\" \/>\n<meta property=\"og:url\" content=\"https:\/\/www.accuratereviews.com\/it\/software-assistenza-persone\/staffschedulecare-recensione\/\" \/>\n<meta property=\"og:site_name\" content=\"Accurate Reviews\" \/>\n<meta property=\"og:image\" content=\"https:\/\/www.accuratereviews.com\/wp-content\/uploads\/2022\/04\/staffschedulecare.png\" \/>\n\t<meta property=\"og:image:width\" content=\"600\" \/>\n\t<meta property=\"og:image:height\" content=\"315\" \/>\n\t<meta property=\"og:image:type\" content=\"image\/png\" \/>\n<meta name=\"twitter:card\" content=\"summary_large_image\" \/>\n<meta name=\"twitter:label1\" content=\"Tempo di lettura stimato\" \/>\n\t<meta name=\"twitter:data1\" content=\"3 minuti\" \/>\n<script type=\"application\/ld+json\" class=\"yoast-schema-graph\">{\"@context\":\"https:\\\/\\\/schema.org\",\"@graph\":[{\"@type\":\"WebPage\",\"@id\":\"https:\\\/\\\/www.accuratereviews.com\\\/it\\\/software-assistenza-persone\\\/staffschedulecare-recensione\\\/\",\"url\":\"https:\\\/\\\/www.accuratereviews.com\\\/it\\\/software-assistenza-persone\\\/staffschedulecare-recensione\\\/\",\"name\":\"StaffScheduleCare: recensione software assistenza persone\",\"isPartOf\":{\"@id\":\"https:\\\/\\\/www.accuratereviews.com\\\/it\\\/#website\"},\"primaryImageOfPage\":{\"@id\":\"https:\\\/\\\/www.accuratereviews.com\\\/it\\\/software-assistenza-persone\\\/staffschedulecare-recensione\\\/#primaryimage\"},\"image\":{\"@id\":\"https:\\\/\\\/www.accuratereviews.com\\\/it\\\/software-assistenza-persone\\\/staffschedulecare-recensione\\\/#primaryimage\"},\"thumbnailUrl\":\"https:\\\/\\\/www.accuratereviews.com\\\/wp-content\\\/uploads\\\/2022\\\/04\\\/staffschedulecare.png\",\"datePublished\":\"2022-04-28T11:26:42+00:00\",\"description\":\"StaffScheduleCare: recensione del software per assistenza alle persone, una soluzione di gestione della forza lavoro on-demand.\",\"breadcrumb\":{\"@id\":\"https:\\\/\\\/www.accuratereviews.com\\\/it\\\/software-assistenza-persone\\\/staffschedulecare-recensione\\\/#breadcrumb\"},\"inLanguage\":\"it-IT\",\"potentialAction\":[{\"@type\":\"ReadAction\",\"target\":[\"https:\\\/\\\/www.accuratereviews.com\\\/it\\\/software-assistenza-persone\\\/staffschedulecare-recensione\\\/\"]}]},{\"@type\":\"ImageObject\",\"inLanguage\":\"it-IT\",\"@id\":\"https:\\\/\\\/www.accuratereviews.com\\\/it\\\/software-assistenza-persone\\\/staffschedulecare-recensione\\\/#primaryimage\",\"url\":\"https:\\\/\\\/www.accuratereviews.com\\\/wp-content\\\/uploads\\\/2022\\\/04\\\/staffschedulecare.png\",\"contentUrl\":\"https:\\\/\\\/www.accuratereviews.com\\\/wp-content\\\/uploads\\\/2022\\\/04\\\/staffschedulecare.png\",\"width\":600,\"height\":315},{\"@type\":\"BreadcrumbList\",\"@id\":\"https:\\\/\\\/www.accuratereviews.com\\\/it\\\/software-assistenza-persone\\\/staffschedulecare-recensione\\\/#breadcrumb\",\"itemListElement\":[{\"@type\":\"ListItem\",\"position\":1,\"name\":\"Home\",\"item\":\"https:\\\/\\\/www.accuratereviews.com\\\/it\\\/\"},{\"@type\":\"ListItem\",\"position\":2,\"name\":\"Software per assistenza alle persone\",\"item\":\"https:\\\/\\\/www.accuratereviews.com\\\/it\\\/software-assistenza-persone\\\/\"},{\"@type\":\"ListItem\",\"position\":3,\"name\":\"StaffScheduleCare\"}]},{\"@type\":\"WebSite\",\"@id\":\"https:\\\/\\\/www.accuratereviews.com\\\/it\\\/#website\",\"url\":\"https:\\\/\\\/www.accuratereviews.com\\\/it\\\/\",\"name\":\"Accurate Reviews\",\"description\":\"\",\"potentialAction\":[{\"@type\":\"SearchAction\",\"target\":{\"@type\":\"EntryPoint\",\"urlTemplate\":\"https:\\\/\\\/www.accuratereviews.com\\\/it\\\/?s={search_term_string}\"},\"query-input\":{\"@type\":\"PropertyValueSpecification\",\"valueRequired\":true,\"valueName\":\"search_term_string\"}}],\"inLanguage\":\"it-IT\"}]}<\/script>\n<!-- \/ Yoast SEO plugin. -->","yoast_head_json":{"title":"StaffScheduleCare: recensione software assistenza persone","description":"StaffScheduleCare: recensione del software per assistenza alle persone, una soluzione di gestione della forza lavoro on-demand.","robots":{"index":"index","follow":"follow","max-snippet":"max-snippet:-1","max-image-preview":"max-image-preview:large","max-video-preview":"max-video-preview:-1"},"canonical":"https:\/\/www.accuratereviews.com\/it\/software-assistenza-persone\/staffschedulecare-recensione\/","og_locale":"it_IT","og_type":"article","og_title":"StaffScheduleCare: recensione software assistenza persone","og_description":"StaffScheduleCare: recensione del software per assistenza alle persone, una soluzione di gestione della forza lavoro on-demand.","og_url":"https:\/\/www.accuratereviews.com\/it\/software-assistenza-persone\/staffschedulecare-recensione\/","og_site_name":"Accurate Reviews","og_image":[{"width":600,"height":315,"url":"https:\/\/www.accuratereviews.com\/wp-content\/uploads\/2022\/04\/staffschedulecare.png","type":"image\/png"}],"twitter_card":"summary_large_image","twitter_misc":{"Tempo di lettura stimato":"3 minuti"},"schema":{"@context":"https:\/\/schema.org","@graph":[{"@type":"WebPage","@id":"https:\/\/www.accuratereviews.com\/it\/software-assistenza-persone\/staffschedulecare-recensione\/","url":"https:\/\/www.accuratereviews.com\/it\/software-assistenza-persone\/staffschedulecare-recensione\/","name":"StaffScheduleCare: recensione software assistenza persone","isPartOf":{"@id":"https:\/\/www.accuratereviews.com\/it\/#website"},"primaryImageOfPage":{"@id":"https:\/\/www.accuratereviews.com\/it\/software-assistenza-persone\/staffschedulecare-recensione\/#primaryimage"},"image":{"@id":"https:\/\/www.accuratereviews.com\/it\/software-assistenza-persone\/staffschedulecare-recensione\/#primaryimage"},"thumbnailUrl":"https:\/\/www.accuratereviews.com\/wp-content\/uploads\/2022\/04\/staffschedulecare.png","datePublished":"2022-04-28T11:26:42+00:00","description":"StaffScheduleCare: recensione del software per assistenza alle persone, una soluzione di gestione della forza lavoro on-demand.","breadcrumb":{"@id":"https:\/\/www.accuratereviews.com\/it\/software-assistenza-persone\/staffschedulecare-recensione\/#breadcrumb"},"inLanguage":"it-IT","potentialAction":[{"@type":"ReadAction","target":["https:\/\/www.accuratereviews.com\/it\/software-assistenza-persone\/staffschedulecare-recensione\/"]}]},{"@type":"ImageObject","inLanguage":"it-IT","@id":"https:\/\/www.accuratereviews.com\/it\/software-assistenza-persone\/staffschedulecare-recensione\/#primaryimage","url":"https:\/\/www.accuratereviews.com\/wp-content\/uploads\/2022\/04\/staffschedulecare.png","contentUrl":"https:\/\/www.accuratereviews.com\/wp-content\/uploads\/2022\/04\/staffschedulecare.png","width":600,"height":315},{"@type":"BreadcrumbList","@id":"https:\/\/www.accuratereviews.com\/it\/software-assistenza-persone\/staffschedulecare-recensione\/#breadcrumb","itemListElement":[{"@type":"ListItem","position":1,"name":"Home","item":"https:\/\/www.accuratereviews.com\/it\/"},{"@type":"ListItem","position":2,"name":"Software per assistenza alle persone","item":"https:\/\/www.accuratereviews.com\/it\/software-assistenza-persone\/"},{"@type":"ListItem","position":3,"name":"StaffScheduleCare"}]},{"@type":"WebSite","@id":"https:\/\/www.accuratereviews.com\/it\/#website","url":"https:\/\/www.accuratereviews.com\/it\/","name":"Accurate Reviews","description":"","potentialAction":[{"@type":"SearchAction","target":{"@type":"EntryPoint","urlTemplate":"https:\/\/www.accuratereviews.com\/it\/?s={search_term_string}"},"query-input":{"@type":"PropertyValueSpecification","valueRequired":true,"valueName":"search_term_string"}}],"inLanguage":"it-IT"}]}},"_links":{"self":[{"href":"https:\/\/www.accuratereviews.com\/it\/wp-json\/wp\/v2\/pages\/56729","targetHints":{"allow":["GET"]}}],"collection":[{"href":"https:\/\/www.accuratereviews.com\/it\/wp-json\/wp\/v2\/pages"}],"about":[{"href":"https:\/\/www.accuratereviews.com\/it\/wp-json\/wp\/v2\/types\/page"}],"author":[{"embeddable":true,"href":"https:\/\/www.accuratereviews.com\/it\/wp-json\/wp\/v2\/users\/17"}],"replies":[{"embeddable":true,"href":"https:\/\/www.accuratereviews.com\/it\/wp-json\/wp\/v2\/comments?post=56729"}],"version-history":[{"count":3,"href":"https:\/\/www.accuratereviews.com\/it\/wp-json\/wp\/v2\/pages\/56729\/revisions"}],"predecessor-version":[{"id":56754,"href":"https:\/\/www.accuratereviews.com\/it\/wp-json\/wp\/v2\/pages\/56729\/revisions\/56754"}],"up":[{"embeddable":true,"href":"https:\/\/www.accuratereviews.com\/it\/wp-json\/wp\/v2\/pages\/56447"}],"wp:featuredmedia":[{"embeddable":true,"href":"https:\/\/www.accuratereviews.com\/it\/wp-json\/wp\/v2\/media\/56730"}],"wp:attachment":[{"href":"https:\/\/www.accuratereviews.com\/it\/wp-json\/wp\/v2\/media?parent=56729"}],"wp:term":[{"taxonomy":"category","embeddable":true,"href":"https:\/\/www.accuratereviews.com\/it\/wp-json\/wp\/v2\/categories?post=56729"},{"taxonomy":"post_tag","embeddable":true,"href":"https:\/\/www.accuratereviews.com\/it\/wp-json\/wp\/v2\/tags?post=56729"},{"taxonomy":"features","embeddable":true,"href":"https:\/\/www.accuratereviews.com\/it\/wp-json\/wp\/v2\/features?post=56729"}],"curies":[{"name":"wp","href":"https:\/\/api.w.org\/{rel}","templated":true}]}}