{"id":5675,"date":"2015-10-15T09:51:08","date_gmt":"2015-10-15T09:51:08","guid":{"rendered":"http:\/\/www.accuratereviews.com\/it\/antivirus-la-lista-dei-migliori\/norton-security-antivirus-2015\/"},"modified":"2016-11-16T15:43:16","modified_gmt":"2016-11-16T15:43:16","slug":"norton-security-antivirus-2015","status":"publish","type":"page","link":"https:\/\/www.accuratereviews.com\/it\/antivirus-la-lista-dei-migliori\/norton-security-antivirus-2015\/","title":{"rendered":"Norton Security Antivirus 2015"},"content":{"rendered":"<p>Symantec sviluppa e aggiorna Norton Security Antivirus sin dai primi anni \u201890, ottenendo grande fama e fiducia del pubblico nel corso degli anni. <strong>Norton \u00e8 diventato uno degli antivirus pi\u00f9 celebri ed apprezzati nel mondo<\/strong>. Una reputazione guadagnata onestamente, visto che Norton Security Antivirus \u00e8 un prodotto affidabile, ancorch\u00e9 costoso. Ma al contrario di molti suoi concorrenti, anche <strong>la versione gratuite offre funzionalit\u00e0 avanzate<\/strong> senza forzare l\u2019utente a scaricare add-on inutili.<\/p>\n<div id=\"attachment_1640\" style=\"width: 710px\" class=\"wp-caption alignnone\"><img loading=\"lazy\" decoding=\"async\" aria-describedby=\"caption-attachment-1640\" class=\"size-full wp-image-1640\" src=\"http:\/\/www.accuratereviews.com\/wp-content\/uploads\/2015\/10\/norton.png\" alt=\"Norton Security Antivirus 2015 has a lot of features under the hood.\" width=\"700\" height=\"467\" srcset=\"https:\/\/www.accuratereviews.com\/wp-content\/uploads\/2015\/10\/norton.png 700w, https:\/\/www.accuratereviews.com\/wp-content\/uploads\/2015\/10\/norton-300x200.png 300w, https:\/\/www.accuratereviews.com\/wp-content\/uploads\/2015\/10\/norton-187x125.png 187w, https:\/\/www.accuratereviews.com\/wp-content\/uploads\/2015\/10\/norton-50x33.png 50w, https:\/\/www.accuratereviews.com\/wp-content\/uploads\/2015\/10\/norton-636x424.png 636w, https:\/\/www.accuratereviews.com\/wp-content\/uploads\/2015\/10\/norton-320x213.png 320w, https:\/\/www.accuratereviews.com\/wp-content\/uploads\/2015\/10\/norton-239x159.png 239w\" sizes=\"auto, (max-width: 700px) 100vw, 700px\" \/><p id=\"caption-attachment-1640\" class=\"wp-caption-text\">Norton Security Antivirus ha tante funzioni nascoste.<\/p><\/div>\n<p><strong>Norton Security Antivirus \u00e8 caratterizzato da un\u2019interfaccia pulita, un design chiaro<\/strong> e permette di capire a colpo d\u2019occhio cosa sta succedendo sul nostro PC. Tra gli aspetti che ci hanno colpiti maggiormente durante il test troviamo un\u2019eccellente capacit\u00e0 di identificare i malware e le ottime funzionalit\u00e0 incluse nella versione standard. Nel caso in cui abbiate bisogno di proteggere pi\u00f9 di un dispositivo \u00e8 possibile acquistare pacchetti di vario prezzo.<\/p>\n<p>Altro punto a favore: se Norton Security Antivirus si rivela non in grado di rumovere un virus o malware dal PC, <strong>Symantec rimborser\u00e0 qualsiasi piano abbiate pagato<\/strong>. Riteniamo sia un forte messaggio da parte dell\u2019azienda. Il software, inoltre, vanta una sostanziale parit\u00e0 di funzionalit\u00e0 e utilizzo tra le versioni per PC e per Mac.<\/p>\n<p>Norton Security Antivirus pu\u00f2 essere piuttosto pesante e gravare sulla CPU nonostante includa, ironia della sorte, alcuni <strong>tool per migliorare le performances del PC<\/strong> e statistiche in tempo reale sull\u2019utilizzo della CPU. Pagando un extra all\u2019abbonamento Premium si ottiene 25Gb di storage per i backup.<\/p>\n","protected":false},"excerpt":{"rendered":"<p>Symantec sviluppa e aggiorna Norton Security Antivirus sin dai primi anni \u201890, ottenendo grande fama e fiducia del pubblico nel corso degli anni. Norton \u00e8 diventato uno degli antivirus pi\u00f9 celebri ed apprezzati nel mondo&#8230;<\/p>\n","protected":false},"author":16,"featured_media":0,"parent":5635,"menu_order":21,"comment_status":"open","ping_status":"closed","template":"g1_template_page_review_new.php","meta":{"_acf_changed":false,"cwp_meta_box_check":"Yes","cwp_rev_product_name":"","cwp_rev_product_image":"","wppr_links":[],"cwp_rev_price":"","wppr_options":[],"wppr_pros":[],"wppr_cons":[],"_monsterinsights_skip_tracking":false,"_monsterinsights_sitenote_active":false,"_monsterinsights_sitenote_note":"","_monsterinsights_sitenote_category":0,"footnotes":""},"categories":[109],"tags":[],"features":[],"class_list":{"0":"post-5675","1":"page","2":"type-page","3":"status-publish","5":"category-antivirus-software-pc-it"},"wppr_data":{"cwp_meta_box_check":"Yes","cwp_rev_product_name":"","cwp_rev_product_image":"","cwp_image_link":"image","cwp_rev_price":"","wppr_rating":"0.00"},"acf":[],"yoast_head":"<!-- This site is optimized with the Yoast SEO plugin v27.4 - https:\/\/yoast.com\/product\/yoast-seo-wordpress\/ -->\n<title>Norton Security Antivirus recensione miglior antivirus | Accurate Reviews<\/title>\n<meta name=\"description\" content=\"Norton Security Antivirus \u00e8 caratterizzato da un\u2019interfaccia pulita, un design chiaro e permette di capire a colpo d\u2019occhio cosa sta succedendo sul PC.\" \/>\n<meta name=\"robots\" content=\"index, follow, max-snippet:-1, max-image-preview:large, max-video-preview:-1\" \/>\n<link rel=\"canonical\" href=\"https:\/\/www.accuratereviews.com\/it\/antivirus-la-lista-dei-migliori\/norton-security-antivirus-2015\/\" \/>\n<meta property=\"og:locale\" content=\"it_IT\" \/>\n<meta property=\"og:type\" content=\"article\" \/>\n<meta property=\"og:title\" content=\"Norton Security Antivirus recensione miglior antivirus | Accurate Reviews\" \/>\n<meta property=\"og:description\" content=\"Norton Security Antivirus \u00e8 caratterizzato da un\u2019interfaccia pulita, un design chiaro e permette di capire a colpo d\u2019occhio cosa sta succedendo sul PC.\" \/>\n<meta property=\"og:url\" content=\"https:\/\/www.accuratereviews.com\/it\/antivirus-la-lista-dei-migliori\/norton-security-antivirus-2015\/\" \/>\n<meta property=\"og:site_name\" content=\"Accurate Reviews\" \/>\n<meta property=\"article:modified_time\" content=\"2016-11-16T15:43:16+00:00\" \/>\n<meta property=\"og:image\" content=\"http:\/\/www.accuratereviews.com\/wp-content\/uploads\/2015\/10\/norton.png\" \/>\n<meta name=\"twitter:card\" content=\"summary_large_image\" \/>\n<meta name=\"twitter:label1\" content=\"Tempo di lettura stimato\" \/>\n\t<meta name=\"twitter:data1\" content=\"1 minuto\" \/>\n<script type=\"application\/ld+json\" class=\"yoast-schema-graph\">{\"@context\":\"https:\\\/\\\/schema.org\",\"@graph\":[{\"@type\":\"WebPage\",\"@id\":\"https:\\\/\\\/www.accuratereviews.com\\\/it\\\/antivirus-la-lista-dei-migliori\\\/norton-security-antivirus-2015\\\/\",\"url\":\"https:\\\/\\\/www.accuratereviews.com\\\/it\\\/antivirus-la-lista-dei-migliori\\\/norton-security-antivirus-2015\\\/\",\"name\":\"Norton Security Antivirus recensione miglior antivirus | Accurate Reviews\",\"isPartOf\":{\"@id\":\"https:\\\/\\\/www.accuratereviews.com\\\/it\\\/#website\"},\"primaryImageOfPage\":{\"@id\":\"https:\\\/\\\/www.accuratereviews.com\\\/it\\\/antivirus-la-lista-dei-migliori\\\/norton-security-antivirus-2015\\\/#primaryimage\"},\"image\":{\"@id\":\"https:\\\/\\\/www.accuratereviews.com\\\/it\\\/antivirus-la-lista-dei-migliori\\\/norton-security-antivirus-2015\\\/#primaryimage\"},\"thumbnailUrl\":\"http:\\\/\\\/www.accuratereviews.com\\\/wp-content\\\/uploads\\\/2015\\\/10\\\/norton.png\",\"datePublished\":\"2015-10-15T09:51:08+00:00\",\"dateModified\":\"2016-11-16T15:43:16+00:00\",\"description\":\"Norton Security Antivirus \u00e8 caratterizzato da un\u2019interfaccia pulita, un design chiaro e permette di capire a colpo d\u2019occhio cosa sta succedendo sul PC.\",\"breadcrumb\":{\"@id\":\"https:\\\/\\\/www.accuratereviews.com\\\/it\\\/antivirus-la-lista-dei-migliori\\\/norton-security-antivirus-2015\\\/#breadcrumb\"},\"inLanguage\":\"it-IT\",\"potentialAction\":[{\"@type\":\"ReadAction\",\"target\":[\"https:\\\/\\\/www.accuratereviews.com\\\/it\\\/antivirus-la-lista-dei-migliori\\\/norton-security-antivirus-2015\\\/\"]}]},{\"@type\":\"ImageObject\",\"inLanguage\":\"it-IT\",\"@id\":\"https:\\\/\\\/www.accuratereviews.com\\\/it\\\/antivirus-la-lista-dei-migliori\\\/norton-security-antivirus-2015\\\/#primaryimage\",\"url\":\"http:\\\/\\\/www.accuratereviews.com\\\/wp-content\\\/uploads\\\/2015\\\/10\\\/norton.png\",\"contentUrl\":\"http:\\\/\\\/www.accuratereviews.com\\\/wp-content\\\/uploads\\\/2015\\\/10\\\/norton.png\"},{\"@type\":\"BreadcrumbList\",\"@id\":\"https:\\\/\\\/www.accuratereviews.com\\\/it\\\/antivirus-la-lista-dei-migliori\\\/norton-security-antivirus-2015\\\/#breadcrumb\",\"itemListElement\":[{\"@type\":\"ListItem\",\"position\":1,\"name\":\"Home\",\"item\":\"https:\\\/\\\/www.accuratereviews.com\\\/it\\\/\"},{\"@type\":\"ListItem\",\"position\":2,\"name\":\"Antivirus: i Migliori Antivirus per PC\",\"item\":\"https:\\\/\\\/www.accuratereviews.com\\\/it\\\/antivirus-la-lista-dei-migliori\\\/\"},{\"@type\":\"ListItem\",\"position\":3,\"name\":\"Norton Security Antivirus 2015\"}]},{\"@type\":\"WebSite\",\"@id\":\"https:\\\/\\\/www.accuratereviews.com\\\/it\\\/#website\",\"url\":\"https:\\\/\\\/www.accuratereviews.com\\\/it\\\/\",\"name\":\"Accurate Reviews\",\"description\":\"\",\"potentialAction\":[{\"@type\":\"SearchAction\",\"target\":{\"@type\":\"EntryPoint\",\"urlTemplate\":\"https:\\\/\\\/www.accuratereviews.com\\\/it\\\/?s={search_term_string}\"},\"query-input\":{\"@type\":\"PropertyValueSpecification\",\"valueRequired\":true,\"valueName\":\"search_term_string\"}}],\"inLanguage\":\"it-IT\"}]}<\/script>\n<!-- \/ Yoast SEO plugin. -->","yoast_head_json":{"title":"Norton Security Antivirus recensione miglior antivirus | Accurate Reviews","description":"Norton Security Antivirus \u00e8 caratterizzato da un\u2019interfaccia pulita, un design chiaro e permette di capire a colpo d\u2019occhio cosa sta succedendo sul PC.","robots":{"index":"index","follow":"follow","max-snippet":"max-snippet:-1","max-image-preview":"max-image-preview:large","max-video-preview":"max-video-preview:-1"},"canonical":"https:\/\/www.accuratereviews.com\/it\/antivirus-la-lista-dei-migliori\/norton-security-antivirus-2015\/","og_locale":"it_IT","og_type":"article","og_title":"Norton Security Antivirus recensione miglior antivirus | Accurate Reviews","og_description":"Norton Security Antivirus \u00e8 caratterizzato da un\u2019interfaccia pulita, un design chiaro e permette di capire a colpo d\u2019occhio cosa sta succedendo sul PC.","og_url":"https:\/\/www.accuratereviews.com\/it\/antivirus-la-lista-dei-migliori\/norton-security-antivirus-2015\/","og_site_name":"Accurate Reviews","article_modified_time":"2016-11-16T15:43:16+00:00","og_image":[{"url":"http:\/\/www.accuratereviews.com\/wp-content\/uploads\/2015\/10\/norton.png","type":"","width":"","height":""}],"twitter_card":"summary_large_image","twitter_misc":{"Tempo di lettura stimato":"1 minuto"},"schema":{"@context":"https:\/\/schema.org","@graph":[{"@type":"WebPage","@id":"https:\/\/www.accuratereviews.com\/it\/antivirus-la-lista-dei-migliori\/norton-security-antivirus-2015\/","url":"https:\/\/www.accuratereviews.com\/it\/antivirus-la-lista-dei-migliori\/norton-security-antivirus-2015\/","name":"Norton Security Antivirus recensione miglior antivirus | Accurate Reviews","isPartOf":{"@id":"https:\/\/www.accuratereviews.com\/it\/#website"},"primaryImageOfPage":{"@id":"https:\/\/www.accuratereviews.com\/it\/antivirus-la-lista-dei-migliori\/norton-security-antivirus-2015\/#primaryimage"},"image":{"@id":"https:\/\/www.accuratereviews.com\/it\/antivirus-la-lista-dei-migliori\/norton-security-antivirus-2015\/#primaryimage"},"thumbnailUrl":"http:\/\/www.accuratereviews.com\/wp-content\/uploads\/2015\/10\/norton.png","datePublished":"2015-10-15T09:51:08+00:00","dateModified":"2016-11-16T15:43:16+00:00","description":"Norton Security Antivirus \u00e8 caratterizzato da un\u2019interfaccia pulita, un design chiaro e permette di capire a colpo d\u2019occhio cosa sta succedendo sul PC.","breadcrumb":{"@id":"https:\/\/www.accuratereviews.com\/it\/antivirus-la-lista-dei-migliori\/norton-security-antivirus-2015\/#breadcrumb"},"inLanguage":"it-IT","potentialAction":[{"@type":"ReadAction","target":["https:\/\/www.accuratereviews.com\/it\/antivirus-la-lista-dei-migliori\/norton-security-antivirus-2015\/"]}]},{"@type":"ImageObject","inLanguage":"it-IT","@id":"https:\/\/www.accuratereviews.com\/it\/antivirus-la-lista-dei-migliori\/norton-security-antivirus-2015\/#primaryimage","url":"http:\/\/www.accuratereviews.com\/wp-content\/uploads\/2015\/10\/norton.png","contentUrl":"http:\/\/www.accuratereviews.com\/wp-content\/uploads\/2015\/10\/norton.png"},{"@type":"BreadcrumbList","@id":"https:\/\/www.accuratereviews.com\/it\/antivirus-la-lista-dei-migliori\/norton-security-antivirus-2015\/#breadcrumb","itemListElement":[{"@type":"ListItem","position":1,"name":"Home","item":"https:\/\/www.accuratereviews.com\/it\/"},{"@type":"ListItem","position":2,"name":"Antivirus: i Migliori Antivirus per PC","item":"https:\/\/www.accuratereviews.com\/it\/antivirus-la-lista-dei-migliori\/"},{"@type":"ListItem","position":3,"name":"Norton Security Antivirus 2015"}]},{"@type":"WebSite","@id":"https:\/\/www.accuratereviews.com\/it\/#website","url":"https:\/\/www.accuratereviews.com\/it\/","name":"Accurate Reviews","description":"","potentialAction":[{"@type":"SearchAction","target":{"@type":"EntryPoint","urlTemplate":"https:\/\/www.accuratereviews.com\/it\/?s={search_term_string}"},"query-input":{"@type":"PropertyValueSpecification","valueRequired":true,"valueName":"search_term_string"}}],"inLanguage":"it-IT"}]}},"_links":{"self":[{"href":"https:\/\/www.accuratereviews.com\/it\/wp-json\/wp\/v2\/pages\/5675","targetHints":{"allow":["GET"]}}],"collection":[{"href":"https:\/\/www.accuratereviews.com\/it\/wp-json\/wp\/v2\/pages"}],"about":[{"href":"https:\/\/www.accuratereviews.com\/it\/wp-json\/wp\/v2\/types\/page"}],"author":[{"embeddable":true,"href":"https:\/\/www.accuratereviews.com\/it\/wp-json\/wp\/v2\/users\/16"}],"replies":[{"embeddable":true,"href":"https:\/\/www.accuratereviews.com\/it\/wp-json\/wp\/v2\/comments?post=5675"}],"version-history":[{"count":5,"href":"https:\/\/www.accuratereviews.com\/it\/wp-json\/wp\/v2\/pages\/5675\/revisions"}],"predecessor-version":[{"id":5784,"href":"https:\/\/www.accuratereviews.com\/it\/wp-json\/wp\/v2\/pages\/5675\/revisions\/5784"}],"up":[{"embeddable":true,"href":"https:\/\/www.accuratereviews.com\/it\/wp-json\/wp\/v2\/pages\/5635"}],"wp:attachment":[{"href":"https:\/\/www.accuratereviews.com\/it\/wp-json\/wp\/v2\/media?parent=5675"}],"wp:term":[{"taxonomy":"category","embeddable":true,"href":"https:\/\/www.accuratereviews.com\/it\/wp-json\/wp\/v2\/categories?post=5675"},{"taxonomy":"post_tag","embeddable":true,"href":"https:\/\/www.accuratereviews.com\/it\/wp-json\/wp\/v2\/tags?post=5675"},{"taxonomy":"features","embeddable":true,"href":"https:\/\/www.accuratereviews.com\/it\/wp-json\/wp\/v2\/features?post=5675"}],"curies":[{"name":"wp","href":"https:\/\/api.w.org\/{rel}","templated":true}]}}