{"id":56755,"date":"2022-04-28T11:24:49","date_gmt":"2022-04-28T11:24:49","guid":{"rendered":"https:\/\/www.accuratereviews.com\/?page_id=56755"},"modified":"2022-04-28T11:24:49","modified_gmt":"2022-04-28T11:24:49","slug":"e-mar-recensione","status":"publish","type":"page","link":"https:\/\/www.accuratereviews.com\/it\/software-assistenza-persone\/e-mar-recensione\/","title":{"rendered":"e-MAR"},"content":{"rendered":"<p><strong>e-MAR<\/strong> \u00e8 un <strong>software per l&#8217;assistenza alle persone<\/strong> progettato da MED-e-care e offre sia una parte di amministrazione elettronica dei farmaci, e-MAR per l&#8217;appunto, che una parte di amministrazione elettronica dei trattamenti, eTAR. Si tratta di una soluzione innovativa che fornisce al personale un accesso sicuro e una visione a 360\u00b0 di tutti i dati relativi ai residenti come i farmaci registrati, i report, le analisi in tempo reale e anche i turni degli infermieri.<br \/>\nCon <strong>e-MAR<\/strong> si eliminano tutti i documenti cartacei creando un po&#8217; di ordine e automatizzando tutti quei processi che normalmente richiedevano un grosso investimento di tempo.<\/p>\n<p>&nbsp;<\/p>\n<p><a href=\"https:\/\/www.accuratereviews.com\/wp-content\/uploads\/2022\/04\/img-tar.png\"><img loading=\"lazy\" decoding=\"async\" class=\"aligncenter wp-image-56756 size-full\" src=\"https:\/\/www.accuratereviews.com\/wp-content\/uploads\/2022\/04\/img-tar.png\" alt=\"\" width=\"1000\" height=\"675\" srcset=\"https:\/\/www.accuratereviews.com\/wp-content\/uploads\/2022\/04\/img-tar.png 1000w, https:\/\/www.accuratereviews.com\/wp-content\/uploads\/2022\/04\/img-tar-300x203.png 300w, https:\/\/www.accuratereviews.com\/wp-content\/uploads\/2022\/04\/img-tar-768x518.png 768w, https:\/\/www.accuratereviews.com\/wp-content\/uploads\/2022\/04\/img-tar-185x125.png 185w, https:\/\/www.accuratereviews.com\/wp-content\/uploads\/2022\/04\/img-tar-50x34.png 50w, https:\/\/www.accuratereviews.com\/wp-content\/uploads\/2022\/04\/img-tar-968x653.png 968w, https:\/\/www.accuratereviews.com\/wp-content\/uploads\/2022\/04\/img-tar-636x429.png 636w, https:\/\/www.accuratereviews.com\/wp-content\/uploads\/2022\/04\/img-tar-320x216.png 320w, https:\/\/www.accuratereviews.com\/wp-content\/uploads\/2022\/04\/img-tar-239x161.png 239w\" sizes=\"auto, (max-width: 1000px) 100vw, 1000px\" \/><\/a><\/p>\n<h2>E-MAR &#8211; CARATTERISTICHE<\/h2>\n<ul>\n<li>Tiene traccia e registra elettronicamente la somministrazione di farmaci e trattamenti ai residenti. In altre parole, sostituisce elettronicamente i MAR e i TAR cartacei<\/li>\n<li>Il software traccia l&#8217;ordine e la consegna dei farmaci con facilit\u00e0 e convenienza, generando qualsiasi numero di report con un solo clic del mouse<\/li>\n<li>Garantisce il pi\u00f9 alto livello di sicurezza e protezione sia per il residente che per il personale con caratteristiche di sicurezza, come la foto del paziente e la tecnologia del codice a barre<\/li>\n<li>La tecnologia del codice a barre fornisce al personale infermieristico un accesso istantaneo alle informazioni sui residenti e sui farmaci\/trattamenti<\/li>\n<li>La somministrazione di farmaci e trattamenti viene registrata in tempo reale. I promemoria di follow-up PRN e vitali eliminano i farmaci mancati o in ritardo<\/li>\n<li>Il personale ha la possibilit\u00e0 di gestire gli ordini di farmaci\/trattamenti direttamente dalla schermata di somministrazione. I farmaci possono essere interrotti, riordinati o messi in attesa durante un MED Pass<\/li>\n<li>Il dosaggio dei rifiuti viene aggiornato automaticamente per la struttura e la notifica viene inviata alla farmacia se sono necessari farmaci sostitutivi<\/li>\n<li>In grado di aggiungere farmaci\/trattamenti di emergenza quando necessario<\/li>\n<li>Processo in un solo passaggio dell&#8217;ordine STAT e della firma per fornire misure di risparmio di tempo e di notifica.<\/li>\n<\/ul>\n<h4>LE RECENSIONI DEGLI UTENTI<\/h4>\n<p><strong>Dee W. &#8220;Aggiornato ma potrebbe ancora migliorare&#8221;<\/strong><br \/>\nPRO: il supporto clienti \u00e8 estremamente veloce e amichevole!<br \/>\nCONTRO: \u00e8 pi\u00f9 lento da usare e non \u00e8 facile imparare ad usare il software.<\/p>\n<p><strong>Sandrea M. &#8220;Recensire MedeCare&#8221;<\/strong><br \/>\nCOMMENTI: molto positivo. Non abbiamo avuto rimpianti nel passare a questo software. Ha un ottimo rapporto qualit\u00e0-prezzo con un buon supporto di assistenza clienti. \u00c8 facile da usare e da capire.<br \/>\nPRO: questo \u00e8 un prodotto molto buono. Il dashboard rende facile la visualizzazione dello stato di tutti i documenti. La parte pi\u00f9 utile \u00e8 l&#8217;eccellente servizio di assistenza clienti che riceviamo. \u00c8 facile da usare e i rapporti sono molto buoni.<br \/>\nCONTRO: \u00e8 molto pi\u00f9 difficile eseguire le valutazioni del rischio<\/p>\n<p><strong>Noelle H. &#8220;Sistema E-mar&#8221;<\/strong><br \/>\nPRO: il software \u00e8 molto user friendly e semplice da usare. Non bisogna essere un genio tecnico per usare il software.<br \/>\nCONTRO: sarebbe utile se ci fosse un sistema di tracciamento o di fatturazione in atto in modo che la fatturazione dei farmaci possa essere semplificata e credo che renderebbe il nostro sistema di amministrazione dei farmaci pi\u00f9 efficiente, facendo risparmiare tempo al personale infermieristico.<\/p>\n","protected":false},"excerpt":{"rendered":"<p>e-MAR \u00e8 un software per l&#8217;assistenza alle persone progettato da MED-e-care e offre sia una parte di amministrazione elettronica dei farmaci, e-MAR per l&#8217;appunto, che una parte di amministrazione elettronica dei trattamenti, eTAR. Si tratta di una soluzione innovativa che fornisce al personale un accesso sicuro e una visione a 360\u00b0 di tutti i dati relativi ai residenti come i farmaci registrati, i report, le analisi in tempo reale e anche i turni degli infermieri.\u00a0<\/p>\n","protected":false},"author":17,"featured_media":56766,"parent":56447,"menu_order":0,"comment_status":"open","ping_status":"closed","template":"g1_template_page_review_new.php","meta":{"_acf_changed":false,"cwp_meta_box_check":"No","cwp_rev_product_name":"","cwp_rev_product_image":"","wppr_links":[],"cwp_rev_price":"","wppr_options":[],"wppr_pros":[],"wppr_cons":[],"_monsterinsights_skip_tracking":false,"_monsterinsights_sitenote_active":false,"_monsterinsights_sitenote_note":"","_monsterinsights_sitenote_category":0,"footnotes":""},"categories":[12456],"tags":[12460,12463,12462,12494,12461],"features":[],"class_list":{"0":"post-56755","1":"page","2":"type-page","3":"status-publish","4":"has-post-thumbnail","6":"category-software-assistenza-persone-cat","7":"tag-assistenza-alle-persone","8":"tag-piattaforma-per-assistenza-alle-persone","9":"tag-programma-per-assistenza-alle-persone","10":"tag-software-assistenza-alle-persone","11":"tag-soluzione-per-assistenza-alle-persone"},"wppr_data":{"cwp_meta_box_check":"No"},"acf":[],"yoast_head":"<!-- This site is optimized with the Yoast SEO plugin v27.4 - https:\/\/yoast.com\/product\/yoast-seo-wordpress\/ -->\n<title>e-MAR: recensione software assistenza persone - Accurate Reviews<\/title>\n<meta name=\"description\" content=\"e-MAR: recensione del software per l&#039;assistenza alle persone che si occupa dell&#039;amministrazione elettronica dei farmaci e dei trattamenti.\" \/>\n<meta name=\"robots\" content=\"index, follow, max-snippet:-1, max-image-preview:large, max-video-preview:-1\" \/>\n<link rel=\"canonical\" href=\"https:\/\/www.accuratereviews.com\/it\/software-assistenza-persone\/e-mar-recensione\/\" \/>\n<meta property=\"og:locale\" content=\"it_IT\" \/>\n<meta property=\"og:type\" content=\"article\" \/>\n<meta property=\"og:title\" content=\"e-MAR: recensione software assistenza persone - Accurate Reviews\" \/>\n<meta property=\"og:description\" content=\"e-MAR: recensione del software per l&#039;assistenza alle persone che si occupa dell&#039;amministrazione elettronica dei farmaci e dei trattamenti.\" \/>\n<meta property=\"og:url\" content=\"https:\/\/www.accuratereviews.com\/it\/software-assistenza-persone\/e-mar-recensione\/\" \/>\n<meta property=\"og:site_name\" content=\"Accurate Reviews\" \/>\n<meta property=\"og:image\" content=\"https:\/\/www.accuratereviews.com\/wp-content\/uploads\/2022\/04\/Unknown-7.png\" \/>\n\t<meta property=\"og:image:width\" content=\"646\" \/>\n\t<meta property=\"og:image:height\" content=\"200\" \/>\n\t<meta property=\"og:image:type\" content=\"image\/png\" \/>\n<meta name=\"twitter:card\" content=\"summary_large_image\" \/>\n<meta name=\"twitter:label1\" content=\"Tempo di lettura stimato\" \/>\n\t<meta name=\"twitter:data1\" content=\"3 minuti\" \/>\n<script type=\"application\/ld+json\" class=\"yoast-schema-graph\">{\"@context\":\"https:\\\/\\\/schema.org\",\"@graph\":[{\"@type\":\"WebPage\",\"@id\":\"https:\\\/\\\/www.accuratereviews.com\\\/it\\\/software-assistenza-persone\\\/e-mar-recensione\\\/\",\"url\":\"https:\\\/\\\/www.accuratereviews.com\\\/it\\\/software-assistenza-persone\\\/e-mar-recensione\\\/\",\"name\":\"e-MAR: recensione software assistenza persone - Accurate Reviews\",\"isPartOf\":{\"@id\":\"https:\\\/\\\/www.accuratereviews.com\\\/it\\\/#website\"},\"primaryImageOfPage\":{\"@id\":\"https:\\\/\\\/www.accuratereviews.com\\\/it\\\/software-assistenza-persone\\\/e-mar-recensione\\\/#primaryimage\"},\"image\":{\"@id\":\"https:\\\/\\\/www.accuratereviews.com\\\/it\\\/software-assistenza-persone\\\/e-mar-recensione\\\/#primaryimage\"},\"thumbnailUrl\":\"https:\\\/\\\/www.accuratereviews.com\\\/wp-content\\\/uploads\\\/2022\\\/04\\\/Unknown-7.png\",\"datePublished\":\"2022-04-28T11:24:49+00:00\",\"description\":\"e-MAR: recensione del software per l'assistenza alle persone che si occupa dell'amministrazione elettronica dei farmaci e dei trattamenti.\",\"breadcrumb\":{\"@id\":\"https:\\\/\\\/www.accuratereviews.com\\\/it\\\/software-assistenza-persone\\\/e-mar-recensione\\\/#breadcrumb\"},\"inLanguage\":\"it-IT\",\"potentialAction\":[{\"@type\":\"ReadAction\",\"target\":[\"https:\\\/\\\/www.accuratereviews.com\\\/it\\\/software-assistenza-persone\\\/e-mar-recensione\\\/\"]}]},{\"@type\":\"ImageObject\",\"inLanguage\":\"it-IT\",\"@id\":\"https:\\\/\\\/www.accuratereviews.com\\\/it\\\/software-assistenza-persone\\\/e-mar-recensione\\\/#primaryimage\",\"url\":\"https:\\\/\\\/www.accuratereviews.com\\\/wp-content\\\/uploads\\\/2022\\\/04\\\/Unknown-7.png\",\"contentUrl\":\"https:\\\/\\\/www.accuratereviews.com\\\/wp-content\\\/uploads\\\/2022\\\/04\\\/Unknown-7.png\",\"width\":646,\"height\":200},{\"@type\":\"BreadcrumbList\",\"@id\":\"https:\\\/\\\/www.accuratereviews.com\\\/it\\\/software-assistenza-persone\\\/e-mar-recensione\\\/#breadcrumb\",\"itemListElement\":[{\"@type\":\"ListItem\",\"position\":1,\"name\":\"Home\",\"item\":\"https:\\\/\\\/www.accuratereviews.com\\\/it\\\/\"},{\"@type\":\"ListItem\",\"position\":2,\"name\":\"Software per assistenza alle persone\",\"item\":\"https:\\\/\\\/www.accuratereviews.com\\\/it\\\/software-assistenza-persone\\\/\"},{\"@type\":\"ListItem\",\"position\":3,\"name\":\"e-MAR\"}]},{\"@type\":\"WebSite\",\"@id\":\"https:\\\/\\\/www.accuratereviews.com\\\/it\\\/#website\",\"url\":\"https:\\\/\\\/www.accuratereviews.com\\\/it\\\/\",\"name\":\"Accurate Reviews\",\"description\":\"\",\"potentialAction\":[{\"@type\":\"SearchAction\",\"target\":{\"@type\":\"EntryPoint\",\"urlTemplate\":\"https:\\\/\\\/www.accuratereviews.com\\\/it\\\/?s={search_term_string}\"},\"query-input\":{\"@type\":\"PropertyValueSpecification\",\"valueRequired\":true,\"valueName\":\"search_term_string\"}}],\"inLanguage\":\"it-IT\"}]}<\/script>\n<!-- \/ Yoast SEO plugin. -->","yoast_head_json":{"title":"e-MAR: recensione software assistenza persone - Accurate Reviews","description":"e-MAR: recensione del software per l'assistenza alle persone che si occupa dell'amministrazione elettronica dei farmaci e dei trattamenti.","robots":{"index":"index","follow":"follow","max-snippet":"max-snippet:-1","max-image-preview":"max-image-preview:large","max-video-preview":"max-video-preview:-1"},"canonical":"https:\/\/www.accuratereviews.com\/it\/software-assistenza-persone\/e-mar-recensione\/","og_locale":"it_IT","og_type":"article","og_title":"e-MAR: recensione software assistenza persone - Accurate Reviews","og_description":"e-MAR: recensione del software per l'assistenza alle persone che si occupa dell'amministrazione elettronica dei farmaci e dei trattamenti.","og_url":"https:\/\/www.accuratereviews.com\/it\/software-assistenza-persone\/e-mar-recensione\/","og_site_name":"Accurate Reviews","og_image":[{"width":646,"height":200,"url":"https:\/\/www.accuratereviews.com\/wp-content\/uploads\/2022\/04\/Unknown-7.png","type":"image\/png"}],"twitter_card":"summary_large_image","twitter_misc":{"Tempo di lettura stimato":"3 minuti"},"schema":{"@context":"https:\/\/schema.org","@graph":[{"@type":"WebPage","@id":"https:\/\/www.accuratereviews.com\/it\/software-assistenza-persone\/e-mar-recensione\/","url":"https:\/\/www.accuratereviews.com\/it\/software-assistenza-persone\/e-mar-recensione\/","name":"e-MAR: recensione software assistenza persone - Accurate Reviews","isPartOf":{"@id":"https:\/\/www.accuratereviews.com\/it\/#website"},"primaryImageOfPage":{"@id":"https:\/\/www.accuratereviews.com\/it\/software-assistenza-persone\/e-mar-recensione\/#primaryimage"},"image":{"@id":"https:\/\/www.accuratereviews.com\/it\/software-assistenza-persone\/e-mar-recensione\/#primaryimage"},"thumbnailUrl":"https:\/\/www.accuratereviews.com\/wp-content\/uploads\/2022\/04\/Unknown-7.png","datePublished":"2022-04-28T11:24:49+00:00","description":"e-MAR: recensione del software per l'assistenza alle persone che si occupa dell'amministrazione elettronica dei farmaci e dei trattamenti.","breadcrumb":{"@id":"https:\/\/www.accuratereviews.com\/it\/software-assistenza-persone\/e-mar-recensione\/#breadcrumb"},"inLanguage":"it-IT","potentialAction":[{"@type":"ReadAction","target":["https:\/\/www.accuratereviews.com\/it\/software-assistenza-persone\/e-mar-recensione\/"]}]},{"@type":"ImageObject","inLanguage":"it-IT","@id":"https:\/\/www.accuratereviews.com\/it\/software-assistenza-persone\/e-mar-recensione\/#primaryimage","url":"https:\/\/www.accuratereviews.com\/wp-content\/uploads\/2022\/04\/Unknown-7.png","contentUrl":"https:\/\/www.accuratereviews.com\/wp-content\/uploads\/2022\/04\/Unknown-7.png","width":646,"height":200},{"@type":"BreadcrumbList","@id":"https:\/\/www.accuratereviews.com\/it\/software-assistenza-persone\/e-mar-recensione\/#breadcrumb","itemListElement":[{"@type":"ListItem","position":1,"name":"Home","item":"https:\/\/www.accuratereviews.com\/it\/"},{"@type":"ListItem","position":2,"name":"Software per assistenza alle persone","item":"https:\/\/www.accuratereviews.com\/it\/software-assistenza-persone\/"},{"@type":"ListItem","position":3,"name":"e-MAR"}]},{"@type":"WebSite","@id":"https:\/\/www.accuratereviews.com\/it\/#website","url":"https:\/\/www.accuratereviews.com\/it\/","name":"Accurate Reviews","description":"","potentialAction":[{"@type":"SearchAction","target":{"@type":"EntryPoint","urlTemplate":"https:\/\/www.accuratereviews.com\/it\/?s={search_term_string}"},"query-input":{"@type":"PropertyValueSpecification","valueRequired":true,"valueName":"search_term_string"}}],"inLanguage":"it-IT"}]}},"_links":{"self":[{"href":"https:\/\/www.accuratereviews.com\/it\/wp-json\/wp\/v2\/pages\/56755","targetHints":{"allow":["GET"]}}],"collection":[{"href":"https:\/\/www.accuratereviews.com\/it\/wp-json\/wp\/v2\/pages"}],"about":[{"href":"https:\/\/www.accuratereviews.com\/it\/wp-json\/wp\/v2\/types\/page"}],"author":[{"embeddable":true,"href":"https:\/\/www.accuratereviews.com\/it\/wp-json\/wp\/v2\/users\/17"}],"replies":[{"embeddable":true,"href":"https:\/\/www.accuratereviews.com\/it\/wp-json\/wp\/v2\/comments?post=56755"}],"version-history":[{"count":5,"href":"https:\/\/www.accuratereviews.com\/it\/wp-json\/wp\/v2\/pages\/56755\/revisions"}],"predecessor-version":[{"id":56796,"href":"https:\/\/www.accuratereviews.com\/it\/wp-json\/wp\/v2\/pages\/56755\/revisions\/56796"}],"up":[{"embeddable":true,"href":"https:\/\/www.accuratereviews.com\/it\/wp-json\/wp\/v2\/pages\/56447"}],"wp:featuredmedia":[{"embeddable":true,"href":"https:\/\/www.accuratereviews.com\/it\/wp-json\/wp\/v2\/media\/56766"}],"wp:attachment":[{"href":"https:\/\/www.accuratereviews.com\/it\/wp-json\/wp\/v2\/media?parent=56755"}],"wp:term":[{"taxonomy":"category","embeddable":true,"href":"https:\/\/www.accuratereviews.com\/it\/wp-json\/wp\/v2\/categories?post=56755"},{"taxonomy":"post_tag","embeddable":true,"href":"https:\/\/www.accuratereviews.com\/it\/wp-json\/wp\/v2\/tags?post=56755"},{"taxonomy":"features","embeddable":true,"href":"https:\/\/www.accuratereviews.com\/it\/wp-json\/wp\/v2\/features?post=56755"}],"curies":[{"name":"wp","href":"https:\/\/api.w.org\/{rel}","templated":true}]}}