{"id":5679,"date":"2015-10-19T12:50:21","date_gmt":"2015-10-19T12:50:21","guid":{"rendered":"http:\/\/www.accuratereviews.com\/it\/antivirus-la-lista-dei-migliori\/panda-antivirus-2016\/"},"modified":"2016-11-16T14:52:20","modified_gmt":"2016-11-16T14:52:20","slug":"panda-antivirus-2016","status":"publish","type":"page","link":"https:\/\/www.accuratereviews.com\/it\/antivirus-la-lista-dei-migliori\/panda-antivirus-2016\/","title":{"rendered":"Panda Antivirus 2016"},"content":{"rendered":"<div id=\"attachment_1677\" style=\"width: 750px\" class=\"wp-caption alignnone\"><img loading=\"lazy\" decoding=\"async\" aria-describedby=\"caption-attachment-1677\" class=\"size-full wp-image-1677\" src=\"http:\/\/www.accuratereviews.com\/wp-content\/uploads\/2015\/10\/panda-antivirus-2016.jpg\" alt=\"Panda Antivirus 2016 has a clean dashboard from which you can detect any hazard.\" width=\"740\" height=\"548\" srcset=\"https:\/\/www.accuratereviews.com\/wp-content\/uploads\/2015\/10\/panda-antivirus-2016.jpg 740w, https:\/\/www.accuratereviews.com\/wp-content\/uploads\/2015\/10\/panda-antivirus-2016-300x222.jpg 300w, https:\/\/www.accuratereviews.com\/wp-content\/uploads\/2015\/10\/panda-antivirus-2016-169x125.jpg 169w, https:\/\/www.accuratereviews.com\/wp-content\/uploads\/2015\/10\/panda-antivirus-2016-50x37.jpg 50w, https:\/\/www.accuratereviews.com\/wp-content\/uploads\/2015\/10\/panda-antivirus-2016-636x471.jpg 636w, https:\/\/www.accuratereviews.com\/wp-content\/uploads\/2015\/10\/panda-antivirus-2016-320x237.jpg 320w, https:\/\/www.accuratereviews.com\/wp-content\/uploads\/2015\/10\/panda-antivirus-2016-239x177.jpg 239w\" sizes=\"auto, (max-width: 740px) 100vw, 740px\" \/><p id=\"caption-attachment-1677\" class=\"wp-caption-text\">Panda Antivirus 2016 offre un&#8217;interfaccia chiara dalla quale \u00e8 possibile controllare il prpprio livello di sicurezza.<\/p><\/div>\n<p><strong>Panda Antivirus<\/strong> viene offerto in <strong>due versioni: Free e Pro<\/strong>. In realt\u00e0 a lavorare per entrambi vi \u00e8 lo stesso sistema di identificazione dei malware, quindi abbiamo deciso di analizzare la versione Free, ovvero la pi\u00f9 utilizzata. Le nostre osservazioni valgono comunque anche per la versione Pro.<\/p>\n<p><strong>Panda Antivirus Free \u00e8 uno degli antivirus pi\u00f9 noti<\/strong> sul mercato e la sua fama deriva dagli ottimi risultati ottenuti nell\u2019identificare i malware. C\u2019\u00e8 sempre il rovescio della medaglia: l\u2019antivirus <strong>non funziona altrettanto bene quando ci sono da identificare URL<\/strong> potenzialmente pericolosi, perdendo terreno sulla maggior parte della concorrenza.<\/p>\n<p>Sono inclusi <strong>strumenti aggiuntivi<\/strong> per fornire protezione a pi\u00f9 ampio raggio: l\u2019opzione disco di avvio nel caso in cui siate colpiti da ramsomware o la possibilit\u00e0 di controllare periferiche esterne per evitare possibili minacce.<\/p>\n<p>Un altro <strong>difetto di Panda Antivirus<\/strong> \u00e8 la lentezza: rispetto alla concorrenza, soprattutto nel caso di Avast e AVG, le tempistiche si dilatano molto. Uno scan completo dell\u2019hard disk pu\u00f2 richiedere pi\u00f9 di un\u2019ora.<\/p>\n","protected":false},"excerpt":{"rendered":"<p>Panda Antivirus viene offerto in due versioni: Free e Pro. In realt\u00e0 a lavorare per entrambi vi \u00e8 lo stesso sistema di identificazione dei malware, quindi abbiamo deciso di analizzare la versione Free, ovvero la pi\u00f9 utilizzata. Le nostre osservazioni valgono comunque anche per la versione Pro. <\/p>\n","protected":false},"author":16,"featured_media":0,"parent":5635,"menu_order":24,"comment_status":"open","ping_status":"closed","template":"g1_template_page_review_new.php","meta":{"_acf_changed":false,"cwp_meta_box_check":"Yes","cwp_rev_product_name":"","cwp_rev_product_image":"","wppr_links":[],"cwp_rev_price":"","wppr_options":[],"wppr_pros":[],"wppr_cons":[],"_monsterinsights_skip_tracking":false,"_monsterinsights_sitenote_active":false,"_monsterinsights_sitenote_note":"","_monsterinsights_sitenote_category":0,"footnotes":""},"categories":[109],"tags":[],"features":[],"class_list":{"0":"post-5679","1":"page","2":"type-page","3":"status-publish","5":"category-antivirus-software-pc-it"},"wppr_data":{"cwp_meta_box_check":"Yes","cwp_rev_product_name":"","cwp_rev_product_image":"","cwp_image_link":"image","cwp_rev_price":"","wppr_rating":"0.00"},"acf":[],"yoast_head":"<!-- This site is optimized with the Yoast SEO plugin v27.4 - https:\/\/yoast.com\/product\/yoast-seo-wordpress\/ -->\n<title>Panda Antivirus Free recensione miglior antivirus | Accurate Reviews<\/title>\n<meta name=\"description\" content=\"Panda Antivirus Free \u00e8 uno degli antivirus pi\u00f9 noti sul mercato e la sua fama deriva dagli ottimi risultati ottenuti nell\u2019identificare i malware.\" \/>\n<meta name=\"robots\" content=\"index, follow, max-snippet:-1, max-image-preview:large, max-video-preview:-1\" \/>\n<link rel=\"canonical\" href=\"https:\/\/www.accuratereviews.com\/it\/antivirus-la-lista-dei-migliori\/panda-antivirus-2016\/\" \/>\n<meta property=\"og:locale\" content=\"it_IT\" \/>\n<meta property=\"og:type\" content=\"article\" \/>\n<meta property=\"og:title\" content=\"Panda Antivirus Free recensione miglior antivirus | Accurate Reviews\" \/>\n<meta property=\"og:description\" content=\"Panda Antivirus Free \u00e8 uno degli antivirus pi\u00f9 noti sul mercato e la sua fama deriva dagli ottimi risultati ottenuti nell\u2019identificare i malware.\" \/>\n<meta property=\"og:url\" content=\"https:\/\/www.accuratereviews.com\/it\/antivirus-la-lista-dei-migliori\/panda-antivirus-2016\/\" \/>\n<meta property=\"og:site_name\" content=\"Accurate Reviews\" \/>\n<meta property=\"article:modified_time\" content=\"2016-11-16T14:52:20+00:00\" \/>\n<meta property=\"og:image\" content=\"http:\/\/www.accuratereviews.com\/wp-content\/uploads\/2015\/10\/panda-antivirus-2016.jpg\" \/>\n<meta name=\"twitter:card\" content=\"summary_large_image\" \/>\n<meta name=\"twitter:label1\" content=\"Tempo di lettura stimato\" \/>\n\t<meta name=\"twitter:data1\" content=\"1 minuto\" \/>\n<script type=\"application\/ld+json\" class=\"yoast-schema-graph\">{\"@context\":\"https:\\\/\\\/schema.org\",\"@graph\":[{\"@type\":\"WebPage\",\"@id\":\"https:\\\/\\\/www.accuratereviews.com\\\/it\\\/antivirus-la-lista-dei-migliori\\\/panda-antivirus-2016\\\/\",\"url\":\"https:\\\/\\\/www.accuratereviews.com\\\/it\\\/antivirus-la-lista-dei-migliori\\\/panda-antivirus-2016\\\/\",\"name\":\"Panda Antivirus Free recensione miglior antivirus | Accurate Reviews\",\"isPartOf\":{\"@id\":\"https:\\\/\\\/www.accuratereviews.com\\\/it\\\/#website\"},\"primaryImageOfPage\":{\"@id\":\"https:\\\/\\\/www.accuratereviews.com\\\/it\\\/antivirus-la-lista-dei-migliori\\\/panda-antivirus-2016\\\/#primaryimage\"},\"image\":{\"@id\":\"https:\\\/\\\/www.accuratereviews.com\\\/it\\\/antivirus-la-lista-dei-migliori\\\/panda-antivirus-2016\\\/#primaryimage\"},\"thumbnailUrl\":\"http:\\\/\\\/www.accuratereviews.com\\\/wp-content\\\/uploads\\\/2015\\\/10\\\/panda-antivirus-2016.jpg\",\"datePublished\":\"2015-10-19T12:50:21+00:00\",\"dateModified\":\"2016-11-16T14:52:20+00:00\",\"description\":\"Panda Antivirus Free \u00e8 uno degli antivirus pi\u00f9 noti sul mercato e la sua fama deriva dagli ottimi risultati ottenuti nell\u2019identificare i malware.\",\"breadcrumb\":{\"@id\":\"https:\\\/\\\/www.accuratereviews.com\\\/it\\\/antivirus-la-lista-dei-migliori\\\/panda-antivirus-2016\\\/#breadcrumb\"},\"inLanguage\":\"it-IT\",\"potentialAction\":[{\"@type\":\"ReadAction\",\"target\":[\"https:\\\/\\\/www.accuratereviews.com\\\/it\\\/antivirus-la-lista-dei-migliori\\\/panda-antivirus-2016\\\/\"]}]},{\"@type\":\"ImageObject\",\"inLanguage\":\"it-IT\",\"@id\":\"https:\\\/\\\/www.accuratereviews.com\\\/it\\\/antivirus-la-lista-dei-migliori\\\/panda-antivirus-2016\\\/#primaryimage\",\"url\":\"http:\\\/\\\/www.accuratereviews.com\\\/wp-content\\\/uploads\\\/2015\\\/10\\\/panda-antivirus-2016.jpg\",\"contentUrl\":\"http:\\\/\\\/www.accuratereviews.com\\\/wp-content\\\/uploads\\\/2015\\\/10\\\/panda-antivirus-2016.jpg\"},{\"@type\":\"BreadcrumbList\",\"@id\":\"https:\\\/\\\/www.accuratereviews.com\\\/it\\\/antivirus-la-lista-dei-migliori\\\/panda-antivirus-2016\\\/#breadcrumb\",\"itemListElement\":[{\"@type\":\"ListItem\",\"position\":1,\"name\":\"Home\",\"item\":\"https:\\\/\\\/www.accuratereviews.com\\\/it\\\/\"},{\"@type\":\"ListItem\",\"position\":2,\"name\":\"Antivirus: i Migliori Antivirus per PC\",\"item\":\"https:\\\/\\\/www.accuratereviews.com\\\/it\\\/antivirus-la-lista-dei-migliori\\\/\"},{\"@type\":\"ListItem\",\"position\":3,\"name\":\"Panda Antivirus 2016\"}]},{\"@type\":\"WebSite\",\"@id\":\"https:\\\/\\\/www.accuratereviews.com\\\/it\\\/#website\",\"url\":\"https:\\\/\\\/www.accuratereviews.com\\\/it\\\/\",\"name\":\"Accurate Reviews\",\"description\":\"\",\"potentialAction\":[{\"@type\":\"SearchAction\",\"target\":{\"@type\":\"EntryPoint\",\"urlTemplate\":\"https:\\\/\\\/www.accuratereviews.com\\\/it\\\/?s={search_term_string}\"},\"query-input\":{\"@type\":\"PropertyValueSpecification\",\"valueRequired\":true,\"valueName\":\"search_term_string\"}}],\"inLanguage\":\"it-IT\"}]}<\/script>\n<!-- \/ Yoast SEO plugin. -->","yoast_head_json":{"title":"Panda Antivirus Free recensione miglior antivirus | Accurate Reviews","description":"Panda Antivirus Free \u00e8 uno degli antivirus pi\u00f9 noti sul mercato e la sua fama deriva dagli ottimi risultati ottenuti nell\u2019identificare i malware.","robots":{"index":"index","follow":"follow","max-snippet":"max-snippet:-1","max-image-preview":"max-image-preview:large","max-video-preview":"max-video-preview:-1"},"canonical":"https:\/\/www.accuratereviews.com\/it\/antivirus-la-lista-dei-migliori\/panda-antivirus-2016\/","og_locale":"it_IT","og_type":"article","og_title":"Panda Antivirus Free recensione miglior antivirus | Accurate Reviews","og_description":"Panda Antivirus Free \u00e8 uno degli antivirus pi\u00f9 noti sul mercato e la sua fama deriva dagli ottimi risultati ottenuti nell\u2019identificare i malware.","og_url":"https:\/\/www.accuratereviews.com\/it\/antivirus-la-lista-dei-migliori\/panda-antivirus-2016\/","og_site_name":"Accurate Reviews","article_modified_time":"2016-11-16T14:52:20+00:00","og_image":[{"url":"http:\/\/www.accuratereviews.com\/wp-content\/uploads\/2015\/10\/panda-antivirus-2016.jpg","type":"","width":"","height":""}],"twitter_card":"summary_large_image","twitter_misc":{"Tempo di lettura stimato":"1 minuto"},"schema":{"@context":"https:\/\/schema.org","@graph":[{"@type":"WebPage","@id":"https:\/\/www.accuratereviews.com\/it\/antivirus-la-lista-dei-migliori\/panda-antivirus-2016\/","url":"https:\/\/www.accuratereviews.com\/it\/antivirus-la-lista-dei-migliori\/panda-antivirus-2016\/","name":"Panda Antivirus Free recensione miglior antivirus | Accurate Reviews","isPartOf":{"@id":"https:\/\/www.accuratereviews.com\/it\/#website"},"primaryImageOfPage":{"@id":"https:\/\/www.accuratereviews.com\/it\/antivirus-la-lista-dei-migliori\/panda-antivirus-2016\/#primaryimage"},"image":{"@id":"https:\/\/www.accuratereviews.com\/it\/antivirus-la-lista-dei-migliori\/panda-antivirus-2016\/#primaryimage"},"thumbnailUrl":"http:\/\/www.accuratereviews.com\/wp-content\/uploads\/2015\/10\/panda-antivirus-2016.jpg","datePublished":"2015-10-19T12:50:21+00:00","dateModified":"2016-11-16T14:52:20+00:00","description":"Panda Antivirus Free \u00e8 uno degli antivirus pi\u00f9 noti sul mercato e la sua fama deriva dagli ottimi risultati ottenuti nell\u2019identificare i malware.","breadcrumb":{"@id":"https:\/\/www.accuratereviews.com\/it\/antivirus-la-lista-dei-migliori\/panda-antivirus-2016\/#breadcrumb"},"inLanguage":"it-IT","potentialAction":[{"@type":"ReadAction","target":["https:\/\/www.accuratereviews.com\/it\/antivirus-la-lista-dei-migliori\/panda-antivirus-2016\/"]}]},{"@type":"ImageObject","inLanguage":"it-IT","@id":"https:\/\/www.accuratereviews.com\/it\/antivirus-la-lista-dei-migliori\/panda-antivirus-2016\/#primaryimage","url":"http:\/\/www.accuratereviews.com\/wp-content\/uploads\/2015\/10\/panda-antivirus-2016.jpg","contentUrl":"http:\/\/www.accuratereviews.com\/wp-content\/uploads\/2015\/10\/panda-antivirus-2016.jpg"},{"@type":"BreadcrumbList","@id":"https:\/\/www.accuratereviews.com\/it\/antivirus-la-lista-dei-migliori\/panda-antivirus-2016\/#breadcrumb","itemListElement":[{"@type":"ListItem","position":1,"name":"Home","item":"https:\/\/www.accuratereviews.com\/it\/"},{"@type":"ListItem","position":2,"name":"Antivirus: i Migliori Antivirus per PC","item":"https:\/\/www.accuratereviews.com\/it\/antivirus-la-lista-dei-migliori\/"},{"@type":"ListItem","position":3,"name":"Panda Antivirus 2016"}]},{"@type":"WebSite","@id":"https:\/\/www.accuratereviews.com\/it\/#website","url":"https:\/\/www.accuratereviews.com\/it\/","name":"Accurate Reviews","description":"","potentialAction":[{"@type":"SearchAction","target":{"@type":"EntryPoint","urlTemplate":"https:\/\/www.accuratereviews.com\/it\/?s={search_term_string}"},"query-input":{"@type":"PropertyValueSpecification","valueRequired":true,"valueName":"search_term_string"}}],"inLanguage":"it-IT"}]}},"_links":{"self":[{"href":"https:\/\/www.accuratereviews.com\/it\/wp-json\/wp\/v2\/pages\/5679","targetHints":{"allow":["GET"]}}],"collection":[{"href":"https:\/\/www.accuratereviews.com\/it\/wp-json\/wp\/v2\/pages"}],"about":[{"href":"https:\/\/www.accuratereviews.com\/it\/wp-json\/wp\/v2\/types\/page"}],"author":[{"embeddable":true,"href":"https:\/\/www.accuratereviews.com\/it\/wp-json\/wp\/v2\/users\/16"}],"replies":[{"embeddable":true,"href":"https:\/\/www.accuratereviews.com\/it\/wp-json\/wp\/v2\/comments?post=5679"}],"version-history":[{"count":7,"href":"https:\/\/www.accuratereviews.com\/it\/wp-json\/wp\/v2\/pages\/5679\/revisions"}],"predecessor-version":[{"id":6441,"href":"https:\/\/www.accuratereviews.com\/it\/wp-json\/wp\/v2\/pages\/5679\/revisions\/6441"}],"up":[{"embeddable":true,"href":"https:\/\/www.accuratereviews.com\/it\/wp-json\/wp\/v2\/pages\/5635"}],"wp:attachment":[{"href":"https:\/\/www.accuratereviews.com\/it\/wp-json\/wp\/v2\/media?parent=5679"}],"wp:term":[{"taxonomy":"category","embeddable":true,"href":"https:\/\/www.accuratereviews.com\/it\/wp-json\/wp\/v2\/categories?post=5679"},{"taxonomy":"post_tag","embeddable":true,"href":"https:\/\/www.accuratereviews.com\/it\/wp-json\/wp\/v2\/tags?post=5679"},{"taxonomy":"features","embeddable":true,"href":"https:\/\/www.accuratereviews.com\/it\/wp-json\/wp\/v2\/features?post=5679"}],"curies":[{"name":"wp","href":"https:\/\/api.w.org\/{rel}","templated":true}]}}