{"id":5687,"date":"2015-10-13T15:46:40","date_gmt":"2015-10-13T15:46:40","guid":{"rendered":"http:\/\/www.accuratereviews.com\/it\/antivirus-la-lista-dei-migliori\/avg-anti-virus\/"},"modified":"2016-11-16T15:34:35","modified_gmt":"2016-11-16T15:34:35","slug":"avg-anti-virus","status":"publish","type":"page","link":"https:\/\/www.accuratereviews.com\/it\/antivirus-la-lista-dei-migliori\/avg-anti-virus\/","title":{"rendered":"AVG Anti-Virus"},"content":{"rendered":"<p><strong>AVG Anti-virus<\/strong> \u00e8 uno degli strumenti per la <strong>protezione dai malware<\/strong> pi\u00f9 famosi sul mercato: disponibile sin dall\u2019inizio degli anni \u201890, AVG \u00e8 un\u2019azienda cresciuta con il crescere del mondo dei PC, adattandosi ora anche ai dispositivi mobile.<\/p>\n<div id=\"attachment_1593\" style=\"width: 675px\" class=\"wp-caption alignnone\"><img loading=\"lazy\" decoding=\"async\" aria-describedby=\"caption-attachment-1593\" class=\"size-full wp-image-1593\" src=\"http:\/\/www.accuratereviews.com\/wp-content\/uploads\/2015\/10\/avg-screenshot.png\" alt=\"AVG protects your PC or Mac from malicious viruses or scam links.\" width=\"665\" height=\"402\" srcset=\"https:\/\/www.accuratereviews.com\/wp-content\/uploads\/2015\/10\/avg-screenshot.png 665w, https:\/\/www.accuratereviews.com\/wp-content\/uploads\/2015\/10\/avg-screenshot-300x181.png 300w, https:\/\/www.accuratereviews.com\/wp-content\/uploads\/2015\/10\/avg-screenshot-207x125.png 207w, https:\/\/www.accuratereviews.com\/wp-content\/uploads\/2015\/10\/avg-screenshot-50x30.png 50w, https:\/\/www.accuratereviews.com\/wp-content\/uploads\/2015\/10\/avg-screenshot-636x384.png 636w, https:\/\/www.accuratereviews.com\/wp-content\/uploads\/2015\/10\/avg-screenshot-320x193.png 320w, https:\/\/www.accuratereviews.com\/wp-content\/uploads\/2015\/10\/avg-screenshot-239x144.png 239w\" sizes=\"auto, (max-width: 665px) 100vw, 665px\" \/><p id=\"caption-attachment-1593\" class=\"wp-caption-text\">AVG protegge sia PC che Mac da possibili minacce online.<\/p><\/div>\n<p><strong>AVG \u00e8 un antivirus gratuito che promette una protezione totale<\/strong>. Purtroppo le notifiche che spingono l\u2019utente a passare ai servizi premium sono piuttosto pressanti e le troviamo sin dal momento dell\u2019installazione. Se riuscite a ignorare le insistenze, <strong>AVG vi stupir\u00e0 per le ottime performance<\/strong> legate a un prodotto gratuito. I risultati dei test effettuati su AVG sono tutti molto positivi.<\/p>\n<p>Vengono offerti anche alcuni extra, come un giorno gratuito della funzionalit\u00e0 <strong>AVG PC TuneU<\/strong>p in grado di verificare errori di registro, lo stato della frammentazione del disco e qualsiasi altro malfunzionamento su PC. Dopo il giorno gratuito di utilizzo dovrete ovviamente acquistare il tool per poterlo utilizzare ancora.<\/p>\n<p>Tornando ad AVG Anti-virus, viene effettuato anche il <strong>controllo dei link in entrata dai social network o dalle email<\/strong> ricevute. Una notifica ci avviser\u00e0 se rischiamo di visitare un sito web pericoloso.<\/p>\n","protected":false},"excerpt":{"rendered":"<p>AVG Anti-virus \u00e8 uno degli strumenti per la protezione dei malware pi\u00f9 famosi sul mercato: disponibile sin dall\u2019inizio degli anni \u201890, AVG \u00e8 un\u2019azienda cresciuta con il crescere del mondo dei PC, adattandosi ora anche ai dispositivi mobile. <\/p>\n","protected":false},"author":16,"featured_media":0,"parent":5635,"menu_order":18,"comment_status":"open","ping_status":"closed","template":"g1_template_page_review_new.php","meta":{"_acf_changed":false,"cwp_meta_box_check":"Yes","cwp_rev_product_name":"","cwp_rev_product_image":"","wppr_links":[],"cwp_rev_price":"","wppr_options":[],"wppr_pros":[],"wppr_cons":[],"_monsterinsights_skip_tracking":false,"_monsterinsights_sitenote_active":false,"_monsterinsights_sitenote_note":"","_monsterinsights_sitenote_category":0,"footnotes":""},"categories":[109],"tags":[],"features":[],"class_list":{"0":"post-5687","1":"page","2":"type-page","3":"status-publish","5":"category-antivirus-software-pc-it"},"wppr_data":{"cwp_meta_box_check":"Yes","cwp_rev_product_name":"","cwp_rev_product_image":"","cwp_image_link":"image","cwp_rev_price":"","wppr_rating":"0.00"},"acf":[],"yoast_head":"<!-- This site is optimized with the Yoast SEO plugin v27.4 - https:\/\/yoast.com\/product\/yoast-seo-wordpress\/ -->\n<title>AVG Anti-virus recensione miglior antivirus | Accurate Reviews<\/title>\n<meta name=\"description\" content=\"AVG Anti-virus \u00e8 uno degli strumenti per la protezione dai malware pi\u00f9 famosi sul mercato. AVG \u00e8 un antivirus gratuito che promette una protezione totale\" \/>\n<meta name=\"robots\" content=\"index, follow, max-snippet:-1, max-image-preview:large, max-video-preview:-1\" \/>\n<link rel=\"canonical\" href=\"https:\/\/www.accuratereviews.com\/it\/antivirus-la-lista-dei-migliori\/avg-anti-virus\/\" \/>\n<meta property=\"og:locale\" content=\"it_IT\" \/>\n<meta property=\"og:type\" content=\"article\" \/>\n<meta property=\"og:title\" content=\"AVG Anti-virus recensione miglior antivirus | Accurate Reviews\" \/>\n<meta property=\"og:description\" content=\"AVG Anti-virus \u00e8 uno degli strumenti per la protezione dai malware pi\u00f9 famosi sul mercato. AVG \u00e8 un antivirus gratuito che promette una protezione totale\" \/>\n<meta property=\"og:url\" content=\"https:\/\/www.accuratereviews.com\/it\/antivirus-la-lista-dei-migliori\/avg-anti-virus\/\" \/>\n<meta property=\"og:site_name\" content=\"Accurate Reviews\" \/>\n<meta property=\"article:modified_time\" content=\"2016-11-16T15:34:35+00:00\" \/>\n<meta property=\"og:image\" content=\"http:\/\/www.accuratereviews.com\/wp-content\/uploads\/2015\/10\/avg-screenshot.png\" \/>\n<meta name=\"twitter:card\" content=\"summary_large_image\" \/>\n<meta name=\"twitter:label1\" content=\"Tempo di lettura stimato\" \/>\n\t<meta name=\"twitter:data1\" content=\"1 minuto\" \/>\n<script type=\"application\/ld+json\" class=\"yoast-schema-graph\">{\"@context\":\"https:\\\/\\\/schema.org\",\"@graph\":[{\"@type\":\"WebPage\",\"@id\":\"https:\\\/\\\/www.accuratereviews.com\\\/it\\\/antivirus-la-lista-dei-migliori\\\/avg-anti-virus\\\/\",\"url\":\"https:\\\/\\\/www.accuratereviews.com\\\/it\\\/antivirus-la-lista-dei-migliori\\\/avg-anti-virus\\\/\",\"name\":\"AVG Anti-virus recensione miglior antivirus | Accurate Reviews\",\"isPartOf\":{\"@id\":\"https:\\\/\\\/www.accuratereviews.com\\\/it\\\/#website\"},\"primaryImageOfPage\":{\"@id\":\"https:\\\/\\\/www.accuratereviews.com\\\/it\\\/antivirus-la-lista-dei-migliori\\\/avg-anti-virus\\\/#primaryimage\"},\"image\":{\"@id\":\"https:\\\/\\\/www.accuratereviews.com\\\/it\\\/antivirus-la-lista-dei-migliori\\\/avg-anti-virus\\\/#primaryimage\"},\"thumbnailUrl\":\"http:\\\/\\\/www.accuratereviews.com\\\/wp-content\\\/uploads\\\/2015\\\/10\\\/avg-screenshot.png\",\"datePublished\":\"2015-10-13T15:46:40+00:00\",\"dateModified\":\"2016-11-16T15:34:35+00:00\",\"description\":\"AVG Anti-virus \u00e8 uno degli strumenti per la protezione dai malware pi\u00f9 famosi sul mercato. AVG \u00e8 un antivirus gratuito che promette una protezione totale\",\"breadcrumb\":{\"@id\":\"https:\\\/\\\/www.accuratereviews.com\\\/it\\\/antivirus-la-lista-dei-migliori\\\/avg-anti-virus\\\/#breadcrumb\"},\"inLanguage\":\"it-IT\",\"potentialAction\":[{\"@type\":\"ReadAction\",\"target\":[\"https:\\\/\\\/www.accuratereviews.com\\\/it\\\/antivirus-la-lista-dei-migliori\\\/avg-anti-virus\\\/\"]}]},{\"@type\":\"ImageObject\",\"inLanguage\":\"it-IT\",\"@id\":\"https:\\\/\\\/www.accuratereviews.com\\\/it\\\/antivirus-la-lista-dei-migliori\\\/avg-anti-virus\\\/#primaryimage\",\"url\":\"http:\\\/\\\/www.accuratereviews.com\\\/wp-content\\\/uploads\\\/2015\\\/10\\\/avg-screenshot.png\",\"contentUrl\":\"http:\\\/\\\/www.accuratereviews.com\\\/wp-content\\\/uploads\\\/2015\\\/10\\\/avg-screenshot.png\"},{\"@type\":\"BreadcrumbList\",\"@id\":\"https:\\\/\\\/www.accuratereviews.com\\\/it\\\/antivirus-la-lista-dei-migliori\\\/avg-anti-virus\\\/#breadcrumb\",\"itemListElement\":[{\"@type\":\"ListItem\",\"position\":1,\"name\":\"Home\",\"item\":\"https:\\\/\\\/www.accuratereviews.com\\\/it\\\/\"},{\"@type\":\"ListItem\",\"position\":2,\"name\":\"Antivirus: i Migliori Antivirus per PC\",\"item\":\"https:\\\/\\\/www.accuratereviews.com\\\/it\\\/antivirus-la-lista-dei-migliori\\\/\"},{\"@type\":\"ListItem\",\"position\":3,\"name\":\"AVG Anti-Virus\"}]},{\"@type\":\"WebSite\",\"@id\":\"https:\\\/\\\/www.accuratereviews.com\\\/it\\\/#website\",\"url\":\"https:\\\/\\\/www.accuratereviews.com\\\/it\\\/\",\"name\":\"Accurate Reviews\",\"description\":\"\",\"potentialAction\":[{\"@type\":\"SearchAction\",\"target\":{\"@type\":\"EntryPoint\",\"urlTemplate\":\"https:\\\/\\\/www.accuratereviews.com\\\/it\\\/?s={search_term_string}\"},\"query-input\":{\"@type\":\"PropertyValueSpecification\",\"valueRequired\":true,\"valueName\":\"search_term_string\"}}],\"inLanguage\":\"it-IT\"}]}<\/script>\n<!-- \/ Yoast SEO plugin. -->","yoast_head_json":{"title":"AVG Anti-virus recensione miglior antivirus | Accurate Reviews","description":"AVG Anti-virus \u00e8 uno degli strumenti per la protezione dai malware pi\u00f9 famosi sul mercato. AVG \u00e8 un antivirus gratuito che promette una protezione totale","robots":{"index":"index","follow":"follow","max-snippet":"max-snippet:-1","max-image-preview":"max-image-preview:large","max-video-preview":"max-video-preview:-1"},"canonical":"https:\/\/www.accuratereviews.com\/it\/antivirus-la-lista-dei-migliori\/avg-anti-virus\/","og_locale":"it_IT","og_type":"article","og_title":"AVG Anti-virus recensione miglior antivirus | Accurate Reviews","og_description":"AVG Anti-virus \u00e8 uno degli strumenti per la protezione dai malware pi\u00f9 famosi sul mercato. AVG \u00e8 un antivirus gratuito che promette una protezione totale","og_url":"https:\/\/www.accuratereviews.com\/it\/antivirus-la-lista-dei-migliori\/avg-anti-virus\/","og_site_name":"Accurate Reviews","article_modified_time":"2016-11-16T15:34:35+00:00","og_image":[{"url":"http:\/\/www.accuratereviews.com\/wp-content\/uploads\/2015\/10\/avg-screenshot.png","type":"","width":"","height":""}],"twitter_card":"summary_large_image","twitter_misc":{"Tempo di lettura stimato":"1 minuto"},"schema":{"@context":"https:\/\/schema.org","@graph":[{"@type":"WebPage","@id":"https:\/\/www.accuratereviews.com\/it\/antivirus-la-lista-dei-migliori\/avg-anti-virus\/","url":"https:\/\/www.accuratereviews.com\/it\/antivirus-la-lista-dei-migliori\/avg-anti-virus\/","name":"AVG Anti-virus recensione miglior antivirus | Accurate Reviews","isPartOf":{"@id":"https:\/\/www.accuratereviews.com\/it\/#website"},"primaryImageOfPage":{"@id":"https:\/\/www.accuratereviews.com\/it\/antivirus-la-lista-dei-migliori\/avg-anti-virus\/#primaryimage"},"image":{"@id":"https:\/\/www.accuratereviews.com\/it\/antivirus-la-lista-dei-migliori\/avg-anti-virus\/#primaryimage"},"thumbnailUrl":"http:\/\/www.accuratereviews.com\/wp-content\/uploads\/2015\/10\/avg-screenshot.png","datePublished":"2015-10-13T15:46:40+00:00","dateModified":"2016-11-16T15:34:35+00:00","description":"AVG Anti-virus \u00e8 uno degli strumenti per la protezione dai malware pi\u00f9 famosi sul mercato. AVG \u00e8 un antivirus gratuito che promette una protezione totale","breadcrumb":{"@id":"https:\/\/www.accuratereviews.com\/it\/antivirus-la-lista-dei-migliori\/avg-anti-virus\/#breadcrumb"},"inLanguage":"it-IT","potentialAction":[{"@type":"ReadAction","target":["https:\/\/www.accuratereviews.com\/it\/antivirus-la-lista-dei-migliori\/avg-anti-virus\/"]}]},{"@type":"ImageObject","inLanguage":"it-IT","@id":"https:\/\/www.accuratereviews.com\/it\/antivirus-la-lista-dei-migliori\/avg-anti-virus\/#primaryimage","url":"http:\/\/www.accuratereviews.com\/wp-content\/uploads\/2015\/10\/avg-screenshot.png","contentUrl":"http:\/\/www.accuratereviews.com\/wp-content\/uploads\/2015\/10\/avg-screenshot.png"},{"@type":"BreadcrumbList","@id":"https:\/\/www.accuratereviews.com\/it\/antivirus-la-lista-dei-migliori\/avg-anti-virus\/#breadcrumb","itemListElement":[{"@type":"ListItem","position":1,"name":"Home","item":"https:\/\/www.accuratereviews.com\/it\/"},{"@type":"ListItem","position":2,"name":"Antivirus: i Migliori Antivirus per PC","item":"https:\/\/www.accuratereviews.com\/it\/antivirus-la-lista-dei-migliori\/"},{"@type":"ListItem","position":3,"name":"AVG Anti-Virus"}]},{"@type":"WebSite","@id":"https:\/\/www.accuratereviews.com\/it\/#website","url":"https:\/\/www.accuratereviews.com\/it\/","name":"Accurate Reviews","description":"","potentialAction":[{"@type":"SearchAction","target":{"@type":"EntryPoint","urlTemplate":"https:\/\/www.accuratereviews.com\/it\/?s={search_term_string}"},"query-input":{"@type":"PropertyValueSpecification","valueRequired":true,"valueName":"search_term_string"}}],"inLanguage":"it-IT"}]}},"_links":{"self":[{"href":"https:\/\/www.accuratereviews.com\/it\/wp-json\/wp\/v2\/pages\/5687","targetHints":{"allow":["GET"]}}],"collection":[{"href":"https:\/\/www.accuratereviews.com\/it\/wp-json\/wp\/v2\/pages"}],"about":[{"href":"https:\/\/www.accuratereviews.com\/it\/wp-json\/wp\/v2\/types\/page"}],"author":[{"embeddable":true,"href":"https:\/\/www.accuratereviews.com\/it\/wp-json\/wp\/v2\/users\/16"}],"replies":[{"embeddable":true,"href":"https:\/\/www.accuratereviews.com\/it\/wp-json\/wp\/v2\/comments?post=5687"}],"version-history":[{"count":5,"href":"https:\/\/www.accuratereviews.com\/it\/wp-json\/wp\/v2\/pages\/5687\/revisions"}],"predecessor-version":[{"id":6461,"href":"https:\/\/www.accuratereviews.com\/it\/wp-json\/wp\/v2\/pages\/5687\/revisions\/6461"}],"up":[{"embeddable":true,"href":"https:\/\/www.accuratereviews.com\/it\/wp-json\/wp\/v2\/pages\/5635"}],"wp:attachment":[{"href":"https:\/\/www.accuratereviews.com\/it\/wp-json\/wp\/v2\/media?parent=5687"}],"wp:term":[{"taxonomy":"category","embeddable":true,"href":"https:\/\/www.accuratereviews.com\/it\/wp-json\/wp\/v2\/categories?post=5687"},{"taxonomy":"post_tag","embeddable":true,"href":"https:\/\/www.accuratereviews.com\/it\/wp-json\/wp\/v2\/tags?post=5687"},{"taxonomy":"features","embeddable":true,"href":"https:\/\/www.accuratereviews.com\/it\/wp-json\/wp\/v2\/features?post=5687"}],"curies":[{"name":"wp","href":"https:\/\/api.w.org\/{rel}","templated":true}]}}