{"id":56897,"date":"2022-05-02T12:18:37","date_gmt":"2022-05-02T12:18:37","guid":{"rendered":"https:\/\/www.accuratereviews.com\/?page_id=56897"},"modified":"2022-05-02T12:21:42","modified_gmt":"2022-05-02T12:21:42","slug":"matrixcare-senior-living-recensione","status":"publish","type":"page","link":"https:\/\/www.accuratereviews.com\/it\/software-assistenza-persone\/matrixcare-senior-living-recensione\/","title":{"rendered":"MatrixCare Senior Living"},"content":{"rendered":"<p><strong>MatrixCare Senior Living<\/strong> aiuta gli operatori a semplificare i loro processi per aumentare l&#8217;occupazione e raggiungere gli obiettivi aziendali. Sfruttando una tecnologia innovativa consente al personale di gestire le informazioni finanziarie e operative utilizzando un solo sistema basato su <strong>cloud<\/strong>.\u00a0La soluzione ti fornisce informazioni su tutti gli aspetti della tua <strong>attivit\u00e0 per anziani<\/strong>. Dal censimento ai traslochi e altro ancora, puoi visualizzare i dati su un singolo edificio o su un&#8217;intera organizzazione con pi\u00f9 strutture. Con una piattaforma intuitiva, <strong>MatrixCare Senior Living<\/strong> \u00e8 facile da navigare per supportare ulteriormente la soddisfazione di medici e operatori sanitari. In particolare, poich\u00e9 il sistema \u00e8 completamente mobile, il personale pu\u00f2 raccogliere informazioni dove e quando necessario, il che significa pi\u00f9 tempo con i residenti e meno tempo per l&#8217;inserimento dei dati. Sfruttando il software, puoi massimizzare i margini e fornire assistenza di qualit\u00e0 ai tuoi residenti.<\/p>\n<h2>MATRIXCARE SENIOR LIVING &#8211; TUTORIAL<\/h2>\n<p>Ecco un video su questo <strong>software per assistenza alla persona<\/strong>:<\/p>\n<div id=\"fluid-wrapper-counter-1\" class=\"g1-fluid-wrapper \" style=\"width:686px;\">\n<div style=\"padding-bottom:56.268221574344%;\"><iframe loading=\"lazy\" title=\"MatrixCare EHR testimonial- American Senior Communities\" width=\"686\" height=\"386\" src=\"https:\/\/www.youtube.com\/embed\/80aRuq6972k?feature=oembed&amp;wmode=transparent&amp;autohide=1&amp;autoplay=0&amp;disablekb=0&amp;fs=1&amp;loop=0&amp;enablejsapi=1&amp;rel=0&amp;controls=2&amp;showinfo=0&amp;wmode=transparent&amp;autohide=2&amp;autoplay=0&amp;disablekb=0&amp;fs=1&amp;loop=0&amp;enablejsapi=1&amp;rel=0&amp;controls=2&amp;showinfo=1\" frameborder=\"0\" allow=\"accelerometer; autoplay; clipboard-write; encrypted-media; gyroscope; picture-in-picture\" allowfullscreen><\/iframe><\/div>\n<\/div>\n<h3>MATRIXCARE SENIOR LIVING &#8211; CARATTERISTICHE<\/h3>\n<ul>\n<li><strong>Facile da usare:<\/strong> semplifica la valutazione accurata dei residenti, la creazione di piani di servizio dettagliati, la fornitura di cure di qualit\u00e0 e l&#8217;invio di fatture accurate. Icone intuitive e navigazione coerente tra i moduli aiutano il personale ad apprendere rapidamente il sistema. Inoltre, la precompilazione delle informazioni chiave riduce l&#8217;input manuale e la possibilit\u00e0 di errore umano<\/li>\n<li><strong>Diventa subito operativo<\/strong>: la formazione e l&#8217;implementazione degli esperti consentono al tuo personale di aggiornarsi rapidamente. I moduli di formazione rafforzano le migliori pratiche, ma possono anche essere adattati ai requisiti e ai flussi di lavoro specifici della tua organizzazione. Una volta che il tuo personale \u00e8 operativo, le risorse e la formazione continue sono disponibili attraverso la community di clienti, che offre accesso 24 ore su 24, 7 giorni su 7 a informazioni importanti<\/li>\n<li><strong>Meno sprechi<\/strong>: la soluzione fornisce informazioni su tutti gli aspetti della tua attivit\u00e0 per anziani. Dal censimento ai traslochi e altre informazioni, puoi visualizzare i dati su un singolo edificio o un&#8217;intera organizzazione con pi\u00f9 strutture. Questa visualizzazione di alto livello consente di gestire in modo efficiente le risorse e ridurre gli sprechi<\/li>\n<li><strong>La cura giusta al momento giusto<\/strong>: il personale vede le informazioni basate sui ruoli per ogni residente, in modo che sappia quali attivit\u00e0 completare per prime. Poich\u00e9 il sistema \u00e8 completamente mobile, il personale pu\u00f2 raccogliere informazioni, dove e quando necessario, il che significa pi\u00f9 tempo con i residenti e meno tempo per l&#8217;inserimento dei dati<\/li>\n<li><strong>Ottieni una visione completa del tuo ciclo di entrate<\/strong>: la soluzione di gestione del ciclo delle entrate acquisisce pagamenti, fatturazione, rimborsi e servizi accessori in un unico record residente, quindi non c&#8217;\u00e8 lavoro manuale che possa portare a errori o perdite di entrate. Inoltre, una reportistica affidabile fornisce informazioni dettagliate sulla performance finanziaria e sulla redditivit\u00e0<\/li>\n<li><strong>Crescita e flessibilit\u00e0<\/strong>: i\u00a0flussi di lavoro \u00a0supportano vari livelli di assistenza e si integrano anche con altri software leader del settore. Ci\u00f2 significa che hai un&#8217;unica soluzione completa anche se la tua organizzazione cresce o acquisisce altre strutture.<\/li>\n<\/ul>\n<h4>LE RECENSIONI DEGLI UTENTI<\/h4>\n<p class=\"font-weight-bold mb-2\"><strong>Debra H.&#8221;Brightree nella contea di Wilson&#8221;<\/strong><\/p>\n<p class=\"font-weight-bold mb-2\"><strong>Pro<\/strong>:\u00a0Dopo l&#8217;installazione, \u00e8 stato facile per il personale sul campo adattarsi a un nuovo record elettronico. Ha molte caratteristiche che mantengono il personale conforme. Trovo molto pi\u00f9 facile fare un audit grafico dalla mia scrivania. Sono molto colpito dai rapporti che mi consentono di essere aggiornato quotidianamente sulla nostra situazione finanziaria. Il personale di Brightree \u00e8 fantastico con cui lavorare. Ci trattano come partner.<\/p>\n<p class=\"font-weight-bold mb-2\"><strong>Contro<\/strong>: \u00a0L&#8217;unica cosa che cambierei sarebbe che i consigli dei clienti venissero implementati pi\u00f9 rapidamente.<\/p>\n<p class=\"font-weight-bold mb-2\"><strong>Leslie I.&#8221;Rassicurazioni con gli audit statali&#8221;<\/strong><\/p>\n<p class=\"font-weight-bold mb-2\"><strong>Pro<\/strong>:\u00a0Gli audit dei grafici sono pi\u00f9 facili da seguire. Tutte le visite perse e le visite di supervisione sono l\u00ec per te da monitorare.<\/p>\n<p class=\"font-weight-bold mb-2\"><strong>Contro<\/strong>:\u00a0Domande eccessive. Ci sono cos\u00ec tante domande, molte delle quali non sono necessarie.<\/p>\n<p class=\"font-weight-bold mb-2\"><strong>Katy T.&#8221;Fantastico prodotto. C&#8217;\u00e8 spazio per miglioramenti nel supporto tecnico e nelle guide per l&#8217;utente&#8221;<\/strong><\/p>\n<p class=\"font-weight-bold mb-2\"><strong>Pro<\/strong>:\u00a0Il prodotto \u00e8 robusto. I medici possono usarlo in modalit\u00e0 offline. Presto sar\u00e0 disponibile un&#8217;app per iPad!<\/p>\n<p class=\"font-weight-bold mb-2\"><strong>Contro<\/strong>:\u00a0Questo software non viene fornito con una guida per l&#8217;utente. Invece, i formatori istruiscono le agenzie affinch\u00e9 il personale si rechi nella loro universit\u00e0 online per guardare i video di formazione. Abbiamo dovuto compilare la nostra guida per l&#8217;utente, che \u00e8 stata un&#8217;attivit\u00e0 dispendiosa in termini di tempo e costosa.<\/p>\n","protected":false},"excerpt":{"rendered":"<p>MatrixCare Senior Living aiuta gli operatori a semplificare i loro processi per aumentare l&#8217;occupazione e raggiungere gli obiettivi aziendali. Sfruttando una tecnologia innovativa consente al personale di gestire le informazioni finanziarie e operative utilizzando un solo sistema basato su cloud.\u00a0La soluzione ti fornisce informazioni su tutti gli aspetti della tua attivit\u00e0 per anziani.<\/p>\n","protected":false},"author":16,"featured_media":56898,"parent":56447,"menu_order":0,"comment_status":"open","ping_status":"closed","template":"g1_template_page_review_new.php","meta":{"_acf_changed":false,"cwp_meta_box_check":"No","cwp_rev_product_name":"","cwp_rev_product_image":"","wppr_links":[],"cwp_rev_price":"","wppr_options":[],"wppr_pros":[],"wppr_cons":[],"_monsterinsights_skip_tracking":false,"_monsterinsights_sitenote_active":false,"_monsterinsights_sitenote_note":"","_monsterinsights_sitenote_category":0,"footnotes":""},"categories":[12456],"tags":[12475,12522,12478,12479,12477,12476],"features":[],"class_list":{"0":"post-56897","1":"page","2":"type-page","3":"status-publish","4":"has-post-thumbnail","6":"category-software-assistenza-persone-cat","7":"tag-assistenza-alla-persona","8":"tag-matrixcare-senior-living","9":"tag-piattaforma-assistenza-alla-persona","10":"tag-programma-assistenza-alla-persona","11":"tag-software-assistenza-alla-persona","12":"tag-soluzione-assistenza-alla-persona"},"wppr_data":{"cwp_meta_box_check":"No"},"acf":[],"yoast_head":"<!-- This site is optimized with the Yoast SEO plugin v27.4 - https:\/\/yoast.com\/product\/yoast-seo-wordpress\/ -->\n<title>MatrixCare Senior Living: recensione software assistenza alle persone<\/title>\n<meta name=\"description\" content=\"MatrixCare Senior Living: recensione soluzione che aiuta gli operatori a semplificare i processi per aumentare occupazione e raggiungere obiettivi aziendali\" \/>\n<meta name=\"robots\" content=\"index, follow, max-snippet:-1, max-image-preview:large, max-video-preview:-1\" \/>\n<link rel=\"canonical\" href=\"https:\/\/www.accuratereviews.com\/it\/software-assistenza-persone\/matrixcare-senior-living-recensione\/\" \/>\n<meta property=\"og:locale\" content=\"it_IT\" \/>\n<meta property=\"og:type\" content=\"article\" \/>\n<meta property=\"og:title\" content=\"MatrixCare Senior Living: recensione software assistenza alle persone\" \/>\n<meta property=\"og:description\" content=\"MatrixCare Senior Living: recensione soluzione che aiuta gli operatori a semplificare i processi per aumentare occupazione e raggiungere obiettivi aziendali\" \/>\n<meta property=\"og:url\" content=\"https:\/\/www.accuratereviews.com\/it\/software-assistenza-persone\/matrixcare-senior-living-recensione\/\" \/>\n<meta property=\"og:site_name\" content=\"Accurate Reviews\" \/>\n<meta property=\"article:modified_time\" content=\"2022-05-02T12:21:42+00:00\" \/>\n<meta property=\"og:image\" content=\"https:\/\/www.accuratereviews.com\/wp-content\/uploads\/2022\/05\/MatrixCare-Senior-Living.png\" \/>\n\t<meta property=\"og:image:width\" content=\"225\" \/>\n\t<meta property=\"og:image:height\" content=\"225\" \/>\n\t<meta property=\"og:image:type\" content=\"image\/png\" \/>\n<meta name=\"twitter:card\" content=\"summary_large_image\" \/>\n<meta name=\"twitter:label1\" content=\"Tempo di lettura stimato\" \/>\n\t<meta name=\"twitter:data1\" content=\"4 minuti\" \/>\n<script type=\"application\/ld+json\" class=\"yoast-schema-graph\">{\"@context\":\"https:\\\/\\\/schema.org\",\"@graph\":[{\"@type\":\"WebPage\",\"@id\":\"https:\\\/\\\/www.accuratereviews.com\\\/it\\\/software-assistenza-persone\\\/matrixcare-senior-living-recensione\\\/\",\"url\":\"https:\\\/\\\/www.accuratereviews.com\\\/it\\\/software-assistenza-persone\\\/matrixcare-senior-living-recensione\\\/\",\"name\":\"MatrixCare Senior Living: recensione software assistenza alle persone\",\"isPartOf\":{\"@id\":\"https:\\\/\\\/www.accuratereviews.com\\\/it\\\/#website\"},\"primaryImageOfPage\":{\"@id\":\"https:\\\/\\\/www.accuratereviews.com\\\/it\\\/software-assistenza-persone\\\/matrixcare-senior-living-recensione\\\/#primaryimage\"},\"image\":{\"@id\":\"https:\\\/\\\/www.accuratereviews.com\\\/it\\\/software-assistenza-persone\\\/matrixcare-senior-living-recensione\\\/#primaryimage\"},\"thumbnailUrl\":\"https:\\\/\\\/www.accuratereviews.com\\\/wp-content\\\/uploads\\\/2022\\\/05\\\/MatrixCare-Senior-Living.png\",\"datePublished\":\"2022-05-02T12:18:37+00:00\",\"dateModified\":\"2022-05-02T12:21:42+00:00\",\"description\":\"MatrixCare Senior Living: recensione soluzione che aiuta gli operatori a semplificare i processi per aumentare occupazione e raggiungere obiettivi aziendali\",\"breadcrumb\":{\"@id\":\"https:\\\/\\\/www.accuratereviews.com\\\/it\\\/software-assistenza-persone\\\/matrixcare-senior-living-recensione\\\/#breadcrumb\"},\"inLanguage\":\"it-IT\",\"potentialAction\":[{\"@type\":\"ReadAction\",\"target\":[\"https:\\\/\\\/www.accuratereviews.com\\\/it\\\/software-assistenza-persone\\\/matrixcare-senior-living-recensione\\\/\"]}]},{\"@type\":\"ImageObject\",\"inLanguage\":\"it-IT\",\"@id\":\"https:\\\/\\\/www.accuratereviews.com\\\/it\\\/software-assistenza-persone\\\/matrixcare-senior-living-recensione\\\/#primaryimage\",\"url\":\"https:\\\/\\\/www.accuratereviews.com\\\/wp-content\\\/uploads\\\/2022\\\/05\\\/MatrixCare-Senior-Living.png\",\"contentUrl\":\"https:\\\/\\\/www.accuratereviews.com\\\/wp-content\\\/uploads\\\/2022\\\/05\\\/MatrixCare-Senior-Living.png\",\"width\":225,\"height\":225},{\"@type\":\"BreadcrumbList\",\"@id\":\"https:\\\/\\\/www.accuratereviews.com\\\/it\\\/software-assistenza-persone\\\/matrixcare-senior-living-recensione\\\/#breadcrumb\",\"itemListElement\":[{\"@type\":\"ListItem\",\"position\":1,\"name\":\"Home\",\"item\":\"https:\\\/\\\/www.accuratereviews.com\\\/it\\\/\"},{\"@type\":\"ListItem\",\"position\":2,\"name\":\"Software per assistenza alle persone\",\"item\":\"https:\\\/\\\/www.accuratereviews.com\\\/it\\\/software-assistenza-persone\\\/\"},{\"@type\":\"ListItem\",\"position\":3,\"name\":\"MatrixCare Senior Living\"}]},{\"@type\":\"WebSite\",\"@id\":\"https:\\\/\\\/www.accuratereviews.com\\\/it\\\/#website\",\"url\":\"https:\\\/\\\/www.accuratereviews.com\\\/it\\\/\",\"name\":\"Accurate Reviews\",\"description\":\"\",\"potentialAction\":[{\"@type\":\"SearchAction\",\"target\":{\"@type\":\"EntryPoint\",\"urlTemplate\":\"https:\\\/\\\/www.accuratereviews.com\\\/it\\\/?s={search_term_string}\"},\"query-input\":{\"@type\":\"PropertyValueSpecification\",\"valueRequired\":true,\"valueName\":\"search_term_string\"}}],\"inLanguage\":\"it-IT\"}]}<\/script>\n<!-- \/ Yoast SEO plugin. -->","yoast_head_json":{"title":"MatrixCare Senior Living: recensione software assistenza alle persone","description":"MatrixCare Senior Living: recensione soluzione che aiuta gli operatori a semplificare i processi per aumentare occupazione e raggiungere obiettivi aziendali","robots":{"index":"index","follow":"follow","max-snippet":"max-snippet:-1","max-image-preview":"max-image-preview:large","max-video-preview":"max-video-preview:-1"},"canonical":"https:\/\/www.accuratereviews.com\/it\/software-assistenza-persone\/matrixcare-senior-living-recensione\/","og_locale":"it_IT","og_type":"article","og_title":"MatrixCare Senior Living: recensione software assistenza alle persone","og_description":"MatrixCare Senior Living: recensione soluzione che aiuta gli operatori a semplificare i processi per aumentare occupazione e raggiungere obiettivi aziendali","og_url":"https:\/\/www.accuratereviews.com\/it\/software-assistenza-persone\/matrixcare-senior-living-recensione\/","og_site_name":"Accurate Reviews","article_modified_time":"2022-05-02T12:21:42+00:00","og_image":[{"width":225,"height":225,"url":"https:\/\/www.accuratereviews.com\/wp-content\/uploads\/2022\/05\/MatrixCare-Senior-Living.png","type":"image\/png"}],"twitter_card":"summary_large_image","twitter_misc":{"Tempo di lettura stimato":"4 minuti"},"schema":{"@context":"https:\/\/schema.org","@graph":[{"@type":"WebPage","@id":"https:\/\/www.accuratereviews.com\/it\/software-assistenza-persone\/matrixcare-senior-living-recensione\/","url":"https:\/\/www.accuratereviews.com\/it\/software-assistenza-persone\/matrixcare-senior-living-recensione\/","name":"MatrixCare Senior Living: recensione software assistenza alle persone","isPartOf":{"@id":"https:\/\/www.accuratereviews.com\/it\/#website"},"primaryImageOfPage":{"@id":"https:\/\/www.accuratereviews.com\/it\/software-assistenza-persone\/matrixcare-senior-living-recensione\/#primaryimage"},"image":{"@id":"https:\/\/www.accuratereviews.com\/it\/software-assistenza-persone\/matrixcare-senior-living-recensione\/#primaryimage"},"thumbnailUrl":"https:\/\/www.accuratereviews.com\/wp-content\/uploads\/2022\/05\/MatrixCare-Senior-Living.png","datePublished":"2022-05-02T12:18:37+00:00","dateModified":"2022-05-02T12:21:42+00:00","description":"MatrixCare Senior Living: recensione soluzione che aiuta gli operatori a semplificare i processi per aumentare occupazione e raggiungere obiettivi aziendali","breadcrumb":{"@id":"https:\/\/www.accuratereviews.com\/it\/software-assistenza-persone\/matrixcare-senior-living-recensione\/#breadcrumb"},"inLanguage":"it-IT","potentialAction":[{"@type":"ReadAction","target":["https:\/\/www.accuratereviews.com\/it\/software-assistenza-persone\/matrixcare-senior-living-recensione\/"]}]},{"@type":"ImageObject","inLanguage":"it-IT","@id":"https:\/\/www.accuratereviews.com\/it\/software-assistenza-persone\/matrixcare-senior-living-recensione\/#primaryimage","url":"https:\/\/www.accuratereviews.com\/wp-content\/uploads\/2022\/05\/MatrixCare-Senior-Living.png","contentUrl":"https:\/\/www.accuratereviews.com\/wp-content\/uploads\/2022\/05\/MatrixCare-Senior-Living.png","width":225,"height":225},{"@type":"BreadcrumbList","@id":"https:\/\/www.accuratereviews.com\/it\/software-assistenza-persone\/matrixcare-senior-living-recensione\/#breadcrumb","itemListElement":[{"@type":"ListItem","position":1,"name":"Home","item":"https:\/\/www.accuratereviews.com\/it\/"},{"@type":"ListItem","position":2,"name":"Software per assistenza alle persone","item":"https:\/\/www.accuratereviews.com\/it\/software-assistenza-persone\/"},{"@type":"ListItem","position":3,"name":"MatrixCare Senior Living"}]},{"@type":"WebSite","@id":"https:\/\/www.accuratereviews.com\/it\/#website","url":"https:\/\/www.accuratereviews.com\/it\/","name":"Accurate Reviews","description":"","potentialAction":[{"@type":"SearchAction","target":{"@type":"EntryPoint","urlTemplate":"https:\/\/www.accuratereviews.com\/it\/?s={search_term_string}"},"query-input":{"@type":"PropertyValueSpecification","valueRequired":true,"valueName":"search_term_string"}}],"inLanguage":"it-IT"}]}},"_links":{"self":[{"href":"https:\/\/www.accuratereviews.com\/it\/wp-json\/wp\/v2\/pages\/56897","targetHints":{"allow":["GET"]}}],"collection":[{"href":"https:\/\/www.accuratereviews.com\/it\/wp-json\/wp\/v2\/pages"}],"about":[{"href":"https:\/\/www.accuratereviews.com\/it\/wp-json\/wp\/v2\/types\/page"}],"author":[{"embeddable":true,"href":"https:\/\/www.accuratereviews.com\/it\/wp-json\/wp\/v2\/users\/16"}],"replies":[{"embeddable":true,"href":"https:\/\/www.accuratereviews.com\/it\/wp-json\/wp\/v2\/comments?post=56897"}],"version-history":[{"count":7,"href":"https:\/\/www.accuratereviews.com\/it\/wp-json\/wp\/v2\/pages\/56897\/revisions"}],"predecessor-version":[{"id":56949,"href":"https:\/\/www.accuratereviews.com\/it\/wp-json\/wp\/v2\/pages\/56897\/revisions\/56949"}],"up":[{"embeddable":true,"href":"https:\/\/www.accuratereviews.com\/it\/wp-json\/wp\/v2\/pages\/56447"}],"wp:featuredmedia":[{"embeddable":true,"href":"https:\/\/www.accuratereviews.com\/it\/wp-json\/wp\/v2\/media\/56898"}],"wp:attachment":[{"href":"https:\/\/www.accuratereviews.com\/it\/wp-json\/wp\/v2\/media?parent=56897"}],"wp:term":[{"taxonomy":"category","embeddable":true,"href":"https:\/\/www.accuratereviews.com\/it\/wp-json\/wp\/v2\/categories?post=56897"},{"taxonomy":"post_tag","embeddable":true,"href":"https:\/\/www.accuratereviews.com\/it\/wp-json\/wp\/v2\/tags?post=56897"},{"taxonomy":"features","embeddable":true,"href":"https:\/\/www.accuratereviews.com\/it\/wp-json\/wp\/v2\/features?post=56897"}],"curies":[{"name":"wp","href":"https:\/\/api.w.org\/{rel}","templated":true}]}}