{"id":56905,"date":"2022-05-02T12:20:24","date_gmt":"2022-05-02T12:20:24","guid":{"rendered":"https:\/\/www.accuratereviews.com\/?page_id=56905"},"modified":"2022-05-02T12:20:24","modified_gmt":"2022-05-02T12:20:24","slug":"careright-recensione","status":"publish","type":"page","link":"https:\/\/www.accuratereviews.com\/it\/software-assistenza-persone\/careright-recensione\/","title":{"rendered":"CareRight"},"content":{"rendered":"<p><strong>CareRight<\/strong> \u00e8 un <strong>software di documentazione elettronica<\/strong> basato sul web progettato per aiutare le aziende del settore sanitario a documentare le informazioni cliniche e fornire assistenza attraverso piani di servizio personalizzabili e attivit\u00e0 della vita quotidiana (ADL). Consente ai professionisti clinici di monitorare l&#8217;assunzione di cibo dei residenti come pasti, liquidi e snack, identificare problemi relativi a pressione sanguigna, polso, respirazione, temperatura, dolore, peso o BM e visualizzare i dati utilizzando grafici.\u00a0Le caratteristiche principali della soluzione includono la gestione di ADL, residenti, strutture, ordini e report. L&#8217;applicazione fornisce funzionalit\u00e0 personalizzabili, che consentono agli amministratori di selezionare funzioni specifiche per raccogliere informazioni rilevanti per la struttura riguardanti i residenti. I supervisori possono anche assegnare attivit\u00e0 della vita quotidiana a uno o pi\u00f9 residenti, personalizzare gli avvisi in base a ciascun individuo, preparare pasti o grafici dei fluidi e altro ancora.<\/p>\n<h2>CARERIGHT &#8211; TUTORIAL<\/h2>\n<p>Ecco come accedere su questo\u00a0<strong>software per assistenza alla persona<\/strong>\u00a0da qualsiasi dispositivo:<\/p>\n<div id=\"fluid-wrapper-counter-1\" class=\"g1-fluid-wrapper \" style=\"width:686px;\">\n<div style=\"padding-bottom:56.268221574344%;\"><iframe loading=\"lazy\" title=\"CareRight - Medical Specialist and Day Surgery software\" width=\"686\" height=\"386\" src=\"https:\/\/www.youtube.com\/embed\/ee7efdMnawQ?feature=oembed&amp;wmode=transparent&amp;autohide=1&amp;autoplay=0&amp;disablekb=0&amp;fs=1&amp;loop=0&amp;enablejsapi=1&amp;rel=0&amp;controls=2&amp;showinfo=0&amp;wmode=transparent&amp;autohide=2&amp;autoplay=0&amp;disablekb=0&amp;fs=1&amp;loop=0&amp;enablejsapi=1&amp;rel=0&amp;controls=2&amp;showinfo=1\" frameborder=\"0\" allow=\"accelerometer; autoplay; clipboard-write; encrypted-media; gyroscope; picture-in-picture\" allowfullscreen><\/iframe><\/div>\n<\/div>\n<h3>CARERIGHT &#8211; CARATTERISTICHE<\/h3>\n<ul>\n<li>Sostituire i moduli cartacei e aumentare l&#8217;accuratezza della documentazione<\/li>\n<li>Completa rapidamente gli ADL<\/li>\n<li>Aumentare i rimborsi Medicare e Medicaid<\/li>\n<li>Tecnologia intuitiva e facile da usare<\/li>\n<li>Monitora e promuove la conformit\u00e0 attraverso la regolamentazione<\/li>\n<li>Non dovrai pi\u00f9 sfogliare i grafici di carta per ottenere informazioni<\/li>\n<li>Piani di servizio e valutazioni personalizzabili<\/li>\n<li>Visualizza i dati con ottimi grafici<\/li>\n<li>Monitoraggio ingressi e uscite<\/li>\n<li>Tiene traccia di pasti, liquidi e spuntini<\/li>\n<li>Visione olistica dei documenti residenti<\/li>\n<li>Individua le tendenze prima che si verifichi un problema<\/li>\n<li>Evitare documentazione e valutazioni mancate<\/li>\n<li>Accesso semplice e abilitato alla privacy<\/li>\n<li>Conserva il personale con un software facile da usare<\/li>\n<li>Monitorare e promuovere la conformit\u00e0<\/li>\n<li>Evitare imprecisioni ed esporre la struttura a rischi indebiti<\/li>\n<li>Documenta ADL e dati vitali mentre sei offlinePersonalizza le informazioni che raccogli nella tua struttura<\/li>\n<li>Accedi solo alle funzionalit\u00e0 importanti per te<\/li>\n<li>Crea ADL generalizzate o specializzate che possono essere assegnate a un singolo residente o a pi\u00f9 residenti contemporaneamente<\/li>\n<li>Personalizza avvisi e tendenze per residente<\/li>\n<li>Promuove l&#8217;assistenza centrata sul residente<\/li>\n<\/ul>\n<h4>LE RECENSIONI DEGLI UTENTI<\/h4>\n<p class=\"font-weight-bold mb-2\"><strong>Michele S.&#8221;Il miglior software EMR in circolazione&#8221;<\/strong><\/p>\n<p><span class=\"font-weight-bold\"><strong>Commenti<\/strong>: <\/span>Dopo aver utilizzato Medright non vorrei mai passare a un altro programma. L&#8217;implementazione \u00e8 facile. Le funzionalit\u00e0 sono facili da usare. La compliance ai farmaci \u00e8 oltre ogni limite se utilizzata al massimo delle sue potenzialit\u00e0.\u00a0Grazie Medright per aver reso il mio lavoro molto pi\u00f9 semplice!<\/p>\n<p class=\"font-weight-bold mb-2\"><strong>Pro<\/strong>:\u00a0I programmi Medright sono molto facili da usare. La possibilit\u00e0 di avere informazioni di facile accesso ha aiutato a costruire ottimi rapporti con i nostri residenti, i membri della famiglia e le agenzie professionali. La garanzia della qualit\u00e0 \u00e8 un gioco da ragazzi quando si utilizzano i report disponibili. A differenza di altri sistemi, \u00e8 assistita amichevole e soddisfa i nostri requisiti statali locali.<\/p>\n<p class=\"font-weight-bold mb-2\"><strong>Contro<\/strong>:\u00a0Non posso dire in tutti gli anni di lavoro con il programma di aver trovato una funzionalit\u00e0 che non mi \u00e8 piaciuta. Tuttavia, se lo facessi, ho piena fiducia che Medright svilupperebbe un programma con soddisfazione.<\/p>\n<p class=\"font-weight-bold mb-2\"><strong>Michelle P.&#8221;Ottimo per l&#8217;uso in una struttura di vita assistita&#8221;<\/strong><\/p>\n<p class=\"font-weight-bold mb-2\"><strong>Pro<\/strong>:\u00a0Questo software \u00e8 facile da usare in un ambiente di vita assistita. Il programma \u00e8 facile da usare e insegna al nuovo personale come lavorarci. Il team di supporto \u00e8 molto professionale e aiuta sempre a rispondere alle mie domande. Ho avuto pi\u00f9 membri del personale che affermano che \u00e8 migliore di altri sistemi di cartelle cliniche elettroniche che hanno utilizzato in altre strutture.<\/p>\n<p class=\"font-weight-bold mb-2\"><strong>Contro<\/strong>:\u00a0Vorrei poter inserire gli ordini nel sistema da parte mia e comunicare con la farmacia in modo da non dover aspettare che li inseriscano per poter somministrare i farmaci che devo iniziare il prima possibile.<\/p>\n<p class=\"font-weight-bold mb-2\"><strong>Nate W.&#8221;Grande supporto&#8221;<\/strong><\/p>\n<p class=\"font-weight-bold mb-2\"><strong>Pro<\/strong>:\u00a0Il software \u00e8 relativamente intuitivo data la complessit\u00e0 delle funzionalit\u00e0. L&#8217;assistenza clienti \u00e8 stata di prim&#8217;ordine: reattiva e coinvolgente!<\/p>\n<p class=\"font-weight-bold mb-2\"><strong>Contro<\/strong>:\u00a0Di tanto in tanto gli aggiornamenti vengono effettuati senza comunicazione e un paio ha causato problemi di migrazione dei dati.<\/p>\n","protected":false},"excerpt":{"rendered":"<p>CareRight \u00e8 un software di documentazione elettronica basato sul web progettato per aiutare le aziende del settore sanitario a documentare le informazioni cliniche e fornire assistenza attraverso piani di servizio personalizzabili e attivit\u00e0 della vita quotidiana (ADL). Consente ai professionisti clinici di monitorare l&#8217;assunzione di cibo dei residenti come pasti, liquidi e snack, identificare problemi relativi a pressione sanguigna, polso, respirazione, temperatura, dolore, peso o BM e visualizzare i dati utilizzando grafici.\u00a0<\/p>\n","protected":false},"author":16,"featured_media":56906,"parent":56447,"menu_order":0,"comment_status":"open","ping_status":"closed","template":"g1_template_page_review_new.php","meta":{"_acf_changed":false,"cwp_meta_box_check":"No","cwp_rev_product_name":"","cwp_rev_product_image":"","wppr_links":[],"cwp_rev_price":"","wppr_options":[],"wppr_pros":[],"wppr_cons":[],"_monsterinsights_skip_tracking":false,"_monsterinsights_sitenote_active":false,"_monsterinsights_sitenote_note":"","_monsterinsights_sitenote_category":0,"footnotes":""},"categories":[12456],"tags":[12475,12521,12478,12479,12477,12476],"features":[],"class_list":{"0":"post-56905","1":"page","2":"type-page","3":"status-publish","4":"has-post-thumbnail","6":"category-software-assistenza-persone-cat","7":"tag-assistenza-alla-persona","8":"tag-careright","9":"tag-piattaforma-assistenza-alla-persona","10":"tag-programma-assistenza-alla-persona","11":"tag-software-assistenza-alla-persona","12":"tag-soluzione-assistenza-alla-persona"},"wppr_data":{"cwp_meta_box_check":"No"},"acf":[],"yoast_head":"<!-- This site is optimized with the Yoast SEO plugin v27.4 - https:\/\/yoast.com\/product\/yoast-seo-wordpress\/ -->\n<title>CareRight: recensione software assistenza alla persona Accurate Reviews<\/title>\n<meta name=\"description\" content=\"CareRight: recensione software di documentazione elettronica basato sul web progettato per aiutare le aziende del settore sanitario.\" \/>\n<meta name=\"robots\" content=\"index, follow, max-snippet:-1, max-image-preview:large, max-video-preview:-1\" \/>\n<link rel=\"canonical\" href=\"https:\/\/www.accuratereviews.com\/it\/software-assistenza-persone\/careright-recensione\/\" \/>\n<meta property=\"og:locale\" content=\"it_IT\" \/>\n<meta property=\"og:type\" content=\"article\" \/>\n<meta property=\"og:title\" content=\"CareRight: recensione software assistenza alla persona Accurate Reviews\" \/>\n<meta property=\"og:description\" content=\"CareRight: recensione software di documentazione elettronica basato sul web progettato per aiutare le aziende del settore sanitario.\" \/>\n<meta property=\"og:url\" content=\"https:\/\/www.accuratereviews.com\/it\/software-assistenza-persone\/careright-recensione\/\" \/>\n<meta property=\"og:site_name\" content=\"Accurate Reviews\" \/>\n<meta property=\"og:image\" content=\"https:\/\/www.accuratereviews.com\/wp-content\/uploads\/2022\/05\/Schermata-2022-05-02-alle-09.05.20.png\" \/>\n\t<meta property=\"og:image:width\" content=\"1104\" \/>\n\t<meta property=\"og:image:height\" content=\"282\" \/>\n\t<meta property=\"og:image:type\" content=\"image\/png\" \/>\n<meta name=\"twitter:card\" content=\"summary_large_image\" \/>\n<meta name=\"twitter:label1\" content=\"Tempo di lettura stimato\" \/>\n\t<meta name=\"twitter:data1\" content=\"4 minuti\" \/>\n<script type=\"application\/ld+json\" class=\"yoast-schema-graph\">{\"@context\":\"https:\\\/\\\/schema.org\",\"@graph\":[{\"@type\":\"WebPage\",\"@id\":\"https:\\\/\\\/www.accuratereviews.com\\\/it\\\/software-assistenza-persone\\\/careright-recensione\\\/\",\"url\":\"https:\\\/\\\/www.accuratereviews.com\\\/it\\\/software-assistenza-persone\\\/careright-recensione\\\/\",\"name\":\"CareRight: recensione software assistenza alla persona Accurate Reviews\",\"isPartOf\":{\"@id\":\"https:\\\/\\\/www.accuratereviews.com\\\/it\\\/#website\"},\"primaryImageOfPage\":{\"@id\":\"https:\\\/\\\/www.accuratereviews.com\\\/it\\\/software-assistenza-persone\\\/careright-recensione\\\/#primaryimage\"},\"image\":{\"@id\":\"https:\\\/\\\/www.accuratereviews.com\\\/it\\\/software-assistenza-persone\\\/careright-recensione\\\/#primaryimage\"},\"thumbnailUrl\":\"https:\\\/\\\/www.accuratereviews.com\\\/wp-content\\\/uploads\\\/2022\\\/05\\\/Schermata-2022-05-02-alle-09.05.20.png\",\"datePublished\":\"2022-05-02T12:20:24+00:00\",\"description\":\"CareRight: recensione software di documentazione elettronica basato sul web progettato per aiutare le aziende del settore sanitario.\",\"breadcrumb\":{\"@id\":\"https:\\\/\\\/www.accuratereviews.com\\\/it\\\/software-assistenza-persone\\\/careright-recensione\\\/#breadcrumb\"},\"inLanguage\":\"it-IT\",\"potentialAction\":[{\"@type\":\"ReadAction\",\"target\":[\"https:\\\/\\\/www.accuratereviews.com\\\/it\\\/software-assistenza-persone\\\/careright-recensione\\\/\"]}]},{\"@type\":\"ImageObject\",\"inLanguage\":\"it-IT\",\"@id\":\"https:\\\/\\\/www.accuratereviews.com\\\/it\\\/software-assistenza-persone\\\/careright-recensione\\\/#primaryimage\",\"url\":\"https:\\\/\\\/www.accuratereviews.com\\\/wp-content\\\/uploads\\\/2022\\\/05\\\/Schermata-2022-05-02-alle-09.05.20.png\",\"contentUrl\":\"https:\\\/\\\/www.accuratereviews.com\\\/wp-content\\\/uploads\\\/2022\\\/05\\\/Schermata-2022-05-02-alle-09.05.20.png\",\"width\":1104,\"height\":282},{\"@type\":\"BreadcrumbList\",\"@id\":\"https:\\\/\\\/www.accuratereviews.com\\\/it\\\/software-assistenza-persone\\\/careright-recensione\\\/#breadcrumb\",\"itemListElement\":[{\"@type\":\"ListItem\",\"position\":1,\"name\":\"Home\",\"item\":\"https:\\\/\\\/www.accuratereviews.com\\\/it\\\/\"},{\"@type\":\"ListItem\",\"position\":2,\"name\":\"Software per assistenza alle persone\",\"item\":\"https:\\\/\\\/www.accuratereviews.com\\\/it\\\/software-assistenza-persone\\\/\"},{\"@type\":\"ListItem\",\"position\":3,\"name\":\"CareRight\"}]},{\"@type\":\"WebSite\",\"@id\":\"https:\\\/\\\/www.accuratereviews.com\\\/it\\\/#website\",\"url\":\"https:\\\/\\\/www.accuratereviews.com\\\/it\\\/\",\"name\":\"Accurate Reviews\",\"description\":\"\",\"potentialAction\":[{\"@type\":\"SearchAction\",\"target\":{\"@type\":\"EntryPoint\",\"urlTemplate\":\"https:\\\/\\\/www.accuratereviews.com\\\/it\\\/?s={search_term_string}\"},\"query-input\":{\"@type\":\"PropertyValueSpecification\",\"valueRequired\":true,\"valueName\":\"search_term_string\"}}],\"inLanguage\":\"it-IT\"}]}<\/script>\n<!-- \/ Yoast SEO plugin. -->","yoast_head_json":{"title":"CareRight: recensione software assistenza alla persona Accurate Reviews","description":"CareRight: recensione software di documentazione elettronica basato sul web progettato per aiutare le aziende del settore sanitario.","robots":{"index":"index","follow":"follow","max-snippet":"max-snippet:-1","max-image-preview":"max-image-preview:large","max-video-preview":"max-video-preview:-1"},"canonical":"https:\/\/www.accuratereviews.com\/it\/software-assistenza-persone\/careright-recensione\/","og_locale":"it_IT","og_type":"article","og_title":"CareRight: recensione software assistenza alla persona Accurate Reviews","og_description":"CareRight: recensione software di documentazione elettronica basato sul web progettato per aiutare le aziende del settore sanitario.","og_url":"https:\/\/www.accuratereviews.com\/it\/software-assistenza-persone\/careright-recensione\/","og_site_name":"Accurate Reviews","og_image":[{"width":1104,"height":282,"url":"https:\/\/www.accuratereviews.com\/wp-content\/uploads\/2022\/05\/Schermata-2022-05-02-alle-09.05.20.png","type":"image\/png"}],"twitter_card":"summary_large_image","twitter_misc":{"Tempo di lettura stimato":"4 minuti"},"schema":{"@context":"https:\/\/schema.org","@graph":[{"@type":"WebPage","@id":"https:\/\/www.accuratereviews.com\/it\/software-assistenza-persone\/careright-recensione\/","url":"https:\/\/www.accuratereviews.com\/it\/software-assistenza-persone\/careright-recensione\/","name":"CareRight: recensione software assistenza alla persona Accurate Reviews","isPartOf":{"@id":"https:\/\/www.accuratereviews.com\/it\/#website"},"primaryImageOfPage":{"@id":"https:\/\/www.accuratereviews.com\/it\/software-assistenza-persone\/careright-recensione\/#primaryimage"},"image":{"@id":"https:\/\/www.accuratereviews.com\/it\/software-assistenza-persone\/careright-recensione\/#primaryimage"},"thumbnailUrl":"https:\/\/www.accuratereviews.com\/wp-content\/uploads\/2022\/05\/Schermata-2022-05-02-alle-09.05.20.png","datePublished":"2022-05-02T12:20:24+00:00","description":"CareRight: recensione software di documentazione elettronica basato sul web progettato per aiutare le aziende del settore sanitario.","breadcrumb":{"@id":"https:\/\/www.accuratereviews.com\/it\/software-assistenza-persone\/careright-recensione\/#breadcrumb"},"inLanguage":"it-IT","potentialAction":[{"@type":"ReadAction","target":["https:\/\/www.accuratereviews.com\/it\/software-assistenza-persone\/careright-recensione\/"]}]},{"@type":"ImageObject","inLanguage":"it-IT","@id":"https:\/\/www.accuratereviews.com\/it\/software-assistenza-persone\/careright-recensione\/#primaryimage","url":"https:\/\/www.accuratereviews.com\/wp-content\/uploads\/2022\/05\/Schermata-2022-05-02-alle-09.05.20.png","contentUrl":"https:\/\/www.accuratereviews.com\/wp-content\/uploads\/2022\/05\/Schermata-2022-05-02-alle-09.05.20.png","width":1104,"height":282},{"@type":"BreadcrumbList","@id":"https:\/\/www.accuratereviews.com\/it\/software-assistenza-persone\/careright-recensione\/#breadcrumb","itemListElement":[{"@type":"ListItem","position":1,"name":"Home","item":"https:\/\/www.accuratereviews.com\/it\/"},{"@type":"ListItem","position":2,"name":"Software per assistenza alle persone","item":"https:\/\/www.accuratereviews.com\/it\/software-assistenza-persone\/"},{"@type":"ListItem","position":3,"name":"CareRight"}]},{"@type":"WebSite","@id":"https:\/\/www.accuratereviews.com\/it\/#website","url":"https:\/\/www.accuratereviews.com\/it\/","name":"Accurate Reviews","description":"","potentialAction":[{"@type":"SearchAction","target":{"@type":"EntryPoint","urlTemplate":"https:\/\/www.accuratereviews.com\/it\/?s={search_term_string}"},"query-input":{"@type":"PropertyValueSpecification","valueRequired":true,"valueName":"search_term_string"}}],"inLanguage":"it-IT"}]}},"_links":{"self":[{"href":"https:\/\/www.accuratereviews.com\/it\/wp-json\/wp\/v2\/pages\/56905","targetHints":{"allow":["GET"]}}],"collection":[{"href":"https:\/\/www.accuratereviews.com\/it\/wp-json\/wp\/v2\/pages"}],"about":[{"href":"https:\/\/www.accuratereviews.com\/it\/wp-json\/wp\/v2\/types\/page"}],"author":[{"embeddable":true,"href":"https:\/\/www.accuratereviews.com\/it\/wp-json\/wp\/v2\/users\/16"}],"replies":[{"embeddable":true,"href":"https:\/\/www.accuratereviews.com\/it\/wp-json\/wp\/v2\/comments?post=56905"}],"version-history":[{"count":10,"href":"https:\/\/www.accuratereviews.com\/it\/wp-json\/wp\/v2\/pages\/56905\/revisions"}],"predecessor-version":[{"id":56948,"href":"https:\/\/www.accuratereviews.com\/it\/wp-json\/wp\/v2\/pages\/56905\/revisions\/56948"}],"up":[{"embeddable":true,"href":"https:\/\/www.accuratereviews.com\/it\/wp-json\/wp\/v2\/pages\/56447"}],"wp:featuredmedia":[{"embeddable":true,"href":"https:\/\/www.accuratereviews.com\/it\/wp-json\/wp\/v2\/media\/56906"}],"wp:attachment":[{"href":"https:\/\/www.accuratereviews.com\/it\/wp-json\/wp\/v2\/media?parent=56905"}],"wp:term":[{"taxonomy":"category","embeddable":true,"href":"https:\/\/www.accuratereviews.com\/it\/wp-json\/wp\/v2\/categories?post=56905"},{"taxonomy":"post_tag","embeddable":true,"href":"https:\/\/www.accuratereviews.com\/it\/wp-json\/wp\/v2\/tags?post=56905"},{"taxonomy":"features","embeddable":true,"href":"https:\/\/www.accuratereviews.com\/it\/wp-json\/wp\/v2\/features?post=56905"}],"curies":[{"name":"wp","href":"https:\/\/api.w.org\/{rel}","templated":true}]}}