{"id":5692,"date":"2015-10-16T12:47:17","date_gmt":"2015-10-16T12:47:17","guid":{"rendered":"http:\/\/www.accuratereviews.com\/it\/antivirus-la-lista-dei-migliori\/kaspersky-anti-virus-2016\/"},"modified":"2016-11-16T14:57:01","modified_gmt":"2016-11-16T14:57:01","slug":"kaspersky-anti-virus-2016","status":"publish","type":"page","link":"https:\/\/www.accuratereviews.com\/it\/antivirus-la-lista-dei-migliori\/kaspersky-anti-virus-2016\/","title":{"rendered":"Kaspersky Anti-Virus 2016"},"content":{"rendered":"<div id=\"attachment_1665\" style=\"width: 770px\" class=\"wp-caption alignnone\"><img loading=\"lazy\" decoding=\"async\" aria-describedby=\"caption-attachment-1665\" class=\"size-full wp-image-1665\" src=\"http:\/\/www.accuratereviews.com\/wp-content\/uploads\/2015\/10\/kaspersky.png\" alt=\"As you can see, Kaspersky Anti-Virus has a clean design that help you understand your security status.\" width=\"760\" height=\"576\" srcset=\"https:\/\/www.accuratereviews.com\/wp-content\/uploads\/2015\/10\/kaspersky.png 760w, https:\/\/www.accuratereviews.com\/wp-content\/uploads\/2015\/10\/kaspersky-300x227.png 300w, https:\/\/www.accuratereviews.com\/wp-content\/uploads\/2015\/10\/kaspersky-165x125.png 165w, https:\/\/www.accuratereviews.com\/wp-content\/uploads\/2015\/10\/kaspersky-50x38.png 50w, https:\/\/www.accuratereviews.com\/wp-content\/uploads\/2015\/10\/kaspersky-636x482.png 636w, https:\/\/www.accuratereviews.com\/wp-content\/uploads\/2015\/10\/kaspersky-320x243.png 320w, https:\/\/www.accuratereviews.com\/wp-content\/uploads\/2015\/10\/kaspersky-239x181.png 239w\" sizes=\"auto, (max-width: 760px) 100vw, 760px\" \/><p id=\"caption-attachment-1665\" class=\"wp-caption-text\">Come potete notare, Kaspersky Anti-Virus propone un&#8217;interfaccia dal design semplice e chiaro che permette di verificare il livello di sicurezza del PC.<\/p><\/div>\n<p><strong>Kaspersky Anti-Virus<\/strong> \u00e8 un software che potremmo definire semplice, ma che fornisce una <strong>protezione solida contro file o link pericolosi<\/strong>. Grazie ad un\u2019interfaccia senza fronzoli, anche l\u2019utente pi\u00f9 inesperto pu\u00f2 districarsi tra tutte le funzionalit\u00e0 disponibili: possiamo, ad esempio, scegliere se effettuare un controllo rapido oppure una scansione approfondita del disco.<\/p>\n<p><strong>Kaspersky Anti-Virus<\/strong> vanta la <strong>capacit\u00e0 di identificare immediatamente i malware, anche i pi\u00f9 recenti<\/strong>, ma soprattutto i siti web fraudolenti e i link pericolosi. Un\u2019altra funzionalit\u00e0 particolarmente apprezzabile di questo antivirus \u00e8 la tastiera su schermo, ovvero una <strong>tastiera virtuale che permette l\u2019inserimento di password delicate<\/strong> senza alcun bisogno di usare tasti fisici. Perch\u00e9 fare ci\u00f2? Ovviamente per difenderci da possibili keylogger legati all\u2019hardware, in grado di registrare ci\u00f2 che digitiamo per inviare online dati sensibili.<\/p>\n<p><strong>Kaspersky Anti-Virus<\/strong> propone molti strumenti per migliorare la nostra <strong>sicurezza online<\/strong>, ma aiuta anche a migliorare le performance del PC, a gestire gli aggiornamenti dei software e a controllare gli add-on per il browser.<\/p>\n","protected":false},"excerpt":{"rendered":"<p>Kaspersky Anti-Virus \u00e8 un software che potremmo definire semplice, ma che fornisce una protezione solida contro file o link pericolosi. Grazie ad un\u2019interfaccia senza fronzoli, anche l\u2019utente pi\u00f9 inesperto pi\u00f9 districarsi tra le funzionalit\u00e0 offerte.<\/p>\n","protected":false},"author":16,"featured_media":0,"parent":5635,"menu_order":23,"comment_status":"open","ping_status":"closed","template":"g1_template_page_review_new.php","meta":{"_acf_changed":false,"cwp_meta_box_check":"Yes","cwp_rev_product_name":"","cwp_rev_product_image":"","wppr_links":[],"cwp_rev_price":"","wppr_options":[],"wppr_pros":[],"wppr_cons":[],"_monsterinsights_skip_tracking":false,"_monsterinsights_sitenote_active":false,"_monsterinsights_sitenote_note":"","_monsterinsights_sitenote_category":0,"footnotes":""},"categories":[109],"tags":[],"features":[],"class_list":{"0":"post-5692","1":"page","2":"type-page","3":"status-publish","5":"category-antivirus-software-pc-it"},"wppr_data":{"cwp_meta_box_check":"Yes","cwp_rev_product_name":"","cwp_rev_product_image":"","cwp_image_link":"image","cwp_rev_price":"","wppr_rating":"0.00"},"acf":[],"yoast_head":"<!-- This site is optimized with the Yoast SEO plugin v27.4 - https:\/\/yoast.com\/product\/yoast-seo-wordpress\/ -->\n<title>Kaspersky Antivirus recensione miglior antivirus | Accurate Reviews<\/title>\n<meta name=\"description\" content=\"Kaspersky Anti-Virus \u00e8 un software che fornisce una protezione solida contro file o link pericolosi, e riesce a identificare immediatamente i malware.\" \/>\n<meta name=\"robots\" content=\"index, follow, max-snippet:-1, max-image-preview:large, max-video-preview:-1\" \/>\n<link rel=\"canonical\" href=\"https:\/\/www.accuratereviews.com\/it\/antivirus-la-lista-dei-migliori\/kaspersky-anti-virus-2016\/\" \/>\n<meta property=\"og:locale\" content=\"it_IT\" \/>\n<meta property=\"og:type\" content=\"article\" \/>\n<meta property=\"og:title\" content=\"Kaspersky Antivirus recensione miglior antivirus | Accurate Reviews\" \/>\n<meta property=\"og:description\" content=\"Kaspersky Anti-Virus \u00e8 un software che fornisce una protezione solida contro file o link pericolosi, e riesce a identificare immediatamente i malware.\" \/>\n<meta property=\"og:url\" content=\"https:\/\/www.accuratereviews.com\/it\/antivirus-la-lista-dei-migliori\/kaspersky-anti-virus-2016\/\" \/>\n<meta property=\"og:site_name\" content=\"Accurate Reviews\" \/>\n<meta property=\"article:modified_time\" content=\"2016-11-16T14:57:01+00:00\" \/>\n<meta property=\"og:image\" content=\"http:\/\/www.accuratereviews.com\/wp-content\/uploads\/2015\/10\/kaspersky.png\" \/>\n<meta name=\"twitter:card\" content=\"summary_large_image\" \/>\n<meta name=\"twitter:label1\" content=\"Tempo di lettura stimato\" \/>\n\t<meta name=\"twitter:data1\" content=\"1 minuto\" \/>\n<script type=\"application\/ld+json\" class=\"yoast-schema-graph\">{\"@context\":\"https:\\\/\\\/schema.org\",\"@graph\":[{\"@type\":\"WebPage\",\"@id\":\"https:\\\/\\\/www.accuratereviews.com\\\/it\\\/antivirus-la-lista-dei-migliori\\\/kaspersky-anti-virus-2016\\\/\",\"url\":\"https:\\\/\\\/www.accuratereviews.com\\\/it\\\/antivirus-la-lista-dei-migliori\\\/kaspersky-anti-virus-2016\\\/\",\"name\":\"Kaspersky Antivirus recensione miglior antivirus | Accurate Reviews\",\"isPartOf\":{\"@id\":\"https:\\\/\\\/www.accuratereviews.com\\\/it\\\/#website\"},\"primaryImageOfPage\":{\"@id\":\"https:\\\/\\\/www.accuratereviews.com\\\/it\\\/antivirus-la-lista-dei-migliori\\\/kaspersky-anti-virus-2016\\\/#primaryimage\"},\"image\":{\"@id\":\"https:\\\/\\\/www.accuratereviews.com\\\/it\\\/antivirus-la-lista-dei-migliori\\\/kaspersky-anti-virus-2016\\\/#primaryimage\"},\"thumbnailUrl\":\"http:\\\/\\\/www.accuratereviews.com\\\/wp-content\\\/uploads\\\/2015\\\/10\\\/kaspersky.png\",\"datePublished\":\"2015-10-16T12:47:17+00:00\",\"dateModified\":\"2016-11-16T14:57:01+00:00\",\"description\":\"Kaspersky Anti-Virus \u00e8 un software che fornisce una protezione solida contro file o link pericolosi, e riesce a identificare immediatamente i malware.\",\"breadcrumb\":{\"@id\":\"https:\\\/\\\/www.accuratereviews.com\\\/it\\\/antivirus-la-lista-dei-migliori\\\/kaspersky-anti-virus-2016\\\/#breadcrumb\"},\"inLanguage\":\"it-IT\",\"potentialAction\":[{\"@type\":\"ReadAction\",\"target\":[\"https:\\\/\\\/www.accuratereviews.com\\\/it\\\/antivirus-la-lista-dei-migliori\\\/kaspersky-anti-virus-2016\\\/\"]}]},{\"@type\":\"ImageObject\",\"inLanguage\":\"it-IT\",\"@id\":\"https:\\\/\\\/www.accuratereviews.com\\\/it\\\/antivirus-la-lista-dei-migliori\\\/kaspersky-anti-virus-2016\\\/#primaryimage\",\"url\":\"http:\\\/\\\/www.accuratereviews.com\\\/wp-content\\\/uploads\\\/2015\\\/10\\\/kaspersky.png\",\"contentUrl\":\"http:\\\/\\\/www.accuratereviews.com\\\/wp-content\\\/uploads\\\/2015\\\/10\\\/kaspersky.png\"},{\"@type\":\"BreadcrumbList\",\"@id\":\"https:\\\/\\\/www.accuratereviews.com\\\/it\\\/antivirus-la-lista-dei-migliori\\\/kaspersky-anti-virus-2016\\\/#breadcrumb\",\"itemListElement\":[{\"@type\":\"ListItem\",\"position\":1,\"name\":\"Home\",\"item\":\"https:\\\/\\\/www.accuratereviews.com\\\/it\\\/\"},{\"@type\":\"ListItem\",\"position\":2,\"name\":\"Antivirus: i Migliori Antivirus per PC\",\"item\":\"https:\\\/\\\/www.accuratereviews.com\\\/it\\\/antivirus-la-lista-dei-migliori\\\/\"},{\"@type\":\"ListItem\",\"position\":3,\"name\":\"Kaspersky Anti-Virus 2016\"}]},{\"@type\":\"WebSite\",\"@id\":\"https:\\\/\\\/www.accuratereviews.com\\\/it\\\/#website\",\"url\":\"https:\\\/\\\/www.accuratereviews.com\\\/it\\\/\",\"name\":\"Accurate Reviews\",\"description\":\"\",\"potentialAction\":[{\"@type\":\"SearchAction\",\"target\":{\"@type\":\"EntryPoint\",\"urlTemplate\":\"https:\\\/\\\/www.accuratereviews.com\\\/it\\\/?s={search_term_string}\"},\"query-input\":{\"@type\":\"PropertyValueSpecification\",\"valueRequired\":true,\"valueName\":\"search_term_string\"}}],\"inLanguage\":\"it-IT\"}]}<\/script>\n<!-- \/ Yoast SEO plugin. -->","yoast_head_json":{"title":"Kaspersky Antivirus recensione miglior antivirus | Accurate Reviews","description":"Kaspersky Anti-Virus \u00e8 un software che fornisce una protezione solida contro file o link pericolosi, e riesce a identificare immediatamente i malware.","robots":{"index":"index","follow":"follow","max-snippet":"max-snippet:-1","max-image-preview":"max-image-preview:large","max-video-preview":"max-video-preview:-1"},"canonical":"https:\/\/www.accuratereviews.com\/it\/antivirus-la-lista-dei-migliori\/kaspersky-anti-virus-2016\/","og_locale":"it_IT","og_type":"article","og_title":"Kaspersky Antivirus recensione miglior antivirus | Accurate Reviews","og_description":"Kaspersky Anti-Virus \u00e8 un software che fornisce una protezione solida contro file o link pericolosi, e riesce a identificare immediatamente i malware.","og_url":"https:\/\/www.accuratereviews.com\/it\/antivirus-la-lista-dei-migliori\/kaspersky-anti-virus-2016\/","og_site_name":"Accurate Reviews","article_modified_time":"2016-11-16T14:57:01+00:00","og_image":[{"url":"http:\/\/www.accuratereviews.com\/wp-content\/uploads\/2015\/10\/kaspersky.png","type":"","width":"","height":""}],"twitter_card":"summary_large_image","twitter_misc":{"Tempo di lettura stimato":"1 minuto"},"schema":{"@context":"https:\/\/schema.org","@graph":[{"@type":"WebPage","@id":"https:\/\/www.accuratereviews.com\/it\/antivirus-la-lista-dei-migliori\/kaspersky-anti-virus-2016\/","url":"https:\/\/www.accuratereviews.com\/it\/antivirus-la-lista-dei-migliori\/kaspersky-anti-virus-2016\/","name":"Kaspersky Antivirus recensione miglior antivirus | Accurate Reviews","isPartOf":{"@id":"https:\/\/www.accuratereviews.com\/it\/#website"},"primaryImageOfPage":{"@id":"https:\/\/www.accuratereviews.com\/it\/antivirus-la-lista-dei-migliori\/kaspersky-anti-virus-2016\/#primaryimage"},"image":{"@id":"https:\/\/www.accuratereviews.com\/it\/antivirus-la-lista-dei-migliori\/kaspersky-anti-virus-2016\/#primaryimage"},"thumbnailUrl":"http:\/\/www.accuratereviews.com\/wp-content\/uploads\/2015\/10\/kaspersky.png","datePublished":"2015-10-16T12:47:17+00:00","dateModified":"2016-11-16T14:57:01+00:00","description":"Kaspersky Anti-Virus \u00e8 un software che fornisce una protezione solida contro file o link pericolosi, e riesce a identificare immediatamente i malware.","breadcrumb":{"@id":"https:\/\/www.accuratereviews.com\/it\/antivirus-la-lista-dei-migliori\/kaspersky-anti-virus-2016\/#breadcrumb"},"inLanguage":"it-IT","potentialAction":[{"@type":"ReadAction","target":["https:\/\/www.accuratereviews.com\/it\/antivirus-la-lista-dei-migliori\/kaspersky-anti-virus-2016\/"]}]},{"@type":"ImageObject","inLanguage":"it-IT","@id":"https:\/\/www.accuratereviews.com\/it\/antivirus-la-lista-dei-migliori\/kaspersky-anti-virus-2016\/#primaryimage","url":"http:\/\/www.accuratereviews.com\/wp-content\/uploads\/2015\/10\/kaspersky.png","contentUrl":"http:\/\/www.accuratereviews.com\/wp-content\/uploads\/2015\/10\/kaspersky.png"},{"@type":"BreadcrumbList","@id":"https:\/\/www.accuratereviews.com\/it\/antivirus-la-lista-dei-migliori\/kaspersky-anti-virus-2016\/#breadcrumb","itemListElement":[{"@type":"ListItem","position":1,"name":"Home","item":"https:\/\/www.accuratereviews.com\/it\/"},{"@type":"ListItem","position":2,"name":"Antivirus: i Migliori Antivirus per PC","item":"https:\/\/www.accuratereviews.com\/it\/antivirus-la-lista-dei-migliori\/"},{"@type":"ListItem","position":3,"name":"Kaspersky Anti-Virus 2016"}]},{"@type":"WebSite","@id":"https:\/\/www.accuratereviews.com\/it\/#website","url":"https:\/\/www.accuratereviews.com\/it\/","name":"Accurate Reviews","description":"","potentialAction":[{"@type":"SearchAction","target":{"@type":"EntryPoint","urlTemplate":"https:\/\/www.accuratereviews.com\/it\/?s={search_term_string}"},"query-input":{"@type":"PropertyValueSpecification","valueRequired":true,"valueName":"search_term_string"}}],"inLanguage":"it-IT"}]}},"_links":{"self":[{"href":"https:\/\/www.accuratereviews.com\/it\/wp-json\/wp\/v2\/pages\/5692","targetHints":{"allow":["GET"]}}],"collection":[{"href":"https:\/\/www.accuratereviews.com\/it\/wp-json\/wp\/v2\/pages"}],"about":[{"href":"https:\/\/www.accuratereviews.com\/it\/wp-json\/wp\/v2\/types\/page"}],"author":[{"embeddable":true,"href":"https:\/\/www.accuratereviews.com\/it\/wp-json\/wp\/v2\/users\/16"}],"replies":[{"embeddable":true,"href":"https:\/\/www.accuratereviews.com\/it\/wp-json\/wp\/v2\/comments?post=5692"}],"version-history":[{"count":3,"href":"https:\/\/www.accuratereviews.com\/it\/wp-json\/wp\/v2\/pages\/5692\/revisions"}],"predecessor-version":[{"id":6442,"href":"https:\/\/www.accuratereviews.com\/it\/wp-json\/wp\/v2\/pages\/5692\/revisions\/6442"}],"up":[{"embeddable":true,"href":"https:\/\/www.accuratereviews.com\/it\/wp-json\/wp\/v2\/pages\/5635"}],"wp:attachment":[{"href":"https:\/\/www.accuratereviews.com\/it\/wp-json\/wp\/v2\/media?parent=5692"}],"wp:term":[{"taxonomy":"category","embeddable":true,"href":"https:\/\/www.accuratereviews.com\/it\/wp-json\/wp\/v2\/categories?post=5692"},{"taxonomy":"post_tag","embeddable":true,"href":"https:\/\/www.accuratereviews.com\/it\/wp-json\/wp\/v2\/tags?post=5692"},{"taxonomy":"features","embeddable":true,"href":"https:\/\/www.accuratereviews.com\/it\/wp-json\/wp\/v2\/features?post=5692"}],"curies":[{"name":"wp","href":"https:\/\/api.w.org\/{rel}","templated":true}]}}