{"id":56925,"date":"2022-05-04T07:35:39","date_gmt":"2022-05-04T07:35:39","guid":{"rendered":"https:\/\/www.accuratereviews.com\/?page_id=56925"},"modified":"2022-05-04T07:35:39","modified_gmt":"2022-05-04T07:35:39","slug":"enquire-crm-recensione","status":"publish","type":"page","link":"https:\/\/www.accuratereviews.com\/it\/software-assistenza-persone\/enquire-crm-recensione\/","title":{"rendered":"Enquire CRM"},"content":{"rendered":"<p><strong>Enquire CRM<\/strong>\u00a0\u00e8 una <strong>soluzione di assistenza post-acuta<\/strong>\u00a0per anziani che consente agli utenti di personalizzare il flusso di lavoro, il processo di vendita e la terminologia di ciascun cliente. Il software basato su <strong>cloud<\/strong> \u00e8 progettato per aiutare gli utenti a ottenere tassi di conversione e contatti elevati, oltre a ottenere informazioni dettagliate sulle prestazioni della comunit\u00e0 tramite strumenti di business intelligence e reportistica personalizzati.\u00a0La funzionalit\u00e0 infermieristica qualificata di <strong>Enquire<\/strong> <strong>CRM<\/strong> aiuta a semplificare i processi di ammissione, la gestione dei referral, gli account, l&#8217;elenco di controllo dei ricoveri, l&#8217;integrazione ospedaliera e EMR e i dati di mercato integrati. Gli utenti possono anche tenere traccia della sensibilizzazione insieme agli account non referenti per aiutare a capire come gli sforzi di sviluppo aziendale si stanno traducendo in ammissioni.<\/p>\n<h2>ENQUIRE CRM &#8211; TUTORIAL<\/h2>\n<p>Guarda questo breve video sui vantaggi dell&#8217;implementazione di questo <strong>software di assistenza alle persone<\/strong> per la tua organizzazione:<\/p>\n<div id=\"fluid-wrapper-counter-1\" class=\"g1-fluid-wrapper \" style=\"width:686px;\">\n<div style=\"padding-bottom:56.268221574344%;\"><iframe loading=\"lazy\" title=\"Enquire Senior Care Contact Center\" width=\"686\" height=\"386\" src=\"https:\/\/www.youtube.com\/embed\/i35JQKqLpW0?feature=oembed&amp;wmode=transparent&amp;autohide=1&amp;autoplay=0&amp;disablekb=0&amp;fs=1&amp;loop=0&amp;enablejsapi=1&amp;rel=0&amp;controls=2&amp;showinfo=0&amp;wmode=transparent&amp;autohide=2&amp;autoplay=0&amp;disablekb=0&amp;fs=1&amp;loop=0&amp;enablejsapi=1&amp;rel=0&amp;controls=2&amp;showinfo=1\" frameborder=\"0\" allow=\"accelerometer; autoplay; clipboard-write; encrypted-media; gyroscope; picture-in-picture\" allowfullscreen><\/iframe><\/div>\n<\/div>\n<h3>ENQUIRE CRM &#8211; CARATTERISTICHE<\/h3>\n<ul>\n<li>Accessibile da qualsiasi browser e dispositivo mobile<\/li>\n<li>Sintesi vocale e chiamate, email e sms con un clic<\/li>\n<li>Sincronizzazione del calendario di Outlook e Google<\/li>\n<li>Moduli, campi ed elenchi di selezione configurabili<\/li>\n<li>Registrazione e notifiche delle attivit\u00e0 automatiche<\/li>\n<li>Comunicazione con un clic da app mobile e desktop<\/li>\n<li>Chiamate, email e sms incorporati consentono l&#8217;efficienza della comunicazione<\/li>\n<li>Rapporti via email automaticamente ai membri del team e alla leadership<\/li>\n<li>Crea tabelle di dati e grafici<\/li>\n<li>Collega i dati di vendita e marketing ad altre fonti<\/li>\n<li>Genera follow-up automatizzato in base alle attivit\u00e0 completate<\/li>\n<li>Aggiorna lo stato in base ai criteri di qualificazione<\/li>\n<li>Assicurati che il tuo team segua il tuo processo di vendita<\/li>\n<li>Invia le informazioni di contatto alla tua cartella clinica e ai sistemi di fatturazione<\/li>\n<li>Chat in tempo reale<\/li>\n<li>Converti le chat in chiamate<\/li>\n<li>Interfaccia intuitiva<\/li>\n<li>App mobile con sintesi vocale<\/li>\n<\/ul>\n<h4>LE RECENSIONI DEGLI UTENTI<\/h4>\n<p class=\"font-weight-bold mb-2\"><strong>Karen K.&#8221;Molto facile da usare&#8221;<\/strong><\/p>\n<p class=\"font-weight-bold mb-2\"><strong>Pro<\/strong>:\u00a0Tutti i campi in cui \u00e8 possibile aggiungere informazioni sul potenziale cliente, nonch\u00e9 la possibilit\u00e0 di aggiungere potenziali clienti a una &#8220;lista di controllo&#8221;. Avere quella lista di controllo facilmente accessibile sulla dashboard rende facile vedere chi sono i tuoi potenziali clienti con priorit\u00e0 assoluta.<\/p>\n<p class=\"font-weight-bold mb-2\"><strong>Contro<\/strong>:\u00a0Non \u00e8 possibile visualizzare lead scaduti entro un determinato intervallo di date sulla dashboard. Devi eseguire un rapporto speciale che richiede SEMPRE per essere elaborato.<\/p>\n<p class=\"font-weight-bold mb-2\"><strong>Rufino L.&#8221;Persone fantastiche con cui lavorare.&#8221;<\/strong><\/p>\n<p class=\"font-weight-bold mb-2\"><strong>Pro<\/strong>:\u00a0Mi piace che sia basato sul Web, quindi necessita di supporto minimo e facilit\u00e0 di accesso. Mi piace anche la possibilit\u00e0 di avere plugin e automatizzare le attivit\u00e0.<\/p>\n<p class=\"font-weight-bold mb-2\"><strong>Contro<\/strong>:\u00a0Il processo per creare report avanzati potrebbe essere pi\u00f9 semplice e vorrei che fosse una soluzione mobile migliore in modo da poter tenere d&#8217;occhio le cose dal mio telefono. Viaggio molto ed essere in grado di recuperare alcuni rapporti chiave sul mio telefono sarebbe fantastico.<\/p>\n<p class=\"h5 font-weight-bold\"><strong>Jhon D.:&#8221;Ottimo flusso di sistema: vendite migliorate&#8221;<\/strong><\/p>\n<p><span class=\"font-weight-bold\"><strong>Commenti<\/strong>: <\/span>Il mio team di marketing si \u00e8 lamentato di aver imparato qualcosa di nuovo&#8230; ma l&#8217;ha imparato rapidamente. \u00c8 facile da usare per aumentare la loro conformit\u00e0 con l&#8217;attivit\u00e0 di ingresso. Ci ha aiutato a &#8220;rianimare&#8221; alcuni lead pi\u00f9 vecchi programmando continuamente il follow-up. Nel complesso, molto soddisfatto.<\/p>\n<p class=\"font-weight-bold mb-2\"><strong>Pro<\/strong>:\u00a0Ti &#8220;costringe&#8221; a pianificare il follow-up e mantiene il processo di vendita in movimento. Era facile da imparare e facile da usare. Basato sul Web in modo da poter lavorare da qualsiasi luogo.<\/p>\n<p class=\"font-weight-bold mb-2\"><strong>Contro<\/strong>:\u00a0Esistono molti rapporti standard, ma l&#8217;esecuzione di rapporti personalizzati \u00e8 un po&#8217; macchinosa.<\/p>\n","protected":false},"excerpt":{"rendered":"<p>Enquire CRM\u00a0\u00e8 una soluzione di assistenza post-acuta\u00a0per anziani che consente agli utenti di personalizzare il flusso di lavoro, il processo di vendita e la terminologia di ciascun cliente. Il software basato su cloud \u00e8 progettato per aiutare gli utenti a ottenere tassi di conversione e contatti elevati, oltre a ottenere informazioni dettagliate sulle prestazioni della comunit\u00e0 tramite strumenti di business intelligence e reportistica personalizzati.\u00a0<\/p>\n","protected":false},"author":16,"featured_media":56926,"parent":56447,"menu_order":0,"comment_status":"open","ping_status":"closed","template":"g1_template_page_review_new.php","meta":{"_acf_changed":false,"cwp_meta_box_check":"No","cwp_rev_product_name":"","cwp_rev_product_image":"","wppr_links":[],"cwp_rev_price":"","wppr_options":[],"wppr_pros":[],"wppr_cons":[],"_monsterinsights_skip_tracking":false,"_monsterinsights_sitenote_active":false,"_monsterinsights_sitenote_note":"","_monsterinsights_sitenote_category":0,"footnotes":""},"categories":[12456],"tags":[12475,12536,12478,12479,12477,12476],"features":[],"class_list":{"0":"post-56925","1":"page","2":"type-page","3":"status-publish","4":"has-post-thumbnail","6":"category-software-assistenza-persone-cat","7":"tag-assistenza-alla-persona","8":"tag-enquire-crm","9":"tag-piattaforma-assistenza-alla-persona","10":"tag-programma-assistenza-alla-persona","11":"tag-software-assistenza-alla-persona","12":"tag-soluzione-assistenza-alla-persona"},"wppr_data":{"cwp_meta_box_check":"No"},"acf":[],"yoast_head":"<!-- This site is optimized with the Yoast SEO plugin v27.4 - https:\/\/yoast.com\/product\/yoast-seo-wordpress\/ -->\n<title>Enquire CRM: recensione software assistenza alle persone<\/title>\n<meta name=\"description\" content=\"Enquire CRM: recensione soluzione di assistenza post-acuta\u00a0per anziani che consente agli utenti di personalizzare il flusso di lavoro.\" \/>\n<meta name=\"robots\" content=\"index, follow, max-snippet:-1, max-image-preview:large, max-video-preview:-1\" \/>\n<link rel=\"canonical\" href=\"https:\/\/www.accuratereviews.com\/it\/software-assistenza-persone\/enquire-crm-recensione\/\" \/>\n<meta property=\"og:locale\" content=\"it_IT\" \/>\n<meta property=\"og:type\" content=\"article\" \/>\n<meta property=\"og:title\" content=\"Enquire CRM: recensione software assistenza alle persone\" \/>\n<meta property=\"og:description\" content=\"Enquire CRM: recensione soluzione di assistenza post-acuta\u00a0per anziani che consente agli utenti di personalizzare il flusso di lavoro.\" \/>\n<meta property=\"og:url\" content=\"https:\/\/www.accuratereviews.com\/it\/software-assistenza-persone\/enquire-crm-recensione\/\" \/>\n<meta property=\"og:site_name\" content=\"Accurate Reviews\" \/>\n<meta property=\"og:image\" content=\"https:\/\/www.accuratereviews.com\/wp-content\/uploads\/2022\/05\/Enquire-CRM.webp\" \/>\n\t<meta property=\"og:image:width\" content=\"256\" \/>\n\t<meta property=\"og:image:height\" content=\"256\" \/>\n\t<meta property=\"og:image:type\" content=\"image\/webp\" \/>\n<meta name=\"twitter:card\" content=\"summary_large_image\" \/>\n<meta name=\"twitter:label1\" content=\"Tempo di lettura stimato\" \/>\n\t<meta name=\"twitter:data1\" content=\"3 minuti\" \/>\n<script type=\"application\/ld+json\" class=\"yoast-schema-graph\">{\"@context\":\"https:\\\/\\\/schema.org\",\"@graph\":[{\"@type\":\"WebPage\",\"@id\":\"https:\\\/\\\/www.accuratereviews.com\\\/it\\\/software-assistenza-persone\\\/enquire-crm-recensione\\\/\",\"url\":\"https:\\\/\\\/www.accuratereviews.com\\\/it\\\/software-assistenza-persone\\\/enquire-crm-recensione\\\/\",\"name\":\"Enquire CRM: recensione software assistenza alle persone\",\"isPartOf\":{\"@id\":\"https:\\\/\\\/www.accuratereviews.com\\\/it\\\/#website\"},\"primaryImageOfPage\":{\"@id\":\"https:\\\/\\\/www.accuratereviews.com\\\/it\\\/software-assistenza-persone\\\/enquire-crm-recensione\\\/#primaryimage\"},\"image\":{\"@id\":\"https:\\\/\\\/www.accuratereviews.com\\\/it\\\/software-assistenza-persone\\\/enquire-crm-recensione\\\/#primaryimage\"},\"thumbnailUrl\":\"https:\\\/\\\/www.accuratereviews.com\\\/wp-content\\\/uploads\\\/2022\\\/05\\\/Enquire-CRM.webp\",\"datePublished\":\"2022-05-04T07:35:39+00:00\",\"description\":\"Enquire CRM: recensione soluzione di assistenza post-acuta\u00a0per anziani che consente agli utenti di personalizzare il flusso di lavoro.\",\"breadcrumb\":{\"@id\":\"https:\\\/\\\/www.accuratereviews.com\\\/it\\\/software-assistenza-persone\\\/enquire-crm-recensione\\\/#breadcrumb\"},\"inLanguage\":\"it-IT\",\"potentialAction\":[{\"@type\":\"ReadAction\",\"target\":[\"https:\\\/\\\/www.accuratereviews.com\\\/it\\\/software-assistenza-persone\\\/enquire-crm-recensione\\\/\"]}]},{\"@type\":\"ImageObject\",\"inLanguage\":\"it-IT\",\"@id\":\"https:\\\/\\\/www.accuratereviews.com\\\/it\\\/software-assistenza-persone\\\/enquire-crm-recensione\\\/#primaryimage\",\"url\":\"https:\\\/\\\/www.accuratereviews.com\\\/wp-content\\\/uploads\\\/2022\\\/05\\\/Enquire-CRM.webp\",\"contentUrl\":\"https:\\\/\\\/www.accuratereviews.com\\\/wp-content\\\/uploads\\\/2022\\\/05\\\/Enquire-CRM.webp\",\"width\":256,\"height\":256},{\"@type\":\"BreadcrumbList\",\"@id\":\"https:\\\/\\\/www.accuratereviews.com\\\/it\\\/software-assistenza-persone\\\/enquire-crm-recensione\\\/#breadcrumb\",\"itemListElement\":[{\"@type\":\"ListItem\",\"position\":1,\"name\":\"Home\",\"item\":\"https:\\\/\\\/www.accuratereviews.com\\\/it\\\/\"},{\"@type\":\"ListItem\",\"position\":2,\"name\":\"Software per assistenza alle persone\",\"item\":\"https:\\\/\\\/www.accuratereviews.com\\\/it\\\/software-assistenza-persone\\\/\"},{\"@type\":\"ListItem\",\"position\":3,\"name\":\"Enquire CRM\"}]},{\"@type\":\"WebSite\",\"@id\":\"https:\\\/\\\/www.accuratereviews.com\\\/it\\\/#website\",\"url\":\"https:\\\/\\\/www.accuratereviews.com\\\/it\\\/\",\"name\":\"Accurate Reviews\",\"description\":\"\",\"potentialAction\":[{\"@type\":\"SearchAction\",\"target\":{\"@type\":\"EntryPoint\",\"urlTemplate\":\"https:\\\/\\\/www.accuratereviews.com\\\/it\\\/?s={search_term_string}\"},\"query-input\":{\"@type\":\"PropertyValueSpecification\",\"valueRequired\":true,\"valueName\":\"search_term_string\"}}],\"inLanguage\":\"it-IT\"}]}<\/script>\n<!-- \/ Yoast SEO plugin. -->","yoast_head_json":{"title":"Enquire CRM: recensione software assistenza alle persone","description":"Enquire CRM: recensione soluzione di assistenza post-acuta\u00a0per anziani che consente agli utenti di personalizzare il flusso di lavoro.","robots":{"index":"index","follow":"follow","max-snippet":"max-snippet:-1","max-image-preview":"max-image-preview:large","max-video-preview":"max-video-preview:-1"},"canonical":"https:\/\/www.accuratereviews.com\/it\/software-assistenza-persone\/enquire-crm-recensione\/","og_locale":"it_IT","og_type":"article","og_title":"Enquire CRM: recensione software assistenza alle persone","og_description":"Enquire CRM: recensione soluzione di assistenza post-acuta\u00a0per anziani che consente agli utenti di personalizzare il flusso di lavoro.","og_url":"https:\/\/www.accuratereviews.com\/it\/software-assistenza-persone\/enquire-crm-recensione\/","og_site_name":"Accurate Reviews","og_image":[{"width":256,"height":256,"url":"https:\/\/www.accuratereviews.com\/wp-content\/uploads\/2022\/05\/Enquire-CRM.webp","type":"image\/webp"}],"twitter_card":"summary_large_image","twitter_misc":{"Tempo di lettura stimato":"3 minuti"},"schema":{"@context":"https:\/\/schema.org","@graph":[{"@type":"WebPage","@id":"https:\/\/www.accuratereviews.com\/it\/software-assistenza-persone\/enquire-crm-recensione\/","url":"https:\/\/www.accuratereviews.com\/it\/software-assistenza-persone\/enquire-crm-recensione\/","name":"Enquire CRM: recensione software assistenza alle persone","isPartOf":{"@id":"https:\/\/www.accuratereviews.com\/it\/#website"},"primaryImageOfPage":{"@id":"https:\/\/www.accuratereviews.com\/it\/software-assistenza-persone\/enquire-crm-recensione\/#primaryimage"},"image":{"@id":"https:\/\/www.accuratereviews.com\/it\/software-assistenza-persone\/enquire-crm-recensione\/#primaryimage"},"thumbnailUrl":"https:\/\/www.accuratereviews.com\/wp-content\/uploads\/2022\/05\/Enquire-CRM.webp","datePublished":"2022-05-04T07:35:39+00:00","description":"Enquire CRM: recensione soluzione di assistenza post-acuta\u00a0per anziani che consente agli utenti di personalizzare il flusso di lavoro.","breadcrumb":{"@id":"https:\/\/www.accuratereviews.com\/it\/software-assistenza-persone\/enquire-crm-recensione\/#breadcrumb"},"inLanguage":"it-IT","potentialAction":[{"@type":"ReadAction","target":["https:\/\/www.accuratereviews.com\/it\/software-assistenza-persone\/enquire-crm-recensione\/"]}]},{"@type":"ImageObject","inLanguage":"it-IT","@id":"https:\/\/www.accuratereviews.com\/it\/software-assistenza-persone\/enquire-crm-recensione\/#primaryimage","url":"https:\/\/www.accuratereviews.com\/wp-content\/uploads\/2022\/05\/Enquire-CRM.webp","contentUrl":"https:\/\/www.accuratereviews.com\/wp-content\/uploads\/2022\/05\/Enquire-CRM.webp","width":256,"height":256},{"@type":"BreadcrumbList","@id":"https:\/\/www.accuratereviews.com\/it\/software-assistenza-persone\/enquire-crm-recensione\/#breadcrumb","itemListElement":[{"@type":"ListItem","position":1,"name":"Home","item":"https:\/\/www.accuratereviews.com\/it\/"},{"@type":"ListItem","position":2,"name":"Software per assistenza alle persone","item":"https:\/\/www.accuratereviews.com\/it\/software-assistenza-persone\/"},{"@type":"ListItem","position":3,"name":"Enquire CRM"}]},{"@type":"WebSite","@id":"https:\/\/www.accuratereviews.com\/it\/#website","url":"https:\/\/www.accuratereviews.com\/it\/","name":"Accurate Reviews","description":"","potentialAction":[{"@type":"SearchAction","target":{"@type":"EntryPoint","urlTemplate":"https:\/\/www.accuratereviews.com\/it\/?s={search_term_string}"},"query-input":{"@type":"PropertyValueSpecification","valueRequired":true,"valueName":"search_term_string"}}],"inLanguage":"it-IT"}]}},"_links":{"self":[{"href":"https:\/\/www.accuratereviews.com\/it\/wp-json\/wp\/v2\/pages\/56925","targetHints":{"allow":["GET"]}}],"collection":[{"href":"https:\/\/www.accuratereviews.com\/it\/wp-json\/wp\/v2\/pages"}],"about":[{"href":"https:\/\/www.accuratereviews.com\/it\/wp-json\/wp\/v2\/types\/page"}],"author":[{"embeddable":true,"href":"https:\/\/www.accuratereviews.com\/it\/wp-json\/wp\/v2\/users\/16"}],"replies":[{"embeddable":true,"href":"https:\/\/www.accuratereviews.com\/it\/wp-json\/wp\/v2\/comments?post=56925"}],"version-history":[{"count":8,"href":"https:\/\/www.accuratereviews.com\/it\/wp-json\/wp\/v2\/pages\/56925\/revisions"}],"predecessor-version":[{"id":57034,"href":"https:\/\/www.accuratereviews.com\/it\/wp-json\/wp\/v2\/pages\/56925\/revisions\/57034"}],"up":[{"embeddable":true,"href":"https:\/\/www.accuratereviews.com\/it\/wp-json\/wp\/v2\/pages\/56447"}],"wp:featuredmedia":[{"embeddable":true,"href":"https:\/\/www.accuratereviews.com\/it\/wp-json\/wp\/v2\/media\/56926"}],"wp:attachment":[{"href":"https:\/\/www.accuratereviews.com\/it\/wp-json\/wp\/v2\/media?parent=56925"}],"wp:term":[{"taxonomy":"category","embeddable":true,"href":"https:\/\/www.accuratereviews.com\/it\/wp-json\/wp\/v2\/categories?post=56925"},{"taxonomy":"post_tag","embeddable":true,"href":"https:\/\/www.accuratereviews.com\/it\/wp-json\/wp\/v2\/tags?post=56925"},{"taxonomy":"features","embeddable":true,"href":"https:\/\/www.accuratereviews.com\/it\/wp-json\/wp\/v2\/features?post=56925"}],"curies":[{"name":"wp","href":"https:\/\/api.w.org\/{rel}","templated":true}]}}