{"id":56939,"date":"2022-05-03T11:22:24","date_gmt":"2022-05-03T11:22:24","guid":{"rendered":"https:\/\/www.accuratereviews.com\/?page_id=56939"},"modified":"2022-05-03T11:22:24","modified_gmt":"2022-05-03T11:22:24","slug":"istaffrota-recensione","status":"publish","type":"page","link":"https:\/\/www.accuratereviews.com\/it\/software-assistenza-persone\/istaffrota-recensione\/","title":{"rendered":"iStaffRota"},"content":{"rendered":"<p><strong>iStaffRota<\/strong> \u00e8 una <strong>soluzione di gestione dell&#8217;assistenza sanitaria<\/strong> domiciliare basata su <strong>cloud<\/strong>\u00a0che aiuta le agenzie di tutte le dimensioni a gestire i lavoratori e creare piani e programmi di assistenza su una piattaforma centralizzata. Le funzionalit\u00e0 includono schede attivit\u00e0, elaborazione delle fatture, buste paga, creazione del profilo dei dipendenti, calcolo del chilometraggio e notifiche push.\u00a0L&#8217;applicazione consente ai manager di automatizzare e impostare i turni in base alla disponibilit\u00e0 del personale. I clienti possono utilizzare portali personali per visualizzare il programma del custode e i resoconti delle visite e fornire feedback.<strong> iStaffRota<\/strong> consente ai membri del personale di entrare\/uscire, ricevere dettagli sul lavoro e notifiche quando un lavoro \u00e8 disponibile in tempo reale. Consente inoltre agli utenti di registrare e mantenere le valutazioni dell&#8217;assistenza e le note sulle visite e inviare rapporti sugli incidenti ai supervisori.<\/p>\n<h2>ISTAFFROTA &#8211; TUTORIAL<\/h2>\n<p>Guardiamo insieme come utilizzare questa applicazione mobile per <strong>l&#8217;assistenza alle persone<\/strong>:<\/p>\n<div id=\"fluid-wrapper-counter-1\" class=\"g1-fluid-wrapper \" style=\"width:686px;\">\n<div style=\"padding-bottom:56.268221574344%;\"><iframe loading=\"lazy\" title=\"ISTAFFROTA APP Tutorial for Home Care users.\" width=\"515\" height=\"386\" src=\"https:\/\/www.youtube.com\/embed\/uoCssslkDlM?feature=oembed&amp;wmode=transparent&amp;autohide=1&amp;autoplay=0&amp;disablekb=0&amp;fs=1&amp;loop=0&amp;enablejsapi=1&amp;rel=0&amp;controls=2&amp;showinfo=0&amp;wmode=transparent&amp;autohide=2&amp;autoplay=0&amp;disablekb=0&amp;fs=1&amp;loop=0&amp;enablejsapi=1&amp;rel=0&amp;controls=2&amp;showinfo=1\" frameborder=\"0\" allow=\"accelerometer; autoplay; clipboard-write; encrypted-media; gyroscope; picture-in-picture\" allowfullscreen><\/iframe><\/div>\n<\/div>\n<h3>ISTAFFROTA &#8211; CARATTERISTICHE<\/h3>\n<ul>\n<li>Modifica l&#8217;orario del turno, modifica le tariffe, riassegna, contrassegna i turni come completati quando il personale non \u00e8 in grado di timbrare in entrata\/uscita<\/li>\n<li>Gestisci le cancellazioni da parte del personale o dei clienti. Possibilit\u00e0 di approvare cancellazioni tardive per pagamenti<\/li>\n<li>Ricevi avvisi per ingressi\/uscite, arrivi in \u200b\u200britardo o turni persi o altri eventi relativi all&#8217;assistenza<\/li>\n<li>Utilizzare la funzionalit\u00e0 di eccezione e competenze per prenotare solo personale con le competenze richieste<\/li>\n<li>Invia mail interna protetta a tutto il tuo staff.<\/li>\n<li>Notifica push delle note di turno al personale<\/li>\n<li>Invia un messaggio sicuro tramite un servizio di chat interno. Non c&#8217;\u00e8 bisogno di spendere per addebiti SMS<\/li>\n<li>Ricevi promemoria per eventi automatizzati come la scadenza della conformit\u00e0 o la fine del ciclo di farmaci<\/li>\n<li>Aggiungi eventi\/attivit\u00e0 manuali e ricevi un promemoria quando \u00e8 dovuto<\/li>\n<li>Ricevi la notifica per il giorno di nascita del personale o del cliente<\/li>\n<li>Visualizza l&#8217;evento su diversi intervalli di tempo.<\/li>\n<li>Gestisci il tempo libero e la disponibilit\u00e0. Annotare le note di gestione su ogni personale<\/li>\n<li>Eseguire la valutazione del personale e dimostrare la conformit\u00e0 con i report di back-end accessibili dagli ispettori<\/li>\n<li>Mantieni i documenti di conformit\u00e0, lo stato e ricevi avvisi quando il rinnovo \u00e8 dovuto<\/li>\n<li>Imposta le date di scadenza del promemoria per la documentazione di conformit\u00e0<\/li>\n<li>Possibilit\u00e0 per il personale di caricare la propria documentazione utilizzando la propria password.<\/li>\n<li>I rapporti di conformit\u00e0 possono essere esaminati da terze parti autorizzate come gli ispettori CQC<\/li>\n<li>Mantenere i ruoli del personale, con la capacit\u00e0 di collegarsi a competenze specifiche<\/li>\n<li>Collega le tariffe dei turni ai ruoli prima di creare i turni, con la possibilit\u00e0 di creare tariffe individuali per il personale<\/li>\n<li>Utilizzare la funzione delle competenze per accelerare il processo di creazione del turno collegandolo ai ruoli o al processo di eccezione del cliente<\/li>\n<li>Conservare le informazioni personali del cliente come informazioni di background o interventi chirurgici del SSN o altro.<\/li>\n<li>Mantenere l&#8217;elenco dei parenti prossimi o di altre parti coinvolte nelle decisioni di cura e concedere loro un accesso selettivo.<\/li>\n<li>Modulo di valutazione basato sulla forza per migliorare la valutazione dell&#8217;assistente sanitario e sociale o del coordinatore sanitario<\/li>\n<li>Piano settimanale per impostare le istruzioni della routine quotidiana del cliente che devono essere eseguite e segnalate dai caregiver<\/li>\n<li>Programmazione dei farmaci per l&#8217;esecuzione del caregiver che consente la segnalazione tramite eMAR<\/li>\n<li>Gestione end-to-end degli incidenti dalla segnalazione da parte del caregiver che deve essere rivisto dal manager<\/li>\n<li>Modulo flessibile di gestione dell&#8217;assistenza adattabile alla maggior parte dei formati del piano di assistenza<\/li>\n<li>Consenti ai tuoi clienti o familiari di firmare i consensi da remoto<\/li>\n<li>Gestire le osservazioni di cura e seguire<\/li>\n<li>Programmazione e reportistica quotidiana dei farmaci<\/li>\n<li>Consenti al tuo personale di registrare le osservazioni utilizzando la moderna app.<\/li>\n<li>Ricevi notifiche istantanee quando viene eseguito dal personale<\/li>\n<li>Fornire l&#8217;accesso a terze parti autorizzate come l&#8217;infermiera di comunit\u00e0<\/li>\n<li>Le schede attivit\u00e0 vengono create al momento dell&#8217;approvazione. L&#8217;integrazione consente al personale di visualizzare la propria retribuzione lorda senza la necessit\u00e0 di stampare.<\/li>\n<li>Produci lista di pagamento riepilogativa o dettagliata per elaborare il pagamento<\/li>\n<li>Calcola il chilometraggio in base allo schema dei turni, come inclusione facoltativa nel pagamento<\/li>\n<li>Emettere fattura a cliente o terza parte, inviare fattura in blocco o singola fattura pdf via email<\/li>\n<li>Genera fatture automatiche di autofatturazione per il personale autonomo<\/li>\n<li>Report organizzati per categoria e accesso guidato dalla funzione del personale.<\/li>\n<li>Stampa report con nome azienda e logo<\/li>\n<\/ul>\n<h4>LE RECENSIONI DEGLI UTENTI<\/h4>\n<p class=\"font-weight-bold mb-2\"><strong>Barbara A.&#8221;Prodotto eccellente&#8221;<\/strong><\/p>\n<p><span class=\"font-weight-bold\"><strong>Commenti<\/strong>: <\/span>Esperienza eccellente<\/p>\n<p class=\"font-weight-bold mb-2\"><strong>Pro<\/strong>:\u00a0Il supporto della squadra \u00e8 eccellente. Mi piace il software perch\u00e9 \u00e8 facile da usare, molto efficace e affidabile.<\/p>\n<p class=\"font-weight-bold mb-2\"><strong>Contro<\/strong>:\u00a0Imparare un nuovo sistema e formare il personale all&#8217;uso del sistema.<\/p>\n<p class=\"font-weight-bold mb-2\"><strong>Patrick K.&#8221;Avevamo bisogno di un software come questo&#8221;<\/strong><\/p>\n<p class=\"font-weight-bold mb-2\"><strong>Pro<\/strong>:\u00a0Mi piace molto il processo end-to-end incluso in questo software. Posso impostare un centinaio di turni in anticipo, poi il software mi aiuter\u00e0 a tenere traccia di: Prenotazioni, No Show, cancellazione&#8230; Questo software mi aiuta anche a generare schede attivit\u00e0 e fatture dei clienti in un clic. Il processo per fatturare i miei clienti e pagare i miei dipendenti mi richiede 1 ora invece di 1 settimana come prima.<\/p>\n<p class=\"font-weight-bold mb-2\"><strong>Contro<\/strong>:\u00a0Perch\u00e9 questo software sia perfetto, \u00e8 necessario migliorare alcune funzionalit\u00e0 gi\u00e0 esistenti.<\/p>\n<p class=\"font-weight-bold mb-2\"><strong>Yvette C.&#8221;Servizio eccellente&#8221;<\/strong><\/p>\n<p><span class=\"font-weight-bold\"><strong>Commenti<\/strong>: <\/span>Molto bene<\/p>\n<p class=\"font-weight-bold mb-2\"><strong>Pro<\/strong>:\u00a0Facile da usare e da capire, pu\u00f2 essere adattato alle nostre esigenze<\/p>\n<p class=\"font-weight-bold mb-2\"><strong>Contro<\/strong>:\u00a0Altre opzioni potrebbero essere aggiunte al software per lo scopo della rotazione<\/p>\n","protected":false},"excerpt":{"rendered":"<p>iStaffRota \u00e8 una soluzione di gestione dell&#8217;assistenza sanitaria domiciliare basata su cloud, che aiuta le agenzie di tutte le dimensioni a gestire i lavoratori e creare piani e programmi di assistenza su una piattaforma centralizzata. Le funzionalit\u00e0 includono schede attivit\u00e0, elaborazione delle fatture, buste paga, creazione del profilo dei dipendenti, calcolo del chilometraggio e notifiche push.\u00a0<\/p>\n","protected":false},"author":16,"featured_media":56940,"parent":56447,"menu_order":0,"comment_status":"open","ping_status":"closed","template":"g1_template_page_review_new.php","meta":{"_acf_changed":false,"cwp_meta_box_check":"No","cwp_rev_product_name":"","cwp_rev_product_image":"","wppr_links":[],"cwp_rev_price":"","wppr_options":[],"wppr_pros":[],"wppr_cons":[],"_monsterinsights_skip_tracking":false,"_monsterinsights_sitenote_active":false,"_monsterinsights_sitenote_note":"","_monsterinsights_sitenote_category":0,"footnotes":""},"categories":[12456],"tags":[12475,12534,12478,12479,12477,12476],"features":[],"class_list":{"0":"post-56939","1":"page","2":"type-page","3":"status-publish","4":"has-post-thumbnail","6":"category-software-assistenza-persone-cat","7":"tag-assistenza-alla-persona","8":"tag-istaffrota","9":"tag-piattaforma-assistenza-alla-persona","10":"tag-programma-assistenza-alla-persona","11":"tag-software-assistenza-alla-persona","12":"tag-soluzione-assistenza-alla-persona"},"wppr_data":{"cwp_meta_box_check":"No"},"acf":[],"yoast_head":"<!-- This site is optimized with the Yoast SEO plugin v27.4 - https:\/\/yoast.com\/product\/yoast-seo-wordpress\/ -->\n<title>iStaffRota: recensione software assistenza alle persone Accurate Reviews<\/title>\n<meta name=\"description\" content=\"iStaffRota: recensione soluzione di gestione dell&#039;assistenza sanitaria domiciliare basata su cloud per agenzie di tutte le dimensioni.\" \/>\n<meta name=\"robots\" content=\"index, follow, max-snippet:-1, max-image-preview:large, max-video-preview:-1\" \/>\n<link rel=\"canonical\" href=\"https:\/\/www.accuratereviews.com\/it\/software-assistenza-persone\/istaffrota-recensione\/\" \/>\n<meta property=\"og:locale\" content=\"it_IT\" \/>\n<meta property=\"og:type\" content=\"article\" \/>\n<meta property=\"og:title\" content=\"iStaffRota: recensione software assistenza alle persone Accurate Reviews\" \/>\n<meta property=\"og:description\" content=\"iStaffRota: recensione soluzione di gestione dell&#039;assistenza sanitaria domiciliare basata su cloud per agenzie di tutte le dimensioni.\" \/>\n<meta property=\"og:url\" content=\"https:\/\/www.accuratereviews.com\/it\/software-assistenza-persone\/istaffrota-recensione\/\" \/>\n<meta property=\"og:site_name\" content=\"Accurate Reviews\" \/>\n<meta property=\"og:image\" content=\"https:\/\/www.accuratereviews.com\/wp-content\/uploads\/2022\/05\/iStaffRota.jpeg\" \/>\n\t<meta property=\"og:image:width\" content=\"280\" \/>\n\t<meta property=\"og:image:height\" content=\"280\" \/>\n\t<meta property=\"og:image:type\" content=\"image\/jpeg\" \/>\n<meta name=\"twitter:card\" content=\"summary_large_image\" \/>\n<meta name=\"twitter:label1\" content=\"Tempo di lettura stimato\" \/>\n\t<meta name=\"twitter:data1\" content=\"5 minuti\" \/>\n<script type=\"application\/ld+json\" class=\"yoast-schema-graph\">{\"@context\":\"https:\\\/\\\/schema.org\",\"@graph\":[{\"@type\":\"WebPage\",\"@id\":\"https:\\\/\\\/www.accuratereviews.com\\\/it\\\/software-assistenza-persone\\\/istaffrota-recensione\\\/\",\"url\":\"https:\\\/\\\/www.accuratereviews.com\\\/it\\\/software-assistenza-persone\\\/istaffrota-recensione\\\/\",\"name\":\"iStaffRota: recensione software assistenza alle persone Accurate Reviews\",\"isPartOf\":{\"@id\":\"https:\\\/\\\/www.accuratereviews.com\\\/it\\\/#website\"},\"primaryImageOfPage\":{\"@id\":\"https:\\\/\\\/www.accuratereviews.com\\\/it\\\/software-assistenza-persone\\\/istaffrota-recensione\\\/#primaryimage\"},\"image\":{\"@id\":\"https:\\\/\\\/www.accuratereviews.com\\\/it\\\/software-assistenza-persone\\\/istaffrota-recensione\\\/#primaryimage\"},\"thumbnailUrl\":\"https:\\\/\\\/www.accuratereviews.com\\\/wp-content\\\/uploads\\\/2022\\\/05\\\/iStaffRota.jpeg\",\"datePublished\":\"2022-05-03T11:22:24+00:00\",\"description\":\"iStaffRota: recensione soluzione di gestione dell'assistenza sanitaria domiciliare basata su cloud per agenzie di tutte le dimensioni.\",\"breadcrumb\":{\"@id\":\"https:\\\/\\\/www.accuratereviews.com\\\/it\\\/software-assistenza-persone\\\/istaffrota-recensione\\\/#breadcrumb\"},\"inLanguage\":\"it-IT\",\"potentialAction\":[{\"@type\":\"ReadAction\",\"target\":[\"https:\\\/\\\/www.accuratereviews.com\\\/it\\\/software-assistenza-persone\\\/istaffrota-recensione\\\/\"]}]},{\"@type\":\"ImageObject\",\"inLanguage\":\"it-IT\",\"@id\":\"https:\\\/\\\/www.accuratereviews.com\\\/it\\\/software-assistenza-persone\\\/istaffrota-recensione\\\/#primaryimage\",\"url\":\"https:\\\/\\\/www.accuratereviews.com\\\/wp-content\\\/uploads\\\/2022\\\/05\\\/iStaffRota.jpeg\",\"contentUrl\":\"https:\\\/\\\/www.accuratereviews.com\\\/wp-content\\\/uploads\\\/2022\\\/05\\\/iStaffRota.jpeg\",\"width\":280,\"height\":280},{\"@type\":\"BreadcrumbList\",\"@id\":\"https:\\\/\\\/www.accuratereviews.com\\\/it\\\/software-assistenza-persone\\\/istaffrota-recensione\\\/#breadcrumb\",\"itemListElement\":[{\"@type\":\"ListItem\",\"position\":1,\"name\":\"Home\",\"item\":\"https:\\\/\\\/www.accuratereviews.com\\\/it\\\/\"},{\"@type\":\"ListItem\",\"position\":2,\"name\":\"Software per assistenza alle persone\",\"item\":\"https:\\\/\\\/www.accuratereviews.com\\\/it\\\/software-assistenza-persone\\\/\"},{\"@type\":\"ListItem\",\"position\":3,\"name\":\"iStaffRota\"}]},{\"@type\":\"WebSite\",\"@id\":\"https:\\\/\\\/www.accuratereviews.com\\\/it\\\/#website\",\"url\":\"https:\\\/\\\/www.accuratereviews.com\\\/it\\\/\",\"name\":\"Accurate Reviews\",\"description\":\"\",\"potentialAction\":[{\"@type\":\"SearchAction\",\"target\":{\"@type\":\"EntryPoint\",\"urlTemplate\":\"https:\\\/\\\/www.accuratereviews.com\\\/it\\\/?s={search_term_string}\"},\"query-input\":{\"@type\":\"PropertyValueSpecification\",\"valueRequired\":true,\"valueName\":\"search_term_string\"}}],\"inLanguage\":\"it-IT\"}]}<\/script>\n<!-- \/ Yoast SEO plugin. -->","yoast_head_json":{"title":"iStaffRota: recensione software assistenza alle persone Accurate Reviews","description":"iStaffRota: recensione soluzione di gestione dell'assistenza sanitaria domiciliare basata su cloud per agenzie di tutte le dimensioni.","robots":{"index":"index","follow":"follow","max-snippet":"max-snippet:-1","max-image-preview":"max-image-preview:large","max-video-preview":"max-video-preview:-1"},"canonical":"https:\/\/www.accuratereviews.com\/it\/software-assistenza-persone\/istaffrota-recensione\/","og_locale":"it_IT","og_type":"article","og_title":"iStaffRota: recensione software assistenza alle persone Accurate Reviews","og_description":"iStaffRota: recensione soluzione di gestione dell'assistenza sanitaria domiciliare basata su cloud per agenzie di tutte le dimensioni.","og_url":"https:\/\/www.accuratereviews.com\/it\/software-assistenza-persone\/istaffrota-recensione\/","og_site_name":"Accurate Reviews","og_image":[{"width":280,"height":280,"url":"https:\/\/www.accuratereviews.com\/wp-content\/uploads\/2022\/05\/iStaffRota.jpeg","type":"image\/jpeg"}],"twitter_card":"summary_large_image","twitter_misc":{"Tempo di lettura stimato":"5 minuti"},"schema":{"@context":"https:\/\/schema.org","@graph":[{"@type":"WebPage","@id":"https:\/\/www.accuratereviews.com\/it\/software-assistenza-persone\/istaffrota-recensione\/","url":"https:\/\/www.accuratereviews.com\/it\/software-assistenza-persone\/istaffrota-recensione\/","name":"iStaffRota: recensione software assistenza alle persone Accurate Reviews","isPartOf":{"@id":"https:\/\/www.accuratereviews.com\/it\/#website"},"primaryImageOfPage":{"@id":"https:\/\/www.accuratereviews.com\/it\/software-assistenza-persone\/istaffrota-recensione\/#primaryimage"},"image":{"@id":"https:\/\/www.accuratereviews.com\/it\/software-assistenza-persone\/istaffrota-recensione\/#primaryimage"},"thumbnailUrl":"https:\/\/www.accuratereviews.com\/wp-content\/uploads\/2022\/05\/iStaffRota.jpeg","datePublished":"2022-05-03T11:22:24+00:00","description":"iStaffRota: recensione soluzione di gestione dell'assistenza sanitaria domiciliare basata su cloud per agenzie di tutte le dimensioni.","breadcrumb":{"@id":"https:\/\/www.accuratereviews.com\/it\/software-assistenza-persone\/istaffrota-recensione\/#breadcrumb"},"inLanguage":"it-IT","potentialAction":[{"@type":"ReadAction","target":["https:\/\/www.accuratereviews.com\/it\/software-assistenza-persone\/istaffrota-recensione\/"]}]},{"@type":"ImageObject","inLanguage":"it-IT","@id":"https:\/\/www.accuratereviews.com\/it\/software-assistenza-persone\/istaffrota-recensione\/#primaryimage","url":"https:\/\/www.accuratereviews.com\/wp-content\/uploads\/2022\/05\/iStaffRota.jpeg","contentUrl":"https:\/\/www.accuratereviews.com\/wp-content\/uploads\/2022\/05\/iStaffRota.jpeg","width":280,"height":280},{"@type":"BreadcrumbList","@id":"https:\/\/www.accuratereviews.com\/it\/software-assistenza-persone\/istaffrota-recensione\/#breadcrumb","itemListElement":[{"@type":"ListItem","position":1,"name":"Home","item":"https:\/\/www.accuratereviews.com\/it\/"},{"@type":"ListItem","position":2,"name":"Software per assistenza alle persone","item":"https:\/\/www.accuratereviews.com\/it\/software-assistenza-persone\/"},{"@type":"ListItem","position":3,"name":"iStaffRota"}]},{"@type":"WebSite","@id":"https:\/\/www.accuratereviews.com\/it\/#website","url":"https:\/\/www.accuratereviews.com\/it\/","name":"Accurate Reviews","description":"","potentialAction":[{"@type":"SearchAction","target":{"@type":"EntryPoint","urlTemplate":"https:\/\/www.accuratereviews.com\/it\/?s={search_term_string}"},"query-input":{"@type":"PropertyValueSpecification","valueRequired":true,"valueName":"search_term_string"}}],"inLanguage":"it-IT"}]}},"_links":{"self":[{"href":"https:\/\/www.accuratereviews.com\/it\/wp-json\/wp\/v2\/pages\/56939","targetHints":{"allow":["GET"]}}],"collection":[{"href":"https:\/\/www.accuratereviews.com\/it\/wp-json\/wp\/v2\/pages"}],"about":[{"href":"https:\/\/www.accuratereviews.com\/it\/wp-json\/wp\/v2\/types\/page"}],"author":[{"embeddable":true,"href":"https:\/\/www.accuratereviews.com\/it\/wp-json\/wp\/v2\/users\/16"}],"replies":[{"embeddable":true,"href":"https:\/\/www.accuratereviews.com\/it\/wp-json\/wp\/v2\/comments?post=56939"}],"version-history":[{"count":9,"href":"https:\/\/www.accuratereviews.com\/it\/wp-json\/wp\/v2\/pages\/56939\/revisions"}],"predecessor-version":[{"id":56999,"href":"https:\/\/www.accuratereviews.com\/it\/wp-json\/wp\/v2\/pages\/56939\/revisions\/56999"}],"up":[{"embeddable":true,"href":"https:\/\/www.accuratereviews.com\/it\/wp-json\/wp\/v2\/pages\/56447"}],"wp:featuredmedia":[{"embeddable":true,"href":"https:\/\/www.accuratereviews.com\/it\/wp-json\/wp\/v2\/media\/56940"}],"wp:attachment":[{"href":"https:\/\/www.accuratereviews.com\/it\/wp-json\/wp\/v2\/media?parent=56939"}],"wp:term":[{"taxonomy":"category","embeddable":true,"href":"https:\/\/www.accuratereviews.com\/it\/wp-json\/wp\/v2\/categories?post=56939"},{"taxonomy":"post_tag","embeddable":true,"href":"https:\/\/www.accuratereviews.com\/it\/wp-json\/wp\/v2\/tags?post=56939"},{"taxonomy":"features","embeddable":true,"href":"https:\/\/www.accuratereviews.com\/it\/wp-json\/wp\/v2\/features?post=56939"}],"curies":[{"name":"wp","href":"https:\/\/api.w.org\/{rel}","templated":true}]}}