{"id":57062,"date":"2022-05-05T08:53:55","date_gmt":"2022-05-05T08:53:55","guid":{"rendered":"https:\/\/www.accuratereviews.com\/?page_id=57062"},"modified":"2022-05-05T08:53:55","modified_gmt":"2022-05-05T08:53:55","slug":"cubigo-recensione","status":"publish","type":"page","link":"https:\/\/www.accuratereviews.com\/it\/software-assistenza-persone\/cubigo-recensione\/","title":{"rendered":"Cubigo"},"content":{"rendered":"<p><strong>Cubigo<\/strong> \u00e8 un <strong>software per l&#8217;assistenza alle persone<\/strong> che unisce il personale della residenza per anziani con i residenti e i loro familiari. Si tratta di una piattaforma online, disponibile anche per dispositivi iOS e Android, che digitalizza\u00a0le funzioni comuni all&#8217;interno delle comunit\u00e0 come la ristorazione, la manutenzione, il trasporto, la comunicazione e tutte le altre attivit\u00e0.<br \/>\nIn questo modo, <strong>Cubigo<\/strong> migliora e automatizza i flussi di lavoro con l&#8217;obiettivo di dimezzare i costi operativi e, allo stesso tempo, incrementare la soddisfazione dei clienti.<\/p>\n<h2>CUBIGO &#8211; TUTORIAL<\/h2>\n<div id=\"fluid-wrapper-counter-1\" class=\"g1-fluid-wrapper \" style=\"width:686px;\">\n<div style=\"padding-bottom:56.268221574344%;\"><iframe loading=\"lazy\" title=\"What is Cubigo? | Integrated Platform, Made for Senior Living\" width=\"686\" height=\"386\" src=\"https:\/\/www.youtube.com\/embed\/h8OAMUMx6fE?feature=oembed&amp;wmode=transparent&amp;autohide=1&amp;autoplay=0&amp;disablekb=0&amp;fs=1&amp;loop=0&amp;enablejsapi=1&amp;rel=0&amp;controls=2&amp;showinfo=0&amp;wmode=transparent&amp;autohide=2&amp;autoplay=0&amp;disablekb=0&amp;fs=1&amp;loop=0&amp;enablejsapi=1&amp;rel=0&amp;controls=2&amp;showinfo=1\" frameborder=\"0\" allow=\"accelerometer; autoplay; clipboard-write; encrypted-media; gyroscope; picture-in-picture\" allowfullscreen><\/iframe><\/div>\n<\/div>\n<h3>CUBIGO &#8211; CARATTERISTICHE<\/h3>\n<ul>\n<li><strong>Efficienza<\/strong>: ottieni pi\u00f9 tempo di qualit\u00e0 con i residenti utilizzando strumenti che ti rendono pi\u00f9 produttivo<\/li>\n<li><strong>Approfondimenti<\/strong>: prenditi cura in modo proattivo dei residenti comprendendo meglio le loro preferenze e monitorando il loro benessere<\/li>\n<li><strong>Lavoro di squadra<\/strong>: collabora e comunica attraverso i team e i reparti avendo tutte le informazioni a portata di mano<\/li>\n<li><strong>Informazioni<\/strong>: scopri tutto ci\u00f2 che la comunit\u00e0 ha da offrire e fate di pi\u00f9 di ci\u00f2 che ami<\/li>\n<li><strong>Connessione<\/strong>: connettiti con altri residenti che la pensano come te e unisciti ai tuoi gruppi e comitati preferiti<\/li>\n<li><strong>Impegno<\/strong>: impegnati con il personale della comunit\u00e0 e con i tuoi familiari in modo continuo<\/li>\n<li><strong>Coinvolgimento<\/strong>: rimani coinvolto e tieni aggiornato sulla vita e il benessere dei tuoi cari<\/li>\n<li><strong>Supporto<\/strong>: assisti i tuoi cari e aiuta a organizzare la loro giornata<\/li>\n<li><strong>Interazione<\/strong>: connettiti con la comunit\u00e0 e lo staff giorno per giorno<\/li>\n<li><strong>Valore del marchio<\/strong>: crea un&#8217;esperienza unica del marchio e del servizio in tutte le tue comunit\u00e0<\/li>\n<li><strong>Integrazione<\/strong>: consolida tutti i tuoi prodotti e dati in un unico sistema integrato.<\/li>\n<\/ul>\n<h4>LE RECENSIONI DEGLI UTENTI<\/h4>\n<p><strong>Kimberly B. &#8220;Funziona! Sono un fan&#8230;&#8221;<\/strong><br \/>\nCOMMENTI: la nostra comunit\u00e0 ha molti cartelli digitali e un canale TV interno su cui viene trasmesso Cubigo. Pubblicizziamo le attivit\u00e0, la ristorazione, l&#8217;assistenza sanitaria e molto altro. I nostri residenti si impegnano quotidianamente sulla piattaforma e sono veloci a consigliare se non gli piace una caratteristica o vogliono pi\u00f9 informazioni. La coerenza \u00e8 la chiave per ottenere il massimo da questa piattaforma software. Il maggior numero di cubi utilizzati promette pi\u00f9 impegno da parte dei residenti e del personale.<br \/>\nPRO: La piattaforma software Cubigo \u00e8 completamente personalizzabile. La nostra comunit\u00e0 \u00e8 stata un beta tester per molte nuove caratteristiche e ha assistito allo sviluppo di molte delle caratteristiche del cubo. La partnership commerciale \u00e8 progettata per la longevit\u00e0 e fornisce opportunit\u00e0 per altre partnership B2B.<br \/>\nCONTRO: abbiamo cos\u00ec tante idee su come costruire la piattaforma e come utilizzarla, ma ovviamente abbiamo bisogno di tempo per consegnare efficacemente il prodotto al personale e ai residenti.<\/p>\n<p><strong>Patrice S. &#8220;Finora tutto bene con Cubigo!<\/strong><br \/>\nPRO: questo software offre un sacco di integrazioni al nostro sistema che non erano disponibili prima. Usare Cubigo ha semplificato molti dei nostri processi per noi, il che \u00e8 fantastico!<br \/>\nCONTRO: il nostro ultimo prodotto specificamente legato alle attivit\u00e0 era molto pi\u00f9 facile da usare.<\/p>\n<p><strong>Carmen M. &#8220;Cubigo fa tutto&#8221;<\/strong><br \/>\nCOMMENTI: lavorare con Cubigo e il loro team \u00e8 stato davvero incredibile. Il loro supporto clienti e la loro risposta \u00e8 incredibile. Sono l\u00ec per rispondere a qualsiasi domanda o preoccupazione.<br \/>\nPRO: Cubigo \u00e8 stato davvero utile nel mettere insieme tutte le aree della nostra organizzazione. Ora i residenti possono andare in un unico posto per le attivit\u00e0, la ristorazione, la manutenzione e le pulizie.<br \/>\nCONTRO: la funzione calendario non era cos\u00ec facile da usare.<\/p>\n","protected":false},"excerpt":{"rendered":"<p>Cubigo \u00e8 un software per l&#8217;assistenza alle persone che unisce il personale della residenza per anziani con i residenti e i loro familiari. Si tratta di una piattaforma online, disponibile anche per dispositivi iOS e Android, che digitalizza\u00a0le funzioni comuni all&#8217;interno delle comunit\u00e0 come la ristorazione, la manutenzione, il trasporto, la comunicazione e tutte le altre attivit\u00e0.<\/p>\n","protected":false},"author":17,"featured_media":57063,"parent":56447,"menu_order":0,"comment_status":"open","ping_status":"closed","template":"g1_template_page_review_new.php","meta":{"_acf_changed":false,"cwp_meta_box_check":"No","cwp_rev_product_name":"","cwp_rev_product_image":"","wppr_links":[],"cwp_rev_price":"","wppr_options":[],"wppr_pros":[],"wppr_cons":[],"_monsterinsights_skip_tracking":false,"_monsterinsights_sitenote_active":false,"_monsterinsights_sitenote_note":"","_monsterinsights_sitenote_category":0,"footnotes":""},"categories":[12456],"tags":[12527,12475,12478,12462,12459,12461],"features":[],"class_list":{"0":"post-57062","1":"page","2":"type-page","3":"status-publish","4":"has-post-thumbnail","6":"category-software-assistenza-persone-cat","7":"tag-app-assistenza-alle-persone","8":"tag-assistenza-alla-persona","9":"tag-piattaforma-assistenza-alla-persona","10":"tag-programma-per-assistenza-alle-persone","11":"tag-software-per-assistenza-alle-persone","12":"tag-soluzione-per-assistenza-alle-persone"},"wppr_data":{"cwp_meta_box_check":"No"},"acf":[],"yoast_head":"<!-- This site is optimized with the Yoast SEO plugin v27.4 - https:\/\/yoast.com\/product\/yoast-seo-wordpress\/ -->\n<title>Cubigo: recensione software assistenza persone - Accurate Reviews<\/title>\n<meta name=\"description\" content=\"Cubigo: software per assistenza alle persone che unisce il personale della residenza per anziani con i residenti e i loro familiari.\" \/>\n<meta name=\"robots\" content=\"index, follow, max-snippet:-1, max-image-preview:large, max-video-preview:-1\" \/>\n<link rel=\"canonical\" href=\"https:\/\/www.accuratereviews.com\/it\/software-assistenza-persone\/cubigo-recensione\/\" \/>\n<meta property=\"og:locale\" content=\"it_IT\" \/>\n<meta property=\"og:type\" content=\"article\" \/>\n<meta property=\"og:title\" content=\"Cubigo: recensione software assistenza persone - Accurate Reviews\" \/>\n<meta property=\"og:description\" content=\"Cubigo: software per assistenza alle persone che unisce il personale della residenza per anziani con i residenti e i loro familiari.\" \/>\n<meta property=\"og:url\" content=\"https:\/\/www.accuratereviews.com\/it\/software-assistenza-persone\/cubigo-recensione\/\" \/>\n<meta property=\"og:site_name\" content=\"Accurate Reviews\" \/>\n<meta property=\"og:image\" content=\"https:\/\/www.accuratereviews.com\/wp-content\/uploads\/2022\/05\/Cubigo-Logo-e1522474226913.png\" \/>\n\t<meta property=\"og:image:width\" content=\"720\" \/>\n\t<meta property=\"og:image:height\" content=\"405\" \/>\n\t<meta property=\"og:image:type\" content=\"image\/png\" \/>\n<meta name=\"twitter:card\" content=\"summary_large_image\" \/>\n<meta name=\"twitter:label1\" content=\"Tempo di lettura stimato\" \/>\n\t<meta name=\"twitter:data1\" content=\"3 minuti\" \/>\n<script type=\"application\/ld+json\" class=\"yoast-schema-graph\">{\"@context\":\"https:\\\/\\\/schema.org\",\"@graph\":[{\"@type\":\"WebPage\",\"@id\":\"https:\\\/\\\/www.accuratereviews.com\\\/it\\\/software-assistenza-persone\\\/cubigo-recensione\\\/\",\"url\":\"https:\\\/\\\/www.accuratereviews.com\\\/it\\\/software-assistenza-persone\\\/cubigo-recensione\\\/\",\"name\":\"Cubigo: recensione software assistenza persone - Accurate Reviews\",\"isPartOf\":{\"@id\":\"https:\\\/\\\/www.accuratereviews.com\\\/it\\\/#website\"},\"primaryImageOfPage\":{\"@id\":\"https:\\\/\\\/www.accuratereviews.com\\\/it\\\/software-assistenza-persone\\\/cubigo-recensione\\\/#primaryimage\"},\"image\":{\"@id\":\"https:\\\/\\\/www.accuratereviews.com\\\/it\\\/software-assistenza-persone\\\/cubigo-recensione\\\/#primaryimage\"},\"thumbnailUrl\":\"https:\\\/\\\/www.accuratereviews.com\\\/wp-content\\\/uploads\\\/2022\\\/05\\\/Cubigo-Logo-e1522474226913.png\",\"datePublished\":\"2022-05-05T08:53:55+00:00\",\"description\":\"Cubigo: software per assistenza alle persone che unisce il personale della residenza per anziani con i residenti e i loro familiari.\",\"breadcrumb\":{\"@id\":\"https:\\\/\\\/www.accuratereviews.com\\\/it\\\/software-assistenza-persone\\\/cubigo-recensione\\\/#breadcrumb\"},\"inLanguage\":\"it-IT\",\"potentialAction\":[{\"@type\":\"ReadAction\",\"target\":[\"https:\\\/\\\/www.accuratereviews.com\\\/it\\\/software-assistenza-persone\\\/cubigo-recensione\\\/\"]}]},{\"@type\":\"ImageObject\",\"inLanguage\":\"it-IT\",\"@id\":\"https:\\\/\\\/www.accuratereviews.com\\\/it\\\/software-assistenza-persone\\\/cubigo-recensione\\\/#primaryimage\",\"url\":\"https:\\\/\\\/www.accuratereviews.com\\\/wp-content\\\/uploads\\\/2022\\\/05\\\/Cubigo-Logo-e1522474226913.png\",\"contentUrl\":\"https:\\\/\\\/www.accuratereviews.com\\\/wp-content\\\/uploads\\\/2022\\\/05\\\/Cubigo-Logo-e1522474226913.png\",\"width\":720,\"height\":405},{\"@type\":\"BreadcrumbList\",\"@id\":\"https:\\\/\\\/www.accuratereviews.com\\\/it\\\/software-assistenza-persone\\\/cubigo-recensione\\\/#breadcrumb\",\"itemListElement\":[{\"@type\":\"ListItem\",\"position\":1,\"name\":\"Home\",\"item\":\"https:\\\/\\\/www.accuratereviews.com\\\/it\\\/\"},{\"@type\":\"ListItem\",\"position\":2,\"name\":\"Software per assistenza alle persone\",\"item\":\"https:\\\/\\\/www.accuratereviews.com\\\/it\\\/software-assistenza-persone\\\/\"},{\"@type\":\"ListItem\",\"position\":3,\"name\":\"Cubigo\"}]},{\"@type\":\"WebSite\",\"@id\":\"https:\\\/\\\/www.accuratereviews.com\\\/it\\\/#website\",\"url\":\"https:\\\/\\\/www.accuratereviews.com\\\/it\\\/\",\"name\":\"Accurate Reviews\",\"description\":\"\",\"potentialAction\":[{\"@type\":\"SearchAction\",\"target\":{\"@type\":\"EntryPoint\",\"urlTemplate\":\"https:\\\/\\\/www.accuratereviews.com\\\/it\\\/?s={search_term_string}\"},\"query-input\":{\"@type\":\"PropertyValueSpecification\",\"valueRequired\":true,\"valueName\":\"search_term_string\"}}],\"inLanguage\":\"it-IT\"}]}<\/script>\n<!-- \/ Yoast SEO plugin. -->","yoast_head_json":{"title":"Cubigo: recensione software assistenza persone - Accurate Reviews","description":"Cubigo: software per assistenza alle persone che unisce il personale della residenza per anziani con i residenti e i loro familiari.","robots":{"index":"index","follow":"follow","max-snippet":"max-snippet:-1","max-image-preview":"max-image-preview:large","max-video-preview":"max-video-preview:-1"},"canonical":"https:\/\/www.accuratereviews.com\/it\/software-assistenza-persone\/cubigo-recensione\/","og_locale":"it_IT","og_type":"article","og_title":"Cubigo: recensione software assistenza persone - Accurate Reviews","og_description":"Cubigo: software per assistenza alle persone che unisce il personale della residenza per anziani con i residenti e i loro familiari.","og_url":"https:\/\/www.accuratereviews.com\/it\/software-assistenza-persone\/cubigo-recensione\/","og_site_name":"Accurate Reviews","og_image":[{"width":720,"height":405,"url":"https:\/\/www.accuratereviews.com\/wp-content\/uploads\/2022\/05\/Cubigo-Logo-e1522474226913.png","type":"image\/png"}],"twitter_card":"summary_large_image","twitter_misc":{"Tempo di lettura stimato":"3 minuti"},"schema":{"@context":"https:\/\/schema.org","@graph":[{"@type":"WebPage","@id":"https:\/\/www.accuratereviews.com\/it\/software-assistenza-persone\/cubigo-recensione\/","url":"https:\/\/www.accuratereviews.com\/it\/software-assistenza-persone\/cubigo-recensione\/","name":"Cubigo: recensione software assistenza persone - Accurate Reviews","isPartOf":{"@id":"https:\/\/www.accuratereviews.com\/it\/#website"},"primaryImageOfPage":{"@id":"https:\/\/www.accuratereviews.com\/it\/software-assistenza-persone\/cubigo-recensione\/#primaryimage"},"image":{"@id":"https:\/\/www.accuratereviews.com\/it\/software-assistenza-persone\/cubigo-recensione\/#primaryimage"},"thumbnailUrl":"https:\/\/www.accuratereviews.com\/wp-content\/uploads\/2022\/05\/Cubigo-Logo-e1522474226913.png","datePublished":"2022-05-05T08:53:55+00:00","description":"Cubigo: software per assistenza alle persone che unisce il personale della residenza per anziani con i residenti e i loro familiari.","breadcrumb":{"@id":"https:\/\/www.accuratereviews.com\/it\/software-assistenza-persone\/cubigo-recensione\/#breadcrumb"},"inLanguage":"it-IT","potentialAction":[{"@type":"ReadAction","target":["https:\/\/www.accuratereviews.com\/it\/software-assistenza-persone\/cubigo-recensione\/"]}]},{"@type":"ImageObject","inLanguage":"it-IT","@id":"https:\/\/www.accuratereviews.com\/it\/software-assistenza-persone\/cubigo-recensione\/#primaryimage","url":"https:\/\/www.accuratereviews.com\/wp-content\/uploads\/2022\/05\/Cubigo-Logo-e1522474226913.png","contentUrl":"https:\/\/www.accuratereviews.com\/wp-content\/uploads\/2022\/05\/Cubigo-Logo-e1522474226913.png","width":720,"height":405},{"@type":"BreadcrumbList","@id":"https:\/\/www.accuratereviews.com\/it\/software-assistenza-persone\/cubigo-recensione\/#breadcrumb","itemListElement":[{"@type":"ListItem","position":1,"name":"Home","item":"https:\/\/www.accuratereviews.com\/it\/"},{"@type":"ListItem","position":2,"name":"Software per assistenza alle persone","item":"https:\/\/www.accuratereviews.com\/it\/software-assistenza-persone\/"},{"@type":"ListItem","position":3,"name":"Cubigo"}]},{"@type":"WebSite","@id":"https:\/\/www.accuratereviews.com\/it\/#website","url":"https:\/\/www.accuratereviews.com\/it\/","name":"Accurate Reviews","description":"","potentialAction":[{"@type":"SearchAction","target":{"@type":"EntryPoint","urlTemplate":"https:\/\/www.accuratereviews.com\/it\/?s={search_term_string}"},"query-input":{"@type":"PropertyValueSpecification","valueRequired":true,"valueName":"search_term_string"}}],"inLanguage":"it-IT"}]}},"_links":{"self":[{"href":"https:\/\/www.accuratereviews.com\/it\/wp-json\/wp\/v2\/pages\/57062","targetHints":{"allow":["GET"]}}],"collection":[{"href":"https:\/\/www.accuratereviews.com\/it\/wp-json\/wp\/v2\/pages"}],"about":[{"href":"https:\/\/www.accuratereviews.com\/it\/wp-json\/wp\/v2\/types\/page"}],"author":[{"embeddable":true,"href":"https:\/\/www.accuratereviews.com\/it\/wp-json\/wp\/v2\/users\/17"}],"replies":[{"embeddable":true,"href":"https:\/\/www.accuratereviews.com\/it\/wp-json\/wp\/v2\/comments?post=57062"}],"version-history":[{"count":5,"href":"https:\/\/www.accuratereviews.com\/it\/wp-json\/wp\/v2\/pages\/57062\/revisions"}],"predecessor-version":[{"id":57101,"href":"https:\/\/www.accuratereviews.com\/it\/wp-json\/wp\/v2\/pages\/57062\/revisions\/57101"}],"up":[{"embeddable":true,"href":"https:\/\/www.accuratereviews.com\/it\/wp-json\/wp\/v2\/pages\/56447"}],"wp:featuredmedia":[{"embeddable":true,"href":"https:\/\/www.accuratereviews.com\/it\/wp-json\/wp\/v2\/media\/57063"}],"wp:attachment":[{"href":"https:\/\/www.accuratereviews.com\/it\/wp-json\/wp\/v2\/media?parent=57062"}],"wp:term":[{"taxonomy":"category","embeddable":true,"href":"https:\/\/www.accuratereviews.com\/it\/wp-json\/wp\/v2\/categories?post=57062"},{"taxonomy":"post_tag","embeddable":true,"href":"https:\/\/www.accuratereviews.com\/it\/wp-json\/wp\/v2\/tags?post=57062"},{"taxonomy":"features","embeddable":true,"href":"https:\/\/www.accuratereviews.com\/it\/wp-json\/wp\/v2\/features?post=57062"}],"curies":[{"name":"wp","href":"https:\/\/api.w.org\/{rel}","templated":true}]}}