{"id":57070,"date":"2022-05-05T10:18:21","date_gmt":"2022-05-05T10:18:21","guid":{"rendered":"https:\/\/www.accuratereviews.com\/?page_id=57070"},"modified":"2022-05-05T10:28:29","modified_gmt":"2022-05-05T10:28:29","slug":"comet-recensione","status":"publish","type":"page","link":"https:\/\/www.accuratereviews.com\/it\/software-assistenza-domiciliare\/comet-recensione\/","title":{"rendered":"Comet"},"content":{"rendered":"<p><strong>Comet<\/strong> \u00e8 un <strong>sistema EMR<\/strong> integrato per case di cura o strutture per cure a lungo termine e post acuti (LTPAC) progettato per semplificare l&#8217;attivit\u00e0 clinica, finanziaria e amministrativa. Le informazioni sui residenti e gli strumenti di gestione del censimento consentono agli utenti di raccogliere, tracciare e gestire tutte le informazioni sui residenti, fornendo un rapido accesso alle loro informazioni demografiche, sociali, finanziarie e cliniche, nonch\u00e9 ai dettagli degli eventi del censimento come pre-ammissioni e dimissioni.\u00a0La suite di account residente\/paziente personalizzabile della soluzione si integra completamente con i dati clinici della struttura per aiutare gli utenti a gestire il ciclo delle entrate in modo semplice e accurato. Inoltre gli account residenti\/pazienti automatizzati servono a migliorare la produttivit\u00e0 degli utenti salvando i membri del personale dal dispendioso inserimento manuale dei dati. I report finanziari e gestionali aiutano a fornire agli utenti informazioni utili sulle prestazioni della struttura.<\/p>\n<h2><a href=\"https:\/\/www.accuratereviews.com\/wp-content\/uploads\/2022\/05\/f0155da2-c40f-4f9b-b7df-b02461b5a96e.png.webp\"><img loading=\"lazy\" decoding=\"async\" class=\"wp-image-57102 size-full aligncenter\" src=\"https:\/\/www.accuratereviews.com\/wp-content\/uploads\/2022\/05\/f0155da2-c40f-4f9b-b7df-b02461b5a96e.png.webp\" alt=\"\" width=\"1024\" height=\"600\" srcset=\"https:\/\/www.accuratereviews.com\/wp-content\/uploads\/2022\/05\/f0155da2-c40f-4f9b-b7df-b02461b5a96e.png.webp 1024w, https:\/\/www.accuratereviews.com\/wp-content\/uploads\/2022\/05\/f0155da2-c40f-4f9b-b7df-b02461b5a96e.png-300x176.webp 300w, https:\/\/www.accuratereviews.com\/wp-content\/uploads\/2022\/05\/f0155da2-c40f-4f9b-b7df-b02461b5a96e.png-768x450.webp 768w, https:\/\/www.accuratereviews.com\/wp-content\/uploads\/2022\/05\/f0155da2-c40f-4f9b-b7df-b02461b5a96e.png-213x125.webp 213w, https:\/\/www.accuratereviews.com\/wp-content\/uploads\/2022\/05\/f0155da2-c40f-4f9b-b7df-b02461b5a96e.png-50x29.webp 50w, https:\/\/www.accuratereviews.com\/wp-content\/uploads\/2022\/05\/f0155da2-c40f-4f9b-b7df-b02461b5a96e.png-968x567.webp 968w, https:\/\/www.accuratereviews.com\/wp-content\/uploads\/2022\/05\/f0155da2-c40f-4f9b-b7df-b02461b5a96e.png-636x373.webp 636w, https:\/\/www.accuratereviews.com\/wp-content\/uploads\/2022\/05\/f0155da2-c40f-4f9b-b7df-b02461b5a96e.png-320x188.webp 320w, https:\/\/www.accuratereviews.com\/wp-content\/uploads\/2022\/05\/f0155da2-c40f-4f9b-b7df-b02461b5a96e.png-239x140.webp 239w\" sizes=\"auto, (max-width: 1024px) 100vw, 1024px\" \/><\/a><\/h2>\n<h2>COMET &#8211; CARATTERISTICHE<\/h2>\n<ul>\n<li>Soluzione personalizzabile con tabelle, menu, regole aziendali e file master definiti dall&#8217;utente, permettendo agli utenti di adattare il programma alle loro esigenze e requisiti specifici<\/li>\n<li>Consente agli utenti di raccogliere, tracciare e gestire i dettagli dei residenti, inclusi dati demografici, sociali, finanziari e clinici, da un&#8217;unica posizione<\/li>\n<li>Offre agli utenti un accesso rapido e centralizzato alle operazioni cliniche e alle cartelle cliniche dei pazienti, dando la possibilit\u00e0 agli utenti di gestire in modo efficiente le procedure di deferimento, dimissione e follow-up<\/li>\n<li>Le funzionalit\u00e0 di reporting finanziario e gestionale offrono agli utenti informazioni preziose sulle prestazioni della struttura e aiutano gli utenti a prendere decisioni intelligenti<\/li>\n<li>Gli utenti possono gestire le proprie attivit\u00e0 amministrative e contabili, inclusa la contabilit\u00e0 generale, in modo semplice e accurato con i servizi finanziari e amministrativi.<\/li>\n<\/ul>\n<h3>LE RECENSIONI DEGLI UTENTI<\/h3>\n<p class=\"font-weight-bold mb-2\"><strong>Eric H.&#8221;22 anni di esperienza LTC&#8221;<\/strong><\/p>\n<p class=\"font-weight-bold mb-2\"><strong>Pro<\/strong>:\u00a0Approccio globale per coprire tutte le aree cliniche. Il point of care ha dimostrato di essere uno strumento valido<\/p>\n<p class=\"font-weight-bold mb-2\"><strong>Contro<\/strong>:\u00a0I rapporti devono essere migliorati per l&#8217;esportazione in Excel e formattati per una migliore lettura. Simile a un programma a cui eravamo abituati con Crystal Reports<\/p>\n<p class=\"font-weight-bold mb-2\"><strong>Ori H.&#8221;Proprietario di Total REAL una recensione per COMET&#8221;<\/strong><\/p>\n<p><span class=\"font-weight-bold\"><strong>Commenti<\/strong>: <\/span>COMET \u00e8 come un guanto per le esigenze della mia azienda. Volevo un sistema multilingue conveniente e ho ottenuto un fantastico pacchetto di funzionalit\u00e0 di gestione, portale per gli inquilini e help-desk e presto anche il portale del proprietario (delle propriet\u00e0). Completalo con molto flessibile, volendo aiutare a supportare e hai un vincitore. Consiglio COMET a tutte le PMI che desiderano iniziare a gestire il proprio portafoglio di propriet\u00e0. C&#8217;\u00e8 anche un account GRATUITO per 3 propriet\u00e0 in modo da poter testare prima di acquistare.<\/p>\n<p class=\"font-weight-bold mb-2\"><strong>Pro<\/strong>:\u00a0Portale inquilini e proprietari<\/p>\n<p class=\"font-weight-bold mb-2\"><strong>Contro<\/strong>:\u00a0attualmente l&#8217;elenco. Non riesco a visualizzare correttamente il mio elenco PROPRIO. Mi era stato promesso di risolverlo al pi\u00f9 presto.<\/p>\n<p class=\"font-weight-bold mb-2\"><strong>Eva H.&#8221;Soluzione per la gestione della propriet\u00e0&#8221;<\/strong><\/p>\n<p><span class=\"font-weight-bold\"><strong>Commenti<\/strong>: <\/span>COMET \u00e8 la soluzione perfetta per chi utilizza ancora software inutilmente complessi e costosi o Word ed Excel per la gestione degli immobili. Tutti i dati sono nel cloud. Niente deve essere installato, sempre la versione attuale e tutto viene automaticamente salvato.<br \/>\nCOMET mi ha offerto una soluzione semplice che stavo cercando. Gestione immobili, unit\u00e0 in affitto, comunicazione con gli inquilini, help desk, versioni linguistiche, rendiconto spese per servizi e pubblicit\u00e0 unit\u00e0 sfitte. Si spera che presto arrivi l&#8217;integrazione con il software di contabilit\u00e0 ceco.<br \/>\nCOMET \u00e8 facile da usare, 3 propriet\u00e0 (unit\u00e0) sono gratuite &#8211; possono essere utilizzate semplicemente per testare come funziona. Tutti i dati possono essere scaricati offline per il backup.<br \/>\nPROVA COMET, prenditi del tempo per registrarti e inserire tutti i dati del tuo immobile e non te ne pentirai. COMET ti fa risparmiare tempo.<\/p>\n<p class=\"font-weight-bold mb-2\"><strong>Pro<\/strong>:\u00a0flessibilit\u00e0<\/p>\n","protected":false},"excerpt":{"rendered":"<p>Comet \u00e8 un sistema EMR integrato per case di cura o strutture per cure a lungo termine e post acuti (LTPAC) progettato per semplificare l&#8217;attivit\u00e0 clinica, finanziaria e amministrativa. Le informazioni sui residenti e gli strumenti di gestione del censimento consentono agli utenti di raccogliere, tracciare e gestire tutte le informazioni sui residenti, fornendo un rapido accesso alle loro informazioni demografiche, sociali, finanziarie e cliniche, nonch\u00e9 ai dettagli degli eventi del censimento come pre-ammissioni e dimissioni.<\/p>\n","protected":false},"author":16,"featured_media":57071,"parent":55061,"menu_order":0,"comment_status":"open","ping_status":"closed","template":"g1_template_page_review_new.php","meta":{"_acf_changed":false,"cwp_meta_box_check":"No","cwp_rev_product_name":"","cwp_rev_product_image":"","wppr_links":[],"cwp_rev_price":"","wppr_options":[],"wppr_pros":[],"wppr_cons":[],"_monsterinsights_skip_tracking":false,"_monsterinsights_sitenote_active":false,"_monsterinsights_sitenote_note":"","_monsterinsights_sitenote_category":0,"footnotes":""},"categories":[12456],"tags":[12475,12556,12478,12479,12477,12476],"features":[],"class_list":{"0":"post-57070","1":"page","2":"type-page","3":"status-publish","4":"has-post-thumbnail","6":"category-software-assistenza-persone-cat","7":"tag-assistenza-alla-persona","8":"tag-comet","9":"tag-piattaforma-assistenza-alla-persona","10":"tag-programma-assistenza-alla-persona","11":"tag-software-assistenza-alla-persona","12":"tag-soluzione-assistenza-alla-persona"},"wppr_data":{"cwp_meta_box_check":"No"},"acf":[],"yoast_head":"<!-- This site is optimized with the Yoast SEO plugin v27.4 - https:\/\/yoast.com\/product\/yoast-seo-wordpress\/ -->\n<title>Comet: recensione software di assistenza alla persona - Accurate Reviews<\/title>\n<meta name=\"description\" content=\"Comet: recensione sistema EMR integrato per case di cura o strutture per cure a lungo termine e post acuti (LTPAC).\" \/>\n<meta name=\"robots\" content=\"index, follow, max-snippet:-1, max-image-preview:large, max-video-preview:-1\" \/>\n<link rel=\"canonical\" href=\"https:\/\/www.accuratereviews.com\/it\/software-assistenza-domiciliare\/comet-recensione\/\" \/>\n<meta property=\"og:locale\" content=\"it_IT\" \/>\n<meta property=\"og:type\" content=\"article\" \/>\n<meta property=\"og:title\" content=\"Comet: recensione software di assistenza alla persona - Accurate Reviews\" \/>\n<meta property=\"og:description\" content=\"Comet: recensione sistema EMR integrato per case di cura o strutture per cure a lungo termine e post acuti (LTPAC).\" \/>\n<meta property=\"og:url\" content=\"https:\/\/www.accuratereviews.com\/it\/software-assistenza-domiciliare\/comet-recensione\/\" \/>\n<meta property=\"og:site_name\" content=\"Accurate Reviews\" \/>\n<meta property=\"article:modified_time\" content=\"2022-05-05T10:28:29+00:00\" \/>\n<meta property=\"og:image\" content=\"https:\/\/www.accuratereviews.com\/wp-content\/uploads\/2022\/05\/comet.png\" \/>\n\t<meta property=\"og:image:width\" content=\"600\" \/>\n\t<meta property=\"og:image:height\" content=\"315\" \/>\n\t<meta property=\"og:image:type\" content=\"image\/png\" \/>\n<meta name=\"twitter:card\" content=\"summary_large_image\" \/>\n<meta name=\"twitter:label1\" content=\"Tempo di lettura stimato\" \/>\n\t<meta name=\"twitter:data1\" content=\"4 minuti\" \/>\n<script type=\"application\/ld+json\" class=\"yoast-schema-graph\">{\"@context\":\"https:\\\/\\\/schema.org\",\"@graph\":[{\"@type\":\"WebPage\",\"@id\":\"https:\\\/\\\/www.accuratereviews.com\\\/it\\\/software-assistenza-domiciliare\\\/comet-recensione\\\/\",\"url\":\"https:\\\/\\\/www.accuratereviews.com\\\/it\\\/software-assistenza-domiciliare\\\/comet-recensione\\\/\",\"name\":\"Comet: recensione software di assistenza alla persona - Accurate Reviews\",\"isPartOf\":{\"@id\":\"https:\\\/\\\/www.accuratereviews.com\\\/it\\\/#website\"},\"primaryImageOfPage\":{\"@id\":\"https:\\\/\\\/www.accuratereviews.com\\\/it\\\/software-assistenza-domiciliare\\\/comet-recensione\\\/#primaryimage\"},\"image\":{\"@id\":\"https:\\\/\\\/www.accuratereviews.com\\\/it\\\/software-assistenza-domiciliare\\\/comet-recensione\\\/#primaryimage\"},\"thumbnailUrl\":\"https:\\\/\\\/www.accuratereviews.com\\\/wp-content\\\/uploads\\\/2022\\\/05\\\/comet.png\",\"datePublished\":\"2022-05-05T10:18:21+00:00\",\"dateModified\":\"2022-05-05T10:28:29+00:00\",\"description\":\"Comet: recensione sistema EMR integrato per case di cura o strutture per cure a lungo termine e post acuti (LTPAC).\",\"breadcrumb\":{\"@id\":\"https:\\\/\\\/www.accuratereviews.com\\\/it\\\/software-assistenza-domiciliare\\\/comet-recensione\\\/#breadcrumb\"},\"inLanguage\":\"it-IT\",\"potentialAction\":[{\"@type\":\"ReadAction\",\"target\":[\"https:\\\/\\\/www.accuratereviews.com\\\/it\\\/software-assistenza-domiciliare\\\/comet-recensione\\\/\"]}]},{\"@type\":\"ImageObject\",\"inLanguage\":\"it-IT\",\"@id\":\"https:\\\/\\\/www.accuratereviews.com\\\/it\\\/software-assistenza-domiciliare\\\/comet-recensione\\\/#primaryimage\",\"url\":\"https:\\\/\\\/www.accuratereviews.com\\\/wp-content\\\/uploads\\\/2022\\\/05\\\/comet.png\",\"contentUrl\":\"https:\\\/\\\/www.accuratereviews.com\\\/wp-content\\\/uploads\\\/2022\\\/05\\\/comet.png\",\"width\":600,\"height\":315},{\"@type\":\"BreadcrumbList\",\"@id\":\"https:\\\/\\\/www.accuratereviews.com\\\/it\\\/software-assistenza-domiciliare\\\/comet-recensione\\\/#breadcrumb\",\"itemListElement\":[{\"@type\":\"ListItem\",\"position\":1,\"name\":\"Home\",\"item\":\"https:\\\/\\\/www.accuratereviews.com\\\/it\\\/\"},{\"@type\":\"ListItem\",\"position\":2,\"name\":\"Software assistenza domiciliare\",\"item\":\"https:\\\/\\\/www.accuratereviews.com\\\/it\\\/software-assistenza-domiciliare\\\/\"},{\"@type\":\"ListItem\",\"position\":3,\"name\":\"Comet\"}]},{\"@type\":\"WebSite\",\"@id\":\"https:\\\/\\\/www.accuratereviews.com\\\/it\\\/#website\",\"url\":\"https:\\\/\\\/www.accuratereviews.com\\\/it\\\/\",\"name\":\"Accurate Reviews\",\"description\":\"\",\"potentialAction\":[{\"@type\":\"SearchAction\",\"target\":{\"@type\":\"EntryPoint\",\"urlTemplate\":\"https:\\\/\\\/www.accuratereviews.com\\\/it\\\/?s={search_term_string}\"},\"query-input\":{\"@type\":\"PropertyValueSpecification\",\"valueRequired\":true,\"valueName\":\"search_term_string\"}}],\"inLanguage\":\"it-IT\"}]}<\/script>\n<!-- \/ Yoast SEO plugin. -->","yoast_head_json":{"title":"Comet: recensione software di assistenza alla persona - Accurate Reviews","description":"Comet: recensione sistema EMR integrato per case di cura o strutture per cure a lungo termine e post acuti (LTPAC).","robots":{"index":"index","follow":"follow","max-snippet":"max-snippet:-1","max-image-preview":"max-image-preview:large","max-video-preview":"max-video-preview:-1"},"canonical":"https:\/\/www.accuratereviews.com\/it\/software-assistenza-domiciliare\/comet-recensione\/","og_locale":"it_IT","og_type":"article","og_title":"Comet: recensione software di assistenza alla persona - Accurate Reviews","og_description":"Comet: recensione sistema EMR integrato per case di cura o strutture per cure a lungo termine e post acuti (LTPAC).","og_url":"https:\/\/www.accuratereviews.com\/it\/software-assistenza-domiciliare\/comet-recensione\/","og_site_name":"Accurate Reviews","article_modified_time":"2022-05-05T10:28:29+00:00","og_image":[{"width":600,"height":315,"url":"https:\/\/www.accuratereviews.com\/wp-content\/uploads\/2022\/05\/comet.png","type":"image\/png"}],"twitter_card":"summary_large_image","twitter_misc":{"Tempo di lettura stimato":"4 minuti"},"schema":{"@context":"https:\/\/schema.org","@graph":[{"@type":"WebPage","@id":"https:\/\/www.accuratereviews.com\/it\/software-assistenza-domiciliare\/comet-recensione\/","url":"https:\/\/www.accuratereviews.com\/it\/software-assistenza-domiciliare\/comet-recensione\/","name":"Comet: recensione software di assistenza alla persona - Accurate Reviews","isPartOf":{"@id":"https:\/\/www.accuratereviews.com\/it\/#website"},"primaryImageOfPage":{"@id":"https:\/\/www.accuratereviews.com\/it\/software-assistenza-domiciliare\/comet-recensione\/#primaryimage"},"image":{"@id":"https:\/\/www.accuratereviews.com\/it\/software-assistenza-domiciliare\/comet-recensione\/#primaryimage"},"thumbnailUrl":"https:\/\/www.accuratereviews.com\/wp-content\/uploads\/2022\/05\/comet.png","datePublished":"2022-05-05T10:18:21+00:00","dateModified":"2022-05-05T10:28:29+00:00","description":"Comet: recensione sistema EMR integrato per case di cura o strutture per cure a lungo termine e post acuti (LTPAC).","breadcrumb":{"@id":"https:\/\/www.accuratereviews.com\/it\/software-assistenza-domiciliare\/comet-recensione\/#breadcrumb"},"inLanguage":"it-IT","potentialAction":[{"@type":"ReadAction","target":["https:\/\/www.accuratereviews.com\/it\/software-assistenza-domiciliare\/comet-recensione\/"]}]},{"@type":"ImageObject","inLanguage":"it-IT","@id":"https:\/\/www.accuratereviews.com\/it\/software-assistenza-domiciliare\/comet-recensione\/#primaryimage","url":"https:\/\/www.accuratereviews.com\/wp-content\/uploads\/2022\/05\/comet.png","contentUrl":"https:\/\/www.accuratereviews.com\/wp-content\/uploads\/2022\/05\/comet.png","width":600,"height":315},{"@type":"BreadcrumbList","@id":"https:\/\/www.accuratereviews.com\/it\/software-assistenza-domiciliare\/comet-recensione\/#breadcrumb","itemListElement":[{"@type":"ListItem","position":1,"name":"Home","item":"https:\/\/www.accuratereviews.com\/it\/"},{"@type":"ListItem","position":2,"name":"Software assistenza domiciliare","item":"https:\/\/www.accuratereviews.com\/it\/software-assistenza-domiciliare\/"},{"@type":"ListItem","position":3,"name":"Comet"}]},{"@type":"WebSite","@id":"https:\/\/www.accuratereviews.com\/it\/#website","url":"https:\/\/www.accuratereviews.com\/it\/","name":"Accurate Reviews","description":"","potentialAction":[{"@type":"SearchAction","target":{"@type":"EntryPoint","urlTemplate":"https:\/\/www.accuratereviews.com\/it\/?s={search_term_string}"},"query-input":{"@type":"PropertyValueSpecification","valueRequired":true,"valueName":"search_term_string"}}],"inLanguage":"it-IT"}]}},"_links":{"self":[{"href":"https:\/\/www.accuratereviews.com\/it\/wp-json\/wp\/v2\/pages\/57070","targetHints":{"allow":["GET"]}}],"collection":[{"href":"https:\/\/www.accuratereviews.com\/it\/wp-json\/wp\/v2\/pages"}],"about":[{"href":"https:\/\/www.accuratereviews.com\/it\/wp-json\/wp\/v2\/types\/page"}],"author":[{"embeddable":true,"href":"https:\/\/www.accuratereviews.com\/it\/wp-json\/wp\/v2\/users\/16"}],"replies":[{"embeddable":true,"href":"https:\/\/www.accuratereviews.com\/it\/wp-json\/wp\/v2\/comments?post=57070"}],"version-history":[{"count":10,"href":"https:\/\/www.accuratereviews.com\/it\/wp-json\/wp\/v2\/pages\/57070\/revisions"}],"predecessor-version":[{"id":57118,"href":"https:\/\/www.accuratereviews.com\/it\/wp-json\/wp\/v2\/pages\/57070\/revisions\/57118"}],"up":[{"embeddable":true,"href":"https:\/\/www.accuratereviews.com\/it\/wp-json\/wp\/v2\/pages\/55061"}],"wp:featuredmedia":[{"embeddable":true,"href":"https:\/\/www.accuratereviews.com\/it\/wp-json\/wp\/v2\/media\/57071"}],"wp:attachment":[{"href":"https:\/\/www.accuratereviews.com\/it\/wp-json\/wp\/v2\/media?parent=57070"}],"wp:term":[{"taxonomy":"category","embeddable":true,"href":"https:\/\/www.accuratereviews.com\/it\/wp-json\/wp\/v2\/categories?post=57070"},{"taxonomy":"post_tag","embeddable":true,"href":"https:\/\/www.accuratereviews.com\/it\/wp-json\/wp\/v2\/tags?post=57070"},{"taxonomy":"features","embeddable":true,"href":"https:\/\/www.accuratereviews.com\/it\/wp-json\/wp\/v2\/features?post=57070"}],"curies":[{"name":"wp","href":"https:\/\/api.w.org\/{rel}","templated":true}]}}