{"id":5709,"date":"2015-10-23T15:34:32","date_gmt":"2015-10-23T15:34:32","guid":{"rendered":"http:\/\/www.accuratereviews.com\/it\/antivirus-la-lista-dei-migliori\/bitdefender-antivirus-plus\/"},"modified":"2016-11-16T13:16:27","modified_gmt":"2016-11-16T13:16:27","slug":"bitdefender-antivirus-plus","status":"publish","type":"page","link":"https:\/\/www.accuratereviews.com\/it\/antivirus-la-lista-dei-migliori\/bitdefender-antivirus-plus\/","title":{"rendered":"Bitdefender Antivirus Plus"},"content":{"rendered":"<div id=\"attachment_1772\" style=\"width: 770px\" class=\"wp-caption alignnone\"><img loading=\"lazy\" decoding=\"async\" aria-describedby=\"caption-attachment-1772\" class=\"size-full wp-image-1772\" src=\"http:\/\/www.accuratereviews.com\/wp-content\/uploads\/2015\/10\/bitdefender-antivirus-plus.jpg\" alt=\"Bitdefender Antivirus Plus manages to display clearly your defence status.\" width=\"760\" height=\"510\" srcset=\"https:\/\/www.accuratereviews.com\/wp-content\/uploads\/2015\/10\/bitdefender-antivirus-plus.jpg 760w, https:\/\/www.accuratereviews.com\/wp-content\/uploads\/2015\/10\/bitdefender-antivirus-plus-300x201.jpg 300w, https:\/\/www.accuratereviews.com\/wp-content\/uploads\/2015\/10\/bitdefender-antivirus-plus-186x125.jpg 186w, https:\/\/www.accuratereviews.com\/wp-content\/uploads\/2015\/10\/bitdefender-antivirus-plus-50x34.jpg 50w, https:\/\/www.accuratereviews.com\/wp-content\/uploads\/2015\/10\/bitdefender-antivirus-plus-636x427.jpg 636w, https:\/\/www.accuratereviews.com\/wp-content\/uploads\/2015\/10\/bitdefender-antivirus-plus-320x215.jpg 320w, https:\/\/www.accuratereviews.com\/wp-content\/uploads\/2015\/10\/bitdefender-antivirus-plus-239x160.jpg 239w\" sizes=\"auto, (max-width: 760px) 100vw, 760px\" \/><p id=\"caption-attachment-1772\" class=\"wp-caption-text\">L&#8217;interfaccia di Bitdefender Antivirus Plus mostra in modo chiaro i livelli di difesa del nostro PC.<\/p><\/div>\n<p><strong>Bitdefender Antivirus Plus<\/strong> \u00e8 una delle <strong>migliori soluzioni sia per proteggersi da malware e virus, che per rimuoverli<\/strong> dal PC. Il software ha ottenuto ottimi risultati nei test effettuati da laboratori indipendenti e supporta funzionalit\u00e0 molto interessanti: ad esempio una modalit\u00e0 di soccorso che permette di avviare il sistema anche in caso non si riesca in nessun altro modo, anche nell&#8217;eventualit\u00e0 in cui i file siano stati permanentemente danneggiati, consentendoci di eliminare il rootkit che ha preso il PC in ostaggio. Non finisce qui: troviamo infatti anche un sistema di <strong>recupero delle informazioni in caso di ransomware<\/strong> e un&#8217;allerta che ci avvisa in caso di ricerche internet pericolose, bloccando link dannosi.<\/p>\n<p><strong>Bitdefender Antivirus Plus<\/strong> vanta anche un <strong>browser sicuro per il web-banking<\/strong> (chiamato \u201cSafePay\u201d), un \u201cimmunizzatore\u201d per chiavette USB, un password manager (che per\u00f2 ha qualche problema di funzionamento), differenti modalit\u00e0 di controllo e difesa a seconda di ci\u00f2 che stiamo facendo sul PC (modalit\u00e0 di gioco, lavoro, o film) e tanto altro ancora.<\/p>\n","protected":false},"excerpt":{"rendered":"<p>Bitdefender Antivirus Plus \u00e8 una delle migliori soluzioni sia per proteggersi da malware e virus, che per rimuoverli dal PC. Il software ha ottenuto ottimi risultati nei test effettuati da laboratori indipendenti e supporta funzionalit\u00e0 molto interessanti.<\/p>\n","protected":false},"author":16,"featured_media":0,"parent":5635,"menu_order":31,"comment_status":"open","ping_status":"closed","template":"g1_template_page_review_new.php","meta":{"_acf_changed":false,"cwp_meta_box_check":"Yes","cwp_rev_product_name":"","cwp_rev_product_image":"","wppr_links":[],"cwp_rev_price":"","wppr_options":[],"wppr_pros":[],"wppr_cons":[],"_monsterinsights_skip_tracking":false,"_monsterinsights_sitenote_active":false,"_monsterinsights_sitenote_note":"","_monsterinsights_sitenote_category":0,"footnotes":""},"categories":[109],"tags":[],"features":[],"class_list":{"0":"post-5709","1":"page","2":"type-page","3":"status-publish","5":"category-antivirus-software-pc-it"},"wppr_data":{"cwp_meta_box_check":"Yes","cwp_rev_product_name":"","cwp_rev_product_image":"","cwp_image_link":"image","cwp_rev_price":"","wppr_rating":"0.00"},"acf":[],"yoast_head":"<!-- This site is optimized with the Yoast SEO plugin v27.4 - https:\/\/yoast.com\/product\/yoast-seo-wordpress\/ -->\n<title>Bitdefender Antivirus Plus recensione miglior antivirus | Accurate Reviews<\/title>\n<meta name=\"description\" content=\"Bitdefender Antivirus Plus \u00e8 una delle migliori soluzioni sia per proteggersi da malware e virus, che per rimuoverli dal PC.\" \/>\n<meta name=\"robots\" content=\"index, follow, max-snippet:-1, max-image-preview:large, max-video-preview:-1\" \/>\n<link rel=\"canonical\" href=\"https:\/\/www.accuratereviews.com\/it\/antivirus-la-lista-dei-migliori\/bitdefender-antivirus-plus\/\" \/>\n<meta property=\"og:locale\" content=\"it_IT\" \/>\n<meta property=\"og:type\" content=\"article\" \/>\n<meta property=\"og:title\" content=\"Bitdefender Antivirus Plus recensione miglior antivirus | Accurate Reviews\" \/>\n<meta property=\"og:description\" content=\"Bitdefender Antivirus Plus \u00e8 una delle migliori soluzioni sia per proteggersi da malware e virus, che per rimuoverli dal PC.\" \/>\n<meta property=\"og:url\" content=\"https:\/\/www.accuratereviews.com\/it\/antivirus-la-lista-dei-migliori\/bitdefender-antivirus-plus\/\" \/>\n<meta property=\"og:site_name\" content=\"Accurate Reviews\" \/>\n<meta property=\"article:modified_time\" content=\"2016-11-16T13:16:27+00:00\" \/>\n<meta property=\"og:image\" content=\"http:\/\/www.accuratereviews.com\/wp-content\/uploads\/2015\/10\/bitdefender-antivirus-plus.jpg\" \/>\n<meta name=\"twitter:card\" content=\"summary_large_image\" \/>\n<meta name=\"twitter:label1\" content=\"Tempo di lettura stimato\" \/>\n\t<meta name=\"twitter:data1\" content=\"1 minuto\" \/>\n<script type=\"application\/ld+json\" class=\"yoast-schema-graph\">{\"@context\":\"https:\\\/\\\/schema.org\",\"@graph\":[{\"@type\":\"WebPage\",\"@id\":\"https:\\\/\\\/www.accuratereviews.com\\\/it\\\/antivirus-la-lista-dei-migliori\\\/bitdefender-antivirus-plus\\\/\",\"url\":\"https:\\\/\\\/www.accuratereviews.com\\\/it\\\/antivirus-la-lista-dei-migliori\\\/bitdefender-antivirus-plus\\\/\",\"name\":\"Bitdefender Antivirus Plus recensione miglior antivirus | Accurate Reviews\",\"isPartOf\":{\"@id\":\"https:\\\/\\\/www.accuratereviews.com\\\/it\\\/#website\"},\"primaryImageOfPage\":{\"@id\":\"https:\\\/\\\/www.accuratereviews.com\\\/it\\\/antivirus-la-lista-dei-migliori\\\/bitdefender-antivirus-plus\\\/#primaryimage\"},\"image\":{\"@id\":\"https:\\\/\\\/www.accuratereviews.com\\\/it\\\/antivirus-la-lista-dei-migliori\\\/bitdefender-antivirus-plus\\\/#primaryimage\"},\"thumbnailUrl\":\"http:\\\/\\\/www.accuratereviews.com\\\/wp-content\\\/uploads\\\/2015\\\/10\\\/bitdefender-antivirus-plus.jpg\",\"datePublished\":\"2015-10-23T15:34:32+00:00\",\"dateModified\":\"2016-11-16T13:16:27+00:00\",\"description\":\"Bitdefender Antivirus Plus \u00e8 una delle migliori soluzioni sia per proteggersi da malware e virus, che per rimuoverli dal PC.\",\"breadcrumb\":{\"@id\":\"https:\\\/\\\/www.accuratereviews.com\\\/it\\\/antivirus-la-lista-dei-migliori\\\/bitdefender-antivirus-plus\\\/#breadcrumb\"},\"inLanguage\":\"it-IT\",\"potentialAction\":[{\"@type\":\"ReadAction\",\"target\":[\"https:\\\/\\\/www.accuratereviews.com\\\/it\\\/antivirus-la-lista-dei-migliori\\\/bitdefender-antivirus-plus\\\/\"]}]},{\"@type\":\"ImageObject\",\"inLanguage\":\"it-IT\",\"@id\":\"https:\\\/\\\/www.accuratereviews.com\\\/it\\\/antivirus-la-lista-dei-migliori\\\/bitdefender-antivirus-plus\\\/#primaryimage\",\"url\":\"http:\\\/\\\/www.accuratereviews.com\\\/wp-content\\\/uploads\\\/2015\\\/10\\\/bitdefender-antivirus-plus.jpg\",\"contentUrl\":\"http:\\\/\\\/www.accuratereviews.com\\\/wp-content\\\/uploads\\\/2015\\\/10\\\/bitdefender-antivirus-plus.jpg\"},{\"@type\":\"BreadcrumbList\",\"@id\":\"https:\\\/\\\/www.accuratereviews.com\\\/it\\\/antivirus-la-lista-dei-migliori\\\/bitdefender-antivirus-plus\\\/#breadcrumb\",\"itemListElement\":[{\"@type\":\"ListItem\",\"position\":1,\"name\":\"Home\",\"item\":\"https:\\\/\\\/www.accuratereviews.com\\\/it\\\/\"},{\"@type\":\"ListItem\",\"position\":2,\"name\":\"Antivirus: i Migliori Antivirus per PC\",\"item\":\"https:\\\/\\\/www.accuratereviews.com\\\/it\\\/antivirus-la-lista-dei-migliori\\\/\"},{\"@type\":\"ListItem\",\"position\":3,\"name\":\"Bitdefender Antivirus Plus\"}]},{\"@type\":\"WebSite\",\"@id\":\"https:\\\/\\\/www.accuratereviews.com\\\/it\\\/#website\",\"url\":\"https:\\\/\\\/www.accuratereviews.com\\\/it\\\/\",\"name\":\"Accurate Reviews\",\"description\":\"\",\"potentialAction\":[{\"@type\":\"SearchAction\",\"target\":{\"@type\":\"EntryPoint\",\"urlTemplate\":\"https:\\\/\\\/www.accuratereviews.com\\\/it\\\/?s={search_term_string}\"},\"query-input\":{\"@type\":\"PropertyValueSpecification\",\"valueRequired\":true,\"valueName\":\"search_term_string\"}}],\"inLanguage\":\"it-IT\"}]}<\/script>\n<!-- \/ Yoast SEO plugin. -->","yoast_head_json":{"title":"Bitdefender Antivirus Plus recensione miglior antivirus | Accurate Reviews","description":"Bitdefender Antivirus Plus \u00e8 una delle migliori soluzioni sia per proteggersi da malware e virus, che per rimuoverli dal PC.","robots":{"index":"index","follow":"follow","max-snippet":"max-snippet:-1","max-image-preview":"max-image-preview:large","max-video-preview":"max-video-preview:-1"},"canonical":"https:\/\/www.accuratereviews.com\/it\/antivirus-la-lista-dei-migliori\/bitdefender-antivirus-plus\/","og_locale":"it_IT","og_type":"article","og_title":"Bitdefender Antivirus Plus recensione miglior antivirus | Accurate Reviews","og_description":"Bitdefender Antivirus Plus \u00e8 una delle migliori soluzioni sia per proteggersi da malware e virus, che per rimuoverli dal PC.","og_url":"https:\/\/www.accuratereviews.com\/it\/antivirus-la-lista-dei-migliori\/bitdefender-antivirus-plus\/","og_site_name":"Accurate Reviews","article_modified_time":"2016-11-16T13:16:27+00:00","og_image":[{"url":"http:\/\/www.accuratereviews.com\/wp-content\/uploads\/2015\/10\/bitdefender-antivirus-plus.jpg","type":"","width":"","height":""}],"twitter_card":"summary_large_image","twitter_misc":{"Tempo di lettura stimato":"1 minuto"},"schema":{"@context":"https:\/\/schema.org","@graph":[{"@type":"WebPage","@id":"https:\/\/www.accuratereviews.com\/it\/antivirus-la-lista-dei-migliori\/bitdefender-antivirus-plus\/","url":"https:\/\/www.accuratereviews.com\/it\/antivirus-la-lista-dei-migliori\/bitdefender-antivirus-plus\/","name":"Bitdefender Antivirus Plus recensione miglior antivirus | Accurate Reviews","isPartOf":{"@id":"https:\/\/www.accuratereviews.com\/it\/#website"},"primaryImageOfPage":{"@id":"https:\/\/www.accuratereviews.com\/it\/antivirus-la-lista-dei-migliori\/bitdefender-antivirus-plus\/#primaryimage"},"image":{"@id":"https:\/\/www.accuratereviews.com\/it\/antivirus-la-lista-dei-migliori\/bitdefender-antivirus-plus\/#primaryimage"},"thumbnailUrl":"http:\/\/www.accuratereviews.com\/wp-content\/uploads\/2015\/10\/bitdefender-antivirus-plus.jpg","datePublished":"2015-10-23T15:34:32+00:00","dateModified":"2016-11-16T13:16:27+00:00","description":"Bitdefender Antivirus Plus \u00e8 una delle migliori soluzioni sia per proteggersi da malware e virus, che per rimuoverli dal PC.","breadcrumb":{"@id":"https:\/\/www.accuratereviews.com\/it\/antivirus-la-lista-dei-migliori\/bitdefender-antivirus-plus\/#breadcrumb"},"inLanguage":"it-IT","potentialAction":[{"@type":"ReadAction","target":["https:\/\/www.accuratereviews.com\/it\/antivirus-la-lista-dei-migliori\/bitdefender-antivirus-plus\/"]}]},{"@type":"ImageObject","inLanguage":"it-IT","@id":"https:\/\/www.accuratereviews.com\/it\/antivirus-la-lista-dei-migliori\/bitdefender-antivirus-plus\/#primaryimage","url":"http:\/\/www.accuratereviews.com\/wp-content\/uploads\/2015\/10\/bitdefender-antivirus-plus.jpg","contentUrl":"http:\/\/www.accuratereviews.com\/wp-content\/uploads\/2015\/10\/bitdefender-antivirus-plus.jpg"},{"@type":"BreadcrumbList","@id":"https:\/\/www.accuratereviews.com\/it\/antivirus-la-lista-dei-migliori\/bitdefender-antivirus-plus\/#breadcrumb","itemListElement":[{"@type":"ListItem","position":1,"name":"Home","item":"https:\/\/www.accuratereviews.com\/it\/"},{"@type":"ListItem","position":2,"name":"Antivirus: i Migliori Antivirus per PC","item":"https:\/\/www.accuratereviews.com\/it\/antivirus-la-lista-dei-migliori\/"},{"@type":"ListItem","position":3,"name":"Bitdefender Antivirus Plus"}]},{"@type":"WebSite","@id":"https:\/\/www.accuratereviews.com\/it\/#website","url":"https:\/\/www.accuratereviews.com\/it\/","name":"Accurate Reviews","description":"","potentialAction":[{"@type":"SearchAction","target":{"@type":"EntryPoint","urlTemplate":"https:\/\/www.accuratereviews.com\/it\/?s={search_term_string}"},"query-input":{"@type":"PropertyValueSpecification","valueRequired":true,"valueName":"search_term_string"}}],"inLanguage":"it-IT"}]}},"_links":{"self":[{"href":"https:\/\/www.accuratereviews.com\/it\/wp-json\/wp\/v2\/pages\/5709","targetHints":{"allow":["GET"]}}],"collection":[{"href":"https:\/\/www.accuratereviews.com\/it\/wp-json\/wp\/v2\/pages"}],"about":[{"href":"https:\/\/www.accuratereviews.com\/it\/wp-json\/wp\/v2\/types\/page"}],"author":[{"embeddable":true,"href":"https:\/\/www.accuratereviews.com\/it\/wp-json\/wp\/v2\/users\/16"}],"replies":[{"embeddable":true,"href":"https:\/\/www.accuratereviews.com\/it\/wp-json\/wp\/v2\/comments?post=5709"}],"version-history":[{"count":6,"href":"https:\/\/www.accuratereviews.com\/it\/wp-json\/wp\/v2\/pages\/5709\/revisions"}],"predecessor-version":[{"id":6436,"href":"https:\/\/www.accuratereviews.com\/it\/wp-json\/wp\/v2\/pages\/5709\/revisions\/6436"}],"up":[{"embeddable":true,"href":"https:\/\/www.accuratereviews.com\/it\/wp-json\/wp\/v2\/pages\/5635"}],"wp:attachment":[{"href":"https:\/\/www.accuratereviews.com\/it\/wp-json\/wp\/v2\/media?parent=5709"}],"wp:term":[{"taxonomy":"category","embeddable":true,"href":"https:\/\/www.accuratereviews.com\/it\/wp-json\/wp\/v2\/categories?post=5709"},{"taxonomy":"post_tag","embeddable":true,"href":"https:\/\/www.accuratereviews.com\/it\/wp-json\/wp\/v2\/tags?post=5709"},{"taxonomy":"features","embeddable":true,"href":"https:\/\/www.accuratereviews.com\/it\/wp-json\/wp\/v2\/features?post=5709"}],"curies":[{"name":"wp","href":"https:\/\/api.w.org\/{rel}","templated":true}]}}