{"id":5720,"date":"2015-10-23T10:54:44","date_gmt":"2015-10-23T10:54:44","guid":{"rendered":"http:\/\/www.accuratereviews.com\/it\/antivirus-la-lista-dei-migliori\/trend-micro-antivirus\/"},"modified":"2016-11-22T11:11:20","modified_gmt":"2016-11-22T11:11:20","slug":"trend-micro-antivirus","status":"publish","type":"page","link":"https:\/\/www.accuratereviews.com\/it\/antivirus-la-lista-dei-migliori\/trend-micro-antivirus\/","title":{"rendered":"Trend Micro Antivirus+"},"content":{"rendered":"<div id=\"attachment_1749\" style=\"width: 630px\" class=\"wp-caption alignnone\"><img loading=\"lazy\" decoding=\"async\" aria-describedby=\"caption-attachment-1749\" class=\"size-full wp-image-1749\" src=\"http:\/\/www.accuratereviews.com\/wp-content\/uploads\/2015\/10\/trend-micro-antivirus.png\" alt=\"Forget about those two last tabs: &quot;Data&quot; and &quot;Family&quot; belongs to the most expensive Trend security suite.\" width=\"620\" height=\"553\" srcset=\"https:\/\/www.accuratereviews.com\/wp-content\/uploads\/2015\/10\/trend-micro-antivirus.png 620w, https:\/\/www.accuratereviews.com\/wp-content\/uploads\/2015\/10\/trend-micro-antivirus-300x268.png 300w, https:\/\/www.accuratereviews.com\/wp-content\/uploads\/2015\/10\/trend-micro-antivirus-140x125.png 140w, https:\/\/www.accuratereviews.com\/wp-content\/uploads\/2015\/10\/trend-micro-antivirus-50x45.png 50w, https:\/\/www.accuratereviews.com\/wp-content\/uploads\/2015\/10\/trend-micro-antivirus-320x285.png 320w, https:\/\/www.accuratereviews.com\/wp-content\/uploads\/2015\/10\/trend-micro-antivirus-239x213.png 239w\" sizes=\"auto, (max-width: 620px) 100vw, 620px\" \/><p id=\"caption-attachment-1749\" class=\"wp-caption-text\">Lasciate perdere quelle due ultime tab: &#8220;Data&#8221; e &#8220;Family&#8221; fanno parte della Trend Security Suite, piuttosto costosa.<\/p><\/div>\n<p><strong>Trend Micro ha una reputazione storica nell\u2019ambito degli antivirus<\/strong>, nascendo negli anni \u201890 e proseguendo negli anni con prodotti molto validi per la sicurezza. Sfortunatamente, l\u2019ultimo pi\u00f9 noto antivirus, il <strong>Trend Micro Antivirus Plus, non \u00e8 dei migliori sul mercato<\/strong>. L\u2019interfaccia cerca di sembrar semplice, ma manca di chiarezza. Non \u00e8 facile navigarvi e trovare tutte le opzioni disponibili ad un primo colpo d\u2019occhio.<\/p>\n<p><strong>\u00c8 inoltre piuttosto fastidioso che le prime funzionalit\u00e0 mostrate nella finestra principale siano solo a pagamento<\/strong>, tra l\u2019altro sono le pi\u00f9 costose, e servono a proteggere pi\u00f9 dispositivi oltre a controllar ci\u00f2 che i bambini fanno sul web. Come antivirus e anti-spyware, <strong>Trend Micro \u00e8 in grado di localizzare sul PC file pericolosi<\/strong>, di scansionare le email in arrivo per bloccare tentativi di phishing e offre un aiuto valido anche contro i pericoli pi\u00f9 nuovi.<\/p>\n<p>Per maggiori informazioni vi rimandiamo <a href=\"https:\/\/www.accuratereviews.com\/best-antivirus-for-pc-software-reviews-list\/trend-micro-antivirus\/\" title=\"alla nostra recensione in inglese\">alla nostra recensione in inglese<\/a>.<\/p>\n","protected":false},"excerpt":{"rendered":"<p>Trend Micro ha una reputazione storica nell\u2019ambito degli antivirus, nascendo negli anni \u201890 e proseguendo negli anni con prodotti molto validi per la sicurezza. Sfortunatamente, l\u2019ultimo pi\u00f9 noto antivirus, il Trend Micro Antivirus Plus, non \u00e8 dei migliori sul mercato.<\/p>\n","protected":false},"author":16,"featured_media":0,"parent":5635,"menu_order":30,"comment_status":"open","ping_status":"closed","template":"g1_template_page_review_new.php","meta":{"_acf_changed":false,"cwp_meta_box_check":"Yes","cwp_rev_product_name":"","cwp_rev_product_image":"","wppr_links":[],"cwp_rev_price":"","wppr_options":[],"wppr_pros":[],"wppr_cons":[],"_monsterinsights_skip_tracking":false,"_monsterinsights_sitenote_active":false,"_monsterinsights_sitenote_note":"","_monsterinsights_sitenote_category":0,"footnotes":""},"categories":[109],"tags":[],"features":[],"class_list":{"0":"post-5720","1":"page","2":"type-page","3":"status-publish","5":"category-antivirus-software-pc-it"},"wppr_data":{"cwp_meta_box_check":"Yes","cwp_rev_product_name":"","cwp_rev_product_image":"","cwp_image_link":"image","cwp_rev_price":"","wppr_rating":"0.00"},"acf":[],"yoast_head":"<!-- This site is optimized with the Yoast SEO plugin v27.4 - https:\/\/yoast.com\/product\/yoast-seo-wordpress\/ -->\n<title>Trend Micro Antivirus Plus recensione miglior antivirus | Accurate Reviews<\/title>\n<meta name=\"description\" content=\"Trend Micro Antivirus Plus \u00e8 tra i pi\u00f9 famosi produttori di antivirus, ma l&#039;ultima versione del suo software non \u00e8 tra i migliori del settore.\" \/>\n<meta name=\"robots\" content=\"index, follow, max-snippet:-1, max-image-preview:large, max-video-preview:-1\" \/>\n<link rel=\"canonical\" href=\"https:\/\/www.accuratereviews.com\/it\/antivirus-la-lista-dei-migliori\/trend-micro-antivirus\/\" \/>\n<meta property=\"og:locale\" content=\"it_IT\" \/>\n<meta property=\"og:type\" content=\"article\" \/>\n<meta property=\"og:title\" content=\"Trend Micro Antivirus Plus recensione miglior antivirus | Accurate Reviews\" \/>\n<meta property=\"og:description\" content=\"Trend Micro Antivirus Plus \u00e8 tra i pi\u00f9 famosi produttori di antivirus, ma l&#039;ultima versione del suo software non \u00e8 tra i migliori del settore.\" \/>\n<meta property=\"og:url\" content=\"https:\/\/www.accuratereviews.com\/it\/antivirus-la-lista-dei-migliori\/trend-micro-antivirus\/\" \/>\n<meta property=\"og:site_name\" content=\"Accurate Reviews\" \/>\n<meta property=\"article:modified_time\" content=\"2016-11-22T11:11:20+00:00\" \/>\n<meta property=\"og:image\" content=\"http:\/\/www.accuratereviews.com\/wp-content\/uploads\/2015\/10\/trend-micro-antivirus.png\" \/>\n<meta name=\"twitter:card\" content=\"summary_large_image\" \/>\n<meta name=\"twitter:label1\" content=\"Tempo di lettura stimato\" \/>\n\t<meta name=\"twitter:data1\" content=\"1 minuto\" \/>\n<script type=\"application\/ld+json\" class=\"yoast-schema-graph\">{\"@context\":\"https:\\\/\\\/schema.org\",\"@graph\":[{\"@type\":\"WebPage\",\"@id\":\"https:\\\/\\\/www.accuratereviews.com\\\/it\\\/antivirus-la-lista-dei-migliori\\\/trend-micro-antivirus\\\/\",\"url\":\"https:\\\/\\\/www.accuratereviews.com\\\/it\\\/antivirus-la-lista-dei-migliori\\\/trend-micro-antivirus\\\/\",\"name\":\"Trend Micro Antivirus Plus recensione miglior antivirus | Accurate Reviews\",\"isPartOf\":{\"@id\":\"https:\\\/\\\/www.accuratereviews.com\\\/it\\\/#website\"},\"primaryImageOfPage\":{\"@id\":\"https:\\\/\\\/www.accuratereviews.com\\\/it\\\/antivirus-la-lista-dei-migliori\\\/trend-micro-antivirus\\\/#primaryimage\"},\"image\":{\"@id\":\"https:\\\/\\\/www.accuratereviews.com\\\/it\\\/antivirus-la-lista-dei-migliori\\\/trend-micro-antivirus\\\/#primaryimage\"},\"thumbnailUrl\":\"http:\\\/\\\/www.accuratereviews.com\\\/wp-content\\\/uploads\\\/2015\\\/10\\\/trend-micro-antivirus.png\",\"datePublished\":\"2015-10-23T10:54:44+00:00\",\"dateModified\":\"2016-11-22T11:11:20+00:00\",\"description\":\"Trend Micro Antivirus Plus \u00e8 tra i pi\u00f9 famosi produttori di antivirus, ma l'ultima versione del suo software non \u00e8 tra i migliori del settore.\",\"breadcrumb\":{\"@id\":\"https:\\\/\\\/www.accuratereviews.com\\\/it\\\/antivirus-la-lista-dei-migliori\\\/trend-micro-antivirus\\\/#breadcrumb\"},\"inLanguage\":\"it-IT\",\"potentialAction\":[{\"@type\":\"ReadAction\",\"target\":[\"https:\\\/\\\/www.accuratereviews.com\\\/it\\\/antivirus-la-lista-dei-migliori\\\/trend-micro-antivirus\\\/\"]}]},{\"@type\":\"ImageObject\",\"inLanguage\":\"it-IT\",\"@id\":\"https:\\\/\\\/www.accuratereviews.com\\\/it\\\/antivirus-la-lista-dei-migliori\\\/trend-micro-antivirus\\\/#primaryimage\",\"url\":\"http:\\\/\\\/www.accuratereviews.com\\\/wp-content\\\/uploads\\\/2015\\\/10\\\/trend-micro-antivirus.png\",\"contentUrl\":\"http:\\\/\\\/www.accuratereviews.com\\\/wp-content\\\/uploads\\\/2015\\\/10\\\/trend-micro-antivirus.png\"},{\"@type\":\"BreadcrumbList\",\"@id\":\"https:\\\/\\\/www.accuratereviews.com\\\/it\\\/antivirus-la-lista-dei-migliori\\\/trend-micro-antivirus\\\/#breadcrumb\",\"itemListElement\":[{\"@type\":\"ListItem\",\"position\":1,\"name\":\"Home\",\"item\":\"https:\\\/\\\/www.accuratereviews.com\\\/it\\\/\"},{\"@type\":\"ListItem\",\"position\":2,\"name\":\"Antivirus: i Migliori Antivirus per PC\",\"item\":\"https:\\\/\\\/www.accuratereviews.com\\\/it\\\/antivirus-la-lista-dei-migliori\\\/\"},{\"@type\":\"ListItem\",\"position\":3,\"name\":\"Trend Micro Antivirus+\"}]},{\"@type\":\"WebSite\",\"@id\":\"https:\\\/\\\/www.accuratereviews.com\\\/it\\\/#website\",\"url\":\"https:\\\/\\\/www.accuratereviews.com\\\/it\\\/\",\"name\":\"Accurate Reviews\",\"description\":\"\",\"potentialAction\":[{\"@type\":\"SearchAction\",\"target\":{\"@type\":\"EntryPoint\",\"urlTemplate\":\"https:\\\/\\\/www.accuratereviews.com\\\/it\\\/?s={search_term_string}\"},\"query-input\":{\"@type\":\"PropertyValueSpecification\",\"valueRequired\":true,\"valueName\":\"search_term_string\"}}],\"inLanguage\":\"it-IT\"}]}<\/script>\n<!-- \/ Yoast SEO plugin. -->","yoast_head_json":{"title":"Trend Micro Antivirus Plus recensione miglior antivirus | Accurate Reviews","description":"Trend Micro Antivirus Plus \u00e8 tra i pi\u00f9 famosi produttori di antivirus, ma l'ultima versione del suo software non \u00e8 tra i migliori del settore.","robots":{"index":"index","follow":"follow","max-snippet":"max-snippet:-1","max-image-preview":"max-image-preview:large","max-video-preview":"max-video-preview:-1"},"canonical":"https:\/\/www.accuratereviews.com\/it\/antivirus-la-lista-dei-migliori\/trend-micro-antivirus\/","og_locale":"it_IT","og_type":"article","og_title":"Trend Micro Antivirus Plus recensione miglior antivirus | Accurate Reviews","og_description":"Trend Micro Antivirus Plus \u00e8 tra i pi\u00f9 famosi produttori di antivirus, ma l'ultima versione del suo software non \u00e8 tra i migliori del settore.","og_url":"https:\/\/www.accuratereviews.com\/it\/antivirus-la-lista-dei-migliori\/trend-micro-antivirus\/","og_site_name":"Accurate Reviews","article_modified_time":"2016-11-22T11:11:20+00:00","og_image":[{"url":"http:\/\/www.accuratereviews.com\/wp-content\/uploads\/2015\/10\/trend-micro-antivirus.png","type":"","width":"","height":""}],"twitter_card":"summary_large_image","twitter_misc":{"Tempo di lettura stimato":"1 minuto"},"schema":{"@context":"https:\/\/schema.org","@graph":[{"@type":"WebPage","@id":"https:\/\/www.accuratereviews.com\/it\/antivirus-la-lista-dei-migliori\/trend-micro-antivirus\/","url":"https:\/\/www.accuratereviews.com\/it\/antivirus-la-lista-dei-migliori\/trend-micro-antivirus\/","name":"Trend Micro Antivirus Plus recensione miglior antivirus | Accurate Reviews","isPartOf":{"@id":"https:\/\/www.accuratereviews.com\/it\/#website"},"primaryImageOfPage":{"@id":"https:\/\/www.accuratereviews.com\/it\/antivirus-la-lista-dei-migliori\/trend-micro-antivirus\/#primaryimage"},"image":{"@id":"https:\/\/www.accuratereviews.com\/it\/antivirus-la-lista-dei-migliori\/trend-micro-antivirus\/#primaryimage"},"thumbnailUrl":"http:\/\/www.accuratereviews.com\/wp-content\/uploads\/2015\/10\/trend-micro-antivirus.png","datePublished":"2015-10-23T10:54:44+00:00","dateModified":"2016-11-22T11:11:20+00:00","description":"Trend Micro Antivirus Plus \u00e8 tra i pi\u00f9 famosi produttori di antivirus, ma l'ultima versione del suo software non \u00e8 tra i migliori del settore.","breadcrumb":{"@id":"https:\/\/www.accuratereviews.com\/it\/antivirus-la-lista-dei-migliori\/trend-micro-antivirus\/#breadcrumb"},"inLanguage":"it-IT","potentialAction":[{"@type":"ReadAction","target":["https:\/\/www.accuratereviews.com\/it\/antivirus-la-lista-dei-migliori\/trend-micro-antivirus\/"]}]},{"@type":"ImageObject","inLanguage":"it-IT","@id":"https:\/\/www.accuratereviews.com\/it\/antivirus-la-lista-dei-migliori\/trend-micro-antivirus\/#primaryimage","url":"http:\/\/www.accuratereviews.com\/wp-content\/uploads\/2015\/10\/trend-micro-antivirus.png","contentUrl":"http:\/\/www.accuratereviews.com\/wp-content\/uploads\/2015\/10\/trend-micro-antivirus.png"},{"@type":"BreadcrumbList","@id":"https:\/\/www.accuratereviews.com\/it\/antivirus-la-lista-dei-migliori\/trend-micro-antivirus\/#breadcrumb","itemListElement":[{"@type":"ListItem","position":1,"name":"Home","item":"https:\/\/www.accuratereviews.com\/it\/"},{"@type":"ListItem","position":2,"name":"Antivirus: i Migliori Antivirus per PC","item":"https:\/\/www.accuratereviews.com\/it\/antivirus-la-lista-dei-migliori\/"},{"@type":"ListItem","position":3,"name":"Trend Micro Antivirus+"}]},{"@type":"WebSite","@id":"https:\/\/www.accuratereviews.com\/it\/#website","url":"https:\/\/www.accuratereviews.com\/it\/","name":"Accurate Reviews","description":"","potentialAction":[{"@type":"SearchAction","target":{"@type":"EntryPoint","urlTemplate":"https:\/\/www.accuratereviews.com\/it\/?s={search_term_string}"},"query-input":{"@type":"PropertyValueSpecification","valueRequired":true,"valueName":"search_term_string"}}],"inLanguage":"it-IT"}]}},"_links":{"self":[{"href":"https:\/\/www.accuratereviews.com\/it\/wp-json\/wp\/v2\/pages\/5720","targetHints":{"allow":["GET"]}}],"collection":[{"href":"https:\/\/www.accuratereviews.com\/it\/wp-json\/wp\/v2\/pages"}],"about":[{"href":"https:\/\/www.accuratereviews.com\/it\/wp-json\/wp\/v2\/types\/page"}],"author":[{"embeddable":true,"href":"https:\/\/www.accuratereviews.com\/it\/wp-json\/wp\/v2\/users\/16"}],"replies":[{"embeddable":true,"href":"https:\/\/www.accuratereviews.com\/it\/wp-json\/wp\/v2\/comments?post=5720"}],"version-history":[{"count":5,"href":"https:\/\/www.accuratereviews.com\/it\/wp-json\/wp\/v2\/pages\/5720\/revisions"}],"predecessor-version":[{"id":6545,"href":"https:\/\/www.accuratereviews.com\/it\/wp-json\/wp\/v2\/pages\/5720\/revisions\/6545"}],"up":[{"embeddable":true,"href":"https:\/\/www.accuratereviews.com\/it\/wp-json\/wp\/v2\/pages\/5635"}],"wp:attachment":[{"href":"https:\/\/www.accuratereviews.com\/it\/wp-json\/wp\/v2\/media?parent=5720"}],"wp:term":[{"taxonomy":"category","embeddable":true,"href":"https:\/\/www.accuratereviews.com\/it\/wp-json\/wp\/v2\/categories?post=5720"},{"taxonomy":"post_tag","embeddable":true,"href":"https:\/\/www.accuratereviews.com\/it\/wp-json\/wp\/v2\/tags?post=5720"},{"taxonomy":"features","embeddable":true,"href":"https:\/\/www.accuratereviews.com\/it\/wp-json\/wp\/v2\/features?post=5720"}],"curies":[{"name":"wp","href":"https:\/\/api.w.org\/{rel}","templated":true}]}}