{"id":57209,"date":"2022-05-09T09:55:19","date_gmt":"2022-05-09T09:55:19","guid":{"rendered":"https:\/\/www.accuratereviews.com\/?page_id=57209"},"modified":"2022-05-11T06:44:45","modified_gmt":"2022-05-11T06:44:45","slug":"arctitan-recensione","status":"publish","type":"page","link":"https:\/\/www.accuratereviews.com\/it\/software-archiviazione-email\/arctitan-recensione\/","title":{"rendered":"ArcTitan"},"content":{"rendered":"<p><strong>ArcTitan<\/strong> \u00e8 un <strong>software per archiviazione email<\/strong> che permette alle aziende di conservare una copia di tutte le email in un archivio in modo tale da poterle recuperare e rileggere in qualsiasi momento. Archiviare tutti questi dati in modo sicuro consente anche di soddisfare tutti i requisiti di conformit\u00e0 aziendale.<br \/>\n<strong>ArcTitan<\/strong> \u00e8 una <strong>soluzione\u00a0di archiviazione della posta elettronica<\/strong> integrata in Office 365 facile da configurare e da implementare sul PC, disponibile su Windows, Mac, Linux e Chromebook.<\/p>\n<h2>ARCTITAN &#8211; TUTORIAL<\/h2>\n<div id=\"fluid-wrapper-counter-1\" class=\"g1-fluid-wrapper \" style=\"width:686px;\">\n<div style=\"padding-bottom:56.268221574344%;\"><iframe loading=\"lazy\" title=\"Email Archiving Demo of ArcTitan from TitanHQ\" width=\"686\" height=\"386\" src=\"https:\/\/www.youtube.com\/embed\/rrBkfwr2LFA?feature=oembed&amp;wmode=transparent&amp;autohide=1&amp;autoplay=0&amp;disablekb=0&amp;fs=1&amp;loop=0&amp;enablejsapi=1&amp;rel=0&amp;controls=2&amp;showinfo=0&amp;wmode=transparent&amp;autohide=2&amp;autoplay=0&amp;disablekb=0&amp;fs=1&amp;loop=0&amp;enablejsapi=1&amp;rel=0&amp;controls=2&amp;showinfo=1\" frameborder=\"0\" allow=\"accelerometer; autoplay; clipboard-write; encrypted-media; gyroscope; picture-in-picture\" allowfullscreen><\/iframe><\/div>\n<\/div>\n<h3>ARCTITAN &#8211; CARATTERISTICHE<\/h3>\n<ul>\n<li><strong>Office 365 soluzione archiviazione<\/strong>: una perfetta integrazione con Office365, ArcTitan semplifica l&#8217;archiviazione della posta elettronica. Una funzione essenziale per la conformit\u00e0, \u00e8 il modo pi\u00f9 efficace in termini di costi e di tempo per gestire l&#8217;archiviazione delle e-mail per la tua organizzazione<\/li>\n<li><strong>Ricerca e recupero fulminei<\/strong>: la ricerca \u00e8 semplificata con ArcTitan. Naviga rapidamente tra le email nella soluzione di archiviazione basata sul cloud in pochi secondi. L&#8217;accesso istantaneo alle email su richiesta migliora l&#8217;efficienza del tempo per i dipendenti<\/li>\n<li><strong>Una soluzione di archiviazione mail semplice da usare<\/strong>: facile da usare sia per gli amministratori che per gli utenti finali, ArcTitan assicura una facile configurazione e un facile accesso agli archivi email. Trova e recupera qualsiasi email archiviata in pochi secondi<\/li>\n<li><strong>Sicuro e perpetuo<\/strong>: la crittografia delle email assicura il 100% di protezione contro la perdita di dati. Tutte le email sono crittografate in transito e durante l&#8217;archiviazione<\/li>\n<li><strong>eDiscovery e EU GDPR<\/strong>: permette alla tua azienda di soddisfare gli obblighi di conformit\u00e0 legale come GDPR, Sarbanes-Oxley, HIPAA e eDiscovery. Accedi ai dati dei clienti nell&#8217;archivio email basato sul cloud, istantaneamente ed efficacemente quando richiesto<\/li>\n<li><strong>Accesso remoto alle mail archiviate<\/strong>: l&#8217;archiviazione basata sul cloud offre un modo semplice e sicuro di gestire le email aziendali per garantire la conformit\u00e0, la sicurezza e la privacy della tua forza lavoro remota<\/li>\n<li><strong>Soluzione di archiviazione basata sul cloud<\/strong>: non \u00e8 necessario alcun hardware in loco. Memorizza un numero illimitato di email in una soluzione di archiviazione sicura. Scalabilit\u00e0 definitiva<\/li>\n<li><strong>Risparmia fino al 75% di spazio di archiviazione delle mail<\/strong>: riduci il carico sui tuoi server di posta con l&#8217;archiviazione delle email di ArcTitan. Riduci da 1.000 GB a 200 GB.<\/li>\n<\/ul>\n<h4>LE RECENSIONI DEGLI UTENTI<\/h4>\n<p><strong>Robert D. &#8220;Archiviazione e-mail facile e veloce&#8221;<\/strong><br \/>\nCOMMENTI: ci siamo spostati da Lotus notes email on premise e avevamo bisogno di un modo per avere accesso alla posta posta pi\u00f9 facilmente nell&#8217;ambiente Outlook 365. Avevamo anche bisogno di assicurarci che ogni email fosse catturata in una singola posizione ricercabile.<br \/>\nPRO: \u00e8 un vero e proprio sistema &#8220;imposta e dimentica&#8221;, facile da configurare e impostare.<br \/>\nCONTRO: non era semplice assegnare diversi account di posta elettronica ad altri utenti. Anche dover cambiare account a privieledged per fare una ricerca completa nell&#8217;archivio potrebbe essere gestito un po&#8217; meglio.<\/p>\n<p><strong>Lane A. &#8220;ottimo prodotto&#8221;<\/strong><br \/>\nCOMMENTI: ottimo staff di supporto, adoro il prodotto. Abbiamo cercato di utilizzare l&#8217;archiviazione sul posto con O365, ma sembrava causare pi\u00f9 mal di testa per gli utenti finali. Arctitan \u00e8 molto semplice da usare e pu\u00f2 conservare le mail per sempre, anche dopo che un dipendente lascia, senza costi aggiuntivi come Arctitan non fa pagare una licenza se non vi \u00e8 alcuna licenza O365 associato in uso. questo \u00e8 un bonus!<br \/>\nPRO: molto facile da usare, strumento di ricerca migliore di Microsoft E-discovery quando si cercano le e-mail. Una volta in atto, gli utenti possono tranquillamente eliminare, pulire le loro caselle di posta elettronica sapendo che ArcTitan ha un record permanente per loro da cercare.<br \/>\nCONTRO: il setup ha richiesto un po&#8217; pi\u00f9 tempo di quanto ci aspettassimo.<\/p>\n<p><strong>Egil B. &#8220;Siamo molto soddisfatti di ArcTitan&#8221;<\/strong><br \/>\nCOMMENTI: esperienza molto buona, funziona &#8220;out of the box&#8221;<br \/>\nPRO: \u00e8 facile da usare e configurare e il lettore di caselle di posta funziona benissimo per importare le caselle di posta correnti<br \/>\nCONTRO: l&#8217;integrazione di Outlook \u00e8 difficile da distribuire in massa agli utenti.<\/p>\n","protected":false},"excerpt":{"rendered":"<p>ArcTitan \u00e8 un software per archiviazione mail che permette alle aziende di conservare una copia di tutte le mail in un archivio in modo tale da poterle recuperare e rileggere in qualsiasi momento. Archiviare tutti questi dati in modo sicuro consente anche di soddisfare tutti i requisiti di conformit\u00e0 aziendale.<\/p>\n","protected":false},"author":17,"featured_media":57210,"parent":57184,"menu_order":0,"comment_status":"open","ping_status":"closed","template":"g1_template_page_review_new.php","meta":{"_acf_changed":false,"cwp_meta_box_check":"No","cwp_rev_product_name":"","cwp_rev_product_image":"","wppr_links":[],"cwp_rev_price":"","wppr_options":[],"wppr_pros":[],"wppr_cons":[],"_monsterinsights_skip_tracking":false,"_monsterinsights_sitenote_active":false,"_monsterinsights_sitenote_note":"","_monsterinsights_sitenote_category":0,"footnotes":""},"categories":[12566],"tags":[12572,1294,12583,12571,12570,12569],"features":[],"class_list":{"0":"post-57209","1":"page","2":"type-page","3":"status-publish","4":"has-post-thumbnail","6":"category-software-archiviazione-email-cat","7":"tag-app-archiviazione-email","8":"tag-archiviazione-dati","9":"tag-archiviazione-della-posta-elettronica","10":"tag-piattaforma-archiviazione-email","11":"tag-programma-archiviazione-email","12":"tag-soluzione-archiviazione-email"},"wppr_data":{"cwp_meta_box_check":"No"},"acf":[],"yoast_head":"<!-- This site is optimized with the Yoast SEO plugin v27.4 - https:\/\/yoast.com\/product\/yoast-seo-wordpress\/ -->\n<title>ArcTitan: recensione software archiviazione mail - Accurate Reviews<\/title>\n<meta name=\"description\" content=\"ArcTitan: recensione del software per archiviazione mail che permette alle aziende di conservare una copia di tutte le mail in un archivio.\" \/>\n<meta name=\"robots\" content=\"index, follow, max-snippet:-1, max-image-preview:large, max-video-preview:-1\" \/>\n<link rel=\"canonical\" href=\"https:\/\/www.accuratereviews.com\/it\/software-archiviazione-email\/arctitan-recensione\/\" \/>\n<meta property=\"og:locale\" content=\"it_IT\" \/>\n<meta property=\"og:type\" content=\"article\" \/>\n<meta property=\"og:title\" content=\"ArcTitan: recensione software archiviazione mail - Accurate Reviews\" \/>\n<meta property=\"og:description\" content=\"ArcTitan: recensione del software per archiviazione mail che permette alle aziende di conservare una copia di tutte le mail in un archivio.\" \/>\n<meta property=\"og:url\" content=\"https:\/\/www.accuratereviews.com\/it\/software-archiviazione-email\/arctitan-recensione\/\" \/>\n<meta property=\"og:site_name\" content=\"Accurate Reviews\" \/>\n<meta property=\"article:modified_time\" content=\"2022-05-11T06:44:45+00:00\" \/>\n<meta property=\"og:image\" content=\"https:\/\/www.accuratereviews.com\/wp-content\/uploads\/2022\/05\/arctitan.png\" \/>\n\t<meta property=\"og:image:width\" content=\"306\" \/>\n\t<meta property=\"og:image:height\" content=\"248\" \/>\n\t<meta property=\"og:image:type\" content=\"image\/png\" \/>\n<meta name=\"twitter:card\" content=\"summary_large_image\" \/>\n<meta name=\"twitter:label1\" content=\"Tempo di lettura stimato\" \/>\n\t<meta name=\"twitter:data1\" content=\"4 minuti\" \/>\n<script type=\"application\/ld+json\" class=\"yoast-schema-graph\">{\"@context\":\"https:\\\/\\\/schema.org\",\"@graph\":[{\"@type\":\"WebPage\",\"@id\":\"https:\\\/\\\/www.accuratereviews.com\\\/it\\\/software-archiviazione-email\\\/arctitan-recensione\\\/\",\"url\":\"https:\\\/\\\/www.accuratereviews.com\\\/it\\\/software-archiviazione-email\\\/arctitan-recensione\\\/\",\"name\":\"ArcTitan: recensione software archiviazione mail - Accurate Reviews\",\"isPartOf\":{\"@id\":\"https:\\\/\\\/www.accuratereviews.com\\\/it\\\/#website\"},\"primaryImageOfPage\":{\"@id\":\"https:\\\/\\\/www.accuratereviews.com\\\/it\\\/software-archiviazione-email\\\/arctitan-recensione\\\/#primaryimage\"},\"image\":{\"@id\":\"https:\\\/\\\/www.accuratereviews.com\\\/it\\\/software-archiviazione-email\\\/arctitan-recensione\\\/#primaryimage\"},\"thumbnailUrl\":\"https:\\\/\\\/www.accuratereviews.com\\\/wp-content\\\/uploads\\\/2022\\\/05\\\/arctitan.png\",\"datePublished\":\"2022-05-09T09:55:19+00:00\",\"dateModified\":\"2022-05-11T06:44:45+00:00\",\"description\":\"ArcTitan: recensione del software per archiviazione mail che permette alle aziende di conservare una copia di tutte le mail in un archivio.\",\"breadcrumb\":{\"@id\":\"https:\\\/\\\/www.accuratereviews.com\\\/it\\\/software-archiviazione-email\\\/arctitan-recensione\\\/#breadcrumb\"},\"inLanguage\":\"it-IT\",\"potentialAction\":[{\"@type\":\"ReadAction\",\"target\":[\"https:\\\/\\\/www.accuratereviews.com\\\/it\\\/software-archiviazione-email\\\/arctitan-recensione\\\/\"]}]},{\"@type\":\"ImageObject\",\"inLanguage\":\"it-IT\",\"@id\":\"https:\\\/\\\/www.accuratereviews.com\\\/it\\\/software-archiviazione-email\\\/arctitan-recensione\\\/#primaryimage\",\"url\":\"https:\\\/\\\/www.accuratereviews.com\\\/wp-content\\\/uploads\\\/2022\\\/05\\\/arctitan.png\",\"contentUrl\":\"https:\\\/\\\/www.accuratereviews.com\\\/wp-content\\\/uploads\\\/2022\\\/05\\\/arctitan.png\",\"width\":306,\"height\":248},{\"@type\":\"BreadcrumbList\",\"@id\":\"https:\\\/\\\/www.accuratereviews.com\\\/it\\\/software-archiviazione-email\\\/arctitan-recensione\\\/#breadcrumb\",\"itemListElement\":[{\"@type\":\"ListItem\",\"position\":1,\"name\":\"Home\",\"item\":\"https:\\\/\\\/www.accuratereviews.com\\\/it\\\/\"},{\"@type\":\"ListItem\",\"position\":2,\"name\":\"Software per archiviazione email\",\"item\":\"https:\\\/\\\/www.accuratereviews.com\\\/it\\\/software-archiviazione-email\\\/\"},{\"@type\":\"ListItem\",\"position\":3,\"name\":\"ArcTitan\"}]},{\"@type\":\"WebSite\",\"@id\":\"https:\\\/\\\/www.accuratereviews.com\\\/it\\\/#website\",\"url\":\"https:\\\/\\\/www.accuratereviews.com\\\/it\\\/\",\"name\":\"Accurate Reviews\",\"description\":\"\",\"potentialAction\":[{\"@type\":\"SearchAction\",\"target\":{\"@type\":\"EntryPoint\",\"urlTemplate\":\"https:\\\/\\\/www.accuratereviews.com\\\/it\\\/?s={search_term_string}\"},\"query-input\":{\"@type\":\"PropertyValueSpecification\",\"valueRequired\":true,\"valueName\":\"search_term_string\"}}],\"inLanguage\":\"it-IT\"}]}<\/script>\n<!-- \/ Yoast SEO plugin. -->","yoast_head_json":{"title":"ArcTitan: recensione software archiviazione mail - Accurate Reviews","description":"ArcTitan: recensione del software per archiviazione mail che permette alle aziende di conservare una copia di tutte le mail in un archivio.","robots":{"index":"index","follow":"follow","max-snippet":"max-snippet:-1","max-image-preview":"max-image-preview:large","max-video-preview":"max-video-preview:-1"},"canonical":"https:\/\/www.accuratereviews.com\/it\/software-archiviazione-email\/arctitan-recensione\/","og_locale":"it_IT","og_type":"article","og_title":"ArcTitan: recensione software archiviazione mail - Accurate Reviews","og_description":"ArcTitan: recensione del software per archiviazione mail che permette alle aziende di conservare una copia di tutte le mail in un archivio.","og_url":"https:\/\/www.accuratereviews.com\/it\/software-archiviazione-email\/arctitan-recensione\/","og_site_name":"Accurate Reviews","article_modified_time":"2022-05-11T06:44:45+00:00","og_image":[{"width":306,"height":248,"url":"https:\/\/www.accuratereviews.com\/wp-content\/uploads\/2022\/05\/arctitan.png","type":"image\/png"}],"twitter_card":"summary_large_image","twitter_misc":{"Tempo di lettura stimato":"4 minuti"},"schema":{"@context":"https:\/\/schema.org","@graph":[{"@type":"WebPage","@id":"https:\/\/www.accuratereviews.com\/it\/software-archiviazione-email\/arctitan-recensione\/","url":"https:\/\/www.accuratereviews.com\/it\/software-archiviazione-email\/arctitan-recensione\/","name":"ArcTitan: recensione software archiviazione mail - Accurate Reviews","isPartOf":{"@id":"https:\/\/www.accuratereviews.com\/it\/#website"},"primaryImageOfPage":{"@id":"https:\/\/www.accuratereviews.com\/it\/software-archiviazione-email\/arctitan-recensione\/#primaryimage"},"image":{"@id":"https:\/\/www.accuratereviews.com\/it\/software-archiviazione-email\/arctitan-recensione\/#primaryimage"},"thumbnailUrl":"https:\/\/www.accuratereviews.com\/wp-content\/uploads\/2022\/05\/arctitan.png","datePublished":"2022-05-09T09:55:19+00:00","dateModified":"2022-05-11T06:44:45+00:00","description":"ArcTitan: recensione del software per archiviazione mail che permette alle aziende di conservare una copia di tutte le mail in un archivio.","breadcrumb":{"@id":"https:\/\/www.accuratereviews.com\/it\/software-archiviazione-email\/arctitan-recensione\/#breadcrumb"},"inLanguage":"it-IT","potentialAction":[{"@type":"ReadAction","target":["https:\/\/www.accuratereviews.com\/it\/software-archiviazione-email\/arctitan-recensione\/"]}]},{"@type":"ImageObject","inLanguage":"it-IT","@id":"https:\/\/www.accuratereviews.com\/it\/software-archiviazione-email\/arctitan-recensione\/#primaryimage","url":"https:\/\/www.accuratereviews.com\/wp-content\/uploads\/2022\/05\/arctitan.png","contentUrl":"https:\/\/www.accuratereviews.com\/wp-content\/uploads\/2022\/05\/arctitan.png","width":306,"height":248},{"@type":"BreadcrumbList","@id":"https:\/\/www.accuratereviews.com\/it\/software-archiviazione-email\/arctitan-recensione\/#breadcrumb","itemListElement":[{"@type":"ListItem","position":1,"name":"Home","item":"https:\/\/www.accuratereviews.com\/it\/"},{"@type":"ListItem","position":2,"name":"Software per archiviazione email","item":"https:\/\/www.accuratereviews.com\/it\/software-archiviazione-email\/"},{"@type":"ListItem","position":3,"name":"ArcTitan"}]},{"@type":"WebSite","@id":"https:\/\/www.accuratereviews.com\/it\/#website","url":"https:\/\/www.accuratereviews.com\/it\/","name":"Accurate Reviews","description":"","potentialAction":[{"@type":"SearchAction","target":{"@type":"EntryPoint","urlTemplate":"https:\/\/www.accuratereviews.com\/it\/?s={search_term_string}"},"query-input":{"@type":"PropertyValueSpecification","valueRequired":true,"valueName":"search_term_string"}}],"inLanguage":"it-IT"}]}},"_links":{"self":[{"href":"https:\/\/www.accuratereviews.com\/it\/wp-json\/wp\/v2\/pages\/57209","targetHints":{"allow":["GET"]}}],"collection":[{"href":"https:\/\/www.accuratereviews.com\/it\/wp-json\/wp\/v2\/pages"}],"about":[{"href":"https:\/\/www.accuratereviews.com\/it\/wp-json\/wp\/v2\/types\/page"}],"author":[{"embeddable":true,"href":"https:\/\/www.accuratereviews.com\/it\/wp-json\/wp\/v2\/users\/17"}],"replies":[{"embeddable":true,"href":"https:\/\/www.accuratereviews.com\/it\/wp-json\/wp\/v2\/comments?post=57209"}],"version-history":[{"count":6,"href":"https:\/\/www.accuratereviews.com\/it\/wp-json\/wp\/v2\/pages\/57209\/revisions"}],"predecessor-version":[{"id":57341,"href":"https:\/\/www.accuratereviews.com\/it\/wp-json\/wp\/v2\/pages\/57209\/revisions\/57341"}],"up":[{"embeddable":true,"href":"https:\/\/www.accuratereviews.com\/it\/wp-json\/wp\/v2\/pages\/57184"}],"wp:featuredmedia":[{"embeddable":true,"href":"https:\/\/www.accuratereviews.com\/it\/wp-json\/wp\/v2\/media\/57210"}],"wp:attachment":[{"href":"https:\/\/www.accuratereviews.com\/it\/wp-json\/wp\/v2\/media?parent=57209"}],"wp:term":[{"taxonomy":"category","embeddable":true,"href":"https:\/\/www.accuratereviews.com\/it\/wp-json\/wp\/v2\/categories?post=57209"},{"taxonomy":"post_tag","embeddable":true,"href":"https:\/\/www.accuratereviews.com\/it\/wp-json\/wp\/v2\/tags?post=57209"},{"taxonomy":"features","embeddable":true,"href":"https:\/\/www.accuratereviews.com\/it\/wp-json\/wp\/v2\/features?post=57209"}],"curies":[{"name":"wp","href":"https:\/\/api.w.org\/{rel}","templated":true}]}}