{"id":57220,"date":"2022-05-09T11:12:25","date_gmt":"2022-05-09T11:12:25","guid":{"rendered":"https:\/\/www.accuratereviews.com\/?page_id=57220"},"modified":"2022-05-09T15:46:58","modified_gmt":"2022-05-09T15:46:58","slug":"aeternum-recensione","status":"publish","type":"page","link":"https:\/\/www.accuratereviews.com\/it\/software-archiviazione-email\/aeternum-recensione\/","title":{"rendered":"Aeternum"},"content":{"rendered":"<p><strong>Aeternum<\/strong> di <strong>Hornetsecurity<\/strong> \u00e8 una <strong>soluzione di archiviazione email<\/strong> basata su <strong>cloud<\/strong> progettata per aiutare le aziende che gestiscono migliaia di messaggi ogni giorno a archiviare automaticamente e legalmente tutte le loro comunicazioni, con funzionalit\u00e0 di conformit\u00e0, trasparenza e controllo, oltre a strumenti di archiviazione sicura, ricerca e recupero email, e altro ancora.\u00a0Il software offre un&#8217;archiviazione delle email conforme alla legge e a prova di audit, nonch\u00e9 un accesso rapido e centralizzato ai dati. Per garantire conformit\u00e0, trasparenza e controllo, <strong>Aeternum<\/strong> archivia le email per un determinato periodo di tempo e le tiene disponibili in modo che i revisori possano accedervi in \u200b\u200bqualsiasi momento. Gli utenti possono trovare e ripristinare le email nella posta in arrivo con la funzionalit\u00e0 di ricerca full-text. Le app native per <strong>iOS e Android<\/strong> offrono agli utenti la flessibilit\u00e0 di accedere alle e-mail archiviate in movimento, tramite dispositivi mobili.<\/p>\n<h2>AETERNUM &#8211; TUTORIAL<\/h2>\n<p>Guardiamo insieme il tutorial su questo programma per l&#8217;archiviazione delle email:<\/p>\n<div id=\"fluid-wrapper-counter-1\" class=\"g1-fluid-wrapper \" style=\"width:686px;\">\n<div style=\"padding-bottom:56.268221574344%;\"><iframe loading=\"lazy\" title=\"Hornetsecurity Aeternum Export Manager\" width=\"686\" height=\"386\" src=\"https:\/\/www.youtube.com\/embed\/sP1Ax5BariU?feature=oembed&amp;wmode=transparent&amp;autohide=1&amp;autoplay=0&amp;disablekb=0&amp;fs=1&amp;loop=0&amp;enablejsapi=1&amp;rel=0&amp;controls=2&amp;showinfo=0&amp;wmode=transparent&amp;autohide=2&amp;autoplay=0&amp;disablekb=0&amp;fs=1&amp;loop=0&amp;enablejsapi=1&amp;rel=0&amp;controls=2&amp;showinfo=1\" frameborder=\"0\" allow=\"accelerometer; autoplay; clipboard-write; encrypted-media; gyroscope; picture-in-picture\" allowfullscreen><\/iframe><\/div>\n<\/div>\n<h3>AETERNUM &#8211; CARATTERISTICHE<\/h3>\n<ul>\n<li><strong>Trova facilmente le email che stai cercando<\/strong>: la soluzione possiede algoritmi di ricerca per trovare i messaggi e visualizzarli nuovamente senza problemi. Inoltre, \u00e8 possibile limitare e indirizzare la ricerca utilizzando vari parametri di ricerca. Ci\u00f2 \u00e8 possibile grazie alle funzioni di ricerca complete all&#8217;interno dell&#8217;archiviazione email<\/li>\n<li><strong>Indice del testo completo<\/strong>: l&#8217;indice di testo completo rende molto facile trovare messaggi e gli allegati che stai cercando. Tutti i messaggi archiviati sono completamente indicizzati in modo che il tempo di ricerca sia breve<\/li>\n<li><strong>Criteri di ricerca estesi<\/strong>: i parametri di ricerca possono essere ridotti in base a criteri di ricerca individuali come data, mittente, destinatario e oggetto, e i messaggi cercati possono essere identificati con maggiore precisione e trovati rapidamente<\/li>\n<li><strong>Conformit\u00e0, trasparenza e controllo<\/strong>: gli stessi requisiti legali si applicano alle email aziendali come alle lettere tradizionali. Devono essere conservati per un certo periodo di tempo. Inoltre, \u00e8 necessario garantire che un revisore possa accedere alle email in qualsiasi momento<\/li>\n<li><strong>Accesso all&#8217;audit con il principio dei 4 occhi<\/strong>: un archivio di posta elettronica deve essere sempre accessibile per il controllo. A tale scopo viene fornito l&#8217;accesso di controllo, conferendo all&#8217;auditor diritti di lettura estesi alle email archiviate di un dominio specifico, che possono essere impostati dall&#8217;amministratore IT<\/li>\n<li><strong>Registro di controllo\/traccia di controllo<\/strong>: viene conservato un registro completo di tutti gli accessi all&#8217;archivio email, in particolare quando vengono modificate impostazioni come i periodi di conservazione. Il protocollo contiene, tra l&#8217;altro, il nome di accesso e l&#8217;indirizzo IP dell&#8217;utente e non pu\u00f2 essere modificato o cancellato. Il registro di controllo pu\u00f2 essere visualizzato dall&#8217;amministratore in qualsiasi momento<\/li>\n<li><strong>Nessun accesso ai contenuti per gli amministratori<\/strong>: per prevenire un uso improprio dei dati email archiviati dei singoli utenti, gli amministratori possono vedere solo i metadati, non il contenuto<\/li>\n<li><strong>Esportazione dei dati archiviati possibile in qualsiasi momento<\/strong>: l&#8217;intero archivio di posta elettronica pu\u00f2 essere esportato facilmente in qualsiasi momento. I clienti possono farlo da soli o, in alternativa, il software pu\u00f2 effettuare l&#8217;esportazione a un prezzo fisso<\/li>\n<li><strong>Funzione di importazione<\/strong>: le email e i relativi allegati possono essere importati da altri database nell&#8217;archivio in formato .pst o Outlook. Ci\u00f2 semplifica la riarchiviazione delle email meno recenti<\/li>\n<li><strong>Assegnazione univoca degli archivi per la modifica degli indirizzi di posta<\/strong>: se a un utente viene assegnato un nuovo indirizzo, i messaggi archiviati possono essere assegnati a questo nuovo indirizzo in modo che l&#8217;utente possa continuare ad accedere ai dati.<\/li>\n<\/ul>\n<h4>LE RECENSIONI DEGLI UTENTI<\/h4>\n<p class=\"font-weight-bold mb-2\"><strong>Warda E.&#8221;Vale assolutamente la pena provare&#8221;<\/strong><\/p>\n<p class=\"font-weight-bold mb-2\"><strong>Pro<\/strong>:\u00a0Questo \u00e8 il software pi\u00f9 conveniente di questo tipo. \u00c8 cos\u00ec facile da usare che ti ci abituerai in pochi secondi. \u00c8 molto pratico e sembra che sia stato creato su misura per renderlo pi\u00f9 facile.<\/p>\n<p class=\"font-weight-bold mb-2\"><strong>Contro<\/strong>:\u00a0Sto ancora aspettando di vedere cosa pu\u00f2 andare storto. Non l&#8217;ho ancora fatto. Praticamente un buon segno.<\/p>\n<p class=\"font-weight-bold mb-2\"><strong>Kenny B.&#8221;Recensione di Aeternum&#8221;<\/strong><\/p>\n<p><span class=\"font-weight-bold\"><strong>Commenti<\/strong>: <\/span>Molto felice<\/p>\n<p class=\"font-weight-bold mb-2\"><strong>Pro<\/strong>:\u00a0Il software \u00e8 facile da usare e archiviare le email.<\/p>\n<p class=\"font-weight-bold mb-2\"><strong>Contro<\/strong>:\u00a0A volte sono necessari uno o due giorni per elaborare gli archivi.<\/p>\n","protected":false},"excerpt":{"rendered":"<p>Aeternum di Hornetsecurity \u00e8 una soluzione di archiviazione email basata su cloud progettata per aiutare le aziende che gestiscono migliaia di messaggi ogni giorno a archiviare automaticamente e legalmente tutte le loro comunicazioni, con funzionalit\u00e0 di conformit\u00e0, trasparenza e controllo, oltre a strumenti di archiviazione sicura, ricerca e recupero email, e altro ancora.\u00a0<\/p>\n","protected":false},"author":16,"featured_media":57221,"parent":57184,"menu_order":0,"comment_status":"open","ping_status":"closed","template":"g1_template_page_review_new.php","meta":{"_acf_changed":false,"cwp_meta_box_check":"No","cwp_rev_product_name":"","cwp_rev_product_image":"","wppr_links":[],"cwp_rev_price":"","wppr_options":[],"wppr_pros":[],"wppr_cons":[],"_monsterinsights_skip_tracking":false,"_monsterinsights_sitenote_active":false,"_monsterinsights_sitenote_note":"","_monsterinsights_sitenote_category":0,"footnotes":""},"categories":[12566],"tags":[12585,12587,12571,12570,12568,12569],"features":[],"class_list":{"0":"post-57220","1":"page","2":"type-page","3":"status-publish","4":"has-post-thumbnail","6":"category-software-archiviazione-email-cat","7":"tag-aeternum","8":"tag-archiviazione-email","9":"tag-piattaforma-archiviazione-email","10":"tag-programma-archiviazione-email","11":"tag-software-archiviazione-email","12":"tag-soluzione-archiviazione-email"},"wppr_data":{"cwp_meta_box_check":"No"},"acf":[],"yoast_head":"<!-- This site is optimized with the Yoast SEO plugin v27.4 - https:\/\/yoast.com\/product\/yoast-seo-wordpress\/ -->\n<title>Aeternum: recensione software archiviazione email - Accurate Reviews<\/title>\n<meta name=\"description\" content=\"Aeternum: recensione soluzione di archiviazione email basata su cloud progettata per aiutare aziende che gestiscono molti messaggi quotidiani.\" \/>\n<meta name=\"robots\" content=\"index, follow, max-snippet:-1, max-image-preview:large, max-video-preview:-1\" \/>\n<link rel=\"canonical\" href=\"https:\/\/www.accuratereviews.com\/it\/software-archiviazione-email\/aeternum-recensione\/\" \/>\n<meta property=\"og:locale\" content=\"it_IT\" \/>\n<meta property=\"og:type\" content=\"article\" \/>\n<meta property=\"og:title\" content=\"Aeternum: recensione software archiviazione email - Accurate Reviews\" \/>\n<meta property=\"og:description\" content=\"Aeternum: recensione soluzione di archiviazione email basata su cloud progettata per aiutare aziende che gestiscono molti messaggi quotidiani.\" \/>\n<meta property=\"og:url\" content=\"https:\/\/www.accuratereviews.com\/it\/software-archiviazione-email\/aeternum-recensione\/\" \/>\n<meta property=\"og:site_name\" content=\"Accurate Reviews\" \/>\n<meta property=\"article:modified_time\" content=\"2022-05-09T15:46:58+00:00\" \/>\n<meta property=\"og:image\" content=\"https:\/\/www.accuratereviews.com\/wp-content\/uploads\/2022\/05\/Aeternum.webp\" \/>\n\t<meta property=\"og:image:width\" content=\"1240\" \/>\n\t<meta property=\"og:image:height\" content=\"614\" \/>\n\t<meta property=\"og:image:type\" content=\"image\/webp\" \/>\n<meta name=\"twitter:card\" content=\"summary_large_image\" \/>\n<meta name=\"twitter:label1\" content=\"Tempo di lettura stimato\" \/>\n\t<meta name=\"twitter:data1\" content=\"4 minuti\" \/>\n<script type=\"application\/ld+json\" class=\"yoast-schema-graph\">{\"@context\":\"https:\\\/\\\/schema.org\",\"@graph\":[{\"@type\":\"WebPage\",\"@id\":\"https:\\\/\\\/www.accuratereviews.com\\\/it\\\/software-archiviazione-email\\\/aeternum-recensione\\\/\",\"url\":\"https:\\\/\\\/www.accuratereviews.com\\\/it\\\/software-archiviazione-email\\\/aeternum-recensione\\\/\",\"name\":\"Aeternum: recensione software archiviazione email - Accurate Reviews\",\"isPartOf\":{\"@id\":\"https:\\\/\\\/www.accuratereviews.com\\\/it\\\/#website\"},\"primaryImageOfPage\":{\"@id\":\"https:\\\/\\\/www.accuratereviews.com\\\/it\\\/software-archiviazione-email\\\/aeternum-recensione\\\/#primaryimage\"},\"image\":{\"@id\":\"https:\\\/\\\/www.accuratereviews.com\\\/it\\\/software-archiviazione-email\\\/aeternum-recensione\\\/#primaryimage\"},\"thumbnailUrl\":\"https:\\\/\\\/www.accuratereviews.com\\\/wp-content\\\/uploads\\\/2022\\\/05\\\/Aeternum.webp\",\"datePublished\":\"2022-05-09T11:12:25+00:00\",\"dateModified\":\"2022-05-09T15:46:58+00:00\",\"description\":\"Aeternum: recensione soluzione di archiviazione email basata su cloud progettata per aiutare aziende che gestiscono molti messaggi quotidiani.\",\"breadcrumb\":{\"@id\":\"https:\\\/\\\/www.accuratereviews.com\\\/it\\\/software-archiviazione-email\\\/aeternum-recensione\\\/#breadcrumb\"},\"inLanguage\":\"it-IT\",\"potentialAction\":[{\"@type\":\"ReadAction\",\"target\":[\"https:\\\/\\\/www.accuratereviews.com\\\/it\\\/software-archiviazione-email\\\/aeternum-recensione\\\/\"]}]},{\"@type\":\"ImageObject\",\"inLanguage\":\"it-IT\",\"@id\":\"https:\\\/\\\/www.accuratereviews.com\\\/it\\\/software-archiviazione-email\\\/aeternum-recensione\\\/#primaryimage\",\"url\":\"https:\\\/\\\/www.accuratereviews.com\\\/wp-content\\\/uploads\\\/2022\\\/05\\\/Aeternum.webp\",\"contentUrl\":\"https:\\\/\\\/www.accuratereviews.com\\\/wp-content\\\/uploads\\\/2022\\\/05\\\/Aeternum.webp\",\"width\":1240,\"height\":614},{\"@type\":\"BreadcrumbList\",\"@id\":\"https:\\\/\\\/www.accuratereviews.com\\\/it\\\/software-archiviazione-email\\\/aeternum-recensione\\\/#breadcrumb\",\"itemListElement\":[{\"@type\":\"ListItem\",\"position\":1,\"name\":\"Home\",\"item\":\"https:\\\/\\\/www.accuratereviews.com\\\/it\\\/\"},{\"@type\":\"ListItem\",\"position\":2,\"name\":\"Software per archiviazione email\",\"item\":\"https:\\\/\\\/www.accuratereviews.com\\\/it\\\/software-archiviazione-email\\\/\"},{\"@type\":\"ListItem\",\"position\":3,\"name\":\"Aeternum\"}]},{\"@type\":\"WebSite\",\"@id\":\"https:\\\/\\\/www.accuratereviews.com\\\/it\\\/#website\",\"url\":\"https:\\\/\\\/www.accuratereviews.com\\\/it\\\/\",\"name\":\"Accurate Reviews\",\"description\":\"\",\"potentialAction\":[{\"@type\":\"SearchAction\",\"target\":{\"@type\":\"EntryPoint\",\"urlTemplate\":\"https:\\\/\\\/www.accuratereviews.com\\\/it\\\/?s={search_term_string}\"},\"query-input\":{\"@type\":\"PropertyValueSpecification\",\"valueRequired\":true,\"valueName\":\"search_term_string\"}}],\"inLanguage\":\"it-IT\"}]}<\/script>\n<!-- \/ Yoast SEO plugin. -->","yoast_head_json":{"title":"Aeternum: recensione software archiviazione email - Accurate Reviews","description":"Aeternum: recensione soluzione di archiviazione email basata su cloud progettata per aiutare aziende che gestiscono molti messaggi quotidiani.","robots":{"index":"index","follow":"follow","max-snippet":"max-snippet:-1","max-image-preview":"max-image-preview:large","max-video-preview":"max-video-preview:-1"},"canonical":"https:\/\/www.accuratereviews.com\/it\/software-archiviazione-email\/aeternum-recensione\/","og_locale":"it_IT","og_type":"article","og_title":"Aeternum: recensione software archiviazione email - Accurate Reviews","og_description":"Aeternum: recensione soluzione di archiviazione email basata su cloud progettata per aiutare aziende che gestiscono molti messaggi quotidiani.","og_url":"https:\/\/www.accuratereviews.com\/it\/software-archiviazione-email\/aeternum-recensione\/","og_site_name":"Accurate Reviews","article_modified_time":"2022-05-09T15:46:58+00:00","og_image":[{"width":1240,"height":614,"url":"https:\/\/www.accuratereviews.com\/wp-content\/uploads\/2022\/05\/Aeternum.webp","type":"image\/webp"}],"twitter_card":"summary_large_image","twitter_misc":{"Tempo di lettura stimato":"4 minuti"},"schema":{"@context":"https:\/\/schema.org","@graph":[{"@type":"WebPage","@id":"https:\/\/www.accuratereviews.com\/it\/software-archiviazione-email\/aeternum-recensione\/","url":"https:\/\/www.accuratereviews.com\/it\/software-archiviazione-email\/aeternum-recensione\/","name":"Aeternum: recensione software archiviazione email - Accurate Reviews","isPartOf":{"@id":"https:\/\/www.accuratereviews.com\/it\/#website"},"primaryImageOfPage":{"@id":"https:\/\/www.accuratereviews.com\/it\/software-archiviazione-email\/aeternum-recensione\/#primaryimage"},"image":{"@id":"https:\/\/www.accuratereviews.com\/it\/software-archiviazione-email\/aeternum-recensione\/#primaryimage"},"thumbnailUrl":"https:\/\/www.accuratereviews.com\/wp-content\/uploads\/2022\/05\/Aeternum.webp","datePublished":"2022-05-09T11:12:25+00:00","dateModified":"2022-05-09T15:46:58+00:00","description":"Aeternum: recensione soluzione di archiviazione email basata su cloud progettata per aiutare aziende che gestiscono molti messaggi quotidiani.","breadcrumb":{"@id":"https:\/\/www.accuratereviews.com\/it\/software-archiviazione-email\/aeternum-recensione\/#breadcrumb"},"inLanguage":"it-IT","potentialAction":[{"@type":"ReadAction","target":["https:\/\/www.accuratereviews.com\/it\/software-archiviazione-email\/aeternum-recensione\/"]}]},{"@type":"ImageObject","inLanguage":"it-IT","@id":"https:\/\/www.accuratereviews.com\/it\/software-archiviazione-email\/aeternum-recensione\/#primaryimage","url":"https:\/\/www.accuratereviews.com\/wp-content\/uploads\/2022\/05\/Aeternum.webp","contentUrl":"https:\/\/www.accuratereviews.com\/wp-content\/uploads\/2022\/05\/Aeternum.webp","width":1240,"height":614},{"@type":"BreadcrumbList","@id":"https:\/\/www.accuratereviews.com\/it\/software-archiviazione-email\/aeternum-recensione\/#breadcrumb","itemListElement":[{"@type":"ListItem","position":1,"name":"Home","item":"https:\/\/www.accuratereviews.com\/it\/"},{"@type":"ListItem","position":2,"name":"Software per archiviazione email","item":"https:\/\/www.accuratereviews.com\/it\/software-archiviazione-email\/"},{"@type":"ListItem","position":3,"name":"Aeternum"}]},{"@type":"WebSite","@id":"https:\/\/www.accuratereviews.com\/it\/#website","url":"https:\/\/www.accuratereviews.com\/it\/","name":"Accurate Reviews","description":"","potentialAction":[{"@type":"SearchAction","target":{"@type":"EntryPoint","urlTemplate":"https:\/\/www.accuratereviews.com\/it\/?s={search_term_string}"},"query-input":{"@type":"PropertyValueSpecification","valueRequired":true,"valueName":"search_term_string"}}],"inLanguage":"it-IT"}]}},"_links":{"self":[{"href":"https:\/\/www.accuratereviews.com\/it\/wp-json\/wp\/v2\/pages\/57220","targetHints":{"allow":["GET"]}}],"collection":[{"href":"https:\/\/www.accuratereviews.com\/it\/wp-json\/wp\/v2\/pages"}],"about":[{"href":"https:\/\/www.accuratereviews.com\/it\/wp-json\/wp\/v2\/types\/page"}],"author":[{"embeddable":true,"href":"https:\/\/www.accuratereviews.com\/it\/wp-json\/wp\/v2\/users\/16"}],"replies":[{"embeddable":true,"href":"https:\/\/www.accuratereviews.com\/it\/wp-json\/wp\/v2\/comments?post=57220"}],"version-history":[{"count":9,"href":"https:\/\/www.accuratereviews.com\/it\/wp-json\/wp\/v2\/pages\/57220\/revisions"}],"predecessor-version":[{"id":57251,"href":"https:\/\/www.accuratereviews.com\/it\/wp-json\/wp\/v2\/pages\/57220\/revisions\/57251"}],"up":[{"embeddable":true,"href":"https:\/\/www.accuratereviews.com\/it\/wp-json\/wp\/v2\/pages\/57184"}],"wp:featuredmedia":[{"embeddable":true,"href":"https:\/\/www.accuratereviews.com\/it\/wp-json\/wp\/v2\/media\/57221"}],"wp:attachment":[{"href":"https:\/\/www.accuratereviews.com\/it\/wp-json\/wp\/v2\/media?parent=57220"}],"wp:term":[{"taxonomy":"category","embeddable":true,"href":"https:\/\/www.accuratereviews.com\/it\/wp-json\/wp\/v2\/categories?post=57220"},{"taxonomy":"post_tag","embeddable":true,"href":"https:\/\/www.accuratereviews.com\/it\/wp-json\/wp\/v2\/tags?post=57220"},{"taxonomy":"features","embeddable":true,"href":"https:\/\/www.accuratereviews.com\/it\/wp-json\/wp\/v2\/features?post=57220"}],"curies":[{"name":"wp","href":"https:\/\/api.w.org\/{rel}","templated":true}]}}