{"id":57264,"date":"2022-05-10T10:42:36","date_gmt":"2022-05-10T10:42:36","guid":{"rendered":"https:\/\/www.accuratereviews.com\/?page_id=57264"},"modified":"2022-05-11T06:44:04","modified_gmt":"2022-05-11T06:44:04","slug":"onna-recensione","status":"publish","type":"page","link":"https:\/\/www.accuratereviews.com\/it\/software-archiviazione-email\/onna-recensione\/","title":{"rendered":"Onna"},"content":{"rendered":"<p><strong>Onna<\/strong> \u00e8 un <strong>software per archiviazione email<\/strong> che consente di raccogliere e conservare i dati, le informazione e le email in un archivio centralizzato in tempo reale. Accedendo a questa raccolta, naturalmente potrete poi cercare quello che vi serve in modo semplice e veloce, riducendo i tempi e i costi di identificazione, conservazione, raccolta ed esportazione dei dati.<br \/>\nQuesto <strong>programma di archiviazione della posta elettronica<\/strong> ti permette di conservare i dati per sempre e o per un periodo di tempo pi\u00f9 breve in cui necessitate averne accesso.<\/p>\n<h2>ONNA &#8211; TUTORIAL<\/h2>\n<div id=\"fluid-wrapper-counter-1\" class=\"g1-fluid-wrapper \" style=\"width:686px;\">\n<div style=\"padding-bottom:56.268221574344%;\"><iframe loading=\"lazy\" title=\"Introduction to Onna\" width=\"686\" height=\"386\" src=\"https:\/\/www.youtube.com\/embed\/bYURyWklGaQ?feature=oembed&amp;wmode=transparent&amp;autohide=1&amp;autoplay=0&amp;disablekb=0&amp;fs=1&amp;loop=0&amp;enablejsapi=1&amp;rel=0&amp;controls=2&amp;showinfo=0&amp;wmode=transparent&amp;autohide=2&amp;autoplay=0&amp;disablekb=0&amp;fs=1&amp;loop=0&amp;enablejsapi=1&amp;rel=0&amp;controls=2&amp;showinfo=1\" frameborder=\"0\" allow=\"accelerometer; autoplay; clipboard-write; encrypted-media; gyroscope; picture-in-picture\" allowfullscreen><\/iframe><\/div>\n<\/div>\n<h3>ONNA &#8211; CARATTERISTICHE<\/h3>\n<ul>\n<li><strong>Raccolte flessibili<\/strong>: un unico repository multi-fonte che supporta archivi completi o raccolte mirate basate su persone, argomenti, tipi di contenuto e altro ancora<\/li>\n<li><strong>Archivio in tempo reale<\/strong>: migliora i tempi di risposta con l&#8217;accesso istantaneo a un archivio in tempo reale, completamente indicizzato e ricercabile per l&#8217;eDiscovery e le indagini<\/li>\n<li><strong>Riduzione del rischio<\/strong>: una fonte separata di dati applicativi facilmente ricercabili ed esportabili per mitigare l&#8217;eliminazione involontaria o la corruzione alla fonte e per ridurre i rischi di consolidamento o integrazione<\/li>\n<li><strong>Comprensione del contesto<\/strong>: preservare i dati e tracciare tutte le modifiche e le cancellazioni all&#8217;origine per una registrazione difendibile delle comunicazioni<\/li>\n<li><strong>Esportazioni semplici<\/strong>: create rapporti con granularit\u00e0 utilizzando file, origine, NIST e altri campi personalizzati e poi salvate le vostre configurazioni come modelli per un uso futuro<\/li>\n<li><strong>Privacy e conformit\u00e0<\/strong>: riducete la privacy dei dati, la sicurezza e i rischi operativi centralizzando e classificando i vostri dati da pi\u00f9 applicazioni cloud in modo da poter trovare e proteggere accuratamente le informazioni sensibili e supportare la conformit\u00e0 alle normative tra cui GDPR, CCPA e PCI<\/li>\n<li><strong>Consolidamento delle applicazioni<\/strong>: ridurre al minimo i costi e i rischi associati alla dispersione delle applicazioni e dei dati ed eliminare la complessit\u00e0 non necessaria con un approccio pi\u00f9 snello al consolidamento delle applicazioni che aiuta a garantire l&#8217;integrit\u00e0 e l&#8217;accesso ai dati<\/li>\n<li><strong>Indagini interne<\/strong>: rispondi alle controversie e agli incidenti interni in modo rapido, completo e discreto con Onna.<\/li>\n<\/ul>\n<h4>LE RECENSIONI DEGLI UTENTI<\/h4>\n<p><strong>Virginien L. &#8220;Una delle pi\u00f9 moderne soluzioni KM&#8221;<\/strong><br \/>\nCOMMENTI: il team di Onna fornisce una grande esperienza.<br \/>\nPRO: &#8211; L&#8217;interfaccia utente \u00e8 moderna e intuitiva &#8211; La soluzione \u00e8 abbastanza veloce &#8211; Basata su API &#8211; Le funzionalit\u00e0 di anteprima la presentano nei risultati di ricerca. Pu\u00f2 personalizzare i tag a livello di documento per velocizzare le ricerche future<br \/>\nCONTRO: &#8211; L&#8217;interfaccia utente \u00e8 solo in inglese &#8211; La sicurezza ereditata \u00e8 ancora una roadmap &#8211; Il versioning non \u00e8 ancora disponibile<\/p>\n<p><strong>Lauren D. &#8220;Recensione Onna&#8221;<\/strong><br \/>\nPRO: questo strumento \u00e8 molto utile per la raccolta di dati ESI difficili e\/o nuovi non tradizionali che non hanno ancora un efficiente strumento di conformit\u00e0 costruito nel software. Mi piace molto anche il fatto che dopo l&#8217;indicizzazione, non \u00e8 richiesta alcuna elaborazione aggiuntiva di ESI; i dati raccolti possono essere esportati in un file di carico che rende la revisione molto efficiente.<br \/>\nCONTRO: l&#8217;indicizzazione sembrava discontinua all&#8217;inizio e la segnalazione degli errori non era molto dettagliata. Il team di supporto ha impiegato un po&#8217; di tempo per rispondere alle richieste. Credo che la maggior parte di questi problemi siano stati risolti.<\/p>\n<p><strong>Sheena F. &#8220;Portare efficienza, centralizzazione dei processi, controllo dei dati e altro ai team legali aziendali&#8221;<\/strong><br \/>\nCOMMENTI: team incredibile, acuto, motivato, veloce passato con tempi di risposta alti\/veloci su qualsiasi cosa! Un prodotto incredibile dalla UX al set di funzionalit\u00e0<br \/>\nPRO: centralizzazione del processo, uno strumento per molte esigenze, indagini interne, ECA per questioni legali grandi e piccole, gestione delle stive legali e altro ancora!<br \/>\nCONTRO: ancora un po&#8217; di lavoro da fare sulla sicurezza, ma non c&#8217;\u00e8 molto che non piaccia, la lista dei pro \u00e8 molto lunga mentre la lista dei contro \u00e8 di uno o due (che data la reattivit\u00e0 di Onna e la mentalit\u00e0 di collaborazione con i loro clienti verranno gestiti e azzerati molto velocemente).<\/p>\n","protected":false},"excerpt":{"rendered":"<p>Onna \u00e8 un software per archiviazione email \u00a0che consente di raccogliere e conservare i dati, le informazioni e le email in un archivio centralizzato in tempo reale. Accedendo a questa raccolta, naturalmente potrete poi cercare quello che vi serve in modo semplice e veloce, riducendo i tempi e i costi di identificazione, conservazione, raccolta ed esportazione dei dati.<\/p>\n","protected":false},"author":17,"featured_media":57267,"parent":57184,"menu_order":0,"comment_status":"open","ping_status":"closed","template":"g1_template_page_review_new.php","meta":{"_acf_changed":false,"cwp_meta_box_check":"No","cwp_rev_product_name":"","cwp_rev_product_image":"","wppr_links":[],"cwp_rev_price":"","wppr_options":[],"wppr_pros":[],"wppr_cons":[],"_monsterinsights_skip_tracking":false,"_monsterinsights_sitenote_active":false,"_monsterinsights_sitenote_note":"","_monsterinsights_sitenote_category":0,"footnotes":""},"categories":[12566],"tags":[12583,12587,12570,12568,12569],"features":[],"class_list":{"0":"post-57264","1":"page","2":"type-page","3":"status-publish","4":"has-post-thumbnail","6":"category-software-archiviazione-email-cat","7":"tag-archiviazione-della-posta-elettronica","8":"tag-archiviazione-email","9":"tag-programma-archiviazione-email","10":"tag-software-archiviazione-email","11":"tag-soluzione-archiviazione-email"},"wppr_data":{"cwp_meta_box_check":"No"},"acf":[],"yoast_head":"<!-- This site is optimized with the Yoast SEO plugin v27.4 - https:\/\/yoast.com\/product\/yoast-seo-wordpress\/ -->\n<title>Onna: recensione software archiviazione email - Accurate Reviews<\/title>\n<meta name=\"description\" content=\"Onna: recensione del software per archiviazione email \u00a0che consente di raccogliere e conservare i dati in un archivio centralizzato.\" \/>\n<meta name=\"robots\" content=\"index, follow, max-snippet:-1, max-image-preview:large, max-video-preview:-1\" \/>\n<link rel=\"canonical\" href=\"https:\/\/www.accuratereviews.com\/it\/software-archiviazione-email\/onna-recensione\/\" \/>\n<meta property=\"og:locale\" content=\"it_IT\" \/>\n<meta property=\"og:type\" content=\"article\" \/>\n<meta property=\"og:title\" content=\"Onna: recensione software archiviazione email - Accurate Reviews\" \/>\n<meta property=\"og:description\" content=\"Onna: recensione del software per archiviazione email \u00a0che consente di raccogliere e conservare i dati in un archivio centralizzato.\" \/>\n<meta property=\"og:url\" content=\"https:\/\/www.accuratereviews.com\/it\/software-archiviazione-email\/onna-recensione\/\" \/>\n<meta property=\"og:site_name\" content=\"Accurate Reviews\" \/>\n<meta property=\"article:modified_time\" content=\"2022-05-11T06:44:04+00:00\" \/>\n<meta property=\"og:image\" content=\"https:\/\/www.accuratereviews.com\/wp-content\/uploads\/2022\/05\/Onna-Logo-Tapenade.png\" \/>\n\t<meta property=\"og:image:width\" content=\"808\" \/>\n\t<meta property=\"og:image:height\" content=\"336\" \/>\n\t<meta property=\"og:image:type\" content=\"image\/png\" \/>\n<meta name=\"twitter:card\" content=\"summary_large_image\" \/>\n<meta name=\"twitter:label1\" content=\"Tempo di lettura stimato\" \/>\n\t<meta name=\"twitter:data1\" content=\"4 minuti\" \/>\n<script type=\"application\/ld+json\" class=\"yoast-schema-graph\">{\"@context\":\"https:\\\/\\\/schema.org\",\"@graph\":[{\"@type\":\"WebPage\",\"@id\":\"https:\\\/\\\/www.accuratereviews.com\\\/it\\\/software-archiviazione-email\\\/onna-recensione\\\/\",\"url\":\"https:\\\/\\\/www.accuratereviews.com\\\/it\\\/software-archiviazione-email\\\/onna-recensione\\\/\",\"name\":\"Onna: recensione software archiviazione email - Accurate Reviews\",\"isPartOf\":{\"@id\":\"https:\\\/\\\/www.accuratereviews.com\\\/it\\\/#website\"},\"primaryImageOfPage\":{\"@id\":\"https:\\\/\\\/www.accuratereviews.com\\\/it\\\/software-archiviazione-email\\\/onna-recensione\\\/#primaryimage\"},\"image\":{\"@id\":\"https:\\\/\\\/www.accuratereviews.com\\\/it\\\/software-archiviazione-email\\\/onna-recensione\\\/#primaryimage\"},\"thumbnailUrl\":\"https:\\\/\\\/www.accuratereviews.com\\\/wp-content\\\/uploads\\\/2022\\\/05\\\/Onna-Logo-Tapenade.png\",\"datePublished\":\"2022-05-10T10:42:36+00:00\",\"dateModified\":\"2022-05-11T06:44:04+00:00\",\"description\":\"Onna: recensione del software per archiviazione email \u00a0che consente di raccogliere e conservare i dati in un archivio centralizzato.\",\"breadcrumb\":{\"@id\":\"https:\\\/\\\/www.accuratereviews.com\\\/it\\\/software-archiviazione-email\\\/onna-recensione\\\/#breadcrumb\"},\"inLanguage\":\"it-IT\",\"potentialAction\":[{\"@type\":\"ReadAction\",\"target\":[\"https:\\\/\\\/www.accuratereviews.com\\\/it\\\/software-archiviazione-email\\\/onna-recensione\\\/\"]}]},{\"@type\":\"ImageObject\",\"inLanguage\":\"it-IT\",\"@id\":\"https:\\\/\\\/www.accuratereviews.com\\\/it\\\/software-archiviazione-email\\\/onna-recensione\\\/#primaryimage\",\"url\":\"https:\\\/\\\/www.accuratereviews.com\\\/wp-content\\\/uploads\\\/2022\\\/05\\\/Onna-Logo-Tapenade.png\",\"contentUrl\":\"https:\\\/\\\/www.accuratereviews.com\\\/wp-content\\\/uploads\\\/2022\\\/05\\\/Onna-Logo-Tapenade.png\",\"width\":808,\"height\":336},{\"@type\":\"BreadcrumbList\",\"@id\":\"https:\\\/\\\/www.accuratereviews.com\\\/it\\\/software-archiviazione-email\\\/onna-recensione\\\/#breadcrumb\",\"itemListElement\":[{\"@type\":\"ListItem\",\"position\":1,\"name\":\"Home\",\"item\":\"https:\\\/\\\/www.accuratereviews.com\\\/it\\\/\"},{\"@type\":\"ListItem\",\"position\":2,\"name\":\"Software per archiviazione email\",\"item\":\"https:\\\/\\\/www.accuratereviews.com\\\/it\\\/software-archiviazione-email\\\/\"},{\"@type\":\"ListItem\",\"position\":3,\"name\":\"Onna\"}]},{\"@type\":\"WebSite\",\"@id\":\"https:\\\/\\\/www.accuratereviews.com\\\/it\\\/#website\",\"url\":\"https:\\\/\\\/www.accuratereviews.com\\\/it\\\/\",\"name\":\"Accurate Reviews\",\"description\":\"\",\"potentialAction\":[{\"@type\":\"SearchAction\",\"target\":{\"@type\":\"EntryPoint\",\"urlTemplate\":\"https:\\\/\\\/www.accuratereviews.com\\\/it\\\/?s={search_term_string}\"},\"query-input\":{\"@type\":\"PropertyValueSpecification\",\"valueRequired\":true,\"valueName\":\"search_term_string\"}}],\"inLanguage\":\"it-IT\"}]}<\/script>\n<!-- \/ Yoast SEO plugin. -->","yoast_head_json":{"title":"Onna: recensione software archiviazione email - Accurate Reviews","description":"Onna: recensione del software per archiviazione email \u00a0che consente di raccogliere e conservare i dati in un archivio centralizzato.","robots":{"index":"index","follow":"follow","max-snippet":"max-snippet:-1","max-image-preview":"max-image-preview:large","max-video-preview":"max-video-preview:-1"},"canonical":"https:\/\/www.accuratereviews.com\/it\/software-archiviazione-email\/onna-recensione\/","og_locale":"it_IT","og_type":"article","og_title":"Onna: recensione software archiviazione email - Accurate Reviews","og_description":"Onna: recensione del software per archiviazione email \u00a0che consente di raccogliere e conservare i dati in un archivio centralizzato.","og_url":"https:\/\/www.accuratereviews.com\/it\/software-archiviazione-email\/onna-recensione\/","og_site_name":"Accurate Reviews","article_modified_time":"2022-05-11T06:44:04+00:00","og_image":[{"width":808,"height":336,"url":"https:\/\/www.accuratereviews.com\/wp-content\/uploads\/2022\/05\/Onna-Logo-Tapenade.png","type":"image\/png"}],"twitter_card":"summary_large_image","twitter_misc":{"Tempo di lettura stimato":"4 minuti"},"schema":{"@context":"https:\/\/schema.org","@graph":[{"@type":"WebPage","@id":"https:\/\/www.accuratereviews.com\/it\/software-archiviazione-email\/onna-recensione\/","url":"https:\/\/www.accuratereviews.com\/it\/software-archiviazione-email\/onna-recensione\/","name":"Onna: recensione software archiviazione email - Accurate Reviews","isPartOf":{"@id":"https:\/\/www.accuratereviews.com\/it\/#website"},"primaryImageOfPage":{"@id":"https:\/\/www.accuratereviews.com\/it\/software-archiviazione-email\/onna-recensione\/#primaryimage"},"image":{"@id":"https:\/\/www.accuratereviews.com\/it\/software-archiviazione-email\/onna-recensione\/#primaryimage"},"thumbnailUrl":"https:\/\/www.accuratereviews.com\/wp-content\/uploads\/2022\/05\/Onna-Logo-Tapenade.png","datePublished":"2022-05-10T10:42:36+00:00","dateModified":"2022-05-11T06:44:04+00:00","description":"Onna: recensione del software per archiviazione email \u00a0che consente di raccogliere e conservare i dati in un archivio centralizzato.","breadcrumb":{"@id":"https:\/\/www.accuratereviews.com\/it\/software-archiviazione-email\/onna-recensione\/#breadcrumb"},"inLanguage":"it-IT","potentialAction":[{"@type":"ReadAction","target":["https:\/\/www.accuratereviews.com\/it\/software-archiviazione-email\/onna-recensione\/"]}]},{"@type":"ImageObject","inLanguage":"it-IT","@id":"https:\/\/www.accuratereviews.com\/it\/software-archiviazione-email\/onna-recensione\/#primaryimage","url":"https:\/\/www.accuratereviews.com\/wp-content\/uploads\/2022\/05\/Onna-Logo-Tapenade.png","contentUrl":"https:\/\/www.accuratereviews.com\/wp-content\/uploads\/2022\/05\/Onna-Logo-Tapenade.png","width":808,"height":336},{"@type":"BreadcrumbList","@id":"https:\/\/www.accuratereviews.com\/it\/software-archiviazione-email\/onna-recensione\/#breadcrumb","itemListElement":[{"@type":"ListItem","position":1,"name":"Home","item":"https:\/\/www.accuratereviews.com\/it\/"},{"@type":"ListItem","position":2,"name":"Software per archiviazione email","item":"https:\/\/www.accuratereviews.com\/it\/software-archiviazione-email\/"},{"@type":"ListItem","position":3,"name":"Onna"}]},{"@type":"WebSite","@id":"https:\/\/www.accuratereviews.com\/it\/#website","url":"https:\/\/www.accuratereviews.com\/it\/","name":"Accurate Reviews","description":"","potentialAction":[{"@type":"SearchAction","target":{"@type":"EntryPoint","urlTemplate":"https:\/\/www.accuratereviews.com\/it\/?s={search_term_string}"},"query-input":{"@type":"PropertyValueSpecification","valueRequired":true,"valueName":"search_term_string"}}],"inLanguage":"it-IT"}]}},"_links":{"self":[{"href":"https:\/\/www.accuratereviews.com\/it\/wp-json\/wp\/v2\/pages\/57264","targetHints":{"allow":["GET"]}}],"collection":[{"href":"https:\/\/www.accuratereviews.com\/it\/wp-json\/wp\/v2\/pages"}],"about":[{"href":"https:\/\/www.accuratereviews.com\/it\/wp-json\/wp\/v2\/types\/page"}],"author":[{"embeddable":true,"href":"https:\/\/www.accuratereviews.com\/it\/wp-json\/wp\/v2\/users\/17"}],"replies":[{"embeddable":true,"href":"https:\/\/www.accuratereviews.com\/it\/wp-json\/wp\/v2\/comments?post=57264"}],"version-history":[{"count":7,"href":"https:\/\/www.accuratereviews.com\/it\/wp-json\/wp\/v2\/pages\/57264\/revisions"}],"predecessor-version":[{"id":57340,"href":"https:\/\/www.accuratereviews.com\/it\/wp-json\/wp\/v2\/pages\/57264\/revisions\/57340"}],"up":[{"embeddable":true,"href":"https:\/\/www.accuratereviews.com\/it\/wp-json\/wp\/v2\/pages\/57184"}],"wp:featuredmedia":[{"embeddable":true,"href":"https:\/\/www.accuratereviews.com\/it\/wp-json\/wp\/v2\/media\/57267"}],"wp:attachment":[{"href":"https:\/\/www.accuratereviews.com\/it\/wp-json\/wp\/v2\/media?parent=57264"}],"wp:term":[{"taxonomy":"category","embeddable":true,"href":"https:\/\/www.accuratereviews.com\/it\/wp-json\/wp\/v2\/categories?post=57264"},{"taxonomy":"post_tag","embeddable":true,"href":"https:\/\/www.accuratereviews.com\/it\/wp-json\/wp\/v2\/tags?post=57264"},{"taxonomy":"features","embeddable":true,"href":"https:\/\/www.accuratereviews.com\/it\/wp-json\/wp\/v2\/features?post=57264"}],"curies":[{"name":"wp","href":"https:\/\/api.w.org\/{rel}","templated":true}]}}