{"id":57281,"date":"2022-05-10T10:38:24","date_gmt":"2022-05-10T10:38:24","guid":{"rendered":"https:\/\/www.accuratereviews.com\/?page_id=57281"},"modified":"2022-05-10T10:38:24","modified_gmt":"2022-05-10T10:38:24","slug":"12d-synergy-recensione","status":"publish","type":"page","link":"https:\/\/www.accuratereviews.com\/it\/software-archiviazione-email\/12d-synergy-recensione\/","title":{"rendered":"12d Synergy"},"content":{"rendered":"<p><strong>12d Synergy<\/strong> \u00e8 una <strong>soluzione di gestione dei dati<\/strong> e collaborazione ai progetti per lavorare in modo pi\u00f9 collaborativo e meno caotico, senza le solite congetture, rielaborazioni e rischi.\u00a0Si tratta di semplificare il modo in cui i tuoi uffici lavorano e collaborano creando un ambiente di dati comune e un&#8217;unica fonte di verit\u00e0. Utilizzato e amato da moltissimi architetti, ingegneri e professionisti dell&#8217;edilizia, dai commercianti individuali alle imprese globali.\u00a0I team che utilizzano la soluzione possono estrarre le informazioni sul progetto dalle cassette postali degli utenti e archiviarle in un database unificato. Con funzionalit\u00e0 di tracciamento email, la piattaforma consente alle aziende di individuare i dati del progetto, i dettagli di contatto e gli allegati multimediali incorporati nei messaggi. Inoltre, i membri del personale possono organizzare i documenti in base a regole di denominazione personalizzate, routine batch e funzionalit\u00e0 di ricerca semplificate.<\/p>\n<h2>12D SYNERGY &#8211; TUTORIAL<\/h2>\n<p>Con questo tutorial imparerai come cercare lavori, cartelle, file e attivit\u00e0 con ricerche rapide con attributi e regole personalizzati:<\/p>\n<div id=\"fluid-wrapper-counter-1\" class=\"g1-fluid-wrapper \" style=\"width:686px;\">\n<div style=\"padding-bottom:56.268221574344%;\"><iframe loading=\"lazy\" title=\"12d Synergy Training Series \u2013 Video 3 \u2013 Client Searching\" width=\"686\" height=\"386\" src=\"https:\/\/www.youtube.com\/embed\/69xG_7dknJ4?list=PLXKiR5gXQbRhWHQNpSl7Nm1u06yT19qWf\" frameborder=\"0\" allow=\"accelerometer; autoplay; clipboard-write; encrypted-media; gyroscope; picture-in-picture\" allowfullscreen><\/iframe><\/div>\n<\/div>\n<h3>12D SYNERGY &#8211; CARATTERISTICHE<\/h3>\n<ul>\n<li>Le email in entrata e in uscita vengono contrassegnate con il numero del lavoro e archiviate automaticamente nella cartella del progetto<\/li>\n<li>Sblocca le informazioni sul progetto dalle caselle di posta degli utenti con un&#8217;unica fonte di verit\u00e0 per tutte le tue email, consentendo accesso e backup facili e veloci<\/li>\n<li>Trova facilmente le informazioni sul progetto incorporate nelle email con una ricerca granulare e un monitoraggio intuitivo<\/li>\n<li>Libera la tua posta in arrivo di Outlook traboccante eliminando in modo sicuro i messaggi dopo averli caricati risparmiando spazio su disco e consentendo a Outlook di funzionare pi\u00f9 velocemente<\/li>\n<li>Proteggi te stesso e la tua azienda dalle controversie con un audit trail affidabile della corrispondenza e degli allegati attuali e storici<\/li>\n<li>Centralizza i tuoi dati e documenti per garantire a tutti coloro che lavorano un accesso facile e immediato ovunque si trovino<\/li>\n<li>Semplifica la collaborazione e lavora sempre sull&#8217;ultima versione con un&#8217;unica fonte di informazioni attendibili e il controllo completo della versione<\/li>\n<li>Assicurati che tutti i documenti siano nominati e archiviati in modo appropriato con regole di denominazione personalizzabili, semplificando la ricerca e le routine batch<\/li>\n<li>Mantieni automaticamente il tuo registro di trasmissione dei documenti, fornendoti informazioni aggiornate su ci\u00f2 che \u00e8 stato inviato, chi lo ha ricevuto e quale versione erano quei file<\/li>\n<li>Automatizza il processo di creazione dei lavori con modelli di lavoro personalizzabili, tra cui attivit\u00e0, flussi di lavoro, regole di denominazione e altro ancora<\/li>\n<li>Incorpora automaticamente gli aggiornamenti nei documenti standard con gli attributi della soluzione<\/li>\n<li>Migliora la produttivit\u00e0 del personale massimizzando le prestazioni del software e accelerando il trasferimento dei dati fino a 30 volte pi\u00f9 veloce per il personale remoto e 4 volte pi\u00f9 veloce per gli utenti in loco<\/li>\n<li>Abilita una cultura del lavoro flessibile: lavora senza problemi da qualsiasi luogo e risolvi problemi o apporta modifiche senza recarti in ufficio<\/li>\n<li>Semplifica la collaborazione tra pi\u00f9 uffici con l&#8217;unica fonte di verit\u00e0 che elimina i dati di progetto inaccessibili, le versioni duplicate e le sovrascritture dei progetti<\/li>\n<li>Ottimizza ulteriormente i tuoi trasferimenti di dati verso uffici remoti con i server di replica file<\/li>\n<\/ul>\n<h4>LE RECENSIONI DEGLI UTENTI<\/h4>\n<p class=\"font-weight-bold mb-2\"><strong>Lizzy W.&#8221;Fascicolazione di e-mail in 12d&#8221;<\/strong><\/p>\n<p><span class=\"font-weight-bold\"><strong>Commenti<\/strong>: <\/span>Tutte le email vengono raccolte facilmente, tutte le cartelle nella stessa posizione non su un computer. Personale disponibile.<\/p>\n<p class=\"font-weight-bold mb-2\"><strong>Pro<\/strong>:\u00a0Molto facile da usare, backup utile e funziona!<\/p>\n<p class=\"font-weight-bold mb-2\"><strong>Contro<\/strong>:\u00a0Niente &#8211; lo trovo facile da usare e l&#8217;aiuto \u00e8 ottimo<\/p>\n<p class=\"font-weight-bold mb-2\"><strong>Chris R.&#8221;Gestione documentale su misura per il settore&#8221;<\/strong><\/p>\n<p class=\"font-weight-bold mb-2\"><strong>Pro<\/strong>:\u00a0Questo software mi consente di gestire progetti complessi e di lunga durata che coprono tutti gli aspetti; e-mail, piani, attivit\u00e0, input, ecc.<\/p>\n<p class=\"font-weight-bold mb-2\"><strong>Contro<\/strong>:\u00a0Essendo un software in continua evoluzione e adattamento, occasionalmente troviamo dei bug. Il team di supporto sia in Nuova Zelanda che in Australia \u00e8 pronto ad aiutare e rispondere.<\/p>\n<p class=\"font-weight-bold mb-2\"><strong>Philip C.&#8221;Lavorare con le cartelle&#8221;<\/strong><\/p>\n<p><span class=\"font-weight-bold\"><strong>Commenti<\/strong>: <\/span>La creazione di reti condivise su nuovi progetti ha sempre richiesto tempo e impegno. Con la sinergia 12d, un ambiente condiviso \u00e8 di solito disponibile fin dal primo giorno e i file vengono archiviati in un modo che funziona con i programmi software che utilizzo.<\/p>\n<p class=\"font-weight-bold mb-2\"><strong>Pro<\/strong>:\u00a0Al giorno d&#8217;oggi, pochissimi progetti su cui lavoro hanno server di rete e i file devono essere condivisi e salvati su server basati su cloud. 12d Synergy \u00e8 l&#8217;unico programma che ho usato che mi permette di fare il check in e il check out delle cartelle. Non ho bisogno di comprimere le cartelle in un singolo file come con altri sistemi di documenti basati su cloud. \u00c8 un enorme passo avanti e mi permette di lavorare con cartelle e file come voglio.<\/p>\n<p class=\"font-weight-bold mb-2\"><strong>Contro<\/strong>:\u00a0Non ho esplorato tutte le sinergie che possono fare. Il bit che uso, adoro.<\/p>\n","protected":false},"excerpt":{"rendered":"<p>12d Synergy \u00e8 una soluzione di gestione dei dati e collaborazione ai progetti per lavorare in modo pi\u00f9 collaborativo e meno caotico, senza le solite congetture, rielaborazioni e rischi.\u00a0Si tratta di semplificare il modo in cui i tuoi uffici lavorano e collaborano creando un ambiente di dati comune e un&#8217;unica fonte di verit\u00e0.<\/p>\n","protected":false},"author":16,"featured_media":57299,"parent":57184,"menu_order":0,"comment_status":"open","ping_status":"closed","template":"g1_template_page_review_new.php","meta":{"_acf_changed":false,"cwp_meta_box_check":"No","cwp_rev_product_name":"","cwp_rev_product_image":"","wppr_links":[],"cwp_rev_price":"","wppr_options":[],"wppr_pros":[],"wppr_cons":[],"_monsterinsights_skip_tracking":false,"_monsterinsights_sitenote_active":false,"_monsterinsights_sitenote_note":"","_monsterinsights_sitenote_category":0,"footnotes":""},"categories":[12566],"tags":[12592,12587,12571,12570,12568,12569],"features":[],"class_list":{"0":"post-57281","1":"page","2":"type-page","3":"status-publish","4":"has-post-thumbnail","6":"category-software-archiviazione-email-cat","7":"tag-12d-synergy","8":"tag-archiviazione-email","9":"tag-piattaforma-archiviazione-email","10":"tag-programma-archiviazione-email","11":"tag-software-archiviazione-email","12":"tag-soluzione-archiviazione-email"},"wppr_data":{"cwp_meta_box_check":"No"},"acf":[],"yoast_head":"<!-- This site is optimized with the Yoast SEO plugin v27.4 - https:\/\/yoast.com\/product\/yoast-seo-wordpress\/ -->\n<title>12d Synergy: recensione software archiviazione email - Accurate Reviews<\/title>\n<meta name=\"description\" content=\"12d Synergy: recensione soluzione di gestione dei dati e collaborazione ai progetti per lavorare in modo pi\u00f9 collaborativo e meno caotico.\" \/>\n<meta name=\"robots\" content=\"index, follow, max-snippet:-1, max-image-preview:large, max-video-preview:-1\" \/>\n<link rel=\"canonical\" href=\"https:\/\/www.accuratereviews.com\/it\/software-archiviazione-email\/12d-synergy-recensione\/\" \/>\n<meta property=\"og:locale\" content=\"it_IT\" \/>\n<meta property=\"og:type\" content=\"article\" \/>\n<meta property=\"og:title\" content=\"12d Synergy: recensione software archiviazione email - Accurate Reviews\" \/>\n<meta property=\"og:description\" content=\"12d Synergy: recensione soluzione di gestione dei dati e collaborazione ai progetti per lavorare in modo pi\u00f9 collaborativo e meno caotico.\" \/>\n<meta property=\"og:url\" content=\"https:\/\/www.accuratereviews.com\/it\/software-archiviazione-email\/12d-synergy-recensione\/\" \/>\n<meta property=\"og:site_name\" content=\"Accurate Reviews\" \/>\n<meta property=\"og:image\" content=\"https:\/\/www.accuratereviews.com\/wp-content\/uploads\/2022\/05\/12d-Synergy.png\" \/>\n\t<meta property=\"og:image:width\" content=\"700\" \/>\n\t<meta property=\"og:image:height\" content=\"639\" \/>\n\t<meta property=\"og:image:type\" content=\"image\/png\" \/>\n<meta name=\"twitter:card\" content=\"summary_large_image\" \/>\n<meta name=\"twitter:label1\" content=\"Tempo di lettura stimato\" \/>\n\t<meta name=\"twitter:data1\" content=\"5 minuti\" \/>\n<script type=\"application\/ld+json\" class=\"yoast-schema-graph\">{\"@context\":\"https:\\\/\\\/schema.org\",\"@graph\":[{\"@type\":\"WebPage\",\"@id\":\"https:\\\/\\\/www.accuratereviews.com\\\/it\\\/software-archiviazione-email\\\/12d-synergy-recensione\\\/\",\"url\":\"https:\\\/\\\/www.accuratereviews.com\\\/it\\\/software-archiviazione-email\\\/12d-synergy-recensione\\\/\",\"name\":\"12d Synergy: recensione software archiviazione email - Accurate Reviews\",\"isPartOf\":{\"@id\":\"https:\\\/\\\/www.accuratereviews.com\\\/it\\\/#website\"},\"primaryImageOfPage\":{\"@id\":\"https:\\\/\\\/www.accuratereviews.com\\\/it\\\/software-archiviazione-email\\\/12d-synergy-recensione\\\/#primaryimage\"},\"image\":{\"@id\":\"https:\\\/\\\/www.accuratereviews.com\\\/it\\\/software-archiviazione-email\\\/12d-synergy-recensione\\\/#primaryimage\"},\"thumbnailUrl\":\"https:\\\/\\\/www.accuratereviews.com\\\/wp-content\\\/uploads\\\/2022\\\/05\\\/12d-Synergy.png\",\"datePublished\":\"2022-05-10T10:38:24+00:00\",\"description\":\"12d Synergy: recensione soluzione di gestione dei dati e collaborazione ai progetti per lavorare in modo pi\u00f9 collaborativo e meno caotico.\",\"breadcrumb\":{\"@id\":\"https:\\\/\\\/www.accuratereviews.com\\\/it\\\/software-archiviazione-email\\\/12d-synergy-recensione\\\/#breadcrumb\"},\"inLanguage\":\"it-IT\",\"potentialAction\":[{\"@type\":\"ReadAction\",\"target\":[\"https:\\\/\\\/www.accuratereviews.com\\\/it\\\/software-archiviazione-email\\\/12d-synergy-recensione\\\/\"]}]},{\"@type\":\"ImageObject\",\"inLanguage\":\"it-IT\",\"@id\":\"https:\\\/\\\/www.accuratereviews.com\\\/it\\\/software-archiviazione-email\\\/12d-synergy-recensione\\\/#primaryimage\",\"url\":\"https:\\\/\\\/www.accuratereviews.com\\\/wp-content\\\/uploads\\\/2022\\\/05\\\/12d-Synergy.png\",\"contentUrl\":\"https:\\\/\\\/www.accuratereviews.com\\\/wp-content\\\/uploads\\\/2022\\\/05\\\/12d-Synergy.png\",\"width\":700,\"height\":639},{\"@type\":\"BreadcrumbList\",\"@id\":\"https:\\\/\\\/www.accuratereviews.com\\\/it\\\/software-archiviazione-email\\\/12d-synergy-recensione\\\/#breadcrumb\",\"itemListElement\":[{\"@type\":\"ListItem\",\"position\":1,\"name\":\"Home\",\"item\":\"https:\\\/\\\/www.accuratereviews.com\\\/it\\\/\"},{\"@type\":\"ListItem\",\"position\":2,\"name\":\"Software per archiviazione email\",\"item\":\"https:\\\/\\\/www.accuratereviews.com\\\/it\\\/software-archiviazione-email\\\/\"},{\"@type\":\"ListItem\",\"position\":3,\"name\":\"12d Synergy\"}]},{\"@type\":\"WebSite\",\"@id\":\"https:\\\/\\\/www.accuratereviews.com\\\/it\\\/#website\",\"url\":\"https:\\\/\\\/www.accuratereviews.com\\\/it\\\/\",\"name\":\"Accurate Reviews\",\"description\":\"\",\"potentialAction\":[{\"@type\":\"SearchAction\",\"target\":{\"@type\":\"EntryPoint\",\"urlTemplate\":\"https:\\\/\\\/www.accuratereviews.com\\\/it\\\/?s={search_term_string}\"},\"query-input\":{\"@type\":\"PropertyValueSpecification\",\"valueRequired\":true,\"valueName\":\"search_term_string\"}}],\"inLanguage\":\"it-IT\"}]}<\/script>\n<!-- \/ Yoast SEO plugin. -->","yoast_head_json":{"title":"12d Synergy: recensione software archiviazione email - Accurate Reviews","description":"12d Synergy: recensione soluzione di gestione dei dati e collaborazione ai progetti per lavorare in modo pi\u00f9 collaborativo e meno caotico.","robots":{"index":"index","follow":"follow","max-snippet":"max-snippet:-1","max-image-preview":"max-image-preview:large","max-video-preview":"max-video-preview:-1"},"canonical":"https:\/\/www.accuratereviews.com\/it\/software-archiviazione-email\/12d-synergy-recensione\/","og_locale":"it_IT","og_type":"article","og_title":"12d Synergy: recensione software archiviazione email - Accurate Reviews","og_description":"12d Synergy: recensione soluzione di gestione dei dati e collaborazione ai progetti per lavorare in modo pi\u00f9 collaborativo e meno caotico.","og_url":"https:\/\/www.accuratereviews.com\/it\/software-archiviazione-email\/12d-synergy-recensione\/","og_site_name":"Accurate Reviews","og_image":[{"width":700,"height":639,"url":"https:\/\/www.accuratereviews.com\/wp-content\/uploads\/2022\/05\/12d-Synergy.png","type":"image\/png"}],"twitter_card":"summary_large_image","twitter_misc":{"Tempo di lettura stimato":"5 minuti"},"schema":{"@context":"https:\/\/schema.org","@graph":[{"@type":"WebPage","@id":"https:\/\/www.accuratereviews.com\/it\/software-archiviazione-email\/12d-synergy-recensione\/","url":"https:\/\/www.accuratereviews.com\/it\/software-archiviazione-email\/12d-synergy-recensione\/","name":"12d Synergy: recensione software archiviazione email - Accurate Reviews","isPartOf":{"@id":"https:\/\/www.accuratereviews.com\/it\/#website"},"primaryImageOfPage":{"@id":"https:\/\/www.accuratereviews.com\/it\/software-archiviazione-email\/12d-synergy-recensione\/#primaryimage"},"image":{"@id":"https:\/\/www.accuratereviews.com\/it\/software-archiviazione-email\/12d-synergy-recensione\/#primaryimage"},"thumbnailUrl":"https:\/\/www.accuratereviews.com\/wp-content\/uploads\/2022\/05\/12d-Synergy.png","datePublished":"2022-05-10T10:38:24+00:00","description":"12d Synergy: recensione soluzione di gestione dei dati e collaborazione ai progetti per lavorare in modo pi\u00f9 collaborativo e meno caotico.","breadcrumb":{"@id":"https:\/\/www.accuratereviews.com\/it\/software-archiviazione-email\/12d-synergy-recensione\/#breadcrumb"},"inLanguage":"it-IT","potentialAction":[{"@type":"ReadAction","target":["https:\/\/www.accuratereviews.com\/it\/software-archiviazione-email\/12d-synergy-recensione\/"]}]},{"@type":"ImageObject","inLanguage":"it-IT","@id":"https:\/\/www.accuratereviews.com\/it\/software-archiviazione-email\/12d-synergy-recensione\/#primaryimage","url":"https:\/\/www.accuratereviews.com\/wp-content\/uploads\/2022\/05\/12d-Synergy.png","contentUrl":"https:\/\/www.accuratereviews.com\/wp-content\/uploads\/2022\/05\/12d-Synergy.png","width":700,"height":639},{"@type":"BreadcrumbList","@id":"https:\/\/www.accuratereviews.com\/it\/software-archiviazione-email\/12d-synergy-recensione\/#breadcrumb","itemListElement":[{"@type":"ListItem","position":1,"name":"Home","item":"https:\/\/www.accuratereviews.com\/it\/"},{"@type":"ListItem","position":2,"name":"Software per archiviazione email","item":"https:\/\/www.accuratereviews.com\/it\/software-archiviazione-email\/"},{"@type":"ListItem","position":3,"name":"12d Synergy"}]},{"@type":"WebSite","@id":"https:\/\/www.accuratereviews.com\/it\/#website","url":"https:\/\/www.accuratereviews.com\/it\/","name":"Accurate Reviews","description":"","potentialAction":[{"@type":"SearchAction","target":{"@type":"EntryPoint","urlTemplate":"https:\/\/www.accuratereviews.com\/it\/?s={search_term_string}"},"query-input":{"@type":"PropertyValueSpecification","valueRequired":true,"valueName":"search_term_string"}}],"inLanguage":"it-IT"}]}},"_links":{"self":[{"href":"https:\/\/www.accuratereviews.com\/it\/wp-json\/wp\/v2\/pages\/57281","targetHints":{"allow":["GET"]}}],"collection":[{"href":"https:\/\/www.accuratereviews.com\/it\/wp-json\/wp\/v2\/pages"}],"about":[{"href":"https:\/\/www.accuratereviews.com\/it\/wp-json\/wp\/v2\/types\/page"}],"author":[{"embeddable":true,"href":"https:\/\/www.accuratereviews.com\/it\/wp-json\/wp\/v2\/users\/16"}],"replies":[{"embeddable":true,"href":"https:\/\/www.accuratereviews.com\/it\/wp-json\/wp\/v2\/comments?post=57281"}],"version-history":[{"count":6,"href":"https:\/\/www.accuratereviews.com\/it\/wp-json\/wp\/v2\/pages\/57281\/revisions"}],"predecessor-version":[{"id":57311,"href":"https:\/\/www.accuratereviews.com\/it\/wp-json\/wp\/v2\/pages\/57281\/revisions\/57311"}],"up":[{"embeddable":true,"href":"https:\/\/www.accuratereviews.com\/it\/wp-json\/wp\/v2\/pages\/57184"}],"wp:featuredmedia":[{"embeddable":true,"href":"https:\/\/www.accuratereviews.com\/it\/wp-json\/wp\/v2\/media\/57299"}],"wp:attachment":[{"href":"https:\/\/www.accuratereviews.com\/it\/wp-json\/wp\/v2\/media?parent=57281"}],"wp:term":[{"taxonomy":"category","embeddable":true,"href":"https:\/\/www.accuratereviews.com\/it\/wp-json\/wp\/v2\/categories?post=57281"},{"taxonomy":"post_tag","embeddable":true,"href":"https:\/\/www.accuratereviews.com\/it\/wp-json\/wp\/v2\/tags?post=57281"},{"taxonomy":"features","embeddable":true,"href":"https:\/\/www.accuratereviews.com\/it\/wp-json\/wp\/v2\/features?post=57281"}],"curies":[{"name":"wp","href":"https:\/\/api.w.org\/{rel}","templated":true}]}}