{"id":57283,"date":"2022-05-10T10:32:46","date_gmt":"2022-05-10T10:32:46","guid":{"rendered":"https:\/\/www.accuratereviews.com\/?page_id=57283"},"modified":"2022-05-10T10:32:46","modified_gmt":"2022-05-10T10:32:46","slug":"leanmail-recensione","status":"publish","type":"page","link":"https:\/\/www.accuratereviews.com\/it\/software-archiviazione-email\/leanmail-recensione\/","title":{"rendered":"LeanMail"},"content":{"rendered":"<p><strong>LeanMail<\/strong> \u00e8 una <strong>soluzione di posta in arrivo per gestire MS Outlook<\/strong>. Con questa soluzione puoi archiviare e trovare istantaneamente le email utilizzando una cartella &#8220;intelligente&#8221; in combinazione con il meta-tagging. \u00c8 un assistente personale per la tua casella di posta, trasformando Outlook in un elenco di attivit\u00e0 multifunzionali. Ci\u00f2 consente la personalizzazione di Outlook per prendere appunti e aggiungere scadenze alle email direttamente nella tua casella di posta. Il programma conserva tutta la posta non essenziale. Questo separa automaticamente la posta non rilevante da quella importante utilizzando soluzioni pratiche. Stabilisce il punto di riferimento per la gestione efficiente ed efficace della posta elettronica, offrendo strumenti e formazione che massimizzano il rapporto tra tempo e fatica per azione e risultati tangibili. Gli approcci ad hoc intrinsecamente dispendiosi della gestione della posta elettronica vengono sostituiti con processi di benchmark progettati in modo intuitivo che facilitano il comando e il controllo completi della posta elettronica in Outlook.<\/p>\n<h2>LEANMAIL &#8211; TUTORIAL<\/h2>\n<p>Guardiamo come archiviare i propri <strong>messaggi di posta elettronica<\/strong>:<\/p>\n<div id=\"fluid-wrapper-counter-1\" class=\"g1-fluid-wrapper \" style=\"width:686px;\">\n<div style=\"padding-bottom:56.268221574344%;\"><iframe loading=\"lazy\" title=\"LeanMail InstantArchive - Sneak Peek\" width=\"686\" height=\"386\" src=\"https:\/\/www.youtube.com\/embed\/7ONn0z0EnCo?feature=oembed&amp;wmode=transparent&amp;autohide=1&amp;autoplay=0&amp;disablekb=0&amp;fs=1&amp;loop=0&amp;enablejsapi=1&amp;rel=0&amp;controls=2&amp;showinfo=0&amp;wmode=transparent&amp;autohide=2&amp;autoplay=0&amp;disablekb=0&amp;fs=1&amp;loop=0&amp;enablejsapi=1&amp;rel=0&amp;controls=2&amp;showinfo=1\" frameborder=\"0\" allow=\"accelerometer; autoplay; clipboard-write; encrypted-media; gyroscope; picture-in-picture\" allowfullscreen><\/iframe><\/div>\n<\/div>\n<h3>LEANMAIL &#8211; CARATTERISTICHE<\/h3>\n<ul>\n<li><strong>Appunti<\/strong>: aggiungi una nota alle email che archivi per individuare esattamente la posta che stai cercando senza doverne aprire una sola per verificarne il contenuto<\/li>\n<li><strong>Archiviazione istantanea<\/strong>: le email vengono contrassegnate e quindi spostate in una cartella &#8220;intelligente&#8221; dove puoi trovarle immediatamente senza utilizzare la ricerca universale<\/li>\n<li><strong>File direttamente dalla tastiera<\/strong>: archivia le tue email direttamente dalla tua tastiera<\/li>\n<li><strong>Classificazione automatica dei mittenti<\/strong>: le email in arrivo vengono classificate automaticamente in base alle tue preferenze<\/li>\n<li><strong>Invia con Categoria<\/strong>: flusso di lavoro che invia un&#8217;email con una categoria allegata<\/li>\n<li><strong>Separa le priorit\u00e0 dei mittenti dalle tue priorit\u00e0<\/strong>: vedi la priorit\u00e0 del mittente ma pianifica e lavora in base alla tua priorit\u00e0<\/li>\n<li><strong>Mantieni le tue mail ordinate<\/strong>: le tue email verranno smistate nell&#8217;ordine corretto: Alta, Normale e Personale<\/li>\n<li><strong>Vista prioritaria<\/strong>: mostra tutti i nuovi messaggi a cui non \u00e8 stata assegnata la priorit\u00e0, eliminati o archiviati<\/li>\n<li><strong>Prendere appunti<\/strong>: prendi appunti direttamente sul messaggio nella tua casella di posta<\/li>\n<li><strong>Conversione attivit\u00e0:<\/strong> le email vengono automaticamente convertite in attivit\u00e0 senza spostarle o fare clic su di esse<\/li>\n<li><strong>Lista di controllo giornaliera<\/strong>: scopri cosa \u00e8 necessario pianificare, cosa \u00e8 dovuto oggi e tutte le date di scadenza<\/li>\n<li><strong>Scadenze<\/strong>: il metodo altamente intuitivo imposta le scadenze delle attivit\u00e0 semplicemente inserendo i tuoi pensieri<\/li>\n<li><strong>Assegna date di scadenza<\/strong>: i gestori o i singoli utenti possono assegnare date di scadenza<\/li>\n<li><strong>Prossima azione<\/strong>: comunica chi sta facendo cosa e quando direttamente su ogni email<\/li>\n<li><strong>Viste multiple<\/strong>: varie viste per consentire a un manager e agli utenti di avere chiarezza su ci\u00f2 che deve essere fatto e quando<\/li>\n<li><strong>Segmentazione automatica<\/strong>: assegna automaticamente e manualmente la segmentazione A+, A, B o C alle e-mail in arrivo<\/li>\n<li><strong>Opzione di eliminazione automatica<\/strong>: i messaggi vengono automaticamente cancellate dopo un periodo a tua scelta<\/li>\n<li><strong>Pulsante spam<\/strong>: invia email nel cestino e contrassegna il mittente come spam in modo che non ti disturbino pi\u00f9<\/li>\n<li><strong>Organizza le azioni con i tag<\/strong>: tagga le tue parole attive per metterle in gruppi, rendendo pi\u00f9 facile ricordarle<\/li>\n<li><strong>Sequenze di azioni di script<\/strong>: gli utenti avanzati possono creare macro complesse che possono essere utilizzate per automatizzare i flussi di lavoro.<\/li>\n<\/ul>\n<h4>LE RECENSIONE DEGLI UTENTI<\/h4>\n<p class=\"font-weight-bold mb-2\"><strong>Eric D.&#8221;Gestione delle email che cambia la vita&#8221;<\/strong><\/p>\n<p><span class=\"font-weight-bold\"><strong>Commenti<\/strong>: <\/span>Ottimo supporto dal vivo e formazione da parte di persone esperte.\u00a0Ho cambiato la mia gestione della posta elettronica a seguito di un processo di comprovato successo.\u00a0L&#8217;installazione, la formazione e l&#8217;uso delle opzioni sono cos\u00ec vantaggiosi che consiglierei a tutti di adottare questa modifica.<\/p>\n<p class=\"font-weight-bold mb-2\"><strong>Pro<\/strong>:\u00a0Questo strumento ha integrato il mio sistema di posta elettronica in modo molto fluido per rivoluzionare la mia gestione della posta elettronica. Ora sono cos\u00ec fiducioso che non perder\u00f2 nessuna azione da intraprendere, perder\u00f2 qualsiasi passo. \u00c8 il modo migliore per gestire le mie email. La formazione inclusa \u00e8 davvero facile da seguire da un team che mi supporta in ogni fase del percorso.<\/p>\n<p class=\"font-weight-bold mb-2\"><strong>Contro<\/strong>:\u00a0Nessuna lamentela, come ogni cambiamento, ci sono volute alcune trasformazioni (abbandonando principalmente le cattive abitudini) e un atto di fede che ha dato i suoi frutti.<\/p>\n<p class=\"font-weight-bold mb-2\"><strong>Jesper S.&#8221;Ottimo risparmio di tempo&#8221;<\/strong><\/p>\n<p><span class=\"font-weight-bold\"><strong>Commenti<\/strong>: <\/span>\u00c8 un punto di svolta, davvero. Una volta presa la mano, non tornerai mai pi\u00f9 a quello che hai fatto prima. E se inciampi lungo la strada, il personale amichevole di LeanMail ti seguir\u00e0 e ti aiuter\u00e0 a rimetterti in carreggiata. Iniziare e comprendere il processo richieder\u00e0 un piccolo sforzo da parte tua, ma una volta che ti sarai adattato rimarrai stupito dal fatto che poche persone l&#8217;abbiano capito. Tra 10 anni \u00e8 cos\u00ec che tutti i manager gestiranno le loro comunicazioni scritte.<\/p>\n<p class=\"font-weight-bold mb-2\"><strong>Pro<\/strong>:\u00a0Si integra perfettamente in Microsoft Outlook e lo migliora mettendo in primo piano le funzionalit\u00e0 esistenti, aggiungendo anche nuove preziose funzionalit\u00e0 per aumentare la produttivit\u00e0 della posta elettronica.<\/p>\n<p class=\"font-weight-bold mb-2\"><strong>Contro<\/strong>:\u00a0La curva di apprendimento \u00e8 un po&#8217; ripida. Ma aspetta, alla fine ne vale la pena!<\/p>\n<p class=\"font-weight-bold mb-2\"><strong>Alasdair J.&#8221;Ho cambiato la mia e-Life&#8221;<\/strong><\/p>\n<p class=\"font-weight-bold mb-2\"><strong>Pro<\/strong>:\u00a0Lean Mail \u00e8 semplicissimo da usare e gestire le tue e-mail. In precedenza non avevo un&#8217;organizzazione o una struttura di posta elettronica formale e ora ho la possibilit\u00e0 di pianificare, assegnare priorit\u00e0 e archiviare le mie e-mail tutto molto rapidamente. Non perdo o perdo pi\u00f9 le email nella mia casella di posta occupata.<\/p>\n<p class=\"font-weight-bold mb-2\"><strong>Contro<\/strong>:\u00a0Il ritorno a un grande volume di e-mail (vacanze, ecc.) pu\u00f2 richiedere uno sforzo per ripristinare i principi di Lean Mail.<\/p>\n","protected":false},"excerpt":{"rendered":"<p>LeanMail \u00e8 una soluzione di posta in arrivo per gestire MS Outlook. Con questa soluzione puoi archiviare e trovare istantaneamente le email utilizzando una cartella &#8220;intelligente&#8221; in combinazione con il meta-tagging. \u00c8 un assistente personale per la tua casella di posta, trasformando Outlook in un elenco di attivit\u00e0 multifunzionali. Ci\u00f2 consente la personalizzazione di Outlook per prendere appunti e aggiungere scadenze alle email direttamente nella tua casella di posta.<\/p>\n","protected":false},"author":16,"featured_media":57289,"parent":57184,"menu_order":0,"comment_status":"open","ping_status":"closed","template":"g1_template_page_review_new.php","meta":{"_acf_changed":false,"cwp_meta_box_check":"No","cwp_rev_product_name":"","cwp_rev_product_image":"","wppr_links":[],"cwp_rev_price":"","wppr_options":[],"wppr_pros":[],"wppr_cons":[],"_monsterinsights_skip_tracking":false,"_monsterinsights_sitenote_active":false,"_monsterinsights_sitenote_note":"","_monsterinsights_sitenote_category":0,"footnotes":""},"categories":[12566],"tags":[12587,12593,12571,12570,12568,12569],"features":[],"class_list":{"0":"post-57283","1":"page","2":"type-page","3":"status-publish","4":"has-post-thumbnail","6":"category-software-archiviazione-email-cat","7":"tag-archiviazione-email","8":"tag-leanmail","9":"tag-piattaforma-archiviazione-email","10":"tag-programma-archiviazione-email","11":"tag-software-archiviazione-email","12":"tag-soluzione-archiviazione-email"},"wppr_data":{"cwp_meta_box_check":"No"},"acf":[],"yoast_head":"<!-- This site is optimized with the Yoast SEO plugin v27.4 - https:\/\/yoast.com\/product\/yoast-seo-wordpress\/ -->\n<title>LeanMail: recensione software archiviazione email - Accurate Reviews<\/title>\n<meta name=\"description\" content=\"LeanMail: recensione soluzione di posta in arrivo per gestire MS Outlook per archiviare e trovare istantaneamente le email.\" \/>\n<meta name=\"robots\" content=\"index, follow, max-snippet:-1, max-image-preview:large, max-video-preview:-1\" \/>\n<link rel=\"canonical\" href=\"https:\/\/www.accuratereviews.com\/it\/software-archiviazione-email\/leanmail-recensione\/\" \/>\n<meta property=\"og:locale\" content=\"it_IT\" \/>\n<meta property=\"og:type\" content=\"article\" \/>\n<meta property=\"og:title\" content=\"LeanMail: recensione software archiviazione email - Accurate Reviews\" \/>\n<meta property=\"og:description\" content=\"LeanMail: recensione soluzione di posta in arrivo per gestire MS Outlook per archiviare e trovare istantaneamente le email.\" \/>\n<meta property=\"og:url\" content=\"https:\/\/www.accuratereviews.com\/it\/software-archiviazione-email\/leanmail-recensione\/\" \/>\n<meta property=\"og:site_name\" content=\"Accurate Reviews\" \/>\n<meta property=\"og:image\" content=\"https:\/\/www.accuratereviews.com\/wp-content\/uploads\/2022\/05\/LeanMail2.png\" \/>\n\t<meta property=\"og:image:width\" content=\"225\" \/>\n\t<meta property=\"og:image:height\" content=\"225\" \/>\n\t<meta property=\"og:image:type\" content=\"image\/png\" \/>\n<meta name=\"twitter:card\" content=\"summary_large_image\" \/>\n<meta name=\"twitter:label1\" content=\"Tempo di lettura stimato\" \/>\n\t<meta name=\"twitter:data1\" content=\"5 minuti\" \/>\n<script type=\"application\/ld+json\" class=\"yoast-schema-graph\">{\"@context\":\"https:\\\/\\\/schema.org\",\"@graph\":[{\"@type\":\"WebPage\",\"@id\":\"https:\\\/\\\/www.accuratereviews.com\\\/it\\\/software-archiviazione-email\\\/leanmail-recensione\\\/\",\"url\":\"https:\\\/\\\/www.accuratereviews.com\\\/it\\\/software-archiviazione-email\\\/leanmail-recensione\\\/\",\"name\":\"LeanMail: recensione software archiviazione email - Accurate Reviews\",\"isPartOf\":{\"@id\":\"https:\\\/\\\/www.accuratereviews.com\\\/it\\\/#website\"},\"primaryImageOfPage\":{\"@id\":\"https:\\\/\\\/www.accuratereviews.com\\\/it\\\/software-archiviazione-email\\\/leanmail-recensione\\\/#primaryimage\"},\"image\":{\"@id\":\"https:\\\/\\\/www.accuratereviews.com\\\/it\\\/software-archiviazione-email\\\/leanmail-recensione\\\/#primaryimage\"},\"thumbnailUrl\":\"https:\\\/\\\/www.accuratereviews.com\\\/wp-content\\\/uploads\\\/2022\\\/05\\\/LeanMail2.png\",\"datePublished\":\"2022-05-10T10:32:46+00:00\",\"description\":\"LeanMail: recensione soluzione di posta in arrivo per gestire MS Outlook per archiviare e trovare istantaneamente le email.\",\"breadcrumb\":{\"@id\":\"https:\\\/\\\/www.accuratereviews.com\\\/it\\\/software-archiviazione-email\\\/leanmail-recensione\\\/#breadcrumb\"},\"inLanguage\":\"it-IT\",\"potentialAction\":[{\"@type\":\"ReadAction\",\"target\":[\"https:\\\/\\\/www.accuratereviews.com\\\/it\\\/software-archiviazione-email\\\/leanmail-recensione\\\/\"]}]},{\"@type\":\"ImageObject\",\"inLanguage\":\"it-IT\",\"@id\":\"https:\\\/\\\/www.accuratereviews.com\\\/it\\\/software-archiviazione-email\\\/leanmail-recensione\\\/#primaryimage\",\"url\":\"https:\\\/\\\/www.accuratereviews.com\\\/wp-content\\\/uploads\\\/2022\\\/05\\\/LeanMail2.png\",\"contentUrl\":\"https:\\\/\\\/www.accuratereviews.com\\\/wp-content\\\/uploads\\\/2022\\\/05\\\/LeanMail2.png\",\"width\":225,\"height\":225},{\"@type\":\"BreadcrumbList\",\"@id\":\"https:\\\/\\\/www.accuratereviews.com\\\/it\\\/software-archiviazione-email\\\/leanmail-recensione\\\/#breadcrumb\",\"itemListElement\":[{\"@type\":\"ListItem\",\"position\":1,\"name\":\"Home\",\"item\":\"https:\\\/\\\/www.accuratereviews.com\\\/it\\\/\"},{\"@type\":\"ListItem\",\"position\":2,\"name\":\"Software per archiviazione email\",\"item\":\"https:\\\/\\\/www.accuratereviews.com\\\/it\\\/software-archiviazione-email\\\/\"},{\"@type\":\"ListItem\",\"position\":3,\"name\":\"LeanMail\"}]},{\"@type\":\"WebSite\",\"@id\":\"https:\\\/\\\/www.accuratereviews.com\\\/it\\\/#website\",\"url\":\"https:\\\/\\\/www.accuratereviews.com\\\/it\\\/\",\"name\":\"Accurate Reviews\",\"description\":\"\",\"potentialAction\":[{\"@type\":\"SearchAction\",\"target\":{\"@type\":\"EntryPoint\",\"urlTemplate\":\"https:\\\/\\\/www.accuratereviews.com\\\/it\\\/?s={search_term_string}\"},\"query-input\":{\"@type\":\"PropertyValueSpecification\",\"valueRequired\":true,\"valueName\":\"search_term_string\"}}],\"inLanguage\":\"it-IT\"}]}<\/script>\n<!-- \/ Yoast SEO plugin. -->","yoast_head_json":{"title":"LeanMail: recensione software archiviazione email - Accurate Reviews","description":"LeanMail: recensione soluzione di posta in arrivo per gestire MS Outlook per archiviare e trovare istantaneamente le email.","robots":{"index":"index","follow":"follow","max-snippet":"max-snippet:-1","max-image-preview":"max-image-preview:large","max-video-preview":"max-video-preview:-1"},"canonical":"https:\/\/www.accuratereviews.com\/it\/software-archiviazione-email\/leanmail-recensione\/","og_locale":"it_IT","og_type":"article","og_title":"LeanMail: recensione software archiviazione email - Accurate Reviews","og_description":"LeanMail: recensione soluzione di posta in arrivo per gestire MS Outlook per archiviare e trovare istantaneamente le email.","og_url":"https:\/\/www.accuratereviews.com\/it\/software-archiviazione-email\/leanmail-recensione\/","og_site_name":"Accurate Reviews","og_image":[{"width":225,"height":225,"url":"https:\/\/www.accuratereviews.com\/wp-content\/uploads\/2022\/05\/LeanMail2.png","type":"image\/png"}],"twitter_card":"summary_large_image","twitter_misc":{"Tempo di lettura stimato":"5 minuti"},"schema":{"@context":"https:\/\/schema.org","@graph":[{"@type":"WebPage","@id":"https:\/\/www.accuratereviews.com\/it\/software-archiviazione-email\/leanmail-recensione\/","url":"https:\/\/www.accuratereviews.com\/it\/software-archiviazione-email\/leanmail-recensione\/","name":"LeanMail: recensione software archiviazione email - Accurate Reviews","isPartOf":{"@id":"https:\/\/www.accuratereviews.com\/it\/#website"},"primaryImageOfPage":{"@id":"https:\/\/www.accuratereviews.com\/it\/software-archiviazione-email\/leanmail-recensione\/#primaryimage"},"image":{"@id":"https:\/\/www.accuratereviews.com\/it\/software-archiviazione-email\/leanmail-recensione\/#primaryimage"},"thumbnailUrl":"https:\/\/www.accuratereviews.com\/wp-content\/uploads\/2022\/05\/LeanMail2.png","datePublished":"2022-05-10T10:32:46+00:00","description":"LeanMail: recensione soluzione di posta in arrivo per gestire MS Outlook per archiviare e trovare istantaneamente le email.","breadcrumb":{"@id":"https:\/\/www.accuratereviews.com\/it\/software-archiviazione-email\/leanmail-recensione\/#breadcrumb"},"inLanguage":"it-IT","potentialAction":[{"@type":"ReadAction","target":["https:\/\/www.accuratereviews.com\/it\/software-archiviazione-email\/leanmail-recensione\/"]}]},{"@type":"ImageObject","inLanguage":"it-IT","@id":"https:\/\/www.accuratereviews.com\/it\/software-archiviazione-email\/leanmail-recensione\/#primaryimage","url":"https:\/\/www.accuratereviews.com\/wp-content\/uploads\/2022\/05\/LeanMail2.png","contentUrl":"https:\/\/www.accuratereviews.com\/wp-content\/uploads\/2022\/05\/LeanMail2.png","width":225,"height":225},{"@type":"BreadcrumbList","@id":"https:\/\/www.accuratereviews.com\/it\/software-archiviazione-email\/leanmail-recensione\/#breadcrumb","itemListElement":[{"@type":"ListItem","position":1,"name":"Home","item":"https:\/\/www.accuratereviews.com\/it\/"},{"@type":"ListItem","position":2,"name":"Software per archiviazione email","item":"https:\/\/www.accuratereviews.com\/it\/software-archiviazione-email\/"},{"@type":"ListItem","position":3,"name":"LeanMail"}]},{"@type":"WebSite","@id":"https:\/\/www.accuratereviews.com\/it\/#website","url":"https:\/\/www.accuratereviews.com\/it\/","name":"Accurate Reviews","description":"","potentialAction":[{"@type":"SearchAction","target":{"@type":"EntryPoint","urlTemplate":"https:\/\/www.accuratereviews.com\/it\/?s={search_term_string}"},"query-input":{"@type":"PropertyValueSpecification","valueRequired":true,"valueName":"search_term_string"}}],"inLanguage":"it-IT"}]}},"_links":{"self":[{"href":"https:\/\/www.accuratereviews.com\/it\/wp-json\/wp\/v2\/pages\/57283","targetHints":{"allow":["GET"]}}],"collection":[{"href":"https:\/\/www.accuratereviews.com\/it\/wp-json\/wp\/v2\/pages"}],"about":[{"href":"https:\/\/www.accuratereviews.com\/it\/wp-json\/wp\/v2\/types\/page"}],"author":[{"embeddable":true,"href":"https:\/\/www.accuratereviews.com\/it\/wp-json\/wp\/v2\/users\/16"}],"replies":[{"embeddable":true,"href":"https:\/\/www.accuratereviews.com\/it\/wp-json\/wp\/v2\/comments?post=57283"}],"version-history":[{"count":8,"href":"https:\/\/www.accuratereviews.com\/it\/wp-json\/wp\/v2\/pages\/57283\/revisions"}],"predecessor-version":[{"id":57309,"href":"https:\/\/www.accuratereviews.com\/it\/wp-json\/wp\/v2\/pages\/57283\/revisions\/57309"}],"up":[{"embeddable":true,"href":"https:\/\/www.accuratereviews.com\/it\/wp-json\/wp\/v2\/pages\/57184"}],"wp:featuredmedia":[{"embeddable":true,"href":"https:\/\/www.accuratereviews.com\/it\/wp-json\/wp\/v2\/media\/57289"}],"wp:attachment":[{"href":"https:\/\/www.accuratereviews.com\/it\/wp-json\/wp\/v2\/media?parent=57283"}],"wp:term":[{"taxonomy":"category","embeddable":true,"href":"https:\/\/www.accuratereviews.com\/it\/wp-json\/wp\/v2\/categories?post=57283"},{"taxonomy":"post_tag","embeddable":true,"href":"https:\/\/www.accuratereviews.com\/it\/wp-json\/wp\/v2\/tags?post=57283"},{"taxonomy":"features","embeddable":true,"href":"https:\/\/www.accuratereviews.com\/it\/wp-json\/wp\/v2\/features?post=57283"}],"curies":[{"name":"wp","href":"https:\/\/api.w.org\/{rel}","templated":true}]}}