{"id":5730,"date":"2015-05-28T07:37:36","date_gmt":"2015-05-28T07:37:36","guid":{"rendered":"http:\/\/www.accuratereviews.com\/it\/about\/"},"modified":"2016-11-17T11:12:05","modified_gmt":"2016-11-17T11:12:05","slug":"about","status":"publish","type":"page","link":"https:\/\/www.accuratereviews.com\/it\/about\/","title":{"rendered":"Cos&#8217;\u00e8 Accurate"},"content":{"rendered":"<h2><a name=\"who\"><\/a>Chi siamo<\/h2>\n<p>Il nostro gruppo di esperti di software vuole portare chiarezza in un settore complesso. Vogliamo aiutarvi a migliorare il vostro lavoro selezionando il software pi\u00f9 adatto alle vostre esigenze. Vi diamo informazioni, strumenti, consigli perch\u00e9 possiate comprare il software giusto.<\/p>\n<h2><a name=\"whatdo\"><\/a>Cosa facciamo<\/h2>\n<p>Accurate Reviews \u00e8 il servizio giusto al momento giusto! Vi assistiamo nella ricerca e nella selezione del software adeguato ai vostri bisogni. Lavoriamo per recensire e suggerirvi le applicazioni migliori: i nostri editor si impegnano per guadagnarsi la vostra fiducia e assicurarvi recensioni oneste, approfondite, obiettive.<br \/>\nI voti che trovate nelle nostre recensioni riflettono diversi aspetti di ogni prodotto: la sua usabilit\u00e0 (facilit\u00e0 d\u2019utilizzo, velocit\u00e0, design); le sue funzionalit\u00e0 (cosa potete effettivamente fare con quel software); il supporto clienti messo a disposizione dagli sviluppatori; e il suo prezzo (che sia gratuito o meno, in abbonamento o una tantum). Quindi, compariamo i prodotti per mostrarvi la migliore scelta possibile.<\/p>\n<h2><a name=\"whatoffer\"><\/a>Cosa offriamo<\/h2>\n<p>Se siete una software house e non trovate i vostri prodotti o servizi su Accurate Reviews, mettetevi in contatto con noi: prepararemo una recensione semplice in poco tempo. Se preferite che il vostro prodotto riceva una recensione approfondita, contattate il nostro servizio commerciale.<br \/>\nPer favore, avvisateci di qualsiasi errore o informazione sbagliata presenti nelle recensioni, oppure indicateci la versione pi\u00f9 aggiornata del vostro prodotto. Vogliamo risultare affidabili agli occhi dei nostri utenti &#8211; e anche ai vostri.<\/p>\n<h2><a name=\"userreviews\"><\/a>Recensioni utenti<\/h2>\n<p>Incoraggiamo i nostri utenti a lasciare delle recensioni riguardo i software di cui parliamo.<br \/>\nIl parere di un utente pu\u00f2 aiutare qualcun altro a scegliere la soluzione pi\u00f9 adatta alla necessit\u00e0 del momento. Pi\u00f9 informazioni fornite riguardo la vostra esperienza con un prodotto, pi\u00f9 sarete d\u2019aiuto: non dimenticate di sottolineare le funzionalit\u00e0 che preferite, di denunciare gli aspetti che ritenete abbiano bisogno di miglioramenti, o se &#8211; addirittura! &#8211; il prodotto non funziona come dovrebbe. Nessun software \u00e8 perfetto: dovete essere onesti, equilibrati e precisi riguardo l\u2019utilizzo che ne avete fatto.<br \/>\nRicordatevi di menzionare le dimensioni della vostra azienda, e se il software \u00e8 risultato utile ai vostri scopi.<br \/>\nIl nostro team verificher\u00e0 manualmente tutte le recensioni degli utenti per mantenere un elevato standard di contenuti.<\/p>\n","protected":false},"excerpt":{"rendered":"<p>Chi siamo Il nostro gruppo di esperti di software vuole portare chiarezza in un settore complesso. Vogliamo aiutarvi a migliorare il vostro lavoro selezionando il software pi\u00f9 adatto alle vostre esigenze. Vi diamo informazioni, strumenti, consigli perch\u00e9 possiate comprare il software giusto. Cosa facciamo Accurate Reviews \u00e8 il servizio giusto al momento giusto! Vi assistiamo [&hellip;]<\/p>\n","protected":false},"author":16,"featured_media":0,"parent":0,"menu_order":134,"comment_status":"closed","ping_status":"closed","template":"g1_template_page_sidebar_right.php","meta":{"_acf_changed":false,"cwp_meta_box_check":"No","cwp_rev_product_name":"","cwp_rev_product_image":"","wppr_links":[],"cwp_rev_price":"","wppr_options":[],"wppr_pros":[],"wppr_cons":[],"_monsterinsights_skip_tracking":false,"_monsterinsights_sitenote_active":false,"_monsterinsights_sitenote_note":"","_monsterinsights_sitenote_category":0,"footnotes":""},"categories":[],"tags":[],"features":[],"class_list":["post-5730","page","type-page","status-publish"],"wppr_data":{"cwp_meta_box_check":"No","cwp_rev_product_name":"","cwp_rev_product_image":"","cwp_image_link":"image","cwp_rev_price":""},"acf":[],"yoast_head":"<!-- This site is optimized with the Yoast SEO plugin v27.4 - https:\/\/yoast.com\/product\/yoast-seo-wordpress\/ -->\n<title>Cos&#039;\u00e8 Accurate - Accurate Reviews<\/title>\n<meta name=\"description\" content=\"Il nostro gruppo di esperti di software vuole portare chiarezza in un settore complesso. Vi diamo strumenti e consigli perch\u00e9 compriate il software giusto.\" \/>\n<meta name=\"robots\" content=\"index, follow, max-snippet:-1, max-image-preview:large, max-video-preview:-1\" \/>\n<link rel=\"canonical\" href=\"https:\/\/www.accuratereviews.com\/it\/about\/\" \/>\n<meta property=\"og:locale\" content=\"it_IT\" \/>\n<meta property=\"og:type\" content=\"article\" \/>\n<meta property=\"og:title\" content=\"Cos&#039;\u00e8 Accurate - Accurate Reviews\" \/>\n<meta property=\"og:description\" content=\"Il nostro gruppo di esperti di software vuole portare chiarezza in un settore complesso. Vi diamo strumenti e consigli perch\u00e9 compriate il software giusto.\" \/>\n<meta property=\"og:url\" content=\"https:\/\/www.accuratereviews.com\/it\/about\/\" \/>\n<meta property=\"og:site_name\" content=\"Accurate Reviews\" \/>\n<meta property=\"article:modified_time\" content=\"2016-11-17T11:12:05+00:00\" \/>\n<meta name=\"twitter:card\" content=\"summary_large_image\" \/>\n<meta name=\"twitter:label1\" content=\"Tempo di lettura stimato\" \/>\n\t<meta name=\"twitter:data1\" content=\"2 minuti\" \/>\n<script type=\"application\/ld+json\" class=\"yoast-schema-graph\">{\"@context\":\"https:\\\/\\\/schema.org\",\"@graph\":[{\"@type\":\"WebPage\",\"@id\":\"https:\\\/\\\/www.accuratereviews.com\\\/it\\\/about\\\/\",\"url\":\"https:\\\/\\\/www.accuratereviews.com\\\/it\\\/about\\\/\",\"name\":\"Cos'\u00e8 Accurate - Accurate Reviews\",\"isPartOf\":{\"@id\":\"https:\\\/\\\/www.accuratereviews.com\\\/it\\\/#website\"},\"datePublished\":\"2015-05-28T07:37:36+00:00\",\"dateModified\":\"2016-11-17T11:12:05+00:00\",\"description\":\"Il nostro gruppo di esperti di software vuole portare chiarezza in un settore complesso. Vi diamo strumenti e consigli perch\u00e9 compriate il software giusto.\",\"breadcrumb\":{\"@id\":\"https:\\\/\\\/www.accuratereviews.com\\\/it\\\/about\\\/#breadcrumb\"},\"inLanguage\":\"it-IT\",\"potentialAction\":[{\"@type\":\"ReadAction\",\"target\":[\"https:\\\/\\\/www.accuratereviews.com\\\/it\\\/about\\\/\"]}]},{\"@type\":\"BreadcrumbList\",\"@id\":\"https:\\\/\\\/www.accuratereviews.com\\\/it\\\/about\\\/#breadcrumb\",\"itemListElement\":[{\"@type\":\"ListItem\",\"position\":1,\"name\":\"Home\",\"item\":\"https:\\\/\\\/www.accuratereviews.com\\\/it\\\/\"},{\"@type\":\"ListItem\",\"position\":2,\"name\":\"Cos&#8217;\u00e8 Accurate\"}]},{\"@type\":\"WebSite\",\"@id\":\"https:\\\/\\\/www.accuratereviews.com\\\/it\\\/#website\",\"url\":\"https:\\\/\\\/www.accuratereviews.com\\\/it\\\/\",\"name\":\"Accurate Reviews\",\"description\":\"\",\"potentialAction\":[{\"@type\":\"SearchAction\",\"target\":{\"@type\":\"EntryPoint\",\"urlTemplate\":\"https:\\\/\\\/www.accuratereviews.com\\\/it\\\/?s={search_term_string}\"},\"query-input\":{\"@type\":\"PropertyValueSpecification\",\"valueRequired\":true,\"valueName\":\"search_term_string\"}}],\"inLanguage\":\"it-IT\"}]}<\/script>\n<!-- \/ Yoast SEO plugin. -->","yoast_head_json":{"title":"Cos'\u00e8 Accurate - Accurate Reviews","description":"Il nostro gruppo di esperti di software vuole portare chiarezza in un settore complesso. Vi diamo strumenti e consigli perch\u00e9 compriate il software giusto.","robots":{"index":"index","follow":"follow","max-snippet":"max-snippet:-1","max-image-preview":"max-image-preview:large","max-video-preview":"max-video-preview:-1"},"canonical":"https:\/\/www.accuratereviews.com\/it\/about\/","og_locale":"it_IT","og_type":"article","og_title":"Cos'\u00e8 Accurate - Accurate Reviews","og_description":"Il nostro gruppo di esperti di software vuole portare chiarezza in un settore complesso. Vi diamo strumenti e consigli perch\u00e9 compriate il software giusto.","og_url":"https:\/\/www.accuratereviews.com\/it\/about\/","og_site_name":"Accurate Reviews","article_modified_time":"2016-11-17T11:12:05+00:00","twitter_card":"summary_large_image","twitter_misc":{"Tempo di lettura stimato":"2 minuti"},"schema":{"@context":"https:\/\/schema.org","@graph":[{"@type":"WebPage","@id":"https:\/\/www.accuratereviews.com\/it\/about\/","url":"https:\/\/www.accuratereviews.com\/it\/about\/","name":"Cos'\u00e8 Accurate - Accurate Reviews","isPartOf":{"@id":"https:\/\/www.accuratereviews.com\/it\/#website"},"datePublished":"2015-05-28T07:37:36+00:00","dateModified":"2016-11-17T11:12:05+00:00","description":"Il nostro gruppo di esperti di software vuole portare chiarezza in un settore complesso. Vi diamo strumenti e consigli perch\u00e9 compriate il software giusto.","breadcrumb":{"@id":"https:\/\/www.accuratereviews.com\/it\/about\/#breadcrumb"},"inLanguage":"it-IT","potentialAction":[{"@type":"ReadAction","target":["https:\/\/www.accuratereviews.com\/it\/about\/"]}]},{"@type":"BreadcrumbList","@id":"https:\/\/www.accuratereviews.com\/it\/about\/#breadcrumb","itemListElement":[{"@type":"ListItem","position":1,"name":"Home","item":"https:\/\/www.accuratereviews.com\/it\/"},{"@type":"ListItem","position":2,"name":"Cos&#8217;\u00e8 Accurate"}]},{"@type":"WebSite","@id":"https:\/\/www.accuratereviews.com\/it\/#website","url":"https:\/\/www.accuratereviews.com\/it\/","name":"Accurate Reviews","description":"","potentialAction":[{"@type":"SearchAction","target":{"@type":"EntryPoint","urlTemplate":"https:\/\/www.accuratereviews.com\/it\/?s={search_term_string}"},"query-input":{"@type":"PropertyValueSpecification","valueRequired":true,"valueName":"search_term_string"}}],"inLanguage":"it-IT"}]}},"_links":{"self":[{"href":"https:\/\/www.accuratereviews.com\/it\/wp-json\/wp\/v2\/pages\/5730","targetHints":{"allow":["GET"]}}],"collection":[{"href":"https:\/\/www.accuratereviews.com\/it\/wp-json\/wp\/v2\/pages"}],"about":[{"href":"https:\/\/www.accuratereviews.com\/it\/wp-json\/wp\/v2\/types\/page"}],"author":[{"embeddable":true,"href":"https:\/\/www.accuratereviews.com\/it\/wp-json\/wp\/v2\/users\/16"}],"replies":[{"embeddable":true,"href":"https:\/\/www.accuratereviews.com\/it\/wp-json\/wp\/v2\/comments?post=5730"}],"version-history":[{"count":2,"href":"https:\/\/www.accuratereviews.com\/it\/wp-json\/wp\/v2\/pages\/5730\/revisions"}],"predecessor-version":[{"id":5733,"href":"https:\/\/www.accuratereviews.com\/it\/wp-json\/wp\/v2\/pages\/5730\/revisions\/5733"}],"wp:attachment":[{"href":"https:\/\/www.accuratereviews.com\/it\/wp-json\/wp\/v2\/media?parent=5730"}],"wp:term":[{"taxonomy":"category","embeddable":true,"href":"https:\/\/www.accuratereviews.com\/it\/wp-json\/wp\/v2\/categories?post=5730"},{"taxonomy":"post_tag","embeddable":true,"href":"https:\/\/www.accuratereviews.com\/it\/wp-json\/wp\/v2\/tags?post=5730"},{"taxonomy":"features","embeddable":true,"href":"https:\/\/www.accuratereviews.com\/it\/wp-json\/wp\/v2\/features?post=5730"}],"curies":[{"name":"wp","href":"https:\/\/api.w.org\/{rel}","templated":true}]}}