{"id":57328,"date":"2022-05-11T10:37:02","date_gmt":"2022-05-11T10:37:02","guid":{"rendered":"https:\/\/www.accuratereviews.com\/?page_id=57328"},"modified":"2022-05-11T10:37:02","modified_gmt":"2022-05-11T10:37:02","slug":"comet-backup-recensione","status":"publish","type":"page","link":"https:\/\/www.accuratereviews.com\/it\/software-archiviazione-email\/comet-backup-recensione\/","title":{"rendered":"Comet Backup"},"content":{"rendered":"<p><strong>Comet Backup<\/strong> \u00e8 un <strong>software sviluppato per archiviare email<\/strong>\u00a0e per effettuare backup veloci e sicuri. Si tratta infatti di una piattaforma all-in-one di backup flessibile scelta da aziende e fornitori IT poich\u00e9 permette loro di avere il controllo totale sull&#8217;archiviazione, sulla destinazione del backup, sulla posizione del server, sulla configurazione e sull&#8217;impostazione.<br \/>\nGrazie alle numerose integrazioni che offre <strong>Comet Backup<\/strong>, potrai connetterti con fornitori leader del settore come AWS, Microsoft Azure, Wasabi, Backblaze e Google Cloud.<\/p>\n<h2>COMET BACKUP &#8211; TUTORIAL<\/h2>\n<div id=\"fluid-wrapper-counter-1\" class=\"g1-fluid-wrapper \" style=\"width:686px;\">\n<div style=\"padding-bottom:56.268221574344%;\"><iframe loading=\"lazy\" title=\"Comet Backup - Demo\" width=\"686\" height=\"386\" src=\"https:\/\/www.youtube.com\/embed\/fb7AaszYIyo?feature=oembed&amp;wmode=transparent&amp;autohide=1&amp;autoplay=0&amp;disablekb=0&amp;fs=1&amp;loop=0&amp;enablejsapi=1&amp;rel=0&amp;controls=2&amp;showinfo=0&amp;wmode=transparent&amp;autohide=2&amp;autoplay=0&amp;disablekb=0&amp;fs=1&amp;loop=0&amp;enablejsapi=1&amp;rel=0&amp;controls=2&amp;showinfo=1\" frameborder=\"0\" allow=\"accelerometer; autoplay; clipboard-write; encrypted-media; gyroscope; picture-in-picture\" allowfullscreen><\/iframe><\/div>\n<\/div>\n<h3>COMET BACKUP &#8211; CARATTERISTICHE<\/h3>\n<ul>\n<li><strong>Deduplicazione lato client<\/strong>: Comet ha backup veloci ed efficienti dal punto di vista della larghezza di banda perch\u00e9 la deduplicazione \u00e8 lato client, risparmiando spazio di archiviazione<\/li>\n<li><strong>Nessun re-upload completo<\/strong>: dopo il primo backup, non dovrai mai pi\u00f9 ricaricare il file completo<\/li>\n<li><strong>Incrementale per sempre<\/strong>: il tuo backup pi\u00f9 vecchio pu\u00f2 essere ripristinato altrettanto velocemente del pi\u00f9 recente. Non c&#8217;\u00e8 bisogno di differenziali o delta-merging<\/li>\n<li><strong>Compresso e criptato<\/strong>: durante il backup, il transito e il riposo. L&#8217;unico momento in cui non \u00e8 criptato \u00e8 durante un ripristino<\/li>\n<li><strong>Client leggero<\/strong> (a partire da meno di 20MB)<\/li>\n<li><strong>Supporto gratuito<\/strong><\/li>\n<li>Software per<strong> etichette bianche<\/strong><\/li>\n<li>Disponibile in <strong>12 lingue<\/strong><\/li>\n<li>Costruito nel <strong>supporto SSL<\/strong><\/li>\n<li><strong>API completa<\/strong><\/li>\n<li>Installazione silenziosa<\/li>\n<li>Nessun Java o .NET<\/li>\n<li>Supporto per la <strong>firma del codice<\/strong><\/li>\n<\/ul>\n<h4>LE RECENSIONI DEGLI UTENTI<\/h4>\n<p><strong>Raymond J. &#8220;Eccellente software di backup&#8221;<\/strong><br \/>\nCOMMENTI: abbiamo usato un discreto numero di software di backup, tutti con qualche problema. Con Comet non abbiamo alcun problema.<br \/>\nPRO: i server di backup sono disponibili per Windows e Linux. L&#8217;installazione e la configurazione sono molto facili. L&#8217;impostazione e l&#8217;esecuzione dei lavori di backup funziona perfettamente. Anche il ripristino non ha problemi. Fanno nuove versioni regolarmente quindi molte nuove funzionalit\u00e0 nel tempo.<br \/>\nCONTRO: nel complesso il prodotto funziona benissimo. Per il backup delle macchine virtuali usiamo un software diverso. Se ad un certo punto questo potesse essere integrato nel backup di Comet, sarebbe eccellente!<\/p>\n<p><strong>Manish M. &#8220;Buona soluzione di backup&#8221;<\/strong><br \/>\nCOMMENTI: nel complesso davvero buono per i clienti MSP.<br \/>\nPRO: la parte di backup dei file \u00e8 davvero buona. Tutte le opzioni per il backup sono davvero buone. Le caratteristiche sono un must. Funziona davvero bene una volta impostato.<br \/>\nCONTRO: i vault di archiviazione sono un po&#8217; confusi. Il vault locale e il file UNC potrebbero avere un problema di connessione.<\/p>\n<p><strong>Jody F. &#8220;Buon prodotto e ottimo supporto&#8221;<\/strong><br \/>\nCOMMENTI: ottimo strumento per i backup, un sacco di belle caratteristiche, facile da gestire.<br \/>\nPRO: mi \u00e8 piaciuto che fosse semplice da far funzionare. Ha fatto quello che doveva fare e l&#8217;ha fatto velocemente.<br \/>\nCONTRO: la mia azienda stava rivendendo questo prodotto e mi sembrava che l&#8217;add-on di WHM fosse poco incisivo e mancasse di funzionalit\u00e0.<\/p>\n","protected":false},"excerpt":{"rendered":"<p>Comet Backup \u00e8 un software sviluppato per archiviare email e per effettuare backup veloci e sicuri. Si tratta infatti di una piattaforma all-in-one di backup flessibile scelta da aziende e fornitori IT poich\u00e9 permette loro di avere il controllo totale sull&#8217;archiviazione, sulla destinazione del backup, sulla posizione del server, sulla configurazione e sull&#8217;impostazione.<\/p>\n","protected":false},"author":17,"featured_media":57329,"parent":57184,"menu_order":0,"comment_status":"open","ping_status":"closed","template":"g1_template_page_review_new.php","meta":{"_acf_changed":false,"cwp_meta_box_check":"No","cwp_rev_product_name":"","cwp_rev_product_image":"","wppr_links":[],"cwp_rev_price":"","wppr_options":[],"wppr_pros":[],"wppr_cons":[],"_monsterinsights_skip_tracking":false,"_monsterinsights_sitenote_active":false,"_monsterinsights_sitenote_note":"","_monsterinsights_sitenote_category":0,"footnotes":""},"categories":[12566],"tags":[12572,12583,12587,12571,12570,12568,12569],"features":[],"class_list":{"0":"post-57328","1":"page","2":"type-page","3":"status-publish","4":"has-post-thumbnail","6":"category-software-archiviazione-email-cat","7":"tag-app-archiviazione-email","8":"tag-archiviazione-della-posta-elettronica","9":"tag-archiviazione-email","10":"tag-piattaforma-archiviazione-email","11":"tag-programma-archiviazione-email","12":"tag-software-archiviazione-email","13":"tag-soluzione-archiviazione-email"},"wppr_data":{"cwp_meta_box_check":"No"},"acf":[],"yoast_head":"<!-- This site is optimized with the Yoast SEO plugin v27.4 - https:\/\/yoast.com\/product\/yoast-seo-wordpress\/ -->\n<title>Comet Backup: recensione software archiviazione email<\/title>\n<meta name=\"description\" content=\"Comet: recensione del software sviluppato per archiviare email e per effettuare backup veloci e sicuri, ottimo per aziende e fornitori IT.\" \/>\n<meta name=\"robots\" content=\"index, follow, max-snippet:-1, max-image-preview:large, max-video-preview:-1\" \/>\n<link rel=\"canonical\" href=\"https:\/\/www.accuratereviews.com\/it\/software-archiviazione-email\/comet-backup-recensione\/\" \/>\n<meta property=\"og:locale\" content=\"it_IT\" \/>\n<meta property=\"og:type\" content=\"article\" \/>\n<meta property=\"og:title\" content=\"Comet Backup: recensione software archiviazione email\" \/>\n<meta property=\"og:description\" content=\"Comet: recensione del software sviluppato per archiviare email e per effettuare backup veloci e sicuri, ottimo per aziende e fornitori IT.\" \/>\n<meta property=\"og:url\" content=\"https:\/\/www.accuratereviews.com\/it\/software-archiviazione-email\/comet-backup-recensione\/\" \/>\n<meta property=\"og:site_name\" content=\"Accurate Reviews\" \/>\n<meta property=\"og:image\" content=\"https:\/\/www.accuratereviews.com\/wp-content\/uploads\/2022\/05\/42426961.png\" \/>\n\t<meta property=\"og:image:width\" content=\"200\" \/>\n\t<meta property=\"og:image:height\" content=\"200\" \/>\n\t<meta property=\"og:image:type\" content=\"image\/png\" \/>\n<meta name=\"twitter:card\" content=\"summary_large_image\" \/>\n<meta name=\"twitter:label1\" content=\"Tempo di lettura stimato\" \/>\n\t<meta name=\"twitter:data1\" content=\"3 minuti\" \/>\n<script type=\"application\/ld+json\" class=\"yoast-schema-graph\">{\"@context\":\"https:\\\/\\\/schema.org\",\"@graph\":[{\"@type\":\"WebPage\",\"@id\":\"https:\\\/\\\/www.accuratereviews.com\\\/it\\\/software-archiviazione-email\\\/comet-backup-recensione\\\/\",\"url\":\"https:\\\/\\\/www.accuratereviews.com\\\/it\\\/software-archiviazione-email\\\/comet-backup-recensione\\\/\",\"name\":\"Comet Backup: recensione software archiviazione email\",\"isPartOf\":{\"@id\":\"https:\\\/\\\/www.accuratereviews.com\\\/it\\\/#website\"},\"primaryImageOfPage\":{\"@id\":\"https:\\\/\\\/www.accuratereviews.com\\\/it\\\/software-archiviazione-email\\\/comet-backup-recensione\\\/#primaryimage\"},\"image\":{\"@id\":\"https:\\\/\\\/www.accuratereviews.com\\\/it\\\/software-archiviazione-email\\\/comet-backup-recensione\\\/#primaryimage\"},\"thumbnailUrl\":\"https:\\\/\\\/www.accuratereviews.com\\\/wp-content\\\/uploads\\\/2022\\\/05\\\/42426961.png\",\"datePublished\":\"2022-05-11T10:37:02+00:00\",\"description\":\"Comet: recensione del software sviluppato per archiviare email e per effettuare backup veloci e sicuri, ottimo per aziende e fornitori IT.\",\"breadcrumb\":{\"@id\":\"https:\\\/\\\/www.accuratereviews.com\\\/it\\\/software-archiviazione-email\\\/comet-backup-recensione\\\/#breadcrumb\"},\"inLanguage\":\"it-IT\",\"potentialAction\":[{\"@type\":\"ReadAction\",\"target\":[\"https:\\\/\\\/www.accuratereviews.com\\\/it\\\/software-archiviazione-email\\\/comet-backup-recensione\\\/\"]}]},{\"@type\":\"ImageObject\",\"inLanguage\":\"it-IT\",\"@id\":\"https:\\\/\\\/www.accuratereviews.com\\\/it\\\/software-archiviazione-email\\\/comet-backup-recensione\\\/#primaryimage\",\"url\":\"https:\\\/\\\/www.accuratereviews.com\\\/wp-content\\\/uploads\\\/2022\\\/05\\\/42426961.png\",\"contentUrl\":\"https:\\\/\\\/www.accuratereviews.com\\\/wp-content\\\/uploads\\\/2022\\\/05\\\/42426961.png\",\"width\":200,\"height\":200},{\"@type\":\"BreadcrumbList\",\"@id\":\"https:\\\/\\\/www.accuratereviews.com\\\/it\\\/software-archiviazione-email\\\/comet-backup-recensione\\\/#breadcrumb\",\"itemListElement\":[{\"@type\":\"ListItem\",\"position\":1,\"name\":\"Home\",\"item\":\"https:\\\/\\\/www.accuratereviews.com\\\/it\\\/\"},{\"@type\":\"ListItem\",\"position\":2,\"name\":\"Software per archiviazione email\",\"item\":\"https:\\\/\\\/www.accuratereviews.com\\\/it\\\/software-archiviazione-email\\\/\"},{\"@type\":\"ListItem\",\"position\":3,\"name\":\"Comet Backup\"}]},{\"@type\":\"WebSite\",\"@id\":\"https:\\\/\\\/www.accuratereviews.com\\\/it\\\/#website\",\"url\":\"https:\\\/\\\/www.accuratereviews.com\\\/it\\\/\",\"name\":\"Accurate Reviews\",\"description\":\"\",\"potentialAction\":[{\"@type\":\"SearchAction\",\"target\":{\"@type\":\"EntryPoint\",\"urlTemplate\":\"https:\\\/\\\/www.accuratereviews.com\\\/it\\\/?s={search_term_string}\"},\"query-input\":{\"@type\":\"PropertyValueSpecification\",\"valueRequired\":true,\"valueName\":\"search_term_string\"}}],\"inLanguage\":\"it-IT\"}]}<\/script>\n<!-- \/ Yoast SEO plugin. -->","yoast_head_json":{"title":"Comet Backup: recensione software archiviazione email","description":"Comet: recensione del software sviluppato per archiviare email e per effettuare backup veloci e sicuri, ottimo per aziende e fornitori IT.","robots":{"index":"index","follow":"follow","max-snippet":"max-snippet:-1","max-image-preview":"max-image-preview:large","max-video-preview":"max-video-preview:-1"},"canonical":"https:\/\/www.accuratereviews.com\/it\/software-archiviazione-email\/comet-backup-recensione\/","og_locale":"it_IT","og_type":"article","og_title":"Comet Backup: recensione software archiviazione email","og_description":"Comet: recensione del software sviluppato per archiviare email e per effettuare backup veloci e sicuri, ottimo per aziende e fornitori IT.","og_url":"https:\/\/www.accuratereviews.com\/it\/software-archiviazione-email\/comet-backup-recensione\/","og_site_name":"Accurate Reviews","og_image":[{"width":200,"height":200,"url":"https:\/\/www.accuratereviews.com\/wp-content\/uploads\/2022\/05\/42426961.png","type":"image\/png"}],"twitter_card":"summary_large_image","twitter_misc":{"Tempo di lettura stimato":"3 minuti"},"schema":{"@context":"https:\/\/schema.org","@graph":[{"@type":"WebPage","@id":"https:\/\/www.accuratereviews.com\/it\/software-archiviazione-email\/comet-backup-recensione\/","url":"https:\/\/www.accuratereviews.com\/it\/software-archiviazione-email\/comet-backup-recensione\/","name":"Comet Backup: recensione software archiviazione email","isPartOf":{"@id":"https:\/\/www.accuratereviews.com\/it\/#website"},"primaryImageOfPage":{"@id":"https:\/\/www.accuratereviews.com\/it\/software-archiviazione-email\/comet-backup-recensione\/#primaryimage"},"image":{"@id":"https:\/\/www.accuratereviews.com\/it\/software-archiviazione-email\/comet-backup-recensione\/#primaryimage"},"thumbnailUrl":"https:\/\/www.accuratereviews.com\/wp-content\/uploads\/2022\/05\/42426961.png","datePublished":"2022-05-11T10:37:02+00:00","description":"Comet: recensione del software sviluppato per archiviare email e per effettuare backup veloci e sicuri, ottimo per aziende e fornitori IT.","breadcrumb":{"@id":"https:\/\/www.accuratereviews.com\/it\/software-archiviazione-email\/comet-backup-recensione\/#breadcrumb"},"inLanguage":"it-IT","potentialAction":[{"@type":"ReadAction","target":["https:\/\/www.accuratereviews.com\/it\/software-archiviazione-email\/comet-backup-recensione\/"]}]},{"@type":"ImageObject","inLanguage":"it-IT","@id":"https:\/\/www.accuratereviews.com\/it\/software-archiviazione-email\/comet-backup-recensione\/#primaryimage","url":"https:\/\/www.accuratereviews.com\/wp-content\/uploads\/2022\/05\/42426961.png","contentUrl":"https:\/\/www.accuratereviews.com\/wp-content\/uploads\/2022\/05\/42426961.png","width":200,"height":200},{"@type":"BreadcrumbList","@id":"https:\/\/www.accuratereviews.com\/it\/software-archiviazione-email\/comet-backup-recensione\/#breadcrumb","itemListElement":[{"@type":"ListItem","position":1,"name":"Home","item":"https:\/\/www.accuratereviews.com\/it\/"},{"@type":"ListItem","position":2,"name":"Software per archiviazione email","item":"https:\/\/www.accuratereviews.com\/it\/software-archiviazione-email\/"},{"@type":"ListItem","position":3,"name":"Comet Backup"}]},{"@type":"WebSite","@id":"https:\/\/www.accuratereviews.com\/it\/#website","url":"https:\/\/www.accuratereviews.com\/it\/","name":"Accurate Reviews","description":"","potentialAction":[{"@type":"SearchAction","target":{"@type":"EntryPoint","urlTemplate":"https:\/\/www.accuratereviews.com\/it\/?s={search_term_string}"},"query-input":{"@type":"PropertyValueSpecification","valueRequired":true,"valueName":"search_term_string"}}],"inLanguage":"it-IT"}]}},"_links":{"self":[{"href":"https:\/\/www.accuratereviews.com\/it\/wp-json\/wp\/v2\/pages\/57328","targetHints":{"allow":["GET"]}}],"collection":[{"href":"https:\/\/www.accuratereviews.com\/it\/wp-json\/wp\/v2\/pages"}],"about":[{"href":"https:\/\/www.accuratereviews.com\/it\/wp-json\/wp\/v2\/types\/page"}],"author":[{"embeddable":true,"href":"https:\/\/www.accuratereviews.com\/it\/wp-json\/wp\/v2\/users\/17"}],"replies":[{"embeddable":true,"href":"https:\/\/www.accuratereviews.com\/it\/wp-json\/wp\/v2\/comments?post=57328"}],"version-history":[{"count":3,"href":"https:\/\/www.accuratereviews.com\/it\/wp-json\/wp\/v2\/pages\/57328\/revisions"}],"predecessor-version":[{"id":57336,"href":"https:\/\/www.accuratereviews.com\/it\/wp-json\/wp\/v2\/pages\/57328\/revisions\/57336"}],"up":[{"embeddable":true,"href":"https:\/\/www.accuratereviews.com\/it\/wp-json\/wp\/v2\/pages\/57184"}],"wp:featuredmedia":[{"embeddable":true,"href":"https:\/\/www.accuratereviews.com\/it\/wp-json\/wp\/v2\/media\/57329"}],"wp:attachment":[{"href":"https:\/\/www.accuratereviews.com\/it\/wp-json\/wp\/v2\/media?parent=57328"}],"wp:term":[{"taxonomy":"category","embeddable":true,"href":"https:\/\/www.accuratereviews.com\/it\/wp-json\/wp\/v2\/categories?post=57328"},{"taxonomy":"post_tag","embeddable":true,"href":"https:\/\/www.accuratereviews.com\/it\/wp-json\/wp\/v2\/tags?post=57328"},{"taxonomy":"features","embeddable":true,"href":"https:\/\/www.accuratereviews.com\/it\/wp-json\/wp\/v2\/features?post=57328"}],"curies":[{"name":"wp","href":"https:\/\/api.w.org\/{rel}","templated":true}]}}