{"id":57346,"date":"2022-05-11T10:36:20","date_gmt":"2022-05-11T10:36:20","guid":{"rendered":"https:\/\/www.accuratereviews.com\/?page_id=57346"},"modified":"2022-05-11T10:36:20","modified_gmt":"2022-05-11T10:36:20","slug":"barracuda-email-security-recensione","status":"publish","type":"page","link":"https:\/\/www.accuratereviews.com\/it\/software-archiviazione-email\/barracuda-email-security-recensione\/","title":{"rendered":"Barracuda Email Security Gateway"},"content":{"rendered":"<p><strong>Barracuda Email Security Gateway<\/strong> \u00e8 una <strong>piattaforma di sicurezza email<\/strong> progettata per aiutare le aziende del settore sanitario, della vendita al dettaglio, dei servizi finanziari e di altri settori a filtrare le conversazioni in entrata o in uscita e a proteggere i dati critici da malware, attacchi di phishing e spam. Il sistema decomprime gli archivi, crittografa i messaggi e scansiona le email alla ricerca di virus attraverso pi\u00f9 livelli. Il software\u00a0supporta Advanced Encryption Standard (AES)-256 e Simple Mail Transfer Protocol (SMTP) per proteggere le conversazioni email. La piattaforma combina funzionalit\u00e0 euristiche, comportamentali e sandboxing per proteggere i dati aziendali da attacchi mirati. Le organizzazioni possono utilizzare filtri predefiniti e criteri personalizzati per bloccare o crittografare i messaggi e rilevare informazioni riservate.<\/p>\n<h2>BARRACUDA EMAIL SECURITY GATEWAY &#8211; TUTORIAL<\/h2>\n<p>Guardiamo come rilasciare un elemento dalla quarantena, come controllare i registri dei messaggi per vedere se ti manca un&#8217;email o se qualcosa \u00e8 stato bloccato e come modificare le email di notifica con questo <strong>programma di archiviazione<\/strong>:<\/p>\n<div id=\"fluid-wrapper-counter-1\" class=\"g1-fluid-wrapper \" style=\"width:686px;\">\n<div style=\"padding-bottom:56.268221574344%;\"><iframe loading=\"lazy\" title=\"Barracuda Email Security end user training Video\" width=\"686\" height=\"386\" src=\"https:\/\/www.youtube.com\/embed\/zw1g9pnRu-M?feature=oembed&amp;wmode=transparent&amp;autohide=1&amp;autoplay=0&amp;disablekb=0&amp;fs=1&amp;loop=0&amp;enablejsapi=1&amp;rel=0&amp;controls=2&amp;showinfo=0&amp;wmode=transparent&amp;autohide=2&amp;autoplay=0&amp;disablekb=0&amp;fs=1&amp;loop=0&amp;enablejsapi=1&amp;rel=0&amp;controls=2&amp;showinfo=1\" frameborder=\"0\" allow=\"accelerometer; autoplay; clipboard-write; encrypted-media; gyroscope; picture-in-picture\" allowfullscreen><\/iframe><\/div>\n<\/div>\n<h3>BARRACUDA EMAIL SECURITY GATEWAY &#8211; CARATTERISTICHE<\/h3>\n<ul>\n<li><strong>Protezione avanzata dalle minacce<\/strong>: il software combina tecnologie comportamentali, euristiche e sandboxing per proteggere da attacchi mirati. ATP. Scansiona automaticamente gli allegati email in tempo reale; gli allegati sospetti vengono trasferiti in un ambiente sandbox per osservare il comportamento<\/li>\n<li><strong>Spooling email<\/strong>: la piattaforma assicura che la posta elettronica possa essere ancora consegnata anche in caso di guasti del server o perdita di connettivit\u00e0. In caso di interruzioni in sede, l&#8217;email pu\u00f2 essere inviata in spooling nel Cloud Protection Layer (CPL) per un massimo di 96 ore. \u00c8 anche possibile specificare una destinazione alternativa se la consegna alla destinazione principale non riesce<\/li>\n<li><strong>Protezione da spam<\/strong>: con un&#8217;eredit\u00e0 di lunga data nella protezione dallo spam, la soluzione rimane il leader nell&#8217;identificazione e nel blocco dello spam. Un set completo di livelli di sicurezza garantisce che le organizzazioni rimangano produttive di fronte all&#8217;evoluzione delle minacce<\/li>\n<li><strong>Prefiltro antispam e virus<\/strong>: software\u00a0\u00a0integrato con un servizio basato su cloud che pre-filtra la posta elettronica prima della consegna Inoltre, l&#8217;infrastruttura cloud globale offre la flessibilit\u00e0 necessaria per gestire i picchi di posta elettronica durante specifici periodi della giornata e durante gli attacchi Denial of Service<\/li>\n<li><strong>Crittografia<\/strong>: il programma offre una serie di funzioni di crittografia. \u00c8 completamente integrato con un servizio di crittografia della posta elettronica basato su cloud per la posta in uscita<\/li>\n<\/ul>\n<h4>LE RECENSIONI DEGLI UTENTI<\/h4>\n<p class=\"font-weight-bold mb-2\"><strong>Sam L.&#8221;L&#8217;archiviazione dell&#8217;email BMA \u00e8 eccezionale&#8221;<\/strong><\/p>\n<p><span class=\"font-weight-bold\"><strong>Commenti<\/strong>: <\/span>Consiglierei l&#8217;archiviatore di messaggi Barracuda a chiunque abbia bisogno di salvare tutti i messaggi nella propria organizzazione. Hanno anche il mirroring del cloud per scendere dall&#8217;appliance per BC \/ DR.<\/p>\n<p class=\"font-weight-bold mb-2\"><strong>Pro<\/strong>:\u00a0Tutti i messaggi sono registrati su giornale, la deduplicazione e la compressione consentono di risparmiare spazio su disco, dashboard e opzioni<\/p>\n<p class=\"font-weight-bold mb-2\"><strong>Contro<\/strong>:\u00a0La ricerca \u00e8 lenta e i risultati non sono facili da esportare, anche il processo lento<\/p>\n<p class=\"font-weight-bold mb-2\"><strong>Dickson M.&#8221;Recensione barracuda&#8221;<\/strong><\/p>\n<p><span class=\"font-weight-bold\"><strong>Commenti<\/strong>: <\/span>la gestione delle e-mail \u00e8 sempre frenetica, soprattutto le e-mail di lavoro. a volte \u00e8 necessario fare riferimento alle e-mail precedenti e rivisitarle potrebbe richiedere anni, ma con questa applicazione i tuoi messaggi vengono archiviati correttamente e semplicemente facendo clic su un pulsante, i tuoi messaggi vengono facilmente recuperati. alcune email sono semplicemente troppo belle per essere perse (elimina)<\/p>\n<p class=\"font-weight-bold mb-2\"><strong>Pro<\/strong>:\u00a0\u00e8 molto facile da usare e puoi accedere facilmente al tuo messaggio ovunque e in qualsiasi momento, a condizione che tu disponga del gadget necessario. crea spazio nel tuo gadget<\/p>\n<p class=\"font-weight-bold mb-2\"><strong>Contro<\/strong>:\u00a0direi finora tutto bene per me per quanto riguarda l&#8217;archiviazione dei miei messaggi e non ho perso alcun messaggio ogni volta che ne ho bisogno.<\/p>\n<p class=\"font-weight-bold mb-2\"><strong>Delaney F.&#8221;Consente una facile condivisione &#8211; Buono per il contatto multi-aziendale&#8221;<\/strong><\/p>\n<p><span class=\"font-weight-bold\"><strong>Commenti<\/strong>: <\/span>Barracuda ci aiuta a garantire la sicurezza dei record dei clienti e il trasferimento delle informazioni sui clienti in modo appropriato e sicuro. Buono per il trasferimento tra imprese.<\/p>\n<p class=\"font-weight-bold mb-2\"><strong>Pro<\/strong>:\u00a0Il software \u00e8 molto semplice per creare un account e collegare account di posta elettronica gi\u00e0 esistenti. Consente una buona crittografia e un&#8217;utile condivisione di file.<\/p>\n<p class=\"font-weight-bold mb-2\"><strong>Contro<\/strong>:\u00a0L&#8217;interfaccia utente sembrava nel complesso un po&#8217; vuota, pu\u00f2 essere frustrante ricevere e-mail ripetute o avere due copie inviate alla stessa email due volte.<\/p>\n","protected":false},"excerpt":{"rendered":"<p>Barracuda Email Security Gateway \u00e8 una piattaforma di sicurezza email progettata per aiutare le aziende del settore sanitario, della vendita al dettaglio, dei servizi finanziari e di altri settori a filtrare le conversazioni in entrata o in uscita e a proteggere i dati critici da malware, attacchi di phishing e spam.<\/p>\n","protected":false},"author":16,"featured_media":57350,"parent":57184,"menu_order":0,"comment_status":"open","ping_status":"closed","template":"g1_template_page_review_new.php","meta":{"_acf_changed":false,"cwp_meta_box_check":"No","cwp_rev_product_name":"","cwp_rev_product_image":"","wppr_links":[],"cwp_rev_price":"","wppr_options":[],"wppr_pros":[],"wppr_cons":[],"_monsterinsights_skip_tracking":false,"_monsterinsights_sitenote_active":false,"_monsterinsights_sitenote_note":"","_monsterinsights_sitenote_category":0,"footnotes":""},"categories":[12566],"tags":[12587,12596,12571,12570,12568,12569],"features":[],"class_list":{"0":"post-57346","1":"page","2":"type-page","3":"status-publish","4":"has-post-thumbnail","6":"category-software-archiviazione-email-cat","7":"tag-archiviazione-email","8":"tag-barracuda-email-security-gateway","9":"tag-piattaforma-archiviazione-email","10":"tag-programma-archiviazione-email","11":"tag-software-archiviazione-email","12":"tag-soluzione-archiviazione-email"},"wppr_data":{"cwp_meta_box_check":"No"},"acf":[],"yoast_head":"<!-- This site is optimized with the Yoast SEO plugin v27.4 - https:\/\/yoast.com\/product\/yoast-seo-wordpress\/ -->\n<title>Barracuda Email Security: recensione software archiviazione email<\/title>\n<meta name=\"description\" content=\"Barracuda Email Security: recensione piattaforma di sicurezza progettata per aiutare le aziende nell&#039;archiviazione delle email.\" \/>\n<meta name=\"robots\" content=\"index, follow, max-snippet:-1, max-image-preview:large, max-video-preview:-1\" \/>\n<link rel=\"canonical\" href=\"https:\/\/www.accuratereviews.com\/it\/software-archiviazione-email\/barracuda-email-security-recensione\/\" \/>\n<meta property=\"og:locale\" content=\"it_IT\" \/>\n<meta property=\"og:type\" content=\"article\" \/>\n<meta property=\"og:title\" content=\"Barracuda Email Security: recensione software archiviazione email\" \/>\n<meta property=\"og:description\" content=\"Barracuda Email Security: recensione piattaforma di sicurezza progettata per aiutare le aziende nell&#039;archiviazione delle email.\" \/>\n<meta property=\"og:url\" content=\"https:\/\/www.accuratereviews.com\/it\/software-archiviazione-email\/barracuda-email-security-recensione\/\" \/>\n<meta property=\"og:site_name\" content=\"Accurate Reviews\" \/>\n<meta property=\"og:image\" content=\"https:\/\/www.accuratereviews.com\/wp-content\/uploads\/2022\/05\/Barracuda-Email-Security-Gateway.png\" \/>\n\t<meta property=\"og:image:width\" content=\"216\" \/>\n\t<meta property=\"og:image:height\" content=\"216\" \/>\n\t<meta property=\"og:image:type\" content=\"image\/png\" \/>\n<meta name=\"twitter:card\" content=\"summary_large_image\" \/>\n<meta name=\"twitter:label1\" content=\"Tempo di lettura stimato\" \/>\n\t<meta name=\"twitter:data1\" content=\"4 minuti\" \/>\n<script type=\"application\/ld+json\" class=\"yoast-schema-graph\">{\"@context\":\"https:\\\/\\\/schema.org\",\"@graph\":[{\"@type\":\"WebPage\",\"@id\":\"https:\\\/\\\/www.accuratereviews.com\\\/it\\\/software-archiviazione-email\\\/barracuda-email-security-recensione\\\/\",\"url\":\"https:\\\/\\\/www.accuratereviews.com\\\/it\\\/software-archiviazione-email\\\/barracuda-email-security-recensione\\\/\",\"name\":\"Barracuda Email Security: recensione software archiviazione email\",\"isPartOf\":{\"@id\":\"https:\\\/\\\/www.accuratereviews.com\\\/it\\\/#website\"},\"primaryImageOfPage\":{\"@id\":\"https:\\\/\\\/www.accuratereviews.com\\\/it\\\/software-archiviazione-email\\\/barracuda-email-security-recensione\\\/#primaryimage\"},\"image\":{\"@id\":\"https:\\\/\\\/www.accuratereviews.com\\\/it\\\/software-archiviazione-email\\\/barracuda-email-security-recensione\\\/#primaryimage\"},\"thumbnailUrl\":\"https:\\\/\\\/www.accuratereviews.com\\\/wp-content\\\/uploads\\\/2022\\\/05\\\/Barracuda-Email-Security-Gateway.png\",\"datePublished\":\"2022-05-11T10:36:20+00:00\",\"description\":\"Barracuda Email Security: recensione piattaforma di sicurezza progettata per aiutare le aziende nell'archiviazione delle email.\",\"breadcrumb\":{\"@id\":\"https:\\\/\\\/www.accuratereviews.com\\\/it\\\/software-archiviazione-email\\\/barracuda-email-security-recensione\\\/#breadcrumb\"},\"inLanguage\":\"it-IT\",\"potentialAction\":[{\"@type\":\"ReadAction\",\"target\":[\"https:\\\/\\\/www.accuratereviews.com\\\/it\\\/software-archiviazione-email\\\/barracuda-email-security-recensione\\\/\"]}]},{\"@type\":\"ImageObject\",\"inLanguage\":\"it-IT\",\"@id\":\"https:\\\/\\\/www.accuratereviews.com\\\/it\\\/software-archiviazione-email\\\/barracuda-email-security-recensione\\\/#primaryimage\",\"url\":\"https:\\\/\\\/www.accuratereviews.com\\\/wp-content\\\/uploads\\\/2022\\\/05\\\/Barracuda-Email-Security-Gateway.png\",\"contentUrl\":\"https:\\\/\\\/www.accuratereviews.com\\\/wp-content\\\/uploads\\\/2022\\\/05\\\/Barracuda-Email-Security-Gateway.png\",\"width\":216,\"height\":216},{\"@type\":\"BreadcrumbList\",\"@id\":\"https:\\\/\\\/www.accuratereviews.com\\\/it\\\/software-archiviazione-email\\\/barracuda-email-security-recensione\\\/#breadcrumb\",\"itemListElement\":[{\"@type\":\"ListItem\",\"position\":1,\"name\":\"Home\",\"item\":\"https:\\\/\\\/www.accuratereviews.com\\\/it\\\/\"},{\"@type\":\"ListItem\",\"position\":2,\"name\":\"Software per archiviazione email\",\"item\":\"https:\\\/\\\/www.accuratereviews.com\\\/it\\\/software-archiviazione-email\\\/\"},{\"@type\":\"ListItem\",\"position\":3,\"name\":\"Barracuda Email Security Gateway\"}]},{\"@type\":\"WebSite\",\"@id\":\"https:\\\/\\\/www.accuratereviews.com\\\/it\\\/#website\",\"url\":\"https:\\\/\\\/www.accuratereviews.com\\\/it\\\/\",\"name\":\"Accurate Reviews\",\"description\":\"\",\"potentialAction\":[{\"@type\":\"SearchAction\",\"target\":{\"@type\":\"EntryPoint\",\"urlTemplate\":\"https:\\\/\\\/www.accuratereviews.com\\\/it\\\/?s={search_term_string}\"},\"query-input\":{\"@type\":\"PropertyValueSpecification\",\"valueRequired\":true,\"valueName\":\"search_term_string\"}}],\"inLanguage\":\"it-IT\"}]}<\/script>\n<!-- \/ Yoast SEO plugin. -->","yoast_head_json":{"title":"Barracuda Email Security: recensione software archiviazione email","description":"Barracuda Email Security: recensione piattaforma di sicurezza progettata per aiutare le aziende nell'archiviazione delle email.","robots":{"index":"index","follow":"follow","max-snippet":"max-snippet:-1","max-image-preview":"max-image-preview:large","max-video-preview":"max-video-preview:-1"},"canonical":"https:\/\/www.accuratereviews.com\/it\/software-archiviazione-email\/barracuda-email-security-recensione\/","og_locale":"it_IT","og_type":"article","og_title":"Barracuda Email Security: recensione software archiviazione email","og_description":"Barracuda Email Security: recensione piattaforma di sicurezza progettata per aiutare le aziende nell'archiviazione delle email.","og_url":"https:\/\/www.accuratereviews.com\/it\/software-archiviazione-email\/barracuda-email-security-recensione\/","og_site_name":"Accurate Reviews","og_image":[{"width":216,"height":216,"url":"https:\/\/www.accuratereviews.com\/wp-content\/uploads\/2022\/05\/Barracuda-Email-Security-Gateway.png","type":"image\/png"}],"twitter_card":"summary_large_image","twitter_misc":{"Tempo di lettura stimato":"4 minuti"},"schema":{"@context":"https:\/\/schema.org","@graph":[{"@type":"WebPage","@id":"https:\/\/www.accuratereviews.com\/it\/software-archiviazione-email\/barracuda-email-security-recensione\/","url":"https:\/\/www.accuratereviews.com\/it\/software-archiviazione-email\/barracuda-email-security-recensione\/","name":"Barracuda Email Security: recensione software archiviazione email","isPartOf":{"@id":"https:\/\/www.accuratereviews.com\/it\/#website"},"primaryImageOfPage":{"@id":"https:\/\/www.accuratereviews.com\/it\/software-archiviazione-email\/barracuda-email-security-recensione\/#primaryimage"},"image":{"@id":"https:\/\/www.accuratereviews.com\/it\/software-archiviazione-email\/barracuda-email-security-recensione\/#primaryimage"},"thumbnailUrl":"https:\/\/www.accuratereviews.com\/wp-content\/uploads\/2022\/05\/Barracuda-Email-Security-Gateway.png","datePublished":"2022-05-11T10:36:20+00:00","description":"Barracuda Email Security: recensione piattaforma di sicurezza progettata per aiutare le aziende nell'archiviazione delle email.","breadcrumb":{"@id":"https:\/\/www.accuratereviews.com\/it\/software-archiviazione-email\/barracuda-email-security-recensione\/#breadcrumb"},"inLanguage":"it-IT","potentialAction":[{"@type":"ReadAction","target":["https:\/\/www.accuratereviews.com\/it\/software-archiviazione-email\/barracuda-email-security-recensione\/"]}]},{"@type":"ImageObject","inLanguage":"it-IT","@id":"https:\/\/www.accuratereviews.com\/it\/software-archiviazione-email\/barracuda-email-security-recensione\/#primaryimage","url":"https:\/\/www.accuratereviews.com\/wp-content\/uploads\/2022\/05\/Barracuda-Email-Security-Gateway.png","contentUrl":"https:\/\/www.accuratereviews.com\/wp-content\/uploads\/2022\/05\/Barracuda-Email-Security-Gateway.png","width":216,"height":216},{"@type":"BreadcrumbList","@id":"https:\/\/www.accuratereviews.com\/it\/software-archiviazione-email\/barracuda-email-security-recensione\/#breadcrumb","itemListElement":[{"@type":"ListItem","position":1,"name":"Home","item":"https:\/\/www.accuratereviews.com\/it\/"},{"@type":"ListItem","position":2,"name":"Software per archiviazione email","item":"https:\/\/www.accuratereviews.com\/it\/software-archiviazione-email\/"},{"@type":"ListItem","position":3,"name":"Barracuda Email Security Gateway"}]},{"@type":"WebSite","@id":"https:\/\/www.accuratereviews.com\/it\/#website","url":"https:\/\/www.accuratereviews.com\/it\/","name":"Accurate Reviews","description":"","potentialAction":[{"@type":"SearchAction","target":{"@type":"EntryPoint","urlTemplate":"https:\/\/www.accuratereviews.com\/it\/?s={search_term_string}"},"query-input":{"@type":"PropertyValueSpecification","valueRequired":true,"valueName":"search_term_string"}}],"inLanguage":"it-IT"}]}},"_links":{"self":[{"href":"https:\/\/www.accuratereviews.com\/it\/wp-json\/wp\/v2\/pages\/57346","targetHints":{"allow":["GET"]}}],"collection":[{"href":"https:\/\/www.accuratereviews.com\/it\/wp-json\/wp\/v2\/pages"}],"about":[{"href":"https:\/\/www.accuratereviews.com\/it\/wp-json\/wp\/v2\/types\/page"}],"author":[{"embeddable":true,"href":"https:\/\/www.accuratereviews.com\/it\/wp-json\/wp\/v2\/users\/16"}],"replies":[{"embeddable":true,"href":"https:\/\/www.accuratereviews.com\/it\/wp-json\/wp\/v2\/comments?post=57346"}],"version-history":[{"count":10,"href":"https:\/\/www.accuratereviews.com\/it\/wp-json\/wp\/v2\/pages\/57346\/revisions"}],"predecessor-version":[{"id":57369,"href":"https:\/\/www.accuratereviews.com\/it\/wp-json\/wp\/v2\/pages\/57346\/revisions\/57369"}],"up":[{"embeddable":true,"href":"https:\/\/www.accuratereviews.com\/it\/wp-json\/wp\/v2\/pages\/57184"}],"wp:featuredmedia":[{"embeddable":true,"href":"https:\/\/www.accuratereviews.com\/it\/wp-json\/wp\/v2\/media\/57350"}],"wp:attachment":[{"href":"https:\/\/www.accuratereviews.com\/it\/wp-json\/wp\/v2\/media?parent=57346"}],"wp:term":[{"taxonomy":"category","embeddable":true,"href":"https:\/\/www.accuratereviews.com\/it\/wp-json\/wp\/v2\/categories?post=57346"},{"taxonomy":"post_tag","embeddable":true,"href":"https:\/\/www.accuratereviews.com\/it\/wp-json\/wp\/v2\/tags?post=57346"},{"taxonomy":"features","embeddable":true,"href":"https:\/\/www.accuratereviews.com\/it\/wp-json\/wp\/v2\/features?post=57346"}],"curies":[{"name":"wp","href":"https:\/\/api.w.org\/{rel}","templated":true}]}}