{"id":5735,"date":"2015-11-13T16:21:56","date_gmt":"2015-11-13T16:21:56","guid":{"rendered":"http:\/\/www.accuratereviews.com\/it\/antivirus-la-lista-dei-migliori\/clamwin-free-antivirus\/"},"modified":"2016-11-16T15:31:01","modified_gmt":"2016-11-16T15:31:01","slug":"clamwin-free-antivirus","status":"publish","type":"page","link":"https:\/\/www.accuratereviews.com\/it\/antivirus-la-lista-dei-migliori\/clamwin-free-antivirus\/","title":{"rendered":"ClamWin Free Antivirus"},"content":{"rendered":"<p><a href=\"http:\/\/www.accuratereviews.com\/wp-content\/uploads\/2015\/11\/ClamWin-Free-Antivirus.jpg\"><img loading=\"lazy\" decoding=\"async\" class=\"alignnone size-full wp-image-2026\" src=\"http:\/\/www.accuratereviews.com\/wp-content\/uploads\/2015\/11\/ClamWin-Free-Antivirus.jpg\" alt=\"ClamWin Free Antivirus\" width=\"566\" height=\"390\" srcset=\"https:\/\/www.accuratereviews.com\/wp-content\/uploads\/2015\/11\/ClamWin-Free-Antivirus.jpg 566w, https:\/\/www.accuratereviews.com\/wp-content\/uploads\/2015\/11\/ClamWin-Free-Antivirus-300x207.jpg 300w, https:\/\/www.accuratereviews.com\/wp-content\/uploads\/2015\/11\/ClamWin-Free-Antivirus-181x125.jpg 181w, https:\/\/www.accuratereviews.com\/wp-content\/uploads\/2015\/11\/ClamWin-Free-Antivirus-50x34.jpg 50w, https:\/\/www.accuratereviews.com\/wp-content\/uploads\/2015\/11\/ClamWin-Free-Antivirus-320x220.jpg 320w, https:\/\/www.accuratereviews.com\/wp-content\/uploads\/2015\/11\/ClamWin-Free-Antivirus-239x165.jpg 239w\" sizes=\"auto, (max-width: 566px) 100vw, 566px\" \/><\/a><\/p>\n<p><strong>ClamWin \u00e8 un antivirus gratuito<\/strong> basato sul motore ClamAV e sfrutta la GNU General Public License grazie alla Free Software Foundation. \u00c8 in grado di supportare dispositivi con sistema operativo Microsoft Windows 10\/ 8 \/ 7 \/ Vista \/ XP \/ Me \/ 2000 \/ 98, Windows Server 2012, 2008 e 2003.<\/p>\n<p><strong>ClamWin Free Antivirus \u00e8 uno dei pi\u00f9 noti<\/strong> tra i sistemi di protezione gratuiti, viene utilizzato ogni giorno da pi\u00f9 di 600.000 utenti in tutto il mondo ed \u00e8 perfetto per gli utenti inesperti grazie ad un semplice installer. Probabilmente non \u00e8 il migliore disponibile, ma <strong>ClamAV assicura efficienza<\/strong>, la possibilit\u00e0 di impostare la frequenza della scansione (oraria, giornaliera, giorni feriali o settimanale), l\u2019ora e la posizione della cartella che vogliamo controllare, il download automatico degli aggiornamenti costanti effettuati al Virus Database, un\u2019<strong>alta percentuale di rilevamento di virus e spyware<\/strong>, un <strong>virus scanner standalone<\/strong> direttamente integrato nel browser e raggiungibile col tasto destro del mouse e un add-on per Microsoft Outlook in grado di rimuovere allegati \u201cinfetti\u201d in automatico. Nel men\u00f9 delle impostazioni si trovano anche <strong>strumenti dedicati per i server proxy<\/strong>, aggiornamenti Internet e report sulle scansioni effettuate.<\/p>\n<p>Parlando invece di aspetti negativi, <strong>ClamWin Free Antivirus purtroppo non fornisce protezione in tempo reale<\/strong>: \u00e8 necessario eseguire la scansione manualmente di un file per rilevare un virus o uno spyware, rimuovendo poi manualmente la minaccia. Il processo di scansione dei file \u00e8 abbastanza veloce e il software sfrutta una moderata quantit\u00e0 di risorse del computer.<\/p>\n","protected":false},"excerpt":{"rendered":"<p>ClamWin \u00e8 un antivirus gratuito basato sul motore ClamAV e sfrutta la GNU General Public License grazie alla Free Software Foundation. \u00c8 in grado di supportare dispositivi con sistema operativo Microsoft Windows 10\/ 8 \/ 7 \/ Vista \/ XP \/ Me \/ 2000 \/ 98,  Windows Server 2012, 2008 e 2003.<\/p>\n","protected":false},"author":16,"featured_media":0,"parent":5635,"menu_order":16,"comment_status":"open","ping_status":"closed","template":"g1_template_page_review_new.php","meta":{"_acf_changed":false,"cwp_meta_box_check":"Yes","cwp_rev_product_name":"","cwp_rev_product_image":"","wppr_links":[],"cwp_rev_price":"","wppr_options":[],"wppr_pros":[],"wppr_cons":[],"_monsterinsights_skip_tracking":false,"_monsterinsights_sitenote_active":false,"_monsterinsights_sitenote_note":"","_monsterinsights_sitenote_category":0,"footnotes":""},"categories":[109],"tags":[],"features":[],"class_list":{"0":"post-5735","1":"page","2":"type-page","3":"status-publish","5":"category-antivirus-software-pc-it"},"wppr_data":{"cwp_meta_box_check":"Yes","cwp_rev_product_name":"","cwp_rev_product_image":"","cwp_image_link":"image","cwp_rev_price":"","wppr_rating":"0.00"},"acf":[],"yoast_head":"<!-- This site is optimized with the Yoast SEO plugin v27.4 - https:\/\/yoast.com\/product\/yoast-seo-wordpress\/ -->\n<title>ClamWin recensione miglior antivirus | Accurate Reviews<\/title>\n<meta name=\"description\" content=\"ClamWin \u00e8 un antivirus gratuito basato sul motore ClamAV e sfrutta la GNU General Public License grazie alla Free Software Foundation.\" \/>\n<meta name=\"robots\" content=\"index, follow, max-snippet:-1, max-image-preview:large, max-video-preview:-1\" \/>\n<link rel=\"canonical\" href=\"https:\/\/www.accuratereviews.com\/it\/antivirus-la-lista-dei-migliori\/clamwin-free-antivirus\/\" \/>\n<meta property=\"og:locale\" content=\"it_IT\" \/>\n<meta property=\"og:type\" content=\"article\" \/>\n<meta property=\"og:title\" content=\"ClamWin recensione miglior antivirus | Accurate Reviews\" \/>\n<meta property=\"og:description\" content=\"ClamWin \u00e8 un antivirus gratuito basato sul motore ClamAV e sfrutta la GNU General Public License grazie alla Free Software Foundation.\" \/>\n<meta property=\"og:url\" content=\"https:\/\/www.accuratereviews.com\/it\/antivirus-la-lista-dei-migliori\/clamwin-free-antivirus\/\" \/>\n<meta property=\"og:site_name\" content=\"Accurate Reviews\" \/>\n<meta property=\"article:modified_time\" content=\"2016-11-16T15:31:01+00:00\" \/>\n<meta property=\"og:image\" content=\"http:\/\/www.accuratereviews.com\/wp-content\/uploads\/2015\/11\/ClamWin-Free-Antivirus.jpg\" \/>\n<meta name=\"twitter:card\" content=\"summary_large_image\" \/>\n<meta name=\"twitter:label1\" content=\"Tempo di lettura stimato\" \/>\n\t<meta name=\"twitter:data1\" content=\"1 minuto\" \/>\n<script type=\"application\/ld+json\" class=\"yoast-schema-graph\">{\"@context\":\"https:\\\/\\\/schema.org\",\"@graph\":[{\"@type\":\"WebPage\",\"@id\":\"https:\\\/\\\/www.accuratereviews.com\\\/it\\\/antivirus-la-lista-dei-migliori\\\/clamwin-free-antivirus\\\/\",\"url\":\"https:\\\/\\\/www.accuratereviews.com\\\/it\\\/antivirus-la-lista-dei-migliori\\\/clamwin-free-antivirus\\\/\",\"name\":\"ClamWin recensione miglior antivirus | Accurate Reviews\",\"isPartOf\":{\"@id\":\"https:\\\/\\\/www.accuratereviews.com\\\/it\\\/#website\"},\"primaryImageOfPage\":{\"@id\":\"https:\\\/\\\/www.accuratereviews.com\\\/it\\\/antivirus-la-lista-dei-migliori\\\/clamwin-free-antivirus\\\/#primaryimage\"},\"image\":{\"@id\":\"https:\\\/\\\/www.accuratereviews.com\\\/it\\\/antivirus-la-lista-dei-migliori\\\/clamwin-free-antivirus\\\/#primaryimage\"},\"thumbnailUrl\":\"http:\\\/\\\/www.accuratereviews.com\\\/wp-content\\\/uploads\\\/2015\\\/11\\\/ClamWin-Free-Antivirus.jpg\",\"datePublished\":\"2015-11-13T16:21:56+00:00\",\"dateModified\":\"2016-11-16T15:31:01+00:00\",\"description\":\"ClamWin \u00e8 un antivirus gratuito basato sul motore ClamAV e sfrutta la GNU General Public License grazie alla Free Software Foundation.\",\"breadcrumb\":{\"@id\":\"https:\\\/\\\/www.accuratereviews.com\\\/it\\\/antivirus-la-lista-dei-migliori\\\/clamwin-free-antivirus\\\/#breadcrumb\"},\"inLanguage\":\"it-IT\",\"potentialAction\":[{\"@type\":\"ReadAction\",\"target\":[\"https:\\\/\\\/www.accuratereviews.com\\\/it\\\/antivirus-la-lista-dei-migliori\\\/clamwin-free-antivirus\\\/\"]}]},{\"@type\":\"ImageObject\",\"inLanguage\":\"it-IT\",\"@id\":\"https:\\\/\\\/www.accuratereviews.com\\\/it\\\/antivirus-la-lista-dei-migliori\\\/clamwin-free-antivirus\\\/#primaryimage\",\"url\":\"http:\\\/\\\/www.accuratereviews.com\\\/wp-content\\\/uploads\\\/2015\\\/11\\\/ClamWin-Free-Antivirus.jpg\",\"contentUrl\":\"http:\\\/\\\/www.accuratereviews.com\\\/wp-content\\\/uploads\\\/2015\\\/11\\\/ClamWin-Free-Antivirus.jpg\"},{\"@type\":\"BreadcrumbList\",\"@id\":\"https:\\\/\\\/www.accuratereviews.com\\\/it\\\/antivirus-la-lista-dei-migliori\\\/clamwin-free-antivirus\\\/#breadcrumb\",\"itemListElement\":[{\"@type\":\"ListItem\",\"position\":1,\"name\":\"Home\",\"item\":\"https:\\\/\\\/www.accuratereviews.com\\\/it\\\/\"},{\"@type\":\"ListItem\",\"position\":2,\"name\":\"Antivirus: i Migliori Antivirus per PC\",\"item\":\"https:\\\/\\\/www.accuratereviews.com\\\/it\\\/antivirus-la-lista-dei-migliori\\\/\"},{\"@type\":\"ListItem\",\"position\":3,\"name\":\"ClamWin Free Antivirus\"}]},{\"@type\":\"WebSite\",\"@id\":\"https:\\\/\\\/www.accuratereviews.com\\\/it\\\/#website\",\"url\":\"https:\\\/\\\/www.accuratereviews.com\\\/it\\\/\",\"name\":\"Accurate Reviews\",\"description\":\"\",\"potentialAction\":[{\"@type\":\"SearchAction\",\"target\":{\"@type\":\"EntryPoint\",\"urlTemplate\":\"https:\\\/\\\/www.accuratereviews.com\\\/it\\\/?s={search_term_string}\"},\"query-input\":{\"@type\":\"PropertyValueSpecification\",\"valueRequired\":true,\"valueName\":\"search_term_string\"}}],\"inLanguage\":\"it-IT\"}]}<\/script>\n<!-- \/ Yoast SEO plugin. -->","yoast_head_json":{"title":"ClamWin recensione miglior antivirus | Accurate Reviews","description":"ClamWin \u00e8 un antivirus gratuito basato sul motore ClamAV e sfrutta la GNU General Public License grazie alla Free Software Foundation.","robots":{"index":"index","follow":"follow","max-snippet":"max-snippet:-1","max-image-preview":"max-image-preview:large","max-video-preview":"max-video-preview:-1"},"canonical":"https:\/\/www.accuratereviews.com\/it\/antivirus-la-lista-dei-migliori\/clamwin-free-antivirus\/","og_locale":"it_IT","og_type":"article","og_title":"ClamWin recensione miglior antivirus | Accurate Reviews","og_description":"ClamWin \u00e8 un antivirus gratuito basato sul motore ClamAV e sfrutta la GNU General Public License grazie alla Free Software Foundation.","og_url":"https:\/\/www.accuratereviews.com\/it\/antivirus-la-lista-dei-migliori\/clamwin-free-antivirus\/","og_site_name":"Accurate Reviews","article_modified_time":"2016-11-16T15:31:01+00:00","og_image":[{"url":"http:\/\/www.accuratereviews.com\/wp-content\/uploads\/2015\/11\/ClamWin-Free-Antivirus.jpg","type":"","width":"","height":""}],"twitter_card":"summary_large_image","twitter_misc":{"Tempo di lettura stimato":"1 minuto"},"schema":{"@context":"https:\/\/schema.org","@graph":[{"@type":"WebPage","@id":"https:\/\/www.accuratereviews.com\/it\/antivirus-la-lista-dei-migliori\/clamwin-free-antivirus\/","url":"https:\/\/www.accuratereviews.com\/it\/antivirus-la-lista-dei-migliori\/clamwin-free-antivirus\/","name":"ClamWin recensione miglior antivirus | Accurate Reviews","isPartOf":{"@id":"https:\/\/www.accuratereviews.com\/it\/#website"},"primaryImageOfPage":{"@id":"https:\/\/www.accuratereviews.com\/it\/antivirus-la-lista-dei-migliori\/clamwin-free-antivirus\/#primaryimage"},"image":{"@id":"https:\/\/www.accuratereviews.com\/it\/antivirus-la-lista-dei-migliori\/clamwin-free-antivirus\/#primaryimage"},"thumbnailUrl":"http:\/\/www.accuratereviews.com\/wp-content\/uploads\/2015\/11\/ClamWin-Free-Antivirus.jpg","datePublished":"2015-11-13T16:21:56+00:00","dateModified":"2016-11-16T15:31:01+00:00","description":"ClamWin \u00e8 un antivirus gratuito basato sul motore ClamAV e sfrutta la GNU General Public License grazie alla Free Software Foundation.","breadcrumb":{"@id":"https:\/\/www.accuratereviews.com\/it\/antivirus-la-lista-dei-migliori\/clamwin-free-antivirus\/#breadcrumb"},"inLanguage":"it-IT","potentialAction":[{"@type":"ReadAction","target":["https:\/\/www.accuratereviews.com\/it\/antivirus-la-lista-dei-migliori\/clamwin-free-antivirus\/"]}]},{"@type":"ImageObject","inLanguage":"it-IT","@id":"https:\/\/www.accuratereviews.com\/it\/antivirus-la-lista-dei-migliori\/clamwin-free-antivirus\/#primaryimage","url":"http:\/\/www.accuratereviews.com\/wp-content\/uploads\/2015\/11\/ClamWin-Free-Antivirus.jpg","contentUrl":"http:\/\/www.accuratereviews.com\/wp-content\/uploads\/2015\/11\/ClamWin-Free-Antivirus.jpg"},{"@type":"BreadcrumbList","@id":"https:\/\/www.accuratereviews.com\/it\/antivirus-la-lista-dei-migliori\/clamwin-free-antivirus\/#breadcrumb","itemListElement":[{"@type":"ListItem","position":1,"name":"Home","item":"https:\/\/www.accuratereviews.com\/it\/"},{"@type":"ListItem","position":2,"name":"Antivirus: i Migliori Antivirus per PC","item":"https:\/\/www.accuratereviews.com\/it\/antivirus-la-lista-dei-migliori\/"},{"@type":"ListItem","position":3,"name":"ClamWin Free Antivirus"}]},{"@type":"WebSite","@id":"https:\/\/www.accuratereviews.com\/it\/#website","url":"https:\/\/www.accuratereviews.com\/it\/","name":"Accurate Reviews","description":"","potentialAction":[{"@type":"SearchAction","target":{"@type":"EntryPoint","urlTemplate":"https:\/\/www.accuratereviews.com\/it\/?s={search_term_string}"},"query-input":{"@type":"PropertyValueSpecification","valueRequired":true,"valueName":"search_term_string"}}],"inLanguage":"it-IT"}]}},"_links":{"self":[{"href":"https:\/\/www.accuratereviews.com\/it\/wp-json\/wp\/v2\/pages\/5735","targetHints":{"allow":["GET"]}}],"collection":[{"href":"https:\/\/www.accuratereviews.com\/it\/wp-json\/wp\/v2\/pages"}],"about":[{"href":"https:\/\/www.accuratereviews.com\/it\/wp-json\/wp\/v2\/types\/page"}],"author":[{"embeddable":true,"href":"https:\/\/www.accuratereviews.com\/it\/wp-json\/wp\/v2\/users\/16"}],"replies":[{"embeddable":true,"href":"https:\/\/www.accuratereviews.com\/it\/wp-json\/wp\/v2\/comments?post=5735"}],"version-history":[{"count":4,"href":"https:\/\/www.accuratereviews.com\/it\/wp-json\/wp\/v2\/pages\/5735\/revisions"}],"predecessor-version":[{"id":6443,"href":"https:\/\/www.accuratereviews.com\/it\/wp-json\/wp\/v2\/pages\/5735\/revisions\/6443"}],"up":[{"embeddable":true,"href":"https:\/\/www.accuratereviews.com\/it\/wp-json\/wp\/v2\/pages\/5635"}],"wp:attachment":[{"href":"https:\/\/www.accuratereviews.com\/it\/wp-json\/wp\/v2\/media?parent=5735"}],"wp:term":[{"taxonomy":"category","embeddable":true,"href":"https:\/\/www.accuratereviews.com\/it\/wp-json\/wp\/v2\/categories?post=5735"},{"taxonomy":"post_tag","embeddable":true,"href":"https:\/\/www.accuratereviews.com\/it\/wp-json\/wp\/v2\/tags?post=5735"},{"taxonomy":"features","embeddable":true,"href":"https:\/\/www.accuratereviews.com\/it\/wp-json\/wp\/v2\/features?post=5735"}],"curies":[{"name":"wp","href":"https:\/\/api.w.org\/{rel}","templated":true}]}}