{"id":57490,"date":"2022-05-16T10:43:36","date_gmt":"2022-05-16T10:43:36","guid":{"rendered":"https:\/\/www.accuratereviews.com\/?page_id=57490"},"modified":"2022-05-17T06:03:11","modified_gmt":"2022-05-17T06:03:11","slug":"smash-recensione","status":"publish","type":"page","link":"https:\/\/www.accuratereviews.com\/it\/software-archiviazione-email\/smash-recensione\/","title":{"rendered":"Smash"},"content":{"rendered":"<p><strong>Smarsh<\/strong> \u00e8 una <strong>suite di soluzioni di archiviazione e gestione della conformit\u00e0<\/strong> progettata per aiutare le organizzazioni governative e le aziende nei servizi finanziari, nell&#8217;edilizia, nel settore immobiliare, nella produzione, nella vendita al dettaglio e in altri settori a semplificare i processi relativi all&#8217;email marketing, alla migrazione dei dati, all&#8217;acquisizione di contenuti e altro ancora. Consente ai professionisti di rivedere e cercare canali di comunicazione elettronica tra cui email, messaggi di testo, messaggi vocali e piattaforme di social media.\u00a0Le caratteristiche principali includono auditing basato sull&#8217;utente, reporting, riconciliazione dei dati, audit trail e dashboard personalizzabili. Il sistema acquisisce le comunicazioni sotto forma di conversazioni in thread, che contengono metadati come modifiche, commenti, allegati, risposte e altro ancora. Inoltre, gli amministratori possono configurare le code di escalation per identificare e rispondere ai messaggi in base ai requisiti.<a href=\"https:\/\/www.accuratereviews.com\/wp-content\/uploads\/2022\/05\/Schermata-2022-05-16-alle-11.12.51.png\"><img loading=\"lazy\" decoding=\"async\" class=\"wp-image-57510 size-large aligncenter\" src=\"https:\/\/www.accuratereviews.com\/wp-content\/uploads\/2022\/05\/Schermata-2022-05-16-alle-11.12.51-1024x895.png\" alt=\"\" width=\"686\" height=\"600\" srcset=\"https:\/\/www.accuratereviews.com\/wp-content\/uploads\/2022\/05\/Schermata-2022-05-16-alle-11.12.51-1024x895.png 1024w, https:\/\/www.accuratereviews.com\/wp-content\/uploads\/2022\/05\/Schermata-2022-05-16-alle-11.12.51-300x262.png 300w, https:\/\/www.accuratereviews.com\/wp-content\/uploads\/2022\/05\/Schermata-2022-05-16-alle-11.12.51-768x671.png 768w, https:\/\/www.accuratereviews.com\/wp-content\/uploads\/2022\/05\/Schermata-2022-05-16-alle-11.12.51-143x125.png 143w, https:\/\/www.accuratereviews.com\/wp-content\/uploads\/2022\/05\/Schermata-2022-05-16-alle-11.12.51-50x44.png 50w, https:\/\/www.accuratereviews.com\/wp-content\/uploads\/2022\/05\/Schermata-2022-05-16-alle-11.12.51-968x846.png 968w, https:\/\/www.accuratereviews.com\/wp-content\/uploads\/2022\/05\/Schermata-2022-05-16-alle-11.12.51-636x556.png 636w, https:\/\/www.accuratereviews.com\/wp-content\/uploads\/2022\/05\/Schermata-2022-05-16-alle-11.12.51-320x280.png 320w, https:\/\/www.accuratereviews.com\/wp-content\/uploads\/2022\/05\/Schermata-2022-05-16-alle-11.12.51-239x209.png 239w, https:\/\/www.accuratereviews.com\/wp-content\/uploads\/2022\/05\/Schermata-2022-05-16-alle-11.12.51.png 1238w\" sizes=\"auto, (max-width: 686px) 100vw, 686px\" \/><\/a><\/p>\n<h2>SMARSH &#8211; CARATTERISTICHE<\/h2>\n<ul>\n<li>Trattamento prioritario dei trasferimenti<\/li>\n<li>Periodo di disponibilit\u00e0 del trasferimento<\/li>\n<li>Gestore dei trasferimenti<\/li>\n<li>Monitoraggio in tempo reale di trasferimenti e download<\/li>\n<li>Personalizzazione del marchio (URL, logo e sfondo)<\/li>\n<li>Pop-in promozionali (pulsante immagine\/video e CTA)<\/li>\n<li>Strumenti avanzati di amministrazione e configurazione<\/li>\n<li>Assistenza email prioritaria<\/li>\n<li>SSO basato su SAML<\/li>\n<li>Condividi via email o collegamento<\/li>\n<li>Personalizzazione dei collegamenti di trasferimento file<\/li>\n<li>Anteprima file (immagini, video e audio)<\/li>\n<li>Email di conferma del trasferimento<\/li>\n<li>Scarica l&#8217;email di conferma<\/li>\n<li>Report di apertura e download del trasferimento<\/li>\n<li>Pagina di download del trasferimento (logo e sfondo)<\/li>\n<li>Gestione dei trasferimenti<\/li>\n<li>Amministrazione multi-team<\/li>\n<li>Gestione utenti<\/li>\n<li>Protezione con password per i trasferimenti<\/li>\n<li>Gestione ruoli\/permessi<\/li>\n<li>Audit di sicurezza<\/li>\n<li>Gestione del gruppo<\/li>\n<\/ul>\n<h3>LE RECENSIONI DEGLI UTENTI<\/h3>\n<p class=\"h5 font-weight-bold\"><strong>Johon D:&#8221;Non sprecare soldi e sanit\u00e0 mentale&#8221;<\/strong><\/p>\n<p><span class=\"font-weight-bold\"><strong>Commenti<\/strong>: <\/span>La mia organizzazione (un ente governativo) ha acquistato Smarsh per aiutare a gestire il nostro archivio di posta elettronica e per consentirci di cercare e compilare facilmente email per richieste di documenti pubblici e controversie. L&#8217;uso di Smarsh \u00e8 stato un esercizio di costante frustrazione. Otterrai un&#8217;ottima presentazione di vendita, ma preparati a messaggi di errore quasi costanti quando provi a completare le attivit\u00e0 pi\u00f9 semplici, come la ricerca di email, lo spostamento di email in un &#8220;caso&#8221; e l&#8217;esportazione. Non solo una volta ogni tanto&#8230; forse il 25% delle volte in una buona giornata, il 90% delle volte in una brutta giornata. E Smarsh ha molte brutte giornate. Il servizio clienti \u00e8 una barzelletta. Una persona gentile risponde e ti dice di riprovare pi\u00f9 tardi. Ma non ho trovato un&#8217;ora del giorno (e ho provato la mattina presto e la sera tardi) in cui lo Smarsh funziona notevolmente meglio rispetto ad altre volte. Smarsh ha almeno una mezza dozzina di schermate di errore e popup diversi, il che \u00e8 molto significativo. Acquisterai familiarit\u00e0 con tutti loro.<\/p>\n<p class=\"font-weight-bold mb-2\"><strong>Pro<\/strong>:\u00a0La funzione di archiviazione sembra funzionare in modo affidabile. L&#8217;interfaccia utente \u00e8 intuitiva e ben progettata.<\/p>\n<p class=\"font-weight-bold mb-2\"><strong>Contro<\/strong>:\u00a0La ricerca, l&#8217;ordinamento e l&#8217;esportazione di email dall&#8217;archivio sono estremamente inaffidabili e difettosi.<\/p>\n<h5 class=\"font-weight-bold mb-2\">David L.&#8221;La peggiore esperienza di qualsiasi fornitore&#8221;<\/h5>\n<p><span class=\"font-weight-bold\"><strong>Commenti<\/strong>: <\/span>Imparare a non usarli mai pi\u00f9 a qualsiasi titolo. Il loro prodotto \u00e8 cos\u00ec pessimo, voglio assicurarmi che gli altri imparino dalla nostra esperienza.<\/p>\n<p class=\"font-weight-bold mb-2\">Contro:\u00a0Ci siamo registrati ai servizi di archiviazione email di Smarsh a un piccolo prezzo al mese per utente. Questo \u00e8 considerato costoso, ma volevamo un buon servizio. Avevamo circa 26 utenti, quindi Smarsh avrebbe dovuto farci pagare mensilmente. \u00c8 iniziato bene e ci \u00e8 stato addebitato questo importo, ma lentamente, dopo i primi mesi, Smarsh ha iniziato ad addebitare altri servizi. Questi servizi NON sono stati concordati in nessun momento e non erano nel nostro contratto. L&#8217;importo mensile \u00e8 salito a dismisura fino a quasi triplicare il prezzo originale. Si noti che non abbiamo mai richiesto alcuna modifica, alcun servizio aggiuntivo. Smarsh da solo e, nonostante il contratto, ha iniziato a caricare di pi\u00f9. Alla tariffa mensile originale, Smarsh era gi\u00e0 una delle opzioni pi\u00f9 costose per l&#8217;archiviazione, ma a una tariffa mensile tre volte superiore a quella originale, era come addebitare una cifra incredibile per un cono gelato. Abbiamo risolto il nostro contratto e iniziato con un altro fornitore. Smarsh a quel tempo aveva ancora le nostre email archiviate. Erano disposti a darceli solo dietro pagamento di un riscatto. Non c&#8217;era nulla nel nostro contratto su una commissione per ricevere le nostre email una volta terminata la nostra relazione con Smarsh. Avremmo potuto scaricare quelle e-mail da loro tramite FTP senza alcun costo per loro (che \u00e8 il modo in cui la maggior parte delle aziende in questo spazio lo fa). Anche spedirceli su un&#8217;unit\u00e0 esterna non sarebbe costato pi\u00f9 di qualche centinaio di dollari. Anche altri problemi, ma non posso scoraggiarti abbastanza dall&#8217;usare Smarsh. Evita a tutti i costi a meno che tu non voglia pagare pi\u00f9 del dovuto per servizi scadenti, supporto e che i tuoi contenuti siano tenuti in ostaggio.<\/p>\n","protected":false},"excerpt":{"rendered":"<p>Smarsh \u00e8 una suite di soluzioni di archiviazione e gestione della conformit\u00e0 progettata per aiutare le organizzazioni governative e le aziende nei servizi finanziari, nell&#8217;edilizia, nel settore immobiliare, nella produzione, nella vendita al dettaglio e in altri settori a semplificare i processi relativi all&#8217;email marketing, alla migrazione dei dati, all&#8217;acquisizione di contenuti e altro ancora.<\/p>\n","protected":false},"author":16,"featured_media":57491,"parent":57184,"menu_order":0,"comment_status":"open","ping_status":"closed","template":"g1_template_page_review_new.php","meta":{"_acf_changed":false,"cwp_meta_box_check":"No","cwp_rev_product_name":"","cwp_rev_product_image":"","wppr_links":[],"cwp_rev_price":"","wppr_options":[],"wppr_pros":[],"wppr_cons":[],"_monsterinsights_skip_tracking":false,"_monsterinsights_sitenote_active":false,"_monsterinsights_sitenote_note":"","_monsterinsights_sitenote_category":0,"footnotes":""},"categories":[12566],"tags":[12587,12571,12570,12611,12568,12569],"features":[],"class_list":{"0":"post-57490","1":"page","2":"type-page","3":"status-publish","4":"has-post-thumbnail","6":"category-software-archiviazione-email-cat","7":"tag-archiviazione-email","8":"tag-piattaforma-archiviazione-email","9":"tag-programma-archiviazione-email","10":"tag-smarsh","11":"tag-software-archiviazione-email","12":"tag-soluzione-archiviazione-email"},"wppr_data":{"cwp_meta_box_check":"No"},"acf":[],"yoast_head":"<!-- This site is optimized with the Yoast SEO plugin v27.4 - https:\/\/yoast.com\/product\/yoast-seo-wordpress\/ -->\n<title>Smash: recensione software archiviazione email - Accurate Reviews<\/title>\n<meta name=\"description\" content=\"Smash: recensione suite di soluzioni di archiviazione e gestione della conformit\u00e0 progettata per la migrazione di dati e acquisizione contenuti.\" \/>\n<meta name=\"robots\" content=\"index, follow, max-snippet:-1, max-image-preview:large, max-video-preview:-1\" \/>\n<link rel=\"canonical\" href=\"https:\/\/www.accuratereviews.com\/it\/software-archiviazione-email\/smash-recensione\/\" \/>\n<meta property=\"og:locale\" content=\"it_IT\" \/>\n<meta property=\"og:type\" content=\"article\" \/>\n<meta property=\"og:title\" content=\"Smash: recensione software archiviazione email - Accurate Reviews\" \/>\n<meta property=\"og:description\" content=\"Smash: recensione suite di soluzioni di archiviazione e gestione della conformit\u00e0 progettata per la migrazione di dati e acquisizione contenuti.\" \/>\n<meta property=\"og:url\" content=\"https:\/\/www.accuratereviews.com\/it\/software-archiviazione-email\/smash-recensione\/\" \/>\n<meta property=\"og:site_name\" content=\"Accurate Reviews\" \/>\n<meta property=\"article:modified_time\" content=\"2022-05-17T06:03:11+00:00\" \/>\n<meta property=\"og:image\" content=\"https:\/\/www.accuratereviews.com\/wp-content\/uploads\/2022\/05\/Smash.png\" \/>\n\t<meta property=\"og:image:width\" content=\"1200\" \/>\n\t<meta property=\"og:image:height\" content=\"630\" \/>\n\t<meta property=\"og:image:type\" content=\"image\/png\" \/>\n<meta name=\"twitter:card\" content=\"summary_large_image\" \/>\n<meta name=\"twitter:label1\" content=\"Tempo di lettura stimato\" \/>\n\t<meta name=\"twitter:data1\" content=\"5 minuti\" \/>\n<script type=\"application\/ld+json\" class=\"yoast-schema-graph\">{\"@context\":\"https:\\\/\\\/schema.org\",\"@graph\":[{\"@type\":\"WebPage\",\"@id\":\"https:\\\/\\\/www.accuratereviews.com\\\/it\\\/software-archiviazione-email\\\/smash-recensione\\\/\",\"url\":\"https:\\\/\\\/www.accuratereviews.com\\\/it\\\/software-archiviazione-email\\\/smash-recensione\\\/\",\"name\":\"Smash: recensione software archiviazione email - Accurate Reviews\",\"isPartOf\":{\"@id\":\"https:\\\/\\\/www.accuratereviews.com\\\/it\\\/#website\"},\"primaryImageOfPage\":{\"@id\":\"https:\\\/\\\/www.accuratereviews.com\\\/it\\\/software-archiviazione-email\\\/smash-recensione\\\/#primaryimage\"},\"image\":{\"@id\":\"https:\\\/\\\/www.accuratereviews.com\\\/it\\\/software-archiviazione-email\\\/smash-recensione\\\/#primaryimage\"},\"thumbnailUrl\":\"https:\\\/\\\/www.accuratereviews.com\\\/wp-content\\\/uploads\\\/2022\\\/05\\\/Smash.png\",\"datePublished\":\"2022-05-16T10:43:36+00:00\",\"dateModified\":\"2022-05-17T06:03:11+00:00\",\"description\":\"Smash: recensione suite di soluzioni di archiviazione e gestione della conformit\u00e0 progettata per la migrazione di dati e acquisizione contenuti.\",\"breadcrumb\":{\"@id\":\"https:\\\/\\\/www.accuratereviews.com\\\/it\\\/software-archiviazione-email\\\/smash-recensione\\\/#breadcrumb\"},\"inLanguage\":\"it-IT\",\"potentialAction\":[{\"@type\":\"ReadAction\",\"target\":[\"https:\\\/\\\/www.accuratereviews.com\\\/it\\\/software-archiviazione-email\\\/smash-recensione\\\/\"]}]},{\"@type\":\"ImageObject\",\"inLanguage\":\"it-IT\",\"@id\":\"https:\\\/\\\/www.accuratereviews.com\\\/it\\\/software-archiviazione-email\\\/smash-recensione\\\/#primaryimage\",\"url\":\"https:\\\/\\\/www.accuratereviews.com\\\/wp-content\\\/uploads\\\/2022\\\/05\\\/Smash.png\",\"contentUrl\":\"https:\\\/\\\/www.accuratereviews.com\\\/wp-content\\\/uploads\\\/2022\\\/05\\\/Smash.png\",\"width\":1200,\"height\":630},{\"@type\":\"BreadcrumbList\",\"@id\":\"https:\\\/\\\/www.accuratereviews.com\\\/it\\\/software-archiviazione-email\\\/smash-recensione\\\/#breadcrumb\",\"itemListElement\":[{\"@type\":\"ListItem\",\"position\":1,\"name\":\"Home\",\"item\":\"https:\\\/\\\/www.accuratereviews.com\\\/it\\\/\"},{\"@type\":\"ListItem\",\"position\":2,\"name\":\"Software per archiviazione email\",\"item\":\"https:\\\/\\\/www.accuratereviews.com\\\/it\\\/software-archiviazione-email\\\/\"},{\"@type\":\"ListItem\",\"position\":3,\"name\":\"Smash\"}]},{\"@type\":\"WebSite\",\"@id\":\"https:\\\/\\\/www.accuratereviews.com\\\/it\\\/#website\",\"url\":\"https:\\\/\\\/www.accuratereviews.com\\\/it\\\/\",\"name\":\"Accurate Reviews\",\"description\":\"\",\"potentialAction\":[{\"@type\":\"SearchAction\",\"target\":{\"@type\":\"EntryPoint\",\"urlTemplate\":\"https:\\\/\\\/www.accuratereviews.com\\\/it\\\/?s={search_term_string}\"},\"query-input\":{\"@type\":\"PropertyValueSpecification\",\"valueRequired\":true,\"valueName\":\"search_term_string\"}}],\"inLanguage\":\"it-IT\"}]}<\/script>\n<!-- \/ Yoast SEO plugin. -->","yoast_head_json":{"title":"Smash: recensione software archiviazione email - Accurate Reviews","description":"Smash: recensione suite di soluzioni di archiviazione e gestione della conformit\u00e0 progettata per la migrazione di dati e acquisizione contenuti.","robots":{"index":"index","follow":"follow","max-snippet":"max-snippet:-1","max-image-preview":"max-image-preview:large","max-video-preview":"max-video-preview:-1"},"canonical":"https:\/\/www.accuratereviews.com\/it\/software-archiviazione-email\/smash-recensione\/","og_locale":"it_IT","og_type":"article","og_title":"Smash: recensione software archiviazione email - Accurate Reviews","og_description":"Smash: recensione suite di soluzioni di archiviazione e gestione della conformit\u00e0 progettata per la migrazione di dati e acquisizione contenuti.","og_url":"https:\/\/www.accuratereviews.com\/it\/software-archiviazione-email\/smash-recensione\/","og_site_name":"Accurate Reviews","article_modified_time":"2022-05-17T06:03:11+00:00","og_image":[{"width":1200,"height":630,"url":"https:\/\/www.accuratereviews.com\/wp-content\/uploads\/2022\/05\/Smash.png","type":"image\/png"}],"twitter_card":"summary_large_image","twitter_misc":{"Tempo di lettura stimato":"5 minuti"},"schema":{"@context":"https:\/\/schema.org","@graph":[{"@type":"WebPage","@id":"https:\/\/www.accuratereviews.com\/it\/software-archiviazione-email\/smash-recensione\/","url":"https:\/\/www.accuratereviews.com\/it\/software-archiviazione-email\/smash-recensione\/","name":"Smash: recensione software archiviazione email - Accurate Reviews","isPartOf":{"@id":"https:\/\/www.accuratereviews.com\/it\/#website"},"primaryImageOfPage":{"@id":"https:\/\/www.accuratereviews.com\/it\/software-archiviazione-email\/smash-recensione\/#primaryimage"},"image":{"@id":"https:\/\/www.accuratereviews.com\/it\/software-archiviazione-email\/smash-recensione\/#primaryimage"},"thumbnailUrl":"https:\/\/www.accuratereviews.com\/wp-content\/uploads\/2022\/05\/Smash.png","datePublished":"2022-05-16T10:43:36+00:00","dateModified":"2022-05-17T06:03:11+00:00","description":"Smash: recensione suite di soluzioni di archiviazione e gestione della conformit\u00e0 progettata per la migrazione di dati e acquisizione contenuti.","breadcrumb":{"@id":"https:\/\/www.accuratereviews.com\/it\/software-archiviazione-email\/smash-recensione\/#breadcrumb"},"inLanguage":"it-IT","potentialAction":[{"@type":"ReadAction","target":["https:\/\/www.accuratereviews.com\/it\/software-archiviazione-email\/smash-recensione\/"]}]},{"@type":"ImageObject","inLanguage":"it-IT","@id":"https:\/\/www.accuratereviews.com\/it\/software-archiviazione-email\/smash-recensione\/#primaryimage","url":"https:\/\/www.accuratereviews.com\/wp-content\/uploads\/2022\/05\/Smash.png","contentUrl":"https:\/\/www.accuratereviews.com\/wp-content\/uploads\/2022\/05\/Smash.png","width":1200,"height":630},{"@type":"BreadcrumbList","@id":"https:\/\/www.accuratereviews.com\/it\/software-archiviazione-email\/smash-recensione\/#breadcrumb","itemListElement":[{"@type":"ListItem","position":1,"name":"Home","item":"https:\/\/www.accuratereviews.com\/it\/"},{"@type":"ListItem","position":2,"name":"Software per archiviazione email","item":"https:\/\/www.accuratereviews.com\/it\/software-archiviazione-email\/"},{"@type":"ListItem","position":3,"name":"Smash"}]},{"@type":"WebSite","@id":"https:\/\/www.accuratereviews.com\/it\/#website","url":"https:\/\/www.accuratereviews.com\/it\/","name":"Accurate Reviews","description":"","potentialAction":[{"@type":"SearchAction","target":{"@type":"EntryPoint","urlTemplate":"https:\/\/www.accuratereviews.com\/it\/?s={search_term_string}"},"query-input":{"@type":"PropertyValueSpecification","valueRequired":true,"valueName":"search_term_string"}}],"inLanguage":"it-IT"}]}},"_links":{"self":[{"href":"https:\/\/www.accuratereviews.com\/it\/wp-json\/wp\/v2\/pages\/57490","targetHints":{"allow":["GET"]}}],"collection":[{"href":"https:\/\/www.accuratereviews.com\/it\/wp-json\/wp\/v2\/pages"}],"about":[{"href":"https:\/\/www.accuratereviews.com\/it\/wp-json\/wp\/v2\/types\/page"}],"author":[{"embeddable":true,"href":"https:\/\/www.accuratereviews.com\/it\/wp-json\/wp\/v2\/users\/16"}],"replies":[{"embeddable":true,"href":"https:\/\/www.accuratereviews.com\/it\/wp-json\/wp\/v2\/comments?post=57490"}],"version-history":[{"count":6,"href":"https:\/\/www.accuratereviews.com\/it\/wp-json\/wp\/v2\/pages\/57490\/revisions"}],"predecessor-version":[{"id":57520,"href":"https:\/\/www.accuratereviews.com\/it\/wp-json\/wp\/v2\/pages\/57490\/revisions\/57520"}],"up":[{"embeddable":true,"href":"https:\/\/www.accuratereviews.com\/it\/wp-json\/wp\/v2\/pages\/57184"}],"wp:featuredmedia":[{"embeddable":true,"href":"https:\/\/www.accuratereviews.com\/it\/wp-json\/wp\/v2\/media\/57491"}],"wp:attachment":[{"href":"https:\/\/www.accuratereviews.com\/it\/wp-json\/wp\/v2\/media?parent=57490"}],"wp:term":[{"taxonomy":"category","embeddable":true,"href":"https:\/\/www.accuratereviews.com\/it\/wp-json\/wp\/v2\/categories?post=57490"},{"taxonomy":"post_tag","embeddable":true,"href":"https:\/\/www.accuratereviews.com\/it\/wp-json\/wp\/v2\/tags?post=57490"},{"taxonomy":"features","embeddable":true,"href":"https:\/\/www.accuratereviews.com\/it\/wp-json\/wp\/v2\/features?post=57490"}],"curies":[{"name":"wp","href":"https:\/\/api.w.org\/{rel}","templated":true}]}}