{"id":57498,"date":"2022-05-16T10:45:14","date_gmt":"2022-05-16T10:45:14","guid":{"rendered":"https:\/\/www.accuratereviews.com\/?page_id=57498"},"modified":"2022-05-16T15:31:49","modified_gmt":"2022-05-16T15:31:49","slug":"enterprise-file-archive-recensione","status":"publish","type":"page","link":"https:\/\/www.accuratereviews.com\/it\/software-archiviazione-email\/enterprise-file-archive-recensione\/","title":{"rendered":"Enterprise File Archive"},"content":{"rendered":"<p><strong>Enterprise File Archive,<\/strong> di <strong>MessageSolution<\/strong>, \u00e8 una <strong>soluzione automatizzata<\/strong> che aiuta le aziende di tutte le dimensioni a gestire il rilevamento elettronico e l&#8217;archiviazione di file, in conformit\u00e0 con le normative GDPR. La piattaforma consente agli utenti di semplificare l&#8217;eDiscovery su pi\u00f9 sistemi di file ed email, servendo a ottimizzare la conservazione, il ripristino, il backup dei dati e altro ancora.\u00a0Le funzionalit\u00e0 di Enterprise File Archive includono la gestione della conformit\u00e0, l&#8217;estrazione del testo completo, la ricerca di parole chiave, l&#8217;analisi dei casi, il controllo degli accessi, la gestione dei documenti, l&#8217;amministrazione della conservazione e dell&#8217;archiviazione, il controllo delle versioni e altro ancora. La piattaforma consente alle aziende di raccogliere, cercare e identificare le informazioni di clienti e visitatori in un database protetto. Le aziende possono utilizzare il processo di compressione della soluzione per deduplicare e raggruppare i file.<\/p>\n<h2>ENTERPRISE FILE ARCHIVE &#8211; TUTORIAL<\/h2>\n<p>Ecco un video su questo <strong>software per l&#8217;archiviazione di email<\/strong>:<\/p>\n<div id=\"fluid-wrapper-counter-1\" class=\"g1-fluid-wrapper \" style=\"width:686px;\">\n<div style=\"padding-bottom:56.268221574344%;\"><iframe loading=\"lazy\" title=\"MessageSolution Enterprise Email Archive Lotus Notes Support\" width=\"515\" height=\"386\" src=\"https:\/\/www.youtube.com\/embed\/YJ_RrRYoKV0?start=57&#038;feature=oembed&amp;wmode=transparent&amp;autohide=1&amp;autoplay=0&amp;disablekb=0&amp;fs=1&amp;loop=0&amp;enablejsapi=1&amp;rel=0&amp;controls=2&amp;showinfo=0&amp;wmode=transparent&amp;autohide=2&amp;autoplay=0&amp;disablekb=0&amp;fs=1&amp;loop=0&amp;enablejsapi=1&amp;rel=0&amp;controls=2&amp;showinfo=1\" frameborder=\"0\" allow=\"accelerometer; autoplay; clipboard-write; encrypted-media; gyroscope; picture-in-picture\" allowfullscreen><\/iframe><\/div>\n<\/div>\n<h3>ENTERPRISE FILE ARCHIVE &#8211; CARATTERISTICHE<\/h3>\n<ul>\n<li><strong>Ridurre lo spazio di archiviazione del file server dell&#8217;80-90%, aumentare le prestazioni del server<\/strong>: riduce efficacemente il volume dei dati dei file fino al 90% applicando la tecnologia di stub dei file, posiziona grandi porzioni di file sul server di archiviazione dei file e lascia una scorciatoia per consentire all&#8217;utente di visualizzare e utilizzare i file con un&#8217;esperienza trasparente<\/li>\n<li><strong>Scaricare i dati nell&#8217;archiviazione secondaria<\/strong>: il processo di archiviazione dei file comprime e scarica i file storici dai dispositivi di archiviazione primari allo storage secondario meno costoso, aumentando le prestazioni, la scalabilit\u00e0 e l&#8217;affidabilit\u00e0 del server primario, riducendo al contempo i costi di gestione dello storage. L&#8217;archivio file consente inoltre all&#8217;amministratore dell&#8217;archivio file di designare pi\u00f9 repository per l&#8217;ottimizzazione dell&#8217;archiviazione gerarchica<\/li>\n<li><strong>Accedi all&#8217;intelligence aziendale<\/strong>: funzioni di ricerca pi\u00f9 rapide e accurate consentono alle organizzazioni di individuare e ripristinare facilmente i file per rispettare le scadenze di conformit\u00e0 e rilevamento elettronico. La stessa tecnologia di indicizzazione di nuova generazione utilizzata guida le potenti funzioni di ricerca dell&#8217;archivio file, tra cui parole chiave full-text, frasi chiave e ricerca di prossimit\u00e0. Il software viene fornito con un&#8217;interfaccia di archiviazione basata sul web di facile utilizzo, accesso all&#8217;archivio offline e accesso mobile BlackBerry, oltre a una comoda integrazione di ricerca desktop di Windows<\/li>\n<li><strong>Facilit\u00e0 di manutenzione dell&#8217;archivio<\/strong>: la tecnologia di storage back-end intelligente e ad alte prestazioni offre un sistema sicuro e scalabile e richiede meno manutenzione per il backup e il ripristino, riducendo i costi di installazione e il costo di propriet\u00e0 a lungo termine.<\/li>\n<\/ul>\n<h4>LE RECENSIONI DEGLI UTENTI<\/h4>\n<p class=\"font-weight-bold mb-2\"><strong>Joshua R.&#8221;Molto buono per il suo prezzo con un paio di caratteristiche sorprendenti&#8221;<\/strong><\/p>\n<p><span class=\"font-weight-bold\"><strong>Commenti<\/strong>: <\/span>Avevamo 5 file server e oltre 15 TB di dati di file accumulati nel corso degli anni. Questo prodotto ci ha permesso di ridurlo a 2 file server e il processo \u00e8 stato abbastanza veloce in meno di 3 mesi, quindi la nostra esperienza complessiva \u00e8 positiva per questo prodotto. Il mio suggerimento \u00e8 di ottenere il server hardware pi\u00f9 potente prima di installare MessageSolution. La nostra attivit\u00e0 \u00e8 stagionale e potremmo optare per la loro versione cloud dopo quest&#8217;estate solo per l&#8217;esperienza a mani libere.<\/p>\n<p class=\"font-weight-bold mb-2\"><strong>Pro<\/strong>:\u00a0Facile da usare e veloce da inserire nei vecchi dati del file<\/p>\n<p class=\"font-weight-bold mb-2\"><strong>Contro<\/strong>:\u00a0Nessuna informazione sui prezzi inizialmente fino all&#8217;incontro online con il produttore del prodotto MessageSolution<\/p>\n<p class=\"font-weight-bold mb-2\"><strong>Andrea F.&#8221;Archiviazione automatizzata, facile e conveniente!&#8221;<\/strong><\/p>\n<div class=\"i18n-translation_container pt-4 py-3 py-md-5 review-card i18n-translation_translated\" data-translation-id=\"720039\" data-translation-target=\"original\" data-container-view=\"ca-review\">\n<div class=\"container\">\n<div class=\"row\">\n<div class=\"col-lg-7\">\n<p class=\"font-weight-bold mb-2\"><strong>Pro<\/strong>:\u00a0Quello che mi piace di pi\u00f9 di Enterprise File Archive \u00e8 che posso archiviare tutti i file da server diversi e averli tutti accessibili in un unico posto. Questo mi ha davvero aiutato a essere pi\u00f9 organizzato e mi ha fatto risparmiare un sacco di tempo! Qualcosa che \u00e8 anche molto buono di questo software \u00e8 la sua archiviazione automatica per quelli di noi che di solito dimenticano di caricare i nostri file.<\/p>\n<p class=\"font-weight-bold mb-2\"><strong>Contro<\/strong>:\u00a0Penso che potrebbe avere un design pi\u00f9 attraente, ma a parte questo non ho problemi con esso.<\/p>\n<\/div>\n<\/div>\n<\/div>\n<\/div>\n","protected":false},"excerpt":{"rendered":"<p>Enterprise File Archive, di MessageSolution, \u00e8 una soluzione automatizzata che aiuta le aziende di tutte le dimensioni a gestire il rilevamento elettronico e l&#8217;archiviazione di file, in conformit\u00e0 con le normative GDPR. La piattaforma consente agli utenti di semplificare l&#8217;eDiscovery su pi\u00f9 sistemi di file ed email, servendo a ottimizzare la conservazione, il ripristino, il backup dei dati e altro ancora.\u00a0<\/p>\n","protected":false},"author":16,"featured_media":57499,"parent":57184,"menu_order":0,"comment_status":"open","ping_status":"closed","template":"g1_template_page_review_new.php","meta":{"_acf_changed":false,"cwp_meta_box_check":"No","cwp_rev_product_name":"","cwp_rev_product_image":"","wppr_links":[],"cwp_rev_price":"","wppr_options":[],"wppr_pros":[],"wppr_cons":[],"_monsterinsights_skip_tracking":false,"_monsterinsights_sitenote_active":false,"_monsterinsights_sitenote_note":"","_monsterinsights_sitenote_category":0,"footnotes":""},"categories":[12566],"tags":[12587,12609,12610,12571,12570,12568,12569],"features":[],"class_list":{"0":"post-57498","1":"page","2":"type-page","3":"status-publish","4":"has-post-thumbnail","6":"category-software-archiviazione-email-cat","7":"tag-archiviazione-email","8":"tag-enterprise-file-archive","9":"tag-messagesolution","10":"tag-piattaforma-archiviazione-email","11":"tag-programma-archiviazione-email","12":"tag-software-archiviazione-email","13":"tag-soluzione-archiviazione-email"},"wppr_data":{"cwp_meta_box_check":"No"},"acf":[],"yoast_head":"<!-- This site is optimized with the Yoast SEO plugin v27.4 - https:\/\/yoast.com\/product\/yoast-seo-wordpress\/ -->\n<title>Enterprise File Archive: recensione software archiviazione email<\/title>\n<meta name=\"description\" content=\"Enterprise File Archive: recensione soluzione automatizzata che aiuta le aziende a gestire il rilevamento elettronico e l&#039;archiviazione di file.\" \/>\n<meta name=\"robots\" content=\"index, follow, max-snippet:-1, max-image-preview:large, max-video-preview:-1\" \/>\n<link rel=\"canonical\" href=\"https:\/\/www.accuratereviews.com\/it\/software-archiviazione-email\/enterprise-file-archive-recensione\/\" \/>\n<meta property=\"og:locale\" content=\"it_IT\" \/>\n<meta property=\"og:type\" content=\"article\" \/>\n<meta property=\"og:title\" content=\"Enterprise File Archive: recensione software archiviazione email\" \/>\n<meta property=\"og:description\" content=\"Enterprise File Archive: recensione soluzione automatizzata che aiuta le aziende a gestire il rilevamento elettronico e l&#039;archiviazione di file.\" \/>\n<meta property=\"og:url\" content=\"https:\/\/www.accuratereviews.com\/it\/software-archiviazione-email\/enterprise-file-archive-recensione\/\" \/>\n<meta property=\"og:site_name\" content=\"Accurate Reviews\" \/>\n<meta property=\"article:modified_time\" content=\"2022-05-16T15:31:49+00:00\" \/>\n<meta property=\"og:image\" content=\"https:\/\/www.accuratereviews.com\/wp-content\/uploads\/2022\/05\/Enterprise-File-Archive.webp\" \/>\n\t<meta property=\"og:image:width\" content=\"304\" \/>\n\t<meta property=\"og:image:height\" content=\"292\" \/>\n\t<meta property=\"og:image:type\" content=\"image\/webp\" \/>\n<meta name=\"twitter:card\" content=\"summary_large_image\" \/>\n<meta name=\"twitter:label1\" content=\"Tempo di lettura stimato\" \/>\n\t<meta name=\"twitter:data1\" content=\"4 minuti\" \/>\n<script type=\"application\/ld+json\" class=\"yoast-schema-graph\">{\"@context\":\"https:\\\/\\\/schema.org\",\"@graph\":[{\"@type\":\"WebPage\",\"@id\":\"https:\\\/\\\/www.accuratereviews.com\\\/it\\\/software-archiviazione-email\\\/enterprise-file-archive-recensione\\\/\",\"url\":\"https:\\\/\\\/www.accuratereviews.com\\\/it\\\/software-archiviazione-email\\\/enterprise-file-archive-recensione\\\/\",\"name\":\"Enterprise File Archive: recensione software archiviazione email\",\"isPartOf\":{\"@id\":\"https:\\\/\\\/www.accuratereviews.com\\\/it\\\/#website\"},\"primaryImageOfPage\":{\"@id\":\"https:\\\/\\\/www.accuratereviews.com\\\/it\\\/software-archiviazione-email\\\/enterprise-file-archive-recensione\\\/#primaryimage\"},\"image\":{\"@id\":\"https:\\\/\\\/www.accuratereviews.com\\\/it\\\/software-archiviazione-email\\\/enterprise-file-archive-recensione\\\/#primaryimage\"},\"thumbnailUrl\":\"https:\\\/\\\/www.accuratereviews.com\\\/wp-content\\\/uploads\\\/2022\\\/05\\\/Enterprise-File-Archive.webp\",\"datePublished\":\"2022-05-16T10:45:14+00:00\",\"dateModified\":\"2022-05-16T15:31:49+00:00\",\"description\":\"Enterprise File Archive: recensione soluzione automatizzata che aiuta le aziende a gestire il rilevamento elettronico e l'archiviazione di file.\",\"breadcrumb\":{\"@id\":\"https:\\\/\\\/www.accuratereviews.com\\\/it\\\/software-archiviazione-email\\\/enterprise-file-archive-recensione\\\/#breadcrumb\"},\"inLanguage\":\"it-IT\",\"potentialAction\":[{\"@type\":\"ReadAction\",\"target\":[\"https:\\\/\\\/www.accuratereviews.com\\\/it\\\/software-archiviazione-email\\\/enterprise-file-archive-recensione\\\/\"]}]},{\"@type\":\"ImageObject\",\"inLanguage\":\"it-IT\",\"@id\":\"https:\\\/\\\/www.accuratereviews.com\\\/it\\\/software-archiviazione-email\\\/enterprise-file-archive-recensione\\\/#primaryimage\",\"url\":\"https:\\\/\\\/www.accuratereviews.com\\\/wp-content\\\/uploads\\\/2022\\\/05\\\/Enterprise-File-Archive.webp\",\"contentUrl\":\"https:\\\/\\\/www.accuratereviews.com\\\/wp-content\\\/uploads\\\/2022\\\/05\\\/Enterprise-File-Archive.webp\",\"width\":304,\"height\":292},{\"@type\":\"BreadcrumbList\",\"@id\":\"https:\\\/\\\/www.accuratereviews.com\\\/it\\\/software-archiviazione-email\\\/enterprise-file-archive-recensione\\\/#breadcrumb\",\"itemListElement\":[{\"@type\":\"ListItem\",\"position\":1,\"name\":\"Home\",\"item\":\"https:\\\/\\\/www.accuratereviews.com\\\/it\\\/\"},{\"@type\":\"ListItem\",\"position\":2,\"name\":\"Software per archiviazione email\",\"item\":\"https:\\\/\\\/www.accuratereviews.com\\\/it\\\/software-archiviazione-email\\\/\"},{\"@type\":\"ListItem\",\"position\":3,\"name\":\"Enterprise File Archive\"}]},{\"@type\":\"WebSite\",\"@id\":\"https:\\\/\\\/www.accuratereviews.com\\\/it\\\/#website\",\"url\":\"https:\\\/\\\/www.accuratereviews.com\\\/it\\\/\",\"name\":\"Accurate Reviews\",\"description\":\"\",\"potentialAction\":[{\"@type\":\"SearchAction\",\"target\":{\"@type\":\"EntryPoint\",\"urlTemplate\":\"https:\\\/\\\/www.accuratereviews.com\\\/it\\\/?s={search_term_string}\"},\"query-input\":{\"@type\":\"PropertyValueSpecification\",\"valueRequired\":true,\"valueName\":\"search_term_string\"}}],\"inLanguage\":\"it-IT\"}]}<\/script>\n<!-- \/ Yoast SEO plugin. -->","yoast_head_json":{"title":"Enterprise File Archive: recensione software archiviazione email","description":"Enterprise File Archive: recensione soluzione automatizzata che aiuta le aziende a gestire il rilevamento elettronico e l'archiviazione di file.","robots":{"index":"index","follow":"follow","max-snippet":"max-snippet:-1","max-image-preview":"max-image-preview:large","max-video-preview":"max-video-preview:-1"},"canonical":"https:\/\/www.accuratereviews.com\/it\/software-archiviazione-email\/enterprise-file-archive-recensione\/","og_locale":"it_IT","og_type":"article","og_title":"Enterprise File Archive: recensione software archiviazione email","og_description":"Enterprise File Archive: recensione soluzione automatizzata che aiuta le aziende a gestire il rilevamento elettronico e l'archiviazione di file.","og_url":"https:\/\/www.accuratereviews.com\/it\/software-archiviazione-email\/enterprise-file-archive-recensione\/","og_site_name":"Accurate Reviews","article_modified_time":"2022-05-16T15:31:49+00:00","og_image":[{"width":304,"height":292,"url":"https:\/\/www.accuratereviews.com\/wp-content\/uploads\/2022\/05\/Enterprise-File-Archive.webp","type":"image\/webp"}],"twitter_card":"summary_large_image","twitter_misc":{"Tempo di lettura stimato":"4 minuti"},"schema":{"@context":"https:\/\/schema.org","@graph":[{"@type":"WebPage","@id":"https:\/\/www.accuratereviews.com\/it\/software-archiviazione-email\/enterprise-file-archive-recensione\/","url":"https:\/\/www.accuratereviews.com\/it\/software-archiviazione-email\/enterprise-file-archive-recensione\/","name":"Enterprise File Archive: recensione software archiviazione email","isPartOf":{"@id":"https:\/\/www.accuratereviews.com\/it\/#website"},"primaryImageOfPage":{"@id":"https:\/\/www.accuratereviews.com\/it\/software-archiviazione-email\/enterprise-file-archive-recensione\/#primaryimage"},"image":{"@id":"https:\/\/www.accuratereviews.com\/it\/software-archiviazione-email\/enterprise-file-archive-recensione\/#primaryimage"},"thumbnailUrl":"https:\/\/www.accuratereviews.com\/wp-content\/uploads\/2022\/05\/Enterprise-File-Archive.webp","datePublished":"2022-05-16T10:45:14+00:00","dateModified":"2022-05-16T15:31:49+00:00","description":"Enterprise File Archive: recensione soluzione automatizzata che aiuta le aziende a gestire il rilevamento elettronico e l'archiviazione di file.","breadcrumb":{"@id":"https:\/\/www.accuratereviews.com\/it\/software-archiviazione-email\/enterprise-file-archive-recensione\/#breadcrumb"},"inLanguage":"it-IT","potentialAction":[{"@type":"ReadAction","target":["https:\/\/www.accuratereviews.com\/it\/software-archiviazione-email\/enterprise-file-archive-recensione\/"]}]},{"@type":"ImageObject","inLanguage":"it-IT","@id":"https:\/\/www.accuratereviews.com\/it\/software-archiviazione-email\/enterprise-file-archive-recensione\/#primaryimage","url":"https:\/\/www.accuratereviews.com\/wp-content\/uploads\/2022\/05\/Enterprise-File-Archive.webp","contentUrl":"https:\/\/www.accuratereviews.com\/wp-content\/uploads\/2022\/05\/Enterprise-File-Archive.webp","width":304,"height":292},{"@type":"BreadcrumbList","@id":"https:\/\/www.accuratereviews.com\/it\/software-archiviazione-email\/enterprise-file-archive-recensione\/#breadcrumb","itemListElement":[{"@type":"ListItem","position":1,"name":"Home","item":"https:\/\/www.accuratereviews.com\/it\/"},{"@type":"ListItem","position":2,"name":"Software per archiviazione email","item":"https:\/\/www.accuratereviews.com\/it\/software-archiviazione-email\/"},{"@type":"ListItem","position":3,"name":"Enterprise File Archive"}]},{"@type":"WebSite","@id":"https:\/\/www.accuratereviews.com\/it\/#website","url":"https:\/\/www.accuratereviews.com\/it\/","name":"Accurate Reviews","description":"","potentialAction":[{"@type":"SearchAction","target":{"@type":"EntryPoint","urlTemplate":"https:\/\/www.accuratereviews.com\/it\/?s={search_term_string}"},"query-input":{"@type":"PropertyValueSpecification","valueRequired":true,"valueName":"search_term_string"}}],"inLanguage":"it-IT"}]}},"_links":{"self":[{"href":"https:\/\/www.accuratereviews.com\/it\/wp-json\/wp\/v2\/pages\/57498","targetHints":{"allow":["GET"]}}],"collection":[{"href":"https:\/\/www.accuratereviews.com\/it\/wp-json\/wp\/v2\/pages"}],"about":[{"href":"https:\/\/www.accuratereviews.com\/it\/wp-json\/wp\/v2\/types\/page"}],"author":[{"embeddable":true,"href":"https:\/\/www.accuratereviews.com\/it\/wp-json\/wp\/v2\/users\/16"}],"replies":[{"embeddable":true,"href":"https:\/\/www.accuratereviews.com\/it\/wp-json\/wp\/v2\/comments?post=57498"}],"version-history":[{"count":10,"href":"https:\/\/www.accuratereviews.com\/it\/wp-json\/wp\/v2\/pages\/57498\/revisions"}],"predecessor-version":[{"id":57540,"href":"https:\/\/www.accuratereviews.com\/it\/wp-json\/wp\/v2\/pages\/57498\/revisions\/57540"}],"up":[{"embeddable":true,"href":"https:\/\/www.accuratereviews.com\/it\/wp-json\/wp\/v2\/pages\/57184"}],"wp:featuredmedia":[{"embeddable":true,"href":"https:\/\/www.accuratereviews.com\/it\/wp-json\/wp\/v2\/media\/57499"}],"wp:attachment":[{"href":"https:\/\/www.accuratereviews.com\/it\/wp-json\/wp\/v2\/media?parent=57498"}],"wp:term":[{"taxonomy":"category","embeddable":true,"href":"https:\/\/www.accuratereviews.com\/it\/wp-json\/wp\/v2\/categories?post=57498"},{"taxonomy":"post_tag","embeddable":true,"href":"https:\/\/www.accuratereviews.com\/it\/wp-json\/wp\/v2\/tags?post=57498"},{"taxonomy":"features","embeddable":true,"href":"https:\/\/www.accuratereviews.com\/it\/wp-json\/wp\/v2\/features?post=57498"}],"curies":[{"name":"wp","href":"https:\/\/api.w.org\/{rel}","templated":true}]}}