{"id":57640,"date":"2022-05-18T10:26:37","date_gmt":"2022-05-18T10:26:37","guid":{"rendered":"https:\/\/www.accuratereviews.com\/?page_id=57640"},"modified":"2022-05-20T06:27:08","modified_gmt":"2022-05-20T06:27:08","slug":"akazio-cloud-archive-recensione","status":"publish","type":"page","link":"https:\/\/www.accuratereviews.com\/it\/software-archiviazione-email\/akazio-cloud-archive-recensione\/","title":{"rendered":"Akazio Cloud Archive"},"content":{"rendered":"<p><strong>Akazio Cloud Archive<\/strong> \u00e8 leader di mercato <strong>nell&#8217;archiviazione delle comunicazioni<\/strong> elettroniche tramite email, chat, social media, voce e sms. Con l&#8217;aumento dei mandati di conformit\u00e0 legale e normativa, la necessit\u00e0 di archiviare e analizzare volumi crescenti di dati di comunicazione elettronica \u00e8 diventata rapidamente una delle sfide pi\u00f9 urgenti per le aziende. Il software\u00a0offre funzionalit\u00e0 di registrazione, rilevamento e supervisione per ridurre l&#8217;onere per gli uffici legali e di conformit\u00e0. Le aziende non solo sono in grado di sfruttare l&#8217;<strong>archiviazione delle email<\/strong>, ma possono anche archiviare messaggi istantanei da Slack e Teams, social media inclusi LinkedIn, Twitter, Facebook e WhatsApp, RingCentral o Zoom per voce e sms come RingCentral, Twilio e altri.\u00a0La piattaforma ha l&#8217;ulteriore vantaggio di rigorose garanzie di residenza dei dati, il che significa che memorizza ed elabora i dati archiviati della tua organizzazione \u00a0soddisfacendo cos\u00ec le regole imposte dalle autorit\u00e0 di regolamentazione.<\/p>\n<h2>AKAZIO CLOUD ARCHIVE &#8211; TUTORIAL<\/h2>\n<p>Il video mostra la soluzione di cui le aziende possono fidarsi e fare affidamento per il futuro:<\/p>\n<div id=\"fluid-wrapper-counter-1\" class=\"g1-fluid-wrapper \" style=\"width:686px;\">\n<div style=\"padding-bottom:56.268221574344%;\"><iframe loading=\"lazy\" title=\"Akazio in 2 minutes - Identity Mapping, Compliance Policies &amp; Search\" width=\"686\" height=\"386\" src=\"https:\/\/www.youtube.com\/embed\/MgpXk6FsJ-w?feature=oembed&amp;wmode=transparent&amp;autohide=1&amp;autoplay=0&amp;disablekb=0&amp;fs=1&amp;loop=0&amp;enablejsapi=1&amp;rel=0&amp;controls=2&amp;showinfo=0&amp;wmode=transparent&amp;autohide=2&amp;autoplay=0&amp;disablekb=0&amp;fs=1&amp;loop=0&amp;enablejsapi=1&amp;rel=0&amp;controls=2&amp;showinfo=1\" frameborder=\"0\" allow=\"accelerometer; autoplay; clipboard-write; encrypted-media; gyroscope; picture-in-picture\" allowfullscreen><\/iframe><\/div>\n<\/div>\n<h3>AKAZIO CLOUD ARCHIVE &#8211; CARATTERISTICHE<\/h3>\n<ul>\n<li><strong>Distribuzione regionale<\/strong>: la soluzione elabora e archivia i tuoi dati di comunicazione nella tua regione, quindi ci sono molti meno ostacoli da superare quando si tratta di GDPR, CCPA o qualsiasi altra normativa sulla residenza dei dati<\/li>\n<li><strong>Configurazione facile<\/strong>: bastano pochi clic per configurare l&#8217;archiviazione dei dati di comunicazione della tua azienda da diverse fonti e solo un paio di clic in pi\u00f9 per avviare un lavoro di riempimento che caricher\u00e0 anche i tuoi dati storici nell&#8217;archivio<\/li>\n<li><strong>Ricerca potente<\/strong>: indicizza sia il contenuto dei tuoi dati, sia i metadati ad esso associati, cos\u00ec puoi interrogare decine di propriet\u00e0 su milioni di file in frazioni di secondi. Cerca testo, nomi chat, partecipanti, durata della chiamata, origine, allegati e molto altro<\/li>\n<li><strong>Conservazione configurabile<\/strong>: scegli di archiviare i tuoi dati per tutto il tempo richiesto dal tuo business case, che si tratti di giorni, mesi o anni. Scegli di aggiungere uno storage WORM conforme se operi in un settore regolamentato (ad esempio, per rispettare la regola 17a-4 della SEC)<\/li>\n<li><strong>Sicuro e crittografato<\/strong>: tutti i dati sono fortemente crittografati e con una gamma di altre misure di sicurezza cloud all&#8217;avanguardia che proteggono l&#8217;accesso e l&#8217;esportazione dei file, puoi essere certo che i tuoi dati siano al sicuro.<\/li>\n<\/ul>\n","protected":false},"excerpt":{"rendered":"<p>Akazio Cloud Archive \u00e8 leader di mercato nell&#8217;archiviazione delle comunicazioni elettroniche tramite email, chat, social media, voce e sms. Con l&#8217;aumento dei mandati di conformit\u00e0 legale e normativa, la necessit\u00e0 di archiviare e analizzare volumi crescenti di dati di comunicazione elettronica \u00e8 diventata rapidamente una delle sfide pi\u00f9 urgenti per le aziende.<\/p>\n","protected":false},"author":16,"featured_media":57641,"parent":57184,"menu_order":0,"comment_status":"open","ping_status":"closed","template":"g1_template_page_review_new.php","meta":{"_acf_changed":false,"cwp_meta_box_check":"No","cwp_rev_product_name":"","cwp_rev_product_image":"","wppr_links":[],"cwp_rev_price":"","wppr_options":[],"wppr_pros":[],"wppr_cons":[],"_monsterinsights_skip_tracking":false,"_monsterinsights_sitenote_active":false,"_monsterinsights_sitenote_note":"","_monsterinsights_sitenote_category":0,"footnotes":""},"categories":[12566],"tags":[12637,12587,12571,12570,12568,12569],"features":[],"class_list":{"0":"post-57640","1":"page","2":"type-page","3":"status-publish","4":"has-post-thumbnail","6":"category-software-archiviazione-email-cat","7":"tag-akazio-cloud-archive","8":"tag-archiviazione-email","9":"tag-piattaforma-archiviazione-email","10":"tag-programma-archiviazione-email","11":"tag-software-archiviazione-email","12":"tag-soluzione-archiviazione-email"},"wppr_data":{"cwp_meta_box_check":"No"},"acf":[],"yoast_head":"<!-- This site is optimized with the Yoast SEO plugin v27.4 - https:\/\/yoast.com\/product\/yoast-seo-wordpress\/ -->\n<title>Akazio Cloud Archive: recensione software archiviazione email<\/title>\n<meta name=\"description\" content=\"Akazio Cloud Archive: recensione soluzione di archiviazione delle comunicazioni elettroniche tramite email, chat, social media, voce e sms.\" \/>\n<meta name=\"robots\" content=\"index, follow, max-snippet:-1, max-image-preview:large, max-video-preview:-1\" \/>\n<link rel=\"canonical\" href=\"https:\/\/www.accuratereviews.com\/it\/software-archiviazione-email\/akazio-cloud-archive-recensione\/\" \/>\n<meta property=\"og:locale\" content=\"it_IT\" \/>\n<meta property=\"og:type\" content=\"article\" \/>\n<meta property=\"og:title\" content=\"Akazio Cloud Archive: recensione software archiviazione email\" \/>\n<meta property=\"og:description\" content=\"Akazio Cloud Archive: recensione soluzione di archiviazione delle comunicazioni elettroniche tramite email, chat, social media, voce e sms.\" \/>\n<meta property=\"og:url\" content=\"https:\/\/www.accuratereviews.com\/it\/software-archiviazione-email\/akazio-cloud-archive-recensione\/\" \/>\n<meta property=\"og:site_name\" content=\"Accurate Reviews\" \/>\n<meta property=\"article:modified_time\" content=\"2022-05-20T06:27:08+00:00\" \/>\n<meta property=\"og:image\" content=\"https:\/\/www.accuratereviews.com\/wp-content\/uploads\/2022\/05\/Schermata-2022-05-18-alle-09.10.44.png\" \/>\n\t<meta property=\"og:image:width\" content=\"1348\" \/>\n\t<meta property=\"og:image:height\" content=\"430\" \/>\n\t<meta property=\"og:image:type\" content=\"image\/png\" \/>\n<meta name=\"twitter:card\" content=\"summary_large_image\" \/>\n<meta name=\"twitter:label1\" content=\"Tempo di lettura stimato\" \/>\n\t<meta name=\"twitter:data1\" content=\"3 minuti\" \/>\n<script type=\"application\/ld+json\" class=\"yoast-schema-graph\">{\"@context\":\"https:\\\/\\\/schema.org\",\"@graph\":[{\"@type\":\"WebPage\",\"@id\":\"https:\\\/\\\/www.accuratereviews.com\\\/it\\\/software-archiviazione-email\\\/akazio-cloud-archive-recensione\\\/\",\"url\":\"https:\\\/\\\/www.accuratereviews.com\\\/it\\\/software-archiviazione-email\\\/akazio-cloud-archive-recensione\\\/\",\"name\":\"Akazio Cloud Archive: recensione software archiviazione email\",\"isPartOf\":{\"@id\":\"https:\\\/\\\/www.accuratereviews.com\\\/it\\\/#website\"},\"primaryImageOfPage\":{\"@id\":\"https:\\\/\\\/www.accuratereviews.com\\\/it\\\/software-archiviazione-email\\\/akazio-cloud-archive-recensione\\\/#primaryimage\"},\"image\":{\"@id\":\"https:\\\/\\\/www.accuratereviews.com\\\/it\\\/software-archiviazione-email\\\/akazio-cloud-archive-recensione\\\/#primaryimage\"},\"thumbnailUrl\":\"https:\\\/\\\/www.accuratereviews.com\\\/wp-content\\\/uploads\\\/2022\\\/05\\\/Schermata-2022-05-18-alle-09.10.44.png\",\"datePublished\":\"2022-05-18T10:26:37+00:00\",\"dateModified\":\"2022-05-20T06:27:08+00:00\",\"description\":\"Akazio Cloud Archive: recensione soluzione di archiviazione delle comunicazioni elettroniche tramite email, chat, social media, voce e sms.\",\"breadcrumb\":{\"@id\":\"https:\\\/\\\/www.accuratereviews.com\\\/it\\\/software-archiviazione-email\\\/akazio-cloud-archive-recensione\\\/#breadcrumb\"},\"inLanguage\":\"it-IT\",\"potentialAction\":[{\"@type\":\"ReadAction\",\"target\":[\"https:\\\/\\\/www.accuratereviews.com\\\/it\\\/software-archiviazione-email\\\/akazio-cloud-archive-recensione\\\/\"]}]},{\"@type\":\"ImageObject\",\"inLanguage\":\"it-IT\",\"@id\":\"https:\\\/\\\/www.accuratereviews.com\\\/it\\\/software-archiviazione-email\\\/akazio-cloud-archive-recensione\\\/#primaryimage\",\"url\":\"https:\\\/\\\/www.accuratereviews.com\\\/wp-content\\\/uploads\\\/2022\\\/05\\\/Schermata-2022-05-18-alle-09.10.44.png\",\"contentUrl\":\"https:\\\/\\\/www.accuratereviews.com\\\/wp-content\\\/uploads\\\/2022\\\/05\\\/Schermata-2022-05-18-alle-09.10.44.png\",\"width\":1348,\"height\":430},{\"@type\":\"BreadcrumbList\",\"@id\":\"https:\\\/\\\/www.accuratereviews.com\\\/it\\\/software-archiviazione-email\\\/akazio-cloud-archive-recensione\\\/#breadcrumb\",\"itemListElement\":[{\"@type\":\"ListItem\",\"position\":1,\"name\":\"Home\",\"item\":\"https:\\\/\\\/www.accuratereviews.com\\\/it\\\/\"},{\"@type\":\"ListItem\",\"position\":2,\"name\":\"Software per archiviazione email\",\"item\":\"https:\\\/\\\/www.accuratereviews.com\\\/it\\\/software-archiviazione-email\\\/\"},{\"@type\":\"ListItem\",\"position\":3,\"name\":\"Akazio Cloud Archive\"}]},{\"@type\":\"WebSite\",\"@id\":\"https:\\\/\\\/www.accuratereviews.com\\\/it\\\/#website\",\"url\":\"https:\\\/\\\/www.accuratereviews.com\\\/it\\\/\",\"name\":\"Accurate Reviews\",\"description\":\"\",\"potentialAction\":[{\"@type\":\"SearchAction\",\"target\":{\"@type\":\"EntryPoint\",\"urlTemplate\":\"https:\\\/\\\/www.accuratereviews.com\\\/it\\\/?s={search_term_string}\"},\"query-input\":{\"@type\":\"PropertyValueSpecification\",\"valueRequired\":true,\"valueName\":\"search_term_string\"}}],\"inLanguage\":\"it-IT\"}]}<\/script>\n<!-- \/ Yoast SEO plugin. -->","yoast_head_json":{"title":"Akazio Cloud Archive: recensione software archiviazione email","description":"Akazio Cloud Archive: recensione soluzione di archiviazione delle comunicazioni elettroniche tramite email, chat, social media, voce e sms.","robots":{"index":"index","follow":"follow","max-snippet":"max-snippet:-1","max-image-preview":"max-image-preview:large","max-video-preview":"max-video-preview:-1"},"canonical":"https:\/\/www.accuratereviews.com\/it\/software-archiviazione-email\/akazio-cloud-archive-recensione\/","og_locale":"it_IT","og_type":"article","og_title":"Akazio Cloud Archive: recensione software archiviazione email","og_description":"Akazio Cloud Archive: recensione soluzione di archiviazione delle comunicazioni elettroniche tramite email, chat, social media, voce e sms.","og_url":"https:\/\/www.accuratereviews.com\/it\/software-archiviazione-email\/akazio-cloud-archive-recensione\/","og_site_name":"Accurate Reviews","article_modified_time":"2022-05-20T06:27:08+00:00","og_image":[{"width":1348,"height":430,"url":"https:\/\/www.accuratereviews.com\/wp-content\/uploads\/2022\/05\/Schermata-2022-05-18-alle-09.10.44.png","type":"image\/png"}],"twitter_card":"summary_large_image","twitter_misc":{"Tempo di lettura stimato":"3 minuti"},"schema":{"@context":"https:\/\/schema.org","@graph":[{"@type":"WebPage","@id":"https:\/\/www.accuratereviews.com\/it\/software-archiviazione-email\/akazio-cloud-archive-recensione\/","url":"https:\/\/www.accuratereviews.com\/it\/software-archiviazione-email\/akazio-cloud-archive-recensione\/","name":"Akazio Cloud Archive: recensione software archiviazione email","isPartOf":{"@id":"https:\/\/www.accuratereviews.com\/it\/#website"},"primaryImageOfPage":{"@id":"https:\/\/www.accuratereviews.com\/it\/software-archiviazione-email\/akazio-cloud-archive-recensione\/#primaryimage"},"image":{"@id":"https:\/\/www.accuratereviews.com\/it\/software-archiviazione-email\/akazio-cloud-archive-recensione\/#primaryimage"},"thumbnailUrl":"https:\/\/www.accuratereviews.com\/wp-content\/uploads\/2022\/05\/Schermata-2022-05-18-alle-09.10.44.png","datePublished":"2022-05-18T10:26:37+00:00","dateModified":"2022-05-20T06:27:08+00:00","description":"Akazio Cloud Archive: recensione soluzione di archiviazione delle comunicazioni elettroniche tramite email, chat, social media, voce e sms.","breadcrumb":{"@id":"https:\/\/www.accuratereviews.com\/it\/software-archiviazione-email\/akazio-cloud-archive-recensione\/#breadcrumb"},"inLanguage":"it-IT","potentialAction":[{"@type":"ReadAction","target":["https:\/\/www.accuratereviews.com\/it\/software-archiviazione-email\/akazio-cloud-archive-recensione\/"]}]},{"@type":"ImageObject","inLanguage":"it-IT","@id":"https:\/\/www.accuratereviews.com\/it\/software-archiviazione-email\/akazio-cloud-archive-recensione\/#primaryimage","url":"https:\/\/www.accuratereviews.com\/wp-content\/uploads\/2022\/05\/Schermata-2022-05-18-alle-09.10.44.png","contentUrl":"https:\/\/www.accuratereviews.com\/wp-content\/uploads\/2022\/05\/Schermata-2022-05-18-alle-09.10.44.png","width":1348,"height":430},{"@type":"BreadcrumbList","@id":"https:\/\/www.accuratereviews.com\/it\/software-archiviazione-email\/akazio-cloud-archive-recensione\/#breadcrumb","itemListElement":[{"@type":"ListItem","position":1,"name":"Home","item":"https:\/\/www.accuratereviews.com\/it\/"},{"@type":"ListItem","position":2,"name":"Software per archiviazione email","item":"https:\/\/www.accuratereviews.com\/it\/software-archiviazione-email\/"},{"@type":"ListItem","position":3,"name":"Akazio Cloud Archive"}]},{"@type":"WebSite","@id":"https:\/\/www.accuratereviews.com\/it\/#website","url":"https:\/\/www.accuratereviews.com\/it\/","name":"Accurate Reviews","description":"","potentialAction":[{"@type":"SearchAction","target":{"@type":"EntryPoint","urlTemplate":"https:\/\/www.accuratereviews.com\/it\/?s={search_term_string}"},"query-input":{"@type":"PropertyValueSpecification","valueRequired":true,"valueName":"search_term_string"}}],"inLanguage":"it-IT"}]}},"_links":{"self":[{"href":"https:\/\/www.accuratereviews.com\/it\/wp-json\/wp\/v2\/pages\/57640","targetHints":{"allow":["GET"]}}],"collection":[{"href":"https:\/\/www.accuratereviews.com\/it\/wp-json\/wp\/v2\/pages"}],"about":[{"href":"https:\/\/www.accuratereviews.com\/it\/wp-json\/wp\/v2\/types\/page"}],"author":[{"embeddable":true,"href":"https:\/\/www.accuratereviews.com\/it\/wp-json\/wp\/v2\/users\/16"}],"replies":[{"embeddable":true,"href":"https:\/\/www.accuratereviews.com\/it\/wp-json\/wp\/v2\/comments?post=57640"}],"version-history":[{"count":9,"href":"https:\/\/www.accuratereviews.com\/it\/wp-json\/wp\/v2\/pages\/57640\/revisions"}],"predecessor-version":[{"id":57718,"href":"https:\/\/www.accuratereviews.com\/it\/wp-json\/wp\/v2\/pages\/57640\/revisions\/57718"}],"up":[{"embeddable":true,"href":"https:\/\/www.accuratereviews.com\/it\/wp-json\/wp\/v2\/pages\/57184"}],"wp:featuredmedia":[{"embeddable":true,"href":"https:\/\/www.accuratereviews.com\/it\/wp-json\/wp\/v2\/media\/57641"}],"wp:attachment":[{"href":"https:\/\/www.accuratereviews.com\/it\/wp-json\/wp\/v2\/media?parent=57640"}],"wp:term":[{"taxonomy":"category","embeddable":true,"href":"https:\/\/www.accuratereviews.com\/it\/wp-json\/wp\/v2\/categories?post=57640"},{"taxonomy":"post_tag","embeddable":true,"href":"https:\/\/www.accuratereviews.com\/it\/wp-json\/wp\/v2\/tags?post=57640"},{"taxonomy":"features","embeddable":true,"href":"https:\/\/www.accuratereviews.com\/it\/wp-json\/wp\/v2\/features?post=57640"}],"curies":[{"name":"wp","href":"https:\/\/api.w.org\/{rel}","templated":true}]}}