{"id":57828,"date":"2022-05-23T10:38:46","date_gmt":"2022-05-23T10:38:46","guid":{"rendered":"https:\/\/www.accuratereviews.com\/?page_id=57828"},"modified":"2022-05-23T10:38:46","modified_gmt":"2022-05-23T10:38:46","slug":"email-signatures-for-office-365-recensione","status":"publish","type":"page","link":"https:\/\/www.accuratereviews.com\/it\/software-creare-firme-email\/email-signatures-for-office-365-recensione\/","title":{"rendered":"Email Signatures for Office 365"},"content":{"rendered":"<p>Con <strong>CodeTwo Email Signatures per Office 365<\/strong>\u00a0puoi <strong>gestire centralmente firme email<\/strong> a livello di organizzazione, dichiarazioni legali, risposte automatiche e campagne di email marketing. \u00c8 un servizio <strong>cloud<\/strong>, il che significa che tutte le app e i dispositivi di posta elettronica (inclusi cellulari e Mac) sono supportati. Puoi automatizzare completamente quando vengono attivate firme\/dichiarazioni di responsabilit\u00e0 e, ad esempio, aggiungere firme diverse a messaggi interni\/esterni, in base ai destinatari dei messaggi, alla lingua, alle parole chiave nella email e molto altro. Oltre alla gestione di firme e disclaimer, il software consente anche di impostare e gestire centralmente le risposte automatiche completamente personalizzate e i messaggi fuori sede. Ulteriori funzionalit\u00e0 includono sondaggi CSAT incorporati, analisi e automazione dell&#8217;email marketing, diritti di gestione delle firme, integrazione con i servizi di pianificazione delle riunioni e altro ancora.<\/p>\n<h2>EMAIL SIGNATURES FOR OFFICE 365 &#8211; TUTORIAL<\/h2>\n<p>Vediamo come configurare questo <strong>software per creare firme per email<\/strong>:<\/p>\n<div id=\"fluid-wrapper-counter-1\" class=\"g1-fluid-wrapper \" style=\"width:686px;\">\n<div style=\"padding-bottom:56.268221574344%;\"><iframe loading=\"lazy\" title=\"Setting up CodeTwo Email Signatures for Office 365: a step-by-step guide\" width=\"686\" height=\"386\" src=\"https:\/\/www.youtube.com\/embed\/ETqo9P8PTaU?feature=oembed&amp;wmode=transparent&amp;autohide=1&amp;autoplay=0&amp;disablekb=0&amp;fs=1&amp;loop=0&amp;enablejsapi=1&amp;rel=0&amp;controls=2&amp;showinfo=0&amp;wmode=transparent&amp;autohide=2&amp;autoplay=0&amp;disablekb=0&amp;fs=1&amp;loop=0&amp;enablejsapi=1&amp;rel=0&amp;controls=2&amp;showinfo=1\" frameborder=\"0\" allow=\"accelerometer; autoplay; clipboard-write; encrypted-media; gyroscope; picture-in-picture\" allowfullscreen><\/iframe><\/div>\n<\/div>\n<h3>EMAIL SIGNATURES FOR OFFICE 365 &#8211; CARATTERISTICHE<\/h3>\n<ul>\n<li><strong>Implementazione veloce e aggiornamenti istantanei<\/strong>: il processo di distribuzione \u00e8 completamente automatizzato e basato su procedure guidate. Autorizza semplicemente con le tue credenziali di amministratore e sarai pronto per creare la tua prima firma email in pochissimo tempo. Eventuali modifiche o aggiornamenti apportati alle tue firme vengono pubblicati all&#8217;istante<\/li>\n<li><strong>Delega i diritti di gestione delle firme<\/strong>: delega le attivit\u00e0 di creazione e gestione delle firme email a singoli utenti o team della tua organizzazione e solleva i tuoi amministratori da attivit\u00e0 amministrative non essenziali<\/li>\n<li><strong>Firme email in Posta inviata<\/strong>: le firme aggiunte alle email nel cloud possono essere visualizzate dai tuoi utenti nelle loro cartelle Posta inviata, su ogni dispositivo. La nostra funzione di aggiornamento degli articoli inviati pu\u00f2 anche aiutarti a garantire la conformit\u00e0 alle normative legali e ai requisiti di conservazione dei dati<\/li>\n<li><strong>Automatizza le campagne di email marketing<\/strong>: pianifica in anticipo le campagne di email marketing utilizzando lo Scheduler. In questo modo ogni campagna di email marketing che hai pianificato nell&#8217;applicazione verr\u00e0 eseguita automaticamente quando arriva il momento giusto<\/li>\n<li><strong>Firme diverse nelle email nuove e successive<\/strong>: puoi configurare il programma per aggiungere una firma email avanzata (con i dettagli di contatto completi, un logo aziendale e banner di marketing) ai nuovi messaggi e una firma semplice, con solo le informazioni di contatto di base, a qualsiasi altro messaggio che invii nella stessa conversazione email<\/li>\n<li><strong>Risposte automatiche gestite centralmente<\/strong>: crea risposte automatiche e messaggi fuori sede completamente personalizzati e gestiscili centralmente per tutti gli utenti della tua organizzazione. Migliora i messaggi di risposta automatica con collegamenti, grafica e firme email personalizzate e pianifica l&#8217;invio automatico su base ricorrente o solo durante periodi di tempo specifici<\/li>\n<li><strong>Riunioni virtuali e pianificazione delle riunioni semplificate<\/strong>: la soluzione\u00a0ti consente di inserire facilmente un collegamento a una riunione\/chiamata diretta (ad es. tramite Microsoft Teams) o a un servizio di pianificazione di riunioni (come Calendly) nella tua email. Questo pu\u00f2 aiutarti a semplificare il contatto con i clienti.<\/li>\n<\/ul>\n<h4>LE RECENSIONE DEGLI UTENTI<\/h4>\n<p><strong>Luke F.&#8221;Firme professionali&#8221;<\/strong><\/p>\n<p class=\"font-weight-bold mb-2\"><strong>Pro<\/strong>:\u00a0Siamo in grado di distribuire firme coerenti a chiunque utilizzi la nostra firma e-mail. Le firme hanno un bell&#8217;aspetto su qualsiasi dispositivo e sono molto facili da configurare. Ora riceviamo molti complimenti e clic sui collegamenti nei nostri blocchi firma. Questa piccola aggiunta ha di gran lunga aumentato la nostra credibilit\u00e0.<\/p>\n<p class=\"font-weight-bold mb-2\"><strong>Contro<\/strong>:\u00a0Non mi piace che tu non possa visualizzare in anteprima la firma prima che venga inviata. Ci\u00f2 ha portato alcuni dipendenti a spaventarsi pensando di non avere una firma quando lo fanno.<\/p>\n<p class=\"font-weight-bold mb-2\"><strong>Softrim B. &#8220;Molto soddisfatto di questo software&#8221;<\/strong><\/p>\n<p><span class=\"font-weight-bold\"><strong>Commenti<\/strong>:\u00a0<\/span>Abbiamo eseguito l&#8217;aggiornamento dalla versione locale a questa quando siamo migrati a Office 365 e abbiamo apprezzato l&#8217;esperienza. I reparti di supporto tecnico e vendite sono estremamente utili.<\/p>\n<p class=\"font-weight-bold mb-2\"><strong>Pro<\/strong>: Questo software semplifica l&#8217;aggiunta di un aspetto coerente al blocco della firma nella parte inferiore di ogni email in uscita. Si integra facilmente nel nostro ambiente Office 365 e AD. Il supporto del venditore \u00e8 uno dei migliori che abbia mai incontrato nelle aziende di software!<\/p>\n<p class=\"font-weight-bold mb-2\"><strong>Contro<\/strong>: Niente da dire in realt\u00e0. La configurazione iniziale \u00e8 coinvolta, ma funziona bene<\/p>\n<p class=\"font-weight-bold mb-2\"><strong>Noel S.&#8221;Controlla le firme a livello aziendale!&#8221;<\/strong><\/p>\n<p class=\"font-weight-bold mb-2\"><strong>Pro<\/strong>: Gestisce requisiti complessi, gruppo, reparto, individuo. Funziona bene con AD e consente molte permutazioni di firme. La capacit\u00e0 di fermare la ripetizione infinita delle firme in un thread \u00e8 estremamente buona e fornisce un aspetto e una leggibilit\u00e0 pi\u00f9 professionali per registrare i thread di posta elettronica.<\/p>\n<p class=\"font-weight-bold mb-2\">Contro: Un prodotto davvero eccellente per le nostre esigenze, l&#8217;unica area di miglioramento sarebbe il test delle regole (come il prodotto in loco).<\/p>\n<p>&nbsp;<\/p>\n<p>&nbsp;<\/p>\n<p>&nbsp;<\/p>\n<p>&nbsp;<\/p>\n<p>&nbsp;<\/p>\n","protected":false},"excerpt":{"rendered":"<p>Con CodeTwo Email Signatures per Office 365, puoi gestire centralmente firme email a livello di organizzazione, dichiarazioni legali, risposte automatiche e campagne di email marketing. \u00c8 un servizio cloud, il che significa che tutte le app e i dispositivi di posta elettronica (inclusi cellulari e Mac) sono supportati.<\/p>\n","protected":false},"author":16,"featured_media":57829,"parent":57751,"menu_order":0,"comment_status":"open","ping_status":"closed","template":"g1_template_page_review_new.php","meta":{"_acf_changed":false,"cwp_meta_box_check":"No","cwp_rev_product_name":"","cwp_rev_product_image":"","wppr_links":[],"cwp_rev_price":"","wppr_options":[],"wppr_pros":[],"wppr_cons":[],"_monsterinsights_skip_tracking":false,"_monsterinsights_sitenote_active":false,"_monsterinsights_sitenote_note":"","_monsterinsights_sitenote_category":0,"footnotes":""},"categories":[12645],"tags":[12670,12671,12649,12651,12648,12650],"features":[],"class_list":{"0":"post-57828","1":"page","2":"type-page","3":"status-publish","4":"has-post-thumbnail","6":"category-software-firme-email-cat","7":"tag-creare-firme-per-email","8":"tag-email-signatures-for-office-365","9":"tag-piattaforma-per-creare-firme-per-email","10":"tag-programma-per-creare-firme-per-email","11":"tag-software-per-creare-firme-per-email","12":"tag-soluzione-per-creare-firme-per-email"},"wppr_data":{"cwp_meta_box_check":"No"},"acf":[],"yoast_head":"<!-- This site is optimized with the Yoast SEO plugin v27.4 - https:\/\/yoast.com\/product\/yoast-seo-wordpress\/ -->\n<title>Email Signatures per Office 365: recensione software creare firme email<\/title>\n<meta name=\"description\" content=\"Email Signatures per Office 365: recensione per gestire centralmente firme email a livello di organizzazione, dichiarazioni legali e risposte automatiche\" \/>\n<meta name=\"robots\" content=\"index, follow, max-snippet:-1, max-image-preview:large, max-video-preview:-1\" \/>\n<link rel=\"canonical\" href=\"https:\/\/www.accuratereviews.com\/it\/software-creare-firme-email\/email-signatures-for-office-365-recensione\/\" \/>\n<meta property=\"og:locale\" content=\"it_IT\" \/>\n<meta property=\"og:type\" content=\"article\" \/>\n<meta property=\"og:title\" content=\"Email Signatures per Office 365: recensione software creare firme email\" \/>\n<meta property=\"og:description\" content=\"Email Signatures per Office 365: recensione per gestire centralmente firme email a livello di organizzazione, dichiarazioni legali e risposte automatiche\" \/>\n<meta property=\"og:url\" content=\"https:\/\/www.accuratereviews.com\/it\/software-creare-firme-email\/email-signatures-for-office-365-recensione\/\" \/>\n<meta property=\"og:site_name\" content=\"Accurate Reviews\" \/>\n<meta property=\"og:image\" content=\"https:\/\/www.accuratereviews.com\/wp-content\/uploads\/2022\/05\/CodeTwo.jpeg\" \/>\n\t<meta property=\"og:image:width\" content=\"200\" \/>\n\t<meta property=\"og:image:height\" content=\"200\" \/>\n\t<meta property=\"og:image:type\" content=\"image\/jpeg\" \/>\n<meta name=\"twitter:card\" content=\"summary_large_image\" \/>\n<meta name=\"twitter:label1\" content=\"Tempo di lettura stimato\" \/>\n\t<meta name=\"twitter:data1\" content=\"4 minuti\" \/>\n<script type=\"application\/ld+json\" class=\"yoast-schema-graph\">{\"@context\":\"https:\\\/\\\/schema.org\",\"@graph\":[{\"@type\":\"WebPage\",\"@id\":\"https:\\\/\\\/www.accuratereviews.com\\\/it\\\/software-creare-firme-email\\\/email-signatures-for-office-365-recensione\\\/\",\"url\":\"https:\\\/\\\/www.accuratereviews.com\\\/it\\\/software-creare-firme-email\\\/email-signatures-for-office-365-recensione\\\/\",\"name\":\"Email Signatures per Office 365: recensione software creare firme email\",\"isPartOf\":{\"@id\":\"https:\\\/\\\/www.accuratereviews.com\\\/it\\\/#website\"},\"primaryImageOfPage\":{\"@id\":\"https:\\\/\\\/www.accuratereviews.com\\\/it\\\/software-creare-firme-email\\\/email-signatures-for-office-365-recensione\\\/#primaryimage\"},\"image\":{\"@id\":\"https:\\\/\\\/www.accuratereviews.com\\\/it\\\/software-creare-firme-email\\\/email-signatures-for-office-365-recensione\\\/#primaryimage\"},\"thumbnailUrl\":\"https:\\\/\\\/www.accuratereviews.com\\\/wp-content\\\/uploads\\\/2022\\\/05\\\/CodeTwo.jpeg\",\"datePublished\":\"2022-05-23T10:38:46+00:00\",\"description\":\"Email Signatures per Office 365: recensione per gestire centralmente firme email a livello di organizzazione, dichiarazioni legali e risposte automatiche\",\"breadcrumb\":{\"@id\":\"https:\\\/\\\/www.accuratereviews.com\\\/it\\\/software-creare-firme-email\\\/email-signatures-for-office-365-recensione\\\/#breadcrumb\"},\"inLanguage\":\"it-IT\",\"potentialAction\":[{\"@type\":\"ReadAction\",\"target\":[\"https:\\\/\\\/www.accuratereviews.com\\\/it\\\/software-creare-firme-email\\\/email-signatures-for-office-365-recensione\\\/\"]}]},{\"@type\":\"ImageObject\",\"inLanguage\":\"it-IT\",\"@id\":\"https:\\\/\\\/www.accuratereviews.com\\\/it\\\/software-creare-firme-email\\\/email-signatures-for-office-365-recensione\\\/#primaryimage\",\"url\":\"https:\\\/\\\/www.accuratereviews.com\\\/wp-content\\\/uploads\\\/2022\\\/05\\\/CodeTwo.jpeg\",\"contentUrl\":\"https:\\\/\\\/www.accuratereviews.com\\\/wp-content\\\/uploads\\\/2022\\\/05\\\/CodeTwo.jpeg\",\"width\":200,\"height\":200},{\"@type\":\"BreadcrumbList\",\"@id\":\"https:\\\/\\\/www.accuratereviews.com\\\/it\\\/software-creare-firme-email\\\/email-signatures-for-office-365-recensione\\\/#breadcrumb\",\"itemListElement\":[{\"@type\":\"ListItem\",\"position\":1,\"name\":\"Home\",\"item\":\"https:\\\/\\\/www.accuratereviews.com\\\/it\\\/\"},{\"@type\":\"ListItem\",\"position\":2,\"name\":\"Software per creare firme per email\",\"item\":\"https:\\\/\\\/www.accuratereviews.com\\\/it\\\/software-creare-firme-email\\\/\"},{\"@type\":\"ListItem\",\"position\":3,\"name\":\"Email Signatures for Office 365\"}]},{\"@type\":\"WebSite\",\"@id\":\"https:\\\/\\\/www.accuratereviews.com\\\/it\\\/#website\",\"url\":\"https:\\\/\\\/www.accuratereviews.com\\\/it\\\/\",\"name\":\"Accurate Reviews\",\"description\":\"\",\"potentialAction\":[{\"@type\":\"SearchAction\",\"target\":{\"@type\":\"EntryPoint\",\"urlTemplate\":\"https:\\\/\\\/www.accuratereviews.com\\\/it\\\/?s={search_term_string}\"},\"query-input\":{\"@type\":\"PropertyValueSpecification\",\"valueRequired\":true,\"valueName\":\"search_term_string\"}}],\"inLanguage\":\"it-IT\"}]}<\/script>\n<!-- \/ Yoast SEO plugin. -->","yoast_head_json":{"title":"Email Signatures per Office 365: recensione software creare firme email","description":"Email Signatures per Office 365: recensione per gestire centralmente firme email a livello di organizzazione, dichiarazioni legali e risposte automatiche","robots":{"index":"index","follow":"follow","max-snippet":"max-snippet:-1","max-image-preview":"max-image-preview:large","max-video-preview":"max-video-preview:-1"},"canonical":"https:\/\/www.accuratereviews.com\/it\/software-creare-firme-email\/email-signatures-for-office-365-recensione\/","og_locale":"it_IT","og_type":"article","og_title":"Email Signatures per Office 365: recensione software creare firme email","og_description":"Email Signatures per Office 365: recensione per gestire centralmente firme email a livello di organizzazione, dichiarazioni legali e risposte automatiche","og_url":"https:\/\/www.accuratereviews.com\/it\/software-creare-firme-email\/email-signatures-for-office-365-recensione\/","og_site_name":"Accurate Reviews","og_image":[{"width":200,"height":200,"url":"https:\/\/www.accuratereviews.com\/wp-content\/uploads\/2022\/05\/CodeTwo.jpeg","type":"image\/jpeg"}],"twitter_card":"summary_large_image","twitter_misc":{"Tempo di lettura stimato":"4 minuti"},"schema":{"@context":"https:\/\/schema.org","@graph":[{"@type":"WebPage","@id":"https:\/\/www.accuratereviews.com\/it\/software-creare-firme-email\/email-signatures-for-office-365-recensione\/","url":"https:\/\/www.accuratereviews.com\/it\/software-creare-firme-email\/email-signatures-for-office-365-recensione\/","name":"Email Signatures per Office 365: recensione software creare firme email","isPartOf":{"@id":"https:\/\/www.accuratereviews.com\/it\/#website"},"primaryImageOfPage":{"@id":"https:\/\/www.accuratereviews.com\/it\/software-creare-firme-email\/email-signatures-for-office-365-recensione\/#primaryimage"},"image":{"@id":"https:\/\/www.accuratereviews.com\/it\/software-creare-firme-email\/email-signatures-for-office-365-recensione\/#primaryimage"},"thumbnailUrl":"https:\/\/www.accuratereviews.com\/wp-content\/uploads\/2022\/05\/CodeTwo.jpeg","datePublished":"2022-05-23T10:38:46+00:00","description":"Email Signatures per Office 365: recensione per gestire centralmente firme email a livello di organizzazione, dichiarazioni legali e risposte automatiche","breadcrumb":{"@id":"https:\/\/www.accuratereviews.com\/it\/software-creare-firme-email\/email-signatures-for-office-365-recensione\/#breadcrumb"},"inLanguage":"it-IT","potentialAction":[{"@type":"ReadAction","target":["https:\/\/www.accuratereviews.com\/it\/software-creare-firme-email\/email-signatures-for-office-365-recensione\/"]}]},{"@type":"ImageObject","inLanguage":"it-IT","@id":"https:\/\/www.accuratereviews.com\/it\/software-creare-firme-email\/email-signatures-for-office-365-recensione\/#primaryimage","url":"https:\/\/www.accuratereviews.com\/wp-content\/uploads\/2022\/05\/CodeTwo.jpeg","contentUrl":"https:\/\/www.accuratereviews.com\/wp-content\/uploads\/2022\/05\/CodeTwo.jpeg","width":200,"height":200},{"@type":"BreadcrumbList","@id":"https:\/\/www.accuratereviews.com\/it\/software-creare-firme-email\/email-signatures-for-office-365-recensione\/#breadcrumb","itemListElement":[{"@type":"ListItem","position":1,"name":"Home","item":"https:\/\/www.accuratereviews.com\/it\/"},{"@type":"ListItem","position":2,"name":"Software per creare firme per email","item":"https:\/\/www.accuratereviews.com\/it\/software-creare-firme-email\/"},{"@type":"ListItem","position":3,"name":"Email Signatures for Office 365"}]},{"@type":"WebSite","@id":"https:\/\/www.accuratereviews.com\/it\/#website","url":"https:\/\/www.accuratereviews.com\/it\/","name":"Accurate Reviews","description":"","potentialAction":[{"@type":"SearchAction","target":{"@type":"EntryPoint","urlTemplate":"https:\/\/www.accuratereviews.com\/it\/?s={search_term_string}"},"query-input":{"@type":"PropertyValueSpecification","valueRequired":true,"valueName":"search_term_string"}}],"inLanguage":"it-IT"}]}},"_links":{"self":[{"href":"https:\/\/www.accuratereviews.com\/it\/wp-json\/wp\/v2\/pages\/57828","targetHints":{"allow":["GET"]}}],"collection":[{"href":"https:\/\/www.accuratereviews.com\/it\/wp-json\/wp\/v2\/pages"}],"about":[{"href":"https:\/\/www.accuratereviews.com\/it\/wp-json\/wp\/v2\/types\/page"}],"author":[{"embeddable":true,"href":"https:\/\/www.accuratereviews.com\/it\/wp-json\/wp\/v2\/users\/16"}],"replies":[{"embeddable":true,"href":"https:\/\/www.accuratereviews.com\/it\/wp-json\/wp\/v2\/comments?post=57828"}],"version-history":[{"count":13,"href":"https:\/\/www.accuratereviews.com\/it\/wp-json\/wp\/v2\/pages\/57828\/revisions"}],"predecessor-version":[{"id":57875,"href":"https:\/\/www.accuratereviews.com\/it\/wp-json\/wp\/v2\/pages\/57828\/revisions\/57875"}],"up":[{"embeddable":true,"href":"https:\/\/www.accuratereviews.com\/it\/wp-json\/wp\/v2\/pages\/57751"}],"wp:featuredmedia":[{"embeddable":true,"href":"https:\/\/www.accuratereviews.com\/it\/wp-json\/wp\/v2\/media\/57829"}],"wp:attachment":[{"href":"https:\/\/www.accuratereviews.com\/it\/wp-json\/wp\/v2\/media?parent=57828"}],"wp:term":[{"taxonomy":"category","embeddable":true,"href":"https:\/\/www.accuratereviews.com\/it\/wp-json\/wp\/v2\/categories?post=57828"},{"taxonomy":"post_tag","embeddable":true,"href":"https:\/\/www.accuratereviews.com\/it\/wp-json\/wp\/v2\/tags?post=57828"},{"taxonomy":"features","embeddable":true,"href":"https:\/\/www.accuratereviews.com\/it\/wp-json\/wp\/v2\/features?post=57828"}],"curies":[{"name":"wp","href":"https:\/\/api.w.org\/{rel}","templated":true}]}}