{"id":5788,"date":"2015-06-25T13:29:15","date_gmt":"2015-06-25T13:29:15","guid":{"rendered":"http:\/\/www.accuratereviews.com\/it\/benchmark\/"},"modified":"2016-12-06T10:00:14","modified_gmt":"2016-12-06T10:00:14","slug":"benchmark","status":"publish","type":"page","link":"https:\/\/www.accuratereviews.com\/it\/newsletter-migliori-software-lista\/benchmark\/","title":{"rendered":"Benchmark"},"content":{"rendered":"<div id=\"fluid-wrapper-counter-1\" class=\"g1-fluid-wrapper \" style=\"width:686px;\"><div style=\"padding-bottom:56.268221574344%;\"><iframe loading=\"lazy\" width=\"686\" height=\"386\" src=\"https:\/\/www.youtube.com\/embed\/LrZrqyRhua0?feature=oembed&amp;wmode=transparent&amp;autohide=1&amp;autoplay=0&amp;disablekb=0&amp;fs=1&amp;loop=0&amp;enablejsapi=1&amp;rel=0&amp;controls=2&amp;showinfo=0&amp;wmode=transparent&amp;autohide=2&amp;autoplay=0&amp;disablekb=0&amp;fs=1&amp;loop=0&amp;enablejsapi=1&amp;rel=0&amp;controls=2&amp;showinfo=1\" frameborder=\"0\" allowfullscreen><\/iframe><\/div><\/div>\n<p>Benchmark \u00e8 un servizio di email marketing ricco di funzionalit\u00e0 eppure semplice da usare: permette di creare campagne di grande impatto visivo, questionari, sondaggi, e pagine evento in pochi minuti. <strong>Lo consigliamo sia agli utenti inesperti<\/strong>, per via della sua interfaccia utente molto intuitiva e una curva d\u2019apprendimento semplice da gestire, <strong>che per i marketer pi\u00f9 esperti<\/strong>. Questo servizio di email marketing online \u00e8 molto incentrato sul design delle newsletter, perch\u00e9 siano belle da leggere ovunque.<\/p>\n<h2>Usabilit\u00e0<\/h2>\n<p>La prima cosa che noterete una volta che vi sarete iscritti a Benchmark, probabilmente, \u00e8 <strong>la grande quantit\u00e0 di lingue supportate<\/strong>: giapponese, italiano, cinese (tradizionale e semplificato), portoghese, spagnolo, olandese e inglese. Non c\u2019\u00e8 solo il pannello di controllo a essere tradotto in ognuna di queste lingue, ma anche le email di conferma che riceverete immediatamente dopo l\u2019iscrizione sono adattate. Non \u00e8 una caratteristica che trovate cos\u00ec di frequente in servizi di email marketing come questo, e rende molto pi\u00f9 semplice usare l\u2019interfaccia. A questo punto, <strong>\u00e8 davvero facile iniziare la vostra prima campagna<\/strong>, seguendo le istruzioni, chiare, e anche se non siete un web designer avvezzo a questi processi, riuscirete sicuramente a creare bellissimi template per le vostre newsletter.<\/p>\n<div id=\"attachment_937\" style=\"width: 1255px\" class=\"wp-caption alignnone\"><a href=\"http:\/\/www.accuratereviews.com\/wp-content\/uploads\/2015\/06\/Benchmark_dashboard.png\"><img loading=\"lazy\" decoding=\"async\" aria-describedby=\"caption-attachment-937\" class=\"wp-image-937 size-full\" src=\"http:\/\/www.accuratereviews.com\/wp-content\/uploads\/2015\/06\/Benchmark_dashboard.png\" alt=\"Benchmark_dashboard\" width=\"1245\" height=\"576\" srcset=\"https:\/\/www.accuratereviews.com\/wp-content\/uploads\/2015\/06\/Benchmark_dashboard.png 1245w, https:\/\/www.accuratereviews.com\/wp-content\/uploads\/2015\/06\/Benchmark_dashboard-300x139.png 300w, https:\/\/www.accuratereviews.com\/wp-content\/uploads\/2015\/06\/Benchmark_dashboard-1024x474.png 1024w, https:\/\/www.accuratereviews.com\/wp-content\/uploads\/2015\/06\/Benchmark_dashboard-968x448.png 968w, https:\/\/www.accuratereviews.com\/wp-content\/uploads\/2015\/06\/Benchmark_dashboard-636x294.png 636w, https:\/\/www.accuratereviews.com\/wp-content\/uploads\/2015\/06\/Benchmark_dashboard-320x148.png 320w, https:\/\/www.accuratereviews.com\/wp-content\/uploads\/2015\/06\/Benchmark_dashboard-239x111.png 239w\" sizes=\"auto, (max-width: 1245px) 100vw, 1245px\" \/><\/a><p id=\"caption-attachment-937\" class=\"wp-caption-text\">La pagina iniziale di Benchmark \u00e8 molto chiara e user friendly.<\/p><\/div>\n<p>Potete usare <strong>un editor esclusivamente testuale, uno per il testo formattato o un creatore di email drag &amp; drop<\/strong>. Potete scegliere uno dei template di Benchmark (offrono un\u2019ottima selezione di temi, ad esempio cartoline, promozioni, eventi, eccetera) e personalizzarlo selezionando uno schema colori, aggiungendo immagini, elementi di testo, loghi e video. Potete anche scegliere di aggiungere Google Analytics alle vostre email per tracciare i click sui link e sperimentare un po\u2019 di automazione con i social network collegando gli account di Twitter e Facebook (purtroppo questo tipo di integrazioni sono piuttosto limitati, all\u2019interno di Benchmark).<br \/>\nCreare e organizzare una lista di contatti \u00e8 ugualmente semplice: <strong>potete importare i contatti da file .txt, .csv, .xls, dai vostri account Gmail e Google e anche da Salesforce<\/strong>; potete filtrare i segmenti delle liste dei vostri contatti secondo diversi parametri come luogo, et\u00e0, data di iscrizione, interessi, eccetera. E l\u2019ampia variet\u00e0 di utili integrazioni con servizi come Highrise, Zoho e Shopify vi semplificher\u00e0 il recupero dei dati e di conseguenza la segmentazione delle liste.<\/p>\n<div id=\"attachment_938\" style=\"width: 1247px\" class=\"wp-caption alignnone\"><a href=\"http:\/\/www.accuratereviews.com\/wp-content\/uploads\/2015\/06\/Benchmark_template_creator.png\"><img loading=\"lazy\" decoding=\"async\" aria-describedby=\"caption-attachment-938\" class=\"wp-image-938 size-full\" src=\"http:\/\/www.accuratereviews.com\/wp-content\/uploads\/2015\/06\/Benchmark_template_creator.png\" alt=\"Benchmark_template_creator\" width=\"1237\" height=\"592\" srcset=\"https:\/\/www.accuratereviews.com\/wp-content\/uploads\/2015\/06\/Benchmark_template_creator.png 1237w, https:\/\/www.accuratereviews.com\/wp-content\/uploads\/2015\/06\/Benchmark_template_creator-300x144.png 300w, https:\/\/www.accuratereviews.com\/wp-content\/uploads\/2015\/06\/Benchmark_template_creator-1024x490.png 1024w, https:\/\/www.accuratereviews.com\/wp-content\/uploads\/2015\/06\/Benchmark_template_creator-968x463.png 968w, https:\/\/www.accuratereviews.com\/wp-content\/uploads\/2015\/06\/Benchmark_template_creator-636x304.png 636w, https:\/\/www.accuratereviews.com\/wp-content\/uploads\/2015\/06\/Benchmark_template_creator-320x153.png 320w, https:\/\/www.accuratereviews.com\/wp-content\/uploads\/2015\/06\/Benchmark_template_creator-239x114.png 239w\" sizes=\"auto, (max-width: 1237px) 100vw, 1237px\" \/><\/a><p id=\"caption-attachment-938\" class=\"wp-caption-text\">Incluso in Benchmark c&#8217;\u00e8 un editor di email drag&#8217;n&#8217;drop.<\/p><\/div>\n<h2>Funzionalit\u00e0<\/h2>\n<p>Benchmark offre tante funzionalit\u00e0 interessanti come la possibilit\u00e0 di <strong>creare questionari online professionali e sondaggi<\/strong> (e tracciarne i risultati), programmare una serie di email perch\u00e9 siano spedite automaticamente, oppure modificarne alcune in occasioni di eventi particolari, spedire pi\u00f9 newsletter mirando parti diverse della vostra lista contatti.<\/p>\n<div id=\"attachment_947\" style=\"width: 1046px\" class=\"wp-caption alignnone\"><a href=\"http:\/\/www.accuratereviews.com\/wp-content\/uploads\/2015\/06\/Benchmark_Survey_Templates.png\"><img loading=\"lazy\" decoding=\"async\" aria-describedby=\"caption-attachment-947\" class=\"wp-image-947 size-full\" src=\"http:\/\/www.accuratereviews.com\/wp-content\/uploads\/2015\/06\/Benchmark_Survey_Templates.png\" alt=\"Benchmark_Survey_Templates\" width=\"1036\" height=\"840\" srcset=\"https:\/\/www.accuratereviews.com\/wp-content\/uploads\/2015\/06\/Benchmark_Survey_Templates.png 1036w, https:\/\/www.accuratereviews.com\/wp-content\/uploads\/2015\/06\/Benchmark_Survey_Templates-300x243.png 300w, https:\/\/www.accuratereviews.com\/wp-content\/uploads\/2015\/06\/Benchmark_Survey_Templates-1024x830.png 1024w, https:\/\/www.accuratereviews.com\/wp-content\/uploads\/2015\/06\/Benchmark_Survey_Templates-968x785.png 968w, https:\/\/www.accuratereviews.com\/wp-content\/uploads\/2015\/06\/Benchmark_Survey_Templates-636x516.png 636w, https:\/\/www.accuratereviews.com\/wp-content\/uploads\/2015\/06\/Benchmark_Survey_Templates-320x259.png 320w, https:\/\/www.accuratereviews.com\/wp-content\/uploads\/2015\/06\/Benchmark_Survey_Templates-239x194.png 239w\" sizes=\"auto, (max-width: 1036px) 100vw, 1036px\" \/><\/a><p id=\"caption-attachment-947\" class=\"wp-caption-text\">Benchmark comprende template pronti per questionari online.<\/p><\/div>\n<p>Ovviamente, avrete a disposizione anche tutti gli strumenti necessari per tracciare in tempo reale le statistiche delle vostre email: sul vostro pannello di controllo troverete un riassunto delle vostre campagne con i report dei click, le statistiche dei contatti, inoltro delle email, segnalazione degli abusi, e i risultati delle vostre campagne social. Il vostro account online \u00e8 anche accompagnato da <strong>un\u2019utile app per iOS e Android<\/strong> per gestire le vostre esigenze di email marketing da mobile.<br \/>\nCon Benchmark potrete anche organizzare A\/B test su entrambi gli oggetti delle email, e il loro contenuto, e usare <strong>Inbox Checker<\/strong> per verificare come verranno visualizzate le vostre email nei diversi client di posta, aiutandovi anche a evitare i filtri antispam.<br \/>\nBenchmark inoltre offre un server di posta dedicato con IP personali per gli utenti che spediscono pi\u00f9 di 1.000.000 di email al mese, per ottenere il risultato migliore nella consegna delle vostre email.<\/p>\n<h2>Supporto<\/h2>\n<p>Benchmark offre <strong>un servizio di supporto clienti rapido e amichevole, che include chiamate, email e chat<\/strong> dal vivo, perch\u00e9 possiate scegliere l\u2019opzione che vi conviene di pi\u00f9. Subito dopo esservi iscritti, riceverete un\u2019email da un account manager che vi indicher\u00e0 i migliori video d\u2019aiuto e vi dar\u00e0 i suoi contatti per rispondere il pi\u00f9 in fretta possibile alle vostre domande. In ogni caso, Benchmark offre molto di pi\u00f9 ai suoi clienti, per esempio un intero sito chiamato Getting Started, che include <strong>video tutorial per il processo di setup, un ricco database di domande frequenti, una knowledge base e un glossario dei termini pi\u00f9 usati<\/strong>, con articoli approfonditi riguardo le best practices per l\u2019email marketing, how-to, news e trend.<\/p>\n<h2>Prezzo<\/h2>\n<p>Benchmark, come altri servizi di email marketing, offre una piano \u201cgratuito per sempre\u201d, che d\u00e0 accesso a tutte le funzioni di base e vi permette di spedire fino a 14.000 email al mese a 2.000 contatti. I piani successivi a quello gratuito sono tutti abbastanza convenienti e ragionati sulla base del numero di email che pensate di spedire ogni mese, sul numero di contatti nelle vostre liste, e sulle necessit\u00e0 di un grande invio (da 150.000 a 400.000 email al mese). Ci sono piani per invii anche pi\u00f9 grandi, ma dovete contattare l\u2019azienda. Benchmark offre anche il 25% di sconto a organizzazioni no-profit.<\/p>\n","protected":false},"excerpt":{"rendered":"<p>Benchmark \u00e8 un servizio di email marketing ricco di funzionalit\u00e0 eppure semplice da usare: permette di creare campagne di grande impatto visivo, questionari, sondaggi, e pagine evento in pochi minuti. Lo consigliamo sia agli utenti inesperti, per via della sua interfaccia utente molto intuitiva e una curva d\u2019apprendimento semplice da gestire, che per i marketer pi\u00f9 esperti.<\/p>\n","protected":false},"author":16,"featured_media":103280,"parent":5555,"menu_order":43,"comment_status":"open","ping_status":"closed","template":"g1_template_page_review_new.php","meta":{"_acf_changed":false,"cwp_meta_box_check":"Yes","cwp_rev_product_name":"","cwp_rev_product_image":"http:\/\/www.accuratereviews.com\/wp-content\/uploads\/2015\/06\/benchmark_logo33.png","wppr_links":[],"cwp_rev_price":"","wppr_options":[],"wppr_pros":[],"wppr_cons":[],"_monsterinsights_skip_tracking":false,"_monsterinsights_sitenote_active":false,"_monsterinsights_sitenote_note":"","_monsterinsights_sitenote_category":0,"footnotes":""},"categories":[106,108],"tags":[],"features":[],"class_list":{"0":"post-5788","1":"page","2":"type-page","3":"status-publish","4":"has-post-thumbnail","6":"category-email-marketing-it","7":"category-newsletter"},"wppr_data":{"cwp_meta_box_check":"Yes","cwp_rev_product_name":"","cwp_rev_product_image":"http:\/\/www.accuratereviews.com\/wp-content\/uploads\/2015\/06\/benchmark_logo33.png","cwp_image_link":"image","cwp_rev_price":"","wppr_rating":"0.00"},"acf":[],"yoast_head":"<!-- This site is optimized with the Yoast SEO plugin v27.4 - https:\/\/yoast.com\/product\/yoast-seo-wordpress\/ -->\n<title>Benchmark recensione software di email marketing | Accurate Reviews<\/title>\n<meta name=\"description\" content=\"Benchmark \u00e8 un servizio di email marketing che permette di creare campagne di grande impatto visivo, questionari, sondaggi, e pagine evento in pochi minuti.\" \/>\n<meta name=\"robots\" content=\"index, follow, max-snippet:-1, max-image-preview:large, max-video-preview:-1\" \/>\n<link rel=\"canonical\" href=\"https:\/\/www.accuratereviews.com\/it\/newsletter-migliori-software-lista\/benchmark\/\" \/>\n<meta property=\"og:locale\" content=\"it_IT\" \/>\n<meta property=\"og:type\" content=\"article\" \/>\n<meta property=\"og:title\" content=\"Benchmark recensione software di email marketing | Accurate Reviews\" \/>\n<meta property=\"og:description\" content=\"Benchmark \u00e8 un servizio di email marketing che permette di creare campagne di grande impatto visivo, questionari, sondaggi, e pagine evento in pochi minuti.\" \/>\n<meta property=\"og:url\" content=\"https:\/\/www.accuratereviews.com\/it\/newsletter-migliori-software-lista\/benchmark\/\" \/>\n<meta property=\"og:site_name\" content=\"Accurate Reviews\" \/>\n<meta property=\"article:modified_time\" content=\"2016-12-06T10:00:14+00:00\" \/>\n<meta property=\"og:image\" content=\"https:\/\/www.accuratereviews.com\/wp-content\/uploads\/2015\/06\/benchmark_logo33.png\" \/>\n\t<meta property=\"og:image:width\" content=\"255\" \/>\n\t<meta property=\"og:image:height\" content=\"145\" \/>\n\t<meta property=\"og:image:type\" content=\"image\/png\" \/>\n<meta name=\"twitter:card\" content=\"summary_large_image\" \/>\n<meta name=\"twitter:label1\" content=\"Tempo di lettura stimato\" \/>\n\t<meta name=\"twitter:data1\" content=\"4 minuti\" \/>\n<script type=\"application\/ld+json\" class=\"yoast-schema-graph\">{\"@context\":\"https:\\\/\\\/schema.org\",\"@graph\":[{\"@type\":\"WebPage\",\"@id\":\"https:\\\/\\\/www.accuratereviews.com\\\/it\\\/newsletter-migliori-software-lista\\\/benchmark\\\/\",\"url\":\"https:\\\/\\\/www.accuratereviews.com\\\/it\\\/newsletter-migliori-software-lista\\\/benchmark\\\/\",\"name\":\"Benchmark recensione software di email marketing | Accurate Reviews\",\"isPartOf\":{\"@id\":\"https:\\\/\\\/www.accuratereviews.com\\\/it\\\/#website\"},\"primaryImageOfPage\":{\"@id\":\"https:\\\/\\\/www.accuratereviews.com\\\/it\\\/newsletter-migliori-software-lista\\\/benchmark\\\/#primaryimage\"},\"image\":{\"@id\":\"https:\\\/\\\/www.accuratereviews.com\\\/it\\\/newsletter-migliori-software-lista\\\/benchmark\\\/#primaryimage\"},\"thumbnailUrl\":\"https:\\\/\\\/www.accuratereviews.com\\\/wp-content\\\/uploads\\\/2015\\\/06\\\/benchmark_logo33.png\",\"datePublished\":\"2015-06-25T13:29:15+00:00\",\"dateModified\":\"2016-12-06T10:00:14+00:00\",\"description\":\"Benchmark \u00e8 un servizio di email marketing che permette di creare campagne di grande impatto visivo, questionari, sondaggi, e pagine evento in pochi minuti.\",\"breadcrumb\":{\"@id\":\"https:\\\/\\\/www.accuratereviews.com\\\/it\\\/newsletter-migliori-software-lista\\\/benchmark\\\/#breadcrumb\"},\"inLanguage\":\"it-IT\",\"potentialAction\":[{\"@type\":\"ReadAction\",\"target\":[\"https:\\\/\\\/www.accuratereviews.com\\\/it\\\/newsletter-migliori-software-lista\\\/benchmark\\\/\"]}]},{\"@type\":\"ImageObject\",\"inLanguage\":\"it-IT\",\"@id\":\"https:\\\/\\\/www.accuratereviews.com\\\/it\\\/newsletter-migliori-software-lista\\\/benchmark\\\/#primaryimage\",\"url\":\"https:\\\/\\\/www.accuratereviews.com\\\/wp-content\\\/uploads\\\/2015\\\/06\\\/benchmark_logo33.png\",\"contentUrl\":\"https:\\\/\\\/www.accuratereviews.com\\\/wp-content\\\/uploads\\\/2015\\\/06\\\/benchmark_logo33.png\",\"width\":255,\"height\":145,\"caption\":\"benchmark\"},{\"@type\":\"BreadcrumbList\",\"@id\":\"https:\\\/\\\/www.accuratereviews.com\\\/it\\\/newsletter-migliori-software-lista\\\/benchmark\\\/#breadcrumb\",\"itemListElement\":[{\"@type\":\"ListItem\",\"position\":1,\"name\":\"Home\",\"item\":\"https:\\\/\\\/www.accuratereviews.com\\\/it\\\/\"},{\"@type\":\"ListItem\",\"position\":2,\"name\":\"Newsletter: i migliori software\",\"item\":\"https:\\\/\\\/www.accuratereviews.com\\\/it\\\/newsletter-migliori-software-lista\\\/\"},{\"@type\":\"ListItem\",\"position\":3,\"name\":\"Benchmark\"}]},{\"@type\":\"WebSite\",\"@id\":\"https:\\\/\\\/www.accuratereviews.com\\\/it\\\/#website\",\"url\":\"https:\\\/\\\/www.accuratereviews.com\\\/it\\\/\",\"name\":\"Accurate Reviews\",\"description\":\"\",\"potentialAction\":[{\"@type\":\"SearchAction\",\"target\":{\"@type\":\"EntryPoint\",\"urlTemplate\":\"https:\\\/\\\/www.accuratereviews.com\\\/it\\\/?s={search_term_string}\"},\"query-input\":{\"@type\":\"PropertyValueSpecification\",\"valueRequired\":true,\"valueName\":\"search_term_string\"}}],\"inLanguage\":\"it-IT\"}]}<\/script>\n<!-- \/ Yoast SEO plugin. -->","yoast_head_json":{"title":"Benchmark recensione software di email marketing | Accurate Reviews","description":"Benchmark \u00e8 un servizio di email marketing che permette di creare campagne di grande impatto visivo, questionari, sondaggi, e pagine evento in pochi minuti.","robots":{"index":"index","follow":"follow","max-snippet":"max-snippet:-1","max-image-preview":"max-image-preview:large","max-video-preview":"max-video-preview:-1"},"canonical":"https:\/\/www.accuratereviews.com\/it\/newsletter-migliori-software-lista\/benchmark\/","og_locale":"it_IT","og_type":"article","og_title":"Benchmark recensione software di email marketing | Accurate Reviews","og_description":"Benchmark \u00e8 un servizio di email marketing che permette di creare campagne di grande impatto visivo, questionari, sondaggi, e pagine evento in pochi minuti.","og_url":"https:\/\/www.accuratereviews.com\/it\/newsletter-migliori-software-lista\/benchmark\/","og_site_name":"Accurate Reviews","article_modified_time":"2016-12-06T10:00:14+00:00","og_image":[{"width":255,"height":145,"url":"https:\/\/www.accuratereviews.com\/wp-content\/uploads\/2015\/06\/benchmark_logo33.png","type":"image\/png"}],"twitter_card":"summary_large_image","twitter_misc":{"Tempo di lettura stimato":"4 minuti"},"schema":{"@context":"https:\/\/schema.org","@graph":[{"@type":"WebPage","@id":"https:\/\/www.accuratereviews.com\/it\/newsletter-migliori-software-lista\/benchmark\/","url":"https:\/\/www.accuratereviews.com\/it\/newsletter-migliori-software-lista\/benchmark\/","name":"Benchmark recensione software di email marketing | Accurate Reviews","isPartOf":{"@id":"https:\/\/www.accuratereviews.com\/it\/#website"},"primaryImageOfPage":{"@id":"https:\/\/www.accuratereviews.com\/it\/newsletter-migliori-software-lista\/benchmark\/#primaryimage"},"image":{"@id":"https:\/\/www.accuratereviews.com\/it\/newsletter-migliori-software-lista\/benchmark\/#primaryimage"},"thumbnailUrl":"https:\/\/www.accuratereviews.com\/wp-content\/uploads\/2015\/06\/benchmark_logo33.png","datePublished":"2015-06-25T13:29:15+00:00","dateModified":"2016-12-06T10:00:14+00:00","description":"Benchmark \u00e8 un servizio di email marketing che permette di creare campagne di grande impatto visivo, questionari, sondaggi, e pagine evento in pochi minuti.","breadcrumb":{"@id":"https:\/\/www.accuratereviews.com\/it\/newsletter-migliori-software-lista\/benchmark\/#breadcrumb"},"inLanguage":"it-IT","potentialAction":[{"@type":"ReadAction","target":["https:\/\/www.accuratereviews.com\/it\/newsletter-migliori-software-lista\/benchmark\/"]}]},{"@type":"ImageObject","inLanguage":"it-IT","@id":"https:\/\/www.accuratereviews.com\/it\/newsletter-migliori-software-lista\/benchmark\/#primaryimage","url":"https:\/\/www.accuratereviews.com\/wp-content\/uploads\/2015\/06\/benchmark_logo33.png","contentUrl":"https:\/\/www.accuratereviews.com\/wp-content\/uploads\/2015\/06\/benchmark_logo33.png","width":255,"height":145,"caption":"benchmark"},{"@type":"BreadcrumbList","@id":"https:\/\/www.accuratereviews.com\/it\/newsletter-migliori-software-lista\/benchmark\/#breadcrumb","itemListElement":[{"@type":"ListItem","position":1,"name":"Home","item":"https:\/\/www.accuratereviews.com\/it\/"},{"@type":"ListItem","position":2,"name":"Newsletter: i migliori software","item":"https:\/\/www.accuratereviews.com\/it\/newsletter-migliori-software-lista\/"},{"@type":"ListItem","position":3,"name":"Benchmark"}]},{"@type":"WebSite","@id":"https:\/\/www.accuratereviews.com\/it\/#website","url":"https:\/\/www.accuratereviews.com\/it\/","name":"Accurate Reviews","description":"","potentialAction":[{"@type":"SearchAction","target":{"@type":"EntryPoint","urlTemplate":"https:\/\/www.accuratereviews.com\/it\/?s={search_term_string}"},"query-input":{"@type":"PropertyValueSpecification","valueRequired":true,"valueName":"search_term_string"}}],"inLanguage":"it-IT"}]}},"_links":{"self":[{"href":"https:\/\/www.accuratereviews.com\/it\/wp-json\/wp\/v2\/pages\/5788","targetHints":{"allow":["GET"]}}],"collection":[{"href":"https:\/\/www.accuratereviews.com\/it\/wp-json\/wp\/v2\/pages"}],"about":[{"href":"https:\/\/www.accuratereviews.com\/it\/wp-json\/wp\/v2\/types\/page"}],"author":[{"embeddable":true,"href":"https:\/\/www.accuratereviews.com\/it\/wp-json\/wp\/v2\/users\/16"}],"replies":[{"embeddable":true,"href":"https:\/\/www.accuratereviews.com\/it\/wp-json\/wp\/v2\/comments?post=5788"}],"version-history":[{"count":7,"href":"https:\/\/www.accuratereviews.com\/it\/wp-json\/wp\/v2\/pages\/5788\/revisions"}],"predecessor-version":[{"id":6454,"href":"https:\/\/www.accuratereviews.com\/it\/wp-json\/wp\/v2\/pages\/5788\/revisions\/6454"}],"up":[{"embeddable":true,"href":"https:\/\/www.accuratereviews.com\/it\/wp-json\/wp\/v2\/pages\/5555"}],"wp:featuredmedia":[{"embeddable":true,"href":"https:\/\/www.accuratereviews.com\/it\/wp-json\/wp\/v2\/media\/103280"}],"wp:attachment":[{"href":"https:\/\/www.accuratereviews.com\/it\/wp-json\/wp\/v2\/media?parent=5788"}],"wp:term":[{"taxonomy":"category","embeddable":true,"href":"https:\/\/www.accuratereviews.com\/it\/wp-json\/wp\/v2\/categories?post=5788"},{"taxonomy":"post_tag","embeddable":true,"href":"https:\/\/www.accuratereviews.com\/it\/wp-json\/wp\/v2\/tags?post=5788"},{"taxonomy":"features","embeddable":true,"href":"https:\/\/www.accuratereviews.com\/it\/wp-json\/wp\/v2\/features?post=5788"}],"curies":[{"name":"wp","href":"https:\/\/api.w.org\/{rel}","templated":true}]}}