{"id":57894,"date":"2022-05-24T12:37:57","date_gmt":"2022-05-24T12:37:57","guid":{"rendered":"https:\/\/www.accuratereviews.com\/?page_id=57894"},"modified":"2022-05-24T12:37:57","modified_gmt":"2022-05-24T12:37:57","slug":"exclaimer-cloud-recensione","status":"publish","type":"page","link":"https:\/\/www.accuratereviews.com\/it\/software-creare-firme-email\/exclaimer-cloud-recensione\/","title":{"rendered":"Exclaimer Cloud"},"content":{"rendered":"<p><strong>Exclaimer Cloud<\/strong> \u00e8 una <strong>soluzione di gestione delle firme email<\/strong> che consente alle aziende di creare e gestire firme personalizzate per Microsoft 365 (ex Office 365), Google Workspace (ex G Suite) e Microsoft Exchange.\u00a0Gli utenti possono progettare firme email professionali per pi\u00f9 reparti utilizzando vari HTML, testo, immagini e modelli. Il software consente di applicare modelli di firma su pi\u00f9 dispositivi utilizzando un portale online e aggiungere banner promozionali o altri contenuti di marketing. I dipendenti possono importare i contatti dalla loro directory di utenti e modificare o aggiornare elementi specifici in tempo reale.\u00a0La soluzione viene fornita con un Signature Designer drag-and-drop, che aiuta a creare e controllare ogni elemento dei design delle firme email come font, immagini, allineamento, bordi, icone, esclusioni di responsabilit\u00e0, tabelle e altro ancora. I professionisti possono anche stabilire determinate regole per implementare le firme nelle email corrispondenti, migliorando la standardizzazione tra i reparti.<\/p>\n<h2>EXCLAIMER CLOUD &#8211; TUTORIAL<\/h2>\n<p>Vediamo con questo video come sfruttare le funzioni di questo <strong>software per creare firme per email<\/strong>:<\/p>\n<div id=\"fluid-wrapper-counter-1\" class=\"g1-fluid-wrapper \" style=\"width:686px;\">\n<div style=\"padding-bottom:56.268221574344%;\"><iframe loading=\"lazy\" title=\"Exclaimer Cloud - Email Signatures for Microsoft 365 (formerly Office 365)\" width=\"686\" height=\"386\" src=\"https:\/\/www.youtube.com\/embed\/K-upZIs_an0?feature=oembed&amp;wmode=transparent&amp;autohide=1&amp;autoplay=0&amp;disablekb=0&amp;fs=1&amp;loop=0&amp;enablejsapi=1&amp;rel=0&amp;controls=2&amp;showinfo=0&amp;wmode=transparent&amp;autohide=2&amp;autoplay=0&amp;disablekb=0&amp;fs=1&amp;loop=0&amp;enablejsapi=1&amp;rel=0&amp;controls=2&amp;showinfo=1\" frameborder=\"0\" allow=\"accelerometer; autoplay; clipboard-write; encrypted-media; gyroscope; picture-in-picture\" allowfullscreen><\/iframe><\/div>\n<\/div>\n<h3>EXCLAIMER CLOUD &#8211; CARATTERISTICHE<\/h3>\n<ul>\n<li>Gestisci le firme online<\/li>\n<li>Progetta e modifica le firme email aziendali utilizzando un intuitivo designer drag-and-drop per creare modelli che aderiscono al tuo brand aziendale<\/li>\n<li>Usa le informazioni di contatto prese dalla tua directory utente in modo che i dettagli accurati siano inclusi in ogni modello di firma<\/li>\n<li>Distribuisci istantaneamente progetti di firma email, assicurandoti che ogni messaggio inviato da utente abbia sempre una firma email professionale applicata<\/li>\n<li>Assegna firme a determinati gruppi o utenti in base alle esigenze della tua organizzazione<\/li>\n<li>Rivolgiti a un pubblico diverso con modelli di firma specifici basati sull&#8217;indirizzo email di un destinatario<\/li>\n<li>Pianifica le firme utilizzando semplici opzioni che automatizzano le modifiche.<\/li>\n<\/ul>\n<h4>LE RECENSIONI DEGLI UTENTI<\/h4>\n<p class=\"font-weight-bold mb-2\"><strong>Michael R.&#8221;La forza lavoro remota e il branding email della tua azienda&#8221;<\/strong><\/p>\n<p><span class=\"font-weight-bold\"><strong>Commenti<\/strong>: <\/span>Ha soddisfatto la visione delle nostre scuole di unificare le nostre comunicazioni.<\/p>\n<p class=\"font-weight-bold mb-2\"><strong>Pro<\/strong>:\u00a0si integra, \u00e8 facile, affidabile e si distribuisce istantaneamente. Possiamo modificare per soddisfare il cambiamento dell&#8217;ambiente come quando la nostra scuola ha ottenuto l&#8217;accreditamento. Aggiungere il registro e creare un collegamento rapido \u00e8 stato un gioco da ragazzi.<\/p>\n<p class=\"font-weight-bold mb-2\"><strong>Contro<\/strong>:\u00a0N \/ A. Dobbiamo ancora trovare un limite che ci abbia causato disagi, preoccupazione o bisogno di sostegno.<\/p>\n<h5 class=\"font-weight-bold mb-2\">Ankor S.&#8221;Uno strumento che mi salva la vita&#8221;<\/h5>\n<p><span class=\"font-weight-bold\"><strong>Commenti<\/strong>: <\/span>Quando l&#8217;ho visto per la prima volta l&#8217;ho visto un po&#8217; complicato, finch\u00e9 non sono riuscito a configurarlo correttamente \u00e8 stato molto difficile per me, una volta configurato tutto era fantastico.<\/p>\n<p class=\"font-weight-bold mb-2\"><strong>Pro<\/strong>:\u00a0quando lo hai configurato \u00e8 fantastico, puoi aggiungere pi\u00f9 persone e le firme vengono applicate e aggiornate automaticamente.<\/p>\n<p class=\"font-weight-bold mb-2\"><strong>Contro<\/strong>:\u00a0La cosa peggiore \u00e8 il design che potrebbe migliorare, c&#8217;\u00e8 tempo che devo usare la modalit\u00e0 manuale.<\/p>\n<p class=\"font-weight-bold mb-2\"><strong>Kevin V.&#8221;Ottima soluzione di firma per l&#8217;area Microsoft 365&#8243;<\/strong><\/p>\n<p><span class=\"font-weight-bold\"><strong>Commenti<\/strong>: <\/span>Siamo stati in grado di mappare diversi scenari, incluso l&#8217;invio di firme separatamente a destinatari esterni e interni.<\/p>\n<p class=\"font-weight-bold mb-2\"><strong>Pro<\/strong>:\u00a0Ci\u00f2 che ci ha colpito di pi\u00f9 \u00e8 l&#8217;installazione semplice e veloce di Exclaimer e la facilit\u00e0 d&#8217;uso tramite l&#8217;interfaccia cloud. I nostri requisiti sono stati superati dal primo giorno e non c&#8217;era nulla che Exclaimer non offrisse nella loro soluzione.<\/p>\n<p class=\"font-weight-bold mb-2\"><strong>Contro<\/strong>:\u00a0Fin dall&#8217;inizio non abbiamo avuto problemi con Exclaimer. Tutto funziona ancora bene fino ad oggi. Non ho suggerimenti per il miglioramento in questo momento.<\/p>\n<p>&nbsp;<\/p>\n","protected":false},"excerpt":{"rendered":"<p>Exclaimer Cloud \u00e8 una soluzione di gestione delle firme email che consente alle aziende di creare e gestire firme personalizzate per Microsoft 365 (ex Office 365), Google Workspace (ex G Suite) e Microsoft Exchange.\u00a0Gli utenti possono progettare firme email professionali per pi\u00f9 reparti utilizzando vari HTML, testo, immagini e modelli.<\/p>\n","protected":false},"author":16,"featured_media":57909,"parent":57751,"menu_order":0,"comment_status":"open","ping_status":"closed","template":"g1_template_page_review_new.php","meta":{"_acf_changed":false,"cwp_meta_box_check":"No","cwp_rev_product_name":"","cwp_rev_product_image":"","wppr_links":[],"cwp_rev_price":"","wppr_options":[],"wppr_pros":[],"wppr_cons":[],"_monsterinsights_skip_tracking":false,"_monsterinsights_sitenote_active":false,"_monsterinsights_sitenote_note":"","_monsterinsights_sitenote_category":0,"footnotes":""},"categories":[12645],"tags":[12670,12677,12649,12651,12648,12650],"features":[],"class_list":{"0":"post-57894","1":"page","2":"type-page","3":"status-publish","4":"has-post-thumbnail","6":"category-software-firme-email-cat","7":"tag-creare-firme-per-email","8":"tag-exclaimer-cloud","9":"tag-piattaforma-per-creare-firme-per-email","10":"tag-programma-per-creare-firme-per-email","11":"tag-software-per-creare-firme-per-email","12":"tag-soluzione-per-creare-firme-per-email"},"wppr_data":{"cwp_meta_box_check":"No"},"acf":[],"yoast_head":"<!-- This site is optimized with the Yoast SEO plugin v27.4 - https:\/\/yoast.com\/product\/yoast-seo-wordpress\/ -->\n<title>Exclaimer Cloud: recensione software creazione firme per email<\/title>\n<meta name=\"description\" content=\"Exclaimer Cloud: recensione soluzione di gestione delle firme email che consente alle aziende di creare e gestire firme personalizzate.\" \/>\n<meta name=\"robots\" content=\"index, follow, max-snippet:-1, max-image-preview:large, max-video-preview:-1\" \/>\n<link rel=\"canonical\" href=\"https:\/\/www.accuratereviews.com\/it\/software-creare-firme-email\/exclaimer-cloud-recensione\/\" \/>\n<meta property=\"og:locale\" content=\"it_IT\" \/>\n<meta property=\"og:type\" content=\"article\" \/>\n<meta property=\"og:title\" content=\"Exclaimer Cloud: recensione software creazione firme per email\" \/>\n<meta property=\"og:description\" content=\"Exclaimer Cloud: recensione soluzione di gestione delle firme email che consente alle aziende di creare e gestire firme personalizzate.\" \/>\n<meta property=\"og:url\" content=\"https:\/\/www.accuratereviews.com\/it\/software-creare-firme-email\/exclaimer-cloud-recensione\/\" \/>\n<meta property=\"og:site_name\" content=\"Accurate Reviews\" \/>\n<meta property=\"og:image\" content=\"https:\/\/www.accuratereviews.com\/wp-content\/uploads\/2022\/05\/Exclaimer-Cloud.png\" \/>\n\t<meta property=\"og:image:width\" content=\"225\" \/>\n\t<meta property=\"og:image:height\" content=\"225\" \/>\n\t<meta property=\"og:image:type\" content=\"image\/png\" \/>\n<meta name=\"twitter:card\" content=\"summary_large_image\" \/>\n<meta name=\"twitter:label1\" content=\"Tempo di lettura stimato\" \/>\n\t<meta name=\"twitter:data1\" content=\"3 minuti\" \/>\n<script type=\"application\/ld+json\" class=\"yoast-schema-graph\">{\"@context\":\"https:\\\/\\\/schema.org\",\"@graph\":[{\"@type\":\"WebPage\",\"@id\":\"https:\\\/\\\/www.accuratereviews.com\\\/it\\\/software-creare-firme-email\\\/exclaimer-cloud-recensione\\\/\",\"url\":\"https:\\\/\\\/www.accuratereviews.com\\\/it\\\/software-creare-firme-email\\\/exclaimer-cloud-recensione\\\/\",\"name\":\"Exclaimer Cloud: recensione software creazione firme per email\",\"isPartOf\":{\"@id\":\"https:\\\/\\\/www.accuratereviews.com\\\/it\\\/#website\"},\"primaryImageOfPage\":{\"@id\":\"https:\\\/\\\/www.accuratereviews.com\\\/it\\\/software-creare-firme-email\\\/exclaimer-cloud-recensione\\\/#primaryimage\"},\"image\":{\"@id\":\"https:\\\/\\\/www.accuratereviews.com\\\/it\\\/software-creare-firme-email\\\/exclaimer-cloud-recensione\\\/#primaryimage\"},\"thumbnailUrl\":\"https:\\\/\\\/www.accuratereviews.com\\\/wp-content\\\/uploads\\\/2022\\\/05\\\/Exclaimer-Cloud.png\",\"datePublished\":\"2022-05-24T12:37:57+00:00\",\"description\":\"Exclaimer Cloud: recensione soluzione di gestione delle firme email che consente alle aziende di creare e gestire firme personalizzate.\",\"breadcrumb\":{\"@id\":\"https:\\\/\\\/www.accuratereviews.com\\\/it\\\/software-creare-firme-email\\\/exclaimer-cloud-recensione\\\/#breadcrumb\"},\"inLanguage\":\"it-IT\",\"potentialAction\":[{\"@type\":\"ReadAction\",\"target\":[\"https:\\\/\\\/www.accuratereviews.com\\\/it\\\/software-creare-firme-email\\\/exclaimer-cloud-recensione\\\/\"]}]},{\"@type\":\"ImageObject\",\"inLanguage\":\"it-IT\",\"@id\":\"https:\\\/\\\/www.accuratereviews.com\\\/it\\\/software-creare-firme-email\\\/exclaimer-cloud-recensione\\\/#primaryimage\",\"url\":\"https:\\\/\\\/www.accuratereviews.com\\\/wp-content\\\/uploads\\\/2022\\\/05\\\/Exclaimer-Cloud.png\",\"contentUrl\":\"https:\\\/\\\/www.accuratereviews.com\\\/wp-content\\\/uploads\\\/2022\\\/05\\\/Exclaimer-Cloud.png\",\"width\":225,\"height\":225},{\"@type\":\"BreadcrumbList\",\"@id\":\"https:\\\/\\\/www.accuratereviews.com\\\/it\\\/software-creare-firme-email\\\/exclaimer-cloud-recensione\\\/#breadcrumb\",\"itemListElement\":[{\"@type\":\"ListItem\",\"position\":1,\"name\":\"Home\",\"item\":\"https:\\\/\\\/www.accuratereviews.com\\\/it\\\/\"},{\"@type\":\"ListItem\",\"position\":2,\"name\":\"Software per creare firme per email\",\"item\":\"https:\\\/\\\/www.accuratereviews.com\\\/it\\\/software-creare-firme-email\\\/\"},{\"@type\":\"ListItem\",\"position\":3,\"name\":\"Exclaimer Cloud\"}]},{\"@type\":\"WebSite\",\"@id\":\"https:\\\/\\\/www.accuratereviews.com\\\/it\\\/#website\",\"url\":\"https:\\\/\\\/www.accuratereviews.com\\\/it\\\/\",\"name\":\"Accurate Reviews\",\"description\":\"\",\"potentialAction\":[{\"@type\":\"SearchAction\",\"target\":{\"@type\":\"EntryPoint\",\"urlTemplate\":\"https:\\\/\\\/www.accuratereviews.com\\\/it\\\/?s={search_term_string}\"},\"query-input\":{\"@type\":\"PropertyValueSpecification\",\"valueRequired\":true,\"valueName\":\"search_term_string\"}}],\"inLanguage\":\"it-IT\"}]}<\/script>\n<!-- \/ Yoast SEO plugin. -->","yoast_head_json":{"title":"Exclaimer Cloud: recensione software creazione firme per email","description":"Exclaimer Cloud: recensione soluzione di gestione delle firme email che consente alle aziende di creare e gestire firme personalizzate.","robots":{"index":"index","follow":"follow","max-snippet":"max-snippet:-1","max-image-preview":"max-image-preview:large","max-video-preview":"max-video-preview:-1"},"canonical":"https:\/\/www.accuratereviews.com\/it\/software-creare-firme-email\/exclaimer-cloud-recensione\/","og_locale":"it_IT","og_type":"article","og_title":"Exclaimer Cloud: recensione software creazione firme per email","og_description":"Exclaimer Cloud: recensione soluzione di gestione delle firme email che consente alle aziende di creare e gestire firme personalizzate.","og_url":"https:\/\/www.accuratereviews.com\/it\/software-creare-firme-email\/exclaimer-cloud-recensione\/","og_site_name":"Accurate Reviews","og_image":[{"width":225,"height":225,"url":"https:\/\/www.accuratereviews.com\/wp-content\/uploads\/2022\/05\/Exclaimer-Cloud.png","type":"image\/png"}],"twitter_card":"summary_large_image","twitter_misc":{"Tempo di lettura stimato":"3 minuti"},"schema":{"@context":"https:\/\/schema.org","@graph":[{"@type":"WebPage","@id":"https:\/\/www.accuratereviews.com\/it\/software-creare-firme-email\/exclaimer-cloud-recensione\/","url":"https:\/\/www.accuratereviews.com\/it\/software-creare-firme-email\/exclaimer-cloud-recensione\/","name":"Exclaimer Cloud: recensione software creazione firme per email","isPartOf":{"@id":"https:\/\/www.accuratereviews.com\/it\/#website"},"primaryImageOfPage":{"@id":"https:\/\/www.accuratereviews.com\/it\/software-creare-firme-email\/exclaimer-cloud-recensione\/#primaryimage"},"image":{"@id":"https:\/\/www.accuratereviews.com\/it\/software-creare-firme-email\/exclaimer-cloud-recensione\/#primaryimage"},"thumbnailUrl":"https:\/\/www.accuratereviews.com\/wp-content\/uploads\/2022\/05\/Exclaimer-Cloud.png","datePublished":"2022-05-24T12:37:57+00:00","description":"Exclaimer Cloud: recensione soluzione di gestione delle firme email che consente alle aziende di creare e gestire firme personalizzate.","breadcrumb":{"@id":"https:\/\/www.accuratereviews.com\/it\/software-creare-firme-email\/exclaimer-cloud-recensione\/#breadcrumb"},"inLanguage":"it-IT","potentialAction":[{"@type":"ReadAction","target":["https:\/\/www.accuratereviews.com\/it\/software-creare-firme-email\/exclaimer-cloud-recensione\/"]}]},{"@type":"ImageObject","inLanguage":"it-IT","@id":"https:\/\/www.accuratereviews.com\/it\/software-creare-firme-email\/exclaimer-cloud-recensione\/#primaryimage","url":"https:\/\/www.accuratereviews.com\/wp-content\/uploads\/2022\/05\/Exclaimer-Cloud.png","contentUrl":"https:\/\/www.accuratereviews.com\/wp-content\/uploads\/2022\/05\/Exclaimer-Cloud.png","width":225,"height":225},{"@type":"BreadcrumbList","@id":"https:\/\/www.accuratereviews.com\/it\/software-creare-firme-email\/exclaimer-cloud-recensione\/#breadcrumb","itemListElement":[{"@type":"ListItem","position":1,"name":"Home","item":"https:\/\/www.accuratereviews.com\/it\/"},{"@type":"ListItem","position":2,"name":"Software per creare firme per email","item":"https:\/\/www.accuratereviews.com\/it\/software-creare-firme-email\/"},{"@type":"ListItem","position":3,"name":"Exclaimer Cloud"}]},{"@type":"WebSite","@id":"https:\/\/www.accuratereviews.com\/it\/#website","url":"https:\/\/www.accuratereviews.com\/it\/","name":"Accurate Reviews","description":"","potentialAction":[{"@type":"SearchAction","target":{"@type":"EntryPoint","urlTemplate":"https:\/\/www.accuratereviews.com\/it\/?s={search_term_string}"},"query-input":{"@type":"PropertyValueSpecification","valueRequired":true,"valueName":"search_term_string"}}],"inLanguage":"it-IT"}]}},"_links":{"self":[{"href":"https:\/\/www.accuratereviews.com\/it\/wp-json\/wp\/v2\/pages\/57894","targetHints":{"allow":["GET"]}}],"collection":[{"href":"https:\/\/www.accuratereviews.com\/it\/wp-json\/wp\/v2\/pages"}],"about":[{"href":"https:\/\/www.accuratereviews.com\/it\/wp-json\/wp\/v2\/types\/page"}],"author":[{"embeddable":true,"href":"https:\/\/www.accuratereviews.com\/it\/wp-json\/wp\/v2\/users\/16"}],"replies":[{"embeddable":true,"href":"https:\/\/www.accuratereviews.com\/it\/wp-json\/wp\/v2\/comments?post=57894"}],"version-history":[{"count":10,"href":"https:\/\/www.accuratereviews.com\/it\/wp-json\/wp\/v2\/pages\/57894\/revisions"}],"predecessor-version":[{"id":57928,"href":"https:\/\/www.accuratereviews.com\/it\/wp-json\/wp\/v2\/pages\/57894\/revisions\/57928"}],"up":[{"embeddable":true,"href":"https:\/\/www.accuratereviews.com\/it\/wp-json\/wp\/v2\/pages\/57751"}],"wp:featuredmedia":[{"embeddable":true,"href":"https:\/\/www.accuratereviews.com\/it\/wp-json\/wp\/v2\/media\/57909"}],"wp:attachment":[{"href":"https:\/\/www.accuratereviews.com\/it\/wp-json\/wp\/v2\/media?parent=57894"}],"wp:term":[{"taxonomy":"category","embeddable":true,"href":"https:\/\/www.accuratereviews.com\/it\/wp-json\/wp\/v2\/categories?post=57894"},{"taxonomy":"post_tag","embeddable":true,"href":"https:\/\/www.accuratereviews.com\/it\/wp-json\/wp\/v2\/tags?post=57894"},{"taxonomy":"features","embeddable":true,"href":"https:\/\/www.accuratereviews.com\/it\/wp-json\/wp\/v2\/features?post=57894"}],"curies":[{"name":"wp","href":"https:\/\/api.w.org\/{rel}","templated":true}]}}