{"id":57901,"date":"2022-05-24T12:41:05","date_gmt":"2022-05-24T12:41:05","guid":{"rendered":"https:\/\/www.accuratereviews.com\/?page_id=57901"},"modified":"2022-05-24T12:41:05","modified_gmt":"2022-05-24T12:41:05","slug":"newoldstamp-recensione","status":"publish","type":"page","link":"https:\/\/www.accuratereviews.com\/it\/software-creare-firme-email\/newoldstamp-recensione\/","title":{"rendered":"Newoldstamp"},"content":{"rendered":"<p><strong>Newoldstamp<\/strong> \u00e8 una <strong>piattaforma di gestione delle firme email<\/strong> perfetta per piccoli team e imprese. Configurazione della firma rapida e semplice per tutti i dipendenti dell&#8217;azienda che non richiede il coinvolgimento di team tecnici o di progettazione. Perfetta integrazione con i principali client e dispositivi di posta elettronica come\u00a0Mailchimp, HubSpot, Pipedrive e altri. Utilizzando <strong>Newoldstamp<\/strong>, le agenzie possono assegnare o programmare banner a diversi segmenti e tenere traccia dei clic degli inviti all&#8217;azione, dell&#8217;efficacia delle campagne e di altre metriche in tempo reale. I manager possono impostare modelli principali e applicare automaticamente gli aggiornamenti richiesti alle firme dei membri del personale modificando design, banner, loghi e immagini. Inoltre, i professionisti possono condividere blog, rapporti di settore, dettagli di eventi, aggiornamenti sui prodotti, richieste di feedback e programmi di riferimento con firme email per generare lead e interagire con i clienti.<\/p>\n<h2>NEWOLDSTAMP &#8211; TUTORIAL<\/h2>\n<p>Oggi vediamo come avere pi\u00f9 di una firma nella tua casella Gmail con questo <strong>software per creare firme per email<\/strong>:<\/p>\n<div id=\"fluid-wrapper-counter-1\" class=\"g1-fluid-wrapper \" style=\"width:686px;\">\n<div style=\"padding-bottom:56.268221574344%;\"><iframe loading=\"lazy\" title=\"Can You Have More Than One Signature in Gmail?\" width=\"686\" height=\"386\" src=\"https:\/\/www.youtube.com\/embed\/tLecFdBowv0?feature=oembed&amp;wmode=transparent&amp;autohide=1&amp;autoplay=0&amp;disablekb=0&amp;fs=1&amp;loop=0&amp;enablejsapi=1&amp;rel=0&amp;controls=2&amp;showinfo=0&amp;wmode=transparent&amp;autohide=2&amp;autoplay=0&amp;disablekb=0&amp;fs=1&amp;loop=0&amp;enablejsapi=1&amp;rel=0&amp;controls=2&amp;showinfo=1\" frameborder=\"0\" allow=\"accelerometer; autoplay; clipboard-write; encrypted-media; gyroscope; picture-in-picture\" allowfullscreen><\/iframe><\/div>\n<\/div>\n<h3>NEWOLDSTAMP &#8211; CARATTERISTICHE<\/h3>\n<ul>\n<li><strong>Modello di firma principale<\/strong>: aggiorna tutte le firme e i banner del reparto modificando il modello di firma principale<\/li>\n<li><strong>Segmentazione delle firme email<\/strong>: crea un layout di firma email unico per ciascuna divisione per soddisfare i tuoi obiettivi aziendali e i requisiti del brand. Puoi controllare e gestire le firme in ogni reparto in modo indipendente, nonch\u00e9 impostare i tipi di firma di risposta\/inoltro<\/li>\n<li><strong>Aggiornamento automatico della firma<\/strong>: apporta modifiche al design della firma, cambia banner, loghi e foto automaticamente apportando modifiche al modello di firma principale<\/li>\n<li><strong>Generatore di firme email personalizzate<\/strong>: richiedi un generatore personalizzato che sar\u00e0 adattato alle tue esigenze. Completamente brandizzato, con modello personalizzato, dashboard centralizzata e campagne di marketing di firma<\/li>\n<li><strong>Integrazioni con Google Workspace (in precedenza G Suite), Exchange e Microsoft 365<\/strong>: goditi una soluzione completamente automatizzata che non richiede alcuna azione da parte dei tuoi dipendenti. Invia tutte le modifiche dalla nostra dashboard direttamente alle impostazioni del client di posta elettronica. Sincronizza automaticamente i dati da Active Directory o dalla directory di Google Workspace (in precedenza G Suite) per creare firme basate sul modello principale<\/li>\n<li><strong>Semplice distribuzione delle firme email:<\/strong> crea e condividi le firme pronte per l&#8217;uso direttamente dalla dashboard. Ogni membro del team riceve la firma da copiare con guide di installazione dettagliate. Controlla lo stato di installazione di tutte le firme sulla nostra dashboard e invia promemoria<\/li>\n<li><strong>Galleria di modelli progettati professionalmente<\/strong>: scegli un preset che ti piace da una variet\u00e0 di modelli di firme email ben realizzati. Modifica lo stile in base alle tue esigenze. Se hai bisogno di un design esclusivo la soluzione pu\u00f2 personalizzarlo individualmente. I modelli sono multipiattaforma e ottimizzati per i dispositivi mobili<\/li>\n<li><strong>Personalizzazione avanzata del modello<\/strong>: crea il tuo design unico per la firma email. Migliora il modello aggiornando i caratteri, i colori dei modelli e le icone social per adattarli al tuo marchio. Modifica l&#8217;ordine dei campi o aggiungine di nuovi. Perfeziona un&#8217;immagine caricata ritagliandola, modificando la forma o ridimensionandola nell&#8217;editor<\/li>\n<li><strong>Pulsanti di invito all&#8217;azione<\/strong>: converti di pi\u00f9 aggiungendo CTA nella firma email<\/li>\n<li><strong>Testo aggiuntivo<\/strong>: aggiungi un testo specifico nella parte inferiore della firma dell&#8217;email<\/li>\n<li><strong>Promuovi eventi:<\/strong> aggiungi singole icone e collegamenti al calendario<\/li>\n<li><strong>Pulsanti dei social media<\/strong>:\u00a0inserisci i pulsanti Facebook, Twitter, LinkedIn, Pinterest, Instagram per aumentare i follower delle tue pagine aziendali.<\/li>\n<\/ul>\n<h4>LE RECENSIONI DEGLI UTENTI<\/h4>\n<p><strong>Jhon D.:&#8221;Eccellenti firme e-mail con banner per il marketing&#8221;<\/strong><\/p>\n<p><strong>Pro<\/strong>:\u00a0Newoldstamp mi ha permesso di creare firme email accattivanti in pochi minuti utilizzando molti dei loro modelli gi\u00e0 pronti.<\/p>\n<p><strong>Contro<\/strong>:\u00a0Newoldstamp ha coperto quasi tutte le funzionalit\u00e0 di cui ho bisogno per le firme email.<\/p>\n<p class=\"font-weight-bold mb-2\"><strong>Jonathan L.&#8221;Facilit\u00e0 d&#8217;uso per gestire la coerenza del marchio come una squadra&#8221;<\/strong><\/p>\n<p class=\"font-weight-bold mb-2\"><strong>Pro<\/strong>:\u00a0\u00c8 cos\u00ec facile per me gestire il messaggio del team e il branding, cambiando il banner per rimanere al passo con i tempi senza bisogno di input e coinvolgimento di ogni membro dello staff<\/p>\n<p><strong>Contro<\/strong>:\u00a0Niente, ho selezionato tutte le caselle di quello che stavo cercando<\/p>\n<p class=\"font-weight-bold mb-2\"><strong>Tresa T.&#8221;Usa le firme e-mail e sembri professionale&#8221;<\/strong><\/p>\n<p class=\"font-weight-bold mb-2\"><strong>Commenti<\/strong>: Ottima esperienza con le firme e-mail che sembrano molto professionali. Puoi inserire la tua foto nella firma insieme ad altri modi per contattarti. Scelta multipla di banner che puoi aggiungere e modificare anche specifici per le festivit\u00e0 in corso. \u00c8 un acquisto degno.<\/p>\n<p><strong>Pro<\/strong>:\u00a0Ho fino a 5 scelte per diversificare la mia firma email. Un buon set di opzioni per look diversi. Pu\u00f2 cambiare l&#8217;aspetto con una scelta di banner aggiunti. Ha diversi campi per inserire le tue informazioni di contatto, pagine social, email, link di prenotazione per una variet\u00e0 di modi per metterti in contatto con te. \u00c8 facile inserire immediatamente la tua firma nell&#8217;e-mail che finalizza la tua email pi\u00f9 rapidamente.<\/p>\n<p><strong>Contro<\/strong>:\u00a0La possibilit\u00e0 di cambiare il modo in cui vuoi vedere le icone del telefono, dell&#8217;email e di altri campi, sia che tu voglia telefono e vorresti anche vedere un&#8217;opzione di campo vuoto per fare ci\u00f2 che vuoi in quel campo.<\/p>\n","protected":false},"excerpt":{"rendered":"<p>Newoldstamp \u00e8 una piattaforma di gestione delle firme email perfetta per piccoli team e imprese. Configurazione della firma rapida e semplice per tutti i dipendenti dell&#8217;azienda che non richiede il coinvolgimento di team tecnici o di progettazione. Perfetta integrazione con i principali client e dispositivi di posta elettronica come\u00a0Mailchimp, HubSpot, Pipedrive e altri.<\/p>\n","protected":false},"author":16,"featured_media":57902,"parent":57751,"menu_order":0,"comment_status":"open","ping_status":"closed","template":"g1_template_page_review_new.php","meta":{"_acf_changed":false,"cwp_meta_box_check":"No","cwp_rev_product_name":"","cwp_rev_product_image":"","wppr_links":[],"cwp_rev_price":"","wppr_options":[],"wppr_pros":[],"wppr_cons":[],"_monsterinsights_skip_tracking":false,"_monsterinsights_sitenote_active":false,"_monsterinsights_sitenote_note":"","_monsterinsights_sitenote_category":0,"footnotes":""},"categories":[12645],"tags":[12670,12676,12649,12651,12648,12650],"features":[],"class_list":{"0":"post-57901","1":"page","2":"type-page","3":"status-publish","4":"has-post-thumbnail","6":"category-software-firme-email-cat","7":"tag-creare-firme-per-email","8":"tag-newoldstamp","9":"tag-piattaforma-per-creare-firme-per-email","10":"tag-programma-per-creare-firme-per-email","11":"tag-software-per-creare-firme-per-email","12":"tag-soluzione-per-creare-firme-per-email"},"wppr_data":{"cwp_meta_box_check":"No"},"acf":[],"yoast_head":"<!-- This site is optimized with the Yoast SEO plugin v27.4 - https:\/\/yoast.com\/product\/yoast-seo-wordpress\/ -->\n<title>Newoldstamp: recensione software creazione firme per email<\/title>\n<meta name=\"description\" content=\"Newoldstamp: recensione piattaforma di gestione e creazione delle firme email perfetta per piccoli team e imprese.\" \/>\n<meta name=\"robots\" content=\"index, follow, max-snippet:-1, max-image-preview:large, max-video-preview:-1\" \/>\n<link rel=\"canonical\" href=\"https:\/\/www.accuratereviews.com\/it\/software-creare-firme-email\/newoldstamp-recensione\/\" \/>\n<meta property=\"og:locale\" content=\"it_IT\" \/>\n<meta property=\"og:type\" content=\"article\" \/>\n<meta property=\"og:title\" content=\"Newoldstamp: recensione software creazione firme per email\" \/>\n<meta property=\"og:description\" content=\"Newoldstamp: recensione piattaforma di gestione e creazione delle firme email perfetta per piccoli team e imprese.\" \/>\n<meta property=\"og:url\" content=\"https:\/\/www.accuratereviews.com\/it\/software-creare-firme-email\/newoldstamp-recensione\/\" \/>\n<meta property=\"og:site_name\" content=\"Accurate Reviews\" \/>\n<meta property=\"og:image\" content=\"https:\/\/www.accuratereviews.com\/wp-content\/uploads\/2022\/05\/Newoldstamp.png\" \/>\n\t<meta property=\"og:image:width\" content=\"200\" \/>\n\t<meta property=\"og:image:height\" content=\"200\" \/>\n\t<meta property=\"og:image:type\" content=\"image\/png\" \/>\n<meta name=\"twitter:card\" content=\"summary_large_image\" \/>\n<meta name=\"twitter:label1\" content=\"Tempo di lettura stimato\" \/>\n\t<meta name=\"twitter:data1\" content=\"5 minuti\" \/>\n<script type=\"application\/ld+json\" class=\"yoast-schema-graph\">{\"@context\":\"https:\\\/\\\/schema.org\",\"@graph\":[{\"@type\":\"WebPage\",\"@id\":\"https:\\\/\\\/www.accuratereviews.com\\\/it\\\/software-creare-firme-email\\\/newoldstamp-recensione\\\/\",\"url\":\"https:\\\/\\\/www.accuratereviews.com\\\/it\\\/software-creare-firme-email\\\/newoldstamp-recensione\\\/\",\"name\":\"Newoldstamp: recensione software creazione firme per email\",\"isPartOf\":{\"@id\":\"https:\\\/\\\/www.accuratereviews.com\\\/it\\\/#website\"},\"primaryImageOfPage\":{\"@id\":\"https:\\\/\\\/www.accuratereviews.com\\\/it\\\/software-creare-firme-email\\\/newoldstamp-recensione\\\/#primaryimage\"},\"image\":{\"@id\":\"https:\\\/\\\/www.accuratereviews.com\\\/it\\\/software-creare-firme-email\\\/newoldstamp-recensione\\\/#primaryimage\"},\"thumbnailUrl\":\"https:\\\/\\\/www.accuratereviews.com\\\/wp-content\\\/uploads\\\/2022\\\/05\\\/Newoldstamp.png\",\"datePublished\":\"2022-05-24T12:41:05+00:00\",\"description\":\"Newoldstamp: recensione piattaforma di gestione e creazione delle firme email perfetta per piccoli team e imprese.\",\"breadcrumb\":{\"@id\":\"https:\\\/\\\/www.accuratereviews.com\\\/it\\\/software-creare-firme-email\\\/newoldstamp-recensione\\\/#breadcrumb\"},\"inLanguage\":\"it-IT\",\"potentialAction\":[{\"@type\":\"ReadAction\",\"target\":[\"https:\\\/\\\/www.accuratereviews.com\\\/it\\\/software-creare-firme-email\\\/newoldstamp-recensione\\\/\"]}]},{\"@type\":\"ImageObject\",\"inLanguage\":\"it-IT\",\"@id\":\"https:\\\/\\\/www.accuratereviews.com\\\/it\\\/software-creare-firme-email\\\/newoldstamp-recensione\\\/#primaryimage\",\"url\":\"https:\\\/\\\/www.accuratereviews.com\\\/wp-content\\\/uploads\\\/2022\\\/05\\\/Newoldstamp.png\",\"contentUrl\":\"https:\\\/\\\/www.accuratereviews.com\\\/wp-content\\\/uploads\\\/2022\\\/05\\\/Newoldstamp.png\",\"width\":200,\"height\":200},{\"@type\":\"BreadcrumbList\",\"@id\":\"https:\\\/\\\/www.accuratereviews.com\\\/it\\\/software-creare-firme-email\\\/newoldstamp-recensione\\\/#breadcrumb\",\"itemListElement\":[{\"@type\":\"ListItem\",\"position\":1,\"name\":\"Home\",\"item\":\"https:\\\/\\\/www.accuratereviews.com\\\/it\\\/\"},{\"@type\":\"ListItem\",\"position\":2,\"name\":\"Software per creare firme per email\",\"item\":\"https:\\\/\\\/www.accuratereviews.com\\\/it\\\/software-creare-firme-email\\\/\"},{\"@type\":\"ListItem\",\"position\":3,\"name\":\"Newoldstamp\"}]},{\"@type\":\"WebSite\",\"@id\":\"https:\\\/\\\/www.accuratereviews.com\\\/it\\\/#website\",\"url\":\"https:\\\/\\\/www.accuratereviews.com\\\/it\\\/\",\"name\":\"Accurate Reviews\",\"description\":\"\",\"potentialAction\":[{\"@type\":\"SearchAction\",\"target\":{\"@type\":\"EntryPoint\",\"urlTemplate\":\"https:\\\/\\\/www.accuratereviews.com\\\/it\\\/?s={search_term_string}\"},\"query-input\":{\"@type\":\"PropertyValueSpecification\",\"valueRequired\":true,\"valueName\":\"search_term_string\"}}],\"inLanguage\":\"it-IT\"}]}<\/script>\n<!-- \/ Yoast SEO plugin. -->","yoast_head_json":{"title":"Newoldstamp: recensione software creazione firme per email","description":"Newoldstamp: recensione piattaforma di gestione e creazione delle firme email perfetta per piccoli team e imprese.","robots":{"index":"index","follow":"follow","max-snippet":"max-snippet:-1","max-image-preview":"max-image-preview:large","max-video-preview":"max-video-preview:-1"},"canonical":"https:\/\/www.accuratereviews.com\/it\/software-creare-firme-email\/newoldstamp-recensione\/","og_locale":"it_IT","og_type":"article","og_title":"Newoldstamp: recensione software creazione firme per email","og_description":"Newoldstamp: recensione piattaforma di gestione e creazione delle firme email perfetta per piccoli team e imprese.","og_url":"https:\/\/www.accuratereviews.com\/it\/software-creare-firme-email\/newoldstamp-recensione\/","og_site_name":"Accurate Reviews","og_image":[{"width":200,"height":200,"url":"https:\/\/www.accuratereviews.com\/wp-content\/uploads\/2022\/05\/Newoldstamp.png","type":"image\/png"}],"twitter_card":"summary_large_image","twitter_misc":{"Tempo di lettura stimato":"5 minuti"},"schema":{"@context":"https:\/\/schema.org","@graph":[{"@type":"WebPage","@id":"https:\/\/www.accuratereviews.com\/it\/software-creare-firme-email\/newoldstamp-recensione\/","url":"https:\/\/www.accuratereviews.com\/it\/software-creare-firme-email\/newoldstamp-recensione\/","name":"Newoldstamp: recensione software creazione firme per email","isPartOf":{"@id":"https:\/\/www.accuratereviews.com\/it\/#website"},"primaryImageOfPage":{"@id":"https:\/\/www.accuratereviews.com\/it\/software-creare-firme-email\/newoldstamp-recensione\/#primaryimage"},"image":{"@id":"https:\/\/www.accuratereviews.com\/it\/software-creare-firme-email\/newoldstamp-recensione\/#primaryimage"},"thumbnailUrl":"https:\/\/www.accuratereviews.com\/wp-content\/uploads\/2022\/05\/Newoldstamp.png","datePublished":"2022-05-24T12:41:05+00:00","description":"Newoldstamp: recensione piattaforma di gestione e creazione delle firme email perfetta per piccoli team e imprese.","breadcrumb":{"@id":"https:\/\/www.accuratereviews.com\/it\/software-creare-firme-email\/newoldstamp-recensione\/#breadcrumb"},"inLanguage":"it-IT","potentialAction":[{"@type":"ReadAction","target":["https:\/\/www.accuratereviews.com\/it\/software-creare-firme-email\/newoldstamp-recensione\/"]}]},{"@type":"ImageObject","inLanguage":"it-IT","@id":"https:\/\/www.accuratereviews.com\/it\/software-creare-firme-email\/newoldstamp-recensione\/#primaryimage","url":"https:\/\/www.accuratereviews.com\/wp-content\/uploads\/2022\/05\/Newoldstamp.png","contentUrl":"https:\/\/www.accuratereviews.com\/wp-content\/uploads\/2022\/05\/Newoldstamp.png","width":200,"height":200},{"@type":"BreadcrumbList","@id":"https:\/\/www.accuratereviews.com\/it\/software-creare-firme-email\/newoldstamp-recensione\/#breadcrumb","itemListElement":[{"@type":"ListItem","position":1,"name":"Home","item":"https:\/\/www.accuratereviews.com\/it\/"},{"@type":"ListItem","position":2,"name":"Software per creare firme per email","item":"https:\/\/www.accuratereviews.com\/it\/software-creare-firme-email\/"},{"@type":"ListItem","position":3,"name":"Newoldstamp"}]},{"@type":"WebSite","@id":"https:\/\/www.accuratereviews.com\/it\/#website","url":"https:\/\/www.accuratereviews.com\/it\/","name":"Accurate Reviews","description":"","potentialAction":[{"@type":"SearchAction","target":{"@type":"EntryPoint","urlTemplate":"https:\/\/www.accuratereviews.com\/it\/?s={search_term_string}"},"query-input":{"@type":"PropertyValueSpecification","valueRequired":true,"valueName":"search_term_string"}}],"inLanguage":"it-IT"}]}},"_links":{"self":[{"href":"https:\/\/www.accuratereviews.com\/it\/wp-json\/wp\/v2\/pages\/57901","targetHints":{"allow":["GET"]}}],"collection":[{"href":"https:\/\/www.accuratereviews.com\/it\/wp-json\/wp\/v2\/pages"}],"about":[{"href":"https:\/\/www.accuratereviews.com\/it\/wp-json\/wp\/v2\/types\/page"}],"author":[{"embeddable":true,"href":"https:\/\/www.accuratereviews.com\/it\/wp-json\/wp\/v2\/users\/16"}],"replies":[{"embeddable":true,"href":"https:\/\/www.accuratereviews.com\/it\/wp-json\/wp\/v2\/comments?post=57901"}],"version-history":[{"count":10,"href":"https:\/\/www.accuratereviews.com\/it\/wp-json\/wp\/v2\/pages\/57901\/revisions"}],"predecessor-version":[{"id":57930,"href":"https:\/\/www.accuratereviews.com\/it\/wp-json\/wp\/v2\/pages\/57901\/revisions\/57930"}],"up":[{"embeddable":true,"href":"https:\/\/www.accuratereviews.com\/it\/wp-json\/wp\/v2\/pages\/57751"}],"wp:featuredmedia":[{"embeddable":true,"href":"https:\/\/www.accuratereviews.com\/it\/wp-json\/wp\/v2\/media\/57902"}],"wp:attachment":[{"href":"https:\/\/www.accuratereviews.com\/it\/wp-json\/wp\/v2\/media?parent=57901"}],"wp:term":[{"taxonomy":"category","embeddable":true,"href":"https:\/\/www.accuratereviews.com\/it\/wp-json\/wp\/v2\/categories?post=57901"},{"taxonomy":"post_tag","embeddable":true,"href":"https:\/\/www.accuratereviews.com\/it\/wp-json\/wp\/v2\/tags?post=57901"},{"taxonomy":"features","embeddable":true,"href":"https:\/\/www.accuratereviews.com\/it\/wp-json\/wp\/v2\/features?post=57901"}],"curies":[{"name":"wp","href":"https:\/\/api.w.org\/{rel}","templated":true}]}}