{"id":57964,"date":"2022-05-25T10:55:14","date_gmt":"2022-05-25T10:55:14","guid":{"rendered":"https:\/\/www.accuratereviews.com\/?page_id=57964"},"modified":"2022-05-25T10:55:14","modified_gmt":"2022-05-25T10:55:14","slug":"rocketseed-email-signatures-recensione","status":"publish","type":"page","link":"https:\/\/www.accuratereviews.com\/it\/software-creare-firme-email\/rocketseed-email-signatures-recensione\/","title":{"rendered":"Rocketseed Email Signatures"},"content":{"rendered":"<p><strong>Rocketseed Email Signatures<\/strong> \u00e8 un <strong>software di firma email<\/strong> che soddisfa le esigenze sia dell&#8217;IT che del marketing.\u00a0Crea e controlla centralmente le firme sul marchio. Semplice da implementare, sicuro al 100%, ottimizzato per Microsoft 365, Google Workspace ed Exchange.\u00a0Apri infinite opportunit\u00e0 promozionali con campagne di marketing di banner email su ogni messaggio inviato. Indirizza il traffico verso siti web, social media e piattaforma di vendita. Le regole di segmentazione, targeting e pianificazione aiutano gli utenti a raggiungere i destinatari giusti al momento giusto. Promuovi i contenuti e tieni traccia di ogni clic per misurare il successo, aprendo un canale di marketing creativo ed economico.<\/p>\n<h2>ROCKETSEED EMAIL SIGNATURES &#8211; TUTORIAL<\/h2>\n<p>Guarda come <strong>gestire le firme email<\/strong> in modo semplice, sicuro e senza stress:<\/p>\n<div id=\"fluid-wrapper-counter-1\" class=\"g1-fluid-wrapper \" style=\"width:686px;\">\n<div style=\"padding-bottom:56.268221574344%;\"><iframe loading=\"lazy\" title=\"Rocketseed Email Signature Manager for Office 365 \u2013 How it works\" width=\"686\" height=\"386\" src=\"https:\/\/www.youtube.com\/embed\/xm9c2UqJjIo?feature=oembed&amp;wmode=transparent&amp;autohide=1&amp;autoplay=0&amp;disablekb=0&amp;fs=1&amp;loop=0&amp;enablejsapi=1&amp;rel=0&amp;controls=2&amp;showinfo=0&amp;wmode=transparent&amp;autohide=2&amp;autoplay=0&amp;disablekb=0&amp;fs=1&amp;loop=0&amp;enablejsapi=1&amp;rel=0&amp;controls=2&amp;showinfo=1\" frameborder=\"0\" allow=\"accelerometer; autoplay; clipboard-write; encrypted-media; gyroscope; picture-in-picture\" allowfullscreen><\/iframe><\/div>\n<\/div>\n<h3>ROCKETSEED EMAIL SIGNATURES &#8211; CARATTERISTICHE<\/h3>\n<ul>\n<li><strong>Modelli di firma email<\/strong>: progetta facilmente la tua firma email professionale da uno dei modelli utilizzando l&#8217;editor di firme per i clienti. Non \u00e8 richiesta alcuna esperienza HTML, tutte le firme verranno visualizzate perfettamente su ogni dispositivo e sono a prova di manomissione al 100%<\/li>\n<li><strong>Dichiarazione di non responsabilit\u00e0 email personalizzata<\/strong>: i disclaimer proteggono il tuo brand e aiutano a garantire la conformit\u00e0 legale. Possono essere personalizzati dinamicamente e datati automaticamente come prova del mittente originale, del destinatario e dell&#8217;ora di invio<\/li>\n<li><strong>Campagne Live Banner<\/strong>: sebbene tu possa scegliere di avere una sola campagna di banner in diretta, la soluzione ti d\u00e0 l&#8217;opportunit\u00e0 di eseguire pi\u00f9 design di banner email a rotazione per mantenere aggiornati i tuoi messaggi di marketing e mostrare una gamma di promozioni simultanee<\/li>\n<li><strong>Test A\/B della campagna<\/strong>: con pi\u00f9 inviti all&#8217;azione e\/o design sui tuoi banner di marketing, le campagne possono essere eseguite contemporaneamente. Le analisi di marketing \u00a0ti mostrano l&#8217;esatto coinvolgimento che ciascuno ottiene in modo da poter perfezionare le campagne future<\/li>\n<li><strong>Programmazione della data personalizzata<\/strong>: puoi automatizzare le date di inizio e fine del tuo banner &#8220;live&#8221; per assicurarti che le tue campagne di marketing delle firme email siano sempre puntuali, rendendolo ideale per promuovere eventi e offerte stagionali<\/li>\n<li><strong>Retargeting della campagna<\/strong>: le regole di retargeting significano che puoi raggiungere automaticamente i destinatari con le campagne banner email pi\u00f9 pertinenti per loro in base al loro precedente comportamento di click-through del banner, massimizzando le opportunit\u00e0 di conversione<\/li>\n<li><strong>Collegamenti multipli all&#8217;interno di un banner<\/strong>: la mappatura delle immagini ti consente di presentare pi\u00f9 pulsanti interattivi di inviti all&#8217;azione in un unico banner. Offrendo ai destinatari opzioni su cui fare clic, questo rende i banner email ideali per l&#8217;upselling e il cross-selling, sondaggi, valutazioni, social media e altro ancora<\/li>\n<li><strong>Segmentazione e targeting avanzati<\/strong>: le regole di segmentazione avanzate ti consentono di assegnare campagne banner a mittenti e destinatari specifici, in modo che il messaggio giusto raggiunga sempre il pubblico giusto.<\/li>\n<\/ul>\n<h4>LE RECENSIONI DEGLI UTENTI<\/h4>\n<p class=\"font-weight-bold mb-2\"><strong>Duygu Y.&#8221;Ingresso RS&#8221;<\/strong><\/p>\n<p class=\"font-weight-bold mb-2\"><strong>Pro<\/strong>:\u00a0Il team di supporto di Rocketseed \u00e8 molto disponibile e veloce. Penso che questo li faccia risaltare tra gli altri<\/p>\n<p class=\"font-weight-bold mb-2\"><strong>Contro<\/strong>:\u00a0Nessun problema con l&#8217;estetica, tuttavia il back-end potrebbe essere pi\u00f9 intuitivo<\/p>\n<p class=\"font-weight-bold mb-2\"><strong>Lyle K.&#8221;Conveniente, ottimo prodotto&#8221;<\/strong><\/p>\n<p class=\"font-weight-bold mb-2\"><strong>Pro<\/strong>:\u00a0Il supporto di Rocketseed avr\u00e0 la maggior parte della configurazione e ti aiuter\u00e0 a configurarla nel modo in cui ne hai bisogno. Sono costantemente al lavoro su nuove funzionalit\u00e0 e per Office 365 ha rilasciato un&#8217;app per aggiornare gli elementi inviati per Outlook Meno della met\u00e0 del costo del loro concorrente<\/p>\n<p class=\"font-weight-bold mb-2\"><strong>Contro<\/strong>:\u00a0L&#8217;aggiornamento degli articoli inviati \u00e8 in versione beta, vorrei vedere una sorta di funzionalit\u00e0 di aggiornamento degli articoli inviati da dispositivi mobili per Office 365, tuttavia ho capito che \u00e8 in lavorazione con Microsoft<\/p>\n<p class=\"font-weight-bold mb-2\"><strong>Eugene B.&#8221;Cliente felice&#8221;<\/strong><\/p>\n<p><span class=\"font-weight-bold\"><strong>Commenti<\/strong>: <\/span>Esperienza molto positiva! Anche i banner della campagna sono un must! Tutto sommato un ottimo prodotto.<\/p>\n<p class=\"font-weight-bold mb-2\"><strong>Pro<\/strong>:\u00a0In primo luogo vorrei dire che il servizio cliente \u00e8 ottimo. \u00c8 sempre a disposizione per aiutarmi con le mie domande e lo spiega in modo tale da renderlo facile da capire. Dopodich\u00e9, il software \u00e8 davvero facile da comprendere. L&#8217;intera interfaccia \u00e8 facile da usare!<\/p>\n<p class=\"font-weight-bold mb-2\"><strong>Contro<\/strong>:\u00a0Non c&#8217;\u00e8 niente che non mi piaccia!<\/p>\n","protected":false},"excerpt":{"rendered":"<p>Rocketseed Email Signatures \u00e8 un software di firma email che soddisfa le esigenze sia dell&#8217;IT che del marketing.\u00a0Crea e controlla centralmente le firme sul marchio. Semplice da implementare, sicuro al 100%, ottimizzato per Microsoft 365, Google Workspace ed Exchange.\u00a0Apri infinite opportunit\u00e0 promozionali con campagne di marketing di banner email su ogni messaggio inviato. Indirizza il traffico verso siti web, social media e piattaforma di vendita.<\/p>\n","protected":false},"author":16,"featured_media":58006,"parent":57751,"menu_order":0,"comment_status":"open","ping_status":"closed","template":"g1_template_page_review_new.php","meta":{"_acf_changed":false,"cwp_meta_box_check":"No","cwp_rev_product_name":"","cwp_rev_product_image":"","wppr_links":[],"cwp_rev_price":"","wppr_options":[],"wppr_pros":[],"wppr_cons":[],"_monsterinsights_skip_tracking":false,"_monsterinsights_sitenote_active":false,"_monsterinsights_sitenote_note":"","_monsterinsights_sitenote_category":0,"footnotes":""},"categories":[12645],"tags":[12670,12649,12651,12692,12648,12650],"features":[],"class_list":{"0":"post-57964","1":"page","2":"type-page","3":"status-publish","4":"has-post-thumbnail","6":"category-software-firme-email-cat","7":"tag-creare-firme-per-email","8":"tag-piattaforma-per-creare-firme-per-email","9":"tag-programma-per-creare-firme-per-email","10":"tag-rocketseed-email-signatures","11":"tag-software-per-creare-firme-per-email","12":"tag-soluzione-per-creare-firme-per-email"},"wppr_data":{"cwp_meta_box_check":"No"},"acf":[],"yoast_head":"<!-- This site is optimized with the Yoast SEO plugin v27.4 - https:\/\/yoast.com\/product\/yoast-seo-wordpress\/ -->\n<title>Rocketseed Email Signatures: recensione software per creare firme email<\/title>\n<meta name=\"description\" content=\"Rocketseed Email Signatures: recensione software di firma email che soddisfa le esigenze sia dell&#039;IT che del marketing.\u00a0\" \/>\n<meta name=\"robots\" content=\"index, follow, max-snippet:-1, max-image-preview:large, max-video-preview:-1\" \/>\n<link rel=\"canonical\" href=\"https:\/\/www.accuratereviews.com\/it\/software-creare-firme-email\/rocketseed-email-signatures-recensione\/\" \/>\n<meta property=\"og:locale\" content=\"it_IT\" \/>\n<meta property=\"og:type\" content=\"article\" \/>\n<meta property=\"og:title\" content=\"Rocketseed Email Signatures: recensione software per creare firme email\" \/>\n<meta property=\"og:description\" content=\"Rocketseed Email Signatures: recensione software di firma email che soddisfa le esigenze sia dell&#039;IT che del marketing.\u00a0\" \/>\n<meta property=\"og:url\" content=\"https:\/\/www.accuratereviews.com\/it\/software-creare-firme-email\/rocketseed-email-signatures-recensione\/\" \/>\n<meta property=\"og:site_name\" content=\"Accurate Reviews\" \/>\n<meta property=\"og:image\" content=\"https:\/\/www.accuratereviews.com\/wp-content\/uploads\/2022\/05\/Rocketseed-Email-Signatures.png\" \/>\n\t<meta property=\"og:image:width\" content=\"400\" \/>\n\t<meta property=\"og:image:height\" content=\"400\" \/>\n\t<meta property=\"og:image:type\" content=\"image\/png\" \/>\n<meta name=\"twitter:card\" content=\"summary_large_image\" \/>\n<meta name=\"twitter:label1\" content=\"Tempo di lettura stimato\" \/>\n\t<meta name=\"twitter:data1\" content=\"4 minuti\" \/>\n<script type=\"application\/ld+json\" class=\"yoast-schema-graph\">{\"@context\":\"https:\\\/\\\/schema.org\",\"@graph\":[{\"@type\":\"WebPage\",\"@id\":\"https:\\\/\\\/www.accuratereviews.com\\\/it\\\/software-creare-firme-email\\\/rocketseed-email-signatures-recensione\\\/\",\"url\":\"https:\\\/\\\/www.accuratereviews.com\\\/it\\\/software-creare-firme-email\\\/rocketseed-email-signatures-recensione\\\/\",\"name\":\"Rocketseed Email Signatures: recensione software per creare firme email\",\"isPartOf\":{\"@id\":\"https:\\\/\\\/www.accuratereviews.com\\\/it\\\/#website\"},\"primaryImageOfPage\":{\"@id\":\"https:\\\/\\\/www.accuratereviews.com\\\/it\\\/software-creare-firme-email\\\/rocketseed-email-signatures-recensione\\\/#primaryimage\"},\"image\":{\"@id\":\"https:\\\/\\\/www.accuratereviews.com\\\/it\\\/software-creare-firme-email\\\/rocketseed-email-signatures-recensione\\\/#primaryimage\"},\"thumbnailUrl\":\"https:\\\/\\\/www.accuratereviews.com\\\/wp-content\\\/uploads\\\/2022\\\/05\\\/Rocketseed-Email-Signatures.png\",\"datePublished\":\"2022-05-25T10:55:14+00:00\",\"description\":\"Rocketseed Email Signatures: recensione software di firma email che soddisfa le esigenze sia dell'IT che del marketing.\u00a0\",\"breadcrumb\":{\"@id\":\"https:\\\/\\\/www.accuratereviews.com\\\/it\\\/software-creare-firme-email\\\/rocketseed-email-signatures-recensione\\\/#breadcrumb\"},\"inLanguage\":\"it-IT\",\"potentialAction\":[{\"@type\":\"ReadAction\",\"target\":[\"https:\\\/\\\/www.accuratereviews.com\\\/it\\\/software-creare-firme-email\\\/rocketseed-email-signatures-recensione\\\/\"]}]},{\"@type\":\"ImageObject\",\"inLanguage\":\"it-IT\",\"@id\":\"https:\\\/\\\/www.accuratereviews.com\\\/it\\\/software-creare-firme-email\\\/rocketseed-email-signatures-recensione\\\/#primaryimage\",\"url\":\"https:\\\/\\\/www.accuratereviews.com\\\/wp-content\\\/uploads\\\/2022\\\/05\\\/Rocketseed-Email-Signatures.png\",\"contentUrl\":\"https:\\\/\\\/www.accuratereviews.com\\\/wp-content\\\/uploads\\\/2022\\\/05\\\/Rocketseed-Email-Signatures.png\",\"width\":400,\"height\":400},{\"@type\":\"BreadcrumbList\",\"@id\":\"https:\\\/\\\/www.accuratereviews.com\\\/it\\\/software-creare-firme-email\\\/rocketseed-email-signatures-recensione\\\/#breadcrumb\",\"itemListElement\":[{\"@type\":\"ListItem\",\"position\":1,\"name\":\"Home\",\"item\":\"https:\\\/\\\/www.accuratereviews.com\\\/it\\\/\"},{\"@type\":\"ListItem\",\"position\":2,\"name\":\"Software per creare firme per email\",\"item\":\"https:\\\/\\\/www.accuratereviews.com\\\/it\\\/software-creare-firme-email\\\/\"},{\"@type\":\"ListItem\",\"position\":3,\"name\":\"Rocketseed Email Signatures\"}]},{\"@type\":\"WebSite\",\"@id\":\"https:\\\/\\\/www.accuratereviews.com\\\/it\\\/#website\",\"url\":\"https:\\\/\\\/www.accuratereviews.com\\\/it\\\/\",\"name\":\"Accurate Reviews\",\"description\":\"\",\"potentialAction\":[{\"@type\":\"SearchAction\",\"target\":{\"@type\":\"EntryPoint\",\"urlTemplate\":\"https:\\\/\\\/www.accuratereviews.com\\\/it\\\/?s={search_term_string}\"},\"query-input\":{\"@type\":\"PropertyValueSpecification\",\"valueRequired\":true,\"valueName\":\"search_term_string\"}}],\"inLanguage\":\"it-IT\"}]}<\/script>\n<!-- \/ Yoast SEO plugin. -->","yoast_head_json":{"title":"Rocketseed Email Signatures: recensione software per creare firme email","description":"Rocketseed Email Signatures: recensione software di firma email che soddisfa le esigenze sia dell'IT che del marketing.\u00a0","robots":{"index":"index","follow":"follow","max-snippet":"max-snippet:-1","max-image-preview":"max-image-preview:large","max-video-preview":"max-video-preview:-1"},"canonical":"https:\/\/www.accuratereviews.com\/it\/software-creare-firme-email\/rocketseed-email-signatures-recensione\/","og_locale":"it_IT","og_type":"article","og_title":"Rocketseed Email Signatures: recensione software per creare firme email","og_description":"Rocketseed Email Signatures: recensione software di firma email che soddisfa le esigenze sia dell'IT che del marketing.\u00a0","og_url":"https:\/\/www.accuratereviews.com\/it\/software-creare-firme-email\/rocketseed-email-signatures-recensione\/","og_site_name":"Accurate Reviews","og_image":[{"width":400,"height":400,"url":"https:\/\/www.accuratereviews.com\/wp-content\/uploads\/2022\/05\/Rocketseed-Email-Signatures.png","type":"image\/png"}],"twitter_card":"summary_large_image","twitter_misc":{"Tempo di lettura stimato":"4 minuti"},"schema":{"@context":"https:\/\/schema.org","@graph":[{"@type":"WebPage","@id":"https:\/\/www.accuratereviews.com\/it\/software-creare-firme-email\/rocketseed-email-signatures-recensione\/","url":"https:\/\/www.accuratereviews.com\/it\/software-creare-firme-email\/rocketseed-email-signatures-recensione\/","name":"Rocketseed Email Signatures: recensione software per creare firme email","isPartOf":{"@id":"https:\/\/www.accuratereviews.com\/it\/#website"},"primaryImageOfPage":{"@id":"https:\/\/www.accuratereviews.com\/it\/software-creare-firme-email\/rocketseed-email-signatures-recensione\/#primaryimage"},"image":{"@id":"https:\/\/www.accuratereviews.com\/it\/software-creare-firme-email\/rocketseed-email-signatures-recensione\/#primaryimage"},"thumbnailUrl":"https:\/\/www.accuratereviews.com\/wp-content\/uploads\/2022\/05\/Rocketseed-Email-Signatures.png","datePublished":"2022-05-25T10:55:14+00:00","description":"Rocketseed Email Signatures: recensione software di firma email che soddisfa le esigenze sia dell'IT che del marketing.\u00a0","breadcrumb":{"@id":"https:\/\/www.accuratereviews.com\/it\/software-creare-firme-email\/rocketseed-email-signatures-recensione\/#breadcrumb"},"inLanguage":"it-IT","potentialAction":[{"@type":"ReadAction","target":["https:\/\/www.accuratereviews.com\/it\/software-creare-firme-email\/rocketseed-email-signatures-recensione\/"]}]},{"@type":"ImageObject","inLanguage":"it-IT","@id":"https:\/\/www.accuratereviews.com\/it\/software-creare-firme-email\/rocketseed-email-signatures-recensione\/#primaryimage","url":"https:\/\/www.accuratereviews.com\/wp-content\/uploads\/2022\/05\/Rocketseed-Email-Signatures.png","contentUrl":"https:\/\/www.accuratereviews.com\/wp-content\/uploads\/2022\/05\/Rocketseed-Email-Signatures.png","width":400,"height":400},{"@type":"BreadcrumbList","@id":"https:\/\/www.accuratereviews.com\/it\/software-creare-firme-email\/rocketseed-email-signatures-recensione\/#breadcrumb","itemListElement":[{"@type":"ListItem","position":1,"name":"Home","item":"https:\/\/www.accuratereviews.com\/it\/"},{"@type":"ListItem","position":2,"name":"Software per creare firme per email","item":"https:\/\/www.accuratereviews.com\/it\/software-creare-firme-email\/"},{"@type":"ListItem","position":3,"name":"Rocketseed Email Signatures"}]},{"@type":"WebSite","@id":"https:\/\/www.accuratereviews.com\/it\/#website","url":"https:\/\/www.accuratereviews.com\/it\/","name":"Accurate Reviews","description":"","potentialAction":[{"@type":"SearchAction","target":{"@type":"EntryPoint","urlTemplate":"https:\/\/www.accuratereviews.com\/it\/?s={search_term_string}"},"query-input":{"@type":"PropertyValueSpecification","valueRequired":true,"valueName":"search_term_string"}}],"inLanguage":"it-IT"}]}},"_links":{"self":[{"href":"https:\/\/www.accuratereviews.com\/it\/wp-json\/wp\/v2\/pages\/57964","targetHints":{"allow":["GET"]}}],"collection":[{"href":"https:\/\/www.accuratereviews.com\/it\/wp-json\/wp\/v2\/pages"}],"about":[{"href":"https:\/\/www.accuratereviews.com\/it\/wp-json\/wp\/v2\/types\/page"}],"author":[{"embeddable":true,"href":"https:\/\/www.accuratereviews.com\/it\/wp-json\/wp\/v2\/users\/16"}],"replies":[{"embeddable":true,"href":"https:\/\/www.accuratereviews.com\/it\/wp-json\/wp\/v2\/comments?post=57964"}],"version-history":[{"count":8,"href":"https:\/\/www.accuratereviews.com\/it\/wp-json\/wp\/v2\/pages\/57964\/revisions"}],"predecessor-version":[{"id":58018,"href":"https:\/\/www.accuratereviews.com\/it\/wp-json\/wp\/v2\/pages\/57964\/revisions\/58018"}],"up":[{"embeddable":true,"href":"https:\/\/www.accuratereviews.com\/it\/wp-json\/wp\/v2\/pages\/57751"}],"wp:featuredmedia":[{"embeddable":true,"href":"https:\/\/www.accuratereviews.com\/it\/wp-json\/wp\/v2\/media\/58006"}],"wp:attachment":[{"href":"https:\/\/www.accuratereviews.com\/it\/wp-json\/wp\/v2\/media?parent=57964"}],"wp:term":[{"taxonomy":"category","embeddable":true,"href":"https:\/\/www.accuratereviews.com\/it\/wp-json\/wp\/v2\/categories?post=57964"},{"taxonomy":"post_tag","embeddable":true,"href":"https:\/\/www.accuratereviews.com\/it\/wp-json\/wp\/v2\/tags?post=57964"},{"taxonomy":"features","embeddable":true,"href":"https:\/\/www.accuratereviews.com\/it\/wp-json\/wp\/v2\/features?post=57964"}],"curies":[{"name":"wp","href":"https:\/\/api.w.org\/{rel}","templated":true}]}}