{"id":57971,"date":"2022-05-25T10:59:32","date_gmt":"2022-05-25T10:59:32","guid":{"rendered":"https:\/\/www.accuratereviews.com\/?page_id=57971"},"modified":"2022-05-25T10:59:32","modified_gmt":"2022-05-25T10:59:32","slug":"wisestamp-recensione","status":"publish","type":"page","link":"https:\/\/www.accuratereviews.com\/it\/software-creare-firme-email\/wisestamp-recensione\/","title":{"rendered":"WiseStamp"},"content":{"rendered":"<p><strong>WiseStamp<\/strong> offre una piattaforma di <strong>creazione e gestione<\/strong> interamente basata sul web per l&#8217;implementazione di <strong>firme email professionali<\/strong>. Consente a privati, liberi professionisti e aziende di ogni grandezza e tipo di marcare, promuovere e commercializzare in modo efficace le proprie informazioni di contatto, i servizi e la presenza sui social all&#8217;interno di ogni email inviata. La gestione centralizzata delle firme consente l&#8217;adozione unificata di firme standardizzate su una base di dipendenti, sfruttando al contempo uno strumento generatore di firme basato su <strong>cloud<\/strong> per modificare una miriade di modelli predefiniti senza alcuna necessit\u00e0 di codifica HTML.\u00a0Fornendo supporto per alcuni dei client di posta elettronica e delle piattaforme per dispositivi pi\u00f9 popolari, tra cui Gmail, Outlook, Yahoo, iMac Mail, iPhone, Android e altro, la soluzione di gestione di <strong>WiseStamp<\/strong> pu\u00f2 anche essere collegata a Google Analytics per scopi di monitoraggio.<\/p>\n<h2>WISESTAMP &#8211; TUTORIAL<\/h2>\n<p>Scopri come collegare un&#8217;immagine nella tua <strong>firma email<\/strong> e come creare e impostare una firma con un&#8217;immagine e un logo in circa 1 minuto.<\/p>\n<div id=\"fluid-wrapper-counter-1\" class=\"g1-fluid-wrapper \" style=\"width:686px;\">\n<div style=\"padding-bottom:56.268221574344%;\"><iframe loading=\"lazy\" title=\"Add hyperlink image in email signature (that looks amazing)\" width=\"686\" height=\"386\" src=\"https:\/\/www.youtube.com\/embed\/VIlIakJawaE?list=PLK81PosTEPXs87Y1PBCW4K0xzUL3vn0_V\" frameborder=\"0\" allow=\"accelerometer; autoplay; clipboard-write; encrypted-media; gyroscope; picture-in-picture\" allowfullscreen><\/iframe><\/div>\n<\/div>\n<h3>WISESTAMP &#8211; CARATTERISTICHE<\/h3>\n<ul>\n<li><strong>Controlla il design della tua firma<\/strong>: scegli il layout, il carattere, i colori, le forme delle immagini e altro ancora corretti con il nostro designer di firme e-mail di facile utilizzo<\/li>\n<li><strong>Aggiungi funzionalit\u00e0 per ogni esigenza<\/strong>: supporta i tuoi obiettivi di business aggiungendo funzionalit\u00e0 avanzate come un pulsante, banner, video, disclaimer, pianificatore e altro ancora<\/li>\n<li><strong>Configurazione con 1 clic<\/strong>: la soluzione\u00a0installa automaticamente la tua firma in Gmail, Outlook e altri utilizzando una tecnologia avanzata<\/li>\n<li><strong>Gestione delle firme email:<\/strong> prendi il controllo delle firme e-mail della tua organizzazione e unifica il tuo marchio con un design aziendale globale<\/li>\n<li><strong>Aumento dei Lead<\/strong>: il collegamento attivo delle firme email al sito web professionale aumenta i visitatori e la durata della visita<\/li>\n<li><strong>Maggiore portata social<\/strong>: le icone dei social network incluse nelle firme email aumentano il coinvolgimento e il followership<\/li>\n<\/ul>\n<h4>LE RECENSIONI DEGLI UTENTI<\/h4>\n<p class=\"font-weight-bold mb-2\"><strong>Francesco A.&#8221;Ottimizza la firma della tua email&#8221;<\/strong><\/p>\n<p><span class=\"font-weight-bold\"><strong>Commenti<\/strong>: <\/span>Se vuoi rendere la firma pi\u00f9 piacevole e personalizzarla un po\u2019, ti consiglio di usare Wisestamp.<\/p>\n<p class=\"font-weight-bold mb-2\"><strong>Pro<\/strong>:\u00a0Con questo tool puoi creare una firma personalizzata molto carina, con il logo o una tua foto, tutti i tuoi contatti, i pulsanti social e anche delle call to action, come il Follow me on Twitter o il Connettiti con me di Linkedin.<\/p>\n<p class=\"font-weight-bold mb-2\"><strong>Contro<\/strong>:\u00a0Se utilizzi pi\u00f9 email di Gmail, a volte crea una sovrapposizione della firma.<\/p>\n<p class=\"font-weight-bold mb-2\"><strong>Marie N.&#8221;Creativo, professionale e alla moda&#8221;<\/strong><\/p>\n<p><span class=\"font-weight-bold\"><strong>Commenti<\/strong>: <\/span>L&#8217;esperienza complessiva \u00e8 incredibile. Voglio ricordare che l&#8217;assistenza clienti \u00e8 molto rapida. Ho sbagliato a sottoscrivere l&#8217;annuale e ho addebitato sulla mia carta di credito. Ho inviato un&#8217;email all&#8217;assistenza e lui ha risposto cos\u00ec rapidamente e ha risolto l&#8217;abbonamento per me. Wisestamp \u00e8 molto premuroso al riguardo.<\/p>\n<p class=\"font-weight-bold mb-2\"><strong>Pro<\/strong>:\u00a0Uso la firma su tutte le mie e-mail, personali e ufficiali. Adoro il fatto di poter disegnare le mie firme (quante ne voglio) in diversi formati e stili, e il risultato \u00e8 comunque cos\u00ec professionale e creativo.<\/p>\n<p class=\"font-weight-bold mb-2\"><strong>Contro<\/strong>:\u00a0Non ho davvero esplorato tutte le funzionalit\u00e0 e gli strumenti. Quando lo far\u00f2, aggiorner\u00f2 il mio feedback. Ma in questo momento, non vedo niente che non mi piaccia.<\/p>\n<p class=\"font-weight-bold mb-2\"><strong>Dale C. &#8220;Facile e ottimo gestore e creatore di firme email&#8221;<\/strong><\/p>\n<p><span class=\"font-weight-bold\"><strong>Commenti<\/strong>: <\/span>\u00c8 meraviglioso marcare una firma di chiusura. Utilizzato questo prodotto con Apple Mac Mail, Outlook e Gmail. Funzionano tutti bene, anche se si sono verificati alcuni problemi con Outlook per Windows. Ho trovato un modo per aggirare il problema, quindi finch\u00e9 il lavoro in giro \u00e8 implementato, questo \u00e8 un prodotto meraviglioso da cui crescere.<\/p>\n<p class=\"font-weight-bold mb-2\"><strong>Pro<\/strong>:\u00a0Questo prodotto si adatta perfettamente alla mia linea di attivit\u00e0. Essendo un imprenditore e non un grafico, non avevo davvero le risorse n\u00e9 la larghezza di banda per rifare le mie firme e-mail. Avendo la responsabilit\u00e0 di supportare varie linee di attivit\u00e0 e pi\u00f9 di un&#8217;azienda, questo prodotto mi ha permesso di progettare e distribuire rapidamente firme e-mail dall&#8217;aspetto professionale, fornire informazioni per rispondere e agire oltre che attraenti per coloro che supportano l&#8217;attivit\u00e0. \u00c8 davvero un ottimo prodotto che \u00e8 molto economico per quello che pu\u00f2 fare e fornire a una piccola e media impresa.<\/p>\n<p class=\"font-weight-bold mb-2\"><strong>Contro<\/strong>:\u00a0Esiste un numero limitato di modelli che non possono essere personalizzati. Vorrei che ci fossero pi\u00f9 modelli, ma ce ne sono abbastanza per iniziare.<\/p>\n","protected":false},"excerpt":{"rendered":"<p>WiseStamp offre una piattaforma di creazione e gestione interamente basata sul web per l&#8217;implementazione di firme email professionali. Consente a privati, liberi professionisti e aziende di ogni grandezza e tipo di marcare, promuovere e commercializzare in modo efficace le proprie informazioni di contatto, i servizi e la presenza sui social all&#8217;interno di ogni email inviata.<\/p>\n","protected":false},"author":16,"featured_media":57973,"parent":57751,"menu_order":0,"comment_status":"open","ping_status":"closed","template":"g1_template_page_review_new.php","meta":{"_acf_changed":false,"cwp_meta_box_check":"No","cwp_rev_product_name":"","cwp_rev_product_image":"","wppr_links":[],"cwp_rev_price":"","wppr_options":[],"wppr_pros":[],"wppr_cons":[],"_monsterinsights_skip_tracking":false,"_monsterinsights_sitenote_active":false,"_monsterinsights_sitenote_note":"","_monsterinsights_sitenote_category":0,"footnotes":""},"categories":[12645],"tags":[12670,12649,12651,12648,12650,12690],"features":[],"class_list":{"0":"post-57971","1":"page","2":"type-page","3":"status-publish","4":"has-post-thumbnail","6":"category-software-firme-email-cat","7":"tag-creare-firme-per-email","8":"tag-piattaforma-per-creare-firme-per-email","9":"tag-programma-per-creare-firme-per-email","10":"tag-software-per-creare-firme-per-email","11":"tag-soluzione-per-creare-firme-per-email","12":"tag-wisestamp"},"wppr_data":{"cwp_meta_box_check":"No"},"acf":[],"yoast_head":"<!-- This site is optimized with the Yoast SEO plugin v27.4 - https:\/\/yoast.com\/product\/yoast-seo-wordpress\/ -->\n<title>WiseStamp: recensione software creazione firme email Accurate Reviews<\/title>\n<meta name=\"description\" content=\"WiseStamp: recensione piattaforma di creazione e gestione interamente basata sul web per l&#039;implementazione di firme email professionali.\" \/>\n<meta name=\"robots\" content=\"index, follow, max-snippet:-1, max-image-preview:large, max-video-preview:-1\" \/>\n<link rel=\"canonical\" href=\"https:\/\/www.accuratereviews.com\/it\/software-creare-firme-email\/wisestamp-recensione\/\" \/>\n<meta property=\"og:locale\" content=\"it_IT\" \/>\n<meta property=\"og:type\" content=\"article\" \/>\n<meta property=\"og:title\" content=\"WiseStamp: recensione software creazione firme email Accurate Reviews\" \/>\n<meta property=\"og:description\" content=\"WiseStamp: recensione piattaforma di creazione e gestione interamente basata sul web per l&#039;implementazione di firme email professionali.\" \/>\n<meta property=\"og:url\" content=\"https:\/\/www.accuratereviews.com\/it\/software-creare-firme-email\/wisestamp-recensione\/\" \/>\n<meta property=\"og:site_name\" content=\"Accurate Reviews\" \/>\n<meta property=\"og:image\" content=\"https:\/\/www.accuratereviews.com\/wp-content\/uploads\/2022\/05\/WiseStamp.jpeg\" \/>\n\t<meta property=\"og:image:width\" content=\"200\" \/>\n\t<meta property=\"og:image:height\" content=\"200\" \/>\n\t<meta property=\"og:image:type\" content=\"image\/jpeg\" \/>\n<meta name=\"twitter:card\" content=\"summary_large_image\" \/>\n<meta name=\"twitter:label1\" content=\"Tempo di lettura stimato\" \/>\n\t<meta name=\"twitter:data1\" content=\"4 minuti\" \/>\n<script type=\"application\/ld+json\" class=\"yoast-schema-graph\">{\"@context\":\"https:\\\/\\\/schema.org\",\"@graph\":[{\"@type\":\"WebPage\",\"@id\":\"https:\\\/\\\/www.accuratereviews.com\\\/it\\\/software-creare-firme-email\\\/wisestamp-recensione\\\/\",\"url\":\"https:\\\/\\\/www.accuratereviews.com\\\/it\\\/software-creare-firme-email\\\/wisestamp-recensione\\\/\",\"name\":\"WiseStamp: recensione software creazione firme email Accurate Reviews\",\"isPartOf\":{\"@id\":\"https:\\\/\\\/www.accuratereviews.com\\\/it\\\/#website\"},\"primaryImageOfPage\":{\"@id\":\"https:\\\/\\\/www.accuratereviews.com\\\/it\\\/software-creare-firme-email\\\/wisestamp-recensione\\\/#primaryimage\"},\"image\":{\"@id\":\"https:\\\/\\\/www.accuratereviews.com\\\/it\\\/software-creare-firme-email\\\/wisestamp-recensione\\\/#primaryimage\"},\"thumbnailUrl\":\"https:\\\/\\\/www.accuratereviews.com\\\/wp-content\\\/uploads\\\/2022\\\/05\\\/WiseStamp.jpeg\",\"datePublished\":\"2022-05-25T10:59:32+00:00\",\"description\":\"WiseStamp: recensione piattaforma di creazione e gestione interamente basata sul web per l'implementazione di firme email professionali.\",\"breadcrumb\":{\"@id\":\"https:\\\/\\\/www.accuratereviews.com\\\/it\\\/software-creare-firme-email\\\/wisestamp-recensione\\\/#breadcrumb\"},\"inLanguage\":\"it-IT\",\"potentialAction\":[{\"@type\":\"ReadAction\",\"target\":[\"https:\\\/\\\/www.accuratereviews.com\\\/it\\\/software-creare-firme-email\\\/wisestamp-recensione\\\/\"]}]},{\"@type\":\"ImageObject\",\"inLanguage\":\"it-IT\",\"@id\":\"https:\\\/\\\/www.accuratereviews.com\\\/it\\\/software-creare-firme-email\\\/wisestamp-recensione\\\/#primaryimage\",\"url\":\"https:\\\/\\\/www.accuratereviews.com\\\/wp-content\\\/uploads\\\/2022\\\/05\\\/WiseStamp.jpeg\",\"contentUrl\":\"https:\\\/\\\/www.accuratereviews.com\\\/wp-content\\\/uploads\\\/2022\\\/05\\\/WiseStamp.jpeg\",\"width\":200,\"height\":200},{\"@type\":\"BreadcrumbList\",\"@id\":\"https:\\\/\\\/www.accuratereviews.com\\\/it\\\/software-creare-firme-email\\\/wisestamp-recensione\\\/#breadcrumb\",\"itemListElement\":[{\"@type\":\"ListItem\",\"position\":1,\"name\":\"Home\",\"item\":\"https:\\\/\\\/www.accuratereviews.com\\\/it\\\/\"},{\"@type\":\"ListItem\",\"position\":2,\"name\":\"Software per creare firme per email\",\"item\":\"https:\\\/\\\/www.accuratereviews.com\\\/it\\\/software-creare-firme-email\\\/\"},{\"@type\":\"ListItem\",\"position\":3,\"name\":\"WiseStamp\"}]},{\"@type\":\"WebSite\",\"@id\":\"https:\\\/\\\/www.accuratereviews.com\\\/it\\\/#website\",\"url\":\"https:\\\/\\\/www.accuratereviews.com\\\/it\\\/\",\"name\":\"Accurate Reviews\",\"description\":\"\",\"potentialAction\":[{\"@type\":\"SearchAction\",\"target\":{\"@type\":\"EntryPoint\",\"urlTemplate\":\"https:\\\/\\\/www.accuratereviews.com\\\/it\\\/?s={search_term_string}\"},\"query-input\":{\"@type\":\"PropertyValueSpecification\",\"valueRequired\":true,\"valueName\":\"search_term_string\"}}],\"inLanguage\":\"it-IT\"}]}<\/script>\n<!-- \/ Yoast SEO plugin. -->","yoast_head_json":{"title":"WiseStamp: recensione software creazione firme email Accurate Reviews","description":"WiseStamp: recensione piattaforma di creazione e gestione interamente basata sul web per l'implementazione di firme email professionali.","robots":{"index":"index","follow":"follow","max-snippet":"max-snippet:-1","max-image-preview":"max-image-preview:large","max-video-preview":"max-video-preview:-1"},"canonical":"https:\/\/www.accuratereviews.com\/it\/software-creare-firme-email\/wisestamp-recensione\/","og_locale":"it_IT","og_type":"article","og_title":"WiseStamp: recensione software creazione firme email Accurate Reviews","og_description":"WiseStamp: recensione piattaforma di creazione e gestione interamente basata sul web per l'implementazione di firme email professionali.","og_url":"https:\/\/www.accuratereviews.com\/it\/software-creare-firme-email\/wisestamp-recensione\/","og_site_name":"Accurate Reviews","og_image":[{"width":200,"height":200,"url":"https:\/\/www.accuratereviews.com\/wp-content\/uploads\/2022\/05\/WiseStamp.jpeg","type":"image\/jpeg"}],"twitter_card":"summary_large_image","twitter_misc":{"Tempo di lettura stimato":"4 minuti"},"schema":{"@context":"https:\/\/schema.org","@graph":[{"@type":"WebPage","@id":"https:\/\/www.accuratereviews.com\/it\/software-creare-firme-email\/wisestamp-recensione\/","url":"https:\/\/www.accuratereviews.com\/it\/software-creare-firme-email\/wisestamp-recensione\/","name":"WiseStamp: recensione software creazione firme email Accurate Reviews","isPartOf":{"@id":"https:\/\/www.accuratereviews.com\/it\/#website"},"primaryImageOfPage":{"@id":"https:\/\/www.accuratereviews.com\/it\/software-creare-firme-email\/wisestamp-recensione\/#primaryimage"},"image":{"@id":"https:\/\/www.accuratereviews.com\/it\/software-creare-firme-email\/wisestamp-recensione\/#primaryimage"},"thumbnailUrl":"https:\/\/www.accuratereviews.com\/wp-content\/uploads\/2022\/05\/WiseStamp.jpeg","datePublished":"2022-05-25T10:59:32+00:00","description":"WiseStamp: recensione piattaforma di creazione e gestione interamente basata sul web per l'implementazione di firme email professionali.","breadcrumb":{"@id":"https:\/\/www.accuratereviews.com\/it\/software-creare-firme-email\/wisestamp-recensione\/#breadcrumb"},"inLanguage":"it-IT","potentialAction":[{"@type":"ReadAction","target":["https:\/\/www.accuratereviews.com\/it\/software-creare-firme-email\/wisestamp-recensione\/"]}]},{"@type":"ImageObject","inLanguage":"it-IT","@id":"https:\/\/www.accuratereviews.com\/it\/software-creare-firme-email\/wisestamp-recensione\/#primaryimage","url":"https:\/\/www.accuratereviews.com\/wp-content\/uploads\/2022\/05\/WiseStamp.jpeg","contentUrl":"https:\/\/www.accuratereviews.com\/wp-content\/uploads\/2022\/05\/WiseStamp.jpeg","width":200,"height":200},{"@type":"BreadcrumbList","@id":"https:\/\/www.accuratereviews.com\/it\/software-creare-firme-email\/wisestamp-recensione\/#breadcrumb","itemListElement":[{"@type":"ListItem","position":1,"name":"Home","item":"https:\/\/www.accuratereviews.com\/it\/"},{"@type":"ListItem","position":2,"name":"Software per creare firme per email","item":"https:\/\/www.accuratereviews.com\/it\/software-creare-firme-email\/"},{"@type":"ListItem","position":3,"name":"WiseStamp"}]},{"@type":"WebSite","@id":"https:\/\/www.accuratereviews.com\/it\/#website","url":"https:\/\/www.accuratereviews.com\/it\/","name":"Accurate Reviews","description":"","potentialAction":[{"@type":"SearchAction","target":{"@type":"EntryPoint","urlTemplate":"https:\/\/www.accuratereviews.com\/it\/?s={search_term_string}"},"query-input":{"@type":"PropertyValueSpecification","valueRequired":true,"valueName":"search_term_string"}}],"inLanguage":"it-IT"}]}},"_links":{"self":[{"href":"https:\/\/www.accuratereviews.com\/it\/wp-json\/wp\/v2\/pages\/57971","targetHints":{"allow":["GET"]}}],"collection":[{"href":"https:\/\/www.accuratereviews.com\/it\/wp-json\/wp\/v2\/pages"}],"about":[{"href":"https:\/\/www.accuratereviews.com\/it\/wp-json\/wp\/v2\/types\/page"}],"author":[{"embeddable":true,"href":"https:\/\/www.accuratereviews.com\/it\/wp-json\/wp\/v2\/users\/16"}],"replies":[{"embeddable":true,"href":"https:\/\/www.accuratereviews.com\/it\/wp-json\/wp\/v2\/comments?post=57971"}],"version-history":[{"count":8,"href":"https:\/\/www.accuratereviews.com\/it\/wp-json\/wp\/v2\/pages\/57971\/revisions"}],"predecessor-version":[{"id":58019,"href":"https:\/\/www.accuratereviews.com\/it\/wp-json\/wp\/v2\/pages\/57971\/revisions\/58019"}],"up":[{"embeddable":true,"href":"https:\/\/www.accuratereviews.com\/it\/wp-json\/wp\/v2\/pages\/57751"}],"wp:featuredmedia":[{"embeddable":true,"href":"https:\/\/www.accuratereviews.com\/it\/wp-json\/wp\/v2\/media\/57973"}],"wp:attachment":[{"href":"https:\/\/www.accuratereviews.com\/it\/wp-json\/wp\/v2\/media?parent=57971"}],"wp:term":[{"taxonomy":"category","embeddable":true,"href":"https:\/\/www.accuratereviews.com\/it\/wp-json\/wp\/v2\/categories?post=57971"},{"taxonomy":"post_tag","embeddable":true,"href":"https:\/\/www.accuratereviews.com\/it\/wp-json\/wp\/v2\/tags?post=57971"},{"taxonomy":"features","embeddable":true,"href":"https:\/\/www.accuratereviews.com\/it\/wp-json\/wp\/v2\/features?post=57971"}],"curies":[{"name":"wp","href":"https:\/\/api.w.org\/{rel}","templated":true}]}}