{"id":57979,"date":"2022-05-25T07:55:09","date_gmt":"2022-05-25T07:55:09","guid":{"rendered":"https:\/\/www.accuratereviews.com\/?page_id=57979"},"modified":"2022-05-25T07:55:09","modified_gmt":"2022-05-25T07:55:09","slug":"dynasend-recensione","status":"publish","type":"page","link":"https:\/\/www.accuratereviews.com\/it\/software-creare-firme-email\/dynasend-recensione\/","title":{"rendered":"Dynasend"},"content":{"rendered":"<p class=\"h3 mb-1\"><strong>Dynasend<\/strong> offre un kit di strumenti che ti permette di gestire la creazione, l&#8217;implementazione e la gestione continua del tuo <strong>software di firma email aziendale<\/strong>. Per chi invece \u00e8 alle prime armi e preferisce iniziare con un programma gi\u00e0 pronto, potr\u00e0 accedere a uno meno personalizzato ma comunque performante da subito.<br \/>\nIl team di progettazione interno di <strong>Dynasend<\/strong> ha creato oltre 5000 firme email personalizzate per diversi clienti in tutto il mondo, aiutando molti brand a raggiungere i loro obiettivi.<\/p>\n<p><a href=\"https:\/\/www.accuratereviews.com\/wp-content\/uploads\/2022\/05\/header-img.png\"><img loading=\"lazy\" decoding=\"async\" class=\"aligncenter wp-image-57980 size-full\" src=\"https:\/\/www.accuratereviews.com\/wp-content\/uploads\/2022\/05\/header-img.png\" alt=\"\" width=\"677\" height=\"521\" srcset=\"https:\/\/www.accuratereviews.com\/wp-content\/uploads\/2022\/05\/header-img.png 677w, https:\/\/www.accuratereviews.com\/wp-content\/uploads\/2022\/05\/header-img-300x231.png 300w, https:\/\/www.accuratereviews.com\/wp-content\/uploads\/2022\/05\/header-img-162x125.png 162w, https:\/\/www.accuratereviews.com\/wp-content\/uploads\/2022\/05\/header-img-50x38.png 50w, https:\/\/www.accuratereviews.com\/wp-content\/uploads\/2022\/05\/header-img-636x489.png 636w, https:\/\/www.accuratereviews.com\/wp-content\/uploads\/2022\/05\/header-img-320x246.png 320w, https:\/\/www.accuratereviews.com\/wp-content\/uploads\/2022\/05\/header-img-239x184.png 239w\" sizes=\"auto, (max-width: 677px) 100vw, 677px\" \/><\/a><\/p>\n<h2>DYNASEND &#8211; CARATTERISTICHE<\/h2>\n<ul>\n<li><strong>Servizi di design<\/strong>: creazione di firme email personalizzate in base al vostro branding e alla vostra strategia di marketing digitale<\/li>\n<li><strong>Servizi di codifica<\/strong>: codice ampiamente testato sul campo per garantire le massime prestazioni delle vostre firme email<\/li>\n<li><strong>Portale utente<\/strong>: il portale utente semplifica la gestione dei dati indipendentemente da Active Directory. I servizi di gestione continua del programma sono forniti per voi, quindi non dovrete imparare nulla.<\/li>\n<li><strong>Campagne<\/strong>: il portale amministrativo consente di gestire direttamente le campagne di marketing sensibili al fattore tempo<\/li>\n<li><strong>Applicazioni di distribuzione<\/strong>: le applicazioni desktop e mobili automatizzano e semplificano il processo di distribuzione.<\/li>\n<\/ul>\n<h4>LE RECENSIONI DEGLI UTENTI<\/h4>\n<div>\n<p><strong>David G. &#8220;Personalizzazione aziendale&#8221;<\/strong><br \/>\nCOMMENTI: branding tra uffici non centralizzati con facilit\u00e0.<br \/>\nPRO: diverse filiali, facile gestire le informazioni personalizzate tra gli uffici mantenendo il marchio.<br \/>\nCONTRO: non \u00e8 possibile distribuire l&#8217;applicazione Outlook sui dispositivi mobili.<\/p>\n<p><strong>Michael B. &#8220;Dynasend- eccezionale gestore di firme&#8221;<\/strong><br \/>\nCOMMENTI: siamo riusciti a standardizzare le firme di Outlook in tutta l&#8217;azienda in pochi giorni. Le modifiche al design della firma vengono applicate rapidamente e distribuite in poche ore.<br \/>\nPRO: \u00e8 semplice da avviare e distribuire. Viene fornito con diverse istruzioni per le varie opzioni. Il proprietario \u00e8 estremamente reattivo alle nostre richieste &#8211; senza dubbio il mio miglior fornitore IT.<br \/>\nCONTRO: nessun contro da segnalare.<\/p>\n<p><strong>Eleanor G. &#8220;Ottimo servizio&#8221;<\/strong><br \/>\nCOMMENTI: ottimo servizio clienti e supporto!<br \/>\nPRO: la facilit\u00e0 d&#8217;uso per i dipendenti di pi\u00f9 sedi. L&#8217;installazione e la manutenzione sono state un gioco da ragazzi da quando si utilizza Dynasend.<br \/>\nCONTRO: la mancanza di compatibilit\u00e0 con l&#8217;app outlook.<\/p>\n<\/div>\n","protected":false},"excerpt":{"rendered":"<p>Dynasend\u00a0offre un kit di strumenti che ti permettono di gestire la creazione, l&#8217;implementazione e la gestione continua del tuo software di firma email aziendale. Per chi invece \u00e8 alle prime armi e preferisce iniziare con un programma gi\u00e0 pronto, potr\u00e0 accedere a uno meno personalizzato ma comunque performante da subito.<\/p>\n","protected":false},"author":17,"featured_media":57992,"parent":57751,"menu_order":0,"comment_status":"open","ping_status":"closed","template":"g1_template_page_review_new.php","meta":{"_acf_changed":false,"cwp_meta_box_check":"No","cwp_rev_product_name":"","cwp_rev_product_image":"","wppr_links":[],"cwp_rev_price":"","wppr_options":[],"wppr_pros":[],"wppr_cons":[],"_monsterinsights_skip_tracking":false,"_monsterinsights_sitenote_active":false,"_monsterinsights_sitenote_note":"","_monsterinsights_sitenote_category":0,"footnotes":""},"categories":[12566],"tags":[12652,12691,12653,12647,12649,12651,12648,12650],"features":[],"class_list":{"0":"post-57979","1":"page","2":"type-page","3":"status-publish","4":"has-post-thumbnail","6":"category-software-archiviazione-email-cat","7":"tag-app-per-creare-firme-per-email","8":"tag-email","9":"tag-firma-elettronica","10":"tag-firma-email","11":"tag-piattaforma-per-creare-firme-per-email","12":"tag-programma-per-creare-firme-per-email","13":"tag-software-per-creare-firme-per-email","14":"tag-soluzione-per-creare-firme-per-email"},"wppr_data":{"cwp_meta_box_check":"No"},"acf":[],"yoast_head":"<!-- This site is optimized with the Yoast SEO plugin v27.4 - https:\/\/yoast.com\/product\/yoast-seo-wordpress\/ -->\n<title>Dynasend: recensione software email aziendale - Accurate Reviews<\/title>\n<meta name=\"description\" content=\"Dynasend fornisce un kit di strumenti per la creazione, l&#039;implementazione e la gestione continua del tuo software di firma email aziendale.\" \/>\n<meta name=\"robots\" content=\"index, follow, max-snippet:-1, max-image-preview:large, max-video-preview:-1\" \/>\n<link rel=\"canonical\" href=\"https:\/\/www.accuratereviews.com\/it\/software-creare-firme-email\/dynasend-recensione\/\" \/>\n<meta property=\"og:locale\" content=\"it_IT\" \/>\n<meta property=\"og:type\" content=\"article\" \/>\n<meta property=\"og:title\" content=\"Dynasend: recensione software email aziendale - Accurate Reviews\" \/>\n<meta property=\"og:description\" content=\"Dynasend fornisce un kit di strumenti per la creazione, l&#039;implementazione e la gestione continua del tuo software di firma email aziendale.\" \/>\n<meta property=\"og:url\" content=\"https:\/\/www.accuratereviews.com\/it\/software-creare-firme-email\/dynasend-recensione\/\" \/>\n<meta property=\"og:site_name\" content=\"Accurate Reviews\" \/>\n<meta property=\"og:image\" content=\"https:\/\/www.accuratereviews.com\/wp-content\/uploads\/2022\/05\/Schermata-2022-05-25-alle-09.05.00-1.png\" \/>\n\t<meta property=\"og:image:width\" content=\"615\" \/>\n\t<meta property=\"og:image:height\" content=\"200\" \/>\n\t<meta property=\"og:image:type\" content=\"image\/png\" \/>\n<meta name=\"twitter:card\" content=\"summary_large_image\" \/>\n<meta name=\"twitter:label1\" content=\"Tempo di lettura stimato\" \/>\n\t<meta name=\"twitter:data1\" content=\"2 minuti\" \/>\n<script type=\"application\/ld+json\" class=\"yoast-schema-graph\">{\"@context\":\"https:\\\/\\\/schema.org\",\"@graph\":[{\"@type\":\"WebPage\",\"@id\":\"https:\\\/\\\/www.accuratereviews.com\\\/it\\\/software-creare-firme-email\\\/dynasend-recensione\\\/\",\"url\":\"https:\\\/\\\/www.accuratereviews.com\\\/it\\\/software-creare-firme-email\\\/dynasend-recensione\\\/\",\"name\":\"Dynasend: recensione software email aziendale - Accurate Reviews\",\"isPartOf\":{\"@id\":\"https:\\\/\\\/www.accuratereviews.com\\\/it\\\/#website\"},\"primaryImageOfPage\":{\"@id\":\"https:\\\/\\\/www.accuratereviews.com\\\/it\\\/software-creare-firme-email\\\/dynasend-recensione\\\/#primaryimage\"},\"image\":{\"@id\":\"https:\\\/\\\/www.accuratereviews.com\\\/it\\\/software-creare-firme-email\\\/dynasend-recensione\\\/#primaryimage\"},\"thumbnailUrl\":\"https:\\\/\\\/www.accuratereviews.com\\\/wp-content\\\/uploads\\\/2022\\\/05\\\/Schermata-2022-05-25-alle-09.05.00-1.png\",\"datePublished\":\"2022-05-25T07:55:09+00:00\",\"description\":\"Dynasend fornisce un kit di strumenti per la creazione, l'implementazione e la gestione continua del tuo software di firma email aziendale.\",\"breadcrumb\":{\"@id\":\"https:\\\/\\\/www.accuratereviews.com\\\/it\\\/software-creare-firme-email\\\/dynasend-recensione\\\/#breadcrumb\"},\"inLanguage\":\"it-IT\",\"potentialAction\":[{\"@type\":\"ReadAction\",\"target\":[\"https:\\\/\\\/www.accuratereviews.com\\\/it\\\/software-creare-firme-email\\\/dynasend-recensione\\\/\"]}]},{\"@type\":\"ImageObject\",\"inLanguage\":\"it-IT\",\"@id\":\"https:\\\/\\\/www.accuratereviews.com\\\/it\\\/software-creare-firme-email\\\/dynasend-recensione\\\/#primaryimage\",\"url\":\"https:\\\/\\\/www.accuratereviews.com\\\/wp-content\\\/uploads\\\/2022\\\/05\\\/Schermata-2022-05-25-alle-09.05.00-1.png\",\"contentUrl\":\"https:\\\/\\\/www.accuratereviews.com\\\/wp-content\\\/uploads\\\/2022\\\/05\\\/Schermata-2022-05-25-alle-09.05.00-1.png\",\"width\":615,\"height\":200},{\"@type\":\"BreadcrumbList\",\"@id\":\"https:\\\/\\\/www.accuratereviews.com\\\/it\\\/software-creare-firme-email\\\/dynasend-recensione\\\/#breadcrumb\",\"itemListElement\":[{\"@type\":\"ListItem\",\"position\":1,\"name\":\"Home\",\"item\":\"https:\\\/\\\/www.accuratereviews.com\\\/it\\\/\"},{\"@type\":\"ListItem\",\"position\":2,\"name\":\"Software per creare firme per email\",\"item\":\"https:\\\/\\\/www.accuratereviews.com\\\/it\\\/software-creare-firme-email\\\/\"},{\"@type\":\"ListItem\",\"position\":3,\"name\":\"Dynasend\"}]},{\"@type\":\"WebSite\",\"@id\":\"https:\\\/\\\/www.accuratereviews.com\\\/it\\\/#website\",\"url\":\"https:\\\/\\\/www.accuratereviews.com\\\/it\\\/\",\"name\":\"Accurate Reviews\",\"description\":\"\",\"potentialAction\":[{\"@type\":\"SearchAction\",\"target\":{\"@type\":\"EntryPoint\",\"urlTemplate\":\"https:\\\/\\\/www.accuratereviews.com\\\/it\\\/?s={search_term_string}\"},\"query-input\":{\"@type\":\"PropertyValueSpecification\",\"valueRequired\":true,\"valueName\":\"search_term_string\"}}],\"inLanguage\":\"it-IT\"}]}<\/script>\n<!-- \/ Yoast SEO plugin. -->","yoast_head_json":{"title":"Dynasend: recensione software email aziendale - Accurate Reviews","description":"Dynasend fornisce un kit di strumenti per la creazione, l'implementazione e la gestione continua del tuo software di firma email aziendale.","robots":{"index":"index","follow":"follow","max-snippet":"max-snippet:-1","max-image-preview":"max-image-preview:large","max-video-preview":"max-video-preview:-1"},"canonical":"https:\/\/www.accuratereviews.com\/it\/software-creare-firme-email\/dynasend-recensione\/","og_locale":"it_IT","og_type":"article","og_title":"Dynasend: recensione software email aziendale - Accurate Reviews","og_description":"Dynasend fornisce un kit di strumenti per la creazione, l'implementazione e la gestione continua del tuo software di firma email aziendale.","og_url":"https:\/\/www.accuratereviews.com\/it\/software-creare-firme-email\/dynasend-recensione\/","og_site_name":"Accurate Reviews","og_image":[{"width":615,"height":200,"url":"https:\/\/www.accuratereviews.com\/wp-content\/uploads\/2022\/05\/Schermata-2022-05-25-alle-09.05.00-1.png","type":"image\/png"}],"twitter_card":"summary_large_image","twitter_misc":{"Tempo di lettura stimato":"2 minuti"},"schema":{"@context":"https:\/\/schema.org","@graph":[{"@type":"WebPage","@id":"https:\/\/www.accuratereviews.com\/it\/software-creare-firme-email\/dynasend-recensione\/","url":"https:\/\/www.accuratereviews.com\/it\/software-creare-firme-email\/dynasend-recensione\/","name":"Dynasend: recensione software email aziendale - Accurate Reviews","isPartOf":{"@id":"https:\/\/www.accuratereviews.com\/it\/#website"},"primaryImageOfPage":{"@id":"https:\/\/www.accuratereviews.com\/it\/software-creare-firme-email\/dynasend-recensione\/#primaryimage"},"image":{"@id":"https:\/\/www.accuratereviews.com\/it\/software-creare-firme-email\/dynasend-recensione\/#primaryimage"},"thumbnailUrl":"https:\/\/www.accuratereviews.com\/wp-content\/uploads\/2022\/05\/Schermata-2022-05-25-alle-09.05.00-1.png","datePublished":"2022-05-25T07:55:09+00:00","description":"Dynasend fornisce un kit di strumenti per la creazione, l'implementazione e la gestione continua del tuo software di firma email aziendale.","breadcrumb":{"@id":"https:\/\/www.accuratereviews.com\/it\/software-creare-firme-email\/dynasend-recensione\/#breadcrumb"},"inLanguage":"it-IT","potentialAction":[{"@type":"ReadAction","target":["https:\/\/www.accuratereviews.com\/it\/software-creare-firme-email\/dynasend-recensione\/"]}]},{"@type":"ImageObject","inLanguage":"it-IT","@id":"https:\/\/www.accuratereviews.com\/it\/software-creare-firme-email\/dynasend-recensione\/#primaryimage","url":"https:\/\/www.accuratereviews.com\/wp-content\/uploads\/2022\/05\/Schermata-2022-05-25-alle-09.05.00-1.png","contentUrl":"https:\/\/www.accuratereviews.com\/wp-content\/uploads\/2022\/05\/Schermata-2022-05-25-alle-09.05.00-1.png","width":615,"height":200},{"@type":"BreadcrumbList","@id":"https:\/\/www.accuratereviews.com\/it\/software-creare-firme-email\/dynasend-recensione\/#breadcrumb","itemListElement":[{"@type":"ListItem","position":1,"name":"Home","item":"https:\/\/www.accuratereviews.com\/it\/"},{"@type":"ListItem","position":2,"name":"Software per creare firme per email","item":"https:\/\/www.accuratereviews.com\/it\/software-creare-firme-email\/"},{"@type":"ListItem","position":3,"name":"Dynasend"}]},{"@type":"WebSite","@id":"https:\/\/www.accuratereviews.com\/it\/#website","url":"https:\/\/www.accuratereviews.com\/it\/","name":"Accurate Reviews","description":"","potentialAction":[{"@type":"SearchAction","target":{"@type":"EntryPoint","urlTemplate":"https:\/\/www.accuratereviews.com\/it\/?s={search_term_string}"},"query-input":{"@type":"PropertyValueSpecification","valueRequired":true,"valueName":"search_term_string"}}],"inLanguage":"it-IT"}]}},"_links":{"self":[{"href":"https:\/\/www.accuratereviews.com\/it\/wp-json\/wp\/v2\/pages\/57979","targetHints":{"allow":["GET"]}}],"collection":[{"href":"https:\/\/www.accuratereviews.com\/it\/wp-json\/wp\/v2\/pages"}],"about":[{"href":"https:\/\/www.accuratereviews.com\/it\/wp-json\/wp\/v2\/types\/page"}],"author":[{"embeddable":true,"href":"https:\/\/www.accuratereviews.com\/it\/wp-json\/wp\/v2\/users\/17"}],"replies":[{"embeddable":true,"href":"https:\/\/www.accuratereviews.com\/it\/wp-json\/wp\/v2\/comments?post=57979"}],"version-history":[{"count":4,"href":"https:\/\/www.accuratereviews.com\/it\/wp-json\/wp\/v2\/pages\/57979\/revisions"}],"predecessor-version":[{"id":58000,"href":"https:\/\/www.accuratereviews.com\/it\/wp-json\/wp\/v2\/pages\/57979\/revisions\/58000"}],"up":[{"embeddable":true,"href":"https:\/\/www.accuratereviews.com\/it\/wp-json\/wp\/v2\/pages\/57751"}],"wp:featuredmedia":[{"embeddable":true,"href":"https:\/\/www.accuratereviews.com\/it\/wp-json\/wp\/v2\/media\/57992"}],"wp:attachment":[{"href":"https:\/\/www.accuratereviews.com\/it\/wp-json\/wp\/v2\/media?parent=57979"}],"wp:term":[{"taxonomy":"category","embeddable":true,"href":"https:\/\/www.accuratereviews.com\/it\/wp-json\/wp\/v2\/categories?post=57979"},{"taxonomy":"post_tag","embeddable":true,"href":"https:\/\/www.accuratereviews.com\/it\/wp-json\/wp\/v2\/tags?post=57979"},{"taxonomy":"features","embeddable":true,"href":"https:\/\/www.accuratereviews.com\/it\/wp-json\/wp\/v2\/features?post=57979"}],"curies":[{"name":"wp","href":"https:\/\/api.w.org\/{rel}","templated":true}]}}