{"id":58040,"date":"2022-05-26T11:01:42","date_gmt":"2022-05-26T11:01:42","guid":{"rendered":"https:\/\/www.accuratereviews.com\/?page_id=58040"},"modified":"2024-10-04T10:55:24","modified_gmt":"2024-10-04T10:55:24","slug":"signitic-recensione","status":"publish","type":"page","link":"https:\/\/www.accuratereviews.com\/it\/software-creare-firme-email\/signitic-recensione\/","title":{"rendered":"Signitic"},"content":{"rendered":"<p><strong>Signitic<\/strong> ti consente di gestire centralmente <strong>le firme email<\/strong> della tua azienda. Puoi raggruppare le persone in dipartimenti e inviare una firma email strategica che ovviamente ha tutte le informazioni di contatto personalizzate, ma soprattutto un link, un banner o un invito all&#8217;azione a una campagna o promozione di cui vuoi che gli utenti conoscano.\u00a0Gestisci le firme email di tutti i tuoi dipendenti da un&#8217;unica interfaccia. Progetta un nuovo modello utilizzando uno strumento potente e intuitivo. Inoltre puoi creare entit\u00e0, gruppi e utenti e diffondere le tue campagne di marketing per rafforzare la tua immagine aziendale. Pu\u00f2 essere utilizzato su Salesforce, Pipedrive, Outlook e Gmail.<\/p>\n<h2>SIGNITIC &#8211; TUTORIAL<\/h2>\n<p>Ecco una panoramica di questo <strong>software di creazione di firme per email<\/strong>:<\/p>\n<div id=\"fluid-wrapper-counter-1\" class=\"g1-fluid-wrapper \" style=\"width:686px;\">\n<div style=\"padding-bottom:56.268221574344%;\"><iframe loading=\"lazy\" title=\"Signitic platform demo\" width=\"686\" height=\"386\" src=\"https:\/\/www.youtube.com\/embed\/TZFxwm0o8vE?feature=oembed&amp;wmode=transparent&amp;autohide=1&amp;autoplay=0&amp;disablekb=0&amp;fs=1&amp;loop=0&amp;enablejsapi=1&amp;rel=0&amp;controls=2&amp;showinfo=0&amp;wmode=transparent&amp;autohide=2&amp;autoplay=0&amp;disablekb=0&amp;fs=1&amp;loop=0&amp;enablejsapi=1&amp;rel=0&amp;controls=2&amp;showinfo=1\" frameborder=\"0\" allow=\"accelerometer; autoplay; clipboard-write; encrypted-media; gyroscope; picture-in-picture; web-share\" referrerpolicy=\"strict-origin-when-cross-origin\" allowfullscreen><\/iframe><\/div>\n<\/div>\n<h3>SIGNITIC &#8211; CARATTERISTICHE<\/h3>\n<ul>\n<li>Progetta firme con l&#8217;editor drag&amp;drop specializzato<\/li>\n<li>Segmentazione degli utenti tramite il sistema di raggruppamento<\/li>\n<li>Accesso a statistiche dettagliate<\/li>\n<li>Ideazione e pianificazione di campagne di comunicazione<\/li>\n<li>Sincronizzazione delle directory di Office 365 e Google Workspace (G Suite)<\/li>\n<li>Centro assistenza e supporto online gratuito<\/li>\n<li>Gestione multimarca e multiagenzia<\/li>\n<li>Inserimento automatico della firma sulla tua webmail e client desktop<\/li>\n<li>Personalizza le autorizzazioni per entit\u00e0 e per modulo<\/li>\n<li>Integrazione dello strumento per la creazione di banner Canva<\/li>\n<li>Rotazione automatica tramite test A\/B<\/li>\n<li>Pianifica i tuoi banner di comunicazione con diverse settimane di anticipo<\/li>\n<li>Sottodominio personalizzato in HTTPS<\/li>\n<li>Mappatura dei campi della directory<\/li>\n<li>Possibilit\u00e0 di consentire ai collaboratori di modificare gli attributi<\/li>\n<li>Multifirme per dipendente<\/li>\n<li>Firme per risposta\/trasferimento<\/li>\n<li>Scegli tra immagini remote o incorporate<\/li>\n<\/ul>\n<h4>LE RECENSIONI DEGLI UTENTI<\/h4>\n<p class=\"h5 font-weight-bold\"><strong>Johon D.:&#8221;Signitic \u00e8 una delle migliori firme online sul mercato&#8221;<br \/>\n<\/strong><strong>Pro<\/strong>: Signitic mi permette di avere firme illimitate e di scegliere quale usare in qualsiasi momento.<br \/>\n<strong>Contro<\/strong>:\u00a0Vorrei che le firme generate fossero di natura responsive design.<\/p>\n<p class=\"font-weight-bold mb-2\"><strong>William S.&#8221;Va bene, ma potrebbe essere migliore&#8230;&#8221;<br \/>\n<\/strong><span class=\"font-weight-bold\"><strong>Commenti<\/strong>: <\/span>Va bene, ma potrebbe essere migliore&#8230;<br \/>\n<strong>Pro<\/strong>: Puoi gestire un gruppo di firme email e assicurarti che le cose siano coerenti in tutto il tuo team.<br \/>\n<strong>Contro<\/strong>:\u00a0Tra le opzioni del modello di firma disponibili, non ti lasciano spazio per aggiungere banner per le campagne scelte e non vanno davvero oltre la semplice aggiunta dei dettagli di base, quindi non direi che \u00e8 cos\u00ec impressionante come strumento.<\/p>\n<h4 class=\"font-weight-bold mb-2\"><strong>Karine L.&#8221;Una piattaforma facile da usare!&#8221;<br \/>\n<\/strong><span class=\"font-weight-bold\"><strong>Commenti<\/strong>: <\/span>Siamo soddisfatti della piattaforma Signitic e la consigliamo vivamente!<br \/>\n<strong>Pro<\/strong>: La piattaforma Signitic \u00e8 molto ben organizzata, \u00e8 molto facile da usare!<br \/>\n<strong>Contro<\/strong>:\u00a0Non c&#8217;\u00e8 nessun punto debole e anzi se c&#8217;\u00e8 un problema il Servizio Clienti \u00e8 molto reattivo!<\/h4>\n","protected":false},"excerpt":{"rendered":"<p>Signitic ti consente di gestire centralmente le firme email della tua azienda. Puoi raggruppare le persone in dipartimenti e inviare una firma email strategica che ovviamente ha tutte le informazioni di contatto personalizzate, ma soprattutto un link, un banner o un invito all&#8217;azione a una campagna o promozione di cui vuoi che gli utenti conoscano.\u00a0<\/p>\n","protected":false},"author":16,"featured_media":58041,"parent":57751,"menu_order":0,"comment_status":"open","ping_status":"closed","template":"g1_template_page_review_new.php","meta":{"_acf_changed":false,"cwp_meta_box_check":"No","cwp_rev_product_name":"","cwp_rev_product_image":"","wppr_links":[],"cwp_rev_price":"","wppr_options":[],"wppr_pros":[],"wppr_cons":[],"_monsterinsights_skip_tracking":false,"_monsterinsights_sitenote_active":false,"_monsterinsights_sitenote_note":"","_monsterinsights_sitenote_category":0,"footnotes":""},"categories":[12645],"tags":[12670,12649,12651,12708,12648,12650],"features":[],"class_list":{"0":"post-58040","1":"page","2":"type-page","3":"status-publish","4":"has-post-thumbnail","6":"category-software-firme-email-cat","7":"tag-creare-firme-per-email","8":"tag-piattaforma-per-creare-firme-per-email","9":"tag-programma-per-creare-firme-per-email","10":"tag-signitic","11":"tag-software-per-creare-firme-per-email","12":"tag-soluzione-per-creare-firme-per-email"},"wppr_data":{"cwp_meta_box_check":"No"},"acf":[],"yoast_head":"<!-- This site is optimized with the Yoast SEO plugin v27.4 - https:\/\/yoast.com\/product\/yoast-seo-wordpress\/ -->\n<title>Signitic: recensione software creazione firme per email - Accurate Reviews<\/title>\n<meta name=\"description\" content=\"Signitic: recensione soluzione che ti consente di gestire centralmente le firme email della tua azienda in modo semplice e veloce.\" \/>\n<meta name=\"robots\" content=\"index, follow, max-snippet:-1, max-image-preview:large, max-video-preview:-1\" \/>\n<link rel=\"canonical\" href=\"https:\/\/www.accuratereviews.com\/it\/software-creare-firme-email\/signitic-recensione\/\" \/>\n<meta property=\"og:locale\" content=\"it_IT\" \/>\n<meta property=\"og:type\" content=\"article\" \/>\n<meta property=\"og:title\" content=\"Signitic: recensione software creazione firme per email - Accurate Reviews\" \/>\n<meta property=\"og:description\" content=\"Signitic: recensione soluzione che ti consente di gestire centralmente le firme email della tua azienda in modo semplice e veloce.\" \/>\n<meta property=\"og:url\" content=\"https:\/\/www.accuratereviews.com\/it\/software-creare-firme-email\/signitic-recensione\/\" \/>\n<meta property=\"og:site_name\" content=\"Accurate Reviews\" \/>\n<meta property=\"article:modified_time\" content=\"2024-10-04T10:55:24+00:00\" \/>\n<meta property=\"og:image\" content=\"https:\/\/www.accuratereviews.com\/wp-content\/uploads\/2022\/05\/Signitic-_ljrXz.jpeg\" \/>\n\t<meta property=\"og:image:width\" content=\"280\" \/>\n\t<meta property=\"og:image:height\" content=\"210\" \/>\n\t<meta property=\"og:image:type\" content=\"image\/jpeg\" \/>\n<meta name=\"twitter:card\" content=\"summary_large_image\" \/>\n<meta name=\"twitter:label1\" content=\"Tempo di lettura stimato\" \/>\n\t<meta name=\"twitter:data1\" content=\"3 minuti\" \/>\n<script type=\"application\/ld+json\" class=\"yoast-schema-graph\">{\"@context\":\"https:\\\/\\\/schema.org\",\"@graph\":[{\"@type\":\"WebPage\",\"@id\":\"https:\\\/\\\/www.accuratereviews.com\\\/it\\\/software-creare-firme-email\\\/signitic-recensione\\\/\",\"url\":\"https:\\\/\\\/www.accuratereviews.com\\\/it\\\/software-creare-firme-email\\\/signitic-recensione\\\/\",\"name\":\"Signitic: recensione software creazione firme per email - Accurate Reviews\",\"isPartOf\":{\"@id\":\"https:\\\/\\\/www.accuratereviews.com\\\/it\\\/#website\"},\"primaryImageOfPage\":{\"@id\":\"https:\\\/\\\/www.accuratereviews.com\\\/it\\\/software-creare-firme-email\\\/signitic-recensione\\\/#primaryimage\"},\"image\":{\"@id\":\"https:\\\/\\\/www.accuratereviews.com\\\/it\\\/software-creare-firme-email\\\/signitic-recensione\\\/#primaryimage\"},\"thumbnailUrl\":\"https:\\\/\\\/www.accuratereviews.com\\\/wp-content\\\/uploads\\\/2022\\\/05\\\/Signitic-_ljrXz.jpeg\",\"datePublished\":\"2022-05-26T11:01:42+00:00\",\"dateModified\":\"2024-10-04T10:55:24+00:00\",\"description\":\"Signitic: recensione soluzione che ti consente di gestire centralmente le firme email della tua azienda in modo semplice e veloce.\",\"breadcrumb\":{\"@id\":\"https:\\\/\\\/www.accuratereviews.com\\\/it\\\/software-creare-firme-email\\\/signitic-recensione\\\/#breadcrumb\"},\"inLanguage\":\"it-IT\",\"potentialAction\":[{\"@type\":\"ReadAction\",\"target\":[\"https:\\\/\\\/www.accuratereviews.com\\\/it\\\/software-creare-firme-email\\\/signitic-recensione\\\/\"]}]},{\"@type\":\"ImageObject\",\"inLanguage\":\"it-IT\",\"@id\":\"https:\\\/\\\/www.accuratereviews.com\\\/it\\\/software-creare-firme-email\\\/signitic-recensione\\\/#primaryimage\",\"url\":\"https:\\\/\\\/www.accuratereviews.com\\\/wp-content\\\/uploads\\\/2022\\\/05\\\/Signitic-_ljrXz.jpeg\",\"contentUrl\":\"https:\\\/\\\/www.accuratereviews.com\\\/wp-content\\\/uploads\\\/2022\\\/05\\\/Signitic-_ljrXz.jpeg\",\"width\":280,\"height\":210},{\"@type\":\"BreadcrumbList\",\"@id\":\"https:\\\/\\\/www.accuratereviews.com\\\/it\\\/software-creare-firme-email\\\/signitic-recensione\\\/#breadcrumb\",\"itemListElement\":[{\"@type\":\"ListItem\",\"position\":1,\"name\":\"Home\",\"item\":\"https:\\\/\\\/www.accuratereviews.com\\\/it\\\/\"},{\"@type\":\"ListItem\",\"position\":2,\"name\":\"Software per creare firme per email\",\"item\":\"https:\\\/\\\/www.accuratereviews.com\\\/it\\\/software-creare-firme-email\\\/\"},{\"@type\":\"ListItem\",\"position\":3,\"name\":\"Signitic\"}]},{\"@type\":\"WebSite\",\"@id\":\"https:\\\/\\\/www.accuratereviews.com\\\/it\\\/#website\",\"url\":\"https:\\\/\\\/www.accuratereviews.com\\\/it\\\/\",\"name\":\"Accurate Reviews\",\"description\":\"\",\"potentialAction\":[{\"@type\":\"SearchAction\",\"target\":{\"@type\":\"EntryPoint\",\"urlTemplate\":\"https:\\\/\\\/www.accuratereviews.com\\\/it\\\/?s={search_term_string}\"},\"query-input\":{\"@type\":\"PropertyValueSpecification\",\"valueRequired\":true,\"valueName\":\"search_term_string\"}}],\"inLanguage\":\"it-IT\"}]}<\/script>\n<!-- \/ Yoast SEO plugin. -->","yoast_head_json":{"title":"Signitic: recensione software creazione firme per email - Accurate Reviews","description":"Signitic: recensione soluzione che ti consente di gestire centralmente le firme email della tua azienda in modo semplice e veloce.","robots":{"index":"index","follow":"follow","max-snippet":"max-snippet:-1","max-image-preview":"max-image-preview:large","max-video-preview":"max-video-preview:-1"},"canonical":"https:\/\/www.accuratereviews.com\/it\/software-creare-firme-email\/signitic-recensione\/","og_locale":"it_IT","og_type":"article","og_title":"Signitic: recensione software creazione firme per email - Accurate Reviews","og_description":"Signitic: recensione soluzione che ti consente di gestire centralmente le firme email della tua azienda in modo semplice e veloce.","og_url":"https:\/\/www.accuratereviews.com\/it\/software-creare-firme-email\/signitic-recensione\/","og_site_name":"Accurate Reviews","article_modified_time":"2024-10-04T10:55:24+00:00","og_image":[{"width":280,"height":210,"url":"https:\/\/www.accuratereviews.com\/wp-content\/uploads\/2022\/05\/Signitic-_ljrXz.jpeg","type":"image\/jpeg"}],"twitter_card":"summary_large_image","twitter_misc":{"Tempo di lettura stimato":"3 minuti"},"schema":{"@context":"https:\/\/schema.org","@graph":[{"@type":"WebPage","@id":"https:\/\/www.accuratereviews.com\/it\/software-creare-firme-email\/signitic-recensione\/","url":"https:\/\/www.accuratereviews.com\/it\/software-creare-firme-email\/signitic-recensione\/","name":"Signitic: recensione software creazione firme per email - Accurate Reviews","isPartOf":{"@id":"https:\/\/www.accuratereviews.com\/it\/#website"},"primaryImageOfPage":{"@id":"https:\/\/www.accuratereviews.com\/it\/software-creare-firme-email\/signitic-recensione\/#primaryimage"},"image":{"@id":"https:\/\/www.accuratereviews.com\/it\/software-creare-firme-email\/signitic-recensione\/#primaryimage"},"thumbnailUrl":"https:\/\/www.accuratereviews.com\/wp-content\/uploads\/2022\/05\/Signitic-_ljrXz.jpeg","datePublished":"2022-05-26T11:01:42+00:00","dateModified":"2024-10-04T10:55:24+00:00","description":"Signitic: recensione soluzione che ti consente di gestire centralmente le firme email della tua azienda in modo semplice e veloce.","breadcrumb":{"@id":"https:\/\/www.accuratereviews.com\/it\/software-creare-firme-email\/signitic-recensione\/#breadcrumb"},"inLanguage":"it-IT","potentialAction":[{"@type":"ReadAction","target":["https:\/\/www.accuratereviews.com\/it\/software-creare-firme-email\/signitic-recensione\/"]}]},{"@type":"ImageObject","inLanguage":"it-IT","@id":"https:\/\/www.accuratereviews.com\/it\/software-creare-firme-email\/signitic-recensione\/#primaryimage","url":"https:\/\/www.accuratereviews.com\/wp-content\/uploads\/2022\/05\/Signitic-_ljrXz.jpeg","contentUrl":"https:\/\/www.accuratereviews.com\/wp-content\/uploads\/2022\/05\/Signitic-_ljrXz.jpeg","width":280,"height":210},{"@type":"BreadcrumbList","@id":"https:\/\/www.accuratereviews.com\/it\/software-creare-firme-email\/signitic-recensione\/#breadcrumb","itemListElement":[{"@type":"ListItem","position":1,"name":"Home","item":"https:\/\/www.accuratereviews.com\/it\/"},{"@type":"ListItem","position":2,"name":"Software per creare firme per email","item":"https:\/\/www.accuratereviews.com\/it\/software-creare-firme-email\/"},{"@type":"ListItem","position":3,"name":"Signitic"}]},{"@type":"WebSite","@id":"https:\/\/www.accuratereviews.com\/it\/#website","url":"https:\/\/www.accuratereviews.com\/it\/","name":"Accurate Reviews","description":"","potentialAction":[{"@type":"SearchAction","target":{"@type":"EntryPoint","urlTemplate":"https:\/\/www.accuratereviews.com\/it\/?s={search_term_string}"},"query-input":{"@type":"PropertyValueSpecification","valueRequired":true,"valueName":"search_term_string"}}],"inLanguage":"it-IT"}]}},"_links":{"self":[{"href":"https:\/\/www.accuratereviews.com\/it\/wp-json\/wp\/v2\/pages\/58040","targetHints":{"allow":["GET"]}}],"collection":[{"href":"https:\/\/www.accuratereviews.com\/it\/wp-json\/wp\/v2\/pages"}],"about":[{"href":"https:\/\/www.accuratereviews.com\/it\/wp-json\/wp\/v2\/types\/page"}],"author":[{"embeddable":true,"href":"https:\/\/www.accuratereviews.com\/it\/wp-json\/wp\/v2\/users\/16"}],"replies":[{"embeddable":true,"href":"https:\/\/www.accuratereviews.com\/it\/wp-json\/wp\/v2\/comments?post=58040"}],"version-history":[{"count":8,"href":"https:\/\/www.accuratereviews.com\/it\/wp-json\/wp\/v2\/pages\/58040\/revisions"}],"predecessor-version":[{"id":79327,"href":"https:\/\/www.accuratereviews.com\/it\/wp-json\/wp\/v2\/pages\/58040\/revisions\/79327"}],"up":[{"embeddable":true,"href":"https:\/\/www.accuratereviews.com\/it\/wp-json\/wp\/v2\/pages\/57751"}],"wp:featuredmedia":[{"embeddable":true,"href":"https:\/\/www.accuratereviews.com\/it\/wp-json\/wp\/v2\/media\/58041"}],"wp:attachment":[{"href":"https:\/\/www.accuratereviews.com\/it\/wp-json\/wp\/v2\/media?parent=58040"}],"wp:term":[{"taxonomy":"category","embeddable":true,"href":"https:\/\/www.accuratereviews.com\/it\/wp-json\/wp\/v2\/categories?post=58040"},{"taxonomy":"post_tag","embeddable":true,"href":"https:\/\/www.accuratereviews.com\/it\/wp-json\/wp\/v2\/tags?post=58040"},{"taxonomy":"features","embeddable":true,"href":"https:\/\/www.accuratereviews.com\/it\/wp-json\/wp\/v2\/features?post=58040"}],"curies":[{"name":"wp","href":"https:\/\/api.w.org\/{rel}","templated":true}]}}