{"id":58088,"date":"2022-05-30T11:00:57","date_gmt":"2022-05-30T11:00:57","guid":{"rendered":"https:\/\/www.accuratereviews.com\/?page_id=58088"},"modified":"2022-05-30T11:00:57","modified_gmt":"2022-05-30T11:00:57","slug":"adsigner-recensione","status":"publish","type":"page","link":"https:\/\/www.accuratereviews.com\/it\/software-creare-firme-email\/adsigner-recensione\/","title":{"rendered":"AdSigner"},"content":{"rendered":"<p><strong>AdSigner<\/strong> \u00e8 una <strong>soluzione di firma email<\/strong> che aiuta le organizzazioni a progettare e gestire le firme dei messaggi di posta elettronica dei dipendenti utilizzando modelli personalizzabili. Consente ai team di marketing di eseguire campagne pubblicitarie, creare banner aziendali e sincronizzare automaticamente i dati con gli account utente di Google e Microsoft. Il software\u00a0offre una serie di funzionalit\u00e0: campagne pubblicitarie mirate, analisi e reportistica, gestione di utenti e firme, collaborazione e altro ancora. Inoltre, pu\u00f2 essere integrato con Google Analytics per monitorare senza problemi i visitatori del tuo sito mentre aprono i tuoi link.\u00a0<strong>AdSigner<\/strong> supporta l&#8217;integrazione con varie applicazioni di terze parti come Microsoft Outlook, Gmail, Yahoo Mail, Salesforce, Zoho CRM, Thunderbird, Microsoft Active Directory e altre integrazioni personalizzate tramite API.<\/p>\n<h2>ADSIGNER &#8211; TUTORIAL<\/h2>\n<p>In questo tutorial imparerai come creare una <strong>firma email<\/strong>:<\/p>\n<div id=\"fluid-wrapper-counter-1\" class=\"g1-fluid-wrapper \" style=\"width:686px;\">\n<div style=\"padding-bottom:56.268221574344%;\"><iframe loading=\"lazy\" title=\"AdSigner tutorials | How to: Complete signature after you received request to insert signature\" width=\"686\" height=\"386\" src=\"https:\/\/www.youtube.com\/embed\/DcnSYC9vSRI?feature=oembed&amp;wmode=transparent&amp;autohide=1&amp;autoplay=0&amp;disablekb=0&amp;fs=1&amp;loop=0&amp;enablejsapi=1&amp;rel=0&amp;controls=2&amp;showinfo=0&amp;wmode=transparent&amp;autohide=2&amp;autoplay=0&amp;disablekb=0&amp;fs=1&amp;loop=0&amp;enablejsapi=1&amp;rel=0&amp;controls=2&amp;showinfo=1\" frameborder=\"0\" allow=\"accelerometer; autoplay; clipboard-write; encrypted-media; gyroscope; picture-in-picture\" allowfullscreen><\/iframe><\/div>\n<\/div>\n<h3>ADSIGNER &#8211; CARATTERISTICHE<\/h3>\n<ul>\n<li><strong>Inserimento manuale<\/strong>: gli utenti possono essere aggiunti e i loro dati possono essere inseriti manualmente<\/li>\n<li><strong>Caricamento file CSV<\/strong>: \u00e8 possibile importare utenti e dati utente da file CSV che non richiedono una preparazione specifica per l&#8217;importazione. Le mappature delle colonne possono essere impostate al caricamento e modificate in seguito<\/li>\n<li><strong>Google Workspace<\/strong>: gli utenti e i dati degli utenti possono essere sincronizzati periodicamente. I mapping delle colonne supportano attributi personalizzati<\/li>\n<li><strong>Microsoft Active Directory<\/strong>: i dati utente possono essere sincronizzati periodicamente utilizzando i mapping delle colonne con supporto per attributi personalizzati<\/li>\n<li><strong>Loghi, banner e pulsanti dei social media<\/strong>: immagini, banner, pulsanti dei social media e altri elementi grafici sono completamente supportati dal generatore di firme email. Ci\u00f2 rende le tue email professionali e apre nuove opportunit\u00e0 per i tuoi sforzi di email marketing<\/li>\n<li><strong>Distribuzione rapida e aggiornamenti immediati<\/strong>: inoltre, tutte le modifiche alle regole e ai modelli di firma email possono essere completate in pochi secondi e pubblicate all&#8217;istante<\/li>\n<li><strong>Editor di modelli di firma integrato<\/strong>: esperto o meno, creerai modelli di firme email come un professionista<\/li>\n<li><strong>Delega dei diritti di gestione delle firme<\/strong>: personalizza le firme email per ruolo e reparto. Delega le attivit\u00e0 di creazione e gestione delle firme a singoli utenti o team della tua organizzazione e solleva i tuoi amministratori da attivit\u00e0 amministrative non essenziali.<\/li>\n<\/ul>\n<h4>LE RECENSIONI DEGLI UTENTI<\/h4>\n<p class=\"font-weight-bold mb-2\"><strong>Ankit J.&#8221;strumento professionale e innovativo&#8221;<\/strong><\/p>\n<p class=\"font-weight-bold mb-2\"><strong>Commenti<\/strong>: c&#8217;\u00e8 un elenco di argomenti, alcuni dei quali sono assistenza clienti avanzata, aiuto con l&#8217;implementazione iniziale, modelli predefiniti, progettazione di modelli personalizzati, email non finisce nello spam, potente strumento analitico<\/p>\n<p><strong>Pro<\/strong>:\u00a0Strumento professionale secondo la mia esperienza, ha opzioni intuitive. puoi andare avanti e gestire tutte le opzioni email sotto un unico tetto, non sarai spammato. Il banner viene modificato automaticamente, hai un supporto 24 ore su 24, 7 giorni su 7<\/p>\n<p><strong>Contro<\/strong>:\u00a0Le campagne possono essere utilizzate per modificare l&#8217;immagine o il collegamento visualizzato in un determinato momento in una determinata firma. Gli orari possono essere stabiliti in anticipo. Qualsiasi campo di collegamento, immagine o banner pu\u00f2 essere sovrascritto con le campagne, a condizione che nel campo sia abilitata l&#8217;opzione di raccolta delle statistiche.<\/p>\n<p class=\"font-weight-bold mb-2\"><strong>Nazli P.&#8221;Generatore di firme facili&#8221;<\/strong><\/p>\n<p class=\"font-weight-bold mb-2\"><strong>Commenti<\/strong>: \u00c8 buono, facile ed efficace. Installi ed \u00e8 pronto per l&#8217;uso.<\/p>\n<p><strong>Pro<\/strong>:\u00a01. Facile da creare firma. 2. Puoi utilizzare Google Analytics. 3. Facile da usare con Outlook e Gmail. 4. Un cambio di posizione pu\u00f2 modificare automaticamente l&#8217;eredit\u00e0. 5. Molto utile per la strategia di marketing. 6. Buona raccolta di immagini.<\/p>\n<p><strong>Contro<\/strong>:\u00a01. Uso 3 lingue diverse (inglese, tedesco, hindi) Sarebbe positivo se l&#8217;azienda potesse aggiungere funzionalit\u00e0 linguistiche.<\/p>\n<p class=\"font-weight-bold mb-2\"><strong>Benjamin M. &#8220;Straordinarie campagne di firma email&#8221;<\/strong><\/p>\n<p class=\"font-weight-bold mb-2\"><strong>Commenti<\/strong>: La mia esperienza complessiva \u00e8 pi\u00f9 che ok. Ne ho bisogno nella mia azienda, quindi \u00e8 qualcosa che ci d\u00e0 valore e vediamo un chiaro vantaggio.<\/p>\n<p><strong>Pro<\/strong>:\u00a0Il prodotto \u00e8 facile da usare e molto semplice quando si tratta di adottarlo. Mi ci sono voluti solo un paio di minuti per capirlo. Quello che mi \u00e8 piaciuto di pi\u00f9 \u00e8 l&#8217;opzione della campagna banner in modo da poter impostare banner diversi in tutta la mia azienda e programmarla automaticamente. Non devo preoccuparmi di come appare e quando cambia, solo una volta al mese o bisettimanale.<\/p>\n<p><strong>Contro<\/strong>:\u00a0L&#8217;integrazione \u00e8 stata facile e ho avuto un paio di domande per l&#8217;assistenza clienti e loro hanno risposto prontamente. Quindi non c&#8217;\u00e8 alcun vero problema.<\/p>\n","protected":false},"excerpt":{"rendered":"<p>AdSigner \u00e8 una soluzione di firma email che aiuta le organizzazioni a progettare e gestire le firme dei messaggi di posta elettronica dei dipendenti utilizzando modelli personalizzabili. Consente ai team di marketing di eseguire campagne pubblicitarie, creare banner aziendali e sincronizzare automaticamente i dati con gli account utente di Google e Microsoft.<\/p>\n","protected":false},"author":16,"featured_media":58089,"parent":57751,"menu_order":0,"comment_status":"open","ping_status":"closed","template":"g1_template_page_review_new.php","meta":{"_acf_changed":false,"cwp_meta_box_check":"No","cwp_rev_product_name":"","cwp_rev_product_image":"","wppr_links":[],"cwp_rev_price":"","wppr_options":[],"wppr_pros":[],"wppr_cons":[],"_monsterinsights_skip_tracking":false,"_monsterinsights_sitenote_active":false,"_monsterinsights_sitenote_note":"","_monsterinsights_sitenote_category":0,"footnotes":""},"categories":[12645],"tags":[12717,12670,12649,12651,12648,12650],"features":[],"class_list":{"0":"post-58088","1":"page","2":"type-page","3":"status-publish","4":"has-post-thumbnail","6":"category-software-firme-email-cat","7":"tag-adsigner","8":"tag-creare-firme-per-email","9":"tag-piattaforma-per-creare-firme-per-email","10":"tag-programma-per-creare-firme-per-email","11":"tag-software-per-creare-firme-per-email","12":"tag-soluzione-per-creare-firme-per-email"},"wppr_data":{"cwp_meta_box_check":"No"},"acf":[],"yoast_head":"<!-- This site is optimized with the Yoast SEO plugin v27.4 - https:\/\/yoast.com\/product\/yoast-seo-wordpress\/ -->\n<title>AdSigner: recensione software per creare firme email - Accurate Reviews<\/title>\n<meta name=\"description\" content=\"AdSigner: recensione soluzione di firma email che aiuta a progettare e gestire le firme dei messaggi di posta elettronica dei dipendenti.\" \/>\n<meta name=\"robots\" content=\"index, follow, max-snippet:-1, max-image-preview:large, max-video-preview:-1\" \/>\n<link rel=\"canonical\" href=\"https:\/\/www.accuratereviews.com\/it\/software-creare-firme-email\/adsigner-recensione\/\" \/>\n<meta property=\"og:locale\" content=\"it_IT\" \/>\n<meta property=\"og:type\" content=\"article\" \/>\n<meta property=\"og:title\" content=\"AdSigner: recensione software per creare firme email - Accurate Reviews\" \/>\n<meta property=\"og:description\" content=\"AdSigner: recensione soluzione di firma email che aiuta a progettare e gestire le firme dei messaggi di posta elettronica dei dipendenti.\" \/>\n<meta property=\"og:url\" content=\"https:\/\/www.accuratereviews.com\/it\/software-creare-firme-email\/adsigner-recensione\/\" \/>\n<meta property=\"og:site_name\" content=\"Accurate Reviews\" \/>\n<meta property=\"og:image\" content=\"https:\/\/www.accuratereviews.com\/wp-content\/uploads\/2022\/05\/AdSigner.jpeg\" \/>\n\t<meta property=\"og:image:width\" content=\"200\" \/>\n\t<meta property=\"og:image:height\" content=\"200\" \/>\n\t<meta property=\"og:image:type\" content=\"image\/jpeg\" \/>\n<meta name=\"twitter:card\" content=\"summary_large_image\" \/>\n<meta name=\"twitter:label1\" content=\"Tempo di lettura stimato\" \/>\n\t<meta name=\"twitter:data1\" content=\"4 minuti\" \/>\n<script type=\"application\/ld+json\" class=\"yoast-schema-graph\">{\"@context\":\"https:\\\/\\\/schema.org\",\"@graph\":[{\"@type\":\"WebPage\",\"@id\":\"https:\\\/\\\/www.accuratereviews.com\\\/it\\\/software-creare-firme-email\\\/adsigner-recensione\\\/\",\"url\":\"https:\\\/\\\/www.accuratereviews.com\\\/it\\\/software-creare-firme-email\\\/adsigner-recensione\\\/\",\"name\":\"AdSigner: recensione software per creare firme email - Accurate Reviews\",\"isPartOf\":{\"@id\":\"https:\\\/\\\/www.accuratereviews.com\\\/it\\\/#website\"},\"primaryImageOfPage\":{\"@id\":\"https:\\\/\\\/www.accuratereviews.com\\\/it\\\/software-creare-firme-email\\\/adsigner-recensione\\\/#primaryimage\"},\"image\":{\"@id\":\"https:\\\/\\\/www.accuratereviews.com\\\/it\\\/software-creare-firme-email\\\/adsigner-recensione\\\/#primaryimage\"},\"thumbnailUrl\":\"https:\\\/\\\/www.accuratereviews.com\\\/wp-content\\\/uploads\\\/2022\\\/05\\\/AdSigner.jpeg\",\"datePublished\":\"2022-05-30T11:00:57+00:00\",\"description\":\"AdSigner: recensione soluzione di firma email che aiuta a progettare e gestire le firme dei messaggi di posta elettronica dei dipendenti.\",\"breadcrumb\":{\"@id\":\"https:\\\/\\\/www.accuratereviews.com\\\/it\\\/software-creare-firme-email\\\/adsigner-recensione\\\/#breadcrumb\"},\"inLanguage\":\"it-IT\",\"potentialAction\":[{\"@type\":\"ReadAction\",\"target\":[\"https:\\\/\\\/www.accuratereviews.com\\\/it\\\/software-creare-firme-email\\\/adsigner-recensione\\\/\"]}]},{\"@type\":\"ImageObject\",\"inLanguage\":\"it-IT\",\"@id\":\"https:\\\/\\\/www.accuratereviews.com\\\/it\\\/software-creare-firme-email\\\/adsigner-recensione\\\/#primaryimage\",\"url\":\"https:\\\/\\\/www.accuratereviews.com\\\/wp-content\\\/uploads\\\/2022\\\/05\\\/AdSigner.jpeg\",\"contentUrl\":\"https:\\\/\\\/www.accuratereviews.com\\\/wp-content\\\/uploads\\\/2022\\\/05\\\/AdSigner.jpeg\",\"width\":200,\"height\":200},{\"@type\":\"BreadcrumbList\",\"@id\":\"https:\\\/\\\/www.accuratereviews.com\\\/it\\\/software-creare-firme-email\\\/adsigner-recensione\\\/#breadcrumb\",\"itemListElement\":[{\"@type\":\"ListItem\",\"position\":1,\"name\":\"Home\",\"item\":\"https:\\\/\\\/www.accuratereviews.com\\\/it\\\/\"},{\"@type\":\"ListItem\",\"position\":2,\"name\":\"Software per creare firme per email\",\"item\":\"https:\\\/\\\/www.accuratereviews.com\\\/it\\\/software-creare-firme-email\\\/\"},{\"@type\":\"ListItem\",\"position\":3,\"name\":\"AdSigner\"}]},{\"@type\":\"WebSite\",\"@id\":\"https:\\\/\\\/www.accuratereviews.com\\\/it\\\/#website\",\"url\":\"https:\\\/\\\/www.accuratereviews.com\\\/it\\\/\",\"name\":\"Accurate Reviews\",\"description\":\"\",\"potentialAction\":[{\"@type\":\"SearchAction\",\"target\":{\"@type\":\"EntryPoint\",\"urlTemplate\":\"https:\\\/\\\/www.accuratereviews.com\\\/it\\\/?s={search_term_string}\"},\"query-input\":{\"@type\":\"PropertyValueSpecification\",\"valueRequired\":true,\"valueName\":\"search_term_string\"}}],\"inLanguage\":\"it-IT\"}]}<\/script>\n<!-- \/ Yoast SEO plugin. -->","yoast_head_json":{"title":"AdSigner: recensione software per creare firme email - Accurate Reviews","description":"AdSigner: recensione soluzione di firma email che aiuta a progettare e gestire le firme dei messaggi di posta elettronica dei dipendenti.","robots":{"index":"index","follow":"follow","max-snippet":"max-snippet:-1","max-image-preview":"max-image-preview:large","max-video-preview":"max-video-preview:-1"},"canonical":"https:\/\/www.accuratereviews.com\/it\/software-creare-firme-email\/adsigner-recensione\/","og_locale":"it_IT","og_type":"article","og_title":"AdSigner: recensione software per creare firme email - Accurate Reviews","og_description":"AdSigner: recensione soluzione di firma email che aiuta a progettare e gestire le firme dei messaggi di posta elettronica dei dipendenti.","og_url":"https:\/\/www.accuratereviews.com\/it\/software-creare-firme-email\/adsigner-recensione\/","og_site_name":"Accurate Reviews","og_image":[{"width":200,"height":200,"url":"https:\/\/www.accuratereviews.com\/wp-content\/uploads\/2022\/05\/AdSigner.jpeg","type":"image\/jpeg"}],"twitter_card":"summary_large_image","twitter_misc":{"Tempo di lettura stimato":"4 minuti"},"schema":{"@context":"https:\/\/schema.org","@graph":[{"@type":"WebPage","@id":"https:\/\/www.accuratereviews.com\/it\/software-creare-firme-email\/adsigner-recensione\/","url":"https:\/\/www.accuratereviews.com\/it\/software-creare-firme-email\/adsigner-recensione\/","name":"AdSigner: recensione software per creare firme email - Accurate Reviews","isPartOf":{"@id":"https:\/\/www.accuratereviews.com\/it\/#website"},"primaryImageOfPage":{"@id":"https:\/\/www.accuratereviews.com\/it\/software-creare-firme-email\/adsigner-recensione\/#primaryimage"},"image":{"@id":"https:\/\/www.accuratereviews.com\/it\/software-creare-firme-email\/adsigner-recensione\/#primaryimage"},"thumbnailUrl":"https:\/\/www.accuratereviews.com\/wp-content\/uploads\/2022\/05\/AdSigner.jpeg","datePublished":"2022-05-30T11:00:57+00:00","description":"AdSigner: recensione soluzione di firma email che aiuta a progettare e gestire le firme dei messaggi di posta elettronica dei dipendenti.","breadcrumb":{"@id":"https:\/\/www.accuratereviews.com\/it\/software-creare-firme-email\/adsigner-recensione\/#breadcrumb"},"inLanguage":"it-IT","potentialAction":[{"@type":"ReadAction","target":["https:\/\/www.accuratereviews.com\/it\/software-creare-firme-email\/adsigner-recensione\/"]}]},{"@type":"ImageObject","inLanguage":"it-IT","@id":"https:\/\/www.accuratereviews.com\/it\/software-creare-firme-email\/adsigner-recensione\/#primaryimage","url":"https:\/\/www.accuratereviews.com\/wp-content\/uploads\/2022\/05\/AdSigner.jpeg","contentUrl":"https:\/\/www.accuratereviews.com\/wp-content\/uploads\/2022\/05\/AdSigner.jpeg","width":200,"height":200},{"@type":"BreadcrumbList","@id":"https:\/\/www.accuratereviews.com\/it\/software-creare-firme-email\/adsigner-recensione\/#breadcrumb","itemListElement":[{"@type":"ListItem","position":1,"name":"Home","item":"https:\/\/www.accuratereviews.com\/it\/"},{"@type":"ListItem","position":2,"name":"Software per creare firme per email","item":"https:\/\/www.accuratereviews.com\/it\/software-creare-firme-email\/"},{"@type":"ListItem","position":3,"name":"AdSigner"}]},{"@type":"WebSite","@id":"https:\/\/www.accuratereviews.com\/it\/#website","url":"https:\/\/www.accuratereviews.com\/it\/","name":"Accurate Reviews","description":"","potentialAction":[{"@type":"SearchAction","target":{"@type":"EntryPoint","urlTemplate":"https:\/\/www.accuratereviews.com\/it\/?s={search_term_string}"},"query-input":{"@type":"PropertyValueSpecification","valueRequired":true,"valueName":"search_term_string"}}],"inLanguage":"it-IT"}]}},"_links":{"self":[{"href":"https:\/\/www.accuratereviews.com\/it\/wp-json\/wp\/v2\/pages\/58088","targetHints":{"allow":["GET"]}}],"collection":[{"href":"https:\/\/www.accuratereviews.com\/it\/wp-json\/wp\/v2\/pages"}],"about":[{"href":"https:\/\/www.accuratereviews.com\/it\/wp-json\/wp\/v2\/types\/page"}],"author":[{"embeddable":true,"href":"https:\/\/www.accuratereviews.com\/it\/wp-json\/wp\/v2\/users\/16"}],"replies":[{"embeddable":true,"href":"https:\/\/www.accuratereviews.com\/it\/wp-json\/wp\/v2\/comments?post=58088"}],"version-history":[{"count":10,"href":"https:\/\/www.accuratereviews.com\/it\/wp-json\/wp\/v2\/pages\/58088\/revisions"}],"predecessor-version":[{"id":58124,"href":"https:\/\/www.accuratereviews.com\/it\/wp-json\/wp\/v2\/pages\/58088\/revisions\/58124"}],"up":[{"embeddable":true,"href":"https:\/\/www.accuratereviews.com\/it\/wp-json\/wp\/v2\/pages\/57751"}],"wp:featuredmedia":[{"embeddable":true,"href":"https:\/\/www.accuratereviews.com\/it\/wp-json\/wp\/v2\/media\/58089"}],"wp:attachment":[{"href":"https:\/\/www.accuratereviews.com\/it\/wp-json\/wp\/v2\/media?parent=58088"}],"wp:term":[{"taxonomy":"category","embeddable":true,"href":"https:\/\/www.accuratereviews.com\/it\/wp-json\/wp\/v2\/categories?post=58088"},{"taxonomy":"post_tag","embeddable":true,"href":"https:\/\/www.accuratereviews.com\/it\/wp-json\/wp\/v2\/tags?post=58088"},{"taxonomy":"features","embeddable":true,"href":"https:\/\/www.accuratereviews.com\/it\/wp-json\/wp\/v2\/features?post=58088"}],"curies":[{"name":"wp","href":"https:\/\/api.w.org\/{rel}","templated":true}]}}