{"id":58095,"date":"2022-05-30T11:02:30","date_gmt":"2022-05-30T11:02:30","guid":{"rendered":"https:\/\/www.accuratereviews.com\/?page_id=58095"},"modified":"2022-05-30T11:02:30","modified_gmt":"2022-05-30T11:02:30","slug":"opensense-recensione","status":"publish","type":"page","link":"https:\/\/www.accuratereviews.com\/it\/software-creare-firme-email\/opensense-recensione\/","title":{"rendered":"Opensense"},"content":{"rendered":"<p><strong>Opensense<\/strong> \u00e8 una <strong>soluzione di email marketing<\/strong> basata su <strong>cloud<\/strong>\u00a0per gestire le campagne di marketing utilizzando <strong>firme digitali<\/strong> e banner personalizzati. La funzionalit\u00e0 di gestione delle firme consente agli utenti di gestire pi\u00f9 marchi tramite segmentazione del mittente, formattazione, test A\/B, aggiornamenti automatici della versione e altro ancora. Il software\u00a0include uno strumento di marketing basato sull&#8217;account (ABM) che consente agli esperti di creare campagne ABM personalizzate e classificare i destinatari in base a aree geografiche, lingue, ruoli, azioni e preferenze. Le funzionalit\u00e0 includono il monitoraggio delle prestazioni, l&#8217;accesso basato sui ruoli, il monitoraggio di collegamenti video\/allegato, aggiornamenti in tempo reale e altro ancora. Gli utenti possono tenere traccia delle visualizzazioni per i collegamenti video pubblicati sui collegamenti della piattaforma video YouTube\/Vimeo e ottenere un&#8217;analisi pagina per pagina del coinvolgimento degli spettatori. La piattaforma si integra con varie applicazioni di terze parti come Salesforce, Office 365, G-Suite, HubSpot e Marketo.<\/p>\n<h2>OPENSENSE &#8211; TUTORIAL<\/h2>\n<p>Il video illustra le principali funzioni di questo <strong>software per creare firme email<\/strong>:<\/p>\n<div id=\"fluid-wrapper-counter-1\" class=\"g1-fluid-wrapper \" style=\"width:686px;\">\n<div style=\"padding-bottom:56.268221574344%;\"><iframe loading=\"lazy\" title=\"Most Marketing Content Sucks - Here\u2019s What To Do About It\" width=\"686\" height=\"386\" src=\"https:\/\/www.youtube.com\/embed\/3ORtKN3ulMM?feature=oembed&amp;wmode=transparent&amp;autohide=1&amp;autoplay=0&amp;disablekb=0&amp;fs=1&amp;loop=0&amp;enablejsapi=1&amp;rel=0&amp;controls=2&amp;showinfo=0&amp;wmode=transparent&amp;autohide=2&amp;autoplay=0&amp;disablekb=0&amp;fs=1&amp;loop=0&amp;enablejsapi=1&amp;rel=0&amp;controls=2&amp;showinfo=1\" frameborder=\"0\" allow=\"accelerometer; autoplay; clipboard-write; encrypted-media; gyroscope; picture-in-picture\" allowfullscreen><\/iframe><\/div>\n<\/div>\n<h3>OPENSENSE &#8211; CARATTERISTICHE<\/h3>\n<ul>\n<li><strong>Configura<\/strong>: la soluzione ti aiuter\u00e0 a configurare il tuo ambiente in modo che funzioni ovunque si trovino i tuoi dipendenti<\/li>\n<li><strong>Disegno<\/strong>: fornisce esempi di grandi firme e campagne pubblicitarie tramite banner email per l&#8217;ispirazione del tuo team<\/li>\n<li><strong>Controllo<\/strong>: guarda come il tuo team pu\u00f2 creare e gestire campagne pubblicitarie email e monitorare il coinvolgimento<\/li>\n<li><strong>Flessibile<\/strong>: con pi\u00f9 metodi di implementazione disponibili, il software rende estremamente semplice ottenere firme su ogni email dei dipendenti<\/li>\n<li><strong>Comporre<\/strong>: crea una bozza di email in Gmail, Outlook, Apple Mail o qualsiasi altro client di posta elettronica. Quindi aggiungi collegamenti o allegati senza alcuna preparazione o plug-in aggiuntivo<\/li>\n<li><strong>Invio<\/strong>: quando fai clic su &#8220;Invio&#8221;, il programma gestisce automaticamente tutto il lavoro pesante per rendere tracciabili le tue campagne pubblicitarie email<\/li>\n<li><strong>Imparare<\/strong>: ricevi notifiche in tempo reale sul coinvolgimento con i tuoi contenuti, incluse mappe di calore e replay video del tempo trascorso sul tuo sito web e PDF allegati<\/li>\n<li><strong>Trasparenza e fiducia<\/strong>: l&#8217;atteggiamento dei clienti nei confronti della conformit\u00e0 alla privacy dei dati sta cambiando, cos\u00ec come la legge. Rendi i tuoi standard di conformit\u00e0 email a prova di futuro per GDPR, CASL, CCPA e altro ancora<\/li>\n<li><strong>Applicare la politica e il controllo<\/strong>: la conformit\u00e0 email \u00e8 un obiettivo in movimento. Riduci il rischio normativo della tua azienda grazie alle esclusioni di responsabilit\u00e0 delle firme email gestite centralmente.<\/li>\n<\/ul>\n<h4>LE RECENSIONI DEGLI UTENTI<\/h4>\n<p class=\"font-weight-bold mb-2\"><strong>Shana P.&#8221;\u00c8 stato di grande aiuto per generare clic su contenuti ed eventi pertinenti&#8221;<\/strong><\/p>\n<div class=\"i18n-translation_container pt-4 py-3 py-md-5 review-card i18n-translation_translated\" data-translation-id=\"2088208\" data-translation-target=\"original\" data-container-view=\"ca-review\">\n<div class=\"container\">\n<div class=\"row\">\n<div class=\"col-lg-7\">\n<p><span class=\"font-weight-bold\"><strong>Commenti<\/strong>: <\/span>Il supporto \u00e8 sempre veloce e super disponibile<\/p>\n<p class=\"font-weight-bold mb-2\"><strong>Pro<\/strong>:\u00a0Fa quello che si prefigge di fare &#8211; una volta che sai come farlo.<\/p>\n<p class=\"font-weight-bold mb-2\"><strong>Contro<\/strong>:\u00a0I processi per la creazione di nuovi banner, modelli e compiti sembrano eccessivamente progettati\/non sufficientemente snelli.<\/p>\n<p class=\"font-weight-bold mb-2\"><strong>Brent S.&#8221;OpenSense 5\/5&#8243;<\/strong><\/p>\n<p class=\"font-weight-bold mb-2\"><strong>Pro<\/strong>:\u00a0Finora OpenSense \u00e8 stato fantastico per la nostra azienda. Quello che mi piace di pi\u00f9 \u00e8 la facilit\u00e0 d&#8217;uso e l&#8217;adattabilit\u00e0 del prodotto. Lavorando con il loro ottimo supporto clienti, ho potuto piegare e modellare il prodotto in base alle esigenze del nostro ambiente e alle politiche e ai processi idiosincratici che abbiamo.<\/p>\n<p class=\"font-weight-bold mb-2\"><strong>Contro<\/strong>:\u00a0Una caratteristica che vorremmo vedere \u00e8 un pulsante di svuotamento della cache sui profili degli utenti nella pagina di conformit\u00e0. Abbiamo riscontrato alcuni problemi con gli utenti che avevano cambiato le loro foto e aggiornarle sarebbe stato molto pi\u00f9 veloce con quell&#8217;opzione.<\/p>\n<p class=\"font-weight-bold mb-2\"><strong>Michelle S.&#8221;Pro e contro del software Opensense&#8221;<\/strong><\/p>\n<p><span class=\"font-weight-bold\"><strong>Commenti<\/strong>: <\/span>Ho avuto un&#8217;ottima esperienza con Opensense. Mi ha aiutato moltissimo e lo consiglierei a chiunque.<\/p>\n<p class=\"font-weight-bold mb-2\"><strong>Pro<\/strong>:\u00a0Questo software ha molti punti di forza. \u00c8 facile da configurare e non avrai problemi a navigare. Con la funzione marketing puoi caricare banner. La maggior parte \u00e8 il reporting e l&#8217;analisi che forniscono. In questo modo \u00e8 pi\u00f9 facile vedere quali banner hanno un buon rendimento e contribuiscono al sito web. \u00c8 molto semplice da usare e un ottimo servizio clienti.<\/p>\n<p class=\"font-weight-bold mb-2\"><strong>Contro<\/strong>:\u00a0Il tempo di configurazione e le sincronizzazioni per gli aggiornamenti possono richiedere del tempo a seconda della modifica apportata. Questo \u00e8 stato risolto dopo aver contattato il servizio clienti. A parte questo, \u00e8 stato tutto fantastico.<\/p>\n<\/div>\n<\/div>\n<\/div>\n<\/div>\n","protected":false},"excerpt":{"rendered":"<p>Opensense \u00e8 una soluzione di email marketing basata su cloud\u00a0per gestire le campagne di marketing utilizzando firme digitali e banner personalizzati. La funzionalit\u00e0 di gestione delle firme consente agli utenti di gestire pi\u00f9 marchi tramite segmentazione del mittente, formattazione, test A\/B, aggiornamenti automatici della versione e altro ancora.<\/p>\n","protected":false},"author":16,"featured_media":58096,"parent":57751,"menu_order":0,"comment_status":"open","ping_status":"closed","template":"g1_template_page_review_new.php","meta":{"_acf_changed":false,"cwp_meta_box_check":"No","cwp_rev_product_name":"","cwp_rev_product_image":"","wppr_links":[],"cwp_rev_price":"","wppr_options":[],"wppr_pros":[],"wppr_cons":[],"_monsterinsights_skip_tracking":false,"_monsterinsights_sitenote_active":false,"_monsterinsights_sitenote_note":"","_monsterinsights_sitenote_category":0,"footnotes":""},"categories":[12645],"tags":[12670,12718,12649,12651,12648,12650],"features":[],"class_list":{"0":"post-58095","1":"page","2":"type-page","3":"status-publish","4":"has-post-thumbnail","6":"category-software-firme-email-cat","7":"tag-creare-firme-per-email","8":"tag-opensense","9":"tag-piattaforma-per-creare-firme-per-email","10":"tag-programma-per-creare-firme-per-email","11":"tag-software-per-creare-firme-per-email","12":"tag-soluzione-per-creare-firme-per-email"},"wppr_data":{"cwp_meta_box_check":"No"},"acf":[],"yoast_head":"<!-- This site is optimized with the Yoast SEO plugin v27.4 - https:\/\/yoast.com\/product\/yoast-seo-wordpress\/ -->\n<title>Opensense: recensione software creazione firme email - Accurate Reviews<\/title>\n<meta name=\"description\" content=\"Opensense: recensione soluzione di email marketing basata su cloud\u00a0per gestire le campagne di marketing utilizzando firme digitali e banner.\" \/>\n<meta name=\"robots\" content=\"index, follow, max-snippet:-1, max-image-preview:large, max-video-preview:-1\" \/>\n<link rel=\"canonical\" href=\"https:\/\/www.accuratereviews.com\/it\/software-creare-firme-email\/opensense-recensione\/\" \/>\n<meta property=\"og:locale\" content=\"it_IT\" \/>\n<meta property=\"og:type\" content=\"article\" \/>\n<meta property=\"og:title\" content=\"Opensense: recensione software creazione firme email - Accurate Reviews\" \/>\n<meta property=\"og:description\" content=\"Opensense: recensione soluzione di email marketing basata su cloud\u00a0per gestire le campagne di marketing utilizzando firme digitali e banner.\" \/>\n<meta property=\"og:url\" content=\"https:\/\/www.accuratereviews.com\/it\/software-creare-firme-email\/opensense-recensione\/\" \/>\n<meta property=\"og:site_name\" content=\"Accurate Reviews\" \/>\n<meta property=\"og:image\" content=\"https:\/\/www.accuratereviews.com\/wp-content\/uploads\/2022\/05\/Opensense.webp\" \/>\n\t<meta property=\"og:image:width\" content=\"400\" \/>\n\t<meta property=\"og:image:height\" content=\"400\" \/>\n\t<meta property=\"og:image:type\" content=\"image\/webp\" \/>\n<meta name=\"twitter:card\" content=\"summary_large_image\" \/>\n<meta name=\"twitter:label1\" content=\"Tempo di lettura stimato\" \/>\n\t<meta name=\"twitter:data1\" content=\"4 minuti\" \/>\n<script type=\"application\/ld+json\" class=\"yoast-schema-graph\">{\"@context\":\"https:\\\/\\\/schema.org\",\"@graph\":[{\"@type\":\"WebPage\",\"@id\":\"https:\\\/\\\/www.accuratereviews.com\\\/it\\\/software-creare-firme-email\\\/opensense-recensione\\\/\",\"url\":\"https:\\\/\\\/www.accuratereviews.com\\\/it\\\/software-creare-firme-email\\\/opensense-recensione\\\/\",\"name\":\"Opensense: recensione software creazione firme email - Accurate Reviews\",\"isPartOf\":{\"@id\":\"https:\\\/\\\/www.accuratereviews.com\\\/it\\\/#website\"},\"primaryImageOfPage\":{\"@id\":\"https:\\\/\\\/www.accuratereviews.com\\\/it\\\/software-creare-firme-email\\\/opensense-recensione\\\/#primaryimage\"},\"image\":{\"@id\":\"https:\\\/\\\/www.accuratereviews.com\\\/it\\\/software-creare-firme-email\\\/opensense-recensione\\\/#primaryimage\"},\"thumbnailUrl\":\"https:\\\/\\\/www.accuratereviews.com\\\/wp-content\\\/uploads\\\/2022\\\/05\\\/Opensense.webp\",\"datePublished\":\"2022-05-30T11:02:30+00:00\",\"description\":\"Opensense: recensione soluzione di email marketing basata su cloud\u00a0per gestire le campagne di marketing utilizzando firme digitali e banner.\",\"breadcrumb\":{\"@id\":\"https:\\\/\\\/www.accuratereviews.com\\\/it\\\/software-creare-firme-email\\\/opensense-recensione\\\/#breadcrumb\"},\"inLanguage\":\"it-IT\",\"potentialAction\":[{\"@type\":\"ReadAction\",\"target\":[\"https:\\\/\\\/www.accuratereviews.com\\\/it\\\/software-creare-firme-email\\\/opensense-recensione\\\/\"]}]},{\"@type\":\"ImageObject\",\"inLanguage\":\"it-IT\",\"@id\":\"https:\\\/\\\/www.accuratereviews.com\\\/it\\\/software-creare-firme-email\\\/opensense-recensione\\\/#primaryimage\",\"url\":\"https:\\\/\\\/www.accuratereviews.com\\\/wp-content\\\/uploads\\\/2022\\\/05\\\/Opensense.webp\",\"contentUrl\":\"https:\\\/\\\/www.accuratereviews.com\\\/wp-content\\\/uploads\\\/2022\\\/05\\\/Opensense.webp\",\"width\":400,\"height\":400},{\"@type\":\"BreadcrumbList\",\"@id\":\"https:\\\/\\\/www.accuratereviews.com\\\/it\\\/software-creare-firme-email\\\/opensense-recensione\\\/#breadcrumb\",\"itemListElement\":[{\"@type\":\"ListItem\",\"position\":1,\"name\":\"Home\",\"item\":\"https:\\\/\\\/www.accuratereviews.com\\\/it\\\/\"},{\"@type\":\"ListItem\",\"position\":2,\"name\":\"Software per creare firme per email\",\"item\":\"https:\\\/\\\/www.accuratereviews.com\\\/it\\\/software-creare-firme-email\\\/\"},{\"@type\":\"ListItem\",\"position\":3,\"name\":\"Opensense\"}]},{\"@type\":\"WebSite\",\"@id\":\"https:\\\/\\\/www.accuratereviews.com\\\/it\\\/#website\",\"url\":\"https:\\\/\\\/www.accuratereviews.com\\\/it\\\/\",\"name\":\"Accurate Reviews\",\"description\":\"\",\"potentialAction\":[{\"@type\":\"SearchAction\",\"target\":{\"@type\":\"EntryPoint\",\"urlTemplate\":\"https:\\\/\\\/www.accuratereviews.com\\\/it\\\/?s={search_term_string}\"},\"query-input\":{\"@type\":\"PropertyValueSpecification\",\"valueRequired\":true,\"valueName\":\"search_term_string\"}}],\"inLanguage\":\"it-IT\"}]}<\/script>\n<!-- \/ Yoast SEO plugin. -->","yoast_head_json":{"title":"Opensense: recensione software creazione firme email - Accurate Reviews","description":"Opensense: recensione soluzione di email marketing basata su cloud\u00a0per gestire le campagne di marketing utilizzando firme digitali e banner.","robots":{"index":"index","follow":"follow","max-snippet":"max-snippet:-1","max-image-preview":"max-image-preview:large","max-video-preview":"max-video-preview:-1"},"canonical":"https:\/\/www.accuratereviews.com\/it\/software-creare-firme-email\/opensense-recensione\/","og_locale":"it_IT","og_type":"article","og_title":"Opensense: recensione software creazione firme email - Accurate Reviews","og_description":"Opensense: recensione soluzione di email marketing basata su cloud\u00a0per gestire le campagne di marketing utilizzando firme digitali e banner.","og_url":"https:\/\/www.accuratereviews.com\/it\/software-creare-firme-email\/opensense-recensione\/","og_site_name":"Accurate Reviews","og_image":[{"width":400,"height":400,"url":"https:\/\/www.accuratereviews.com\/wp-content\/uploads\/2022\/05\/Opensense.webp","type":"image\/webp"}],"twitter_card":"summary_large_image","twitter_misc":{"Tempo di lettura stimato":"4 minuti"},"schema":{"@context":"https:\/\/schema.org","@graph":[{"@type":"WebPage","@id":"https:\/\/www.accuratereviews.com\/it\/software-creare-firme-email\/opensense-recensione\/","url":"https:\/\/www.accuratereviews.com\/it\/software-creare-firme-email\/opensense-recensione\/","name":"Opensense: recensione software creazione firme email - Accurate Reviews","isPartOf":{"@id":"https:\/\/www.accuratereviews.com\/it\/#website"},"primaryImageOfPage":{"@id":"https:\/\/www.accuratereviews.com\/it\/software-creare-firme-email\/opensense-recensione\/#primaryimage"},"image":{"@id":"https:\/\/www.accuratereviews.com\/it\/software-creare-firme-email\/opensense-recensione\/#primaryimage"},"thumbnailUrl":"https:\/\/www.accuratereviews.com\/wp-content\/uploads\/2022\/05\/Opensense.webp","datePublished":"2022-05-30T11:02:30+00:00","description":"Opensense: recensione soluzione di email marketing basata su cloud\u00a0per gestire le campagne di marketing utilizzando firme digitali e banner.","breadcrumb":{"@id":"https:\/\/www.accuratereviews.com\/it\/software-creare-firme-email\/opensense-recensione\/#breadcrumb"},"inLanguage":"it-IT","potentialAction":[{"@type":"ReadAction","target":["https:\/\/www.accuratereviews.com\/it\/software-creare-firme-email\/opensense-recensione\/"]}]},{"@type":"ImageObject","inLanguage":"it-IT","@id":"https:\/\/www.accuratereviews.com\/it\/software-creare-firme-email\/opensense-recensione\/#primaryimage","url":"https:\/\/www.accuratereviews.com\/wp-content\/uploads\/2022\/05\/Opensense.webp","contentUrl":"https:\/\/www.accuratereviews.com\/wp-content\/uploads\/2022\/05\/Opensense.webp","width":400,"height":400},{"@type":"BreadcrumbList","@id":"https:\/\/www.accuratereviews.com\/it\/software-creare-firme-email\/opensense-recensione\/#breadcrumb","itemListElement":[{"@type":"ListItem","position":1,"name":"Home","item":"https:\/\/www.accuratereviews.com\/it\/"},{"@type":"ListItem","position":2,"name":"Software per creare firme per email","item":"https:\/\/www.accuratereviews.com\/it\/software-creare-firme-email\/"},{"@type":"ListItem","position":3,"name":"Opensense"}]},{"@type":"WebSite","@id":"https:\/\/www.accuratereviews.com\/it\/#website","url":"https:\/\/www.accuratereviews.com\/it\/","name":"Accurate Reviews","description":"","potentialAction":[{"@type":"SearchAction","target":{"@type":"EntryPoint","urlTemplate":"https:\/\/www.accuratereviews.com\/it\/?s={search_term_string}"},"query-input":{"@type":"PropertyValueSpecification","valueRequired":true,"valueName":"search_term_string"}}],"inLanguage":"it-IT"}]}},"_links":{"self":[{"href":"https:\/\/www.accuratereviews.com\/it\/wp-json\/wp\/v2\/pages\/58095","targetHints":{"allow":["GET"]}}],"collection":[{"href":"https:\/\/www.accuratereviews.com\/it\/wp-json\/wp\/v2\/pages"}],"about":[{"href":"https:\/\/www.accuratereviews.com\/it\/wp-json\/wp\/v2\/types\/page"}],"author":[{"embeddable":true,"href":"https:\/\/www.accuratereviews.com\/it\/wp-json\/wp\/v2\/users\/16"}],"replies":[{"embeddable":true,"href":"https:\/\/www.accuratereviews.com\/it\/wp-json\/wp\/v2\/comments?post=58095"}],"version-history":[{"count":8,"href":"https:\/\/www.accuratereviews.com\/it\/wp-json\/wp\/v2\/pages\/58095\/revisions"}],"predecessor-version":[{"id":58126,"href":"https:\/\/www.accuratereviews.com\/it\/wp-json\/wp\/v2\/pages\/58095\/revisions\/58126"}],"up":[{"embeddable":true,"href":"https:\/\/www.accuratereviews.com\/it\/wp-json\/wp\/v2\/pages\/57751"}],"wp:featuredmedia":[{"embeddable":true,"href":"https:\/\/www.accuratereviews.com\/it\/wp-json\/wp\/v2\/media\/58096"}],"wp:attachment":[{"href":"https:\/\/www.accuratereviews.com\/it\/wp-json\/wp\/v2\/media?parent=58095"}],"wp:term":[{"taxonomy":"category","embeddable":true,"href":"https:\/\/www.accuratereviews.com\/it\/wp-json\/wp\/v2\/categories?post=58095"},{"taxonomy":"post_tag","embeddable":true,"href":"https:\/\/www.accuratereviews.com\/it\/wp-json\/wp\/v2\/tags?post=58095"},{"taxonomy":"features","embeddable":true,"href":"https:\/\/www.accuratereviews.com\/it\/wp-json\/wp\/v2\/features?post=58095"}],"curies":[{"name":"wp","href":"https:\/\/api.w.org\/{rel}","templated":true}]}}