{"id":58127,"date":"2022-05-30T14:26:19","date_gmt":"2022-05-30T14:26:19","guid":{"rendered":"https:\/\/www.accuratereviews.com\/?page_id=58127"},"modified":"2022-05-30T14:26:19","modified_gmt":"2022-05-30T14:26:19","slug":"patronum-recensione","status":"publish","type":"page","link":"https:\/\/www.accuratereviews.com\/it\/software-creare-firme-email\/patronum-recensione\/","title":{"rendered":"Patronum"},"content":{"rendered":"<p><strong>Patronum<\/strong> \u00e8 una piattaforma online che supporta le <strong>organizzazioni IT<\/strong> nella gestione del processo di avvio, abbandono e trasferimento degli utenti di Google Workspace (G Suite). Grazie al suo motore di policy, verranno aggiunti automaticamente gli utenti ai gruppi, aggiornate le loro impostazioni Gmail e create o condivise file, cartelle ed etichette per ogni persona all&#8217;interno della vostra organizzazione Google Workspace.<br \/>\nOltre ad automatizzare tutte le attivit\u00e0 ripetitive e monotone che normalmente richiedono tempi lunghi, <strong>Patronum<\/strong> ti permette anche di <strong>creare firme per email<\/strong>.<\/p>\n<p><a href=\"https:\/\/www.accuratereviews.com\/wp-content\/uploads\/2022\/05\/Header-animation-s11.gif\"><img loading=\"lazy\" decoding=\"async\" class=\"aligncenter wp-image-58128 size-full\" src=\"https:\/\/www.accuratereviews.com\/wp-content\/uploads\/2022\/05\/Header-animation-s11.gif\" alt=\"\" width=\"700\" height=\"800\" \/><\/a><\/p>\n<h3>PATRONUM &#8211; CARATTERISTICHE<\/h3>\n<ul>\n<li><strong>Completo Onboarding e Offboarding<\/strong>: il provvigionamento e il de-provvigionamento degli utenti all&#8217;interno di Google Workspace pu\u00f2 essere dispendioso in termini di tempo e denaro. Lasciate che Patronum automatizzi completamente tutte le attivit\u00e0 degli amministratori e degli utenti per garantire un processo efficace e sicuro<\/li>\n<li><strong>Condivisione dei contatti<\/strong>: \u00e8 l&#8217;unica applicazione di condivisione dei contatti pronta per l&#8217;azienda per Google Workspace. Consente agli utenti di condividere i propri contatti specifici tramite etichette, offrendo agli amministratori una maggiore visibilit\u00e0 e gestione dell&#8217;intero processo<\/li>\n<li><strong>Gestione della firma email<\/strong>: consente ai vostri utenti di avere una firma email coerente e dinamica per Google Workspace<\/li>\n<li><strong>Gestione di Google Drive<\/strong>: offre agli amministratori di Google un maggiore controllo sui file e sulle cartelle di Google Drive degli utenti. Condivisione, copia e persino backup di Google Drive degli utenti<\/li>\n<li><strong>Organigramma<\/strong>: ricerca e individua gli utenti all&#8217;interno della gerarchia di Google Workspace. Vedere chi riferisce a chi, con la funzione di ricerca Patronum People.<\/li>\n<\/ul>\n<h4>LE RECENSIONI DEGLI UTENTI<\/h4>\n<p><strong>Tom S. &#8220;Il miglior strumento per qualsiasi amministratore di Google Workspace&#8221;.<\/strong><br \/>\nCOMMENTI: \u00e8 un risparmio di tempo e se si fa affidamento sui contatti in azienda questo \u00e8 lo strumento per impostarli. Condividete le vostre etichette e impostate le regole per i vostri utenti su cosa possono fare e cosa no. Questo strumento mi ha fatto risparmiare molto tempo.<br \/>\nPRO: se avete bisogno di inserire e disinserire nuovi dipendenti, questo strumento vi aiuter\u00e0 a gestire facilmente questa attivit\u00e0. Se avete bisogno di impostare anche la condivisione dei contatti, questo \u00e8 lo strumento giusto. Lo consiglio vivamente.<br \/>\nCONTRO: non ho riscontrato alcun problema negativo.<\/p>\n<p><strong>Ariel M. &#8220;Educare all&#8217;eccellenza&#8221;<\/strong><br \/>\nPRO: interfaccia utente simile a quella di Google, facile da utilizzare. Rapporto qualit\u00e0\/prezzo<br \/>\nCONTRO: migliorare la distribuzione dei criteri per la condivisione di firme e contatti.<\/p>\n<p><strong>Frederic H. &#8220;Un software eccellente con un servizio clienti stellare&#8221;.<\/strong><br \/>\nCOMMENTI: nel complesso Patronum ci ha aiutato molto nella gestione di Google Workspace for Education. Dai gruppi alle firme alla condivisione dei contatti, fa tutto ci\u00f2 di cui abbiamo bisogno ed \u00e8 un piacere lavorare con lui. Il supporto tecnico \u00e8 stato stellare finora, quindi non posso che raccomandarlo.<br \/>\nPRO: facilit\u00e0 d&#8217;uso, tutte le funzioni di cui ho bisogno, interfaccia utente intuitiva e assistenza clienti estremamente reattiva.<br \/>\nCONTRO: di tanto in tanto possono verificarsi alcuni bug, ma il team di sviluppo se ne occupa rapidamente e li risolve nel giro di un giorno.<\/p>\n","protected":false},"excerpt":{"rendered":"<p>Patronum \u00e8 una piattaforma online che supporta le organizzazioni IT nella gestione del processo di avvio, abbandono e trasferimento degli utenti di Google Workspace (G Suite). Grazie al suo motore di policy, verranno aggiunti automaticamente gli utenti ai gruppi, aggiornate le loro impostazioni Gmail e create o condivise file, cartelle ed etichette per ogni persona all&#8217;interno della vostra organizzazione Google Workspace.\u00a0<\/p>\n","protected":false},"author":17,"featured_media":58133,"parent":57751,"menu_order":0,"comment_status":"open","ping_status":"closed","template":"g1_template_page_review_new.php","meta":{"_acf_changed":false,"cwp_meta_box_check":"No","cwp_rev_product_name":"","cwp_rev_product_image":"","wppr_links":[],"cwp_rev_price":"","wppr_options":[],"wppr_pros":[],"wppr_cons":[],"_monsterinsights_skip_tracking":false,"_monsterinsights_sitenote_active":false,"_monsterinsights_sitenote_note":"","_monsterinsights_sitenote_category":0,"footnotes":""},"categories":[12645],"tags":[12652,490,12719,12649,12651,12648,12650],"features":[],"class_list":{"0":"post-58127","1":"page","2":"type-page","3":"status-publish","4":"has-post-thumbnail","6":"category-software-firme-email-cat","7":"tag-app-per-creare-firme-per-email","8":"tag-google-drive","9":"tag-patronum","10":"tag-piattaforma-per-creare-firme-per-email","11":"tag-programma-per-creare-firme-per-email","12":"tag-software-per-creare-firme-per-email","13":"tag-soluzione-per-creare-firme-per-email"},"wppr_data":{"cwp_meta_box_check":"No"},"acf":[],"yoast_head":"<!-- This site is optimized with the Yoast SEO plugin v27.4 - https:\/\/yoast.com\/product\/yoast-seo-wordpress\/ -->\n<title>Patronum: recensione software firme per email - Accurate Reviews<\/title>\n<meta name=\"description\" content=\"Patronum \u00e8 una piattaforma online che automatizza tutte le attivit\u00e0 ripetitive e monotone e permette di creare firme per email.\" \/>\n<meta name=\"robots\" content=\"index, follow, max-snippet:-1, max-image-preview:large, max-video-preview:-1\" \/>\n<link rel=\"canonical\" href=\"https:\/\/www.accuratereviews.com\/it\/software-creare-firme-email\/patronum-recensione\/\" \/>\n<meta property=\"og:locale\" content=\"it_IT\" \/>\n<meta property=\"og:type\" content=\"article\" \/>\n<meta property=\"og:title\" content=\"Patronum: recensione software firme per email - Accurate Reviews\" \/>\n<meta property=\"og:description\" content=\"Patronum \u00e8 una piattaforma online che automatizza tutte le attivit\u00e0 ripetitive e monotone e permette di creare firme per email.\" \/>\n<meta property=\"og:url\" content=\"https:\/\/www.accuratereviews.com\/it\/software-creare-firme-email\/patronum-recensione\/\" \/>\n<meta property=\"og:site_name\" content=\"Accurate Reviews\" \/>\n<meta property=\"og:image\" content=\"https:\/\/www.accuratereviews.com\/wp-content\/uploads\/2022\/05\/p7.png\" \/>\n\t<meta property=\"og:image:width\" content=\"700\" \/>\n\t<meta property=\"og:image:height\" content=\"500\" \/>\n\t<meta property=\"og:image:type\" content=\"image\/png\" \/>\n<meta name=\"twitter:card\" content=\"summary_large_image\" \/>\n<meta name=\"twitter:label1\" content=\"Tempo di lettura stimato\" \/>\n\t<meta name=\"twitter:data1\" content=\"3 minuti\" \/>\n<script type=\"application\/ld+json\" class=\"yoast-schema-graph\">{\"@context\":\"https:\\\/\\\/schema.org\",\"@graph\":[{\"@type\":\"WebPage\",\"@id\":\"https:\\\/\\\/www.accuratereviews.com\\\/it\\\/software-creare-firme-email\\\/patronum-recensione\\\/\",\"url\":\"https:\\\/\\\/www.accuratereviews.com\\\/it\\\/software-creare-firme-email\\\/patronum-recensione\\\/\",\"name\":\"Patronum: recensione software firme per email - Accurate Reviews\",\"isPartOf\":{\"@id\":\"https:\\\/\\\/www.accuratereviews.com\\\/it\\\/#website\"},\"primaryImageOfPage\":{\"@id\":\"https:\\\/\\\/www.accuratereviews.com\\\/it\\\/software-creare-firme-email\\\/patronum-recensione\\\/#primaryimage\"},\"image\":{\"@id\":\"https:\\\/\\\/www.accuratereviews.com\\\/it\\\/software-creare-firme-email\\\/patronum-recensione\\\/#primaryimage\"},\"thumbnailUrl\":\"https:\\\/\\\/www.accuratereviews.com\\\/wp-content\\\/uploads\\\/2022\\\/05\\\/p7.png\",\"datePublished\":\"2022-05-30T14:26:19+00:00\",\"description\":\"Patronum \u00e8 una piattaforma online che automatizza tutte le attivit\u00e0 ripetitive e monotone e permette di creare firme per email.\",\"breadcrumb\":{\"@id\":\"https:\\\/\\\/www.accuratereviews.com\\\/it\\\/software-creare-firme-email\\\/patronum-recensione\\\/#breadcrumb\"},\"inLanguage\":\"it-IT\",\"potentialAction\":[{\"@type\":\"ReadAction\",\"target\":[\"https:\\\/\\\/www.accuratereviews.com\\\/it\\\/software-creare-firme-email\\\/patronum-recensione\\\/\"]}]},{\"@type\":\"ImageObject\",\"inLanguage\":\"it-IT\",\"@id\":\"https:\\\/\\\/www.accuratereviews.com\\\/it\\\/software-creare-firme-email\\\/patronum-recensione\\\/#primaryimage\",\"url\":\"https:\\\/\\\/www.accuratereviews.com\\\/wp-content\\\/uploads\\\/2022\\\/05\\\/p7.png\",\"contentUrl\":\"https:\\\/\\\/www.accuratereviews.com\\\/wp-content\\\/uploads\\\/2022\\\/05\\\/p7.png\",\"width\":700,\"height\":500},{\"@type\":\"BreadcrumbList\",\"@id\":\"https:\\\/\\\/www.accuratereviews.com\\\/it\\\/software-creare-firme-email\\\/patronum-recensione\\\/#breadcrumb\",\"itemListElement\":[{\"@type\":\"ListItem\",\"position\":1,\"name\":\"Home\",\"item\":\"https:\\\/\\\/www.accuratereviews.com\\\/it\\\/\"},{\"@type\":\"ListItem\",\"position\":2,\"name\":\"Software per creare firme per email\",\"item\":\"https:\\\/\\\/www.accuratereviews.com\\\/it\\\/software-creare-firme-email\\\/\"},{\"@type\":\"ListItem\",\"position\":3,\"name\":\"Patronum\"}]},{\"@type\":\"WebSite\",\"@id\":\"https:\\\/\\\/www.accuratereviews.com\\\/it\\\/#website\",\"url\":\"https:\\\/\\\/www.accuratereviews.com\\\/it\\\/\",\"name\":\"Accurate Reviews\",\"description\":\"\",\"potentialAction\":[{\"@type\":\"SearchAction\",\"target\":{\"@type\":\"EntryPoint\",\"urlTemplate\":\"https:\\\/\\\/www.accuratereviews.com\\\/it\\\/?s={search_term_string}\"},\"query-input\":{\"@type\":\"PropertyValueSpecification\",\"valueRequired\":true,\"valueName\":\"search_term_string\"}}],\"inLanguage\":\"it-IT\"}]}<\/script>\n<!-- \/ Yoast SEO plugin. -->","yoast_head_json":{"title":"Patronum: recensione software firme per email - Accurate Reviews","description":"Patronum \u00e8 una piattaforma online che automatizza tutte le attivit\u00e0 ripetitive e monotone e permette di creare firme per email.","robots":{"index":"index","follow":"follow","max-snippet":"max-snippet:-1","max-image-preview":"max-image-preview:large","max-video-preview":"max-video-preview:-1"},"canonical":"https:\/\/www.accuratereviews.com\/it\/software-creare-firme-email\/patronum-recensione\/","og_locale":"it_IT","og_type":"article","og_title":"Patronum: recensione software firme per email - Accurate Reviews","og_description":"Patronum \u00e8 una piattaforma online che automatizza tutte le attivit\u00e0 ripetitive e monotone e permette di creare firme per email.","og_url":"https:\/\/www.accuratereviews.com\/it\/software-creare-firme-email\/patronum-recensione\/","og_site_name":"Accurate Reviews","og_image":[{"width":700,"height":500,"url":"https:\/\/www.accuratereviews.com\/wp-content\/uploads\/2022\/05\/p7.png","type":"image\/png"}],"twitter_card":"summary_large_image","twitter_misc":{"Tempo di lettura stimato":"3 minuti"},"schema":{"@context":"https:\/\/schema.org","@graph":[{"@type":"WebPage","@id":"https:\/\/www.accuratereviews.com\/it\/software-creare-firme-email\/patronum-recensione\/","url":"https:\/\/www.accuratereviews.com\/it\/software-creare-firme-email\/patronum-recensione\/","name":"Patronum: recensione software firme per email - Accurate Reviews","isPartOf":{"@id":"https:\/\/www.accuratereviews.com\/it\/#website"},"primaryImageOfPage":{"@id":"https:\/\/www.accuratereviews.com\/it\/software-creare-firme-email\/patronum-recensione\/#primaryimage"},"image":{"@id":"https:\/\/www.accuratereviews.com\/it\/software-creare-firme-email\/patronum-recensione\/#primaryimage"},"thumbnailUrl":"https:\/\/www.accuratereviews.com\/wp-content\/uploads\/2022\/05\/p7.png","datePublished":"2022-05-30T14:26:19+00:00","description":"Patronum \u00e8 una piattaforma online che automatizza tutte le attivit\u00e0 ripetitive e monotone e permette di creare firme per email.","breadcrumb":{"@id":"https:\/\/www.accuratereviews.com\/it\/software-creare-firme-email\/patronum-recensione\/#breadcrumb"},"inLanguage":"it-IT","potentialAction":[{"@type":"ReadAction","target":["https:\/\/www.accuratereviews.com\/it\/software-creare-firme-email\/patronum-recensione\/"]}]},{"@type":"ImageObject","inLanguage":"it-IT","@id":"https:\/\/www.accuratereviews.com\/it\/software-creare-firme-email\/patronum-recensione\/#primaryimage","url":"https:\/\/www.accuratereviews.com\/wp-content\/uploads\/2022\/05\/p7.png","contentUrl":"https:\/\/www.accuratereviews.com\/wp-content\/uploads\/2022\/05\/p7.png","width":700,"height":500},{"@type":"BreadcrumbList","@id":"https:\/\/www.accuratereviews.com\/it\/software-creare-firme-email\/patronum-recensione\/#breadcrumb","itemListElement":[{"@type":"ListItem","position":1,"name":"Home","item":"https:\/\/www.accuratereviews.com\/it\/"},{"@type":"ListItem","position":2,"name":"Software per creare firme per email","item":"https:\/\/www.accuratereviews.com\/it\/software-creare-firme-email\/"},{"@type":"ListItem","position":3,"name":"Patronum"}]},{"@type":"WebSite","@id":"https:\/\/www.accuratereviews.com\/it\/#website","url":"https:\/\/www.accuratereviews.com\/it\/","name":"Accurate Reviews","description":"","potentialAction":[{"@type":"SearchAction","target":{"@type":"EntryPoint","urlTemplate":"https:\/\/www.accuratereviews.com\/it\/?s={search_term_string}"},"query-input":{"@type":"PropertyValueSpecification","valueRequired":true,"valueName":"search_term_string"}}],"inLanguage":"it-IT"}]}},"_links":{"self":[{"href":"https:\/\/www.accuratereviews.com\/it\/wp-json\/wp\/v2\/pages\/58127","targetHints":{"allow":["GET"]}}],"collection":[{"href":"https:\/\/www.accuratereviews.com\/it\/wp-json\/wp\/v2\/pages"}],"about":[{"href":"https:\/\/www.accuratereviews.com\/it\/wp-json\/wp\/v2\/types\/page"}],"author":[{"embeddable":true,"href":"https:\/\/www.accuratereviews.com\/it\/wp-json\/wp\/v2\/users\/17"}],"replies":[{"embeddable":true,"href":"https:\/\/www.accuratereviews.com\/it\/wp-json\/wp\/v2\/comments?post=58127"}],"version-history":[{"count":4,"href":"https:\/\/www.accuratereviews.com\/it\/wp-json\/wp\/v2\/pages\/58127\/revisions"}],"predecessor-version":[{"id":58144,"href":"https:\/\/www.accuratereviews.com\/it\/wp-json\/wp\/v2\/pages\/58127\/revisions\/58144"}],"up":[{"embeddable":true,"href":"https:\/\/www.accuratereviews.com\/it\/wp-json\/wp\/v2\/pages\/57751"}],"wp:featuredmedia":[{"embeddable":true,"href":"https:\/\/www.accuratereviews.com\/it\/wp-json\/wp\/v2\/media\/58133"}],"wp:attachment":[{"href":"https:\/\/www.accuratereviews.com\/it\/wp-json\/wp\/v2\/media?parent=58127"}],"wp:term":[{"taxonomy":"category","embeddable":true,"href":"https:\/\/www.accuratereviews.com\/it\/wp-json\/wp\/v2\/categories?post=58127"},{"taxonomy":"post_tag","embeddable":true,"href":"https:\/\/www.accuratereviews.com\/it\/wp-json\/wp\/v2\/tags?post=58127"},{"taxonomy":"features","embeddable":true,"href":"https:\/\/www.accuratereviews.com\/it\/wp-json\/wp\/v2\/features?post=58127"}],"curies":[{"name":"wp","href":"https:\/\/api.w.org\/{rel}","templated":true}]}}