{"id":58154,"date":"2022-05-31T06:56:01","date_gmt":"2022-05-31T06:56:01","guid":{"rendered":"https:\/\/www.accuratereviews.com\/?page_id=58154"},"modified":"2022-05-31T06:56:01","modified_gmt":"2022-05-31T06:56:01","slug":"xink-email-signature-recensione","status":"publish","type":"page","link":"https:\/\/www.accuratereviews.com\/it\/software-creare-firme-email\/xink-email-signature-recensione\/","title":{"rendered":"Xink Email Signature"},"content":{"rendered":"<p class=\"h3 mb-1\"><strong>Xink Email Signature<\/strong>\u00a0\u00e8 un<strong> software per creare le firme per email<\/strong> che permette al settore IT di automatizzare e semplificare tutta la parte amministrativa con l&#8217;obiettivo di potenziare il proprio marchio. Si tratta di un portale web facile da usare e basato su browser, con possibilit\u00e0 di accesso in base ai ruoli e con un supporto clienti disponibile 24 ore su 24, 7 giorni su 7.<br \/>\n<strong>Xink Email Signature\u00a0<\/strong>si integra perfettamente con Google Directory permettendo di estrarre i dati dei dipendenti e aggiungere, rimuovere, aggiornare e gestire le firme delle email dei dipendenti in tutta l&#8217;organizzazione.<\/p>\n<h2>XINK EMAIL SIGNATURE &#8211; TUTORIAL<\/h2>\n<div id=\"fluid-wrapper-counter-1\" class=\"g1-fluid-wrapper \" style=\"width:686px;\">\n<div style=\"padding-bottom:56.268221574344%;\"><iframe loading=\"lazy\" title=\"How to Create Email Signatures in Xink, Email Signature Management Software\" width=\"515\" height=\"386\" src=\"https:\/\/www.youtube.com\/embed\/y6CsMXShrTw?feature=oembed&amp;wmode=transparent&amp;autohide=1&amp;autoplay=0&amp;disablekb=0&amp;fs=1&amp;loop=0&amp;enablejsapi=1&amp;rel=0&amp;controls=2&amp;showinfo=0&amp;wmode=transparent&amp;autohide=2&amp;autoplay=0&amp;disablekb=0&amp;fs=1&amp;loop=0&amp;enablejsapi=1&amp;rel=0&amp;controls=2&amp;showinfo=1\" frameborder=\"0\" allow=\"accelerometer; autoplay; clipboard-write; encrypted-media; gyroscope; picture-in-picture\" allowfullscreen><\/iframe><\/div>\n<\/div>\n<h3>XINK EMAIL SIGNATURE &#8211; CARATTERISTICHE<\/h3>\n<ul>\n<li><strong>Office 365<\/strong>: gestione delle firme email di Office 365 (Windows\/Mac\/Web\/Mobile) su tutte le piattaforme e su tutti i dispositivi<\/li>\n<li><strong>Google Workspace<\/strong>: gestisci le firme dei messaggi di posta elettronica di Gmail su tutte le piattaforme e i dispositivi con le informazioni provenienti da Google Directory<\/li>\n<li><strong>Outlook<\/strong>: gestisci le firme dei messaggi di posta elettronica di Outlook (Windows\/Mac\/Web\/Mobile) per tutti i dipendenti con informazioni provenienti da Active Directory<\/li>\n<li><strong>Microsoft 365<\/strong>: gestisci le firme delle email di Microsoft 365 su tutte le piattaforme, su tutti i dispositivi e sul portale web<\/li>\n<li><strong>Integrazioni<\/strong>: Azure AD, Active Directory, Microsoft 365 (ex Officer 365), SQL Azure, Google Workspace (ex G Suite), Google Directory, Apple, Salesforce, Zendesk, Campaign Monitor, ecc&#8230;<\/li>\n<li><strong>Mobile<\/strong>: assicura firme di posta elettronica coerenti indipendentemente dal dispositivo o dall&#8217;app di posta elettronica utilizzata<\/li>\n<li><strong>App per iPhone<\/strong>: acquista l&#8217;app Xink per iPhone e controllate le firme delle vostre email mentre siete in movimento<\/li>\n<li><strong>Mac Mail<\/strong>: gestisci in modo centralizzato le firme delle email di Mac Mail per tutto il personale<\/li>\n<\/ul>\n<h4>LE RECENSIONI DEGLI UTENTI<\/h4>\n<p><strong>Steven S. &#8220;Soluzione solida per le firme email&#8221;<\/strong><br \/>\nPRO: possibilit\u00e0 di avere firme illimitate. Possibilit\u00e0 di visualizzare l&#8217;anteprima delle firme e di assegnare segni diversi per utente.<br \/>\nCONTRO: l&#8217;opzione per nascondere dinamicamente gli attributi vuoti \u00e8 eccessivamente complicata.<\/p>\n<p><strong>Conrad K. &#8220;Questo prodotto \u00e8 il top della gamma. Le firme di tutta la nostra azienda si distinguono e sono bellissime&#8221;<\/strong><br \/>\nCOMMENTI: le firme di tutti sono bellissime e si distinguono.<br \/>\nPRO: questo software \u00e8 cos\u00ec flessibile e consente di progettare la firma nel modo desiderato. Le firme di tutti nella nostra azienda sono bellissime dopo aver usato questo software.<br \/>\nCONTRO: per quello che \u00e8, credo che questo servizio sia un po&#8217; costoso. Ma \u00e8 pi\u00f9 economico di un grafico, quindi posso capire il valore che offre. Vorrei solo che fosse pi\u00f9 economico.<\/p>\n<p><strong>Mo K. &#8220;Uno dei migliori in circolazione&#8221;<\/strong><br \/>\nCOMMENTI: Xink funziona estremamente bene con Microsoft outlook e Office 365. Il reparto marketing utilizza anche la funzione campagne che \u00e8 vantaggiosa, anche se piuttosto costosa. Non esiterei a raccomandare questo prodotto ad altri.<br \/>\nPRO: &#8211; Facilit\u00e0 di distribuzione. &#8211; Funziona molto bene con Microsoft 365, che era il nostro requisito principale. &#8211; Le firme sono altamente personalizzabili, a patto di conoscere l&#8217;HTML di base. &#8211; L&#8217;assistenza \u00e8 sempre pronta e disponibile nelle rare occasioni in cui \u00e8 necessaria.<br \/>\nCONTRO: questo software funziona molto bene, non ci sono problemi importanti che abbiamo riscontrato.<\/p>\n","protected":false},"excerpt":{"rendered":"<p>Xink Email Signature\u00a0\u00e8 un software per creare le firme per email che permette al settore IT di automatizzare e semplificare tutta la parte amministrativa con l&#8217;obiettivo di potenziare il proprio marchio. Si tratta di un portale web facile da usare e basato su browser, con possibilit\u00e0 di accesso in base ai ruoli e con un supporto clienti disponibile 24 ore su 24, 7 giorni su 7.<\/p>\n","protected":false},"author":17,"featured_media":58155,"parent":57751,"menu_order":0,"comment_status":"open","ping_status":"closed","template":"g1_template_page_review_new.php","meta":{"_acf_changed":false,"cwp_meta_box_check":"No","cwp_rev_product_name":"","cwp_rev_product_image":"","wppr_links":[],"cwp_rev_price":"","wppr_options":[],"wppr_pros":[],"wppr_cons":[],"_monsterinsights_skip_tracking":false,"_monsterinsights_sitenote_active":false,"_monsterinsights_sitenote_note":"","_monsterinsights_sitenote_category":0,"footnotes":""},"categories":[12645],"tags":[12652,12670,12649,12651,12648,12650],"features":[],"class_list":{"0":"post-58154","1":"page","2":"type-page","3":"status-publish","4":"has-post-thumbnail","6":"category-software-firme-email-cat","7":"tag-app-per-creare-firme-per-email","8":"tag-creare-firme-per-email","9":"tag-piattaforma-per-creare-firme-per-email","10":"tag-programma-per-creare-firme-per-email","11":"tag-software-per-creare-firme-per-email","12":"tag-soluzione-per-creare-firme-per-email"},"wppr_data":{"cwp_meta_box_check":"No"},"acf":[],"yoast_head":"<!-- This site is optimized with the Yoast SEO plugin v27.4 - https:\/\/yoast.com\/product\/yoast-seo-wordpress\/ -->\n<title>Xink Email Signature: recensione software firme email - Accurate Reviews<\/title>\n<meta name=\"description\" content=\"Xink Email Signature: recensione del software per creare le firme per email che supporta il settore IT nella gestione delle attivit\u00e0.\" \/>\n<meta name=\"robots\" content=\"index, follow, max-snippet:-1, max-image-preview:large, max-video-preview:-1\" \/>\n<link rel=\"canonical\" href=\"https:\/\/www.accuratereviews.com\/it\/software-creare-firme-email\/xink-email-signature-recensione\/\" \/>\n<meta property=\"og:locale\" content=\"it_IT\" \/>\n<meta property=\"og:type\" content=\"article\" \/>\n<meta property=\"og:title\" content=\"Xink Email Signature: recensione software firme email - Accurate Reviews\" \/>\n<meta property=\"og:description\" content=\"Xink Email Signature: recensione del software per creare le firme per email che supporta il settore IT nella gestione delle attivit\u00e0.\" \/>\n<meta property=\"og:url\" content=\"https:\/\/www.accuratereviews.com\/it\/software-creare-firme-email\/xink-email-signature-recensione\/\" \/>\n<meta property=\"og:site_name\" content=\"Accurate Reviews\" \/>\n<meta property=\"og:image\" content=\"https:\/\/www.accuratereviews.com\/wp-content\/uploads\/2022\/05\/logo-xink-en.jpg\" \/>\n\t<meta property=\"og:image:width\" content=\"1950\" \/>\n\t<meta property=\"og:image:height\" content=\"400\" \/>\n\t<meta property=\"og:image:type\" content=\"image\/jpeg\" \/>\n<meta name=\"twitter:card\" content=\"summary_large_image\" \/>\n<meta name=\"twitter:label1\" content=\"Tempo di lettura stimato\" \/>\n\t<meta name=\"twitter:data1\" content=\"3 minuti\" \/>\n<script type=\"application\/ld+json\" class=\"yoast-schema-graph\">{\"@context\":\"https:\\\/\\\/schema.org\",\"@graph\":[{\"@type\":\"WebPage\",\"@id\":\"https:\\\/\\\/www.accuratereviews.com\\\/it\\\/software-creare-firme-email\\\/xink-email-signature-recensione\\\/\",\"url\":\"https:\\\/\\\/www.accuratereviews.com\\\/it\\\/software-creare-firme-email\\\/xink-email-signature-recensione\\\/\",\"name\":\"Xink Email Signature: recensione software firme email - Accurate Reviews\",\"isPartOf\":{\"@id\":\"https:\\\/\\\/www.accuratereviews.com\\\/it\\\/#website\"},\"primaryImageOfPage\":{\"@id\":\"https:\\\/\\\/www.accuratereviews.com\\\/it\\\/software-creare-firme-email\\\/xink-email-signature-recensione\\\/#primaryimage\"},\"image\":{\"@id\":\"https:\\\/\\\/www.accuratereviews.com\\\/it\\\/software-creare-firme-email\\\/xink-email-signature-recensione\\\/#primaryimage\"},\"thumbnailUrl\":\"https:\\\/\\\/www.accuratereviews.com\\\/wp-content\\\/uploads\\\/2022\\\/05\\\/logo-xink-en.jpg\",\"datePublished\":\"2022-05-31T06:56:01+00:00\",\"description\":\"Xink Email Signature: recensione del software per creare le firme per email che supporta il settore IT nella gestione delle attivit\u00e0.\",\"breadcrumb\":{\"@id\":\"https:\\\/\\\/www.accuratereviews.com\\\/it\\\/software-creare-firme-email\\\/xink-email-signature-recensione\\\/#breadcrumb\"},\"inLanguage\":\"it-IT\",\"potentialAction\":[{\"@type\":\"ReadAction\",\"target\":[\"https:\\\/\\\/www.accuratereviews.com\\\/it\\\/software-creare-firme-email\\\/xink-email-signature-recensione\\\/\"]}]},{\"@type\":\"ImageObject\",\"inLanguage\":\"it-IT\",\"@id\":\"https:\\\/\\\/www.accuratereviews.com\\\/it\\\/software-creare-firme-email\\\/xink-email-signature-recensione\\\/#primaryimage\",\"url\":\"https:\\\/\\\/www.accuratereviews.com\\\/wp-content\\\/uploads\\\/2022\\\/05\\\/logo-xink-en.jpg\",\"contentUrl\":\"https:\\\/\\\/www.accuratereviews.com\\\/wp-content\\\/uploads\\\/2022\\\/05\\\/logo-xink-en.jpg\",\"width\":1950,\"height\":400},{\"@type\":\"BreadcrumbList\",\"@id\":\"https:\\\/\\\/www.accuratereviews.com\\\/it\\\/software-creare-firme-email\\\/xink-email-signature-recensione\\\/#breadcrumb\",\"itemListElement\":[{\"@type\":\"ListItem\",\"position\":1,\"name\":\"Home\",\"item\":\"https:\\\/\\\/www.accuratereviews.com\\\/it\\\/\"},{\"@type\":\"ListItem\",\"position\":2,\"name\":\"Software per creare firme per email\",\"item\":\"https:\\\/\\\/www.accuratereviews.com\\\/it\\\/software-creare-firme-email\\\/\"},{\"@type\":\"ListItem\",\"position\":3,\"name\":\"Xink Email Signature\"}]},{\"@type\":\"WebSite\",\"@id\":\"https:\\\/\\\/www.accuratereviews.com\\\/it\\\/#website\",\"url\":\"https:\\\/\\\/www.accuratereviews.com\\\/it\\\/\",\"name\":\"Accurate Reviews\",\"description\":\"\",\"potentialAction\":[{\"@type\":\"SearchAction\",\"target\":{\"@type\":\"EntryPoint\",\"urlTemplate\":\"https:\\\/\\\/www.accuratereviews.com\\\/it\\\/?s={search_term_string}\"},\"query-input\":{\"@type\":\"PropertyValueSpecification\",\"valueRequired\":true,\"valueName\":\"search_term_string\"}}],\"inLanguage\":\"it-IT\"}]}<\/script>\n<!-- \/ Yoast SEO plugin. -->","yoast_head_json":{"title":"Xink Email Signature: recensione software firme email - Accurate Reviews","description":"Xink Email Signature: recensione del software per creare le firme per email che supporta il settore IT nella gestione delle attivit\u00e0.","robots":{"index":"index","follow":"follow","max-snippet":"max-snippet:-1","max-image-preview":"max-image-preview:large","max-video-preview":"max-video-preview:-1"},"canonical":"https:\/\/www.accuratereviews.com\/it\/software-creare-firme-email\/xink-email-signature-recensione\/","og_locale":"it_IT","og_type":"article","og_title":"Xink Email Signature: recensione software firme email - Accurate Reviews","og_description":"Xink Email Signature: recensione del software per creare le firme per email che supporta il settore IT nella gestione delle attivit\u00e0.","og_url":"https:\/\/www.accuratereviews.com\/it\/software-creare-firme-email\/xink-email-signature-recensione\/","og_site_name":"Accurate Reviews","og_image":[{"width":1950,"height":400,"url":"https:\/\/www.accuratereviews.com\/wp-content\/uploads\/2022\/05\/logo-xink-en.jpg","type":"image\/jpeg"}],"twitter_card":"summary_large_image","twitter_misc":{"Tempo di lettura stimato":"3 minuti"},"schema":{"@context":"https:\/\/schema.org","@graph":[{"@type":"WebPage","@id":"https:\/\/www.accuratereviews.com\/it\/software-creare-firme-email\/xink-email-signature-recensione\/","url":"https:\/\/www.accuratereviews.com\/it\/software-creare-firme-email\/xink-email-signature-recensione\/","name":"Xink Email Signature: recensione software firme email - Accurate Reviews","isPartOf":{"@id":"https:\/\/www.accuratereviews.com\/it\/#website"},"primaryImageOfPage":{"@id":"https:\/\/www.accuratereviews.com\/it\/software-creare-firme-email\/xink-email-signature-recensione\/#primaryimage"},"image":{"@id":"https:\/\/www.accuratereviews.com\/it\/software-creare-firme-email\/xink-email-signature-recensione\/#primaryimage"},"thumbnailUrl":"https:\/\/www.accuratereviews.com\/wp-content\/uploads\/2022\/05\/logo-xink-en.jpg","datePublished":"2022-05-31T06:56:01+00:00","description":"Xink Email Signature: recensione del software per creare le firme per email che supporta il settore IT nella gestione delle attivit\u00e0.","breadcrumb":{"@id":"https:\/\/www.accuratereviews.com\/it\/software-creare-firme-email\/xink-email-signature-recensione\/#breadcrumb"},"inLanguage":"it-IT","potentialAction":[{"@type":"ReadAction","target":["https:\/\/www.accuratereviews.com\/it\/software-creare-firme-email\/xink-email-signature-recensione\/"]}]},{"@type":"ImageObject","inLanguage":"it-IT","@id":"https:\/\/www.accuratereviews.com\/it\/software-creare-firme-email\/xink-email-signature-recensione\/#primaryimage","url":"https:\/\/www.accuratereviews.com\/wp-content\/uploads\/2022\/05\/logo-xink-en.jpg","contentUrl":"https:\/\/www.accuratereviews.com\/wp-content\/uploads\/2022\/05\/logo-xink-en.jpg","width":1950,"height":400},{"@type":"BreadcrumbList","@id":"https:\/\/www.accuratereviews.com\/it\/software-creare-firme-email\/xink-email-signature-recensione\/#breadcrumb","itemListElement":[{"@type":"ListItem","position":1,"name":"Home","item":"https:\/\/www.accuratereviews.com\/it\/"},{"@type":"ListItem","position":2,"name":"Software per creare firme per email","item":"https:\/\/www.accuratereviews.com\/it\/software-creare-firme-email\/"},{"@type":"ListItem","position":3,"name":"Xink Email Signature"}]},{"@type":"WebSite","@id":"https:\/\/www.accuratereviews.com\/it\/#website","url":"https:\/\/www.accuratereviews.com\/it\/","name":"Accurate Reviews","description":"","potentialAction":[{"@type":"SearchAction","target":{"@type":"EntryPoint","urlTemplate":"https:\/\/www.accuratereviews.com\/it\/?s={search_term_string}"},"query-input":{"@type":"PropertyValueSpecification","valueRequired":true,"valueName":"search_term_string"}}],"inLanguage":"it-IT"}]}},"_links":{"self":[{"href":"https:\/\/www.accuratereviews.com\/it\/wp-json\/wp\/v2\/pages\/58154","targetHints":{"allow":["GET"]}}],"collection":[{"href":"https:\/\/www.accuratereviews.com\/it\/wp-json\/wp\/v2\/pages"}],"about":[{"href":"https:\/\/www.accuratereviews.com\/it\/wp-json\/wp\/v2\/types\/page"}],"author":[{"embeddable":true,"href":"https:\/\/www.accuratereviews.com\/it\/wp-json\/wp\/v2\/users\/17"}],"replies":[{"embeddable":true,"href":"https:\/\/www.accuratereviews.com\/it\/wp-json\/wp\/v2\/comments?post=58154"}],"version-history":[{"count":7,"href":"https:\/\/www.accuratereviews.com\/it\/wp-json\/wp\/v2\/pages\/58154\/revisions"}],"predecessor-version":[{"id":58170,"href":"https:\/\/www.accuratereviews.com\/it\/wp-json\/wp\/v2\/pages\/58154\/revisions\/58170"}],"up":[{"embeddable":true,"href":"https:\/\/www.accuratereviews.com\/it\/wp-json\/wp\/v2\/pages\/57751"}],"wp:featuredmedia":[{"embeddable":true,"href":"https:\/\/www.accuratereviews.com\/it\/wp-json\/wp\/v2\/media\/58155"}],"wp:attachment":[{"href":"https:\/\/www.accuratereviews.com\/it\/wp-json\/wp\/v2\/media?parent=58154"}],"wp:term":[{"taxonomy":"category","embeddable":true,"href":"https:\/\/www.accuratereviews.com\/it\/wp-json\/wp\/v2\/categories?post=58154"},{"taxonomy":"post_tag","embeddable":true,"href":"https:\/\/www.accuratereviews.com\/it\/wp-json\/wp\/v2\/tags?post=58154"},{"taxonomy":"features","embeddable":true,"href":"https:\/\/www.accuratereviews.com\/it\/wp-json\/wp\/v2\/features?post=58154"}],"curies":[{"name":"wp","href":"https:\/\/api.w.org\/{rel}","templated":true}]}}