{"id":5816,"date":"2015-10-12T15:45:10","date_gmt":"2015-10-12T15:45:10","guid":{"rendered":"http:\/\/www.accuratereviews.com\/it\/software-contabilita-migliori\/oneup\/"},"modified":"2016-12-02T11:19:41","modified_gmt":"2016-12-02T11:19:41","slug":"oneup","status":"publish","type":"page","link":"https:\/\/www.accuratereviews.com\/it\/software-contabilita-migliori-lista-software\/oneup\/","title":{"rendered":"OneUp"},"content":{"rendered":"<div id=\"attachment_1569\" style=\"width: 710px\" class=\"wp-caption alignnone\"><img loading=\"lazy\" decoding=\"async\" aria-describedby=\"caption-attachment-1569\" class=\"size-full wp-image-1569\" src=\"http:\/\/www.accuratereviews.com\/wp-content\/uploads\/2015\/10\/552d021ca82530516a3e0b5a_SC-PL-opt.gif\" alt=\"OneUp is designed and built for a mobile-always world.\" width=\"700\" height=\"779\" \/><p id=\"caption-attachment-1569\" class=\"wp-caption-text\">OneUp \u00e8 pensato e costruito per un mondo vissuto dai dispositivi mobili.<\/p><\/div>\n<p><strong>OneUp \u00e8 un servizio di contabilit\u00e0 online versatile che offre anche funzionalit\u00e0 per la fatturazione, l\u2019inventario e un CRM online<\/strong>. A livello di contabilit\u00e0 permette di sincronizzare il feed del proprio conto bancario per tenere traccia dei movimenti. \u00c8 anche possibile aggiungere nuove voci a mano e controllare il bilancio guadagni\/spese.<br \/>\n<strong>Il servizio non ha interfaccia in italiano<\/strong>. Vi rimandiamo alla <a href=\"https:\/\/www.accuratereviews.com\/best-accounting-service-reviews-list\/oneup\/\" title=\"recensione in inglese\">recensione in inglese<\/a> per maggiori dettagli.<\/p>\n","protected":false},"excerpt":{"rendered":"<p>OneUp \u00e8 un servizio di contabilit\u00e0 online versatile che offre anche funzionalit\u00e0 per la fatturazione, l\u2019inventario e un CRM online. A livello di contabilit\u00e0 permette di sincronizzare il feed del proprio conto bancario per tenere traccia dei movimenti.<\/p>\n","protected":false},"author":16,"featured_media":0,"parent":5495,"menu_order":4,"comment_status":"open","ping_status":"closed","template":"g1_template_page_review_new.php","meta":{"_acf_changed":false,"cwp_meta_box_check":"Yes","cwp_rev_product_name":"","cwp_rev_product_image":"","wppr_links":[],"cwp_rev_price":"","wppr_options":[],"wppr_pros":[],"wppr_cons":[],"_monsterinsights_skip_tracking":false,"_monsterinsights_sitenote_active":false,"_monsterinsights_sitenote_note":"","_monsterinsights_sitenote_category":0,"footnotes":""},"categories":[97,96],"tags":[],"features":[],"class_list":{"0":"post-5816","1":"page","2":"type-page","3":"status-publish","5":"category-accounting-services-it","6":"category-contabilita"},"wppr_data":{"cwp_meta_box_check":"Yes","cwp_rev_product_name":"","cwp_rev_product_image":"","cwp_image_link":"image","cwp_rev_price":"","wppr_rating":"0.00"},"acf":[],"yoast_head":"<!-- This site is optimized with the Yoast SEO plugin v27.4 - https:\/\/yoast.com\/product\/yoast-seo-wordpress\/ -->\n<title>OneUp recensione miglior software di contabilit\u00e0 | Accurate Reviews<\/title>\n<meta name=\"description\" content=\"Un software di contabilit\u00e0 online snello ed essenziale: non \u00e8 adatto a chi ha necessit\u00e0 complesse, ma per freelance o piccole aziende \u00e8 un ottimo prodotto.\" \/>\n<meta name=\"robots\" content=\"index, follow, max-snippet:-1, max-image-preview:large, max-video-preview:-1\" \/>\n<link rel=\"canonical\" href=\"https:\/\/www.accuratereviews.com\/it\/software-contabilita-migliori-lista-software\/oneup\/\" \/>\n<meta property=\"og:locale\" content=\"it_IT\" \/>\n<meta property=\"og:type\" content=\"article\" \/>\n<meta property=\"og:title\" content=\"OneUp recensione miglior software di contabilit\u00e0\" \/>\n<meta property=\"og:description\" content=\"Un servizio online snello, veloce, essenziali: non \u00e8 adatto a chi ha necessit\u00e0 complesse, ma per freelance o piccole aziende \u00e8 un ottimo prodotto.\" \/>\n<meta property=\"og:url\" content=\"https:\/\/www.accuratereviews.com\/it\/software-contabilita-migliori-lista-software\/oneup\/\" \/>\n<meta property=\"og:site_name\" content=\"Accurate Reviews\" \/>\n<meta property=\"article:modified_time\" content=\"2016-12-02T11:19:41+00:00\" \/>\n<meta property=\"og:image\" content=\"https:\/\/www.accuratereviews.com\/wp-content\/uploads\/2015\/10\/oneup.jpg\" \/>\n\t<meta property=\"og:image:width\" content=\"2781\" \/>\n\t<meta property=\"og:image:height\" content=\"1537\" \/>\n\t<meta property=\"og:image:type\" content=\"image\/jpeg\" \/>\n<meta name=\"twitter:card\" content=\"summary_large_image\" \/>\n<meta name=\"twitter:title\" content=\"OneUp recensione miglior software di contabilit\u00e0\" \/>\n<meta name=\"twitter:description\" content=\"Un servizio online snello, veloce, essenziali: non \u00e8 adatto a chi ha necessit\u00e0 complesse, ma per freelance o piccole aziende \u00e8 un ottimo prodotto.\" \/>\n<meta name=\"twitter:image\" content=\"http:\/\/www.accuratereviews.com\/wp-content\/uploads\/2015\/10\/oneup.jpg\" \/>\n<script type=\"application\/ld+json\" class=\"yoast-schema-graph\">{\"@context\":\"https:\\\/\\\/schema.org\",\"@graph\":[{\"@type\":\"WebPage\",\"@id\":\"https:\\\/\\\/www.accuratereviews.com\\\/it\\\/software-contabilita-migliori-lista-software\\\/oneup\\\/\",\"url\":\"https:\\\/\\\/www.accuratereviews.com\\\/it\\\/software-contabilita-migliori-lista-software\\\/oneup\\\/\",\"name\":\"OneUp recensione miglior software di contabilit\u00e0 | Accurate Reviews\",\"isPartOf\":{\"@id\":\"https:\\\/\\\/www.accuratereviews.com\\\/it\\\/#website\"},\"primaryImageOfPage\":{\"@id\":\"https:\\\/\\\/www.accuratereviews.com\\\/it\\\/software-contabilita-migliori-lista-software\\\/oneup\\\/#primaryimage\"},\"image\":{\"@id\":\"https:\\\/\\\/www.accuratereviews.com\\\/it\\\/software-contabilita-migliori-lista-software\\\/oneup\\\/#primaryimage\"},\"thumbnailUrl\":\"http:\\\/\\\/www.accuratereviews.com\\\/wp-content\\\/uploads\\\/2015\\\/10\\\/552d021ca82530516a3e0b5a_SC-PL-opt.gif\",\"datePublished\":\"2015-10-12T15:45:10+00:00\",\"dateModified\":\"2016-12-02T11:19:41+00:00\",\"description\":\"Un software di contabilit\u00e0 online snello ed essenziale: non \u00e8 adatto a chi ha necessit\u00e0 complesse, ma per freelance o piccole aziende \u00e8 un ottimo prodotto.\",\"breadcrumb\":{\"@id\":\"https:\\\/\\\/www.accuratereviews.com\\\/it\\\/software-contabilita-migliori-lista-software\\\/oneup\\\/#breadcrumb\"},\"inLanguage\":\"it-IT\",\"potentialAction\":[{\"@type\":\"ReadAction\",\"target\":[\"https:\\\/\\\/www.accuratereviews.com\\\/it\\\/software-contabilita-migliori-lista-software\\\/oneup\\\/\"]}]},{\"@type\":\"ImageObject\",\"inLanguage\":\"it-IT\",\"@id\":\"https:\\\/\\\/www.accuratereviews.com\\\/it\\\/software-contabilita-migliori-lista-software\\\/oneup\\\/#primaryimage\",\"url\":\"http:\\\/\\\/www.accuratereviews.com\\\/wp-content\\\/uploads\\\/2015\\\/10\\\/552d021ca82530516a3e0b5a_SC-PL-opt.gif\",\"contentUrl\":\"http:\\\/\\\/www.accuratereviews.com\\\/wp-content\\\/uploads\\\/2015\\\/10\\\/552d021ca82530516a3e0b5a_SC-PL-opt.gif\"},{\"@type\":\"BreadcrumbList\",\"@id\":\"https:\\\/\\\/www.accuratereviews.com\\\/it\\\/software-contabilita-migliori-lista-software\\\/oneup\\\/#breadcrumb\",\"itemListElement\":[{\"@type\":\"ListItem\",\"position\":1,\"name\":\"Home\",\"item\":\"https:\\\/\\\/www.accuratereviews.com\\\/it\\\/\"},{\"@type\":\"ListItem\",\"position\":2,\"name\":\"I migliori software di contabilit\u00e0\",\"item\":\"https:\\\/\\\/www.accuratereviews.com\\\/it\\\/software-contabilita-migliori-lista-software\\\/\"},{\"@type\":\"ListItem\",\"position\":3,\"name\":\"OneUp\"}]},{\"@type\":\"WebSite\",\"@id\":\"https:\\\/\\\/www.accuratereviews.com\\\/it\\\/#website\",\"url\":\"https:\\\/\\\/www.accuratereviews.com\\\/it\\\/\",\"name\":\"Accurate Reviews\",\"description\":\"\",\"potentialAction\":[{\"@type\":\"SearchAction\",\"target\":{\"@type\":\"EntryPoint\",\"urlTemplate\":\"https:\\\/\\\/www.accuratereviews.com\\\/it\\\/?s={search_term_string}\"},\"query-input\":{\"@type\":\"PropertyValueSpecification\",\"valueRequired\":true,\"valueName\":\"search_term_string\"}}],\"inLanguage\":\"it-IT\"}]}<\/script>\n<!-- \/ Yoast SEO plugin. -->","yoast_head_json":{"title":"OneUp recensione miglior software di contabilit\u00e0 | Accurate Reviews","description":"Un software di contabilit\u00e0 online snello ed essenziale: non \u00e8 adatto a chi ha necessit\u00e0 complesse, ma per freelance o piccole aziende \u00e8 un ottimo prodotto.","robots":{"index":"index","follow":"follow","max-snippet":"max-snippet:-1","max-image-preview":"max-image-preview:large","max-video-preview":"max-video-preview:-1"},"canonical":"https:\/\/www.accuratereviews.com\/it\/software-contabilita-migliori-lista-software\/oneup\/","og_locale":"it_IT","og_type":"article","og_title":"OneUp recensione miglior software di contabilit\u00e0","og_description":"Un servizio online snello, veloce, essenziali: non \u00e8 adatto a chi ha necessit\u00e0 complesse, ma per freelance o piccole aziende \u00e8 un ottimo prodotto.","og_url":"https:\/\/www.accuratereviews.com\/it\/software-contabilita-migliori-lista-software\/oneup\/","og_site_name":"Accurate Reviews","article_modified_time":"2016-12-02T11:19:41+00:00","og_image":[{"width":2781,"height":1537,"url":"https:\/\/www.accuratereviews.com\/wp-content\/uploads\/2015\/10\/oneup.jpg","type":"image\/jpeg"}],"twitter_card":"summary_large_image","twitter_title":"OneUp recensione miglior software di contabilit\u00e0","twitter_description":"Un servizio online snello, veloce, essenziali: non \u00e8 adatto a chi ha necessit\u00e0 complesse, ma per freelance o piccole aziende \u00e8 un ottimo prodotto.","twitter_image":"http:\/\/www.accuratereviews.com\/wp-content\/uploads\/2015\/10\/oneup.jpg","schema":{"@context":"https:\/\/schema.org","@graph":[{"@type":"WebPage","@id":"https:\/\/www.accuratereviews.com\/it\/software-contabilita-migliori-lista-software\/oneup\/","url":"https:\/\/www.accuratereviews.com\/it\/software-contabilita-migliori-lista-software\/oneup\/","name":"OneUp recensione miglior software di contabilit\u00e0 | Accurate Reviews","isPartOf":{"@id":"https:\/\/www.accuratereviews.com\/it\/#website"},"primaryImageOfPage":{"@id":"https:\/\/www.accuratereviews.com\/it\/software-contabilita-migliori-lista-software\/oneup\/#primaryimage"},"image":{"@id":"https:\/\/www.accuratereviews.com\/it\/software-contabilita-migliori-lista-software\/oneup\/#primaryimage"},"thumbnailUrl":"http:\/\/www.accuratereviews.com\/wp-content\/uploads\/2015\/10\/552d021ca82530516a3e0b5a_SC-PL-opt.gif","datePublished":"2015-10-12T15:45:10+00:00","dateModified":"2016-12-02T11:19:41+00:00","description":"Un software di contabilit\u00e0 online snello ed essenziale: non \u00e8 adatto a chi ha necessit\u00e0 complesse, ma per freelance o piccole aziende \u00e8 un ottimo prodotto.","breadcrumb":{"@id":"https:\/\/www.accuratereviews.com\/it\/software-contabilita-migliori-lista-software\/oneup\/#breadcrumb"},"inLanguage":"it-IT","potentialAction":[{"@type":"ReadAction","target":["https:\/\/www.accuratereviews.com\/it\/software-contabilita-migliori-lista-software\/oneup\/"]}]},{"@type":"ImageObject","inLanguage":"it-IT","@id":"https:\/\/www.accuratereviews.com\/it\/software-contabilita-migliori-lista-software\/oneup\/#primaryimage","url":"http:\/\/www.accuratereviews.com\/wp-content\/uploads\/2015\/10\/552d021ca82530516a3e0b5a_SC-PL-opt.gif","contentUrl":"http:\/\/www.accuratereviews.com\/wp-content\/uploads\/2015\/10\/552d021ca82530516a3e0b5a_SC-PL-opt.gif"},{"@type":"BreadcrumbList","@id":"https:\/\/www.accuratereviews.com\/it\/software-contabilita-migliori-lista-software\/oneup\/#breadcrumb","itemListElement":[{"@type":"ListItem","position":1,"name":"Home","item":"https:\/\/www.accuratereviews.com\/it\/"},{"@type":"ListItem","position":2,"name":"I migliori software di contabilit\u00e0","item":"https:\/\/www.accuratereviews.com\/it\/software-contabilita-migliori-lista-software\/"},{"@type":"ListItem","position":3,"name":"OneUp"}]},{"@type":"WebSite","@id":"https:\/\/www.accuratereviews.com\/it\/#website","url":"https:\/\/www.accuratereviews.com\/it\/","name":"Accurate Reviews","description":"","potentialAction":[{"@type":"SearchAction","target":{"@type":"EntryPoint","urlTemplate":"https:\/\/www.accuratereviews.com\/it\/?s={search_term_string}"},"query-input":{"@type":"PropertyValueSpecification","valueRequired":true,"valueName":"search_term_string"}}],"inLanguage":"it-IT"}]}},"_links":{"self":[{"href":"https:\/\/www.accuratereviews.com\/it\/wp-json\/wp\/v2\/pages\/5816","targetHints":{"allow":["GET"]}}],"collection":[{"href":"https:\/\/www.accuratereviews.com\/it\/wp-json\/wp\/v2\/pages"}],"about":[{"href":"https:\/\/www.accuratereviews.com\/it\/wp-json\/wp\/v2\/types\/page"}],"author":[{"embeddable":true,"href":"https:\/\/www.accuratereviews.com\/it\/wp-json\/wp\/v2\/users\/16"}],"replies":[{"embeddable":true,"href":"https:\/\/www.accuratereviews.com\/it\/wp-json\/wp\/v2\/comments?post=5816"}],"version-history":[{"count":6,"href":"https:\/\/www.accuratereviews.com\/it\/wp-json\/wp\/v2\/pages\/5816\/revisions"}],"predecessor-version":[{"id":6554,"href":"https:\/\/www.accuratereviews.com\/it\/wp-json\/wp\/v2\/pages\/5816\/revisions\/6554"}],"up":[{"embeddable":true,"href":"https:\/\/www.accuratereviews.com\/it\/wp-json\/wp\/v2\/pages\/5495"}],"wp:attachment":[{"href":"https:\/\/www.accuratereviews.com\/it\/wp-json\/wp\/v2\/media?parent=5816"}],"wp:term":[{"taxonomy":"category","embeddable":true,"href":"https:\/\/www.accuratereviews.com\/it\/wp-json\/wp\/v2\/categories?post=5816"},{"taxonomy":"post_tag","embeddable":true,"href":"https:\/\/www.accuratereviews.com\/it\/wp-json\/wp\/v2\/tags?post=5816"},{"taxonomy":"features","embeddable":true,"href":"https:\/\/www.accuratereviews.com\/it\/wp-json\/wp\/v2\/features?post=5816"}],"curies":[{"name":"wp","href":"https:\/\/api.w.org\/{rel}","templated":true}]}}