{"id":58171,"date":"2022-05-31T11:13:57","date_gmt":"2022-05-31T11:13:57","guid":{"rendered":"https:\/\/www.accuratereviews.com\/?page_id=58171"},"modified":"2022-05-31T11:13:57","modified_gmt":"2022-05-31T11:13:57","slug":"templafy-recensione","status":"publish","type":"page","link":"https:\/\/www.accuratereviews.com\/it\/software-creare-firme-email\/templafy-recensione\/","title":{"rendered":"Templafy"},"content":{"rendered":"<p><strong>Templafy<\/strong> \u00e8 un<strong> sistema di gestione dei modelli<\/strong> basato su <strong>cloud<\/strong> progettato specificamente per gestire, aggiornare dinamicamente e condividere modelli di documenti aziendali e risorse del marchio in tutta l&#8217;organizzazione. \u00c8 una tecnologia intelligente che ha la flessibilit\u00e0 di integrarsi nei programmi di documenti esistenti, sia in sede che gi\u00e0 nel cloud, ed \u00e8 completamente personalizzabile per soddisfare le esigenze della tua azienda.\u00a0Con <strong>Templafy<\/strong> hai accesso a un repository centrale in cui tutti i modelli e le risorse dei documenti possono essere aggiornati e accessibili istantaneamente per una facile distribuzione e gestione con marchio garantito e conformit\u00e0 legale.\u00a0Tutte le risorse aziendali sono sottoposte a controlli automatizzati che rilevano contenuti obsoleti e risorse visive, consentendo ai dipendenti di riutilizzare i vecchi documenti in sicurezza.\u00a0La compatibilit\u00e0 con dispositivi mobili e tablet significa che gli utenti hanno accesso ai modelli mentre sono in movimento, sia online che offline.<\/p>\n<h2>TEMPLAFY &#8211; TUTORIAL<\/h2>\n<p>Guardiamo insieme il \u00a0breve video che seguir\u00e0 su questo <strong>software per creare firme per email<\/strong>:<\/p>\n<div id=\"fluid-wrapper-counter-1\" class=\"g1-fluid-wrapper \" style=\"width:686px;\">\n<div style=\"padding-bottom:56.268221574344%;\"><iframe loading=\"lazy\" title=\"Templafy&#039;s Email Signature Manager\" width=\"686\" height=\"386\" src=\"https:\/\/www.youtube.com\/embed\/UwQ29GVAY7Y?feature=oembed&amp;wmode=transparent&amp;autohide=1&amp;autoplay=0&amp;disablekb=0&amp;fs=1&amp;loop=0&amp;enablejsapi=1&amp;rel=0&amp;controls=2&amp;showinfo=0&amp;wmode=transparent&amp;autohide=2&amp;autoplay=0&amp;disablekb=0&amp;fs=1&amp;loop=0&amp;enablejsapi=1&amp;rel=0&amp;controls=2&amp;showinfo=1\" frameborder=\"0\" allow=\"accelerometer; autoplay; clipboard-write; encrypted-media; gyroscope; picture-in-picture\" allowfullscreen><\/iframe><\/div>\n<\/div>\n<h3>TEMPLAFY &#8211; CARATTERISTICHE<\/h3>\n<ul>\n<li>Accesso a tutti i modelli e le risorse aziendali all&#8217;interno delle app per documenti<\/li>\n<li>Crea documenti accurati velocemente con l&#8217;automazione intelligente<\/li>\n<li>Scansiona le presentazioni alla ricerca di contenuti obsoleti<\/li>\n<li>Controlla le presentazioni rispetto a 40 regole di conformit\u00e0<\/li>\n<li>Funzionalit\u00e0 personalizzate e potenti strumenti di regolazione per PowerPoint<\/li>\n<li>Condividi, collabora e ottieni informazioni utili per ottimizzare le prestazioni dei documenti<\/li>\n<li>Soluzione avanzata di firma email progettata per le esigenze aziendali<\/li>\n<li>Facile distribuzione globale dei caratteri tramite il controllo del gruppo di utenti<\/li>\n<li>Applica XML personalizzato nei modelli e precompila i metadati da sistemi come le applicazioni SharePoint e DMS<\/li>\n<li>Condividi facilmente i documenti e raccogli feedback da colleghi o destinatari esterni, senza allegati email, senza limiti di dimensioni<\/li>\n<li>Ricevi notifiche quando le persone utilizzano i tuoi contenuti e visualizza una panoramica completa nella dashboard dei documenti.<\/li>\n<\/ul>\n<h4>LE RECENSIONI DEGLI UTENTI<\/h4>\n<p class=\"font-weight-bold mb-2\"><strong>Henrik C.&#8221;Un modo semplice per ottenere il controllo dei tuoi documenti in tutta l&#8217;azienda&#8221;<\/strong><\/p>\n<p><span class=\"font-weight-bold\"><strong>Commenti<\/strong>: <\/span>Lo utilizziamo principalmente per mettere insieme contratti con frasi predefinite e ora possiamo assicurarci che la formulazione non venga modificata mentre possiamo anche assicurarci che l&#8217;aspetto grafico segua le linee guida.<\/p>\n<p class=\"font-weight-bold mb-2\"><strong>Pro<\/strong>:\u00a0Una volta impostato, il software \u00e8 facile da usare. Rende molto semplice standardizzare i documenti all&#8217;interno dell&#8217;organizzazione e garantire che i contratti ecc. siano conformi alle regole e ai regolamenti stabiliti.<\/p>\n<p class=\"font-weight-bold mb-2\"><strong>Contro<\/strong>:\u00a0Finora non ho trovato qualcosa che non sia stato in grado di regolare\/cambiare nell&#8217;impostazione. Alcuni dettagli mi hanno richiesto di chiedere supporto, ma per il resto molto facile da usare.<\/p>\n<p class=\"font-weight-bold mb-2\"><strong>Amir M.&#8221;Aiuta a creare un documento e gestirlo&#8221;<\/strong><\/p>\n<p class=\"font-weight-bold mb-2\"><strong>Pro<\/strong>:\u00a0Fantastico prodotto!! In generale, ci ha aiutato molto a svolgere i nostri compiti funzionali al massimo.. e anche la facilit\u00e0 di trovare ci\u00f2 che stiamo cercando.. e ci sono anche cose che non sapevamo esistessero finch\u00e9 non le abbiamo trovate in questo prodotto meraviglioso<\/p>\n<p class=\"font-weight-bold mb-2\"><strong>Contro<\/strong>:\u00a0Non ci sono difetti in questo prodotto.. ma il prezzo \u00e8 un po&#8217; alto per alcune aziende all&#8217;inizio della loro strada<\/p>\n<h5 class=\"font-weight-bold mb-2\">Andrew S.&#8221;Perfetto per messaggi coerenti&#8221;<\/h5>\n<p><span class=\"font-weight-bold\"><strong>Commenti<\/strong>: <\/span>Templafy funziona particolarmente bene nella gestione di PowerPoint aziendali e presentazioni aziendali in modo che tutti siano &#8220;on brand&#8221; e la messaggistica sia coerente. Questo \u00e8 un imperativo nelle grandi organizzazioni. Personalmente, trovo il software e i modelli un po&#8217; goffi in Word.<\/p>\n<p class=\"font-weight-bold mb-2\"><strong>Pro<\/strong>:\u00a0Di facile utilizzo Che fa risparmiare tempo Comodo e integrato<\/p>\n<p class=\"font-weight-bold mb-2\"><strong>Contro:<\/strong>\u00a0Richiede a tutti nell&#8217;organizzazione di utilizzarlo in modo coerente<\/p>\n","protected":false},"excerpt":{"rendered":"<p>Templafy \u00e8 un sistema di gestione dei modelli basato su cloud progettato specificamente per gestire, aggiornare dinamicamente e condividere modelli di documenti aziendali e risorse del marchio in tutta l&#8217;organizzazione. \u00c8 una tecnologia intelligente che ha la flessibilit\u00e0 di integrarsi nei programmi di documenti esistenti, sia in sede che gi\u00e0 nel cloud, ed \u00e8 completamente personalizzabile per soddisfare le esigenze della tua azienda.\u00a0<\/p>\n","protected":false},"author":16,"featured_media":58172,"parent":57751,"menu_order":0,"comment_status":"open","ping_status":"closed","template":"g1_template_page_review_new.php","meta":{"_acf_changed":false,"cwp_meta_box_check":"No","cwp_rev_product_name":"","cwp_rev_product_image":"","wppr_links":[],"cwp_rev_price":"","wppr_options":[],"wppr_pros":[],"wppr_cons":[],"_monsterinsights_skip_tracking":false,"_monsterinsights_sitenote_active":false,"_monsterinsights_sitenote_note":"","_monsterinsights_sitenote_category":0,"footnotes":""},"categories":[12645],"tags":[12670,12649,12651,12648,12650,12723],"features":[],"class_list":{"0":"post-58171","1":"page","2":"type-page","3":"status-publish","4":"has-post-thumbnail","6":"category-software-firme-email-cat","7":"tag-creare-firme-per-email","8":"tag-piattaforma-per-creare-firme-per-email","9":"tag-programma-per-creare-firme-per-email","10":"tag-software-per-creare-firme-per-email","11":"tag-soluzione-per-creare-firme-per-email","12":"tag-templafy"},"wppr_data":{"cwp_meta_box_check":"No"},"acf":[],"yoast_head":"<!-- This site is optimized with the Yoast SEO plugin v27.4 - https:\/\/yoast.com\/product\/yoast-seo-wordpress\/ -->\n<title>Templafy: recensione software creazione firme email - Accurate Reviews<\/title>\n<meta name=\"description\" content=\"Templafy: recensione sistema di gestione dei modelli basato su cloud progettato per gestire, aggiornare dinamicamente e condividere modelli di documenti.\" \/>\n<meta name=\"robots\" content=\"index, follow, max-snippet:-1, max-image-preview:large, max-video-preview:-1\" \/>\n<link rel=\"canonical\" href=\"https:\/\/www.accuratereviews.com\/it\/software-creare-firme-email\/templafy-recensione\/\" \/>\n<meta property=\"og:locale\" content=\"it_IT\" \/>\n<meta property=\"og:type\" content=\"article\" \/>\n<meta property=\"og:title\" content=\"Templafy: recensione software creazione firme email - Accurate Reviews\" \/>\n<meta property=\"og:description\" content=\"Templafy: recensione sistema di gestione dei modelli basato su cloud progettato per gestire, aggiornare dinamicamente e condividere modelli di documenti.\" \/>\n<meta property=\"og:url\" content=\"https:\/\/www.accuratereviews.com\/it\/software-creare-firme-email\/templafy-recensione\/\" \/>\n<meta property=\"og:site_name\" content=\"Accurate Reviews\" \/>\n<meta property=\"og:image\" content=\"https:\/\/www.accuratereviews.com\/wp-content\/uploads\/2022\/05\/Templafy.webp\" \/>\n\t<meta property=\"og:image:width\" content=\"400\" \/>\n\t<meta property=\"og:image:height\" content=\"400\" \/>\n\t<meta property=\"og:image:type\" content=\"image\/webp\" \/>\n<meta name=\"twitter:card\" content=\"summary_large_image\" \/>\n<meta name=\"twitter:label1\" content=\"Tempo di lettura stimato\" \/>\n\t<meta name=\"twitter:data1\" content=\"3 minuti\" \/>\n<script type=\"application\/ld+json\" class=\"yoast-schema-graph\">{\"@context\":\"https:\\\/\\\/schema.org\",\"@graph\":[{\"@type\":\"WebPage\",\"@id\":\"https:\\\/\\\/www.accuratereviews.com\\\/it\\\/software-creare-firme-email\\\/templafy-recensione\\\/\",\"url\":\"https:\\\/\\\/www.accuratereviews.com\\\/it\\\/software-creare-firme-email\\\/templafy-recensione\\\/\",\"name\":\"Templafy: recensione software creazione firme email - Accurate Reviews\",\"isPartOf\":{\"@id\":\"https:\\\/\\\/www.accuratereviews.com\\\/it\\\/#website\"},\"primaryImageOfPage\":{\"@id\":\"https:\\\/\\\/www.accuratereviews.com\\\/it\\\/software-creare-firme-email\\\/templafy-recensione\\\/#primaryimage\"},\"image\":{\"@id\":\"https:\\\/\\\/www.accuratereviews.com\\\/it\\\/software-creare-firme-email\\\/templafy-recensione\\\/#primaryimage\"},\"thumbnailUrl\":\"https:\\\/\\\/www.accuratereviews.com\\\/wp-content\\\/uploads\\\/2022\\\/05\\\/Templafy.webp\",\"datePublished\":\"2022-05-31T11:13:57+00:00\",\"description\":\"Templafy: recensione sistema di gestione dei modelli basato su cloud progettato per gestire, aggiornare dinamicamente e condividere modelli di documenti.\",\"breadcrumb\":{\"@id\":\"https:\\\/\\\/www.accuratereviews.com\\\/it\\\/software-creare-firme-email\\\/templafy-recensione\\\/#breadcrumb\"},\"inLanguage\":\"it-IT\",\"potentialAction\":[{\"@type\":\"ReadAction\",\"target\":[\"https:\\\/\\\/www.accuratereviews.com\\\/it\\\/software-creare-firme-email\\\/templafy-recensione\\\/\"]}]},{\"@type\":\"ImageObject\",\"inLanguage\":\"it-IT\",\"@id\":\"https:\\\/\\\/www.accuratereviews.com\\\/it\\\/software-creare-firme-email\\\/templafy-recensione\\\/#primaryimage\",\"url\":\"https:\\\/\\\/www.accuratereviews.com\\\/wp-content\\\/uploads\\\/2022\\\/05\\\/Templafy.webp\",\"contentUrl\":\"https:\\\/\\\/www.accuratereviews.com\\\/wp-content\\\/uploads\\\/2022\\\/05\\\/Templafy.webp\",\"width\":400,\"height\":400},{\"@type\":\"BreadcrumbList\",\"@id\":\"https:\\\/\\\/www.accuratereviews.com\\\/it\\\/software-creare-firme-email\\\/templafy-recensione\\\/#breadcrumb\",\"itemListElement\":[{\"@type\":\"ListItem\",\"position\":1,\"name\":\"Home\",\"item\":\"https:\\\/\\\/www.accuratereviews.com\\\/it\\\/\"},{\"@type\":\"ListItem\",\"position\":2,\"name\":\"Software per creare firme per email\",\"item\":\"https:\\\/\\\/www.accuratereviews.com\\\/it\\\/software-creare-firme-email\\\/\"},{\"@type\":\"ListItem\",\"position\":3,\"name\":\"Templafy\"}]},{\"@type\":\"WebSite\",\"@id\":\"https:\\\/\\\/www.accuratereviews.com\\\/it\\\/#website\",\"url\":\"https:\\\/\\\/www.accuratereviews.com\\\/it\\\/\",\"name\":\"Accurate Reviews\",\"description\":\"\",\"potentialAction\":[{\"@type\":\"SearchAction\",\"target\":{\"@type\":\"EntryPoint\",\"urlTemplate\":\"https:\\\/\\\/www.accuratereviews.com\\\/it\\\/?s={search_term_string}\"},\"query-input\":{\"@type\":\"PropertyValueSpecification\",\"valueRequired\":true,\"valueName\":\"search_term_string\"}}],\"inLanguage\":\"it-IT\"}]}<\/script>\n<!-- \/ Yoast SEO plugin. -->","yoast_head_json":{"title":"Templafy: recensione software creazione firme email - Accurate Reviews","description":"Templafy: recensione sistema di gestione dei modelli basato su cloud progettato per gestire, aggiornare dinamicamente e condividere modelli di documenti.","robots":{"index":"index","follow":"follow","max-snippet":"max-snippet:-1","max-image-preview":"max-image-preview:large","max-video-preview":"max-video-preview:-1"},"canonical":"https:\/\/www.accuratereviews.com\/it\/software-creare-firme-email\/templafy-recensione\/","og_locale":"it_IT","og_type":"article","og_title":"Templafy: recensione software creazione firme email - Accurate Reviews","og_description":"Templafy: recensione sistema di gestione dei modelli basato su cloud progettato per gestire, aggiornare dinamicamente e condividere modelli di documenti.","og_url":"https:\/\/www.accuratereviews.com\/it\/software-creare-firme-email\/templafy-recensione\/","og_site_name":"Accurate Reviews","og_image":[{"width":400,"height":400,"url":"https:\/\/www.accuratereviews.com\/wp-content\/uploads\/2022\/05\/Templafy.webp","type":"image\/webp"}],"twitter_card":"summary_large_image","twitter_misc":{"Tempo di lettura stimato":"3 minuti"},"schema":{"@context":"https:\/\/schema.org","@graph":[{"@type":"WebPage","@id":"https:\/\/www.accuratereviews.com\/it\/software-creare-firme-email\/templafy-recensione\/","url":"https:\/\/www.accuratereviews.com\/it\/software-creare-firme-email\/templafy-recensione\/","name":"Templafy: recensione software creazione firme email - Accurate Reviews","isPartOf":{"@id":"https:\/\/www.accuratereviews.com\/it\/#website"},"primaryImageOfPage":{"@id":"https:\/\/www.accuratereviews.com\/it\/software-creare-firme-email\/templafy-recensione\/#primaryimage"},"image":{"@id":"https:\/\/www.accuratereviews.com\/it\/software-creare-firme-email\/templafy-recensione\/#primaryimage"},"thumbnailUrl":"https:\/\/www.accuratereviews.com\/wp-content\/uploads\/2022\/05\/Templafy.webp","datePublished":"2022-05-31T11:13:57+00:00","description":"Templafy: recensione sistema di gestione dei modelli basato su cloud progettato per gestire, aggiornare dinamicamente e condividere modelli di documenti.","breadcrumb":{"@id":"https:\/\/www.accuratereviews.com\/it\/software-creare-firme-email\/templafy-recensione\/#breadcrumb"},"inLanguage":"it-IT","potentialAction":[{"@type":"ReadAction","target":["https:\/\/www.accuratereviews.com\/it\/software-creare-firme-email\/templafy-recensione\/"]}]},{"@type":"ImageObject","inLanguage":"it-IT","@id":"https:\/\/www.accuratereviews.com\/it\/software-creare-firme-email\/templafy-recensione\/#primaryimage","url":"https:\/\/www.accuratereviews.com\/wp-content\/uploads\/2022\/05\/Templafy.webp","contentUrl":"https:\/\/www.accuratereviews.com\/wp-content\/uploads\/2022\/05\/Templafy.webp","width":400,"height":400},{"@type":"BreadcrumbList","@id":"https:\/\/www.accuratereviews.com\/it\/software-creare-firme-email\/templafy-recensione\/#breadcrumb","itemListElement":[{"@type":"ListItem","position":1,"name":"Home","item":"https:\/\/www.accuratereviews.com\/it\/"},{"@type":"ListItem","position":2,"name":"Software per creare firme per email","item":"https:\/\/www.accuratereviews.com\/it\/software-creare-firme-email\/"},{"@type":"ListItem","position":3,"name":"Templafy"}]},{"@type":"WebSite","@id":"https:\/\/www.accuratereviews.com\/it\/#website","url":"https:\/\/www.accuratereviews.com\/it\/","name":"Accurate Reviews","description":"","potentialAction":[{"@type":"SearchAction","target":{"@type":"EntryPoint","urlTemplate":"https:\/\/www.accuratereviews.com\/it\/?s={search_term_string}"},"query-input":{"@type":"PropertyValueSpecification","valueRequired":true,"valueName":"search_term_string"}}],"inLanguage":"it-IT"}]}},"_links":{"self":[{"href":"https:\/\/www.accuratereviews.com\/it\/wp-json\/wp\/v2\/pages\/58171","targetHints":{"allow":["GET"]}}],"collection":[{"href":"https:\/\/www.accuratereviews.com\/it\/wp-json\/wp\/v2\/pages"}],"about":[{"href":"https:\/\/www.accuratereviews.com\/it\/wp-json\/wp\/v2\/types\/page"}],"author":[{"embeddable":true,"href":"https:\/\/www.accuratereviews.com\/it\/wp-json\/wp\/v2\/users\/16"}],"replies":[{"embeddable":true,"href":"https:\/\/www.accuratereviews.com\/it\/wp-json\/wp\/v2\/comments?post=58171"}],"version-history":[{"count":10,"href":"https:\/\/www.accuratereviews.com\/it\/wp-json\/wp\/v2\/pages\/58171\/revisions"}],"predecessor-version":[{"id":58201,"href":"https:\/\/www.accuratereviews.com\/it\/wp-json\/wp\/v2\/pages\/58171\/revisions\/58201"}],"up":[{"embeddable":true,"href":"https:\/\/www.accuratereviews.com\/it\/wp-json\/wp\/v2\/pages\/57751"}],"wp:featuredmedia":[{"embeddable":true,"href":"https:\/\/www.accuratereviews.com\/it\/wp-json\/wp\/v2\/media\/58172"}],"wp:attachment":[{"href":"https:\/\/www.accuratereviews.com\/it\/wp-json\/wp\/v2\/media?parent=58171"}],"wp:term":[{"taxonomy":"category","embeddable":true,"href":"https:\/\/www.accuratereviews.com\/it\/wp-json\/wp\/v2\/categories?post=58171"},{"taxonomy":"post_tag","embeddable":true,"href":"https:\/\/www.accuratereviews.com\/it\/wp-json\/wp\/v2\/tags?post=58171"},{"taxonomy":"features","embeddable":true,"href":"https:\/\/www.accuratereviews.com\/it\/wp-json\/wp\/v2\/features?post=58171"}],"curies":[{"name":"wp","href":"https:\/\/api.w.org\/{rel}","templated":true}]}}