{"id":58178,"date":"2022-05-31T11:12:56","date_gmt":"2022-05-31T11:12:56","guid":{"rendered":"https:\/\/www.accuratereviews.com\/?page_id=58178"},"modified":"2022-05-31T11:12:56","modified_gmt":"2022-05-31T11:12:56","slug":"letsignit-recensione","status":"publish","type":"page","link":"https:\/\/www.accuratereviews.com\/it\/software-creare-firme-email\/letsignit-recensione\/","title":{"rendered":"Letsignit"},"content":{"rendered":"<p><strong>Letsignit<\/strong> \u00e8 un <strong>software di firma email<\/strong> progettato per aiutare le aziende a creare, gestire e assegnare firme con banner di marketing mirati ai dipendenti utilizzando vari modelli personalizzabili nelle applicazioni Office 365 e Google Workspace. Gli amministratori possono controllare o modificare le coordinate, visualizzare in anteprima le firme prima dell&#8217;invio e misurare il ritorno sull&#8217;investimento (ROI) raccogliendo clic su una piattaforma centralizzata.\u00a0Le organizzazioni possono caricare loghi aziendali e consente alla soluzione di rilevare automaticamente il colore dominante del proprio marchio e creare modelli personalizzati utilizzando un&#8217;interfaccia drag-and-drop. I manager possono aggiungere banner nelle firme email, programmare le durate, attribuirli a membri del personale specifici e utilizzare lo strumento di analisi per tenere traccia delle prestazioni delle campagne di marketing. Gli amministratori possono anche importare i dati dei gruppi di utenti dalla directory di Office 365, configurare ruoli e gestire pi\u00f9 filiali aziendali in base alla posizione o al reparto.<\/p>\n<h2>LETSIGNIT &#8211; TUTORIAL<\/h2>\n<p>Ecco un tutorial in cui mostra come utilizzare al meglio quest <strong>software per creare firme email<\/strong>:<\/p>\n<div id=\"fluid-wrapper-counter-1\" class=\"g1-fluid-wrapper \" style=\"width:686px;\">\n<div style=\"padding-bottom:56.268221574344%;\"><iframe loading=\"lazy\" title=\"How to manually set up the SMTP connector?\" width=\"686\" height=\"386\" src=\"https:\/\/www.youtube.com\/embed\/gUeEFiZOiII?list=PLTaq9Nns8zeMVsh-3szkkD3-HbXejeYAT\" frameborder=\"0\" allow=\"accelerometer; autoplay; clipboard-write; encrypted-media; gyroscope; picture-in-picture\" allowfullscreen><\/iframe><\/div>\n<\/div>\n<h3>LETSIGNIT &#8211; CARATTERISTICHE<\/h3>\n<ul>\n<li>Crea firme da modelli personalizzabili<\/li>\n<li>Push firme in Outlook per Windows e Mac<\/li>\n<li>Sincronizzazione automatica: Office 365 e directory locale<\/li>\n<li>Importa gruppi di utenti dalla directory di Office 365<\/li>\n<li>Crea gruppi personalizzabili<\/li>\n<li>Gestisci utente e ruolo<\/li>\n<li>Crea firme con codice HTML<\/li>\n<li>Gestisci pi\u00f9 loghi del marchio<\/li>\n<li>Nascondi e blocca gli attributi degli utenti<\/li>\n<li>Compatibile con Google Analytics<\/li>\n<li>Hosting di immagini<\/li>\n<li>Centro assistenza e supporto tramite chat dal vivo<\/li>\n<li>Assistenza telefonica<\/li>\n<li>Disponibile in diverse lingue Inglese, Spagnolo e Francese<\/li>\n<li>Inserisci banner di marketing e dichiarazioni legali<\/li>\n<li>Crea firme con Letsignit Drag &amp; Drop Designer<\/li>\n<li>Inserisci il pulsante Passa a squadre<\/li>\n<li>Statistiche sulle prestazioni integrate<\/li>\n<li>Applicare pi\u00f9 firme e campagne per scopi specifici<\/li>\n<li>Usa le firme automatiche per la risposta e inoltra<\/li>\n<li>Sincronizza e gestisci pi\u00f9 directory<\/li>\n<\/ul>\n<h4>LE RECENSIONI DEGLI UTENTI<\/h4>\n<p class=\"font-weight-bold mb-2\"><strong>St\u00e9phanie M.&#8221;Una scelta eccellente per un&#8217;identit\u00e0 aziendale al 100%.&#8221;<\/strong><\/p>\n<p><span class=\"font-weight-bold\"><strong>Commenti<\/strong>: <\/span>Nel complesso siamo molto soddisfatti della soluzione.<\/p>\n<p class=\"font-weight-bold mb-2\"><strong>Pro<\/strong>:\u00a0La possibilit\u00e0 di poter gestire le campagne da attivare nel tempo, il piano marketing o la stagione. Un nuovo collaboratore? Niente di pi\u00f9 semplice, soprattutto quando la soluzione \u00e8 sincronizzata con Office 365.<\/p>\n<p class=\"font-weight-bold mb-2\"><strong>Contro<\/strong>:\u00a0Un po&#8217; di difficolt\u00e0 incontrata durante la creazione delle firme. Nessuna possibilit\u00e0 di creare 2 firme tra cui scegliere nel riquadro Oultook.<\/p>\n<p class=\"font-weight-bold mb-2\"><strong>Sylvain J.&#8221;Lo strumento perfetto per la gestione delle nostre firme&#8221;<\/strong><\/p>\n<p><span class=\"font-weight-bold\"><strong>Commenti<\/strong>: <\/span>Utilizziamo questo strumento da quasi 2 anni e, a parte la configurazione iniziale che richiede la partecipazione del reparto IT, questa piattaforma e la sua evoluzione sono totalmente nelle mani del nostro team marketing, che regola le firme, crea nuove campagne, eccetera. Non ho trovato di meglio di questa piattaforma per la gestione delle firme<\/p>\n<p class=\"font-weight-bold mb-2\"><strong>Pro<\/strong>:\u00a0Facilit\u00e0 d&#8217;uso L&#8217;implementazione del tool in pochi minuti, anche la sincronizzazione con l&#8217;AD avviene in modo semplice Gestione firme varie da gruppi Le firme funzionano anche su dispositivi mobili e Outlook Online Creazione e gestione di banner per campagne di marketing Il team di supporto facilmente raggiungibile<\/p>\n<p class=\"font-weight-bold mb-2\"><strong>Contro<\/strong>:\u00a0Non vedo davvero punti negativi su questa piattaforma, ci sono spesso aggiornamenti per migliorare la soluzione.<\/p>\n<p class=\"font-weight-bold mb-2\"><strong>Marcus A.&#8221;Esattamente quello che stavamo cercando&#8221;<\/strong><\/p>\n<p><span class=\"font-weight-bold\"><strong>Commenti<\/strong>: <\/span>Apprezziamo davvero l&#8217;eccezionale supporto. I tempi di risposta sono molto brevi e il supporto \u00e8 eccezionale. Questo \u00e8 ci\u00f2 che apprezziamo di pi\u00f9: ricevere aiuto quando ne hai bisogno.<\/p>\n<p class=\"font-weight-bold mb-2\"><strong>Pro<\/strong>:\u00a0Una volta impostato, l&#8217;operazione \u00e8 semplice dal nostro punto di vista.<\/p>\n<p class=\"font-weight-bold mb-2\"><strong>Contro<\/strong>:\u00a0Non abbiamo ancora riscontrato alcuno svantaggio durante l&#8217;uso. Le nostre aspettative sono state soddisfatte.<\/p>\n","protected":false},"excerpt":{"rendered":"<p>Letsignit \u00e8 un software di firma email progettato per aiutare le aziende a creare, gestire e assegnare firme con banner di marketing mirati ai dipendenti utilizzando vari modelli personalizzabili nelle applicazioni Office 365 e Google Workspace. Gli amministratori possono controllare o modificare le coordinate, visualizzare in anteprima le firme prima dell&#8217;invio e misurare il ritorno sull&#8217;investimento (ROI) raccogliendo clic su una piattaforma centralizzata.\u00a0<\/p>\n","protected":false},"author":16,"featured_media":58179,"parent":57751,"menu_order":0,"comment_status":"open","ping_status":"closed","template":"g1_template_page_review_new.php","meta":{"_acf_changed":false,"cwp_meta_box_check":"No","cwp_rev_product_name":"","cwp_rev_product_image":"","wppr_links":[],"cwp_rev_price":"","wppr_options":[],"wppr_pros":[],"wppr_cons":[],"_monsterinsights_skip_tracking":false,"_monsterinsights_sitenote_active":false,"_monsterinsights_sitenote_note":"","_monsterinsights_sitenote_category":0,"footnotes":""},"categories":[12645],"tags":[12670,12724,12649,12651,12648,12650],"features":[],"class_list":{"0":"post-58178","1":"page","2":"type-page","3":"status-publish","4":"has-post-thumbnail","6":"category-software-firme-email-cat","7":"tag-creare-firme-per-email","8":"tag-letsignit","9":"tag-piattaforma-per-creare-firme-per-email","10":"tag-programma-per-creare-firme-per-email","11":"tag-software-per-creare-firme-per-email","12":"tag-soluzione-per-creare-firme-per-email"},"wppr_data":{"cwp_meta_box_check":"No"},"acf":[],"yoast_head":"<!-- This site is optimized with the Yoast SEO plugin v27.4 - https:\/\/yoast.com\/product\/yoast-seo-wordpress\/ -->\n<title>Letsignit: recensione software creazione firme email - Accurate Reviews<\/title>\n<meta name=\"description\" content=\"Letsignit: recensione software di firma email progettato per aiutare le aziende a creare, gestire e assegnare firme con banner di marketing.\" \/>\n<meta name=\"robots\" content=\"index, follow, max-snippet:-1, max-image-preview:large, max-video-preview:-1\" \/>\n<link rel=\"canonical\" href=\"https:\/\/www.accuratereviews.com\/it\/software-creare-firme-email\/letsignit-recensione\/\" \/>\n<meta property=\"og:locale\" content=\"it_IT\" \/>\n<meta property=\"og:type\" content=\"article\" \/>\n<meta property=\"og:title\" content=\"Letsignit: recensione software creazione firme email - Accurate Reviews\" \/>\n<meta property=\"og:description\" content=\"Letsignit: recensione software di firma email progettato per aiutare le aziende a creare, gestire e assegnare firme con banner di marketing.\" \/>\n<meta property=\"og:url\" content=\"https:\/\/www.accuratereviews.com\/it\/software-creare-firme-email\/letsignit-recensione\/\" \/>\n<meta property=\"og:site_name\" content=\"Accurate Reviews\" \/>\n<meta property=\"og:image\" content=\"https:\/\/www.accuratereviews.com\/wp-content\/uploads\/2022\/05\/Letsignit.webp\" \/>\n\t<meta property=\"og:image:width\" content=\"300\" \/>\n\t<meta property=\"og:image:height\" content=\"300\" \/>\n\t<meta property=\"og:image:type\" content=\"image\/webp\" \/>\n<meta name=\"twitter:card\" content=\"summary_large_image\" \/>\n<meta name=\"twitter:label1\" content=\"Tempo di lettura stimato\" \/>\n\t<meta name=\"twitter:data1\" content=\"4 minuti\" \/>\n<script type=\"application\/ld+json\" class=\"yoast-schema-graph\">{\"@context\":\"https:\\\/\\\/schema.org\",\"@graph\":[{\"@type\":\"WebPage\",\"@id\":\"https:\\\/\\\/www.accuratereviews.com\\\/it\\\/software-creare-firme-email\\\/letsignit-recensione\\\/\",\"url\":\"https:\\\/\\\/www.accuratereviews.com\\\/it\\\/software-creare-firme-email\\\/letsignit-recensione\\\/\",\"name\":\"Letsignit: recensione software creazione firme email - Accurate Reviews\",\"isPartOf\":{\"@id\":\"https:\\\/\\\/www.accuratereviews.com\\\/it\\\/#website\"},\"primaryImageOfPage\":{\"@id\":\"https:\\\/\\\/www.accuratereviews.com\\\/it\\\/software-creare-firme-email\\\/letsignit-recensione\\\/#primaryimage\"},\"image\":{\"@id\":\"https:\\\/\\\/www.accuratereviews.com\\\/it\\\/software-creare-firme-email\\\/letsignit-recensione\\\/#primaryimage\"},\"thumbnailUrl\":\"https:\\\/\\\/www.accuratereviews.com\\\/wp-content\\\/uploads\\\/2022\\\/05\\\/Letsignit.webp\",\"datePublished\":\"2022-05-31T11:12:56+00:00\",\"description\":\"Letsignit: recensione software di firma email progettato per aiutare le aziende a creare, gestire e assegnare firme con banner di marketing.\",\"breadcrumb\":{\"@id\":\"https:\\\/\\\/www.accuratereviews.com\\\/it\\\/software-creare-firme-email\\\/letsignit-recensione\\\/#breadcrumb\"},\"inLanguage\":\"it-IT\",\"potentialAction\":[{\"@type\":\"ReadAction\",\"target\":[\"https:\\\/\\\/www.accuratereviews.com\\\/it\\\/software-creare-firme-email\\\/letsignit-recensione\\\/\"]}]},{\"@type\":\"ImageObject\",\"inLanguage\":\"it-IT\",\"@id\":\"https:\\\/\\\/www.accuratereviews.com\\\/it\\\/software-creare-firme-email\\\/letsignit-recensione\\\/#primaryimage\",\"url\":\"https:\\\/\\\/www.accuratereviews.com\\\/wp-content\\\/uploads\\\/2022\\\/05\\\/Letsignit.webp\",\"contentUrl\":\"https:\\\/\\\/www.accuratereviews.com\\\/wp-content\\\/uploads\\\/2022\\\/05\\\/Letsignit.webp\",\"width\":300,\"height\":300},{\"@type\":\"BreadcrumbList\",\"@id\":\"https:\\\/\\\/www.accuratereviews.com\\\/it\\\/software-creare-firme-email\\\/letsignit-recensione\\\/#breadcrumb\",\"itemListElement\":[{\"@type\":\"ListItem\",\"position\":1,\"name\":\"Home\",\"item\":\"https:\\\/\\\/www.accuratereviews.com\\\/it\\\/\"},{\"@type\":\"ListItem\",\"position\":2,\"name\":\"Software per creare firme per email\",\"item\":\"https:\\\/\\\/www.accuratereviews.com\\\/it\\\/software-creare-firme-email\\\/\"},{\"@type\":\"ListItem\",\"position\":3,\"name\":\"Letsignit\"}]},{\"@type\":\"WebSite\",\"@id\":\"https:\\\/\\\/www.accuratereviews.com\\\/it\\\/#website\",\"url\":\"https:\\\/\\\/www.accuratereviews.com\\\/it\\\/\",\"name\":\"Accurate Reviews\",\"description\":\"\",\"potentialAction\":[{\"@type\":\"SearchAction\",\"target\":{\"@type\":\"EntryPoint\",\"urlTemplate\":\"https:\\\/\\\/www.accuratereviews.com\\\/it\\\/?s={search_term_string}\"},\"query-input\":{\"@type\":\"PropertyValueSpecification\",\"valueRequired\":true,\"valueName\":\"search_term_string\"}}],\"inLanguage\":\"it-IT\"}]}<\/script>\n<!-- \/ Yoast SEO plugin. -->","yoast_head_json":{"title":"Letsignit: recensione software creazione firme email - Accurate Reviews","description":"Letsignit: recensione software di firma email progettato per aiutare le aziende a creare, gestire e assegnare firme con banner di marketing.","robots":{"index":"index","follow":"follow","max-snippet":"max-snippet:-1","max-image-preview":"max-image-preview:large","max-video-preview":"max-video-preview:-1"},"canonical":"https:\/\/www.accuratereviews.com\/it\/software-creare-firme-email\/letsignit-recensione\/","og_locale":"it_IT","og_type":"article","og_title":"Letsignit: recensione software creazione firme email - Accurate Reviews","og_description":"Letsignit: recensione software di firma email progettato per aiutare le aziende a creare, gestire e assegnare firme con banner di marketing.","og_url":"https:\/\/www.accuratereviews.com\/it\/software-creare-firme-email\/letsignit-recensione\/","og_site_name":"Accurate Reviews","og_image":[{"width":300,"height":300,"url":"https:\/\/www.accuratereviews.com\/wp-content\/uploads\/2022\/05\/Letsignit.webp","type":"image\/webp"}],"twitter_card":"summary_large_image","twitter_misc":{"Tempo di lettura stimato":"4 minuti"},"schema":{"@context":"https:\/\/schema.org","@graph":[{"@type":"WebPage","@id":"https:\/\/www.accuratereviews.com\/it\/software-creare-firme-email\/letsignit-recensione\/","url":"https:\/\/www.accuratereviews.com\/it\/software-creare-firme-email\/letsignit-recensione\/","name":"Letsignit: recensione software creazione firme email - Accurate Reviews","isPartOf":{"@id":"https:\/\/www.accuratereviews.com\/it\/#website"},"primaryImageOfPage":{"@id":"https:\/\/www.accuratereviews.com\/it\/software-creare-firme-email\/letsignit-recensione\/#primaryimage"},"image":{"@id":"https:\/\/www.accuratereviews.com\/it\/software-creare-firme-email\/letsignit-recensione\/#primaryimage"},"thumbnailUrl":"https:\/\/www.accuratereviews.com\/wp-content\/uploads\/2022\/05\/Letsignit.webp","datePublished":"2022-05-31T11:12:56+00:00","description":"Letsignit: recensione software di firma email progettato per aiutare le aziende a creare, gestire e assegnare firme con banner di marketing.","breadcrumb":{"@id":"https:\/\/www.accuratereviews.com\/it\/software-creare-firme-email\/letsignit-recensione\/#breadcrumb"},"inLanguage":"it-IT","potentialAction":[{"@type":"ReadAction","target":["https:\/\/www.accuratereviews.com\/it\/software-creare-firme-email\/letsignit-recensione\/"]}]},{"@type":"ImageObject","inLanguage":"it-IT","@id":"https:\/\/www.accuratereviews.com\/it\/software-creare-firme-email\/letsignit-recensione\/#primaryimage","url":"https:\/\/www.accuratereviews.com\/wp-content\/uploads\/2022\/05\/Letsignit.webp","contentUrl":"https:\/\/www.accuratereviews.com\/wp-content\/uploads\/2022\/05\/Letsignit.webp","width":300,"height":300},{"@type":"BreadcrumbList","@id":"https:\/\/www.accuratereviews.com\/it\/software-creare-firme-email\/letsignit-recensione\/#breadcrumb","itemListElement":[{"@type":"ListItem","position":1,"name":"Home","item":"https:\/\/www.accuratereviews.com\/it\/"},{"@type":"ListItem","position":2,"name":"Software per creare firme per email","item":"https:\/\/www.accuratereviews.com\/it\/software-creare-firme-email\/"},{"@type":"ListItem","position":3,"name":"Letsignit"}]},{"@type":"WebSite","@id":"https:\/\/www.accuratereviews.com\/it\/#website","url":"https:\/\/www.accuratereviews.com\/it\/","name":"Accurate Reviews","description":"","potentialAction":[{"@type":"SearchAction","target":{"@type":"EntryPoint","urlTemplate":"https:\/\/www.accuratereviews.com\/it\/?s={search_term_string}"},"query-input":{"@type":"PropertyValueSpecification","valueRequired":true,"valueName":"search_term_string"}}],"inLanguage":"it-IT"}]}},"_links":{"self":[{"href":"https:\/\/www.accuratereviews.com\/it\/wp-json\/wp\/v2\/pages\/58178","targetHints":{"allow":["GET"]}}],"collection":[{"href":"https:\/\/www.accuratereviews.com\/it\/wp-json\/wp\/v2\/pages"}],"about":[{"href":"https:\/\/www.accuratereviews.com\/it\/wp-json\/wp\/v2\/types\/page"}],"author":[{"embeddable":true,"href":"https:\/\/www.accuratereviews.com\/it\/wp-json\/wp\/v2\/users\/16"}],"replies":[{"embeddable":true,"href":"https:\/\/www.accuratereviews.com\/it\/wp-json\/wp\/v2\/comments?post=58178"}],"version-history":[{"count":9,"href":"https:\/\/www.accuratereviews.com\/it\/wp-json\/wp\/v2\/pages\/58178\/revisions"}],"predecessor-version":[{"id":58199,"href":"https:\/\/www.accuratereviews.com\/it\/wp-json\/wp\/v2\/pages\/58178\/revisions\/58199"}],"up":[{"embeddable":true,"href":"https:\/\/www.accuratereviews.com\/it\/wp-json\/wp\/v2\/pages\/57751"}],"wp:featuredmedia":[{"embeddable":true,"href":"https:\/\/www.accuratereviews.com\/it\/wp-json\/wp\/v2\/media\/58179"}],"wp:attachment":[{"href":"https:\/\/www.accuratereviews.com\/it\/wp-json\/wp\/v2\/media?parent=58178"}],"wp:term":[{"taxonomy":"category","embeddable":true,"href":"https:\/\/www.accuratereviews.com\/it\/wp-json\/wp\/v2\/categories?post=58178"},{"taxonomy":"post_tag","embeddable":true,"href":"https:\/\/www.accuratereviews.com\/it\/wp-json\/wp\/v2\/tags?post=58178"},{"taxonomy":"features","embeddable":true,"href":"https:\/\/www.accuratereviews.com\/it\/wp-json\/wp\/v2\/features?post=58178"}],"curies":[{"name":"wp","href":"https:\/\/api.w.org\/{rel}","templated":true}]}}