{"id":58229,"date":"2022-06-01T17:08:15","date_gmt":"2022-06-01T17:08:15","guid":{"rendered":"https:\/\/www.accuratereviews.com\/?page_id=58229"},"modified":"2022-06-08T07:21:32","modified_gmt":"2022-06-08T07:21:32","slug":"email-signature-manager-recensione","status":"publish","type":"page","link":"https:\/\/www.accuratereviews.com\/it\/software-creare-firme-email\/email-signature-manager-recensione\/","title":{"rendered":"Email Signature Manager"},"content":{"rendered":"<p><strong>Email Signature Manager<\/strong> \u00e8\u00a0un <strong>software per creare le firme per email<\/strong>, progettato per Office 365 e Exchange da Symprex. Si tratta di un programma intuitivo che permette di gestire, creare e distribuire in modo semplice firme di posta elettronica con marchio personalizzato. In questo modo potrai offrire anche loghi aziendali, icone, link dei canali social, campagne email e molto altro ancora, tutto con la firma della tua azienda.<br \/>\nInoltre <strong>Email Signature Manager<\/strong> \u00e8 disponibile sia in versione desktop che in versione mobile, rendendolo quindi accessibile a chiunque e da qualsiasi dispositivo.<\/p>\n<h2>EMAIL SIGNATURE MANAGER &#8211; IMMAGINE<\/h2>\n<p><a href=\"https:\/\/www.accuratereviews.com\/wp-content\/uploads\/2022\/06\/email-signature-manager-70-02.png\"><img loading=\"lazy\" decoding=\"async\" class=\"aligncenter wp-image-58253 size-full\" src=\"https:\/\/www.accuratereviews.com\/wp-content\/uploads\/2022\/06\/email-signature-manager-70-02.png\" alt=\"\" width=\"986\" height=\"662\" srcset=\"https:\/\/www.accuratereviews.com\/wp-content\/uploads\/2022\/06\/email-signature-manager-70-02.png 986w, https:\/\/www.accuratereviews.com\/wp-content\/uploads\/2022\/06\/email-signature-manager-70-02-300x201.png 300w, https:\/\/www.accuratereviews.com\/wp-content\/uploads\/2022\/06\/email-signature-manager-70-02-768x516.png 768w, https:\/\/www.accuratereviews.com\/wp-content\/uploads\/2022\/06\/email-signature-manager-70-02-186x125.png 186w, https:\/\/www.accuratereviews.com\/wp-content\/uploads\/2022\/06\/email-signature-manager-70-02-50x34.png 50w, https:\/\/www.accuratereviews.com\/wp-content\/uploads\/2022\/06\/email-signature-manager-70-02-968x650.png 968w, https:\/\/www.accuratereviews.com\/wp-content\/uploads\/2022\/06\/email-signature-manager-70-02-636x427.png 636w, https:\/\/www.accuratereviews.com\/wp-content\/uploads\/2022\/06\/email-signature-manager-70-02-320x215.png 320w, https:\/\/www.accuratereviews.com\/wp-content\/uploads\/2022\/06\/email-signature-manager-70-02-239x160.png 239w\" sizes=\"auto, (max-width: 986px) 100vw, 986px\" \/><\/a><\/p>\n<h3>EMAIL SIGNATURE MANAGER &#8211; CARATTERISTICHE<\/h3>\n<ul>\n<li><strong>Controllo centrale<\/strong>: controllo e gestione delle firme email in tutta l&#8217;organizzazione<\/li>\n<li><strong>Requisiti legali<\/strong>: include le informazioni pertinenti per conformarsi alle leggi e alle normative, ove applicabili<\/li>\n<li><strong>Elementi grafici<\/strong>: include loghi, icone dei social media e qualsiasi altro elemento grafico, anche le foto dei dipendenti<\/li>\n<li><strong>Firme email coerenti<\/strong>: fate rispettare la vostra identit\u00e0 aziendale e il vostro marchio su tutte le email in uscita<\/li>\n<li><strong>Campagne<\/strong>: utilizzate campagne programmate nelle firme email per comunicare premi, eventi o promozioni<\/li>\n<li><strong>Completamente automatico<\/strong>: le firme delle email funzionano senza alcuna interazione da parte dell&#8217;utente<\/li>\n<li><strong>Qualsiasi client e dispositivo di posta elettronica<\/strong>: supporta i client desktop, web e app di Outlook e qualsiasi altro client di posta elettronica (vedere sotto per maggiori informazioni)<\/li>\n<li><strong>Potente designer incorporato<\/strong>: crea firme, disclaimer e campagne di comunicazione di grande impatto utilizzando l&#8217;editor di modelli visivi incorporato<\/li>\n<li><strong>Firme email negli elementi inviati<\/strong>: le email memorizzate negli elementi inviati includono la firma email quando vengono inviate dai client desktop, Web e app di Outlook<\/li>\n<li><strong>Anteprima immediata<\/strong>: passate dalla modalit\u00e0 di progettazione all&#8217;anteprima in qualsiasi momento per visualizzare il vostro modello unito ai dati di qualsiasi utente selezionato<\/li>\n<li><strong>Monitoraggio dello stato<\/strong>: utilizzate il monitor di stato per identificare e risolvere eventuali problemi con la generazione o la distribuzione delle firme<\/li>\n<li><strong>Firme selezionabili dall&#8217;utente<\/strong>: distribuzione di firme multiple, comprese le firme di invio a met\u00e0, che gli utenti possono selezionare in Outlook sul desktop<\/li>\n<li><strong>Test avanzati<\/strong>: visualizzazione e test delle firme di posta elettronica, dei disclaimer e delle campagne in combinazione e con i dati degli utenti<\/li>\n<li><strong>Guida e supporto<\/strong>: include una guida sensibile al contesto e il nostro supporto tecnico di prima classe \u00e8 disponibile in base a un contratto di manutenzione attivo.<\/li>\n<\/ul>\n<h4>LE RECENSIONI DEGLI UTENTI<\/h4>\n<p><strong>Travis G. &#8220;Prodotto ottimo e facile da usare&#8221;<\/strong><br \/>\nPRO: facilit\u00e0 di configurazione, affidabilit\u00e0 e automatizzazione delle firme delle email per il nuovo personale.<br \/>\nCONTRO: niente, tutto funziona alla grande! Una volta configurato, non lo tocchi pi\u00f9.<\/p>\n<p><strong>Mary A. &#8220;Aggiunta di firme ai messaggi di posta elettronica&#8221;<\/strong><br \/>\nPRO: l&#8217;aggiunta di firme personalizzate ai messaggi di posta elettronica \u00e8 meravigliosa. Ci sono cos\u00ec tante funzioni che permettono di aggiungere immagini e un logo. Inoltre, \u00e8 possibile creare un biglietto da visita elettronico. Con la firma aggiunta automaticamente, non dovrete preoccuparvi di firmare con il vostro nome.<br \/>\nCONTRO: non ho nessun contro. Il software \u00e8 facile da usare e dispone di una guida passo-passo selezionando l&#8217;icona di aiuto.<\/p>\n<p><strong>Chris C. &#8220;Recensione di Email Signature Manager&#8221;<\/strong><br \/>\nPRO: ci\u00f2 che mi piace di pi\u00f9 di questo software \u00e8 la sua centralit\u00e0. Poich\u00e9 la mia azienda utilizza molte firme diverse come modelli quando scrive le email per garantire la coerenza, un software di gestione delle firme \u00e8 stato molto utile per garantire la coerenza a livello aziendale.<br \/>\nCONTRO: ci\u00f2 che mi piace di meno di questo software \u00e8 l&#8217;utilizzo su mobile. A volte le firme vengono visualizzate con precisione sui dispositivi mobili, ma a volte non \u00e8 cos\u00ec. \u00c8 possibile risolvere il problema salvando l&#8217;email come bozza e reinserendo la firma desiderata.<\/p>\n","protected":false},"excerpt":{"rendered":"<p>Email Signature Manager \u00e8\u00a0un software per creare le firme per email, progettato per Office 365 e Exchange da Symprex. Si tratta di un programma intuitivo che permette di gestire, creare e distribuire in modo semplice firme di posta elettronica con marchio personalizzato.<\/p>\n","protected":false},"author":17,"featured_media":58230,"parent":57751,"menu_order":0,"comment_status":"open","ping_status":"closed","template":"g1_template_page_review_new.php","meta":{"_acf_changed":false,"cwp_meta_box_check":"No","cwp_rev_product_name":"","cwp_rev_product_image":"","wppr_links":[],"cwp_rev_price":"","wppr_options":[],"wppr_pros":[],"wppr_cons":[],"_monsterinsights_skip_tracking":false,"_monsterinsights_sitenote_active":false,"_monsterinsights_sitenote_note":"","_monsterinsights_sitenote_category":0,"footnotes":""},"categories":[12645],"tags":[12652,12670,12649,12651,12648,12650],"features":[],"class_list":{"0":"post-58229","1":"page","2":"type-page","3":"status-publish","4":"has-post-thumbnail","6":"category-software-firme-email-cat","7":"tag-app-per-creare-firme-per-email","8":"tag-creare-firme-per-email","9":"tag-piattaforma-per-creare-firme-per-email","10":"tag-programma-per-creare-firme-per-email","11":"tag-software-per-creare-firme-per-email","12":"tag-soluzione-per-creare-firme-per-email"},"wppr_data":{"cwp_meta_box_check":"No"},"acf":[],"yoast_head":"<!-- This site is optimized with the Yoast SEO plugin v27.4 - https:\/\/yoast.com\/product\/yoast-seo-wordpress\/ -->\n<title>Email Signature Manager: recensione - Accurate Reviews<\/title>\n<meta name=\"description\" content=\"Email Signature Manager: recensione del software per creare le firme per email, progettato per Office 365 e Exchange da Symprex.\" \/>\n<meta name=\"robots\" content=\"index, follow, max-snippet:-1, max-image-preview:large, max-video-preview:-1\" \/>\n<link rel=\"canonical\" href=\"https:\/\/www.accuratereviews.com\/it\/software-creare-firme-email\/email-signature-manager-recensione\/\" \/>\n<meta property=\"og:locale\" content=\"it_IT\" \/>\n<meta property=\"og:type\" content=\"article\" \/>\n<meta property=\"og:title\" content=\"Email Signature Manager: recensione - Accurate Reviews\" \/>\n<meta property=\"og:description\" content=\"Email Signature Manager: recensione del software per creare le firme per email, progettato per Office 365 e Exchange da Symprex.\" \/>\n<meta property=\"og:url\" content=\"https:\/\/www.accuratereviews.com\/it\/software-creare-firme-email\/email-signature-manager-recensione\/\" \/>\n<meta property=\"og:site_name\" content=\"Accurate Reviews\" \/>\n<meta property=\"article:modified_time\" content=\"2022-06-08T07:21:32+00:00\" \/>\n<meta property=\"og:image\" content=\"https:\/\/www.accuratereviews.com\/wp-content\/uploads\/2022\/06\/symprex-email-signature-manager.gif\" \/>\n\t<meta property=\"og:image:width\" content=\"600\" \/>\n\t<meta property=\"og:image:height\" content=\"315\" \/>\n\t<meta property=\"og:image:type\" content=\"image\/gif\" \/>\n<meta name=\"twitter:card\" content=\"summary_large_image\" \/>\n<meta name=\"twitter:label1\" content=\"Tempo di lettura stimato\" \/>\n\t<meta name=\"twitter:data1\" content=\"4 minuti\" \/>\n<script type=\"application\/ld+json\" class=\"yoast-schema-graph\">{\"@context\":\"https:\\\/\\\/schema.org\",\"@graph\":[{\"@type\":\"WebPage\",\"@id\":\"https:\\\/\\\/www.accuratereviews.com\\\/it\\\/software-creare-firme-email\\\/email-signature-manager-recensione\\\/\",\"url\":\"https:\\\/\\\/www.accuratereviews.com\\\/it\\\/software-creare-firme-email\\\/email-signature-manager-recensione\\\/\",\"name\":\"Email Signature Manager: recensione - Accurate Reviews\",\"isPartOf\":{\"@id\":\"https:\\\/\\\/www.accuratereviews.com\\\/it\\\/#website\"},\"primaryImageOfPage\":{\"@id\":\"https:\\\/\\\/www.accuratereviews.com\\\/it\\\/software-creare-firme-email\\\/email-signature-manager-recensione\\\/#primaryimage\"},\"image\":{\"@id\":\"https:\\\/\\\/www.accuratereviews.com\\\/it\\\/software-creare-firme-email\\\/email-signature-manager-recensione\\\/#primaryimage\"},\"thumbnailUrl\":\"https:\\\/\\\/www.accuratereviews.com\\\/wp-content\\\/uploads\\\/2022\\\/06\\\/symprex-email-signature-manager.gif\",\"datePublished\":\"2022-06-01T17:08:15+00:00\",\"dateModified\":\"2022-06-08T07:21:32+00:00\",\"description\":\"Email Signature Manager: recensione del software per creare le firme per email, progettato per Office 365 e Exchange da Symprex.\",\"breadcrumb\":{\"@id\":\"https:\\\/\\\/www.accuratereviews.com\\\/it\\\/software-creare-firme-email\\\/email-signature-manager-recensione\\\/#breadcrumb\"},\"inLanguage\":\"it-IT\",\"potentialAction\":[{\"@type\":\"ReadAction\",\"target\":[\"https:\\\/\\\/www.accuratereviews.com\\\/it\\\/software-creare-firme-email\\\/email-signature-manager-recensione\\\/\"]}]},{\"@type\":\"ImageObject\",\"inLanguage\":\"it-IT\",\"@id\":\"https:\\\/\\\/www.accuratereviews.com\\\/it\\\/software-creare-firme-email\\\/email-signature-manager-recensione\\\/#primaryimage\",\"url\":\"https:\\\/\\\/www.accuratereviews.com\\\/wp-content\\\/uploads\\\/2022\\\/06\\\/symprex-email-signature-manager.gif\",\"contentUrl\":\"https:\\\/\\\/www.accuratereviews.com\\\/wp-content\\\/uploads\\\/2022\\\/06\\\/symprex-email-signature-manager.gif\",\"width\":600,\"height\":315},{\"@type\":\"BreadcrumbList\",\"@id\":\"https:\\\/\\\/www.accuratereviews.com\\\/it\\\/software-creare-firme-email\\\/email-signature-manager-recensione\\\/#breadcrumb\",\"itemListElement\":[{\"@type\":\"ListItem\",\"position\":1,\"name\":\"Home\",\"item\":\"https:\\\/\\\/www.accuratereviews.com\\\/it\\\/\"},{\"@type\":\"ListItem\",\"position\":2,\"name\":\"Software per creare firme per email\",\"item\":\"https:\\\/\\\/www.accuratereviews.com\\\/it\\\/software-creare-firme-email\\\/\"},{\"@type\":\"ListItem\",\"position\":3,\"name\":\"Email Signature Manager\"}]},{\"@type\":\"WebSite\",\"@id\":\"https:\\\/\\\/www.accuratereviews.com\\\/it\\\/#website\",\"url\":\"https:\\\/\\\/www.accuratereviews.com\\\/it\\\/\",\"name\":\"Accurate Reviews\",\"description\":\"\",\"potentialAction\":[{\"@type\":\"SearchAction\",\"target\":{\"@type\":\"EntryPoint\",\"urlTemplate\":\"https:\\\/\\\/www.accuratereviews.com\\\/it\\\/?s={search_term_string}\"},\"query-input\":{\"@type\":\"PropertyValueSpecification\",\"valueRequired\":true,\"valueName\":\"search_term_string\"}}],\"inLanguage\":\"it-IT\"}]}<\/script>\n<!-- \/ Yoast SEO plugin. -->","yoast_head_json":{"title":"Email Signature Manager: recensione - Accurate Reviews","description":"Email Signature Manager: recensione del software per creare le firme per email, progettato per Office 365 e Exchange da Symprex.","robots":{"index":"index","follow":"follow","max-snippet":"max-snippet:-1","max-image-preview":"max-image-preview:large","max-video-preview":"max-video-preview:-1"},"canonical":"https:\/\/www.accuratereviews.com\/it\/software-creare-firme-email\/email-signature-manager-recensione\/","og_locale":"it_IT","og_type":"article","og_title":"Email Signature Manager: recensione - Accurate Reviews","og_description":"Email Signature Manager: recensione del software per creare le firme per email, progettato per Office 365 e Exchange da Symprex.","og_url":"https:\/\/www.accuratereviews.com\/it\/software-creare-firme-email\/email-signature-manager-recensione\/","og_site_name":"Accurate Reviews","article_modified_time":"2022-06-08T07:21:32+00:00","og_image":[{"width":600,"height":315,"url":"https:\/\/www.accuratereviews.com\/wp-content\/uploads\/2022\/06\/symprex-email-signature-manager.gif","type":"image\/gif"}],"twitter_card":"summary_large_image","twitter_misc":{"Tempo di lettura stimato":"4 minuti"},"schema":{"@context":"https:\/\/schema.org","@graph":[{"@type":"WebPage","@id":"https:\/\/www.accuratereviews.com\/it\/software-creare-firme-email\/email-signature-manager-recensione\/","url":"https:\/\/www.accuratereviews.com\/it\/software-creare-firme-email\/email-signature-manager-recensione\/","name":"Email Signature Manager: recensione - Accurate Reviews","isPartOf":{"@id":"https:\/\/www.accuratereviews.com\/it\/#website"},"primaryImageOfPage":{"@id":"https:\/\/www.accuratereviews.com\/it\/software-creare-firme-email\/email-signature-manager-recensione\/#primaryimage"},"image":{"@id":"https:\/\/www.accuratereviews.com\/it\/software-creare-firme-email\/email-signature-manager-recensione\/#primaryimage"},"thumbnailUrl":"https:\/\/www.accuratereviews.com\/wp-content\/uploads\/2022\/06\/symprex-email-signature-manager.gif","datePublished":"2022-06-01T17:08:15+00:00","dateModified":"2022-06-08T07:21:32+00:00","description":"Email Signature Manager: recensione del software per creare le firme per email, progettato per Office 365 e Exchange da Symprex.","breadcrumb":{"@id":"https:\/\/www.accuratereviews.com\/it\/software-creare-firme-email\/email-signature-manager-recensione\/#breadcrumb"},"inLanguage":"it-IT","potentialAction":[{"@type":"ReadAction","target":["https:\/\/www.accuratereviews.com\/it\/software-creare-firme-email\/email-signature-manager-recensione\/"]}]},{"@type":"ImageObject","inLanguage":"it-IT","@id":"https:\/\/www.accuratereviews.com\/it\/software-creare-firme-email\/email-signature-manager-recensione\/#primaryimage","url":"https:\/\/www.accuratereviews.com\/wp-content\/uploads\/2022\/06\/symprex-email-signature-manager.gif","contentUrl":"https:\/\/www.accuratereviews.com\/wp-content\/uploads\/2022\/06\/symprex-email-signature-manager.gif","width":600,"height":315},{"@type":"BreadcrumbList","@id":"https:\/\/www.accuratereviews.com\/it\/software-creare-firme-email\/email-signature-manager-recensione\/#breadcrumb","itemListElement":[{"@type":"ListItem","position":1,"name":"Home","item":"https:\/\/www.accuratereviews.com\/it\/"},{"@type":"ListItem","position":2,"name":"Software per creare firme per email","item":"https:\/\/www.accuratereviews.com\/it\/software-creare-firme-email\/"},{"@type":"ListItem","position":3,"name":"Email Signature Manager"}]},{"@type":"WebSite","@id":"https:\/\/www.accuratereviews.com\/it\/#website","url":"https:\/\/www.accuratereviews.com\/it\/","name":"Accurate Reviews","description":"","potentialAction":[{"@type":"SearchAction","target":{"@type":"EntryPoint","urlTemplate":"https:\/\/www.accuratereviews.com\/it\/?s={search_term_string}"},"query-input":{"@type":"PropertyValueSpecification","valueRequired":true,"valueName":"search_term_string"}}],"inLanguage":"it-IT"}]}},"_links":{"self":[{"href":"https:\/\/www.accuratereviews.com\/it\/wp-json\/wp\/v2\/pages\/58229","targetHints":{"allow":["GET"]}}],"collection":[{"href":"https:\/\/www.accuratereviews.com\/it\/wp-json\/wp\/v2\/pages"}],"about":[{"href":"https:\/\/www.accuratereviews.com\/it\/wp-json\/wp\/v2\/types\/page"}],"author":[{"embeddable":true,"href":"https:\/\/www.accuratereviews.com\/it\/wp-json\/wp\/v2\/users\/17"}],"replies":[{"embeddable":true,"href":"https:\/\/www.accuratereviews.com\/it\/wp-json\/wp\/v2\/comments?post=58229"}],"version-history":[{"count":5,"href":"https:\/\/www.accuratereviews.com\/it\/wp-json\/wp\/v2\/pages\/58229\/revisions"}],"predecessor-version":[{"id":58452,"href":"https:\/\/www.accuratereviews.com\/it\/wp-json\/wp\/v2\/pages\/58229\/revisions\/58452"}],"up":[{"embeddable":true,"href":"https:\/\/www.accuratereviews.com\/it\/wp-json\/wp\/v2\/pages\/57751"}],"wp:featuredmedia":[{"embeddable":true,"href":"https:\/\/www.accuratereviews.com\/it\/wp-json\/wp\/v2\/media\/58230"}],"wp:attachment":[{"href":"https:\/\/www.accuratereviews.com\/it\/wp-json\/wp\/v2\/media?parent=58229"}],"wp:term":[{"taxonomy":"category","embeddable":true,"href":"https:\/\/www.accuratereviews.com\/it\/wp-json\/wp\/v2\/categories?post=58229"},{"taxonomy":"post_tag","embeddable":true,"href":"https:\/\/www.accuratereviews.com\/it\/wp-json\/wp\/v2\/tags?post=58229"},{"taxonomy":"features","embeddable":true,"href":"https:\/\/www.accuratereviews.com\/it\/wp-json\/wp\/v2\/features?post=58229"}],"curies":[{"name":"wp","href":"https:\/\/api.w.org\/{rel}","templated":true}]}}