{"id":5827,"date":"2015-11-22T18:52:54","date_gmt":"2015-11-22T18:52:54","guid":{"rendered":"http:\/\/www.accuratereviews.com\/it\/newsletter-migliori-software-lista\/maxbulk-mailer\/"},"modified":"2017-04-14T13:05:56","modified_gmt":"2017-04-14T13:05:56","slug":"maxbulk-mailer","status":"publish","type":"page","link":"https:\/\/www.accuratereviews.com\/it\/newsletter-migliori-software-lista\/maxbulk-mailer\/","title":{"rendered":"MaxBulk Mailer"},"content":{"rendered":"<p><a href=\"http:\/\/www.accuratereviews.com\/wp-content\/uploads\/2015\/11\/MaxBulk-Mailer_homepage.png\"><img loading=\"lazy\" decoding=\"async\" class=\"alignnone size-full wp-image-2197\" src=\"http:\/\/www.accuratereviews.com\/wp-content\/uploads\/2015\/11\/MaxBulk-Mailer_homepage.png\" alt=\"MaxBulk Mailer_homepage\" width=\"819\" height=\"708\" srcset=\"https:\/\/www.accuratereviews.com\/wp-content\/uploads\/2015\/11\/MaxBulk-Mailer_homepage.png 819w, https:\/\/www.accuratereviews.com\/wp-content\/uploads\/2015\/11\/MaxBulk-Mailer_homepage-300x259.png 300w, https:\/\/www.accuratereviews.com\/wp-content\/uploads\/2015\/11\/MaxBulk-Mailer_homepage-145x125.png 145w, https:\/\/www.accuratereviews.com\/wp-content\/uploads\/2015\/11\/MaxBulk-Mailer_homepage-50x43.png 50w, https:\/\/www.accuratereviews.com\/wp-content\/uploads\/2015\/11\/MaxBulk-Mailer_homepage-636x550.png 636w, https:\/\/www.accuratereviews.com\/wp-content\/uploads\/2015\/11\/MaxBulk-Mailer_homepage-320x277.png 320w, https:\/\/www.accuratereviews.com\/wp-content\/uploads\/2015\/11\/MaxBulk-Mailer_homepage-239x207.png 239w\" sizes=\"auto, (max-width: 819px) 100vw, 819px\" \/><\/a><\/p>\n<p><strong>MaxBulk Mailer \u00e8 un programma completo per il mail-merge e l&#8217;invio massivo<\/strong> di posta elettronica per Macintosh e Windows. <strong>MaxBulk Mailer lavora tramite client desktop<\/strong>, non \u00e8 necessario un client di posta collegato per utilizzarlo, ed \u00e8 disponibile nelle versioni Standard e Pro (quest\u2019ultima pi\u00f9 ricca di funzioni). Entrambe sono molto facili da utilizzare.<\/p>\n<p>La procedura di installazione \u00e8 veloce e l&#8217;<strong>interfaccia di MaxBulk Mailer<\/strong> \u00e8 molto user-friendly grazie al layout standard a finestra in cui \u00e8 possibile creare messaggi, modificare il testo, selezionare il formato e via dicendo.<\/p>\n<p>Il sistema crea una lista contenente tutti i contatti che desideriamo senza alcun problema. \u00c8 possibile importare i destinatari anche da una lista contatti su webmail, esportandola come documento di testo e caricandola nel software.<\/p>\n<p>MaxBulk Mailer si rivela uno strumento molto affidabile anche al momento di <strong>creare una <a href=\"https:\/\/www.accuratereviews.com\/it\/newsletter-template-migliori-lista\/\" target=\"_blank\">newsletter<\/a><\/strong> grazie all\u2019editor comodo e alle potenziali personalizzazioni disponibili. \u00c8 possibile utilizzare diversi caratteri internazionali per il testo (il software rileva e usa la lingua, se disponibile), \u00e8 possibile inserire collegamenti ipertestuali e tag in modo rapido e il sistema drag and drop permette di inserire testo e indirizzi con rapidit\u00e0.<\/p>\n<p>Grazie alla sua funzione di anteprima, \u00e8 possibile controllare i messaggi prima di inviarli. Una volta che la campagna di email marketing \u00e8 pronta, \u00e8 possibile inviarla direttamente o pianificarne l\u2019invio.<br \/>\n<strong>MaxBulk Mailer richiede una moderata quantit\u00e0 di risorse di sistema<\/strong>, \u00e8 molto rapido nell\u2019invio e supporta numerose lingue, a differenza della concorrenza: inglese, tedesco, francese, spagnolo, italiano, svedese, russo, cinese, giapponese, coreano, olandese e portoghese.<\/p>\n","protected":false},"excerpt":{"rendered":"<p>MaxBulk Mailer \u00e8 un programma completo per il mail-merge e l&#8217;invio massivo di posta elettronica per Macintosh e Windows. MaxBulk Mailer lavora tramite client desktop, non \u00e8 necessario un client di posta collegato per utilizzarlo, ed \u00e8 disponibile nelle versioni Standard e Pro (quest\u2019ultima pi\u00f9 ricca di funzioni).<\/p>\n","protected":false},"author":16,"featured_media":0,"parent":5555,"menu_order":2,"comment_status":"open","ping_status":"closed","template":"g1_template_page_review_new.php","meta":{"_acf_changed":false,"cwp_meta_box_check":"Yes","cwp_rev_product_name":"","cwp_rev_product_image":"","wppr_links":[],"cwp_rev_price":"","wppr_options":[],"wppr_pros":[],"wppr_cons":[],"_monsterinsights_skip_tracking":false,"_monsterinsights_sitenote_active":false,"_monsterinsights_sitenote_note":"","_monsterinsights_sitenote_category":0,"footnotes":""},"categories":[101,108],"tags":[],"features":[],"class_list":{"0":"post-5827","1":"page","2":"type-page","3":"status-publish","5":"category-email-marketing-software-it","6":"category-newsletter"},"wppr_data":{"cwp_meta_box_check":"Yes","cwp_rev_product_name":"","cwp_rev_product_image":"","cwp_image_link":"image","cwp_rev_price":"","wppr_rating":"0.00"},"acf":[],"yoast_head":"<!-- This site is optimized with the Yoast SEO plugin v27.4 - https:\/\/yoast.com\/product\/yoast-seo-wordpress\/ -->\n<title>MaxBulk Mailer recensione software per newsletter | Accurate Reviews<\/title>\n<meta name=\"description\" content=\"MaxBulk Mailer \u00e8 un programma completo per il mail-merge e l&#039;invio massivo di posta elettronica per Macintosh e Windows, tramite un client desktop.\" \/>\n<meta name=\"robots\" content=\"index, follow, max-snippet:-1, max-image-preview:large, max-video-preview:-1\" \/>\n<link rel=\"canonical\" href=\"https:\/\/www.accuratereviews.com\/it\/newsletter-migliori-software-lista\/maxbulk-mailer\/\" \/>\n<meta property=\"og:locale\" content=\"it_IT\" \/>\n<meta property=\"og:type\" content=\"article\" \/>\n<meta property=\"og:title\" content=\"MaxBulk Mailer recensione software per newsletter | Accurate Reviews\" \/>\n<meta property=\"og:description\" content=\"MaxBulk Mailer \u00e8 un programma completo per il mail-merge e l&#039;invio massivo di posta elettronica per Macintosh e Windows, tramite un client desktop.\" \/>\n<meta property=\"og:url\" content=\"https:\/\/www.accuratereviews.com\/it\/newsletter-migliori-software-lista\/maxbulk-mailer\/\" \/>\n<meta property=\"og:site_name\" content=\"Accurate Reviews\" \/>\n<meta property=\"article:modified_time\" content=\"2017-04-14T13:05:56+00:00\" \/>\n<meta property=\"og:image\" content=\"http:\/\/www.accuratereviews.com\/wp-content\/uploads\/2015\/11\/MaxBulk-Mailer_homepage.png\" \/>\n<meta name=\"twitter:card\" content=\"summary_large_image\" \/>\n<meta name=\"twitter:label1\" content=\"Tempo di lettura stimato\" \/>\n\t<meta name=\"twitter:data1\" content=\"1 minuto\" \/>\n<script type=\"application\/ld+json\" class=\"yoast-schema-graph\">{\"@context\":\"https:\\\/\\\/schema.org\",\"@graph\":[{\"@type\":\"WebPage\",\"@id\":\"https:\\\/\\\/www.accuratereviews.com\\\/it\\\/newsletter-migliori-software-lista\\\/maxbulk-mailer\\\/\",\"url\":\"https:\\\/\\\/www.accuratereviews.com\\\/it\\\/newsletter-migliori-software-lista\\\/maxbulk-mailer\\\/\",\"name\":\"MaxBulk Mailer recensione software per newsletter | Accurate Reviews\",\"isPartOf\":{\"@id\":\"https:\\\/\\\/www.accuratereviews.com\\\/it\\\/#website\"},\"primaryImageOfPage\":{\"@id\":\"https:\\\/\\\/www.accuratereviews.com\\\/it\\\/newsletter-migliori-software-lista\\\/maxbulk-mailer\\\/#primaryimage\"},\"image\":{\"@id\":\"https:\\\/\\\/www.accuratereviews.com\\\/it\\\/newsletter-migliori-software-lista\\\/maxbulk-mailer\\\/#primaryimage\"},\"thumbnailUrl\":\"http:\\\/\\\/www.accuratereviews.com\\\/wp-content\\\/uploads\\\/2015\\\/11\\\/MaxBulk-Mailer_homepage.png\",\"datePublished\":\"2015-11-22T18:52:54+00:00\",\"dateModified\":\"2017-04-14T13:05:56+00:00\",\"description\":\"MaxBulk Mailer \u00e8 un programma completo per il mail-merge e l'invio massivo di posta elettronica per Macintosh e Windows, tramite un client desktop.\",\"breadcrumb\":{\"@id\":\"https:\\\/\\\/www.accuratereviews.com\\\/it\\\/newsletter-migliori-software-lista\\\/maxbulk-mailer\\\/#breadcrumb\"},\"inLanguage\":\"it-IT\",\"potentialAction\":[{\"@type\":\"ReadAction\",\"target\":[\"https:\\\/\\\/www.accuratereviews.com\\\/it\\\/newsletter-migliori-software-lista\\\/maxbulk-mailer\\\/\"]}]},{\"@type\":\"ImageObject\",\"inLanguage\":\"it-IT\",\"@id\":\"https:\\\/\\\/www.accuratereviews.com\\\/it\\\/newsletter-migliori-software-lista\\\/maxbulk-mailer\\\/#primaryimage\",\"url\":\"http:\\\/\\\/www.accuratereviews.com\\\/wp-content\\\/uploads\\\/2015\\\/11\\\/MaxBulk-Mailer_homepage.png\",\"contentUrl\":\"http:\\\/\\\/www.accuratereviews.com\\\/wp-content\\\/uploads\\\/2015\\\/11\\\/MaxBulk-Mailer_homepage.png\"},{\"@type\":\"BreadcrumbList\",\"@id\":\"https:\\\/\\\/www.accuratereviews.com\\\/it\\\/newsletter-migliori-software-lista\\\/maxbulk-mailer\\\/#breadcrumb\",\"itemListElement\":[{\"@type\":\"ListItem\",\"position\":1,\"name\":\"Home\",\"item\":\"https:\\\/\\\/www.accuratereviews.com\\\/it\\\/\"},{\"@type\":\"ListItem\",\"position\":2,\"name\":\"Newsletter: i migliori software\",\"item\":\"https:\\\/\\\/www.accuratereviews.com\\\/it\\\/newsletter-migliori-software-lista\\\/\"},{\"@type\":\"ListItem\",\"position\":3,\"name\":\"MaxBulk Mailer\"}]},{\"@type\":\"WebSite\",\"@id\":\"https:\\\/\\\/www.accuratereviews.com\\\/it\\\/#website\",\"url\":\"https:\\\/\\\/www.accuratereviews.com\\\/it\\\/\",\"name\":\"Accurate Reviews\",\"description\":\"\",\"potentialAction\":[{\"@type\":\"SearchAction\",\"target\":{\"@type\":\"EntryPoint\",\"urlTemplate\":\"https:\\\/\\\/www.accuratereviews.com\\\/it\\\/?s={search_term_string}\"},\"query-input\":{\"@type\":\"PropertyValueSpecification\",\"valueRequired\":true,\"valueName\":\"search_term_string\"}}],\"inLanguage\":\"it-IT\"}]}<\/script>\n<!-- \/ Yoast SEO plugin. -->","yoast_head_json":{"title":"MaxBulk Mailer recensione software per newsletter | Accurate Reviews","description":"MaxBulk Mailer \u00e8 un programma completo per il mail-merge e l'invio massivo di posta elettronica per Macintosh e Windows, tramite un client desktop.","robots":{"index":"index","follow":"follow","max-snippet":"max-snippet:-1","max-image-preview":"max-image-preview:large","max-video-preview":"max-video-preview:-1"},"canonical":"https:\/\/www.accuratereviews.com\/it\/newsletter-migliori-software-lista\/maxbulk-mailer\/","og_locale":"it_IT","og_type":"article","og_title":"MaxBulk Mailer recensione software per newsletter | Accurate Reviews","og_description":"MaxBulk Mailer \u00e8 un programma completo per il mail-merge e l'invio massivo di posta elettronica per Macintosh e Windows, tramite un client desktop.","og_url":"https:\/\/www.accuratereviews.com\/it\/newsletter-migliori-software-lista\/maxbulk-mailer\/","og_site_name":"Accurate Reviews","article_modified_time":"2017-04-14T13:05:56+00:00","og_image":[{"url":"http:\/\/www.accuratereviews.com\/wp-content\/uploads\/2015\/11\/MaxBulk-Mailer_homepage.png","type":"","width":"","height":""}],"twitter_card":"summary_large_image","twitter_misc":{"Tempo di lettura stimato":"1 minuto"},"schema":{"@context":"https:\/\/schema.org","@graph":[{"@type":"WebPage","@id":"https:\/\/www.accuratereviews.com\/it\/newsletter-migliori-software-lista\/maxbulk-mailer\/","url":"https:\/\/www.accuratereviews.com\/it\/newsletter-migliori-software-lista\/maxbulk-mailer\/","name":"MaxBulk Mailer recensione software per newsletter | Accurate Reviews","isPartOf":{"@id":"https:\/\/www.accuratereviews.com\/it\/#website"},"primaryImageOfPage":{"@id":"https:\/\/www.accuratereviews.com\/it\/newsletter-migliori-software-lista\/maxbulk-mailer\/#primaryimage"},"image":{"@id":"https:\/\/www.accuratereviews.com\/it\/newsletter-migliori-software-lista\/maxbulk-mailer\/#primaryimage"},"thumbnailUrl":"http:\/\/www.accuratereviews.com\/wp-content\/uploads\/2015\/11\/MaxBulk-Mailer_homepage.png","datePublished":"2015-11-22T18:52:54+00:00","dateModified":"2017-04-14T13:05:56+00:00","description":"MaxBulk Mailer \u00e8 un programma completo per il mail-merge e l'invio massivo di posta elettronica per Macintosh e Windows, tramite un client desktop.","breadcrumb":{"@id":"https:\/\/www.accuratereviews.com\/it\/newsletter-migliori-software-lista\/maxbulk-mailer\/#breadcrumb"},"inLanguage":"it-IT","potentialAction":[{"@type":"ReadAction","target":["https:\/\/www.accuratereviews.com\/it\/newsletter-migliori-software-lista\/maxbulk-mailer\/"]}]},{"@type":"ImageObject","inLanguage":"it-IT","@id":"https:\/\/www.accuratereviews.com\/it\/newsletter-migliori-software-lista\/maxbulk-mailer\/#primaryimage","url":"http:\/\/www.accuratereviews.com\/wp-content\/uploads\/2015\/11\/MaxBulk-Mailer_homepage.png","contentUrl":"http:\/\/www.accuratereviews.com\/wp-content\/uploads\/2015\/11\/MaxBulk-Mailer_homepage.png"},{"@type":"BreadcrumbList","@id":"https:\/\/www.accuratereviews.com\/it\/newsletter-migliori-software-lista\/maxbulk-mailer\/#breadcrumb","itemListElement":[{"@type":"ListItem","position":1,"name":"Home","item":"https:\/\/www.accuratereviews.com\/it\/"},{"@type":"ListItem","position":2,"name":"Newsletter: i migliori software","item":"https:\/\/www.accuratereviews.com\/it\/newsletter-migliori-software-lista\/"},{"@type":"ListItem","position":3,"name":"MaxBulk Mailer"}]},{"@type":"WebSite","@id":"https:\/\/www.accuratereviews.com\/it\/#website","url":"https:\/\/www.accuratereviews.com\/it\/","name":"Accurate Reviews","description":"","potentialAction":[{"@type":"SearchAction","target":{"@type":"EntryPoint","urlTemplate":"https:\/\/www.accuratereviews.com\/it\/?s={search_term_string}"},"query-input":{"@type":"PropertyValueSpecification","valueRequired":true,"valueName":"search_term_string"}}],"inLanguage":"it-IT"}]}},"_links":{"self":[{"href":"https:\/\/www.accuratereviews.com\/it\/wp-json\/wp\/v2\/pages\/5827","targetHints":{"allow":["GET"]}}],"collection":[{"href":"https:\/\/www.accuratereviews.com\/it\/wp-json\/wp\/v2\/pages"}],"about":[{"href":"https:\/\/www.accuratereviews.com\/it\/wp-json\/wp\/v2\/types\/page"}],"author":[{"embeddable":true,"href":"https:\/\/www.accuratereviews.com\/it\/wp-json\/wp\/v2\/users\/16"}],"replies":[{"embeddable":true,"href":"https:\/\/www.accuratereviews.com\/it\/wp-json\/wp\/v2\/comments?post=5827"}],"version-history":[{"count":5,"href":"https:\/\/www.accuratereviews.com\/it\/wp-json\/wp\/v2\/pages\/5827\/revisions"}],"predecessor-version":[{"id":6450,"href":"https:\/\/www.accuratereviews.com\/it\/wp-json\/wp\/v2\/pages\/5827\/revisions\/6450"}],"up":[{"embeddable":true,"href":"https:\/\/www.accuratereviews.com\/it\/wp-json\/wp\/v2\/pages\/5555"}],"wp:attachment":[{"href":"https:\/\/www.accuratereviews.com\/it\/wp-json\/wp\/v2\/media?parent=5827"}],"wp:term":[{"taxonomy":"category","embeddable":true,"href":"https:\/\/www.accuratereviews.com\/it\/wp-json\/wp\/v2\/categories?post=5827"},{"taxonomy":"post_tag","embeddable":true,"href":"https:\/\/www.accuratereviews.com\/it\/wp-json\/wp\/v2\/tags?post=5827"},{"taxonomy":"features","embeddable":true,"href":"https:\/\/www.accuratereviews.com\/it\/wp-json\/wp\/v2\/features?post=5827"}],"curies":[{"name":"wp","href":"https:\/\/api.w.org\/{rel}","templated":true}]}}