{"id":58274,"date":"2022-06-03T10:24:52","date_gmt":"2022-06-03T10:24:52","guid":{"rendered":"https:\/\/www.accuratereviews.com\/?page_id=58274"},"modified":"2022-06-03T10:24:52","modified_gmt":"2022-06-03T10:24:52","slug":"nola-recensione","status":"publish","type":"page","link":"https:\/\/www.accuratereviews.com\/it\/software-creare-firme-email\/nola-recensione\/","title":{"rendered":"Nola"},"content":{"rendered":"<p><strong>Nola<\/strong> \u00e8 una <strong>soluzione di composizione automatica<\/strong> progettata per aiutare i call center a comunicare con i clienti tramite vari metodi, tra cui chiamate in uscita o in entrata, sms, email, chat dal vivo e altro ancora. Consente ai team di vendita di analizzare i percorsi dei clienti mirando a lead o clienti e creando piani strategici.\u00a0Gli agenti possono utilizzare lo strumento di automazione per inviare messaggi di testo, messaggi vocali o email ai lead in base a una pianificazione preconfigurata. Il programma consente ai team di creare campagne di marketing identificando il pubblico mirato e inviando messaggi promozionali o pubblicit\u00e0 al gruppo selezionato. L&#8217;applicazione consente inoltre agli amministratori di valutare le prestazioni degli agenti e le percentuali di successo tramite gli indicatori chiave di prestazione (KPI), tra cui la percentuale di blocco delle chiamate, il tempo medio di attesa e la risoluzione della prima chiamata.<\/p>\n<h2>NOLA &#8211; TUTORIAL<\/h2>\n<p>Ecco un video su questo <strong>software per creare firme per email<\/strong>:<\/p>\n<div id=\"fluid-wrapper-counter-1\" class=\"g1-fluid-wrapper \" style=\"width:686px;\">\n<div style=\"padding-bottom:56.268221574344%;\"><iframe loading=\"lazy\" title=\"NOLA AUTOMATION\" src=\"https:\/\/player.vimeo.com\/video\/491932125?h=d9cbcd6046&amp;dnt=1&amp;app_id=122963?title=0&amp;byline=0&amp;portrait=0\" width=\"686\" height=\"386\" frameborder=\"0\" allow=\"autoplay; fullscreen; picture-in-picture\" allowfullscreen><\/iframe><\/div>\n<\/div>\n<h3><strong>NOLA &#8211; CARATTERISTICHE<\/strong><\/h3>\n<ul>\n<li>Gestione degli accessi<\/li>\n<li>Contabilit\u00e0<\/li>\n<li>Integrazione con Active Directory<\/li>\n<li>Dashboard<\/li>\n<li>Gestione e monitoraggio delle attivit\u00e0<\/li>\n<li>Reportistica amministrativa<\/li>\n<li>Rilevamento della segreteria telefonica<\/li>\n<li>Composizione automatica<\/li>\n<li>Avvisi automatici<\/li>\n<li>Distribuzione automatica delle chiamate<\/li>\n<li>Fatturazione<\/li>\n<li>CRM<\/li>\n<li>Gestione e sincronizzazione del calendario<\/li>\n<li>Disposizione delle chiamate<\/li>\n<li>Gestione elenco chiamate<\/li>\n<li>Registrazione e monitoraggio delle chiamate<\/li>\n<li>Script di chiamata<\/li>\n<li>Trasferimento di chiamata<\/li>\n<li>Pianificazione della richiamata<\/li>\n<li>ID chiamante<\/li>\n<li>Gestione, programmazione e segmentazione della campagna<\/li>\n<li>Integrazioni di terze parti<\/li>\n<li>Multicampagna<\/li>\n<li>Comunicazione multicanale<\/li>\n<li>Archiviazione sicura dei dati<\/li>\n<li>Accesso sicuro<\/li>\n<li>Controllo di sicurezza<\/li>\n<\/ul>\n<h4>LE RECENSIONI DEGLI UTENTI<\/h4>\n<p class=\"font-weight-bold mb-2\"><strong>Roger M.&#8221;Piattaforma All in One&#8221;<\/strong><\/p>\n<p><span class=\"font-weight-bold\"><strong>Commenti<\/strong>: <\/span>Tutto quello che posso dire \u00e8 che devi provare questo per vedere come la tua attivit\u00e0 pu\u00f2 cambiare.<\/p>\n<p class=\"font-weight-bold mb-2\"><strong>Pro<\/strong>:\u00a0Adoro NOLA, possiamo inviare email, sms, comporre e inviare messaggi vocali e altro ancora in un&#8217;unica piattaforma. La facilit\u00e0 d&#8217;uso e i miei collezionisti lo adorano in 33 anni NON ho MAI usato un prodotto del genere che ha tutto in un unico prodotto. Posso fare di pi\u00f9 con meno $ e il prezzo ha fatto vergognare la mia piattaforma precedente. Ero timido nel provarlo finch\u00e9 non l&#8217;abbiamo usato e poi il reddito \u00e8 cambiato quasi istantaneamente. I collezionisti lo adorano di pi\u00f9 perch\u00e9 \u00e8 facile da usare per loro e per inviare messaggi di testo e email ai debitori. Devi provarlo!<\/p>\n<p class=\"font-weight-bold mb-2\"><strong>Contro<\/strong>:\u00a0Nessun aspetto negativo di sorta. Non ho aspetti negativi di questo prodotto.<\/p>\n<p class=\"font-weight-bold mb-2\"><strong>Jordan S.&#8221;Rivoluzionario&#8221;<\/strong><\/p>\n<p><span class=\"font-weight-bold\"><strong>Commenti<\/strong>: <\/span>Altamente raccomandato<\/p>\n<p class=\"font-weight-bold mb-2\"><strong>Pro<\/strong>:\u00a0Facilit\u00e0 di caricamento degli account e integrazione con i file excel dalla semplicit\u00e0. Pu\u00f2 caricare una campagna in meno di 10 minuti.<\/p>\n<p class=\"font-weight-bold mb-2\"><strong>Contro<\/strong>:\u00a0Sebbene siano state apportate modifiche allo stato di avanzamento della campagna. Ho ancora difficolt\u00e0 a capire quanto ne \u00e8 rimasto.<\/p>\n<p class=\"font-weight-bold mb-2\"><strong>James g H.&#8221;Il meglio per il mercato&#8221;<\/strong><\/p>\n<p><span class=\"font-weight-bold\"><strong>Commenti<\/strong>: <\/span>La mia esperienza \u00e8 stata fantastica, \u00e8 un ottimo software e non vedo l&#8217;ora di vederne il futuro<\/p>\n<p class=\"font-weight-bold mb-2\">Pro:\u00a0Questa piattaforma \u00e8 molto facile da usare e mi piace poter caricare i contatti CVS e tutto \u00e8 posizionato nel formato giusto, \u00e8 stato molto facile per me contattare clienti e clienti.<\/p>\n<p class=\"font-weight-bold mb-2\">Contro:\u00a0Vorrei essere in grado di videoconferenza<\/p>\n","protected":false},"excerpt":{"rendered":"<p>Nola \u00e8 una soluzione di composizione automatica progettata per aiutare i call center a comunicare con i clienti tramite vari metodi, tra cui chiamate in uscita o in entrata, sms, email, chat dal vivo e altro ancora. Consente ai team di vendita di analizzare i percorsi dei clienti mirando a lead o clienti e creando piani strategici.\u00a0Gli agenti possono utilizzare lo strumento di automazione per inviare messaggi di testo, messaggi vocali o email ai lead in base a una pianificazione preconfigurata.<\/p>\n","protected":false},"author":16,"featured_media":58279,"parent":57751,"menu_order":0,"comment_status":"open","ping_status":"closed","template":"g1_template_page_review_new.php","meta":{"_acf_changed":false,"cwp_meta_box_check":"No","cwp_rev_product_name":"","cwp_rev_product_image":"","wppr_links":[],"cwp_rev_price":"","wppr_options":[],"wppr_pros":[],"wppr_cons":[],"_monsterinsights_skip_tracking":false,"_monsterinsights_sitenote_active":false,"_monsterinsights_sitenote_note":"","_monsterinsights_sitenote_category":0,"footnotes":""},"categories":[12645],"tags":[12670,12731,12649,12651,12648,12650],"features":[],"class_list":{"0":"post-58274","1":"page","2":"type-page","3":"status-publish","4":"has-post-thumbnail","6":"category-software-firme-email-cat","7":"tag-creare-firme-per-email","8":"tag-nola","9":"tag-piattaforma-per-creare-firme-per-email","10":"tag-programma-per-creare-firme-per-email","11":"tag-software-per-creare-firme-per-email","12":"tag-soluzione-per-creare-firme-per-email"},"wppr_data":{"cwp_meta_box_check":"No"},"acf":[],"yoast_head":"<!-- This site is optimized with the Yoast SEO plugin v27.4 - https:\/\/yoast.com\/product\/yoast-seo-wordpress\/ -->\n<title>Nola: recensione software per creazione firme email - Accurate Reviews<\/title>\n<meta name=\"description\" content=\"Nola: recensione soluzione di composizione automatica progettata per aiutare i call center a comunicare con i clienti tramite vari metodi.\" \/>\n<meta name=\"robots\" content=\"index, follow, max-snippet:-1, max-image-preview:large, max-video-preview:-1\" \/>\n<link rel=\"canonical\" href=\"https:\/\/www.accuratereviews.com\/it\/software-creare-firme-email\/nola-recensione\/\" \/>\n<meta property=\"og:locale\" content=\"it_IT\" \/>\n<meta property=\"og:type\" content=\"article\" \/>\n<meta property=\"og:title\" content=\"Nola: recensione software per creazione firme email - Accurate Reviews\" \/>\n<meta property=\"og:description\" content=\"Nola: recensione soluzione di composizione automatica progettata per aiutare i call center a comunicare con i clienti tramite vari metodi.\" \/>\n<meta property=\"og:url\" content=\"https:\/\/www.accuratereviews.com\/it\/software-creare-firme-email\/nola-recensione\/\" \/>\n<meta property=\"og:site_name\" content=\"Accurate Reviews\" \/>\n<meta property=\"og:image\" content=\"https:\/\/www.accuratereviews.com\/wp-content\/uploads\/2022\/06\/Nola.webp\" \/>\n\t<meta property=\"og:image:width\" content=\"379\" \/>\n\t<meta property=\"og:image:height\" content=\"384\" \/>\n\t<meta property=\"og:image:type\" content=\"image\/webp\" \/>\n<meta name=\"twitter:card\" content=\"summary_large_image\" \/>\n<meta name=\"twitter:label1\" content=\"Tempo di lettura stimato\" \/>\n\t<meta name=\"twitter:data1\" content=\"3 minuti\" \/>\n<script type=\"application\/ld+json\" class=\"yoast-schema-graph\">{\"@context\":\"https:\\\/\\\/schema.org\",\"@graph\":[{\"@type\":\"WebPage\",\"@id\":\"https:\\\/\\\/www.accuratereviews.com\\\/it\\\/software-creare-firme-email\\\/nola-recensione\\\/\",\"url\":\"https:\\\/\\\/www.accuratereviews.com\\\/it\\\/software-creare-firme-email\\\/nola-recensione\\\/\",\"name\":\"Nola: recensione software per creazione firme email - Accurate Reviews\",\"isPartOf\":{\"@id\":\"https:\\\/\\\/www.accuratereviews.com\\\/it\\\/#website\"},\"primaryImageOfPage\":{\"@id\":\"https:\\\/\\\/www.accuratereviews.com\\\/it\\\/software-creare-firme-email\\\/nola-recensione\\\/#primaryimage\"},\"image\":{\"@id\":\"https:\\\/\\\/www.accuratereviews.com\\\/it\\\/software-creare-firme-email\\\/nola-recensione\\\/#primaryimage\"},\"thumbnailUrl\":\"https:\\\/\\\/www.accuratereviews.com\\\/wp-content\\\/uploads\\\/2022\\\/06\\\/Nola.webp\",\"datePublished\":\"2022-06-03T10:24:52+00:00\",\"description\":\"Nola: recensione soluzione di composizione automatica progettata per aiutare i call center a comunicare con i clienti tramite vari metodi.\",\"breadcrumb\":{\"@id\":\"https:\\\/\\\/www.accuratereviews.com\\\/it\\\/software-creare-firme-email\\\/nola-recensione\\\/#breadcrumb\"},\"inLanguage\":\"it-IT\",\"potentialAction\":[{\"@type\":\"ReadAction\",\"target\":[\"https:\\\/\\\/www.accuratereviews.com\\\/it\\\/software-creare-firme-email\\\/nola-recensione\\\/\"]}]},{\"@type\":\"ImageObject\",\"inLanguage\":\"it-IT\",\"@id\":\"https:\\\/\\\/www.accuratereviews.com\\\/it\\\/software-creare-firme-email\\\/nola-recensione\\\/#primaryimage\",\"url\":\"https:\\\/\\\/www.accuratereviews.com\\\/wp-content\\\/uploads\\\/2022\\\/06\\\/Nola.webp\",\"contentUrl\":\"https:\\\/\\\/www.accuratereviews.com\\\/wp-content\\\/uploads\\\/2022\\\/06\\\/Nola.webp\",\"width\":379,\"height\":384},{\"@type\":\"BreadcrumbList\",\"@id\":\"https:\\\/\\\/www.accuratereviews.com\\\/it\\\/software-creare-firme-email\\\/nola-recensione\\\/#breadcrumb\",\"itemListElement\":[{\"@type\":\"ListItem\",\"position\":1,\"name\":\"Home\",\"item\":\"https:\\\/\\\/www.accuratereviews.com\\\/it\\\/\"},{\"@type\":\"ListItem\",\"position\":2,\"name\":\"Software per creare firme per email\",\"item\":\"https:\\\/\\\/www.accuratereviews.com\\\/it\\\/software-creare-firme-email\\\/\"},{\"@type\":\"ListItem\",\"position\":3,\"name\":\"Nola\"}]},{\"@type\":\"WebSite\",\"@id\":\"https:\\\/\\\/www.accuratereviews.com\\\/it\\\/#website\",\"url\":\"https:\\\/\\\/www.accuratereviews.com\\\/it\\\/\",\"name\":\"Accurate Reviews\",\"description\":\"\",\"potentialAction\":[{\"@type\":\"SearchAction\",\"target\":{\"@type\":\"EntryPoint\",\"urlTemplate\":\"https:\\\/\\\/www.accuratereviews.com\\\/it\\\/?s={search_term_string}\"},\"query-input\":{\"@type\":\"PropertyValueSpecification\",\"valueRequired\":true,\"valueName\":\"search_term_string\"}}],\"inLanguage\":\"it-IT\"}]}<\/script>\n<!-- \/ Yoast SEO plugin. -->","yoast_head_json":{"title":"Nola: recensione software per creazione firme email - Accurate Reviews","description":"Nola: recensione soluzione di composizione automatica progettata per aiutare i call center a comunicare con i clienti tramite vari metodi.","robots":{"index":"index","follow":"follow","max-snippet":"max-snippet:-1","max-image-preview":"max-image-preview:large","max-video-preview":"max-video-preview:-1"},"canonical":"https:\/\/www.accuratereviews.com\/it\/software-creare-firme-email\/nola-recensione\/","og_locale":"it_IT","og_type":"article","og_title":"Nola: recensione software per creazione firme email - Accurate Reviews","og_description":"Nola: recensione soluzione di composizione automatica progettata per aiutare i call center a comunicare con i clienti tramite vari metodi.","og_url":"https:\/\/www.accuratereviews.com\/it\/software-creare-firme-email\/nola-recensione\/","og_site_name":"Accurate Reviews","og_image":[{"width":379,"height":384,"url":"https:\/\/www.accuratereviews.com\/wp-content\/uploads\/2022\/06\/Nola.webp","type":"image\/webp"}],"twitter_card":"summary_large_image","twitter_misc":{"Tempo di lettura stimato":"3 minuti"},"schema":{"@context":"https:\/\/schema.org","@graph":[{"@type":"WebPage","@id":"https:\/\/www.accuratereviews.com\/it\/software-creare-firme-email\/nola-recensione\/","url":"https:\/\/www.accuratereviews.com\/it\/software-creare-firme-email\/nola-recensione\/","name":"Nola: recensione software per creazione firme email - Accurate Reviews","isPartOf":{"@id":"https:\/\/www.accuratereviews.com\/it\/#website"},"primaryImageOfPage":{"@id":"https:\/\/www.accuratereviews.com\/it\/software-creare-firme-email\/nola-recensione\/#primaryimage"},"image":{"@id":"https:\/\/www.accuratereviews.com\/it\/software-creare-firme-email\/nola-recensione\/#primaryimage"},"thumbnailUrl":"https:\/\/www.accuratereviews.com\/wp-content\/uploads\/2022\/06\/Nola.webp","datePublished":"2022-06-03T10:24:52+00:00","description":"Nola: recensione soluzione di composizione automatica progettata per aiutare i call center a comunicare con i clienti tramite vari metodi.","breadcrumb":{"@id":"https:\/\/www.accuratereviews.com\/it\/software-creare-firme-email\/nola-recensione\/#breadcrumb"},"inLanguage":"it-IT","potentialAction":[{"@type":"ReadAction","target":["https:\/\/www.accuratereviews.com\/it\/software-creare-firme-email\/nola-recensione\/"]}]},{"@type":"ImageObject","inLanguage":"it-IT","@id":"https:\/\/www.accuratereviews.com\/it\/software-creare-firme-email\/nola-recensione\/#primaryimage","url":"https:\/\/www.accuratereviews.com\/wp-content\/uploads\/2022\/06\/Nola.webp","contentUrl":"https:\/\/www.accuratereviews.com\/wp-content\/uploads\/2022\/06\/Nola.webp","width":379,"height":384},{"@type":"BreadcrumbList","@id":"https:\/\/www.accuratereviews.com\/it\/software-creare-firme-email\/nola-recensione\/#breadcrumb","itemListElement":[{"@type":"ListItem","position":1,"name":"Home","item":"https:\/\/www.accuratereviews.com\/it\/"},{"@type":"ListItem","position":2,"name":"Software per creare firme per email","item":"https:\/\/www.accuratereviews.com\/it\/software-creare-firme-email\/"},{"@type":"ListItem","position":3,"name":"Nola"}]},{"@type":"WebSite","@id":"https:\/\/www.accuratereviews.com\/it\/#website","url":"https:\/\/www.accuratereviews.com\/it\/","name":"Accurate Reviews","description":"","potentialAction":[{"@type":"SearchAction","target":{"@type":"EntryPoint","urlTemplate":"https:\/\/www.accuratereviews.com\/it\/?s={search_term_string}"},"query-input":{"@type":"PropertyValueSpecification","valueRequired":true,"valueName":"search_term_string"}}],"inLanguage":"it-IT"}]}},"_links":{"self":[{"href":"https:\/\/www.accuratereviews.com\/it\/wp-json\/wp\/v2\/pages\/58274","targetHints":{"allow":["GET"]}}],"collection":[{"href":"https:\/\/www.accuratereviews.com\/it\/wp-json\/wp\/v2\/pages"}],"about":[{"href":"https:\/\/www.accuratereviews.com\/it\/wp-json\/wp\/v2\/types\/page"}],"author":[{"embeddable":true,"href":"https:\/\/www.accuratereviews.com\/it\/wp-json\/wp\/v2\/users\/16"}],"replies":[{"embeddable":true,"href":"https:\/\/www.accuratereviews.com\/it\/wp-json\/wp\/v2\/comments?post=58274"}],"version-history":[{"count":7,"href":"https:\/\/www.accuratereviews.com\/it\/wp-json\/wp\/v2\/pages\/58274\/revisions"}],"predecessor-version":[{"id":58303,"href":"https:\/\/www.accuratereviews.com\/it\/wp-json\/wp\/v2\/pages\/58274\/revisions\/58303"}],"up":[{"embeddable":true,"href":"https:\/\/www.accuratereviews.com\/it\/wp-json\/wp\/v2\/pages\/57751"}],"wp:featuredmedia":[{"embeddable":true,"href":"https:\/\/www.accuratereviews.com\/it\/wp-json\/wp\/v2\/media\/58279"}],"wp:attachment":[{"href":"https:\/\/www.accuratereviews.com\/it\/wp-json\/wp\/v2\/media?parent=58274"}],"wp:term":[{"taxonomy":"category","embeddable":true,"href":"https:\/\/www.accuratereviews.com\/it\/wp-json\/wp\/v2\/categories?post=58274"},{"taxonomy":"post_tag","embeddable":true,"href":"https:\/\/www.accuratereviews.com\/it\/wp-json\/wp\/v2\/tags?post=58274"},{"taxonomy":"features","embeddable":true,"href":"https:\/\/www.accuratereviews.com\/it\/wp-json\/wp\/v2\/features?post=58274"}],"curies":[{"name":"wp","href":"https:\/\/api.w.org\/{rel}","templated":true}]}}