{"id":5831,"date":"2015-11-03T15:28:02","date_gmt":"2015-11-03T15:28:02","guid":{"rendered":"http:\/\/www.accuratereviews.com\/it\/newsletter-migliori-software-lista\/thunder-mailer\/"},"modified":"2017-04-14T13:06:33","modified_gmt":"2017-04-14T13:06:33","slug":"thunder-mailer","status":"publish","type":"page","link":"https:\/\/www.accuratereviews.com\/it\/newsletter-migliori-software-lista\/thunder-mailer\/","title":{"rendered":"Thunder Mailer"},"content":{"rendered":"<p><a href=\"http:\/\/www.accuratereviews.com\/wp-content\/uploads\/2015\/11\/Thunder-Mailer_homepage.png\"><img loading=\"lazy\" decoding=\"async\" class=\"alignnone size-full wp-image-1872\" src=\"http:\/\/www.accuratereviews.com\/wp-content\/uploads\/2015\/11\/Thunder-Mailer_homepage.png\" alt=\"Thunder Mailer_homepage\" width=\"1052\" height=\"628\" srcset=\"https:\/\/www.accuratereviews.com\/wp-content\/uploads\/2015\/11\/Thunder-Mailer_homepage.png 1052w, https:\/\/www.accuratereviews.com\/wp-content\/uploads\/2015\/11\/Thunder-Mailer_homepage-300x179.png 300w, https:\/\/www.accuratereviews.com\/wp-content\/uploads\/2015\/11\/Thunder-Mailer_homepage-1024x611.png 1024w, https:\/\/www.accuratereviews.com\/wp-content\/uploads\/2015\/11\/Thunder-Mailer_homepage-209x125.png 209w, https:\/\/www.accuratereviews.com\/wp-content\/uploads\/2015\/11\/Thunder-Mailer_homepage-50x30.png 50w, https:\/\/www.accuratereviews.com\/wp-content\/uploads\/2015\/11\/Thunder-Mailer_homepage-968x578.png 968w, https:\/\/www.accuratereviews.com\/wp-content\/uploads\/2015\/11\/Thunder-Mailer_homepage-636x380.png 636w, https:\/\/www.accuratereviews.com\/wp-content\/uploads\/2015\/11\/Thunder-Mailer_homepage-320x191.png 320w, https:\/\/www.accuratereviews.com\/wp-content\/uploads\/2015\/11\/Thunder-Mailer_homepage-239x143.png 239w\" sizes=\"auto, (max-width: 1052px) 100vw, 1052px\" \/><\/a><\/p>\n<p><strong>Thunder Mailer<\/strong> \u00e8 un potente <strong>software per il bulk email marketing<\/strong>. Facile da installare e da utilizzare, vi aiuter\u00e0 a gestire le campagne di email marketing destinate a un gran numero di destinatari, con possibilit\u00e0 di monitorarne le statistiche di consegna e le prestazioni ottenute.<\/p>\n<p>Arricchito da moltissime funzionalit\u00e0, ma tuttavia molto user-friendly, Thunder Mailer \u00e8 progettato per inviare e consegnare le campagne in tempi brevissimi. Questo software &#8211; anche se richiede un po&#8217; di pratica iniziale &#8211; \u00e8 <strong>perfetto per i principianti<\/strong> con background tecnico minimo e, al tempo stesso, ha molto da offrire agli utenti avanzati. L\u2019interfaccia non \u00e8 disponibile in lingua italiana.<\/p>\n<p>Se avete altre curiosit\u00e0 riguardo al suo funzionamento date un\u2019occhiata alla nostra <a href=\"https:\/\/www.accuratereviews.com\/best-email-marketing-software-reviews-list\/thunder-mailer\/\" title=\"recensione di Thunder Mailer in lingua inglese\">recensione di Thunder Mailer in lingua inglese<\/a>.<\/p>\n","protected":false},"excerpt":{"rendered":"<p>Thunder Mailer \u00e8 un potente software per il bulk email marketing. Facile da installare e da utilizzare, vi aiuter\u00e0 a gestire le campagne di email marketing destinate a un gran numero di destinatari, con possibilit\u00e0 di monitorarne la consegna e le prestazioni. <\/p>\n","protected":false},"author":16,"featured_media":0,"parent":5555,"menu_order":3,"comment_status":"open","ping_status":"closed","template":"g1_template_page_review_new.php","meta":{"_acf_changed":false,"cwp_meta_box_check":"Yes","cwp_rev_product_name":"","cwp_rev_product_image":"","wppr_links":[],"cwp_rev_price":"","wppr_options":[],"wppr_pros":[],"wppr_cons":[],"_monsterinsights_skip_tracking":false,"_monsterinsights_sitenote_active":false,"_monsterinsights_sitenote_note":"","_monsterinsights_sitenote_category":0,"footnotes":""},"categories":[101,108],"tags":[],"features":[],"class_list":{"0":"post-5831","1":"page","2":"type-page","3":"status-publish","5":"category-email-marketing-software-it","6":"category-newsletter"},"wppr_data":{"cwp_meta_box_check":"Yes","cwp_rev_product_name":"","cwp_rev_product_image":"","cwp_image_link":"image","cwp_rev_price":"","wppr_rating":"0.00"},"acf":[],"yoast_head":"<!-- This site is optimized with the Yoast SEO plugin v27.4 - https:\/\/yoast.com\/product\/yoast-seo-wordpress\/ -->\n<title>Thunder Mailer recensione software per newsletter | Accurate Reviews<\/title>\n<meta name=\"description\" content=\"Thunder Mailer \u00e8 un potente software per il bulk email marketing. Facile da installare e da utilizzare, vi aiuter\u00e0 a gestire le campagne di email marketing\" \/>\n<meta name=\"robots\" content=\"index, follow, max-snippet:-1, max-image-preview:large, max-video-preview:-1\" \/>\n<link rel=\"canonical\" href=\"https:\/\/www.accuratereviews.com\/it\/newsletter-migliori-software-lista\/thunder-mailer\/\" \/>\n<meta property=\"og:locale\" content=\"it_IT\" \/>\n<meta property=\"og:type\" content=\"article\" \/>\n<meta property=\"og:title\" content=\"Thunder Mailer recensione software per newsletter | Accurate Reviews\" \/>\n<meta property=\"og:description\" content=\"Thunder Mailer \u00e8 un potente software per il bulk email marketing. Facile da installare e da utilizzare, vi aiuter\u00e0 a gestire le campagne di email marketing\" \/>\n<meta property=\"og:url\" content=\"https:\/\/www.accuratereviews.com\/it\/newsletter-migliori-software-lista\/thunder-mailer\/\" \/>\n<meta property=\"og:site_name\" content=\"Accurate Reviews\" \/>\n<meta property=\"article:modified_time\" content=\"2017-04-14T13:06:33+00:00\" \/>\n<meta property=\"og:image\" content=\"http:\/\/www.accuratereviews.com\/wp-content\/uploads\/2015\/11\/Thunder-Mailer_homepage.png\" \/>\n<meta name=\"twitter:card\" content=\"summary_large_image\" \/>\n<meta name=\"twitter:label1\" content=\"Tempo di lettura stimato\" \/>\n\t<meta name=\"twitter:data1\" content=\"1 minuto\" \/>\n<script type=\"application\/ld+json\" class=\"yoast-schema-graph\">{\"@context\":\"https:\\\/\\\/schema.org\",\"@graph\":[{\"@type\":\"WebPage\",\"@id\":\"https:\\\/\\\/www.accuratereviews.com\\\/it\\\/newsletter-migliori-software-lista\\\/thunder-mailer\\\/\",\"url\":\"https:\\\/\\\/www.accuratereviews.com\\\/it\\\/newsletter-migliori-software-lista\\\/thunder-mailer\\\/\",\"name\":\"Thunder Mailer recensione software per newsletter | Accurate Reviews\",\"isPartOf\":{\"@id\":\"https:\\\/\\\/www.accuratereviews.com\\\/it\\\/#website\"},\"primaryImageOfPage\":{\"@id\":\"https:\\\/\\\/www.accuratereviews.com\\\/it\\\/newsletter-migliori-software-lista\\\/thunder-mailer\\\/#primaryimage\"},\"image\":{\"@id\":\"https:\\\/\\\/www.accuratereviews.com\\\/it\\\/newsletter-migliori-software-lista\\\/thunder-mailer\\\/#primaryimage\"},\"thumbnailUrl\":\"http:\\\/\\\/www.accuratereviews.com\\\/wp-content\\\/uploads\\\/2015\\\/11\\\/Thunder-Mailer_homepage.png\",\"datePublished\":\"2015-11-03T15:28:02+00:00\",\"dateModified\":\"2017-04-14T13:06:33+00:00\",\"description\":\"Thunder Mailer \u00e8 un potente software per il bulk email marketing. Facile da installare e da utilizzare, vi aiuter\u00e0 a gestire le campagne di email marketing\",\"breadcrumb\":{\"@id\":\"https:\\\/\\\/www.accuratereviews.com\\\/it\\\/newsletter-migliori-software-lista\\\/thunder-mailer\\\/#breadcrumb\"},\"inLanguage\":\"it-IT\",\"potentialAction\":[{\"@type\":\"ReadAction\",\"target\":[\"https:\\\/\\\/www.accuratereviews.com\\\/it\\\/newsletter-migliori-software-lista\\\/thunder-mailer\\\/\"]}]},{\"@type\":\"ImageObject\",\"inLanguage\":\"it-IT\",\"@id\":\"https:\\\/\\\/www.accuratereviews.com\\\/it\\\/newsletter-migliori-software-lista\\\/thunder-mailer\\\/#primaryimage\",\"url\":\"http:\\\/\\\/www.accuratereviews.com\\\/wp-content\\\/uploads\\\/2015\\\/11\\\/Thunder-Mailer_homepage.png\",\"contentUrl\":\"http:\\\/\\\/www.accuratereviews.com\\\/wp-content\\\/uploads\\\/2015\\\/11\\\/Thunder-Mailer_homepage.png\"},{\"@type\":\"BreadcrumbList\",\"@id\":\"https:\\\/\\\/www.accuratereviews.com\\\/it\\\/newsletter-migliori-software-lista\\\/thunder-mailer\\\/#breadcrumb\",\"itemListElement\":[{\"@type\":\"ListItem\",\"position\":1,\"name\":\"Home\",\"item\":\"https:\\\/\\\/www.accuratereviews.com\\\/it\\\/\"},{\"@type\":\"ListItem\",\"position\":2,\"name\":\"Newsletter: i migliori software\",\"item\":\"https:\\\/\\\/www.accuratereviews.com\\\/it\\\/newsletter-migliori-software-lista\\\/\"},{\"@type\":\"ListItem\",\"position\":3,\"name\":\"Thunder Mailer\"}]},{\"@type\":\"WebSite\",\"@id\":\"https:\\\/\\\/www.accuratereviews.com\\\/it\\\/#website\",\"url\":\"https:\\\/\\\/www.accuratereviews.com\\\/it\\\/\",\"name\":\"Accurate Reviews\",\"description\":\"\",\"potentialAction\":[{\"@type\":\"SearchAction\",\"target\":{\"@type\":\"EntryPoint\",\"urlTemplate\":\"https:\\\/\\\/www.accuratereviews.com\\\/it\\\/?s={search_term_string}\"},\"query-input\":{\"@type\":\"PropertyValueSpecification\",\"valueRequired\":true,\"valueName\":\"search_term_string\"}}],\"inLanguage\":\"it-IT\"}]}<\/script>\n<!-- \/ Yoast SEO plugin. -->","yoast_head_json":{"title":"Thunder Mailer recensione software per newsletter | Accurate Reviews","description":"Thunder Mailer \u00e8 un potente software per il bulk email marketing. Facile da installare e da utilizzare, vi aiuter\u00e0 a gestire le campagne di email marketing","robots":{"index":"index","follow":"follow","max-snippet":"max-snippet:-1","max-image-preview":"max-image-preview:large","max-video-preview":"max-video-preview:-1"},"canonical":"https:\/\/www.accuratereviews.com\/it\/newsletter-migliori-software-lista\/thunder-mailer\/","og_locale":"it_IT","og_type":"article","og_title":"Thunder Mailer recensione software per newsletter | Accurate Reviews","og_description":"Thunder Mailer \u00e8 un potente software per il bulk email marketing. Facile da installare e da utilizzare, vi aiuter\u00e0 a gestire le campagne di email marketing","og_url":"https:\/\/www.accuratereviews.com\/it\/newsletter-migliori-software-lista\/thunder-mailer\/","og_site_name":"Accurate Reviews","article_modified_time":"2017-04-14T13:06:33+00:00","og_image":[{"url":"http:\/\/www.accuratereviews.com\/wp-content\/uploads\/2015\/11\/Thunder-Mailer_homepage.png","type":"","width":"","height":""}],"twitter_card":"summary_large_image","twitter_misc":{"Tempo di lettura stimato":"1 minuto"},"schema":{"@context":"https:\/\/schema.org","@graph":[{"@type":"WebPage","@id":"https:\/\/www.accuratereviews.com\/it\/newsletter-migliori-software-lista\/thunder-mailer\/","url":"https:\/\/www.accuratereviews.com\/it\/newsletter-migliori-software-lista\/thunder-mailer\/","name":"Thunder Mailer recensione software per newsletter | Accurate Reviews","isPartOf":{"@id":"https:\/\/www.accuratereviews.com\/it\/#website"},"primaryImageOfPage":{"@id":"https:\/\/www.accuratereviews.com\/it\/newsletter-migliori-software-lista\/thunder-mailer\/#primaryimage"},"image":{"@id":"https:\/\/www.accuratereviews.com\/it\/newsletter-migliori-software-lista\/thunder-mailer\/#primaryimage"},"thumbnailUrl":"http:\/\/www.accuratereviews.com\/wp-content\/uploads\/2015\/11\/Thunder-Mailer_homepage.png","datePublished":"2015-11-03T15:28:02+00:00","dateModified":"2017-04-14T13:06:33+00:00","description":"Thunder Mailer \u00e8 un potente software per il bulk email marketing. Facile da installare e da utilizzare, vi aiuter\u00e0 a gestire le campagne di email marketing","breadcrumb":{"@id":"https:\/\/www.accuratereviews.com\/it\/newsletter-migliori-software-lista\/thunder-mailer\/#breadcrumb"},"inLanguage":"it-IT","potentialAction":[{"@type":"ReadAction","target":["https:\/\/www.accuratereviews.com\/it\/newsletter-migliori-software-lista\/thunder-mailer\/"]}]},{"@type":"ImageObject","inLanguage":"it-IT","@id":"https:\/\/www.accuratereviews.com\/it\/newsletter-migliori-software-lista\/thunder-mailer\/#primaryimage","url":"http:\/\/www.accuratereviews.com\/wp-content\/uploads\/2015\/11\/Thunder-Mailer_homepage.png","contentUrl":"http:\/\/www.accuratereviews.com\/wp-content\/uploads\/2015\/11\/Thunder-Mailer_homepage.png"},{"@type":"BreadcrumbList","@id":"https:\/\/www.accuratereviews.com\/it\/newsletter-migliori-software-lista\/thunder-mailer\/#breadcrumb","itemListElement":[{"@type":"ListItem","position":1,"name":"Home","item":"https:\/\/www.accuratereviews.com\/it\/"},{"@type":"ListItem","position":2,"name":"Newsletter: i migliori software","item":"https:\/\/www.accuratereviews.com\/it\/newsletter-migliori-software-lista\/"},{"@type":"ListItem","position":3,"name":"Thunder Mailer"}]},{"@type":"WebSite","@id":"https:\/\/www.accuratereviews.com\/it\/#website","url":"https:\/\/www.accuratereviews.com\/it\/","name":"Accurate Reviews","description":"","potentialAction":[{"@type":"SearchAction","target":{"@type":"EntryPoint","urlTemplate":"https:\/\/www.accuratereviews.com\/it\/?s={search_term_string}"},"query-input":{"@type":"PropertyValueSpecification","valueRequired":true,"valueName":"search_term_string"}}],"inLanguage":"it-IT"}]}},"_links":{"self":[{"href":"https:\/\/www.accuratereviews.com\/it\/wp-json\/wp\/v2\/pages\/5831","targetHints":{"allow":["GET"]}}],"collection":[{"href":"https:\/\/www.accuratereviews.com\/it\/wp-json\/wp\/v2\/pages"}],"about":[{"href":"https:\/\/www.accuratereviews.com\/it\/wp-json\/wp\/v2\/types\/page"}],"author":[{"embeddable":true,"href":"https:\/\/www.accuratereviews.com\/it\/wp-json\/wp\/v2\/users\/16"}],"replies":[{"embeddable":true,"href":"https:\/\/www.accuratereviews.com\/it\/wp-json\/wp\/v2\/comments?post=5831"}],"version-history":[{"count":6,"href":"https:\/\/www.accuratereviews.com\/it\/wp-json\/wp\/v2\/pages\/5831\/revisions"}],"predecessor-version":[{"id":6451,"href":"https:\/\/www.accuratereviews.com\/it\/wp-json\/wp\/v2\/pages\/5831\/revisions\/6451"}],"up":[{"embeddable":true,"href":"https:\/\/www.accuratereviews.com\/it\/wp-json\/wp\/v2\/pages\/5555"}],"wp:attachment":[{"href":"https:\/\/www.accuratereviews.com\/it\/wp-json\/wp\/v2\/media?parent=5831"}],"wp:term":[{"taxonomy":"category","embeddable":true,"href":"https:\/\/www.accuratereviews.com\/it\/wp-json\/wp\/v2\/categories?post=5831"},{"taxonomy":"post_tag","embeddable":true,"href":"https:\/\/www.accuratereviews.com\/it\/wp-json\/wp\/v2\/tags?post=5831"},{"taxonomy":"features","embeddable":true,"href":"https:\/\/www.accuratereviews.com\/it\/wp-json\/wp\/v2\/features?post=5831"}],"curies":[{"name":"wp","href":"https:\/\/api.w.org\/{rel}","templated":true}]}}