{"id":58345,"date":"2022-06-06T10:47:19","date_gmt":"2022-06-06T10:47:19","guid":{"rendered":"https:\/\/www.accuratereviews.com\/?page_id=58345"},"modified":"2022-06-08T06:40:31","modified_gmt":"2022-06-08T06:40:31","slug":"registered-email-recensione","status":"publish","type":"page","link":"https:\/\/www.accuratereviews.com\/it\/software-creare-firme-email\/registered-email-recensione\/","title":{"rendered":"Registered Email"},"content":{"rendered":"<p><strong>Registered Email<\/strong> \u00e8 una <strong>soluzione SaaS<\/strong> che consente l&#8217;invio legale di documenti importanti tramite email registrata. L&#8217;instradamento di questo messaggio viene effettuato tramite la piattaforma. Le email vengono archiviate sulla piattaforma in un ambiente crittografato. Una volta recuperata, il suo contenuto viene rimosso dal server e vengono conservati solo i metadati di comunicazione. Ci\u00f2 accade anche se l&#8217;email viene rifiutata o se il periodo di raccolta \u00e8 scaduto. Il servizio pu\u00f2 essere integrato in un client di posta o in un flusso di lavoro in modo che i documenti, come fatture, atti, contratti e politiche, vengano inviati automaticamente. L&#8217;email registrata \u00e8 un fornitore di servizi fiduciari qualificato dell&#8217;UE e pu\u00f2 anche offrire un&#8217;email registrata secondo la normativa eIDAS. Questo \u00e8 destinato ai documenti sensibili. Sia il mittente che il destinatario devono identificarsi se viene utilizzato questo metodo.<\/p>\n<h2><a href=\"https:\/\/www.accuratereviews.com\/wp-content\/uploads\/2022\/06\/Schermata-2022-06-06-alle-11.52.08.png\"><img loading=\"lazy\" decoding=\"async\" class=\"aligncenter wp-image-58359 size-large\" src=\"https:\/\/www.accuratereviews.com\/wp-content\/uploads\/2022\/06\/Schermata-2022-06-06-alle-11.52.08-1024x429.png\" alt=\"\" width=\"686\" height=\"287\" srcset=\"https:\/\/www.accuratereviews.com\/wp-content\/uploads\/2022\/06\/Schermata-2022-06-06-alle-11.52.08-1024x429.png 1024w, https:\/\/www.accuratereviews.com\/wp-content\/uploads\/2022\/06\/Schermata-2022-06-06-alle-11.52.08-300x126.png 300w, https:\/\/www.accuratereviews.com\/wp-content\/uploads\/2022\/06\/Schermata-2022-06-06-alle-11.52.08-768x322.png 768w, https:\/\/www.accuratereviews.com\/wp-content\/uploads\/2022\/06\/Schermata-2022-06-06-alle-11.52.08-1536x643.png 1536w, https:\/\/www.accuratereviews.com\/wp-content\/uploads\/2022\/06\/Schermata-2022-06-06-alle-11.52.08-2048x858.png 2048w, https:\/\/www.accuratereviews.com\/wp-content\/uploads\/2022\/06\/Schermata-2022-06-06-alle-11.52.08-260x109.png 260w, https:\/\/www.accuratereviews.com\/wp-content\/uploads\/2022\/06\/Schermata-2022-06-06-alle-11.52.08-50x21.png 50w, https:\/\/www.accuratereviews.com\/wp-content\/uploads\/2022\/06\/Schermata-2022-06-06-alle-11.52.08-968x405.png 968w, https:\/\/www.accuratereviews.com\/wp-content\/uploads\/2022\/06\/Schermata-2022-06-06-alle-11.52.08-636x266.png 636w, https:\/\/www.accuratereviews.com\/wp-content\/uploads\/2022\/06\/Schermata-2022-06-06-alle-11.52.08-320x134.png 320w, https:\/\/www.accuratereviews.com\/wp-content\/uploads\/2022\/06\/Schermata-2022-06-06-alle-11.52.08-239x100.png 239w\" sizes=\"auto, (max-width: 686px) 100vw, 686px\" \/><\/a><\/h2>\n<h2>REGISTERED EMAIL &#8211; CARATTERISTICHE<\/h2>\n<ul>\n<li><strong>Efficiente<\/strong>: invii documenti importanti con la semplice pressione di un pulsante. \u00c8 anche possibile integrare il servizio nei processi esistenti, come l&#8217;invio automatico di fatture, atti, polizze assicurative e molti altri documenti. Una spinta all&#8217;efficienza che ti fa risparmiare immediatamente sui costi<\/li>\n<li><strong>Lecito<\/strong>: l&#8217;email registrata offre una prova di consegna avanzata in conformit\u00e0 con il regolamento eIDAS 910\/2014 dell&#8217;UE. Attraverso una terza parte indipendente, \u00e8 possibile determinare chi sta comunicando con chi e a che ora. Questo \u00e8 importante, specialmente quando si tratta di conflitti. Registrando ricevuta e accettazione, puoi dimostrare di aver fatto ogni sforzo per inviare un documento a un destinatario<\/li>\n<li><strong>Sicuro<\/strong>: la sicurezza dei dati \u00e8 della massima importanza, soprattutto ora con l&#8217;attuazione delle linee guida GDPR. Inoltre, tutti i dati vengono archiviati nell&#8217;UE e ci sottoponiamo a pen test pi\u00f9 volte all&#8217;anno. L&#8217;invio di un documento importante tramite email significa che la corrispondenza pu\u00f2 essere ricevuta e accettata solo dal destinatario previsto e nessun altro<\/li>\n<li><strong>Implementazione<\/strong>: con un impatto minimo sull&#8217;ambiente IT attuale, il software pu\u00f2 essere facilmente integrato. Che si tratti di un&#8217;integrazione nel client di posta o di un flusso di lavoro, sia l&#8217;invio che il monitoraggio del feedback sono completamente in linea con il tuo processo.<\/li>\n<\/ul>\n<p>&nbsp;<\/p>\n","protected":false},"excerpt":{"rendered":"<p>Registered Email \u00e8 una soluzione SaaS che consente l&#8217;invio legale di documenti importanti tramite email registrata. L&#8217;instradamento di questo messaggio viene effettuato tramite la piattaforma. Le email vengono archiviate sulla piattaforma in un ambiente crittografato. Una volta recuperata, il suo contenuto viene rimosso dal server e vengono conservati solo i metadati di comunicazione.<\/p>\n","protected":false},"author":16,"featured_media":58353,"parent":57751,"menu_order":0,"comment_status":"open","ping_status":"closed","template":"g1_template_page_review_new.php","meta":{"_acf_changed":false,"cwp_meta_box_check":"No","cwp_rev_product_name":"","cwp_rev_product_image":"","wppr_links":[],"cwp_rev_price":"","wppr_options":[],"wppr_pros":[],"wppr_cons":[],"_monsterinsights_skip_tracking":false,"_monsterinsights_sitenote_active":false,"_monsterinsights_sitenote_note":"","_monsterinsights_sitenote_category":0,"footnotes":""},"categories":[12645],"tags":[12736,12649,12651,12737,12648,12650],"features":[],"class_list":{"0":"post-58345","1":"page","2":"type-page","3":"status-publish","4":"has-post-thumbnail","6":"category-software-firme-email-cat","7":"tag-creare-firme-email","8":"tag-piattaforma-per-creare-firme-per-email","9":"tag-programma-per-creare-firme-per-email","10":"tag-registered-email","11":"tag-software-per-creare-firme-per-email","12":"tag-soluzione-per-creare-firme-per-email"},"wppr_data":{"cwp_meta_box_check":"No"},"acf":[],"yoast_head":"<!-- This site is optimized with the Yoast SEO plugin v27.4 - https:\/\/yoast.com\/product\/yoast-seo-wordpress\/ -->\n<title>Registered Email: recensione software creazione firme email<\/title>\n<meta name=\"description\" content=\"Registered Email: recensione soluzione SaaS che consente l&#039;invio legale di documenti importanti tramite email registrata.\" \/>\n<meta name=\"robots\" content=\"index, follow, max-snippet:-1, max-image-preview:large, max-video-preview:-1\" \/>\n<link rel=\"canonical\" href=\"https:\/\/www.accuratereviews.com\/it\/software-creare-firme-email\/registered-email-recensione\/\" \/>\n<meta property=\"og:locale\" content=\"it_IT\" \/>\n<meta property=\"og:type\" content=\"article\" \/>\n<meta property=\"og:title\" content=\"Registered Email: recensione software creazione firme email\" \/>\n<meta property=\"og:description\" content=\"Registered Email: recensione soluzione SaaS che consente l&#039;invio legale di documenti importanti tramite email registrata.\" \/>\n<meta property=\"og:url\" content=\"https:\/\/www.accuratereviews.com\/it\/software-creare-firme-email\/registered-email-recensione\/\" \/>\n<meta property=\"og:site_name\" content=\"Accurate Reviews\" \/>\n<meta property=\"article:modified_time\" content=\"2022-06-08T06:40:31+00:00\" \/>\n<meta property=\"og:image\" content=\"https:\/\/www.accuratereviews.com\/wp-content\/uploads\/2022\/06\/Schermata-2022-06-06-alle-11.29.24.png\" \/>\n\t<meta property=\"og:image:width\" content=\"688\" \/>\n\t<meta property=\"og:image:height\" content=\"312\" \/>\n\t<meta property=\"og:image:type\" content=\"image\/png\" \/>\n<meta name=\"twitter:card\" content=\"summary_large_image\" \/>\n<meta name=\"twitter:label1\" content=\"Tempo di lettura stimato\" \/>\n\t<meta name=\"twitter:data1\" content=\"3 minuti\" \/>\n<script type=\"application\/ld+json\" class=\"yoast-schema-graph\">{\"@context\":\"https:\\\/\\\/schema.org\",\"@graph\":[{\"@type\":\"WebPage\",\"@id\":\"https:\\\/\\\/www.accuratereviews.com\\\/it\\\/software-creare-firme-email\\\/registered-email-recensione\\\/\",\"url\":\"https:\\\/\\\/www.accuratereviews.com\\\/it\\\/software-creare-firme-email\\\/registered-email-recensione\\\/\",\"name\":\"Registered Email: recensione software creazione firme email\",\"isPartOf\":{\"@id\":\"https:\\\/\\\/www.accuratereviews.com\\\/it\\\/#website\"},\"primaryImageOfPage\":{\"@id\":\"https:\\\/\\\/www.accuratereviews.com\\\/it\\\/software-creare-firme-email\\\/registered-email-recensione\\\/#primaryimage\"},\"image\":{\"@id\":\"https:\\\/\\\/www.accuratereviews.com\\\/it\\\/software-creare-firme-email\\\/registered-email-recensione\\\/#primaryimage\"},\"thumbnailUrl\":\"https:\\\/\\\/www.accuratereviews.com\\\/wp-content\\\/uploads\\\/2022\\\/06\\\/Schermata-2022-06-06-alle-11.29.24.png\",\"datePublished\":\"2022-06-06T10:47:19+00:00\",\"dateModified\":\"2022-06-08T06:40:31+00:00\",\"description\":\"Registered Email: recensione soluzione SaaS che consente l'invio legale di documenti importanti tramite email registrata.\",\"breadcrumb\":{\"@id\":\"https:\\\/\\\/www.accuratereviews.com\\\/it\\\/software-creare-firme-email\\\/registered-email-recensione\\\/#breadcrumb\"},\"inLanguage\":\"it-IT\",\"potentialAction\":[{\"@type\":\"ReadAction\",\"target\":[\"https:\\\/\\\/www.accuratereviews.com\\\/it\\\/software-creare-firme-email\\\/registered-email-recensione\\\/\"]}]},{\"@type\":\"ImageObject\",\"inLanguage\":\"it-IT\",\"@id\":\"https:\\\/\\\/www.accuratereviews.com\\\/it\\\/software-creare-firme-email\\\/registered-email-recensione\\\/#primaryimage\",\"url\":\"https:\\\/\\\/www.accuratereviews.com\\\/wp-content\\\/uploads\\\/2022\\\/06\\\/Schermata-2022-06-06-alle-11.29.24.png\",\"contentUrl\":\"https:\\\/\\\/www.accuratereviews.com\\\/wp-content\\\/uploads\\\/2022\\\/06\\\/Schermata-2022-06-06-alle-11.29.24.png\",\"width\":688,\"height\":312},{\"@type\":\"BreadcrumbList\",\"@id\":\"https:\\\/\\\/www.accuratereviews.com\\\/it\\\/software-creare-firme-email\\\/registered-email-recensione\\\/#breadcrumb\",\"itemListElement\":[{\"@type\":\"ListItem\",\"position\":1,\"name\":\"Home\",\"item\":\"https:\\\/\\\/www.accuratereviews.com\\\/it\\\/\"},{\"@type\":\"ListItem\",\"position\":2,\"name\":\"Software per creare firme per email\",\"item\":\"https:\\\/\\\/www.accuratereviews.com\\\/it\\\/software-creare-firme-email\\\/\"},{\"@type\":\"ListItem\",\"position\":3,\"name\":\"Registered Email\"}]},{\"@type\":\"WebSite\",\"@id\":\"https:\\\/\\\/www.accuratereviews.com\\\/it\\\/#website\",\"url\":\"https:\\\/\\\/www.accuratereviews.com\\\/it\\\/\",\"name\":\"Accurate Reviews\",\"description\":\"\",\"potentialAction\":[{\"@type\":\"SearchAction\",\"target\":{\"@type\":\"EntryPoint\",\"urlTemplate\":\"https:\\\/\\\/www.accuratereviews.com\\\/it\\\/?s={search_term_string}\"},\"query-input\":{\"@type\":\"PropertyValueSpecification\",\"valueRequired\":true,\"valueName\":\"search_term_string\"}}],\"inLanguage\":\"it-IT\"}]}<\/script>\n<!-- \/ Yoast SEO plugin. -->","yoast_head_json":{"title":"Registered Email: recensione software creazione firme email","description":"Registered Email: recensione soluzione SaaS che consente l'invio legale di documenti importanti tramite email registrata.","robots":{"index":"index","follow":"follow","max-snippet":"max-snippet:-1","max-image-preview":"max-image-preview:large","max-video-preview":"max-video-preview:-1"},"canonical":"https:\/\/www.accuratereviews.com\/it\/software-creare-firme-email\/registered-email-recensione\/","og_locale":"it_IT","og_type":"article","og_title":"Registered Email: recensione software creazione firme email","og_description":"Registered Email: recensione soluzione SaaS che consente l'invio legale di documenti importanti tramite email registrata.","og_url":"https:\/\/www.accuratereviews.com\/it\/software-creare-firme-email\/registered-email-recensione\/","og_site_name":"Accurate Reviews","article_modified_time":"2022-06-08T06:40:31+00:00","og_image":[{"width":688,"height":312,"url":"https:\/\/www.accuratereviews.com\/wp-content\/uploads\/2022\/06\/Schermata-2022-06-06-alle-11.29.24.png","type":"image\/png"}],"twitter_card":"summary_large_image","twitter_misc":{"Tempo di lettura stimato":"3 minuti"},"schema":{"@context":"https:\/\/schema.org","@graph":[{"@type":"WebPage","@id":"https:\/\/www.accuratereviews.com\/it\/software-creare-firme-email\/registered-email-recensione\/","url":"https:\/\/www.accuratereviews.com\/it\/software-creare-firme-email\/registered-email-recensione\/","name":"Registered Email: recensione software creazione firme email","isPartOf":{"@id":"https:\/\/www.accuratereviews.com\/it\/#website"},"primaryImageOfPage":{"@id":"https:\/\/www.accuratereviews.com\/it\/software-creare-firme-email\/registered-email-recensione\/#primaryimage"},"image":{"@id":"https:\/\/www.accuratereviews.com\/it\/software-creare-firme-email\/registered-email-recensione\/#primaryimage"},"thumbnailUrl":"https:\/\/www.accuratereviews.com\/wp-content\/uploads\/2022\/06\/Schermata-2022-06-06-alle-11.29.24.png","datePublished":"2022-06-06T10:47:19+00:00","dateModified":"2022-06-08T06:40:31+00:00","description":"Registered Email: recensione soluzione SaaS che consente l'invio legale di documenti importanti tramite email registrata.","breadcrumb":{"@id":"https:\/\/www.accuratereviews.com\/it\/software-creare-firme-email\/registered-email-recensione\/#breadcrumb"},"inLanguage":"it-IT","potentialAction":[{"@type":"ReadAction","target":["https:\/\/www.accuratereviews.com\/it\/software-creare-firme-email\/registered-email-recensione\/"]}]},{"@type":"ImageObject","inLanguage":"it-IT","@id":"https:\/\/www.accuratereviews.com\/it\/software-creare-firme-email\/registered-email-recensione\/#primaryimage","url":"https:\/\/www.accuratereviews.com\/wp-content\/uploads\/2022\/06\/Schermata-2022-06-06-alle-11.29.24.png","contentUrl":"https:\/\/www.accuratereviews.com\/wp-content\/uploads\/2022\/06\/Schermata-2022-06-06-alle-11.29.24.png","width":688,"height":312},{"@type":"BreadcrumbList","@id":"https:\/\/www.accuratereviews.com\/it\/software-creare-firme-email\/registered-email-recensione\/#breadcrumb","itemListElement":[{"@type":"ListItem","position":1,"name":"Home","item":"https:\/\/www.accuratereviews.com\/it\/"},{"@type":"ListItem","position":2,"name":"Software per creare firme per email","item":"https:\/\/www.accuratereviews.com\/it\/software-creare-firme-email\/"},{"@type":"ListItem","position":3,"name":"Registered Email"}]},{"@type":"WebSite","@id":"https:\/\/www.accuratereviews.com\/it\/#website","url":"https:\/\/www.accuratereviews.com\/it\/","name":"Accurate Reviews","description":"","potentialAction":[{"@type":"SearchAction","target":{"@type":"EntryPoint","urlTemplate":"https:\/\/www.accuratereviews.com\/it\/?s={search_term_string}"},"query-input":{"@type":"PropertyValueSpecification","valueRequired":true,"valueName":"search_term_string"}}],"inLanguage":"it-IT"}]}},"_links":{"self":[{"href":"https:\/\/www.accuratereviews.com\/it\/wp-json\/wp\/v2\/pages\/58345","targetHints":{"allow":["GET"]}}],"collection":[{"href":"https:\/\/www.accuratereviews.com\/it\/wp-json\/wp\/v2\/pages"}],"about":[{"href":"https:\/\/www.accuratereviews.com\/it\/wp-json\/wp\/v2\/types\/page"}],"author":[{"embeddable":true,"href":"https:\/\/www.accuratereviews.com\/it\/wp-json\/wp\/v2\/users\/16"}],"replies":[{"embeddable":true,"href":"https:\/\/www.accuratereviews.com\/it\/wp-json\/wp\/v2\/comments?post=58345"}],"version-history":[{"count":7,"href":"https:\/\/www.accuratereviews.com\/it\/wp-json\/wp\/v2\/pages\/58345\/revisions"}],"predecessor-version":[{"id":58439,"href":"https:\/\/www.accuratereviews.com\/it\/wp-json\/wp\/v2\/pages\/58345\/revisions\/58439"}],"up":[{"embeddable":true,"href":"https:\/\/www.accuratereviews.com\/it\/wp-json\/wp\/v2\/pages\/57751"}],"wp:featuredmedia":[{"embeddable":true,"href":"https:\/\/www.accuratereviews.com\/it\/wp-json\/wp\/v2\/media\/58353"}],"wp:attachment":[{"href":"https:\/\/www.accuratereviews.com\/it\/wp-json\/wp\/v2\/media?parent=58345"}],"wp:term":[{"taxonomy":"category","embeddable":true,"href":"https:\/\/www.accuratereviews.com\/it\/wp-json\/wp\/v2\/categories?post=58345"},{"taxonomy":"post_tag","embeddable":true,"href":"https:\/\/www.accuratereviews.com\/it\/wp-json\/wp\/v2\/tags?post=58345"},{"taxonomy":"features","embeddable":true,"href":"https:\/\/www.accuratereviews.com\/it\/wp-json\/wp\/v2\/features?post=58345"}],"curies":[{"name":"wp","href":"https:\/\/api.w.org\/{rel}","templated":true}]}}