{"id":58395,"date":"2022-06-07T11:31:08","date_gmt":"2022-06-07T11:31:08","guid":{"rendered":"https:\/\/www.accuratereviews.com\/?page_id=58395"},"modified":"2022-06-07T11:31:08","modified_gmt":"2022-06-07T11:31:08","slug":"mailtastic-recensione","status":"publish","type":"page","link":"https:\/\/www.accuratereviews.com\/it\/software-creare-firme-email\/mailtastic-recensione\/","title":{"rendered":"Mailtastic"},"content":{"rendered":"<p><strong>Mailtastic<\/strong> \u00e8 un&#8217;applicazione progettata per l&#8217;uso in aziende e dipartimenti di marketing. Lo strumento pu\u00f2 <strong>gestire la firma delle email<\/strong> dei dipendenti sbloccando il potenziale di tali firme. I dipendenti compongono ogni giorno un gran numero di email a vari destinatari. Le loro firme, quindi, raggiungono numerose persone e offrono un&#8217;ulteriore opportunit\u00e0 per supportare le campagne di marketing.\u00a0La soluzione \u00e8 in grado di gestire e organizzare tutte le firme aziendali, oltre a semplificare le modifiche e la personalizzazione. Tali firme possono essere utilizzate per informare i destinatari su nuove offerte o eventi aziendali. Inoltre, <strong>Mailtastic<\/strong> pu\u00f2 garantire che tutte le firme email siano conformi al design aziendale di un&#8217;azienda, creando cos\u00ec un&#8217;impressione uniforme per i destinatari. L&#8217;app supporta le aziende nel mantenere le firme conformi al GDPR.<\/p>\n<h2>MAILTASTIC &#8211; TUTORIAL<\/h2>\n<p>Trasforma la comunicazione email nel tuo miglior canale di marketing:<\/p>\n<div id=\"fluid-wrapper-counter-1\" class=\"g1-fluid-wrapper \" style=\"width:686px;\">\n<div style=\"padding-bottom:56.268221574344%;\"><iframe loading=\"lazy\" title=\"Mailtastic - Turn your personal email communication into your best marketing channel\" width=\"686\" height=\"386\" src=\"https:\/\/www.youtube.com\/embed\/peNCTYO_tb0?feature=oembed&amp;wmode=transparent&amp;autohide=1&amp;autoplay=0&amp;disablekb=0&amp;fs=1&amp;loop=0&amp;enablejsapi=1&amp;rel=0&amp;controls=2&amp;showinfo=0&amp;wmode=transparent&amp;autohide=2&amp;autoplay=0&amp;disablekb=0&amp;fs=1&amp;loop=0&amp;enablejsapi=1&amp;rel=0&amp;controls=2&amp;showinfo=1\" frameborder=\"0\" allow=\"accelerometer; autoplay; clipboard-write; encrypted-media; gyroscope; picture-in-picture\" allowfullscreen><\/iframe><\/div>\n<\/div>\n<h3>MAILTASTIC &#8211; CARATTERISTICHE<\/h3>\n<ul>\n<li><strong>Personalizzazione su larga scala<\/strong>: i tuoi potenziali clienti si aspettano esperienze su misura. Usa l&#8217;automazione della firma email per offrire messaggi accattivanti e contenuti su misura. Quindi guarda il coinvolgimento salire alle stelle. Abbina le campagne di firma email con il pubblico di destinazione, gli interessi, la fase dell&#8217;opportunit\u00e0, il settore e molto altro. Inizia a promuovere i tuoi messaggi importanti in modo autentico e personalizzato<\/li>\n<li><strong>Basato sul targeting avanzato<\/strong>: trasforma i tuoi segmenti di clienti, elenchi di lead e gruppi di utenti in gruppi target. Ottieni pi\u00f9 visualizzazione sui contenuti, pi\u00f9 iscrizioni ai webinar e pi\u00f9 interesse per gli aggiornamenti sui prodotti<\/li>\n<li><strong>Prendi il pieno controllo del tuo canale di marketing:<\/strong> gestisci le firme email della tua azienda, le campagne di firma e i dati dei dipendenti all&#8217;interno di un&#8217;unica piattaforma integrata e facile da usare. Quindi aggiorna, pianifica e ruota senza problemi i banner delle firme in tutta la tua azienda<\/li>\n<li><strong>Crea un marketing misurabile e basato sui dati:<\/strong> misura ogni parte delle tue campagne di firma, valuta i KPI pertinenti e ottimizza le campagne al volo. Ottieni dati precisi sul rendimento e tieni sotto controllo l&#8217;interazione del pubblico con ogni campagna<\/li>\n<li><strong>Trasforma ogni messaggio che invii in uno strumento di generazione del traffico:<\/strong> usa la suite di signature marketing per attirare l&#8217;attenzione dei tuoi gruppi target su nuove offerte, eventi e altri contenuti con banner signature.\u00a0Usa la dashboard di marketing per personalizzare le campagne per gruppo di pubblico e offrire contenuti pertinenti che colpiscono ogni volta.<\/li>\n<\/ul>\n","protected":false},"excerpt":{"rendered":"<p>Mailtastic \u00e8 un&#8217;applicazione progettata per l&#8217;uso in aziende e dipartimenti di marketing. Lo strumento pu\u00f2 gestire la firma delle email dei dipendenti sbloccando il potenziale di tali firme. I dipendenti compongono ogni giorno un gran numero di email a vari destinatari. Le loro firme, quindi, raggiungono numerose persone e offrono un&#8217;ulteriore opportunit\u00e0 per supportare le campagne di marketing.\u00a0<\/p>\n","protected":false},"author":16,"featured_media":58399,"parent":57751,"menu_order":0,"comment_status":"open","ping_status":"closed","template":"g1_template_page_review_new.php","meta":{"_acf_changed":false,"cwp_meta_box_check":"No","cwp_rev_product_name":"","cwp_rev_product_image":"","wppr_links":[],"cwp_rev_price":"","wppr_options":[],"wppr_pros":[],"wppr_cons":[],"_monsterinsights_skip_tracking":false,"_monsterinsights_sitenote_active":false,"_monsterinsights_sitenote_note":"","_monsterinsights_sitenote_category":0,"footnotes":""},"categories":[12645],"tags":[12736,12740,12744,12743,12741,12742],"features":[],"class_list":{"0":"post-58395","1":"page","2":"type-page","3":"status-publish","4":"has-post-thumbnail","6":"category-software-firme-email-cat","7":"tag-creare-firme-email","8":"tag-mailtastic","9":"tag-piattaforma-per-creare-firme-email","10":"tag-programma-per-creare-firme-email","11":"tag-software-per-creare-firme-email","12":"tag-soluzione-per-creare-firme-email"},"wppr_data":{"cwp_meta_box_check":"No"},"acf":[],"yoast_head":"<!-- This site is optimized with the Yoast SEO plugin v27.4 - https:\/\/yoast.com\/product\/yoast-seo-wordpress\/ -->\n<title>Mailtastic: recensione software creazione firme email - Accurate Reviews<\/title>\n<meta name=\"description\" content=\"Mailtastic: recensione applicazione progettata per l&#039;uso in aziende e dipartimenti di marketing per la gestione delle firme email.\" \/>\n<meta name=\"robots\" content=\"index, follow, max-snippet:-1, max-image-preview:large, max-video-preview:-1\" \/>\n<link rel=\"canonical\" href=\"https:\/\/www.accuratereviews.com\/it\/software-creare-firme-email\/mailtastic-recensione\/\" \/>\n<meta property=\"og:locale\" content=\"it_IT\" \/>\n<meta property=\"og:type\" content=\"article\" \/>\n<meta property=\"og:title\" content=\"Mailtastic: recensione software creazione firme email - Accurate Reviews\" \/>\n<meta property=\"og:description\" content=\"Mailtastic: recensione applicazione progettata per l&#039;uso in aziende e dipartimenti di marketing per la gestione delle firme email.\" \/>\n<meta property=\"og:url\" content=\"https:\/\/www.accuratereviews.com\/it\/software-creare-firme-email\/mailtastic-recensione\/\" \/>\n<meta property=\"og:site_name\" content=\"Accurate Reviews\" \/>\n<meta property=\"og:image\" content=\"https:\/\/www.accuratereviews.com\/wp-content\/uploads\/2022\/06\/Mailtastic.png\" \/>\n\t<meta property=\"og:image:width\" content=\"400\" \/>\n\t<meta property=\"og:image:height\" content=\"400\" \/>\n\t<meta property=\"og:image:type\" content=\"image\/png\" \/>\n<meta name=\"twitter:card\" content=\"summary_large_image\" \/>\n<meta name=\"twitter:label1\" content=\"Tempo di lettura stimato\" \/>\n\t<meta name=\"twitter:data1\" content=\"3 minuti\" \/>\n<script type=\"application\/ld+json\" class=\"yoast-schema-graph\">{\"@context\":\"https:\\\/\\\/schema.org\",\"@graph\":[{\"@type\":\"WebPage\",\"@id\":\"https:\\\/\\\/www.accuratereviews.com\\\/it\\\/software-creare-firme-email\\\/mailtastic-recensione\\\/\",\"url\":\"https:\\\/\\\/www.accuratereviews.com\\\/it\\\/software-creare-firme-email\\\/mailtastic-recensione\\\/\",\"name\":\"Mailtastic: recensione software creazione firme email - Accurate Reviews\",\"isPartOf\":{\"@id\":\"https:\\\/\\\/www.accuratereviews.com\\\/it\\\/#website\"},\"primaryImageOfPage\":{\"@id\":\"https:\\\/\\\/www.accuratereviews.com\\\/it\\\/software-creare-firme-email\\\/mailtastic-recensione\\\/#primaryimage\"},\"image\":{\"@id\":\"https:\\\/\\\/www.accuratereviews.com\\\/it\\\/software-creare-firme-email\\\/mailtastic-recensione\\\/#primaryimage\"},\"thumbnailUrl\":\"https:\\\/\\\/www.accuratereviews.com\\\/wp-content\\\/uploads\\\/2022\\\/06\\\/Mailtastic.png\",\"datePublished\":\"2022-06-07T11:31:08+00:00\",\"description\":\"Mailtastic: recensione applicazione progettata per l'uso in aziende e dipartimenti di marketing per la gestione delle firme email.\",\"breadcrumb\":{\"@id\":\"https:\\\/\\\/www.accuratereviews.com\\\/it\\\/software-creare-firme-email\\\/mailtastic-recensione\\\/#breadcrumb\"},\"inLanguage\":\"it-IT\",\"potentialAction\":[{\"@type\":\"ReadAction\",\"target\":[\"https:\\\/\\\/www.accuratereviews.com\\\/it\\\/software-creare-firme-email\\\/mailtastic-recensione\\\/\"]}]},{\"@type\":\"ImageObject\",\"inLanguage\":\"it-IT\",\"@id\":\"https:\\\/\\\/www.accuratereviews.com\\\/it\\\/software-creare-firme-email\\\/mailtastic-recensione\\\/#primaryimage\",\"url\":\"https:\\\/\\\/www.accuratereviews.com\\\/wp-content\\\/uploads\\\/2022\\\/06\\\/Mailtastic.png\",\"contentUrl\":\"https:\\\/\\\/www.accuratereviews.com\\\/wp-content\\\/uploads\\\/2022\\\/06\\\/Mailtastic.png\",\"width\":400,\"height\":400},{\"@type\":\"BreadcrumbList\",\"@id\":\"https:\\\/\\\/www.accuratereviews.com\\\/it\\\/software-creare-firme-email\\\/mailtastic-recensione\\\/#breadcrumb\",\"itemListElement\":[{\"@type\":\"ListItem\",\"position\":1,\"name\":\"Home\",\"item\":\"https:\\\/\\\/www.accuratereviews.com\\\/it\\\/\"},{\"@type\":\"ListItem\",\"position\":2,\"name\":\"Software per creare firme per email\",\"item\":\"https:\\\/\\\/www.accuratereviews.com\\\/it\\\/software-creare-firme-email\\\/\"},{\"@type\":\"ListItem\",\"position\":3,\"name\":\"Mailtastic\"}]},{\"@type\":\"WebSite\",\"@id\":\"https:\\\/\\\/www.accuratereviews.com\\\/it\\\/#website\",\"url\":\"https:\\\/\\\/www.accuratereviews.com\\\/it\\\/\",\"name\":\"Accurate Reviews\",\"description\":\"\",\"potentialAction\":[{\"@type\":\"SearchAction\",\"target\":{\"@type\":\"EntryPoint\",\"urlTemplate\":\"https:\\\/\\\/www.accuratereviews.com\\\/it\\\/?s={search_term_string}\"},\"query-input\":{\"@type\":\"PropertyValueSpecification\",\"valueRequired\":true,\"valueName\":\"search_term_string\"}}],\"inLanguage\":\"it-IT\"}]}<\/script>\n<!-- \/ Yoast SEO plugin. -->","yoast_head_json":{"title":"Mailtastic: recensione software creazione firme email - Accurate Reviews","description":"Mailtastic: recensione applicazione progettata per l'uso in aziende e dipartimenti di marketing per la gestione delle firme email.","robots":{"index":"index","follow":"follow","max-snippet":"max-snippet:-1","max-image-preview":"max-image-preview:large","max-video-preview":"max-video-preview:-1"},"canonical":"https:\/\/www.accuratereviews.com\/it\/software-creare-firme-email\/mailtastic-recensione\/","og_locale":"it_IT","og_type":"article","og_title":"Mailtastic: recensione software creazione firme email - Accurate Reviews","og_description":"Mailtastic: recensione applicazione progettata per l'uso in aziende e dipartimenti di marketing per la gestione delle firme email.","og_url":"https:\/\/www.accuratereviews.com\/it\/software-creare-firme-email\/mailtastic-recensione\/","og_site_name":"Accurate Reviews","og_image":[{"width":400,"height":400,"url":"https:\/\/www.accuratereviews.com\/wp-content\/uploads\/2022\/06\/Mailtastic.png","type":"image\/png"}],"twitter_card":"summary_large_image","twitter_misc":{"Tempo di lettura stimato":"3 minuti"},"schema":{"@context":"https:\/\/schema.org","@graph":[{"@type":"WebPage","@id":"https:\/\/www.accuratereviews.com\/it\/software-creare-firme-email\/mailtastic-recensione\/","url":"https:\/\/www.accuratereviews.com\/it\/software-creare-firme-email\/mailtastic-recensione\/","name":"Mailtastic: recensione software creazione firme email - Accurate Reviews","isPartOf":{"@id":"https:\/\/www.accuratereviews.com\/it\/#website"},"primaryImageOfPage":{"@id":"https:\/\/www.accuratereviews.com\/it\/software-creare-firme-email\/mailtastic-recensione\/#primaryimage"},"image":{"@id":"https:\/\/www.accuratereviews.com\/it\/software-creare-firme-email\/mailtastic-recensione\/#primaryimage"},"thumbnailUrl":"https:\/\/www.accuratereviews.com\/wp-content\/uploads\/2022\/06\/Mailtastic.png","datePublished":"2022-06-07T11:31:08+00:00","description":"Mailtastic: recensione applicazione progettata per l'uso in aziende e dipartimenti di marketing per la gestione delle firme email.","breadcrumb":{"@id":"https:\/\/www.accuratereviews.com\/it\/software-creare-firme-email\/mailtastic-recensione\/#breadcrumb"},"inLanguage":"it-IT","potentialAction":[{"@type":"ReadAction","target":["https:\/\/www.accuratereviews.com\/it\/software-creare-firme-email\/mailtastic-recensione\/"]}]},{"@type":"ImageObject","inLanguage":"it-IT","@id":"https:\/\/www.accuratereviews.com\/it\/software-creare-firme-email\/mailtastic-recensione\/#primaryimage","url":"https:\/\/www.accuratereviews.com\/wp-content\/uploads\/2022\/06\/Mailtastic.png","contentUrl":"https:\/\/www.accuratereviews.com\/wp-content\/uploads\/2022\/06\/Mailtastic.png","width":400,"height":400},{"@type":"BreadcrumbList","@id":"https:\/\/www.accuratereviews.com\/it\/software-creare-firme-email\/mailtastic-recensione\/#breadcrumb","itemListElement":[{"@type":"ListItem","position":1,"name":"Home","item":"https:\/\/www.accuratereviews.com\/it\/"},{"@type":"ListItem","position":2,"name":"Software per creare firme per email","item":"https:\/\/www.accuratereviews.com\/it\/software-creare-firme-email\/"},{"@type":"ListItem","position":3,"name":"Mailtastic"}]},{"@type":"WebSite","@id":"https:\/\/www.accuratereviews.com\/it\/#website","url":"https:\/\/www.accuratereviews.com\/it\/","name":"Accurate Reviews","description":"","potentialAction":[{"@type":"SearchAction","target":{"@type":"EntryPoint","urlTemplate":"https:\/\/www.accuratereviews.com\/it\/?s={search_term_string}"},"query-input":{"@type":"PropertyValueSpecification","valueRequired":true,"valueName":"search_term_string"}}],"inLanguage":"it-IT"}]}},"_links":{"self":[{"href":"https:\/\/www.accuratereviews.com\/it\/wp-json\/wp\/v2\/pages\/58395","targetHints":{"allow":["GET"]}}],"collection":[{"href":"https:\/\/www.accuratereviews.com\/it\/wp-json\/wp\/v2\/pages"}],"about":[{"href":"https:\/\/www.accuratereviews.com\/it\/wp-json\/wp\/v2\/types\/page"}],"author":[{"embeddable":true,"href":"https:\/\/www.accuratereviews.com\/it\/wp-json\/wp\/v2\/users\/16"}],"replies":[{"embeddable":true,"href":"https:\/\/www.accuratereviews.com\/it\/wp-json\/wp\/v2\/comments?post=58395"}],"version-history":[{"count":9,"href":"https:\/\/www.accuratereviews.com\/it\/wp-json\/wp\/v2\/pages\/58395\/revisions"}],"predecessor-version":[{"id":58430,"href":"https:\/\/www.accuratereviews.com\/it\/wp-json\/wp\/v2\/pages\/58395\/revisions\/58430"}],"up":[{"embeddable":true,"href":"https:\/\/www.accuratereviews.com\/it\/wp-json\/wp\/v2\/pages\/57751"}],"wp:featuredmedia":[{"embeddable":true,"href":"https:\/\/www.accuratereviews.com\/it\/wp-json\/wp\/v2\/media\/58399"}],"wp:attachment":[{"href":"https:\/\/www.accuratereviews.com\/it\/wp-json\/wp\/v2\/media?parent=58395"}],"wp:term":[{"taxonomy":"category","embeddable":true,"href":"https:\/\/www.accuratereviews.com\/it\/wp-json\/wp\/v2\/categories?post=58395"},{"taxonomy":"post_tag","embeddable":true,"href":"https:\/\/www.accuratereviews.com\/it\/wp-json\/wp\/v2\/tags?post=58395"},{"taxonomy":"features","embeddable":true,"href":"https:\/\/www.accuratereviews.com\/it\/wp-json\/wp\/v2\/features?post=58395"}],"curies":[{"name":"wp","href":"https:\/\/api.w.org\/{rel}","templated":true}]}}