{"id":58404,"date":"2022-06-07T11:29:57","date_gmt":"2022-06-07T11:29:57","guid":{"rendered":"https:\/\/www.accuratereviews.com\/?page_id=58404"},"modified":"2022-06-07T11:29:57","modified_gmt":"2022-06-07T11:29:57","slug":"mysignature-recensione","status":"publish","type":"page","link":"https:\/\/www.accuratereviews.com\/it\/software-creare-firme-email\/mysignature-recensione\/","title":{"rendered":"MySignature"},"content":{"rendered":"<p><strong>MySignature<\/strong> \u00e8 un <strong>software per creare firme per email<\/strong> progettato per aziende, imprenditori, liberi professionisti e influencer che vogliono\u00a0curare al meglio la propria immagine. Si tratta di un generatore di <strong>firme email online<\/strong> dal design professionale che vi permette di scegliere la formattazione, l&#8217;organizzazione degli elementi e il colore.<br \/>\n<strong>MySignature<\/strong> ha l&#8217;obiettivo di creare una firma email unica in pochi clic per i\u00a0client Gmail, Outlook, Apple Mail, Thunderbird e Office 365.<\/p>\n<h2>MYSIGNATURE &#8211; TUTORIAL<\/h2>\n<div id=\"fluid-wrapper-counter-1\" class=\"g1-fluid-wrapper \" style=\"width:686px;\">\n<div style=\"padding-bottom:56.268221574344%;\"><iframe loading=\"lazy\" title=\"MySignature AgencyHub. Wind up your customers&#039; brands with professional email signatures.\" width=\"686\" height=\"386\" src=\"https:\/\/www.youtube.com\/embed\/u20pZdGKLAI?feature=oembed&amp;wmode=transparent&amp;autohide=1&amp;autoplay=0&amp;disablekb=0&amp;fs=1&amp;loop=0&amp;enablejsapi=1&amp;rel=0&amp;controls=2&amp;showinfo=0&amp;wmode=transparent&amp;autohide=2&amp;autoplay=0&amp;disablekb=0&amp;fs=1&amp;loop=0&amp;enablejsapi=1&amp;rel=0&amp;controls=2&amp;showinfo=1\" frameborder=\"0\" allow=\"accelerometer; autoplay; clipboard-write; encrypted-media; gyroscope; picture-in-picture\" allowfullscreen><\/iframe><\/div>\n<\/div>\n<h3>MYSIGNATURE &#8211; CARATTERISTICHE<\/h3>\n<ul>\n<li><strong>Crea una firma email in pochi minuti con questo intuitivo editor<\/strong>: \u00e8 sufficiente fornire le informazioni di base che si desidera includere nella firma email, come nome, azienda, posizione, numero di telefono, Skype, ecc&#8230; Imposta la dimensione, il colore e la famiglia dei caratteri e seleziona il colore di sfondo. Aggiungi alcuni campi personalizzati, se necessario<\/li>\n<li><strong>Aggiungi un logo o un banner per far s\u00ec che i clienti si fidino del tuo marchio<\/strong>: carica un logo o un banner che rappresenti la tua azienda in una firma email. Modifica l&#8217;immagine caricata, ritagliandola fino alle dimensioni desiderate, cambiandone la forma o la larghezza<\/li>\n<li><strong>Aggiungi le icone dei social media per aumentare il traffico sulla tua pagina<\/strong>: consente di aggiungere icone ai vostri account social network. \u00c8 sufficiente cercare l&#8217;icona necessaria digitando il titolo nel campo di ricerca e impostarne le dimensioni, la forma e il colore<\/li>\n<li><strong>Utilizza modelli di firma email progettati in modo professionale<\/strong>: scegli tra una serie di modelli di firma email sviluppati da specialisti altamente qualificati. Non \u00e8 necessario essere tecnicamente dotati o avere competenze di codifica. \u00c8 sufficiente selezionare il modello che soddisfa le tue esigenze aziendali<\/li>\n<li><strong>Gestisci facilmente tutte le firme email nella tua dashboard<\/strong>: tutte le firme email sono memorizzate nella dashboard, con la data di creazione di ciascuna di esse. Ordina tutte le firme email nell&#8217;elenco in base al nome o alla data. \u00c8 possibile modificare le firme di posta elettronica gi\u00e0 esistenti, cambiando tutto ci\u00f2 che si ritiene inappropriato. \u00c8 possibile inviare una firma email direttamente al proprio indirizzo email per un&#8217;anteprima e un&#8217;ulteriore installazione.<\/li>\n<\/ul>\n","protected":false},"excerpt":{"rendered":"<p>MySignature \u00e8 un software per creare firme per email progettato per aziende, imprenditori, liberi professionisti e influencer che vogliono\u00a0curare al meglio la propria immagine. Si tratta di un generatore di firme email online dal design professionale che vi permette di scegliere la formattazione, l&#8217;organizzazione degli elementi, il colore.<\/p>\n","protected":false},"author":17,"featured_media":58406,"parent":57751,"menu_order":0,"comment_status":"open","ping_status":"closed","template":"g1_template_page_review_new.php","meta":{"_acf_changed":false,"cwp_meta_box_check":"No","cwp_rev_product_name":"","cwp_rev_product_image":"","wppr_links":[],"cwp_rev_price":"","wppr_options":[],"wppr_pros":[],"wppr_cons":[],"_monsterinsights_skip_tracking":false,"_monsterinsights_sitenote_active":false,"_monsterinsights_sitenote_note":"","_monsterinsights_sitenote_category":0,"footnotes":""},"categories":[12645],"tags":[12652,12670,12649,12651,12648,12650],"features":[],"class_list":{"0":"post-58404","1":"page","2":"type-page","3":"status-publish","4":"has-post-thumbnail","6":"category-software-firme-email-cat","7":"tag-app-per-creare-firme-per-email","8":"tag-creare-firme-per-email","9":"tag-piattaforma-per-creare-firme-per-email","10":"tag-programma-per-creare-firme-per-email","11":"tag-software-per-creare-firme-per-email","12":"tag-soluzione-per-creare-firme-per-email"},"wppr_data":{"cwp_meta_box_check":"No"},"acf":[],"yoast_head":"<!-- This site is optimized with the Yoast SEO plugin v27.4 - https:\/\/yoast.com\/product\/yoast-seo-wordpress\/ -->\n<title>MySignature: recensione software firme email - Accurate Reviews<\/title>\n<meta name=\"description\" content=\"MySignature: recensione del software per creare firme per email progettato per aziende, imprenditori, liberi professionisti e influencer.\" \/>\n<meta name=\"robots\" content=\"index, follow, max-snippet:-1, max-image-preview:large, max-video-preview:-1\" \/>\n<link rel=\"canonical\" href=\"https:\/\/www.accuratereviews.com\/it\/software-creare-firme-email\/mysignature-recensione\/\" \/>\n<meta property=\"og:locale\" content=\"it_IT\" \/>\n<meta property=\"og:type\" content=\"article\" \/>\n<meta property=\"og:title\" content=\"MySignature: recensione software firme email - Accurate Reviews\" \/>\n<meta property=\"og:description\" content=\"MySignature: recensione del software per creare firme per email progettato per aziende, imprenditori, liberi professionisti e influencer.\" \/>\n<meta property=\"og:url\" content=\"https:\/\/www.accuratereviews.com\/it\/software-creare-firme-email\/mysignature-recensione\/\" \/>\n<meta property=\"og:site_name\" content=\"Accurate Reviews\" \/>\n<meta property=\"og:image\" content=\"https:\/\/www.accuratereviews.com\/wp-content\/uploads\/2022\/06\/MySignature-lifetime-deal-on-stacksocial-600x420-1.jpg\" \/>\n\t<meta property=\"og:image:width\" content=\"600\" \/>\n\t<meta property=\"og:image:height\" content=\"420\" \/>\n\t<meta property=\"og:image:type\" content=\"image\/jpeg\" \/>\n<meta name=\"twitter:card\" content=\"summary_large_image\" \/>\n<meta name=\"twitter:label1\" content=\"Tempo di lettura stimato\" \/>\n\t<meta name=\"twitter:data1\" content=\"2 minuti\" \/>\n<script type=\"application\/ld+json\" class=\"yoast-schema-graph\">{\"@context\":\"https:\\\/\\\/schema.org\",\"@graph\":[{\"@type\":\"WebPage\",\"@id\":\"https:\\\/\\\/www.accuratereviews.com\\\/it\\\/software-creare-firme-email\\\/mysignature-recensione\\\/\",\"url\":\"https:\\\/\\\/www.accuratereviews.com\\\/it\\\/software-creare-firme-email\\\/mysignature-recensione\\\/\",\"name\":\"MySignature: recensione software firme email - Accurate Reviews\",\"isPartOf\":{\"@id\":\"https:\\\/\\\/www.accuratereviews.com\\\/it\\\/#website\"},\"primaryImageOfPage\":{\"@id\":\"https:\\\/\\\/www.accuratereviews.com\\\/it\\\/software-creare-firme-email\\\/mysignature-recensione\\\/#primaryimage\"},\"image\":{\"@id\":\"https:\\\/\\\/www.accuratereviews.com\\\/it\\\/software-creare-firme-email\\\/mysignature-recensione\\\/#primaryimage\"},\"thumbnailUrl\":\"https:\\\/\\\/www.accuratereviews.com\\\/wp-content\\\/uploads\\\/2022\\\/06\\\/MySignature-lifetime-deal-on-stacksocial-600x420-1.jpg\",\"datePublished\":\"2022-06-07T11:29:57+00:00\",\"description\":\"MySignature: recensione del software per creare firme per email progettato per aziende, imprenditori, liberi professionisti e influencer.\",\"breadcrumb\":{\"@id\":\"https:\\\/\\\/www.accuratereviews.com\\\/it\\\/software-creare-firme-email\\\/mysignature-recensione\\\/#breadcrumb\"},\"inLanguage\":\"it-IT\",\"potentialAction\":[{\"@type\":\"ReadAction\",\"target\":[\"https:\\\/\\\/www.accuratereviews.com\\\/it\\\/software-creare-firme-email\\\/mysignature-recensione\\\/\"]}]},{\"@type\":\"ImageObject\",\"inLanguage\":\"it-IT\",\"@id\":\"https:\\\/\\\/www.accuratereviews.com\\\/it\\\/software-creare-firme-email\\\/mysignature-recensione\\\/#primaryimage\",\"url\":\"https:\\\/\\\/www.accuratereviews.com\\\/wp-content\\\/uploads\\\/2022\\\/06\\\/MySignature-lifetime-deal-on-stacksocial-600x420-1.jpg\",\"contentUrl\":\"https:\\\/\\\/www.accuratereviews.com\\\/wp-content\\\/uploads\\\/2022\\\/06\\\/MySignature-lifetime-deal-on-stacksocial-600x420-1.jpg\",\"width\":600,\"height\":420},{\"@type\":\"BreadcrumbList\",\"@id\":\"https:\\\/\\\/www.accuratereviews.com\\\/it\\\/software-creare-firme-email\\\/mysignature-recensione\\\/#breadcrumb\",\"itemListElement\":[{\"@type\":\"ListItem\",\"position\":1,\"name\":\"Home\",\"item\":\"https:\\\/\\\/www.accuratereviews.com\\\/it\\\/\"},{\"@type\":\"ListItem\",\"position\":2,\"name\":\"Software per creare firme per email\",\"item\":\"https:\\\/\\\/www.accuratereviews.com\\\/it\\\/software-creare-firme-email\\\/\"},{\"@type\":\"ListItem\",\"position\":3,\"name\":\"MySignature\"}]},{\"@type\":\"WebSite\",\"@id\":\"https:\\\/\\\/www.accuratereviews.com\\\/it\\\/#website\",\"url\":\"https:\\\/\\\/www.accuratereviews.com\\\/it\\\/\",\"name\":\"Accurate Reviews\",\"description\":\"\",\"potentialAction\":[{\"@type\":\"SearchAction\",\"target\":{\"@type\":\"EntryPoint\",\"urlTemplate\":\"https:\\\/\\\/www.accuratereviews.com\\\/it\\\/?s={search_term_string}\"},\"query-input\":{\"@type\":\"PropertyValueSpecification\",\"valueRequired\":true,\"valueName\":\"search_term_string\"}}],\"inLanguage\":\"it-IT\"}]}<\/script>\n<!-- \/ Yoast SEO plugin. -->","yoast_head_json":{"title":"MySignature: recensione software firme email - Accurate Reviews","description":"MySignature: recensione del software per creare firme per email progettato per aziende, imprenditori, liberi professionisti e influencer.","robots":{"index":"index","follow":"follow","max-snippet":"max-snippet:-1","max-image-preview":"max-image-preview:large","max-video-preview":"max-video-preview:-1"},"canonical":"https:\/\/www.accuratereviews.com\/it\/software-creare-firme-email\/mysignature-recensione\/","og_locale":"it_IT","og_type":"article","og_title":"MySignature: recensione software firme email - Accurate Reviews","og_description":"MySignature: recensione del software per creare firme per email progettato per aziende, imprenditori, liberi professionisti e influencer.","og_url":"https:\/\/www.accuratereviews.com\/it\/software-creare-firme-email\/mysignature-recensione\/","og_site_name":"Accurate Reviews","og_image":[{"width":600,"height":420,"url":"https:\/\/www.accuratereviews.com\/wp-content\/uploads\/2022\/06\/MySignature-lifetime-deal-on-stacksocial-600x420-1.jpg","type":"image\/jpeg"}],"twitter_card":"summary_large_image","twitter_misc":{"Tempo di lettura stimato":"2 minuti"},"schema":{"@context":"https:\/\/schema.org","@graph":[{"@type":"WebPage","@id":"https:\/\/www.accuratereviews.com\/it\/software-creare-firme-email\/mysignature-recensione\/","url":"https:\/\/www.accuratereviews.com\/it\/software-creare-firme-email\/mysignature-recensione\/","name":"MySignature: recensione software firme email - Accurate Reviews","isPartOf":{"@id":"https:\/\/www.accuratereviews.com\/it\/#website"},"primaryImageOfPage":{"@id":"https:\/\/www.accuratereviews.com\/it\/software-creare-firme-email\/mysignature-recensione\/#primaryimage"},"image":{"@id":"https:\/\/www.accuratereviews.com\/it\/software-creare-firme-email\/mysignature-recensione\/#primaryimage"},"thumbnailUrl":"https:\/\/www.accuratereviews.com\/wp-content\/uploads\/2022\/06\/MySignature-lifetime-deal-on-stacksocial-600x420-1.jpg","datePublished":"2022-06-07T11:29:57+00:00","description":"MySignature: recensione del software per creare firme per email progettato per aziende, imprenditori, liberi professionisti e influencer.","breadcrumb":{"@id":"https:\/\/www.accuratereviews.com\/it\/software-creare-firme-email\/mysignature-recensione\/#breadcrumb"},"inLanguage":"it-IT","potentialAction":[{"@type":"ReadAction","target":["https:\/\/www.accuratereviews.com\/it\/software-creare-firme-email\/mysignature-recensione\/"]}]},{"@type":"ImageObject","inLanguage":"it-IT","@id":"https:\/\/www.accuratereviews.com\/it\/software-creare-firme-email\/mysignature-recensione\/#primaryimage","url":"https:\/\/www.accuratereviews.com\/wp-content\/uploads\/2022\/06\/MySignature-lifetime-deal-on-stacksocial-600x420-1.jpg","contentUrl":"https:\/\/www.accuratereviews.com\/wp-content\/uploads\/2022\/06\/MySignature-lifetime-deal-on-stacksocial-600x420-1.jpg","width":600,"height":420},{"@type":"BreadcrumbList","@id":"https:\/\/www.accuratereviews.com\/it\/software-creare-firme-email\/mysignature-recensione\/#breadcrumb","itemListElement":[{"@type":"ListItem","position":1,"name":"Home","item":"https:\/\/www.accuratereviews.com\/it\/"},{"@type":"ListItem","position":2,"name":"Software per creare firme per email","item":"https:\/\/www.accuratereviews.com\/it\/software-creare-firme-email\/"},{"@type":"ListItem","position":3,"name":"MySignature"}]},{"@type":"WebSite","@id":"https:\/\/www.accuratereviews.com\/it\/#website","url":"https:\/\/www.accuratereviews.com\/it\/","name":"Accurate Reviews","description":"","potentialAction":[{"@type":"SearchAction","target":{"@type":"EntryPoint","urlTemplate":"https:\/\/www.accuratereviews.com\/it\/?s={search_term_string}"},"query-input":{"@type":"PropertyValueSpecification","valueRequired":true,"valueName":"search_term_string"}}],"inLanguage":"it-IT"}]}},"_links":{"self":[{"href":"https:\/\/www.accuratereviews.com\/it\/wp-json\/wp\/v2\/pages\/58404","targetHints":{"allow":["GET"]}}],"collection":[{"href":"https:\/\/www.accuratereviews.com\/it\/wp-json\/wp\/v2\/pages"}],"about":[{"href":"https:\/\/www.accuratereviews.com\/it\/wp-json\/wp\/v2\/types\/page"}],"author":[{"embeddable":true,"href":"https:\/\/www.accuratereviews.com\/it\/wp-json\/wp\/v2\/users\/17"}],"replies":[{"embeddable":true,"href":"https:\/\/www.accuratereviews.com\/it\/wp-json\/wp\/v2\/comments?post=58404"}],"version-history":[{"count":4,"href":"https:\/\/www.accuratereviews.com\/it\/wp-json\/wp\/v2\/pages\/58404\/revisions"}],"predecessor-version":[{"id":58428,"href":"https:\/\/www.accuratereviews.com\/it\/wp-json\/wp\/v2\/pages\/58404\/revisions\/58428"}],"up":[{"embeddable":true,"href":"https:\/\/www.accuratereviews.com\/it\/wp-json\/wp\/v2\/pages\/57751"}],"wp:featuredmedia":[{"embeddable":true,"href":"https:\/\/www.accuratereviews.com\/it\/wp-json\/wp\/v2\/media\/58406"}],"wp:attachment":[{"href":"https:\/\/www.accuratereviews.com\/it\/wp-json\/wp\/v2\/media?parent=58404"}],"wp:term":[{"taxonomy":"category","embeddable":true,"href":"https:\/\/www.accuratereviews.com\/it\/wp-json\/wp\/v2\/categories?post=58404"},{"taxonomy":"post_tag","embeddable":true,"href":"https:\/\/www.accuratereviews.com\/it\/wp-json\/wp\/v2\/tags?post=58404"},{"taxonomy":"features","embeddable":true,"href":"https:\/\/www.accuratereviews.com\/it\/wp-json\/wp\/v2\/features?post=58404"}],"curies":[{"name":"wp","href":"https:\/\/api.w.org\/{rel}","templated":true}]}}