{"id":5841,"date":"2015-11-09T11:23:52","date_gmt":"2015-11-09T11:23:52","guid":{"rendered":"http:\/\/www.accuratereviews.com\/it\/newsletter-migliori-software-lista\/mailing-list-studio\/"},"modified":"2017-04-14T13:08:20","modified_gmt":"2017-04-14T13:08:20","slug":"mailing-list-studio","status":"publish","type":"page","link":"https:\/\/www.accuratereviews.com\/it\/newsletter-migliori-software-lista\/mailing-list-studio\/","title":{"rendered":"Mailing List Studio"},"content":{"rendered":"<p><a href=\"http:\/\/www.accuratereviews.com\/wp-content\/uploads\/2015\/11\/Mailing-List-Studio_homepage.png\"><img loading=\"lazy\" decoding=\"async\" class=\"alignnone size-full wp-image-1915\" src=\"http:\/\/www.accuratereviews.com\/wp-content\/uploads\/2015\/11\/Mailing-List-Studio_homepage.png\" alt=\"Mailing List Studio_homepage\" width=\"1137\" height=\"610\" srcset=\"https:\/\/www.accuratereviews.com\/wp-content\/uploads\/2015\/11\/Mailing-List-Studio_homepage.png 1137w, https:\/\/www.accuratereviews.com\/wp-content\/uploads\/2015\/11\/Mailing-List-Studio_homepage-300x161.png 300w, https:\/\/www.accuratereviews.com\/wp-content\/uploads\/2015\/11\/Mailing-List-Studio_homepage-1024x549.png 1024w, https:\/\/www.accuratereviews.com\/wp-content\/uploads\/2015\/11\/Mailing-List-Studio_homepage-233x125.png 233w, https:\/\/www.accuratereviews.com\/wp-content\/uploads\/2015\/11\/Mailing-List-Studio_homepage-50x27.png 50w, https:\/\/www.accuratereviews.com\/wp-content\/uploads\/2015\/11\/Mailing-List-Studio_homepage-968x519.png 968w, https:\/\/www.accuratereviews.com\/wp-content\/uploads\/2015\/11\/Mailing-List-Studio_homepage-636x341.png 636w, https:\/\/www.accuratereviews.com\/wp-content\/uploads\/2015\/11\/Mailing-List-Studio_homepage-320x172.png 320w, https:\/\/www.accuratereviews.com\/wp-content\/uploads\/2015\/11\/Mailing-List-Studio_homepage-239x128.png 239w\" sizes=\"auto, (max-width: 1137px) 100vw, 1137px\" \/><\/a><\/p>\n<p><strong>Mailing List Studio \u00e8 un software desktop per la creazione e la gestione efficiente delle campagne di email marketing<\/strong>, soprattutto nel caso in cui si debbano inviare <strong>grandi quantit\u00e0 di email ai clienti<\/strong>. Questo software offre tutti i pi\u00f9 popolari strumenti per le campagne di email marketing senza richiedere abbonamenti e costi mensili.<\/p>\n<p>Facile da usare, Mailing List Studio \u00e8 <strong>consigliato sia per le grandi aziende che per i marketer principianti<\/strong>: la gestione del target \u00e8 abbastanza semplice grazie alla possibilit\u00e0 di campi personalizzati e specifici per includere altre informazioni sul contatto. Cos\u00ec facendo si <strong>semplificano la segmentazione e la funzione di ricerca dei contatti<\/strong>.<\/p>\n<p>\u00c8 cos\u00ec possibile creare la newsletter direttamente dall\u2019<strong>editor HTML incluso<\/strong>, uno strumento completo che consente di personalizzare l\u2019email al meglio tramite formattazione del testo, immagini, animazioni e video. Con l&#8217;ultimo aggiornamento \u00e8 possibile anche gestire e inviare campagne SMS.<\/p>\n<p>Mailing List Studio \u00e8 disponibile sia in versione freeware che professional &#8211; <strong>senza canoni mensili o abbonamenti<\/strong>. \u00c8 possibile acquistarlo tramite pagamento una tantum. La licenza \u00e8 illimitata.<\/p>\n","protected":false},"excerpt":{"rendered":"<p>Mailing List Studio \u00e8 un software desktop per la creazione e la gestione efficiente delle campagne di email marketing, soprattutto nel caso in cui si debbano inviare grandi quantit\u00e0 di email ai clienti.<\/p>\n","protected":false},"author":16,"featured_media":0,"parent":5555,"menu_order":6,"comment_status":"open","ping_status":"closed","template":"g1_template_page_review_new.php","meta":{"_acf_changed":false,"cwp_meta_box_check":"Yes","cwp_rev_product_name":"","cwp_rev_product_image":"","wppr_links":[],"cwp_rev_price":"","wppr_options":[],"wppr_pros":[],"wppr_cons":[],"_monsterinsights_skip_tracking":false,"_monsterinsights_sitenote_active":false,"_monsterinsights_sitenote_note":"","_monsterinsights_sitenote_category":0,"footnotes":""},"categories":[101,108],"tags":[],"features":[],"class_list":{"0":"post-5841","1":"page","2":"type-page","3":"status-publish","5":"category-email-marketing-software-it","6":"category-newsletter"},"wppr_data":{"cwp_meta_box_check":"Yes","cwp_rev_product_name":"","cwp_rev_product_image":"","cwp_image_link":"image","cwp_rev_price":"","wppr_rating":"0.00"},"acf":[],"yoast_head":"<!-- This site is optimized with the Yoast SEO plugin v27.4 - https:\/\/yoast.com\/product\/yoast-seo-wordpress\/ -->\n<title>Mailing List Studio recensione software per newsletter | Accurate Reviews<\/title>\n<meta name=\"description\" content=\"Mailing List Studio \u00e8 un software desktop per la creazione e la gestione efficiente delle campagne marketing per grandi quantit\u00e0 di email ai clienti.\" \/>\n<meta name=\"robots\" content=\"index, follow, max-snippet:-1, max-image-preview:large, max-video-preview:-1\" \/>\n<link rel=\"canonical\" href=\"https:\/\/www.accuratereviews.com\/it\/newsletter-migliori-software-lista\/mailing-list-studio\/\" \/>\n<meta property=\"og:locale\" content=\"it_IT\" \/>\n<meta property=\"og:type\" content=\"article\" \/>\n<meta property=\"og:title\" content=\"Mailing List Studio recensione software per newsletter | Accurate Reviews\" \/>\n<meta property=\"og:description\" content=\"Mailing List Studio \u00e8 un software desktop per la creazione e la gestione efficiente delle campagne marketing per grandi quantit\u00e0 di email ai clienti.\" \/>\n<meta property=\"og:url\" content=\"https:\/\/www.accuratereviews.com\/it\/newsletter-migliori-software-lista\/mailing-list-studio\/\" \/>\n<meta property=\"og:site_name\" content=\"Accurate Reviews\" \/>\n<meta property=\"article:modified_time\" content=\"2017-04-14T13:08:20+00:00\" \/>\n<meta property=\"og:image\" content=\"http:\/\/www.accuratereviews.com\/wp-content\/uploads\/2015\/11\/Mailing-List-Studio_homepage.png\" \/>\n<meta name=\"twitter:card\" content=\"summary_large_image\" \/>\n<meta name=\"twitter:label1\" content=\"Tempo di lettura stimato\" \/>\n\t<meta name=\"twitter:data1\" content=\"1 minuto\" \/>\n<script type=\"application\/ld+json\" class=\"yoast-schema-graph\">{\"@context\":\"https:\\\/\\\/schema.org\",\"@graph\":[{\"@type\":\"WebPage\",\"@id\":\"https:\\\/\\\/www.accuratereviews.com\\\/it\\\/newsletter-migliori-software-lista\\\/mailing-list-studio\\\/\",\"url\":\"https:\\\/\\\/www.accuratereviews.com\\\/it\\\/newsletter-migliori-software-lista\\\/mailing-list-studio\\\/\",\"name\":\"Mailing List Studio recensione software per newsletter | Accurate Reviews\",\"isPartOf\":{\"@id\":\"https:\\\/\\\/www.accuratereviews.com\\\/it\\\/#website\"},\"primaryImageOfPage\":{\"@id\":\"https:\\\/\\\/www.accuratereviews.com\\\/it\\\/newsletter-migliori-software-lista\\\/mailing-list-studio\\\/#primaryimage\"},\"image\":{\"@id\":\"https:\\\/\\\/www.accuratereviews.com\\\/it\\\/newsletter-migliori-software-lista\\\/mailing-list-studio\\\/#primaryimage\"},\"thumbnailUrl\":\"http:\\\/\\\/www.accuratereviews.com\\\/wp-content\\\/uploads\\\/2015\\\/11\\\/Mailing-List-Studio_homepage.png\",\"datePublished\":\"2015-11-09T11:23:52+00:00\",\"dateModified\":\"2017-04-14T13:08:20+00:00\",\"description\":\"Mailing List Studio \u00e8 un software desktop per la creazione e la gestione efficiente delle campagne marketing per grandi quantit\u00e0 di email ai clienti.\",\"breadcrumb\":{\"@id\":\"https:\\\/\\\/www.accuratereviews.com\\\/it\\\/newsletter-migliori-software-lista\\\/mailing-list-studio\\\/#breadcrumb\"},\"inLanguage\":\"it-IT\",\"potentialAction\":[{\"@type\":\"ReadAction\",\"target\":[\"https:\\\/\\\/www.accuratereviews.com\\\/it\\\/newsletter-migliori-software-lista\\\/mailing-list-studio\\\/\"]}]},{\"@type\":\"ImageObject\",\"inLanguage\":\"it-IT\",\"@id\":\"https:\\\/\\\/www.accuratereviews.com\\\/it\\\/newsletter-migliori-software-lista\\\/mailing-list-studio\\\/#primaryimage\",\"url\":\"http:\\\/\\\/www.accuratereviews.com\\\/wp-content\\\/uploads\\\/2015\\\/11\\\/Mailing-List-Studio_homepage.png\",\"contentUrl\":\"http:\\\/\\\/www.accuratereviews.com\\\/wp-content\\\/uploads\\\/2015\\\/11\\\/Mailing-List-Studio_homepage.png\"},{\"@type\":\"BreadcrumbList\",\"@id\":\"https:\\\/\\\/www.accuratereviews.com\\\/it\\\/newsletter-migliori-software-lista\\\/mailing-list-studio\\\/#breadcrumb\",\"itemListElement\":[{\"@type\":\"ListItem\",\"position\":1,\"name\":\"Home\",\"item\":\"https:\\\/\\\/www.accuratereviews.com\\\/it\\\/\"},{\"@type\":\"ListItem\",\"position\":2,\"name\":\"Newsletter: i migliori software\",\"item\":\"https:\\\/\\\/www.accuratereviews.com\\\/it\\\/newsletter-migliori-software-lista\\\/\"},{\"@type\":\"ListItem\",\"position\":3,\"name\":\"Mailing List Studio\"}]},{\"@type\":\"WebSite\",\"@id\":\"https:\\\/\\\/www.accuratereviews.com\\\/it\\\/#website\",\"url\":\"https:\\\/\\\/www.accuratereviews.com\\\/it\\\/\",\"name\":\"Accurate Reviews\",\"description\":\"\",\"potentialAction\":[{\"@type\":\"SearchAction\",\"target\":{\"@type\":\"EntryPoint\",\"urlTemplate\":\"https:\\\/\\\/www.accuratereviews.com\\\/it\\\/?s={search_term_string}\"},\"query-input\":{\"@type\":\"PropertyValueSpecification\",\"valueRequired\":true,\"valueName\":\"search_term_string\"}}],\"inLanguage\":\"it-IT\"}]}<\/script>\n<!-- \/ Yoast SEO plugin. -->","yoast_head_json":{"title":"Mailing List Studio recensione software per newsletter | Accurate Reviews","description":"Mailing List Studio \u00e8 un software desktop per la creazione e la gestione efficiente delle campagne marketing per grandi quantit\u00e0 di email ai clienti.","robots":{"index":"index","follow":"follow","max-snippet":"max-snippet:-1","max-image-preview":"max-image-preview:large","max-video-preview":"max-video-preview:-1"},"canonical":"https:\/\/www.accuratereviews.com\/it\/newsletter-migliori-software-lista\/mailing-list-studio\/","og_locale":"it_IT","og_type":"article","og_title":"Mailing List Studio recensione software per newsletter | Accurate Reviews","og_description":"Mailing List Studio \u00e8 un software desktop per la creazione e la gestione efficiente delle campagne marketing per grandi quantit\u00e0 di email ai clienti.","og_url":"https:\/\/www.accuratereviews.com\/it\/newsletter-migliori-software-lista\/mailing-list-studio\/","og_site_name":"Accurate Reviews","article_modified_time":"2017-04-14T13:08:20+00:00","og_image":[{"url":"http:\/\/www.accuratereviews.com\/wp-content\/uploads\/2015\/11\/Mailing-List-Studio_homepage.png","type":"","width":"","height":""}],"twitter_card":"summary_large_image","twitter_misc":{"Tempo di lettura stimato":"1 minuto"},"schema":{"@context":"https:\/\/schema.org","@graph":[{"@type":"WebPage","@id":"https:\/\/www.accuratereviews.com\/it\/newsletter-migliori-software-lista\/mailing-list-studio\/","url":"https:\/\/www.accuratereviews.com\/it\/newsletter-migliori-software-lista\/mailing-list-studio\/","name":"Mailing List Studio recensione software per newsletter | Accurate Reviews","isPartOf":{"@id":"https:\/\/www.accuratereviews.com\/it\/#website"},"primaryImageOfPage":{"@id":"https:\/\/www.accuratereviews.com\/it\/newsletter-migliori-software-lista\/mailing-list-studio\/#primaryimage"},"image":{"@id":"https:\/\/www.accuratereviews.com\/it\/newsletter-migliori-software-lista\/mailing-list-studio\/#primaryimage"},"thumbnailUrl":"http:\/\/www.accuratereviews.com\/wp-content\/uploads\/2015\/11\/Mailing-List-Studio_homepage.png","datePublished":"2015-11-09T11:23:52+00:00","dateModified":"2017-04-14T13:08:20+00:00","description":"Mailing List Studio \u00e8 un software desktop per la creazione e la gestione efficiente delle campagne marketing per grandi quantit\u00e0 di email ai clienti.","breadcrumb":{"@id":"https:\/\/www.accuratereviews.com\/it\/newsletter-migliori-software-lista\/mailing-list-studio\/#breadcrumb"},"inLanguage":"it-IT","potentialAction":[{"@type":"ReadAction","target":["https:\/\/www.accuratereviews.com\/it\/newsletter-migliori-software-lista\/mailing-list-studio\/"]}]},{"@type":"ImageObject","inLanguage":"it-IT","@id":"https:\/\/www.accuratereviews.com\/it\/newsletter-migliori-software-lista\/mailing-list-studio\/#primaryimage","url":"http:\/\/www.accuratereviews.com\/wp-content\/uploads\/2015\/11\/Mailing-List-Studio_homepage.png","contentUrl":"http:\/\/www.accuratereviews.com\/wp-content\/uploads\/2015\/11\/Mailing-List-Studio_homepage.png"},{"@type":"BreadcrumbList","@id":"https:\/\/www.accuratereviews.com\/it\/newsletter-migliori-software-lista\/mailing-list-studio\/#breadcrumb","itemListElement":[{"@type":"ListItem","position":1,"name":"Home","item":"https:\/\/www.accuratereviews.com\/it\/"},{"@type":"ListItem","position":2,"name":"Newsletter: i migliori software","item":"https:\/\/www.accuratereviews.com\/it\/newsletter-migliori-software-lista\/"},{"@type":"ListItem","position":3,"name":"Mailing List Studio"}]},{"@type":"WebSite","@id":"https:\/\/www.accuratereviews.com\/it\/#website","url":"https:\/\/www.accuratereviews.com\/it\/","name":"Accurate Reviews","description":"","potentialAction":[{"@type":"SearchAction","target":{"@type":"EntryPoint","urlTemplate":"https:\/\/www.accuratereviews.com\/it\/?s={search_term_string}"},"query-input":{"@type":"PropertyValueSpecification","valueRequired":true,"valueName":"search_term_string"}}],"inLanguage":"it-IT"}]}},"_links":{"self":[{"href":"https:\/\/www.accuratereviews.com\/it\/wp-json\/wp\/v2\/pages\/5841","targetHints":{"allow":["GET"]}}],"collection":[{"href":"https:\/\/www.accuratereviews.com\/it\/wp-json\/wp\/v2\/pages"}],"about":[{"href":"https:\/\/www.accuratereviews.com\/it\/wp-json\/wp\/v2\/types\/page"}],"author":[{"embeddable":true,"href":"https:\/\/www.accuratereviews.com\/it\/wp-json\/wp\/v2\/users\/16"}],"replies":[{"embeddable":true,"href":"https:\/\/www.accuratereviews.com\/it\/wp-json\/wp\/v2\/comments?post=5841"}],"version-history":[{"count":6,"href":"https:\/\/www.accuratereviews.com\/it\/wp-json\/wp\/v2\/pages\/5841\/revisions"}],"predecessor-version":[{"id":6342,"href":"https:\/\/www.accuratereviews.com\/it\/wp-json\/wp\/v2\/pages\/5841\/revisions\/6342"}],"up":[{"embeddable":true,"href":"https:\/\/www.accuratereviews.com\/it\/wp-json\/wp\/v2\/pages\/5555"}],"wp:attachment":[{"href":"https:\/\/www.accuratereviews.com\/it\/wp-json\/wp\/v2\/media?parent=5841"}],"wp:term":[{"taxonomy":"category","embeddable":true,"href":"https:\/\/www.accuratereviews.com\/it\/wp-json\/wp\/v2\/categories?post=5841"},{"taxonomy":"post_tag","embeddable":true,"href":"https:\/\/www.accuratereviews.com\/it\/wp-json\/wp\/v2\/tags?post=5841"},{"taxonomy":"features","embeddable":true,"href":"https:\/\/www.accuratereviews.com\/it\/wp-json\/wp\/v2\/features?post=5841"}],"curies":[{"name":"wp","href":"https:\/\/api.w.org\/{rel}","templated":true}]}}