{"id":58485,"date":"2022-06-09T10:36:15","date_gmt":"2022-06-09T10:36:15","guid":{"rendered":"https:\/\/www.accuratereviews.com\/?page_id=58485"},"modified":"2022-06-10T08:12:30","modified_gmt":"2022-06-10T08:12:30","slug":"getresponse-recensione","status":"publish","type":"page","link":"https:\/\/www.accuratereviews.com\/it\/software-creare-landing-page\/getresponse-recensione\/","title":{"rendered":"GetResponse"},"content":{"rendered":"<p><strong>GetResponse<\/strong> \u00e8 uno strumento di marketing basato su cloud che consente agli utenti di connettersi con i propri clienti tramite email e <strong>creare landing page<\/strong>. La soluzione\u00a0fornisce un creatore di email che aiuta gli utenti a redigere messaggi senza alcuna conoscenza preliminare della programmazione. Questo modulo contiene modelli per l&#8217;invio e immagini per supportare i requisiti di progettazione.\u00a0Il test A\/B consente agli utenti di testare l&#8217;efficacia di una campagna ottimizzando elementi come la riga dell&#8217;oggetto e il momento migliore per l&#8217;invio. Il programma segue un approccio di progettazione reattiva, l&#8217;aspetto delle email pu\u00f2 cambiare in base alla visualizzazione del dispositivo. La funzione List Booster della soluzione pu\u00f2 importare contatti da dischi rigidi e client di posta come Gmail, Magento, Salesforce e Highrise. Massimizza l&#8217;efficacia delle tue campagne anche dopo che sono state completate per rendere il monitoraggio, la misurazione e l&#8217;analisi un vero piacere.<\/p>\n<h2>GETRESPONSE &#8211; TUTORIAL<\/h2>\n<p>Ecco un tutorial in italiano che spiega come sfruttare le funzioni di questo <strong>software per creare landing page<\/strong>:<\/p>\n<div id=\"fluid-wrapper-counter-1\" class=\"g1-fluid-wrapper \" style=\"width:686px;\">\n<div style=\"padding-bottom:56.268221574344%;\"><iframe loading=\"lazy\" title=\"Come creare un webinar con GetResponse - Tutorial Italiano (2020)\" width=\"686\" height=\"386\" src=\"https:\/\/www.youtube.com\/embed\/8W2iADHMQo8?feature=oembed&amp;wmode=transparent&amp;autohide=1&amp;autoplay=0&amp;disablekb=0&amp;fs=1&amp;loop=0&amp;enablejsapi=1&amp;rel=0&amp;controls=2&amp;showinfo=0&amp;wmode=transparent&amp;autohide=2&amp;autoplay=0&amp;disablekb=0&amp;fs=1&amp;loop=0&amp;enablejsapi=1&amp;rel=0&amp;controls=2&amp;showinfo=1\" frameborder=\"0\" allow=\"accelerometer; autoplay; clipboard-write; encrypted-media; gyroscope; picture-in-picture\" allowfullscreen><\/iframe><\/div>\n<\/div>\n<h3>GETRESPONSE &#8211; CARATTERISTICHE<\/h3>\n<ul>\n<li>Scegliere modelli per obiettivi aziendali specifici<\/li>\n<li>Utilizza un editor integrato per personalizzare i modelli<\/li>\n<li>Sposta, ridimensiona, taglia, raggruppa, colora e rimodella gli elementi<\/li>\n<li>Migliora il tuo design con l&#8217;utilizzo di GIF e foto di stock gratuite<\/li>\n<li>Modifica e ottimizza la tua pagina per dispositivi mobili<\/li>\n<li>Pubblica le pagine sfruttando i domini gratuiti della soluzione oppure utilizza il tuo dominio per mantenere la coerenza del brand<\/li>\n<li>Aggiungi il titolo di pagina ottimizzato per la SEO e una meta descrizione coerente<\/li>\n<li>Traccia il numero di visite, clic e conversioni<\/li>\n<li>Costruisci pi\u00f9 versioni di una pagina e esegui A\/B test<\/li>\n<li>Integrazione con Google Analytics, Google Tag Manager, Facebook Pixel, e altro<\/li>\n<\/ul>\n<h4>LE RECENSIONI DEGLI UTENTI<\/h4>\n<p class=\"h5 font-weight-bold\"><strong>Johon D.&#8221;conforme&#8221;<\/strong><\/p>\n<p class=\"font-weight-bold mb-2\"><strong>Pro<\/strong>:\u00a0Ti consente di creare rapidamente pagine di destinazione, HTML, canalizzazioni di marketing e altre funzionalit\u00e0 di gestione e promozione della posta elettronica. Ha alcune cose molto intuitive, inoltre ha modelli predefiniti che semplificano la progettazione per i non designer.<\/p>\n<p class=\"font-weight-bold mb-2\"><strong>Contro<\/strong>:\u00a0Video di allenamento mancanti in spagnolo. I modelli sono di base e molto quadrati per coloro che sono designer e l&#8217;impostazione reattiva crolla quando ci sono molte informazioni, ecc.<\/p>\n<p class=\"font-weight-bold mb-2\"><strong>Calvin K.&#8221;Perch\u00e9 dovresti davvero ottenere Getresponse per la tua attivit\u00e0&#8221;<\/strong><\/p>\n<p><span class=\"font-weight-bold\"><strong>Commenti<\/strong>: <\/span>La mia attivit\u00e0 continua a crescere ogni giorno semplicemente utilizzando le funzionalit\u00e0 di Getresponse.<br \/>\nTutte le mie liste di posta elettronica sono facili da mantenere e anche i clienti sono soddisfatti dei servizi.<br \/>\nUna volta impostato correttamente un flusso di automazione, non dovrai pi\u00f9 guardarlo<\/p>\n<p class=\"font-weight-bold mb-2\">Pro:- Molto facile da usare e quindi facile da usare per tutti &#8211; Aggiornando pi\u00f9 funzionalit\u00e0 spesso, Getresponse ascolta i propri clienti &#8211; Creare e mantenere elenchi non \u00e8 mai stato cos\u00ec facile &#8211; La mia attivit\u00e0 continua a crescere solo utilizzando Getreponse<\/p>\n<p class=\"font-weight-bold mb-2\">Contro:\u00a0&#8211; l&#8217;utilizzo di immagini nelle email non \u00e8 facilmente ridimensionabile &#8211; Il creatore della pagina di destinazione pu\u00f2 utilizzare un po&#8217; di lavoro in pi\u00f9, il trascinamento della selezione \u00e8 ok, non \u00e8 ancora perfetto &#8211; pochissime opzioni con l&#8217;abbonamento a pagamento pi\u00f9 basso, \u00e8 necessario aggiornare a presto per ottenere opzioni &#8220;buone&#8221;.<\/p>\n<p class=\"font-weight-bold mb-2\"><strong>Abraham A.&#8221;Ottimo per l&#8217;email marketing&#8221;<\/strong><\/p>\n<p><span class=\"font-weight-bold\"><strong>Commenti<\/strong>: <\/span>Nel complesso, mi ha aiutato ad automatizzare le mie campagne.<\/p>\n<p class=\"font-weight-bold mb-2\"><strong>Pro<\/strong>:\u00a0Ottenere risposta \u00e8 in circolazione da molto tempo, ci si pu\u00f2 fidare di consegnare le tue campagne e-mail ai tuoi abbonati purch\u00e9 si tratti di un elenco e-mail basato sui permessi.<\/p>\n<p class=\"font-weight-bold mb-2\"><strong>Contro<\/strong>:\u00a0Non puoi importare un elenco per e-mail e l&#8217;abbonamento mensile diventa serio con una base di abbonati in aumento.<\/p>\n","protected":false},"excerpt":{"rendered":"<p>GetResponse \u00e8 uno strumento di marketing basato su cloud che consente agli utenti di connettersi con i propri clienti tramite email e creare landing page. La soluzione\u00a0fornisce un creatore di email che aiuta gli utenti a redigere messaggi senza alcuna conoscenza preliminare della programmazione. Questo modulo contiene modelli per l&#8217;invio e immagini per supportare i requisiti di progettazione.\u00a0<\/p>\n","protected":false},"author":16,"featured_media":58489,"parent":58467,"menu_order":0,"comment_status":"open","ping_status":"closed","template":"g1_template_page_review_new.php","meta":{"_acf_changed":false,"cwp_meta_box_check":"No","cwp_rev_product_name":"","cwp_rev_product_image":"","wppr_links":[],"cwp_rev_price":"","wppr_options":[],"wppr_pros":[],"wppr_cons":[],"_monsterinsights_skip_tracking":false,"_monsterinsights_sitenote_active":false,"_monsterinsights_sitenote_note":"","_monsterinsights_sitenote_category":0,"footnotes":""},"categories":[12754],"tags":[12777,12779,12778,12759,12776,12756,12758],"features":[],"class_list":{"0":"post-58485","1":"page","2":"type-page","3":"status-publish","4":"has-post-thumbnail","6":"category-software-per-creare-landing-page-cat","7":"tag-creare-landing-page","8":"tag-getresponse","9":"tag-landing-page","10":"tag-piattaforma-per-creare-landing-page","11":"tag-programma-per-creare-landing-page","12":"tag-software-per-creare-landing-page","13":"tag-soluzione-per-creare-landing-page"},"wppr_data":{"cwp_meta_box_check":"No"},"acf":[],"yoast_head":"<!-- This site is optimized with the Yoast SEO plugin v27.4 - https:\/\/yoast.com\/product\/yoast-seo-wordpress\/ -->\n<title>GetResponse: recensione software creazione landing page<\/title>\n<meta name=\"description\" content=\"GetResponse: recensione strumento di marketing basato su cloud che consente agli utenti di connettersi con i clienti tramite email.\" \/>\n<meta name=\"robots\" content=\"index, follow, max-snippet:-1, max-image-preview:large, max-video-preview:-1\" \/>\n<link rel=\"canonical\" href=\"https:\/\/www.accuratereviews.com\/it\/software-creare-landing-page\/getresponse-recensione\/\" \/>\n<meta property=\"og:locale\" content=\"it_IT\" \/>\n<meta property=\"og:type\" content=\"article\" \/>\n<meta property=\"og:title\" content=\"GetResponse: recensione software creazione landing page\" \/>\n<meta property=\"og:description\" content=\"GetResponse: recensione strumento di marketing basato su cloud che consente agli utenti di connettersi con i clienti tramite email.\" \/>\n<meta property=\"og:url\" content=\"https:\/\/www.accuratereviews.com\/it\/software-creare-landing-page\/getresponse-recensione\/\" \/>\n<meta property=\"og:site_name\" content=\"Accurate Reviews\" \/>\n<meta property=\"article:modified_time\" content=\"2022-06-10T08:12:30+00:00\" \/>\n<meta property=\"og:image\" content=\"https:\/\/www.accuratereviews.com\/wp-content\/uploads\/2022\/06\/GETRESPONSE.jpeg\" \/>\n\t<meta property=\"og:image:width\" content=\"600\" \/>\n\t<meta property=\"og:image:height\" content=\"400\" \/>\n\t<meta property=\"og:image:type\" content=\"image\/jpeg\" \/>\n<meta name=\"twitter:card\" content=\"summary_large_image\" \/>\n<meta name=\"twitter:label1\" content=\"Tempo di lettura stimato\" \/>\n\t<meta name=\"twitter:data1\" content=\"4 minuti\" \/>\n<script type=\"application\/ld+json\" class=\"yoast-schema-graph\">{\"@context\":\"https:\\\/\\\/schema.org\",\"@graph\":[{\"@type\":\"WebPage\",\"@id\":\"https:\\\/\\\/www.accuratereviews.com\\\/it\\\/software-creare-landing-page\\\/getresponse-recensione\\\/\",\"url\":\"https:\\\/\\\/www.accuratereviews.com\\\/it\\\/software-creare-landing-page\\\/getresponse-recensione\\\/\",\"name\":\"GetResponse: recensione software creazione landing page\",\"isPartOf\":{\"@id\":\"https:\\\/\\\/www.accuratereviews.com\\\/it\\\/#website\"},\"primaryImageOfPage\":{\"@id\":\"https:\\\/\\\/www.accuratereviews.com\\\/it\\\/software-creare-landing-page\\\/getresponse-recensione\\\/#primaryimage\"},\"image\":{\"@id\":\"https:\\\/\\\/www.accuratereviews.com\\\/it\\\/software-creare-landing-page\\\/getresponse-recensione\\\/#primaryimage\"},\"thumbnailUrl\":\"https:\\\/\\\/www.accuratereviews.com\\\/wp-content\\\/uploads\\\/2022\\\/06\\\/GETRESPONSE.jpeg\",\"datePublished\":\"2022-06-09T10:36:15+00:00\",\"dateModified\":\"2022-06-10T08:12:30+00:00\",\"description\":\"GetResponse: recensione strumento di marketing basato su cloud che consente agli utenti di connettersi con i clienti tramite email.\",\"breadcrumb\":{\"@id\":\"https:\\\/\\\/www.accuratereviews.com\\\/it\\\/software-creare-landing-page\\\/getresponse-recensione\\\/#breadcrumb\"},\"inLanguage\":\"it-IT\",\"potentialAction\":[{\"@type\":\"ReadAction\",\"target\":[\"https:\\\/\\\/www.accuratereviews.com\\\/it\\\/software-creare-landing-page\\\/getresponse-recensione\\\/\"]}]},{\"@type\":\"ImageObject\",\"inLanguage\":\"it-IT\",\"@id\":\"https:\\\/\\\/www.accuratereviews.com\\\/it\\\/software-creare-landing-page\\\/getresponse-recensione\\\/#primaryimage\",\"url\":\"https:\\\/\\\/www.accuratereviews.com\\\/wp-content\\\/uploads\\\/2022\\\/06\\\/GETRESPONSE.jpeg\",\"contentUrl\":\"https:\\\/\\\/www.accuratereviews.com\\\/wp-content\\\/uploads\\\/2022\\\/06\\\/GETRESPONSE.jpeg\",\"width\":600,\"height\":400},{\"@type\":\"BreadcrumbList\",\"@id\":\"https:\\\/\\\/www.accuratereviews.com\\\/it\\\/software-creare-landing-page\\\/getresponse-recensione\\\/#breadcrumb\",\"itemListElement\":[{\"@type\":\"ListItem\",\"position\":1,\"name\":\"Home\",\"item\":\"https:\\\/\\\/www.accuratereviews.com\\\/it\\\/\"},{\"@type\":\"ListItem\",\"position\":2,\"name\":\"Software per creare landing page\",\"item\":\"https:\\\/\\\/www.accuratereviews.com\\\/it\\\/software-creare-landing-page\\\/\"},{\"@type\":\"ListItem\",\"position\":3,\"name\":\"GetResponse\"}]},{\"@type\":\"WebSite\",\"@id\":\"https:\\\/\\\/www.accuratereviews.com\\\/it\\\/#website\",\"url\":\"https:\\\/\\\/www.accuratereviews.com\\\/it\\\/\",\"name\":\"Accurate Reviews\",\"description\":\"\",\"potentialAction\":[{\"@type\":\"SearchAction\",\"target\":{\"@type\":\"EntryPoint\",\"urlTemplate\":\"https:\\\/\\\/www.accuratereviews.com\\\/it\\\/?s={search_term_string}\"},\"query-input\":{\"@type\":\"PropertyValueSpecification\",\"valueRequired\":true,\"valueName\":\"search_term_string\"}}],\"inLanguage\":\"it-IT\"}]}<\/script>\n<!-- \/ Yoast SEO plugin. -->","yoast_head_json":{"title":"GetResponse: recensione software creazione landing page","description":"GetResponse: recensione strumento di marketing basato su cloud che consente agli utenti di connettersi con i clienti tramite email.","robots":{"index":"index","follow":"follow","max-snippet":"max-snippet:-1","max-image-preview":"max-image-preview:large","max-video-preview":"max-video-preview:-1"},"canonical":"https:\/\/www.accuratereviews.com\/it\/software-creare-landing-page\/getresponse-recensione\/","og_locale":"it_IT","og_type":"article","og_title":"GetResponse: recensione software creazione landing page","og_description":"GetResponse: recensione strumento di marketing basato su cloud che consente agli utenti di connettersi con i clienti tramite email.","og_url":"https:\/\/www.accuratereviews.com\/it\/software-creare-landing-page\/getresponse-recensione\/","og_site_name":"Accurate Reviews","article_modified_time":"2022-06-10T08:12:30+00:00","og_image":[{"width":600,"height":400,"url":"https:\/\/www.accuratereviews.com\/wp-content\/uploads\/2022\/06\/GETRESPONSE.jpeg","type":"image\/jpeg"}],"twitter_card":"summary_large_image","twitter_misc":{"Tempo di lettura stimato":"4 minuti"},"schema":{"@context":"https:\/\/schema.org","@graph":[{"@type":"WebPage","@id":"https:\/\/www.accuratereviews.com\/it\/software-creare-landing-page\/getresponse-recensione\/","url":"https:\/\/www.accuratereviews.com\/it\/software-creare-landing-page\/getresponse-recensione\/","name":"GetResponse: recensione software creazione landing page","isPartOf":{"@id":"https:\/\/www.accuratereviews.com\/it\/#website"},"primaryImageOfPage":{"@id":"https:\/\/www.accuratereviews.com\/it\/software-creare-landing-page\/getresponse-recensione\/#primaryimage"},"image":{"@id":"https:\/\/www.accuratereviews.com\/it\/software-creare-landing-page\/getresponse-recensione\/#primaryimage"},"thumbnailUrl":"https:\/\/www.accuratereviews.com\/wp-content\/uploads\/2022\/06\/GETRESPONSE.jpeg","datePublished":"2022-06-09T10:36:15+00:00","dateModified":"2022-06-10T08:12:30+00:00","description":"GetResponse: recensione strumento di marketing basato su cloud che consente agli utenti di connettersi con i clienti tramite email.","breadcrumb":{"@id":"https:\/\/www.accuratereviews.com\/it\/software-creare-landing-page\/getresponse-recensione\/#breadcrumb"},"inLanguage":"it-IT","potentialAction":[{"@type":"ReadAction","target":["https:\/\/www.accuratereviews.com\/it\/software-creare-landing-page\/getresponse-recensione\/"]}]},{"@type":"ImageObject","inLanguage":"it-IT","@id":"https:\/\/www.accuratereviews.com\/it\/software-creare-landing-page\/getresponse-recensione\/#primaryimage","url":"https:\/\/www.accuratereviews.com\/wp-content\/uploads\/2022\/06\/GETRESPONSE.jpeg","contentUrl":"https:\/\/www.accuratereviews.com\/wp-content\/uploads\/2022\/06\/GETRESPONSE.jpeg","width":600,"height":400},{"@type":"BreadcrumbList","@id":"https:\/\/www.accuratereviews.com\/it\/software-creare-landing-page\/getresponse-recensione\/#breadcrumb","itemListElement":[{"@type":"ListItem","position":1,"name":"Home","item":"https:\/\/www.accuratereviews.com\/it\/"},{"@type":"ListItem","position":2,"name":"Software per creare landing page","item":"https:\/\/www.accuratereviews.com\/it\/software-creare-landing-page\/"},{"@type":"ListItem","position":3,"name":"GetResponse"}]},{"@type":"WebSite","@id":"https:\/\/www.accuratereviews.com\/it\/#website","url":"https:\/\/www.accuratereviews.com\/it\/","name":"Accurate Reviews","description":"","potentialAction":[{"@type":"SearchAction","target":{"@type":"EntryPoint","urlTemplate":"https:\/\/www.accuratereviews.com\/it\/?s={search_term_string}"},"query-input":{"@type":"PropertyValueSpecification","valueRequired":true,"valueName":"search_term_string"}}],"inLanguage":"it-IT"}]}},"_links":{"self":[{"href":"https:\/\/www.accuratereviews.com\/it\/wp-json\/wp\/v2\/pages\/58485","targetHints":{"allow":["GET"]}}],"collection":[{"href":"https:\/\/www.accuratereviews.com\/it\/wp-json\/wp\/v2\/pages"}],"about":[{"href":"https:\/\/www.accuratereviews.com\/it\/wp-json\/wp\/v2\/types\/page"}],"author":[{"embeddable":true,"href":"https:\/\/www.accuratereviews.com\/it\/wp-json\/wp\/v2\/users\/16"}],"replies":[{"embeddable":true,"href":"https:\/\/www.accuratereviews.com\/it\/wp-json\/wp\/v2\/comments?post=58485"}],"version-history":[{"count":6,"href":"https:\/\/www.accuratereviews.com\/it\/wp-json\/wp\/v2\/pages\/58485\/revisions"}],"predecessor-version":[{"id":58581,"href":"https:\/\/www.accuratereviews.com\/it\/wp-json\/wp\/v2\/pages\/58485\/revisions\/58581"}],"up":[{"embeddable":true,"href":"https:\/\/www.accuratereviews.com\/it\/wp-json\/wp\/v2\/pages\/58467"}],"wp:featuredmedia":[{"embeddable":true,"href":"https:\/\/www.accuratereviews.com\/it\/wp-json\/wp\/v2\/media\/58489"}],"wp:attachment":[{"href":"https:\/\/www.accuratereviews.com\/it\/wp-json\/wp\/v2\/media?parent=58485"}],"wp:term":[{"taxonomy":"category","embeddable":true,"href":"https:\/\/www.accuratereviews.com\/it\/wp-json\/wp\/v2\/categories?post=58485"},{"taxonomy":"post_tag","embeddable":true,"href":"https:\/\/www.accuratereviews.com\/it\/wp-json\/wp\/v2\/tags?post=58485"},{"taxonomy":"features","embeddable":true,"href":"https:\/\/www.accuratereviews.com\/it\/wp-json\/wp\/v2\/features?post=58485"}],"curies":[{"name":"wp","href":"https:\/\/api.w.org\/{rel}","templated":true}]}}